{"id":44923,"date":"2021-05-19T12:35:10","date_gmt":"2021-05-19T10:35:10","guid":{"rendered":"https:\/\/bien-etreiris.ch\/?page_id=44923"},"modified":"2022-09-29T23:37:45","modified_gmt":"2022-09-29T21:37:45","slug":"centifolia","status":"publish","type":"page","link":"https:\/\/bien-etreiris.ch\/de\/unsere-marken\/centifolia\/","title":{"rendered":"CENTIFOLIA"},"content":{"rendered":"\n<h2>Centifolia ist aus dem Wissen um die Pflanzen entstanden.<\/h2>\n<p>Centifolia ist eine franz\u00f6sische Marke f\u00fcr zertifizierte Bio-Kosmetik, die 1983 gegr\u00fcndet wurde. Sie ist die Begr\u00fcnderin des Konzepts der Kosmeto-Botanik , das dank der wissenschaftlichen Beobachtung von Pflanzen entwickelt wurde. W\u00e4hrend einer Doktorarbeit in Botanik wurde die Verbindung zwischen der Pflanzenwelt und dem menschlichen K\u00f6rper hergestellt und die Grundlagen f\u00fcr diesen neuen Ansatz der K\u00f6rper- und Hautpflege formuliert.<\/p>\n<p>&nbsp;<\/p>\n<p>&nbsp;<\/p>\n<h2><a href=\"https:\/\/bien-etreiris.ch\/de\/produktpraesentation\/natuerliche-kosmetik\/haarfaerbung\/centifolia-haarfaerbung\/\" target=\"_blank\" rel=\"noopener\">HAARF\u00c4RBUNG<\/a><\/h2>\n<h2>&nbsp;<\/h2>\n<h2><a href=\"https:\/\/bien-etreiris.ch\/de\/ratgeber-klarheit-beratung\/hygiene-und-koerperpflege\/haare\/ratgeber-fuers-haarfaerben\/\" target=\"_blank\" rel=\"noopener\">RATGEBER F\u00dcRS HAARF\u00c4RBEN<\/a><\/h2>\n\n\n<p><\/p>\n<p><!-- \/wp:post-content --><\/p>","protected":false},"excerpt":{"rendered":"<p>Centifolia ist aus dem Wissen um die Pflanzen entstanden. Centifolia ist eine franz\u00f6sische Marke f\u00fcr zertifizierte Bio-Kosmetik, die 1983 gegr\u00fcndet wurde. Sie ist die Begr\u00fcnderin des Konzepts der Kosmeto-Botanik , das dank der wissenschaftlichen Beobachtung von Pflanzen entwickelt wurde. W\u00e4hrend einer Doktorarbeit in Botanik wurde die Verbindung zwischen der Pflanzenwelt und dem menschlichen K\u00f6rper hergestellt und die Grundlagen f\u00fcr diesen&nbsp;<a href=\"https:\/\/bien-etreiris.ch\/de\/unsere-marken\/centifolia\/\" class=\"read-more\">Weiter lesen<\/a><\/p>\n","protected":false},"author":1,"featured_media":44921,"parent":44406,"menu_order":5773,"comment_status":"closed","ping_status":"closed","template":"page-with-child.php","meta":{"_acf_changed":false,"ngg_post_thumbnail":0,"footnotes":""},"class_list":["post-44923","page","type-page","status-publish","has-post-thumbnail","hentry"],"acf":[],"yoast_head":"<!-- This site is optimized with the Yoast SEO plugin v27.6 - https:\/\/yoast.com\/product\/yoast-seo-wordpress\/ -->\n<title>CENTIFOLIA - WOHLBEFINDEN<\/title>\n<meta name=\"robots\" content=\"index, follow, max-snippet:-1, max-image-preview:large, max-video-preview:-1\" \/>\n<link rel=\"canonical\" href=\"https:\/\/bien-etreiris.ch\/de\/unsere-marken\/centifolia\/\" \/>\n<meta property=\"og:locale\" content=\"de_DE\" \/>\n<meta property=\"og:type\" content=\"article\" \/>\n<meta property=\"og:title\" content=\"CENTIFOLIA - WOHLBEFINDEN\" \/>\n<meta property=\"og:description\" content=\"Centifolia ist aus dem Wissen um die Pflanzen entstanden. Centifolia ist eine franz\u00f6sische Marke f\u00fcr zertifizierte Bio-Kosmetik, die 1983 gegr\u00fcndet wurde. Sie ist die Begr\u00fcnderin des Konzepts der Kosmeto-Botanik , das dank der wissenschaftlichen Beobachtung von Pflanzen entwickelt wurde. W\u00e4hrend einer Doktorarbeit in Botanik wurde die Verbindung zwischen der Pflanzenwelt und dem menschlichen K\u00f6rper hergestellt und die Grundlagen f\u00fcr diesen&nbsp;Weiter lesen\" \/>\n<meta property=\"og:url\" content=\"https:\/\/bien-etreiris.ch\/de\/unsere-marken\/centifolia\/\" \/>\n<meta property=\"og:site_name\" content=\"WOHLBEFINDEN\" \/>\n<meta property=\"article:publisher\" content=\"https:\/\/www.facebook.com\/bienetreiris\/\" \/>\n<meta property=\"article:modified_time\" content=\"2022-09-29T21:37:45+00:00\" \/>\n<meta property=\"og:image\" content=\"https:\/\/bien-etreiris.ch\/wp-content\/uploads\/2021\/05\/centifolia.jpg\" \/>\n\t<meta property=\"og:image:width\" content=\"500\" \/>\n\t<meta property=\"og:image:height\" content=\"358\" \/>\n\t<meta property=\"og:image:type\" content=\"image\/jpeg\" \/>\n<meta name=\"twitter:label1\" content=\"Gesch\u00e4tzte Lesezeit\" \/>\n\t<meta name=\"twitter:data1\" content=\"1\u00a0Minute\" \/>\n<script type=\"application\/ld+json\" class=\"yoast-schema-graph\">{\"@context\":\"https:\\\/\\\/schema.org\",\"@graph\":[{\"@type\":\"WebPage\",\"@id\":\"https:\\\/\\\/bien-etreiris.ch\\\/de\\\/unsere-marken\\\/centifolia\\\/\",\"url\":\"https:\\\/\\\/bien-etreiris.ch\\\/de\\\/unsere-marken\\\/centifolia\\\/\",\"name\":\"CENTIFOLIA - WOHLBEFINDEN\",\"isPartOf\":{\"@id\":\"https:\\\/\\\/bien-etreiris.ch\\\/de\\\/#website\"},\"primaryImageOfPage\":{\"@id\":\"https:\\\/\\\/bien-etreiris.ch\\\/de\\\/unsere-marken\\\/centifolia\\\/#primaryimage\"},\"image\":{\"@id\":\"https:\\\/\\\/bien-etreiris.ch\\\/de\\\/unsere-marken\\\/centifolia\\\/#primaryimage\"},\"thumbnailUrl\":\"https:\\\/\\\/bien-etreiris.ch\\\/wp-content\\\/uploads\\\/2021\\\/05\\\/centifolia.jpg\",\"datePublished\":\"2021-05-19T10:35:10+00:00\",\"dateModified\":\"2022-09-29T21:37:45+00:00\",\"breadcrumb\":{\"@id\":\"https:\\\/\\\/bien-etreiris.ch\\\/de\\\/unsere-marken\\\/centifolia\\\/#breadcrumb\"},\"inLanguage\":\"de\",\"potentialAction\":[{\"@type\":\"ReadAction\",\"target\":[\"https:\\\/\\\/bien-etreiris.ch\\\/de\\\/unsere-marken\\\/centifolia\\\/\"]}]},{\"@type\":\"ImageObject\",\"inLanguage\":\"de\",\"@id\":\"https:\\\/\\\/bien-etreiris.ch\\\/de\\\/unsere-marken\\\/centifolia\\\/#primaryimage\",\"url\":\"https:\\\/\\\/bien-etreiris.ch\\\/wp-content\\\/uploads\\\/2021\\\/05\\\/centifolia.jpg\",\"contentUrl\":\"https:\\\/\\\/bien-etreiris.ch\\\/wp-content\\\/uploads\\\/2021\\\/05\\\/centifolia.jpg\",\"width\":500,\"height\":358},{\"@type\":\"BreadcrumbList\",\"@id\":\"https:\\\/\\\/bien-etreiris.ch\\\/de\\\/unsere-marken\\\/centifolia\\\/#breadcrumb\",\"itemListElement\":[{\"@type\":\"ListItem\",\"position\":1,\"name\":\"Home\",\"item\":\"https:\\\/\\\/bien-etreiris.ch\\\/de\\\/\"},{\"@type\":\"ListItem\",\"position\":2,\"name\":\"UNSERE MARKEN\",\"item\":\"https:\\\/\\\/bien-etreiris.ch\\\/de\\\/unsere-marken\\\/\"},{\"@type\":\"ListItem\",\"position\":3,\"name\":\"CENTIFOLIA\"}]},{\"@type\":\"WebSite\",\"@id\":\"https:\\\/\\\/bien-etreiris.ch\\\/de\\\/#website\",\"url\":\"https:\\\/\\\/bien-etreiris.ch\\\/de\\\/\",\"name\":\"Bien-\u00eatre Iris\",\"description\":\"IHRE Gesundheit ist uns wichtig\",\"potentialAction\":[{\"@type\":\"SearchAction\",\"target\":{\"@type\":\"EntryPoint\",\"urlTemplate\":\"https:\\\/\\\/bien-etreiris.ch\\\/de\\\/?s={search_term_string}\"},\"query-input\":{\"@type\":\"PropertyValueSpecification\",\"valueRequired\":true,\"valueName\":\"search_term_string\"}}],\"inLanguage\":\"de\"}]}<\/script>\n<!-- \/ Yoast SEO plugin. -->","yoast_head_json":{"title":"CENTIFOLIA - WOHLBEFINDEN","robots":{"index":"index","follow":"follow","max-snippet":"max-snippet:-1","max-image-preview":"max-image-preview:large","max-video-preview":"max-video-preview:-1"},"canonical":"https:\/\/bien-etreiris.ch\/de\/unsere-marken\/centifolia\/","og_locale":"de_DE","og_type":"article","og_title":"CENTIFOLIA - WOHLBEFINDEN","og_description":"Centifolia ist aus dem Wissen um die Pflanzen entstanden. Centifolia ist eine franz\u00f6sische Marke f\u00fcr zertifizierte Bio-Kosmetik, die 1983 gegr\u00fcndet wurde. Sie ist die Begr\u00fcnderin des Konzepts der Kosmeto-Botanik , das dank der wissenschaftlichen Beobachtung von Pflanzen entwickelt wurde. W\u00e4hrend einer Doktorarbeit in Botanik wurde die Verbindung zwischen der Pflanzenwelt und dem menschlichen K\u00f6rper hergestellt und die Grundlagen f\u00fcr diesen&nbsp;Weiter lesen","og_url":"https:\/\/bien-etreiris.ch\/de\/unsere-marken\/centifolia\/","og_site_name":"WOHLBEFINDEN","article_publisher":"https:\/\/www.facebook.com\/bienetreiris\/","article_modified_time":"2022-09-29T21:37:45+00:00","og_image":[{"width":500,"height":358,"url":"https:\/\/bien-etreiris.ch\/wp-content\/uploads\/2021\/05\/centifolia.jpg","type":"image\/jpeg"}],"twitter_misc":{"Gesch\u00e4tzte Lesezeit":"1\u00a0Minute"},"schema":{"@context":"https:\/\/schema.org","@graph":[{"@type":"WebPage","@id":"https:\/\/bien-etreiris.ch\/de\/unsere-marken\/centifolia\/","url":"https:\/\/bien-etreiris.ch\/de\/unsere-marken\/centifolia\/","name":"CENTIFOLIA - WOHLBEFINDEN","isPartOf":{"@id":"https:\/\/bien-etreiris.ch\/de\/#website"},"primaryImageOfPage":{"@id":"https:\/\/bien-etreiris.ch\/de\/unsere-marken\/centifolia\/#primaryimage"},"image":{"@id":"https:\/\/bien-etreiris.ch\/de\/unsere-marken\/centifolia\/#primaryimage"},"thumbnailUrl":"https:\/\/bien-etreiris.ch\/wp-content\/uploads\/2021\/05\/centifolia.jpg","datePublished":"2021-05-19T10:35:10+00:00","dateModified":"2022-09-29T21:37:45+00:00","breadcrumb":{"@id":"https:\/\/bien-etreiris.ch\/de\/unsere-marken\/centifolia\/#breadcrumb"},"inLanguage":"de","potentialAction":[{"@type":"ReadAction","target":["https:\/\/bien-etreiris.ch\/de\/unsere-marken\/centifolia\/"]}]},{"@type":"ImageObject","inLanguage":"de","@id":"https:\/\/bien-etreiris.ch\/de\/unsere-marken\/centifolia\/#primaryimage","url":"https:\/\/bien-etreiris.ch\/wp-content\/uploads\/2021\/05\/centifolia.jpg","contentUrl":"https:\/\/bien-etreiris.ch\/wp-content\/uploads\/2021\/05\/centifolia.jpg","width":500,"height":358},{"@type":"BreadcrumbList","@id":"https:\/\/bien-etreiris.ch\/de\/unsere-marken\/centifolia\/#breadcrumb","itemListElement":[{"@type":"ListItem","position":1,"name":"Home","item":"https:\/\/bien-etreiris.ch\/de\/"},{"@type":"ListItem","position":2,"name":"UNSERE MARKEN","item":"https:\/\/bien-etreiris.ch\/de\/unsere-marken\/"},{"@type":"ListItem","position":3,"name":"CENTIFOLIA"}]},{"@type":"WebSite","@id":"https:\/\/bien-etreiris.ch\/de\/#website","url":"https:\/\/bien-etreiris.ch\/de\/","name":"Bien-\u00eatre Iris","description":"IHRE Gesundheit ist uns wichtig","potentialAction":[{"@type":"SearchAction","target":{"@type":"EntryPoint","urlTemplate":"https:\/\/bien-etreiris.ch\/de\/?s={search_term_string}"},"query-input":{"@type":"PropertyValueSpecification","valueRequired":true,"valueName":"search_term_string"}}],"inLanguage":"de"}]}},"_links":{"self":[{"href":"https:\/\/bien-etreiris.ch\/de\/wp-json\/wp\/v2\/pages\/44923","targetHints":{"allow":["GET"]}}],"collection":[{"href":"https:\/\/bien-etreiris.ch\/de\/wp-json\/wp\/v2\/pages"}],"about":[{"href":"https:\/\/bien-etreiris.ch\/de\/wp-json\/wp\/v2\/types\/page"}],"author":[{"embeddable":true,"href":"https:\/\/bien-etreiris.ch\/de\/wp-json\/wp\/v2\/users\/1"}],"replies":[{"embeddable":true,"href":"https:\/\/bien-etreiris.ch\/de\/wp-json\/wp\/v2\/comments?post=44923"}],"version-history":[{"count":8,"href":"https:\/\/bien-etreiris.ch\/de\/wp-json\/wp\/v2\/pages\/44923\/revisions"}],"predecessor-version":[{"id":60630,"href":"https:\/\/bien-etreiris.ch\/de\/wp-json\/wp\/v2\/pages\/44923\/revisions\/60630"}],"up":[{"embeddable":true,"href":"https:\/\/bien-etreiris.ch\/de\/wp-json\/wp\/v2\/pages\/44406"}],"wp:featuredmedia":[{"embeddable":true,"href":"https:\/\/bien-etreiris.ch\/de\/wp-json\/wp\/v2\/media\/44921"}],"wp:attachment":[{"href":"https:\/\/bien-etreiris.ch\/de\/wp-json\/wp\/v2\/media?parent=44923"}],"curies":[{"name":"wp","href":"https:\/\/api.w.org\/{rel}","templated":true}]}}