{"id":44898,"date":"2021-05-19T12:16:17","date_gmt":"2021-05-19T10:16:17","guid":{"rendered":"https:\/\/bien-etreiris.ch\/?page_id=44898"},"modified":"2021-06-08T21:44:49","modified_gmt":"2021-06-08T19:44:49","slug":"beutelsbacher","status":"publish","type":"page","link":"https:\/\/bien-etreiris.ch\/de\/unsere-marken\/beutelsbacher\/","title":{"rendered":"BEUTELSBACHER"},"content":{"rendered":"\n<h2>Beutelsbacher<\/h2>\n<p>Saftpresse<\/p>\n<p><br>Seit \u00fcber 85 Jahren steht der Name BEUTELSBACHER f\u00fcr Qualit\u00e4t und Verantwortung. Wir engagieren uns f\u00fcr die Natur, die Umwelt und den Menschen.<\/p>\n<p><br>Beutelsbacher steht f\u00fcr h\u00f6chste Qualit\u00e4t<\/p>\n<h4>Die besten Zutaten<\/h4>\n<p>Bei der Auswahl unseres Obstes und Gem\u00fcses achten wir stets auf die Qualit\u00e4t der Produkte. Erfahren Sie mehr \u00fcber unser Obst und Gem\u00fcse. Sie k\u00f6nnen die Details unten lesen.<\/p>\n<p>&nbsp;<\/p>\n<p>Bio und Demeter<\/p>\n<p>Unsere S\u00e4fte sind von einer der erfahrensten Bio-Kontrollstellen in Deutschland zertifiziert.<\/p>\n<p><br>Keine Gentechnik<\/p>\n<p>&nbsp;<\/p>\n<h2><a href=\"https:\/\/bien-etreiris.ch\/de\/produktpraesentation\/gesundes-leben\/gesunde-nahrungsmittel\/getraenke\/saefte\/zitronensaft\/\" target=\"_blank\" rel=\"noopener\">ZITRONENSAFT<\/a><\/h2>\n<p>&nbsp;<\/p>\n<h2><a href=\"https:\/\/bien-etreiris.ch\/de\/produktpraesentation\/gesundes-leben\/gesunde-nahrungsmittel\/zutaten-wohlbefinden\/natuerliche-essigsorten\/\" target=\"_blank\" rel=\"noopener\">APFELESSIG<\/a><\/h2>\n<p>&nbsp;<\/p>\n","protected":false},"excerpt":{"rendered":"<p>Beutelsbacher Saftpresse Seit \u00fcber 85 Jahren steht der Name BEUTELSBACHER f\u00fcr Qualit\u00e4t und Verantwortung. Wir engagieren uns f\u00fcr die Natur, die Umwelt und den Menschen. Beutelsbacher steht f\u00fcr h\u00f6chste Qualit\u00e4t Die besten Zutaten Bei der Auswahl unseres Obstes und Gem\u00fcses achten wir stets auf die Qualit\u00e4t der Produkte. Erfahren Sie mehr \u00fcber unser Obst und Gem\u00fcse. Sie k\u00f6nnen die Details&nbsp;<a href=\"https:\/\/bien-etreiris.ch\/de\/unsere-marken\/beutelsbacher\/\" class=\"read-more\">Weiter lesen<\/a><\/p>\n","protected":false},"author":1,"featured_media":44896,"parent":44406,"menu_order":5773,"comment_status":"closed","ping_status":"closed","template":"page-with-child.php","meta":{"_acf_changed":false,"ngg_post_thumbnail":0,"footnotes":""},"class_list":["post-44898","page","type-page","status-publish","has-post-thumbnail","hentry"],"acf":[],"yoast_head":"<!-- This site is optimized with the Yoast SEO plugin v27.4 - https:\/\/yoast.com\/product\/yoast-seo-wordpress\/ -->\n<title>BEUTELSBACHER - WOHLBEFINDEN<\/title>\n<meta name=\"robots\" content=\"index, follow, max-snippet:-1, max-image-preview:large, max-video-preview:-1\" \/>\n<link rel=\"canonical\" href=\"https:\/\/bien-etreiris.ch\/de\/unsere-marken\/beutelsbacher\/\" \/>\n<meta property=\"og:locale\" content=\"de_DE\" \/>\n<meta property=\"og:type\" content=\"article\" \/>\n<meta property=\"og:title\" content=\"BEUTELSBACHER - WOHLBEFINDEN\" \/>\n<meta property=\"og:description\" content=\"Beutelsbacher Saftpresse Seit \u00fcber 85 Jahren steht der Name BEUTELSBACHER f\u00fcr Qualit\u00e4t und Verantwortung. Wir engagieren uns f\u00fcr die Natur, die Umwelt und den Menschen. Beutelsbacher steht f\u00fcr h\u00f6chste Qualit\u00e4t Die besten Zutaten Bei der Auswahl unseres Obstes und Gem\u00fcses achten wir stets auf die Qualit\u00e4t der Produkte. Erfahren Sie mehr \u00fcber unser Obst und Gem\u00fcse. Sie k\u00f6nnen die Details&nbsp;Weiter lesen\" \/>\n<meta property=\"og:url\" content=\"https:\/\/bien-etreiris.ch\/de\/unsere-marken\/beutelsbacher\/\" \/>\n<meta property=\"og:site_name\" content=\"WOHLBEFINDEN\" \/>\n<meta property=\"article:publisher\" content=\"https:\/\/www.facebook.com\/bienetreiris\/\" \/>\n<meta property=\"article:modified_time\" content=\"2021-06-08T19:44:49+00:00\" \/>\n<meta property=\"og:image\" content=\"https:\/\/bien-etreiris.ch\/wp-content\/uploads\/2021\/05\/Beutelsbacher.png\" \/>\n\t<meta property=\"og:image:width\" content=\"500\" \/>\n\t<meta property=\"og:image:height\" content=\"371\" \/>\n\t<meta property=\"og:image:type\" content=\"image\/png\" \/>\n<meta name=\"twitter:label1\" content=\"Gesch\u00e4tzte Lesezeit\" \/>\n\t<meta name=\"twitter:data1\" content=\"1\u00a0Minute\" \/>\n<script type=\"application\/ld+json\" class=\"yoast-schema-graph\">{\"@context\":\"https:\\\/\\\/schema.org\",\"@graph\":[{\"@type\":\"WebPage\",\"@id\":\"https:\\\/\\\/bien-etreiris.ch\\\/de\\\/unsere-marken\\\/beutelsbacher\\\/\",\"url\":\"https:\\\/\\\/bien-etreiris.ch\\\/de\\\/unsere-marken\\\/beutelsbacher\\\/\",\"name\":\"BEUTELSBACHER - WOHLBEFINDEN\",\"isPartOf\":{\"@id\":\"https:\\\/\\\/bien-etreiris.ch\\\/de\\\/#website\"},\"primaryImageOfPage\":{\"@id\":\"https:\\\/\\\/bien-etreiris.ch\\\/de\\\/unsere-marken\\\/beutelsbacher\\\/#primaryimage\"},\"image\":{\"@id\":\"https:\\\/\\\/bien-etreiris.ch\\\/de\\\/unsere-marken\\\/beutelsbacher\\\/#primaryimage\"},\"thumbnailUrl\":\"https:\\\/\\\/bien-etreiris.ch\\\/wp-content\\\/uploads\\\/2021\\\/05\\\/Beutelsbacher.png\",\"datePublished\":\"2021-05-19T10:16:17+00:00\",\"dateModified\":\"2021-06-08T19:44:49+00:00\",\"breadcrumb\":{\"@id\":\"https:\\\/\\\/bien-etreiris.ch\\\/de\\\/unsere-marken\\\/beutelsbacher\\\/#breadcrumb\"},\"inLanguage\":\"de\",\"potentialAction\":[{\"@type\":\"ReadAction\",\"target\":[\"https:\\\/\\\/bien-etreiris.ch\\\/de\\\/unsere-marken\\\/beutelsbacher\\\/\"]}]},{\"@type\":\"ImageObject\",\"inLanguage\":\"de\",\"@id\":\"https:\\\/\\\/bien-etreiris.ch\\\/de\\\/unsere-marken\\\/beutelsbacher\\\/#primaryimage\",\"url\":\"https:\\\/\\\/bien-etreiris.ch\\\/wp-content\\\/uploads\\\/2021\\\/05\\\/Beutelsbacher.png\",\"contentUrl\":\"https:\\\/\\\/bien-etreiris.ch\\\/wp-content\\\/uploads\\\/2021\\\/05\\\/Beutelsbacher.png\",\"width\":500,\"height\":371},{\"@type\":\"BreadcrumbList\",\"@id\":\"https:\\\/\\\/bien-etreiris.ch\\\/de\\\/unsere-marken\\\/beutelsbacher\\\/#breadcrumb\",\"itemListElement\":[{\"@type\":\"ListItem\",\"position\":1,\"name\":\"Home\",\"item\":\"https:\\\/\\\/bien-etreiris.ch\\\/de\\\/\"},{\"@type\":\"ListItem\",\"position\":2,\"name\":\"UNSERE MARKEN\",\"item\":\"https:\\\/\\\/bien-etreiris.ch\\\/de\\\/unsere-marken\\\/\"},{\"@type\":\"ListItem\",\"position\":3,\"name\":\"BEUTELSBACHER\"}]},{\"@type\":\"WebSite\",\"@id\":\"https:\\\/\\\/bien-etreiris.ch\\\/de\\\/#website\",\"url\":\"https:\\\/\\\/bien-etreiris.ch\\\/de\\\/\",\"name\":\"Bien-\u00eatre Iris\",\"description\":\"IHRE Gesundheit ist uns wichtig\",\"potentialAction\":[{\"@type\":\"SearchAction\",\"target\":{\"@type\":\"EntryPoint\",\"urlTemplate\":\"https:\\\/\\\/bien-etreiris.ch\\\/de\\\/?s={search_term_string}\"},\"query-input\":{\"@type\":\"PropertyValueSpecification\",\"valueRequired\":true,\"valueName\":\"search_term_string\"}}],\"inLanguage\":\"de\"}]}<\/script>\n<!-- \/ Yoast SEO plugin. -->","yoast_head_json":{"title":"BEUTELSBACHER - WOHLBEFINDEN","robots":{"index":"index","follow":"follow","max-snippet":"max-snippet:-1","max-image-preview":"max-image-preview:large","max-video-preview":"max-video-preview:-1"},"canonical":"https:\/\/bien-etreiris.ch\/de\/unsere-marken\/beutelsbacher\/","og_locale":"de_DE","og_type":"article","og_title":"BEUTELSBACHER - WOHLBEFINDEN","og_description":"Beutelsbacher Saftpresse Seit \u00fcber 85 Jahren steht der Name BEUTELSBACHER f\u00fcr Qualit\u00e4t und Verantwortung. Wir engagieren uns f\u00fcr die Natur, die Umwelt und den Menschen. Beutelsbacher steht f\u00fcr h\u00f6chste Qualit\u00e4t Die besten Zutaten Bei der Auswahl unseres Obstes und Gem\u00fcses achten wir stets auf die Qualit\u00e4t der Produkte. Erfahren Sie mehr \u00fcber unser Obst und Gem\u00fcse. Sie k\u00f6nnen die Details&nbsp;Weiter lesen","og_url":"https:\/\/bien-etreiris.ch\/de\/unsere-marken\/beutelsbacher\/","og_site_name":"WOHLBEFINDEN","article_publisher":"https:\/\/www.facebook.com\/bienetreiris\/","article_modified_time":"2021-06-08T19:44:49+00:00","og_image":[{"width":500,"height":371,"url":"https:\/\/bien-etreiris.ch\/wp-content\/uploads\/2021\/05\/Beutelsbacher.png","type":"image\/png"}],"twitter_misc":{"Gesch\u00e4tzte Lesezeit":"1\u00a0Minute"},"schema":{"@context":"https:\/\/schema.org","@graph":[{"@type":"WebPage","@id":"https:\/\/bien-etreiris.ch\/de\/unsere-marken\/beutelsbacher\/","url":"https:\/\/bien-etreiris.ch\/de\/unsere-marken\/beutelsbacher\/","name":"BEUTELSBACHER - WOHLBEFINDEN","isPartOf":{"@id":"https:\/\/bien-etreiris.ch\/de\/#website"},"primaryImageOfPage":{"@id":"https:\/\/bien-etreiris.ch\/de\/unsere-marken\/beutelsbacher\/#primaryimage"},"image":{"@id":"https:\/\/bien-etreiris.ch\/de\/unsere-marken\/beutelsbacher\/#primaryimage"},"thumbnailUrl":"https:\/\/bien-etreiris.ch\/wp-content\/uploads\/2021\/05\/Beutelsbacher.png","datePublished":"2021-05-19T10:16:17+00:00","dateModified":"2021-06-08T19:44:49+00:00","breadcrumb":{"@id":"https:\/\/bien-etreiris.ch\/de\/unsere-marken\/beutelsbacher\/#breadcrumb"},"inLanguage":"de","potentialAction":[{"@type":"ReadAction","target":["https:\/\/bien-etreiris.ch\/de\/unsere-marken\/beutelsbacher\/"]}]},{"@type":"ImageObject","inLanguage":"de","@id":"https:\/\/bien-etreiris.ch\/de\/unsere-marken\/beutelsbacher\/#primaryimage","url":"https:\/\/bien-etreiris.ch\/wp-content\/uploads\/2021\/05\/Beutelsbacher.png","contentUrl":"https:\/\/bien-etreiris.ch\/wp-content\/uploads\/2021\/05\/Beutelsbacher.png","width":500,"height":371},{"@type":"BreadcrumbList","@id":"https:\/\/bien-etreiris.ch\/de\/unsere-marken\/beutelsbacher\/#breadcrumb","itemListElement":[{"@type":"ListItem","position":1,"name":"Home","item":"https:\/\/bien-etreiris.ch\/de\/"},{"@type":"ListItem","position":2,"name":"UNSERE MARKEN","item":"https:\/\/bien-etreiris.ch\/de\/unsere-marken\/"},{"@type":"ListItem","position":3,"name":"BEUTELSBACHER"}]},{"@type":"WebSite","@id":"https:\/\/bien-etreiris.ch\/de\/#website","url":"https:\/\/bien-etreiris.ch\/de\/","name":"Bien-\u00eatre Iris","description":"IHRE Gesundheit ist uns wichtig","potentialAction":[{"@type":"SearchAction","target":{"@type":"EntryPoint","urlTemplate":"https:\/\/bien-etreiris.ch\/de\/?s={search_term_string}"},"query-input":{"@type":"PropertyValueSpecification","valueRequired":true,"valueName":"search_term_string"}}],"inLanguage":"de"}]}},"_links":{"self":[{"href":"https:\/\/bien-etreiris.ch\/de\/wp-json\/wp\/v2\/pages\/44898","targetHints":{"allow":["GET"]}}],"collection":[{"href":"https:\/\/bien-etreiris.ch\/de\/wp-json\/wp\/v2\/pages"}],"about":[{"href":"https:\/\/bien-etreiris.ch\/de\/wp-json\/wp\/v2\/types\/page"}],"author":[{"embeddable":true,"href":"https:\/\/bien-etreiris.ch\/de\/wp-json\/wp\/v2\/users\/1"}],"replies":[{"embeddable":true,"href":"https:\/\/bien-etreiris.ch\/de\/wp-json\/wp\/v2\/comments?post=44898"}],"version-history":[{"count":5,"href":"https:\/\/bien-etreiris.ch\/de\/wp-json\/wp\/v2\/pages\/44898\/revisions"}],"predecessor-version":[{"id":50184,"href":"https:\/\/bien-etreiris.ch\/de\/wp-json\/wp\/v2\/pages\/44898\/revisions\/50184"}],"up":[{"embeddable":true,"href":"https:\/\/bien-etreiris.ch\/de\/wp-json\/wp\/v2\/pages\/44406"}],"wp:featuredmedia":[{"embeddable":true,"href":"https:\/\/bien-etreiris.ch\/de\/wp-json\/wp\/v2\/media\/44896"}],"wp:attachment":[{"href":"https:\/\/bien-etreiris.ch\/de\/wp-json\/wp\/v2\/media?parent=44898"}],"curies":[{"name":"wp","href":"https:\/\/api.w.org\/{rel}","templated":true}]}}