{"id":44890,"date":"2021-05-19T11:44:42","date_gmt":"2021-05-19T09:44:42","guid":{"rendered":"https:\/\/bien-etreiris.ch\/unsere-marken\/gaiia\/"},"modified":"2022-09-23T18:20:40","modified_gmt":"2022-09-23T16:20:40","slug":"gaiia","status":"publish","type":"page","link":"https:\/\/bien-etreiris.ch\/de\/unsere-marken\/gaiia\/","title":{"rendered":"GAIIA"},"content":{"rendered":"\n<section class=\"av_textblock_section \">\n<h2>GAIIA VORREITER DER KALTVERSEIFUNG SEIT 2009.<\/h2>\n<p><br>Die Seifen von Gaiia werden alle in Handarbeit nach der traditionellen Methode der Kaltverseifung hergestellt, einem Verfahren, bei dem pflanzliche \u00d6le und\/oder Butter in Seife + Glycerin umgewandelt werden. Diese Methode ist die einzige, bei der das gesamte Glycerin aus dem Verseifungsprozess erhalten bleibt, das den Seifen ihre feuchtigkeitsspendenden Eigenschaften verleiht. Gaiia stellt au\u00dferdem sicher, dass alle \u00d6le nicht in Seife umgewandelt werden (mindestens 6,5% Superfett), um eine extreme Weichheit der Toilette zu gew\u00e4hrleisten.<\/p>\n<p>Durch die Verbindung von Tradition und Moderne hat Gaiia der kalten Verseifung die Buchstaben des Adels zur\u00fcckgegeben. Eine traditionelle Methode, die seit Jahren zugunsten von Duschgels, Shampoos und anderen industriellen \"Seifen ohne Seife\" aufgegeben wurde.<\/p>\n<\/section>\n<p>&nbsp;<\/p>\n<h2><a href=\"https:\/\/bien-etreiris.ch\/de\/produktpraesentation\/hygiene\/koerperpflege\/pflege-accessoires\/ohrenpflege\/mimikaki-cure-oreilles-japonais\/\" target=\"_blank\" rel=\"noopener\">MIMIKAKI<\/a><\/h2>\n<h2><a href=\"https:\/\/bien-etreiris.ch\/de\/produktpraesentation\/natuerliche-kosmetik\/gesicht-koerper\/balsame-und-gels\/universalbalsam\/\" target=\"_blank\" rel=\"noopener\">UNIVERSALBALSAM<\/a><\/h2>\n<h2><a href=\"https:\/\/bien-etreiris.ch\/de\/produktpraesentation\/hygiene\/koerperpflege\/seifen\/gaiia-seifen\/\" target=\"_blank\" rel=\"noopener\">SEIFEN<\/a><\/h2>\n<p>&nbsp;<\/p>\n<p>&nbsp;<\/p>\n","protected":false},"excerpt":{"rendered":"<p>GAIIA VORREITER DER KALTVERSEIFUNG SEIT 2009. Die Seifen von Gaiia werden alle in Handarbeit nach der traditionellen Methode der Kaltverseifung hergestellt, einem Verfahren, bei dem pflanzliche \u00d6le und\/oder Butter in Seife + Glycerin umgewandelt werden. Diese Methode ist die einzige, bei der das gesamte Glycerin aus dem Verseifungsprozess erhalten bleibt, das den Seifen ihre feuchtigkeitsspendenden Eigenschaften verleiht. Gaiia stellt au\u00dferdem&nbsp;<a href=\"https:\/\/bien-etreiris.ch\/de\/unsere-marken\/gaiia\/\" class=\"read-more\">Weiter lesen<\/a><\/p>\n","protected":false},"author":1,"featured_media":44879,"parent":44406,"menu_order":5785,"comment_status":"closed","ping_status":"closed","template":"page-with-child.php","meta":{"_acf_changed":false,"ngg_post_thumbnail":0,"footnotes":""},"class_list":["post-44890","page","type-page","status-publish","has-post-thumbnail","hentry"],"acf":[],"yoast_head":"<!-- This site is optimized with the Yoast SEO plugin v27.5 - https:\/\/yoast.com\/product\/yoast-seo-wordpress\/ -->\n<title>GAIIA - WOHLBEFINDEN<\/title>\n<meta name=\"robots\" content=\"index, follow, max-snippet:-1, max-image-preview:large, max-video-preview:-1\" \/>\n<link rel=\"canonical\" href=\"https:\/\/bien-etreiris.ch\/de\/unsere-marken\/gaiia\/\" \/>\n<meta property=\"og:locale\" content=\"de_DE\" \/>\n<meta property=\"og:type\" content=\"article\" \/>\n<meta property=\"og:title\" content=\"GAIIA - WOHLBEFINDEN\" \/>\n<meta property=\"og:description\" content=\"GAIIA VORREITER DER KALTVERSEIFUNG SEIT 2009. Die Seifen von Gaiia werden alle in Handarbeit nach der traditionellen Methode der Kaltverseifung hergestellt, einem Verfahren, bei dem pflanzliche \u00d6le und\/oder Butter in Seife + Glycerin umgewandelt werden. Diese Methode ist die einzige, bei der das gesamte Glycerin aus dem Verseifungsprozess erhalten bleibt, das den Seifen ihre feuchtigkeitsspendenden Eigenschaften verleiht. Gaiia stellt au\u00dferdem&nbsp;Weiter lesen\" \/>\n<meta property=\"og:url\" content=\"https:\/\/bien-etreiris.ch\/de\/unsere-marken\/gaiia\/\" \/>\n<meta property=\"og:site_name\" content=\"WOHLBEFINDEN\" \/>\n<meta property=\"article:publisher\" content=\"https:\/\/www.facebook.com\/bienetreiris\/\" \/>\n<meta property=\"article:modified_time\" content=\"2022-09-23T16:20:40+00:00\" \/>\n<meta property=\"og:image\" content=\"https:\/\/bien-etreiris.ch\/wp-content\/uploads\/2021\/05\/Gaiia-1.png\" \/>\n\t<meta property=\"og:image:width\" content=\"500\" \/>\n\t<meta property=\"og:image:height\" content=\"436\" \/>\n\t<meta property=\"og:image:type\" content=\"image\/png\" \/>\n<meta name=\"twitter:label1\" content=\"Gesch\u00e4tzte Lesezeit\" \/>\n\t<meta name=\"twitter:data1\" content=\"1\u00a0Minute\" \/>\n<script type=\"application\/ld+json\" class=\"yoast-schema-graph\">{\"@context\":\"https:\\\/\\\/schema.org\",\"@graph\":[{\"@type\":\"WebPage\",\"@id\":\"https:\\\/\\\/bien-etreiris.ch\\\/de\\\/unsere-marken\\\/gaiia\\\/\",\"url\":\"https:\\\/\\\/bien-etreiris.ch\\\/de\\\/unsere-marken\\\/gaiia\\\/\",\"name\":\"GAIIA - WOHLBEFINDEN\",\"isPartOf\":{\"@id\":\"https:\\\/\\\/bien-etreiris.ch\\\/de\\\/#website\"},\"primaryImageOfPage\":{\"@id\":\"https:\\\/\\\/bien-etreiris.ch\\\/de\\\/unsere-marken\\\/gaiia\\\/#primaryimage\"},\"image\":{\"@id\":\"https:\\\/\\\/bien-etreiris.ch\\\/de\\\/unsere-marken\\\/gaiia\\\/#primaryimage\"},\"thumbnailUrl\":\"https:\\\/\\\/bien-etreiris.ch\\\/wp-content\\\/uploads\\\/2021\\\/05\\\/Gaiia-1.png\",\"datePublished\":\"2021-05-19T09:44:42+00:00\",\"dateModified\":\"2022-09-23T16:20:40+00:00\",\"breadcrumb\":{\"@id\":\"https:\\\/\\\/bien-etreiris.ch\\\/de\\\/unsere-marken\\\/gaiia\\\/#breadcrumb\"},\"inLanguage\":\"de\",\"potentialAction\":[{\"@type\":\"ReadAction\",\"target\":[\"https:\\\/\\\/bien-etreiris.ch\\\/de\\\/unsere-marken\\\/gaiia\\\/\"]}]},{\"@type\":\"ImageObject\",\"inLanguage\":\"de\",\"@id\":\"https:\\\/\\\/bien-etreiris.ch\\\/de\\\/unsere-marken\\\/gaiia\\\/#primaryimage\",\"url\":\"https:\\\/\\\/bien-etreiris.ch\\\/wp-content\\\/uploads\\\/2021\\\/05\\\/Gaiia-1.png\",\"contentUrl\":\"https:\\\/\\\/bien-etreiris.ch\\\/wp-content\\\/uploads\\\/2021\\\/05\\\/Gaiia-1.png\",\"width\":500,\"height\":436},{\"@type\":\"BreadcrumbList\",\"@id\":\"https:\\\/\\\/bien-etreiris.ch\\\/de\\\/unsere-marken\\\/gaiia\\\/#breadcrumb\",\"itemListElement\":[{\"@type\":\"ListItem\",\"position\":1,\"name\":\"Home\",\"item\":\"https:\\\/\\\/bien-etreiris.ch\\\/de\\\/\"},{\"@type\":\"ListItem\",\"position\":2,\"name\":\"UNSERE MARKEN\",\"item\":\"https:\\\/\\\/bien-etreiris.ch\\\/de\\\/unsere-marken\\\/\"},{\"@type\":\"ListItem\",\"position\":3,\"name\":\"GAIIA\"}]},{\"@type\":\"WebSite\",\"@id\":\"https:\\\/\\\/bien-etreiris.ch\\\/de\\\/#website\",\"url\":\"https:\\\/\\\/bien-etreiris.ch\\\/de\\\/\",\"name\":\"Bien-\u00eatre Iris\",\"description\":\"IHRE Gesundheit ist uns wichtig\",\"potentialAction\":[{\"@type\":\"SearchAction\",\"target\":{\"@type\":\"EntryPoint\",\"urlTemplate\":\"https:\\\/\\\/bien-etreiris.ch\\\/de\\\/?s={search_term_string}\"},\"query-input\":{\"@type\":\"PropertyValueSpecification\",\"valueRequired\":true,\"valueName\":\"search_term_string\"}}],\"inLanguage\":\"de\"}]}<\/script>\n<!-- \/ Yoast SEO plugin. -->","yoast_head_json":{"title":"GAIIA - WOHLBEFINDEN","robots":{"index":"index","follow":"follow","max-snippet":"max-snippet:-1","max-image-preview":"max-image-preview:large","max-video-preview":"max-video-preview:-1"},"canonical":"https:\/\/bien-etreiris.ch\/de\/unsere-marken\/gaiia\/","og_locale":"de_DE","og_type":"article","og_title":"GAIIA - WOHLBEFINDEN","og_description":"GAIIA VORREITER DER KALTVERSEIFUNG SEIT 2009. Die Seifen von Gaiia werden alle in Handarbeit nach der traditionellen Methode der Kaltverseifung hergestellt, einem Verfahren, bei dem pflanzliche \u00d6le und\/oder Butter in Seife + Glycerin umgewandelt werden. Diese Methode ist die einzige, bei der das gesamte Glycerin aus dem Verseifungsprozess erhalten bleibt, das den Seifen ihre feuchtigkeitsspendenden Eigenschaften verleiht. Gaiia stellt au\u00dferdem&nbsp;Weiter lesen","og_url":"https:\/\/bien-etreiris.ch\/de\/unsere-marken\/gaiia\/","og_site_name":"WOHLBEFINDEN","article_publisher":"https:\/\/www.facebook.com\/bienetreiris\/","article_modified_time":"2022-09-23T16:20:40+00:00","og_image":[{"width":500,"height":436,"url":"https:\/\/bien-etreiris.ch\/wp-content\/uploads\/2021\/05\/Gaiia-1.png","type":"image\/png"}],"twitter_misc":{"Gesch\u00e4tzte Lesezeit":"1\u00a0Minute"},"schema":{"@context":"https:\/\/schema.org","@graph":[{"@type":"WebPage","@id":"https:\/\/bien-etreiris.ch\/de\/unsere-marken\/gaiia\/","url":"https:\/\/bien-etreiris.ch\/de\/unsere-marken\/gaiia\/","name":"GAIIA - WOHLBEFINDEN","isPartOf":{"@id":"https:\/\/bien-etreiris.ch\/de\/#website"},"primaryImageOfPage":{"@id":"https:\/\/bien-etreiris.ch\/de\/unsere-marken\/gaiia\/#primaryimage"},"image":{"@id":"https:\/\/bien-etreiris.ch\/de\/unsere-marken\/gaiia\/#primaryimage"},"thumbnailUrl":"https:\/\/bien-etreiris.ch\/wp-content\/uploads\/2021\/05\/Gaiia-1.png","datePublished":"2021-05-19T09:44:42+00:00","dateModified":"2022-09-23T16:20:40+00:00","breadcrumb":{"@id":"https:\/\/bien-etreiris.ch\/de\/unsere-marken\/gaiia\/#breadcrumb"},"inLanguage":"de","potentialAction":[{"@type":"ReadAction","target":["https:\/\/bien-etreiris.ch\/de\/unsere-marken\/gaiia\/"]}]},{"@type":"ImageObject","inLanguage":"de","@id":"https:\/\/bien-etreiris.ch\/de\/unsere-marken\/gaiia\/#primaryimage","url":"https:\/\/bien-etreiris.ch\/wp-content\/uploads\/2021\/05\/Gaiia-1.png","contentUrl":"https:\/\/bien-etreiris.ch\/wp-content\/uploads\/2021\/05\/Gaiia-1.png","width":500,"height":436},{"@type":"BreadcrumbList","@id":"https:\/\/bien-etreiris.ch\/de\/unsere-marken\/gaiia\/#breadcrumb","itemListElement":[{"@type":"ListItem","position":1,"name":"Home","item":"https:\/\/bien-etreiris.ch\/de\/"},{"@type":"ListItem","position":2,"name":"UNSERE MARKEN","item":"https:\/\/bien-etreiris.ch\/de\/unsere-marken\/"},{"@type":"ListItem","position":3,"name":"GAIIA"}]},{"@type":"WebSite","@id":"https:\/\/bien-etreiris.ch\/de\/#website","url":"https:\/\/bien-etreiris.ch\/de\/","name":"Bien-\u00eatre Iris","description":"IHRE Gesundheit ist uns wichtig","potentialAction":[{"@type":"SearchAction","target":{"@type":"EntryPoint","urlTemplate":"https:\/\/bien-etreiris.ch\/de\/?s={search_term_string}"},"query-input":{"@type":"PropertyValueSpecification","valueRequired":true,"valueName":"search_term_string"}}],"inLanguage":"de"}]}},"_links":{"self":[{"href":"https:\/\/bien-etreiris.ch\/de\/wp-json\/wp\/v2\/pages\/44890","targetHints":{"allow":["GET"]}}],"collection":[{"href":"https:\/\/bien-etreiris.ch\/de\/wp-json\/wp\/v2\/pages"}],"about":[{"href":"https:\/\/bien-etreiris.ch\/de\/wp-json\/wp\/v2\/types\/page"}],"author":[{"embeddable":true,"href":"https:\/\/bien-etreiris.ch\/de\/wp-json\/wp\/v2\/users\/1"}],"replies":[{"embeddable":true,"href":"https:\/\/bien-etreiris.ch\/de\/wp-json\/wp\/v2\/comments?post=44890"}],"version-history":[{"count":6,"href":"https:\/\/bien-etreiris.ch\/de\/wp-json\/wp\/v2\/pages\/44890\/revisions"}],"predecessor-version":[{"id":60248,"href":"https:\/\/bien-etreiris.ch\/de\/wp-json\/wp\/v2\/pages\/44890\/revisions\/60248"}],"up":[{"embeddable":true,"href":"https:\/\/bien-etreiris.ch\/de\/wp-json\/wp\/v2\/pages\/44406"}],"wp:featuredmedia":[{"embeddable":true,"href":"https:\/\/bien-etreiris.ch\/de\/wp-json\/wp\/v2\/media\/44879"}],"wp:attachment":[{"href":"https:\/\/bien-etreiris.ch\/de\/wp-json\/wp\/v2\/media?parent=44890"}],"curies":[{"name":"wp","href":"https:\/\/api.w.org\/{rel}","templated":true}]}}