{"id":44858,"date":"2021-05-19T11:18:11","date_gmt":"2021-05-19T09:18:11","guid":{"rendered":"https:\/\/bien-etreiris.ch\/?page_id=44858"},"modified":"2025-03-04T01:58:18","modified_gmt":"2025-03-03T23:58:18","slug":"kraeuter-loetsch","status":"publish","type":"page","link":"https:\/\/bien-etreiris.ch\/de\/unsere-marken\/kraeuter-loetsch\/","title":{"rendered":"KR\u00c4UTER L\u00d6TSCH"},"content":{"rendered":"\n<p>Wir sind ein \u00f6sterreichischer bio-zertifizierter Familienbetrieb, Hersteller exzellenter Extrakte (ohne Alkohol), verkaufsf\u00e4higer Tinkturen, Samen, Honig, Hanf, Speise\u00f6le und mehr.<\/p>\n<p><br>Wir arbeiten im Einklang mit Natur und Nachhaltigkeit wird bei uns gross geschrieben, seit 2017 sind wir in der gesamten Deutschschweiz in diversen BIO L\u00e4den, Onlineshops, Drogerien und Reformh\u00e4usern zu finden.<\/p>\n<p>&nbsp;<\/p>\n<p>&nbsp;<\/p>\n<h2><a href=\"https:\/\/bien-etreiris.ch\/de\/produktpraesentation\/gesundes-leben\/nahrungsergaenzungsmittel\/pflanzenheilkunde-gleichgewicht-durch-heilpflanzen\/pflanzenextrakte\/\" target=\"_blank\" rel=\"noopener\">PLANZENEXTRAKTE<\/a><\/h2>\n<p>&nbsp;<\/p>\n<h2><a href=\"https:\/\/bien-etreiris.ch\/de\/produktpraesentation\/zoom-die-welt-der-tiere\/gesundheit-der-tiere\/phytotherapie\/extrakte\/\" target=\"_blank\" rel=\"noopener\">PET LOVERS<\/a><\/h2>\n<p>&nbsp;<\/p>\n<p>&nbsp;<\/p>\n<p>&nbsp;<\/p>\n","protected":false},"excerpt":{"rendered":"<p>Wir sind ein \u00f6sterreichischer bio-zertifizierter Familienbetrieb, Hersteller exzellenter Extrakte (ohne Alkohol), verkaufsf\u00e4higer Tinkturen, Samen, Honig, Hanf, Speise\u00f6le und mehr. Wir arbeiten im Einklang mit Natur und Nachhaltigkeit wird bei uns gross geschrieben, seit 2017 sind wir in der gesamten Deutschschweiz in diversen BIO L\u00e4den, Onlineshops, Drogerien und Reformh\u00e4usern zu finden. &nbsp; &nbsp; PLANZENEXTRAKTE &nbsp; PET LOVERS &nbsp; &nbsp; &nbsp;<\/p>\n","protected":false},"author":1,"featured_media":44856,"parent":44406,"menu_order":5788,"comment_status":"closed","ping_status":"closed","template":"page-with-child.php","meta":{"_acf_changed":false,"ngg_post_thumbnail":0,"footnotes":""},"class_list":["post-44858","page","type-page","status-publish","has-post-thumbnail","hentry"],"acf":[],"yoast_head":"<!-- This site is optimized with the Yoast SEO plugin v27.6 - https:\/\/yoast.com\/product\/yoast-seo-wordpress\/ -->\n<title>KR\u00c4UTER L\u00d6TSCH - WOHLBEFINDEN<\/title>\n<meta name=\"robots\" content=\"index, follow, max-snippet:-1, max-image-preview:large, max-video-preview:-1\" \/>\n<link rel=\"canonical\" href=\"https:\/\/bien-etreiris.ch\/de\/unsere-marken\/kraeuter-loetsch\/\" \/>\n<meta property=\"og:locale\" content=\"de_DE\" \/>\n<meta property=\"og:type\" content=\"article\" \/>\n<meta property=\"og:title\" content=\"KR\u00c4UTER L\u00d6TSCH - WOHLBEFINDEN\" \/>\n<meta property=\"og:description\" content=\"Wir sind ein \u00f6sterreichischer bio-zertifizierter Familienbetrieb, Hersteller exzellenter Extrakte (ohne Alkohol), verkaufsf\u00e4higer Tinkturen, Samen, Honig, Hanf, Speise\u00f6le und mehr. Wir arbeiten im Einklang mit Natur und Nachhaltigkeit wird bei uns gross geschrieben, seit 2017 sind wir in der gesamten Deutschschweiz in diversen BIO L\u00e4den, Onlineshops, Drogerien und Reformh\u00e4usern zu finden. &nbsp; &nbsp; PLANZENEXTRAKTE &nbsp; PET LOVERS &nbsp; &nbsp; &nbsp;\" \/>\n<meta property=\"og:url\" content=\"https:\/\/bien-etreiris.ch\/de\/unsere-marken\/kraeuter-loetsch\/\" \/>\n<meta property=\"og:site_name\" content=\"WOHLBEFINDEN\" \/>\n<meta property=\"article:publisher\" content=\"https:\/\/www.facebook.com\/bienetreiris\/\" \/>\n<meta property=\"article:modified_time\" content=\"2025-03-03T23:58:18+00:00\" \/>\n<meta property=\"og:image\" content=\"https:\/\/bien-etreiris.ch\/wp-content\/uploads\/2021\/05\/Krauter-Lotsch-1.jpg\" \/>\n\t<meta property=\"og:image:width\" content=\"500\" \/>\n\t<meta property=\"og:image:height\" content=\"305\" \/>\n\t<meta property=\"og:image:type\" content=\"image\/jpeg\" \/>\n<meta name=\"twitter:label1\" content=\"Gesch\u00e4tzte Lesezeit\" \/>\n\t<meta name=\"twitter:data1\" content=\"1\u00a0Minute\" \/>\n<script type=\"application\/ld+json\" class=\"yoast-schema-graph\">{\"@context\":\"https:\\\/\\\/schema.org\",\"@graph\":[{\"@type\":\"WebPage\",\"@id\":\"https:\\\/\\\/bien-etreiris.ch\\\/de\\\/unsere-marken\\\/kraeuter-loetsch\\\/\",\"url\":\"https:\\\/\\\/bien-etreiris.ch\\\/de\\\/unsere-marken\\\/kraeuter-loetsch\\\/\",\"name\":\"KR\u00c4UTER L\u00d6TSCH - WOHLBEFINDEN\",\"isPartOf\":{\"@id\":\"https:\\\/\\\/bien-etreiris.ch\\\/de\\\/#website\"},\"primaryImageOfPage\":{\"@id\":\"https:\\\/\\\/bien-etreiris.ch\\\/de\\\/unsere-marken\\\/kraeuter-loetsch\\\/#primaryimage\"},\"image\":{\"@id\":\"https:\\\/\\\/bien-etreiris.ch\\\/de\\\/unsere-marken\\\/kraeuter-loetsch\\\/#primaryimage\"},\"thumbnailUrl\":\"https:\\\/\\\/bien-etreiris.ch\\\/wp-content\\\/uploads\\\/2021\\\/05\\\/Krauter-Lotsch-1.jpg\",\"datePublished\":\"2021-05-19T09:18:11+00:00\",\"dateModified\":\"2025-03-03T23:58:18+00:00\",\"breadcrumb\":{\"@id\":\"https:\\\/\\\/bien-etreiris.ch\\\/de\\\/unsere-marken\\\/kraeuter-loetsch\\\/#breadcrumb\"},\"inLanguage\":\"de\",\"potentialAction\":[{\"@type\":\"ReadAction\",\"target\":[\"https:\\\/\\\/bien-etreiris.ch\\\/de\\\/unsere-marken\\\/kraeuter-loetsch\\\/\"]}]},{\"@type\":\"ImageObject\",\"inLanguage\":\"de\",\"@id\":\"https:\\\/\\\/bien-etreiris.ch\\\/de\\\/unsere-marken\\\/kraeuter-loetsch\\\/#primaryimage\",\"url\":\"https:\\\/\\\/bien-etreiris.ch\\\/wp-content\\\/uploads\\\/2021\\\/05\\\/Krauter-Lotsch-1.jpg\",\"contentUrl\":\"https:\\\/\\\/bien-etreiris.ch\\\/wp-content\\\/uploads\\\/2021\\\/05\\\/Krauter-Lotsch-1.jpg\",\"width\":500,\"height\":305},{\"@type\":\"BreadcrumbList\",\"@id\":\"https:\\\/\\\/bien-etreiris.ch\\\/de\\\/unsere-marken\\\/kraeuter-loetsch\\\/#breadcrumb\",\"itemListElement\":[{\"@type\":\"ListItem\",\"position\":1,\"name\":\"Home\",\"item\":\"https:\\\/\\\/bien-etreiris.ch\\\/de\\\/\"},{\"@type\":\"ListItem\",\"position\":2,\"name\":\"UNSERE MARKEN\",\"item\":\"https:\\\/\\\/bien-etreiris.ch\\\/de\\\/unsere-marken\\\/\"},{\"@type\":\"ListItem\",\"position\":3,\"name\":\"KR\u00c4UTER L\u00d6TSCH\"}]},{\"@type\":\"WebSite\",\"@id\":\"https:\\\/\\\/bien-etreiris.ch\\\/de\\\/#website\",\"url\":\"https:\\\/\\\/bien-etreiris.ch\\\/de\\\/\",\"name\":\"Bien-\u00eatre Iris\",\"description\":\"IHRE Gesundheit ist uns wichtig\",\"potentialAction\":[{\"@type\":\"SearchAction\",\"target\":{\"@type\":\"EntryPoint\",\"urlTemplate\":\"https:\\\/\\\/bien-etreiris.ch\\\/de\\\/?s={search_term_string}\"},\"query-input\":{\"@type\":\"PropertyValueSpecification\",\"valueRequired\":true,\"valueName\":\"search_term_string\"}}],\"inLanguage\":\"de\"}]}<\/script>\n<!-- \/ Yoast SEO plugin. -->","yoast_head_json":{"title":"KR\u00c4UTER L\u00d6TSCH - WOHLBEFINDEN","robots":{"index":"index","follow":"follow","max-snippet":"max-snippet:-1","max-image-preview":"max-image-preview:large","max-video-preview":"max-video-preview:-1"},"canonical":"https:\/\/bien-etreiris.ch\/de\/unsere-marken\/kraeuter-loetsch\/","og_locale":"de_DE","og_type":"article","og_title":"KR\u00c4UTER L\u00d6TSCH - WOHLBEFINDEN","og_description":"Wir sind ein \u00f6sterreichischer bio-zertifizierter Familienbetrieb, Hersteller exzellenter Extrakte (ohne Alkohol), verkaufsf\u00e4higer Tinkturen, Samen, Honig, Hanf, Speise\u00f6le und mehr. Wir arbeiten im Einklang mit Natur und Nachhaltigkeit wird bei uns gross geschrieben, seit 2017 sind wir in der gesamten Deutschschweiz in diversen BIO L\u00e4den, Onlineshops, Drogerien und Reformh\u00e4usern zu finden. &nbsp; &nbsp; PLANZENEXTRAKTE &nbsp; PET LOVERS &nbsp; &nbsp; &nbsp;","og_url":"https:\/\/bien-etreiris.ch\/de\/unsere-marken\/kraeuter-loetsch\/","og_site_name":"WOHLBEFINDEN","article_publisher":"https:\/\/www.facebook.com\/bienetreiris\/","article_modified_time":"2025-03-03T23:58:18+00:00","og_image":[{"width":500,"height":305,"url":"https:\/\/bien-etreiris.ch\/wp-content\/uploads\/2021\/05\/Krauter-Lotsch-1.jpg","type":"image\/jpeg"}],"twitter_misc":{"Gesch\u00e4tzte Lesezeit":"1\u00a0Minute"},"schema":{"@context":"https:\/\/schema.org","@graph":[{"@type":"WebPage","@id":"https:\/\/bien-etreiris.ch\/de\/unsere-marken\/kraeuter-loetsch\/","url":"https:\/\/bien-etreiris.ch\/de\/unsere-marken\/kraeuter-loetsch\/","name":"KR\u00c4UTER L\u00d6TSCH - WOHLBEFINDEN","isPartOf":{"@id":"https:\/\/bien-etreiris.ch\/de\/#website"},"primaryImageOfPage":{"@id":"https:\/\/bien-etreiris.ch\/de\/unsere-marken\/kraeuter-loetsch\/#primaryimage"},"image":{"@id":"https:\/\/bien-etreiris.ch\/de\/unsere-marken\/kraeuter-loetsch\/#primaryimage"},"thumbnailUrl":"https:\/\/bien-etreiris.ch\/wp-content\/uploads\/2021\/05\/Krauter-Lotsch-1.jpg","datePublished":"2021-05-19T09:18:11+00:00","dateModified":"2025-03-03T23:58:18+00:00","breadcrumb":{"@id":"https:\/\/bien-etreiris.ch\/de\/unsere-marken\/kraeuter-loetsch\/#breadcrumb"},"inLanguage":"de","potentialAction":[{"@type":"ReadAction","target":["https:\/\/bien-etreiris.ch\/de\/unsere-marken\/kraeuter-loetsch\/"]}]},{"@type":"ImageObject","inLanguage":"de","@id":"https:\/\/bien-etreiris.ch\/de\/unsere-marken\/kraeuter-loetsch\/#primaryimage","url":"https:\/\/bien-etreiris.ch\/wp-content\/uploads\/2021\/05\/Krauter-Lotsch-1.jpg","contentUrl":"https:\/\/bien-etreiris.ch\/wp-content\/uploads\/2021\/05\/Krauter-Lotsch-1.jpg","width":500,"height":305},{"@type":"BreadcrumbList","@id":"https:\/\/bien-etreiris.ch\/de\/unsere-marken\/kraeuter-loetsch\/#breadcrumb","itemListElement":[{"@type":"ListItem","position":1,"name":"Home","item":"https:\/\/bien-etreiris.ch\/de\/"},{"@type":"ListItem","position":2,"name":"UNSERE MARKEN","item":"https:\/\/bien-etreiris.ch\/de\/unsere-marken\/"},{"@type":"ListItem","position":3,"name":"KR\u00c4UTER L\u00d6TSCH"}]},{"@type":"WebSite","@id":"https:\/\/bien-etreiris.ch\/de\/#website","url":"https:\/\/bien-etreiris.ch\/de\/","name":"Bien-\u00eatre Iris","description":"IHRE Gesundheit ist uns wichtig","potentialAction":[{"@type":"SearchAction","target":{"@type":"EntryPoint","urlTemplate":"https:\/\/bien-etreiris.ch\/de\/?s={search_term_string}"},"query-input":{"@type":"PropertyValueSpecification","valueRequired":true,"valueName":"search_term_string"}}],"inLanguage":"de"}]}},"_links":{"self":[{"href":"https:\/\/bien-etreiris.ch\/de\/wp-json\/wp\/v2\/pages\/44858","targetHints":{"allow":["GET"]}}],"collection":[{"href":"https:\/\/bien-etreiris.ch\/de\/wp-json\/wp\/v2\/pages"}],"about":[{"href":"https:\/\/bien-etreiris.ch\/de\/wp-json\/wp\/v2\/types\/page"}],"author":[{"embeddable":true,"href":"https:\/\/bien-etreiris.ch\/de\/wp-json\/wp\/v2\/users\/1"}],"replies":[{"embeddable":true,"href":"https:\/\/bien-etreiris.ch\/de\/wp-json\/wp\/v2\/comments?post=44858"}],"version-history":[{"count":6,"href":"https:\/\/bien-etreiris.ch\/de\/wp-json\/wp\/v2\/pages\/44858\/revisions"}],"predecessor-version":[{"id":96344,"href":"https:\/\/bien-etreiris.ch\/de\/wp-json\/wp\/v2\/pages\/44858\/revisions\/96344"}],"up":[{"embeddable":true,"href":"https:\/\/bien-etreiris.ch\/de\/wp-json\/wp\/v2\/pages\/44406"}],"wp:featuredmedia":[{"embeddable":true,"href":"https:\/\/bien-etreiris.ch\/de\/wp-json\/wp\/v2\/media\/44856"}],"wp:attachment":[{"href":"https:\/\/bien-etreiris.ch\/de\/wp-json\/wp\/v2\/media?parent=44858"}],"curies":[{"name":"wp","href":"https:\/\/api.w.org\/{rel}","templated":true}]}}