{"id":44848,"date":"2021-05-19T10:51:08","date_gmt":"2021-05-19T08:51:08","guid":{"rendered":"https:\/\/bien-etreiris.ch\/?page_id=44848"},"modified":"2021-06-08T19:17:13","modified_gmt":"2021-06-08T17:17:13","slug":"drogerie-ecologique","status":"publish","type":"page","link":"https:\/\/bien-etreiris.ch\/de\/unsere-marken\/drogerie-ecologique\/","title":{"rendered":"DROGERIE ECOLOGIQUE"},"content":{"rendered":"\n<h2>\u00d6kologische Drogerie<\/h2>\n<p>Seit mehr als 15 Jahren lautet unser Motto \"Make your own cleaning products! \". Die Beratung und die Produkte des \u00d6ko-Drogeriemarktes begleiten Sie bei diesem \"DIY\"-Ansatz mit wenigen einfachen, wirksamen und preiswerten Zutaten. Die in Frankreich oder in Westeuropa hergestellten Produkte der \u00d6ko-Drogerie sind aus nat\u00fcrlichen, mineralischen oder pflanzlichen Rohstoffen und mit einem H\u00f6chstmass an biologischen Inhaltsstoffen konzipiert.<\/p>\n<p>Die <strong>droguerie \u00e9co\u00ae<\/strong> ist eine Marke von Ecodis, einem franz\u00f6sischen Unternehmen, das ein Pionier in der Entwicklung und im Vertrieb von \u00d6koprodukten an den Fachhandel ist. Mit dem Angebot von etwa 2000 Produkten f\u00fcr seine franz\u00f6sischen und europ\u00e4ischen Kunden verfolgt Ecodis eines seiner Hauptziele: Innovationen, um \u00f6kologische Produkte m\u00f6glichst vielen Menschen zug\u00e4nglich zu machen.<\/p>\n<p>&nbsp;<\/p>\n<p>&nbsp;<\/p>\n<h2><a href=\"https:\/\/bien-etreiris.ch\/de\/produktpraesentation\/hygiene\/haushaltsreinigung\/oekologische-drogerie\/\" target=\"_blank\" rel=\"noopener\">HAUSHALTSREINIGUNG - \u00d6KOLOGISCHE DROGERIE<\/a><\/h2>\n","protected":false},"excerpt":{"rendered":"<p>\u00d6kologische Drogerie Seit mehr als 15 Jahren lautet unser Motto \"Make your own cleaning products! \". Die Beratung und die Produkte des \u00d6ko-Drogeriemarktes begleiten Sie bei diesem \"DIY\"-Ansatz mit wenigen einfachen, wirksamen und preiswerten Zutaten. Die in Frankreich oder in Westeuropa hergestellten Produkte der \u00d6ko-Drogerie sind aus nat\u00fcrlichen, mineralischen oder pflanzlichen Rohstoffen und mit einem H\u00f6chstmass an biologischen Inhaltsstoffen konzipiert.&nbsp;<a href=\"https:\/\/bien-etreiris.ch\/de\/unsere-marken\/drogerie-ecologique\/\" class=\"read-more\">Weiter lesen<\/a><\/p>\n","protected":false},"author":1,"featured_media":44846,"parent":44406,"menu_order":5785,"comment_status":"closed","ping_status":"closed","template":"page-with-child.php","meta":{"_acf_changed":false,"ngg_post_thumbnail":0,"footnotes":""},"class_list":["post-44848","page","type-page","status-publish","has-post-thumbnail","hentry"],"acf":[],"yoast_head":"<!-- This site is optimized with the Yoast SEO plugin v27.4 - https:\/\/yoast.com\/product\/yoast-seo-wordpress\/ -->\n<title>DROGERIE ECOLOGIQUE - WOHLBEFINDEN<\/title>\n<meta name=\"robots\" content=\"index, follow, max-snippet:-1, max-image-preview:large, max-video-preview:-1\" \/>\n<link rel=\"canonical\" href=\"https:\/\/bien-etreiris.ch\/de\/unsere-marken\/drogerie-ecologique\/\" \/>\n<meta property=\"og:locale\" content=\"de_DE\" \/>\n<meta property=\"og:type\" content=\"article\" \/>\n<meta property=\"og:title\" content=\"DROGERIE ECOLOGIQUE - WOHLBEFINDEN\" \/>\n<meta property=\"og:description\" content=\"\u00d6kologische Drogerie Seit mehr als 15 Jahren lautet unser Motto &quot;Make your own cleaning products! &quot;. Die Beratung und die Produkte des \u00d6ko-Drogeriemarktes begleiten Sie bei diesem &quot;DIY&quot;-Ansatz mit wenigen einfachen, wirksamen und preiswerten Zutaten. Die in Frankreich oder in Westeuropa hergestellten Produkte der \u00d6ko-Drogerie sind aus nat\u00fcrlichen, mineralischen oder pflanzlichen Rohstoffen und mit einem H\u00f6chstmass an biologischen Inhaltsstoffen konzipiert.&nbsp;Weiter lesen\" \/>\n<meta property=\"og:url\" content=\"https:\/\/bien-etreiris.ch\/de\/unsere-marken\/drogerie-ecologique\/\" \/>\n<meta property=\"og:site_name\" content=\"WOHLBEFINDEN\" \/>\n<meta property=\"article:publisher\" content=\"https:\/\/www.facebook.com\/bienetreiris\/\" \/>\n<meta property=\"article:modified_time\" content=\"2021-06-08T17:17:13+00:00\" \/>\n<meta property=\"og:image\" content=\"https:\/\/bien-etreiris.ch\/wp-content\/uploads\/2021\/05\/Drogerie-ecologique.jpg\" \/>\n\t<meta property=\"og:image:width\" content=\"500\" \/>\n\t<meta property=\"og:image:height\" content=\"278\" \/>\n\t<meta property=\"og:image:type\" content=\"image\/jpeg\" \/>\n<meta name=\"twitter:label1\" content=\"Gesch\u00e4tzte Lesezeit\" \/>\n\t<meta name=\"twitter:data1\" content=\"1\u00a0Minute\" \/>\n<script type=\"application\/ld+json\" class=\"yoast-schema-graph\">{\"@context\":\"https:\\\/\\\/schema.org\",\"@graph\":[{\"@type\":\"WebPage\",\"@id\":\"https:\\\/\\\/bien-etreiris.ch\\\/de\\\/unsere-marken\\\/drogerie-ecologique\\\/\",\"url\":\"https:\\\/\\\/bien-etreiris.ch\\\/de\\\/unsere-marken\\\/drogerie-ecologique\\\/\",\"name\":\"DROGERIE ECOLOGIQUE - WOHLBEFINDEN\",\"isPartOf\":{\"@id\":\"https:\\\/\\\/bien-etreiris.ch\\\/de\\\/#website\"},\"primaryImageOfPage\":{\"@id\":\"https:\\\/\\\/bien-etreiris.ch\\\/de\\\/unsere-marken\\\/drogerie-ecologique\\\/#primaryimage\"},\"image\":{\"@id\":\"https:\\\/\\\/bien-etreiris.ch\\\/de\\\/unsere-marken\\\/drogerie-ecologique\\\/#primaryimage\"},\"thumbnailUrl\":\"https:\\\/\\\/bien-etreiris.ch\\\/wp-content\\\/uploads\\\/2021\\\/05\\\/Drogerie-ecologique.jpg\",\"datePublished\":\"2021-05-19T08:51:08+00:00\",\"dateModified\":\"2021-06-08T17:17:13+00:00\",\"breadcrumb\":{\"@id\":\"https:\\\/\\\/bien-etreiris.ch\\\/de\\\/unsere-marken\\\/drogerie-ecologique\\\/#breadcrumb\"},\"inLanguage\":\"de\",\"potentialAction\":[{\"@type\":\"ReadAction\",\"target\":[\"https:\\\/\\\/bien-etreiris.ch\\\/de\\\/unsere-marken\\\/drogerie-ecologique\\\/\"]}]},{\"@type\":\"ImageObject\",\"inLanguage\":\"de\",\"@id\":\"https:\\\/\\\/bien-etreiris.ch\\\/de\\\/unsere-marken\\\/drogerie-ecologique\\\/#primaryimage\",\"url\":\"https:\\\/\\\/bien-etreiris.ch\\\/wp-content\\\/uploads\\\/2021\\\/05\\\/Drogerie-ecologique.jpg\",\"contentUrl\":\"https:\\\/\\\/bien-etreiris.ch\\\/wp-content\\\/uploads\\\/2021\\\/05\\\/Drogerie-ecologique.jpg\",\"width\":500,\"height\":278},{\"@type\":\"BreadcrumbList\",\"@id\":\"https:\\\/\\\/bien-etreiris.ch\\\/de\\\/unsere-marken\\\/drogerie-ecologique\\\/#breadcrumb\",\"itemListElement\":[{\"@type\":\"ListItem\",\"position\":1,\"name\":\"Home\",\"item\":\"https:\\\/\\\/bien-etreiris.ch\\\/de\\\/\"},{\"@type\":\"ListItem\",\"position\":2,\"name\":\"UNSERE MARKEN\",\"item\":\"https:\\\/\\\/bien-etreiris.ch\\\/de\\\/unsere-marken\\\/\"},{\"@type\":\"ListItem\",\"position\":3,\"name\":\"DROGERIE ECOLOGIQUE\"}]},{\"@type\":\"WebSite\",\"@id\":\"https:\\\/\\\/bien-etreiris.ch\\\/de\\\/#website\",\"url\":\"https:\\\/\\\/bien-etreiris.ch\\\/de\\\/\",\"name\":\"Bien-\u00eatre Iris\",\"description\":\"IHRE Gesundheit ist uns wichtig\",\"potentialAction\":[{\"@type\":\"SearchAction\",\"target\":{\"@type\":\"EntryPoint\",\"urlTemplate\":\"https:\\\/\\\/bien-etreiris.ch\\\/de\\\/?s={search_term_string}\"},\"query-input\":{\"@type\":\"PropertyValueSpecification\",\"valueRequired\":true,\"valueName\":\"search_term_string\"}}],\"inLanguage\":\"de\"}]}<\/script>\n<!-- \/ Yoast SEO plugin. -->","yoast_head_json":{"title":"DROGERIE ECOLOGIQUE - WOHLBEFINDEN","robots":{"index":"index","follow":"follow","max-snippet":"max-snippet:-1","max-image-preview":"max-image-preview:large","max-video-preview":"max-video-preview:-1"},"canonical":"https:\/\/bien-etreiris.ch\/de\/unsere-marken\/drogerie-ecologique\/","og_locale":"de_DE","og_type":"article","og_title":"DROGERIE ECOLOGIQUE - WOHLBEFINDEN","og_description":"\u00d6kologische Drogerie Seit mehr als 15 Jahren lautet unser Motto \"Make your own cleaning products! \". Die Beratung und die Produkte des \u00d6ko-Drogeriemarktes begleiten Sie bei diesem \"DIY\"-Ansatz mit wenigen einfachen, wirksamen und preiswerten Zutaten. Die in Frankreich oder in Westeuropa hergestellten Produkte der \u00d6ko-Drogerie sind aus nat\u00fcrlichen, mineralischen oder pflanzlichen Rohstoffen und mit einem H\u00f6chstmass an biologischen Inhaltsstoffen konzipiert.&nbsp;Weiter lesen","og_url":"https:\/\/bien-etreiris.ch\/de\/unsere-marken\/drogerie-ecologique\/","og_site_name":"WOHLBEFINDEN","article_publisher":"https:\/\/www.facebook.com\/bienetreiris\/","article_modified_time":"2021-06-08T17:17:13+00:00","og_image":[{"width":500,"height":278,"url":"https:\/\/bien-etreiris.ch\/wp-content\/uploads\/2021\/05\/Drogerie-ecologique.jpg","type":"image\/jpeg"}],"twitter_misc":{"Gesch\u00e4tzte Lesezeit":"1\u00a0Minute"},"schema":{"@context":"https:\/\/schema.org","@graph":[{"@type":"WebPage","@id":"https:\/\/bien-etreiris.ch\/de\/unsere-marken\/drogerie-ecologique\/","url":"https:\/\/bien-etreiris.ch\/de\/unsere-marken\/drogerie-ecologique\/","name":"DROGERIE ECOLOGIQUE - WOHLBEFINDEN","isPartOf":{"@id":"https:\/\/bien-etreiris.ch\/de\/#website"},"primaryImageOfPage":{"@id":"https:\/\/bien-etreiris.ch\/de\/unsere-marken\/drogerie-ecologique\/#primaryimage"},"image":{"@id":"https:\/\/bien-etreiris.ch\/de\/unsere-marken\/drogerie-ecologique\/#primaryimage"},"thumbnailUrl":"https:\/\/bien-etreiris.ch\/wp-content\/uploads\/2021\/05\/Drogerie-ecologique.jpg","datePublished":"2021-05-19T08:51:08+00:00","dateModified":"2021-06-08T17:17:13+00:00","breadcrumb":{"@id":"https:\/\/bien-etreiris.ch\/de\/unsere-marken\/drogerie-ecologique\/#breadcrumb"},"inLanguage":"de","potentialAction":[{"@type":"ReadAction","target":["https:\/\/bien-etreiris.ch\/de\/unsere-marken\/drogerie-ecologique\/"]}]},{"@type":"ImageObject","inLanguage":"de","@id":"https:\/\/bien-etreiris.ch\/de\/unsere-marken\/drogerie-ecologique\/#primaryimage","url":"https:\/\/bien-etreiris.ch\/wp-content\/uploads\/2021\/05\/Drogerie-ecologique.jpg","contentUrl":"https:\/\/bien-etreiris.ch\/wp-content\/uploads\/2021\/05\/Drogerie-ecologique.jpg","width":500,"height":278},{"@type":"BreadcrumbList","@id":"https:\/\/bien-etreiris.ch\/de\/unsere-marken\/drogerie-ecologique\/#breadcrumb","itemListElement":[{"@type":"ListItem","position":1,"name":"Home","item":"https:\/\/bien-etreiris.ch\/de\/"},{"@type":"ListItem","position":2,"name":"UNSERE MARKEN","item":"https:\/\/bien-etreiris.ch\/de\/unsere-marken\/"},{"@type":"ListItem","position":3,"name":"DROGERIE ECOLOGIQUE"}]},{"@type":"WebSite","@id":"https:\/\/bien-etreiris.ch\/de\/#website","url":"https:\/\/bien-etreiris.ch\/de\/","name":"Bien-\u00eatre Iris","description":"IHRE Gesundheit ist uns wichtig","potentialAction":[{"@type":"SearchAction","target":{"@type":"EntryPoint","urlTemplate":"https:\/\/bien-etreiris.ch\/de\/?s={search_term_string}"},"query-input":{"@type":"PropertyValueSpecification","valueRequired":true,"valueName":"search_term_string"}}],"inLanguage":"de"}]}},"_links":{"self":[{"href":"https:\/\/bien-etreiris.ch\/de\/wp-json\/wp\/v2\/pages\/44848","targetHints":{"allow":["GET"]}}],"collection":[{"href":"https:\/\/bien-etreiris.ch\/de\/wp-json\/wp\/v2\/pages"}],"about":[{"href":"https:\/\/bien-etreiris.ch\/de\/wp-json\/wp\/v2\/types\/page"}],"author":[{"embeddable":true,"href":"https:\/\/bien-etreiris.ch\/de\/wp-json\/wp\/v2\/users\/1"}],"replies":[{"embeddable":true,"href":"https:\/\/bien-etreiris.ch\/de\/wp-json\/wp\/v2\/comments?post=44848"}],"version-history":[{"count":4,"href":"https:\/\/bien-etreiris.ch\/de\/wp-json\/wp\/v2\/pages\/44848\/revisions"}],"predecessor-version":[{"id":50144,"href":"https:\/\/bien-etreiris.ch\/de\/wp-json\/wp\/v2\/pages\/44848\/revisions\/50144"}],"up":[{"embeddable":true,"href":"https:\/\/bien-etreiris.ch\/de\/wp-json\/wp\/v2\/pages\/44406"}],"wp:featuredmedia":[{"embeddable":true,"href":"https:\/\/bien-etreiris.ch\/de\/wp-json\/wp\/v2\/media\/44846"}],"wp:attachment":[{"href":"https:\/\/bien-etreiris.ch\/de\/wp-json\/wp\/v2\/media?parent=44848"}],"curies":[{"name":"wp","href":"https:\/\/api.w.org\/{rel}","templated":true}]}}