{"id":44840,"date":"2021-05-19T10:16:05","date_gmt":"2021-05-19T08:16:05","guid":{"rendered":"https:\/\/bien-etreiris.ch\/unsere-marken\/germline\/"},"modified":"2021-06-08T08:53:15","modified_gmt":"2021-06-08T06:53:15","slug":"germline","status":"publish","type":"page","link":"https:\/\/bien-etreiris.ch\/de\/unsere-marken\/germline\/","title":{"rendered":"GERMLINE"},"content":{"rendered":"\n<h2>GERMLINE<\/h2>\n<p>gekeimte Samen sind das Leben!<\/p>\n<p>Seit seiner Gr\u00fcndung im Jahr 1994 hat sich Germ'line auf dem franz\u00f6sischen Markt als Marktf\u00fchrer in der Produktion von frischen, biologisch angebauten Keimlingen etabliert.<\/p>\n<p>Germ'line's raison d'\u00eatre basiert auf 3 sehr einfachen Prinzipien:<\/p>\n<ul style=\"list-style-type: disc;\">\n<li>UNTERSCH\u00c4TZUNG dessen, was die Natur uns bietet<\/li>\n<li>ERHALTEN Sie die urspr\u00fcnglichen Vorteile der Produkte<\/li>\n<li>Stellen Sie ihre nat\u00fcrlichen Eigenschaften so originalgetreu wie m\u00f6glich wieder her.<\/li>\n<\/ul>\n<p>Die Keimung ist ein uralter Prozess, 100% nat\u00fcrlich. Der Verzehr von gekeimten Samen ist eine ideale Antwort f\u00fcr Verbraucher, die nach mehr Nat\u00fcrlichkeit und Wohlbefinden suchen.<\/p>\n<p>Bei Germ'line schaffen wir die optimalen Bedingungen, damit die Natur ihre Arbeit tun kann, ganz einfach. Jegliche Verarbeitung, sofern sie stattfindet, wird mit sehr schonenden Techniken und Verfahren geplant und durchgef\u00fchrt, um die urspr\u00fcnglichen Eigenschaften des Produkts so weit wie m\u00f6glich zu respektieren.<\/p>\n<p>Mit einer Leidenschaft, einem Anspruch und einem unflexiblen Know-how entwickeln, produzieren und vermarkten wir ein komplettes Sortiment von Qualit\u00e4tsprodukten, gierig und vielf\u00e4ltig, mit den bemerkenswerten Vorteilen dank der Keimung.<\/p>\n<p>Hergestellt nach umweltschonenden Methoden, verwenden unsere Produkte ausschlie\u00dflich Rohstoffe aus biologischem Anbau, sind Gegenstand einer unabh\u00e4ngigen Kontrolle und werden von Ecocert FR-BIO-01 zertifiziert.<\/p>\n<p>Ausserdem unterliegen sie verst\u00e4rkten Kontrollen der Lebensmittelqualit\u00e4t und der Gesundheitssicherheit nach Kriterien, die weit \u00fcber die gesetzlichen Anforderungen hinausgehen.<\/p>\n<p>Heute ist Germ'line der einzige Hersteller, der eine so breite Palette an gekeimten Produkten anbietet, die auf dem im Laufe der Jahre erworbenen Know-how und Fachwissen basieren.<\/p>\n<p>&nbsp;<\/p>\n<p>&nbsp;<\/p>\n<p><iframe loading=\"lazy\" title=\"Bienvenue chez Germline\" width=\"604\" height=\"340\" src=\"https:\/\/www.youtube.com\/embed\/QwML4DWG7sg?feature=oembed\" frameborder=\"0\" allow=\"accelerometer; autoplay; clipboard-write; encrypted-media; gyroscope; picture-in-picture; web-share\" referrerpolicy=\"strict-origin-when-cross-origin\" allowfullscreen><\/iframe><\/p>\n<p>&nbsp;<\/p>\n<p>&nbsp;<\/p>\n<p>&nbsp;<\/p>\n<h2><a href=\"https:\/\/bien-etreiris.ch\/de\/produktpraesentation\/gesundes-leben\/gesunde-nahrungsmittel\/superfoods-lebensmittel\/keimen\/keimsaaten\/\" target=\"_blank\" rel=\"noopener\">KEIMSAATEN<\/a><\/h2>\n","protected":false},"excerpt":{"rendered":"<p>GERMLINE gekeimte Samen sind das Leben! Seit seiner Gr\u00fcndung im Jahr 1994 hat sich Germ'line auf dem franz\u00f6sischen Markt als Marktf\u00fchrer in der Produktion von frischen, biologisch angebauten Keimlingen etabliert. Germ'line's raison d'\u00eatre basiert auf 3 sehr einfachen Prinzipien: UNTERSCH\u00c4TZUNG dessen, was die Natur uns bietet ERHALTEN Sie die urspr\u00fcnglichen Vorteile der Produkte Stellen Sie ihre nat\u00fcrlichen Eigenschaften so originalgetreu&nbsp;<a href=\"https:\/\/bien-etreiris.ch\/de\/unsere-marken\/germline\/\" class=\"read-more\">Weiter lesen<\/a><\/p>\n","protected":false},"author":1,"featured_media":44813,"parent":44406,"menu_order":5800,"comment_status":"closed","ping_status":"closed","template":"page-with-child.php","meta":{"_acf_changed":false,"ngg_post_thumbnail":0,"footnotes":""},"class_list":["post-44840","page","type-page","status-publish","has-post-thumbnail","hentry"],"acf":[],"yoast_head":"<!-- This site is optimized with the Yoast SEO plugin v27.6 - https:\/\/yoast.com\/product\/yoast-seo-wordpress\/ -->\n<title>GERMLINE - WOHLBEFINDEN<\/title>\n<meta name=\"robots\" content=\"index, follow, max-snippet:-1, max-image-preview:large, max-video-preview:-1\" \/>\n<link rel=\"canonical\" href=\"https:\/\/bien-etreiris.ch\/de\/unsere-marken\/germline\/\" \/>\n<meta property=\"og:locale\" content=\"de_DE\" \/>\n<meta property=\"og:type\" content=\"article\" \/>\n<meta property=\"og:title\" content=\"GERMLINE - WOHLBEFINDEN\" \/>\n<meta property=\"og:description\" content=\"GERMLINE gekeimte Samen sind das Leben! Seit seiner Gr\u00fcndung im Jahr 1994 hat sich Germ&#039;line auf dem franz\u00f6sischen Markt als Marktf\u00fchrer in der Produktion von frischen, biologisch angebauten Keimlingen etabliert. Germ&#039;line&#039;s raison d&#039;\u00eatre basiert auf 3 sehr einfachen Prinzipien: UNTERSCH\u00c4TZUNG dessen, was die Natur uns bietet ERHALTEN Sie die urspr\u00fcnglichen Vorteile der Produkte Stellen Sie ihre nat\u00fcrlichen Eigenschaften so originalgetreu&nbsp;Weiter lesen\" \/>\n<meta property=\"og:url\" content=\"https:\/\/bien-etreiris.ch\/de\/unsere-marken\/germline\/\" \/>\n<meta property=\"og:site_name\" content=\"WOHLBEFINDEN\" \/>\n<meta property=\"article:publisher\" content=\"https:\/\/www.facebook.com\/bienetreiris\/\" \/>\n<meta property=\"article:modified_time\" content=\"2021-06-08T06:53:15+00:00\" \/>\n<meta property=\"og:image\" content=\"https:\/\/bien-etreiris.ch\/wp-content\/uploads\/2021\/05\/Germline.jpg\" \/>\n\t<meta property=\"og:image:width\" content=\"500\" \/>\n\t<meta property=\"og:image:height\" content=\"352\" \/>\n\t<meta property=\"og:image:type\" content=\"image\/jpeg\" \/>\n<meta name=\"twitter:label1\" content=\"Gesch\u00e4tzte Lesezeit\" \/>\n\t<meta name=\"twitter:data1\" content=\"2\u00a0Minuten\" \/>\n<script type=\"application\/ld+json\" class=\"yoast-schema-graph\">{\"@context\":\"https:\\\/\\\/schema.org\",\"@graph\":[{\"@type\":\"WebPage\",\"@id\":\"https:\\\/\\\/bien-etreiris.ch\\\/de\\\/unsere-marken\\\/germline\\\/\",\"url\":\"https:\\\/\\\/bien-etreiris.ch\\\/de\\\/unsere-marken\\\/germline\\\/\",\"name\":\"GERMLINE - WOHLBEFINDEN\",\"isPartOf\":{\"@id\":\"https:\\\/\\\/bien-etreiris.ch\\\/de\\\/#website\"},\"primaryImageOfPage\":{\"@id\":\"https:\\\/\\\/bien-etreiris.ch\\\/de\\\/unsere-marken\\\/germline\\\/#primaryimage\"},\"image\":{\"@id\":\"https:\\\/\\\/bien-etreiris.ch\\\/de\\\/unsere-marken\\\/germline\\\/#primaryimage\"},\"thumbnailUrl\":\"https:\\\/\\\/bien-etreiris.ch\\\/wp-content\\\/uploads\\\/2021\\\/05\\\/Germline.jpg\",\"datePublished\":\"2021-05-19T08:16:05+00:00\",\"dateModified\":\"2021-06-08T06:53:15+00:00\",\"breadcrumb\":{\"@id\":\"https:\\\/\\\/bien-etreiris.ch\\\/de\\\/unsere-marken\\\/germline\\\/#breadcrumb\"},\"inLanguage\":\"de\",\"potentialAction\":[{\"@type\":\"ReadAction\",\"target\":[\"https:\\\/\\\/bien-etreiris.ch\\\/de\\\/unsere-marken\\\/germline\\\/\"]}]},{\"@type\":\"ImageObject\",\"inLanguage\":\"de\",\"@id\":\"https:\\\/\\\/bien-etreiris.ch\\\/de\\\/unsere-marken\\\/germline\\\/#primaryimage\",\"url\":\"https:\\\/\\\/bien-etreiris.ch\\\/wp-content\\\/uploads\\\/2021\\\/05\\\/Germline.jpg\",\"contentUrl\":\"https:\\\/\\\/bien-etreiris.ch\\\/wp-content\\\/uploads\\\/2021\\\/05\\\/Germline.jpg\",\"width\":500,\"height\":352},{\"@type\":\"BreadcrumbList\",\"@id\":\"https:\\\/\\\/bien-etreiris.ch\\\/de\\\/unsere-marken\\\/germline\\\/#breadcrumb\",\"itemListElement\":[{\"@type\":\"ListItem\",\"position\":1,\"name\":\"Home\",\"item\":\"https:\\\/\\\/bien-etreiris.ch\\\/de\\\/\"},{\"@type\":\"ListItem\",\"position\":2,\"name\":\"UNSERE MARKEN\",\"item\":\"https:\\\/\\\/bien-etreiris.ch\\\/de\\\/unsere-marken\\\/\"},{\"@type\":\"ListItem\",\"position\":3,\"name\":\"GERMLINE\"}]},{\"@type\":\"WebSite\",\"@id\":\"https:\\\/\\\/bien-etreiris.ch\\\/de\\\/#website\",\"url\":\"https:\\\/\\\/bien-etreiris.ch\\\/de\\\/\",\"name\":\"Bien-\u00eatre Iris\",\"description\":\"IHRE Gesundheit ist uns wichtig\",\"potentialAction\":[{\"@type\":\"SearchAction\",\"target\":{\"@type\":\"EntryPoint\",\"urlTemplate\":\"https:\\\/\\\/bien-etreiris.ch\\\/de\\\/?s={search_term_string}\"},\"query-input\":{\"@type\":\"PropertyValueSpecification\",\"valueRequired\":true,\"valueName\":\"search_term_string\"}}],\"inLanguage\":\"de\"}]}<\/script>\n<!-- \/ Yoast SEO plugin. -->","yoast_head_json":{"title":"GERMLINE - WOHLBEFINDEN","robots":{"index":"index","follow":"follow","max-snippet":"max-snippet:-1","max-image-preview":"max-image-preview:large","max-video-preview":"max-video-preview:-1"},"canonical":"https:\/\/bien-etreiris.ch\/de\/unsere-marken\/germline\/","og_locale":"de_DE","og_type":"article","og_title":"GERMLINE - WOHLBEFINDEN","og_description":"GERMLINE gekeimte Samen sind das Leben! Seit seiner Gr\u00fcndung im Jahr 1994 hat sich Germ'line auf dem franz\u00f6sischen Markt als Marktf\u00fchrer in der Produktion von frischen, biologisch angebauten Keimlingen etabliert. Germ'line's raison d'\u00eatre basiert auf 3 sehr einfachen Prinzipien: UNTERSCH\u00c4TZUNG dessen, was die Natur uns bietet ERHALTEN Sie die urspr\u00fcnglichen Vorteile der Produkte Stellen Sie ihre nat\u00fcrlichen Eigenschaften so originalgetreu&nbsp;Weiter lesen","og_url":"https:\/\/bien-etreiris.ch\/de\/unsere-marken\/germline\/","og_site_name":"WOHLBEFINDEN","article_publisher":"https:\/\/www.facebook.com\/bienetreiris\/","article_modified_time":"2021-06-08T06:53:15+00:00","og_image":[{"width":500,"height":352,"url":"https:\/\/bien-etreiris.ch\/wp-content\/uploads\/2021\/05\/Germline.jpg","type":"image\/jpeg"}],"twitter_misc":{"Gesch\u00e4tzte Lesezeit":"2\u00a0Minuten"},"schema":{"@context":"https:\/\/schema.org","@graph":[{"@type":"WebPage","@id":"https:\/\/bien-etreiris.ch\/de\/unsere-marken\/germline\/","url":"https:\/\/bien-etreiris.ch\/de\/unsere-marken\/germline\/","name":"GERMLINE - WOHLBEFINDEN","isPartOf":{"@id":"https:\/\/bien-etreiris.ch\/de\/#website"},"primaryImageOfPage":{"@id":"https:\/\/bien-etreiris.ch\/de\/unsere-marken\/germline\/#primaryimage"},"image":{"@id":"https:\/\/bien-etreiris.ch\/de\/unsere-marken\/germline\/#primaryimage"},"thumbnailUrl":"https:\/\/bien-etreiris.ch\/wp-content\/uploads\/2021\/05\/Germline.jpg","datePublished":"2021-05-19T08:16:05+00:00","dateModified":"2021-06-08T06:53:15+00:00","breadcrumb":{"@id":"https:\/\/bien-etreiris.ch\/de\/unsere-marken\/germline\/#breadcrumb"},"inLanguage":"de","potentialAction":[{"@type":"ReadAction","target":["https:\/\/bien-etreiris.ch\/de\/unsere-marken\/germline\/"]}]},{"@type":"ImageObject","inLanguage":"de","@id":"https:\/\/bien-etreiris.ch\/de\/unsere-marken\/germline\/#primaryimage","url":"https:\/\/bien-etreiris.ch\/wp-content\/uploads\/2021\/05\/Germline.jpg","contentUrl":"https:\/\/bien-etreiris.ch\/wp-content\/uploads\/2021\/05\/Germline.jpg","width":500,"height":352},{"@type":"BreadcrumbList","@id":"https:\/\/bien-etreiris.ch\/de\/unsere-marken\/germline\/#breadcrumb","itemListElement":[{"@type":"ListItem","position":1,"name":"Home","item":"https:\/\/bien-etreiris.ch\/de\/"},{"@type":"ListItem","position":2,"name":"UNSERE MARKEN","item":"https:\/\/bien-etreiris.ch\/de\/unsere-marken\/"},{"@type":"ListItem","position":3,"name":"GERMLINE"}]},{"@type":"WebSite","@id":"https:\/\/bien-etreiris.ch\/de\/#website","url":"https:\/\/bien-etreiris.ch\/de\/","name":"Bien-\u00eatre Iris","description":"IHRE Gesundheit ist uns wichtig","potentialAction":[{"@type":"SearchAction","target":{"@type":"EntryPoint","urlTemplate":"https:\/\/bien-etreiris.ch\/de\/?s={search_term_string}"},"query-input":{"@type":"PropertyValueSpecification","valueRequired":true,"valueName":"search_term_string"}}],"inLanguage":"de"}]}},"_links":{"self":[{"href":"https:\/\/bien-etreiris.ch\/de\/wp-json\/wp\/v2\/pages\/44840","targetHints":{"allow":["GET"]}}],"collection":[{"href":"https:\/\/bien-etreiris.ch\/de\/wp-json\/wp\/v2\/pages"}],"about":[{"href":"https:\/\/bien-etreiris.ch\/de\/wp-json\/wp\/v2\/types\/page"}],"author":[{"embeddable":true,"href":"https:\/\/bien-etreiris.ch\/de\/wp-json\/wp\/v2\/users\/1"}],"replies":[{"embeddable":true,"href":"https:\/\/bien-etreiris.ch\/de\/wp-json\/wp\/v2\/comments?post=44840"}],"version-history":[{"count":3,"href":"https:\/\/bien-etreiris.ch\/de\/wp-json\/wp\/v2\/pages\/44840\/revisions"}],"predecessor-version":[{"id":50017,"href":"https:\/\/bien-etreiris.ch\/de\/wp-json\/wp\/v2\/pages\/44840\/revisions\/50017"}],"up":[{"embeddable":true,"href":"https:\/\/bien-etreiris.ch\/de\/wp-json\/wp\/v2\/pages\/44406"}],"wp:featuredmedia":[{"embeddable":true,"href":"https:\/\/bien-etreiris.ch\/de\/wp-json\/wp\/v2\/media\/44813"}],"wp:attachment":[{"href":"https:\/\/bien-etreiris.ch\/de\/wp-json\/wp\/v2\/media?parent=44840"}],"curies":[{"name":"wp","href":"https:\/\/api.w.org\/{rel}","templated":true}]}}