{"id":44832,"date":"2021-05-19T10:41:03","date_gmt":"2021-05-19T08:41:03","guid":{"rendered":"https:\/\/bien-etreiris.ch\/?page_id=44832"},"modified":"2022-09-24T04:38:53","modified_gmt":"2022-09-24T02:38:53","slug":"p-jentschura","status":"publish","type":"page","link":"https:\/\/bien-etreiris.ch\/de\/unsere-marken\/p-jentschura\/","title":{"rendered":"P JENTSCHURA"},"content":{"rendered":"\n<h2>P.Jentschura<\/h2>\n<p>Jentschura International mit seiner Dachmarke \"P. Jentschura\" ist ein traditionelles mittelst\u00e4ndisches Unternehmen. Das Unternehmen mit Sitz in M\u00fcnster, Westfalen, ist ein f\u00fchrender Hersteller von basischen K\u00f6rperpflegeprodukten und basischen Naturkostprodukten.<\/p>\n\n\n\n<p><br>Nach dem Motto \"Ein gesunder Geist in einem gesunden K\u00f6rper\" stellen wir den Menschen in den Mittelpunkt unseres Handelns. Wir geben unser Wissen \u00fcber den menschlichen Stoffwechsel sowie \u00fcber unsere Produkte und deren Anwendungen systematisch weiter, um einen nachhaltigen Beitrag zu Sch\u00f6nheit, Gesundheit und Lebensfreude zu leisten.<\/p>\n<p>&nbsp;<\/p>\n<h2><a href=\"https:\/\/bien-etreiris.ch\/de\/produktpraesentation\/natuerliche-heilmittel\/saeure-basen-haushalt\/\" target=\"_blank\" rel=\"noopener\">UNSERE PRODUKTE F\u00dcR BASISCHE PFLEGE UND BASISCHE NATURKOST<\/a><\/h2>\n<p>&nbsp;<\/p>\n<h2><a href=\"https:\/\/bien-etreiris.ch\/de\/produktpraesentation\/natuerliche-kosmetik\/gesicht-koerper\/gesichtspflege\/masken-und-peelings\/alkalische-maske\/\" target=\"_blank\" rel=\"noopener\">ALKALISCHE MASKE<\/a><\/h2>\n<h2><a href=\"https:\/\/bien-etreiris.ch\/de\/produktpraesentation\/natuerliche-kosmetik\/gesicht-koerper\/hautapplikationen\/\" target=\"_blank\" rel=\"noopener\">HAUTAPPLIKATIONEN<\/a><\/h2>\n","protected":false},"excerpt":{"rendered":"<p>P.Jentschura Jentschura International mit seiner Dachmarke \"P. Jentschura\" ist ein traditionelles mittelst\u00e4ndisches Unternehmen. Das Unternehmen mit Sitz in M\u00fcnster, Westfalen, ist ein f\u00fchrender Hersteller von basischen K\u00f6rperpflegeprodukten und basischen Naturkostprodukten. Nach dem Motto \"Ein gesunder Geist in einem gesunden K\u00f6rper\" stellen wir den Menschen in den Mittelpunkt unseres Handelns. Wir geben unser Wissen \u00fcber den menschlichen Stoffwechsel sowie \u00fcber unsere&nbsp;<a href=\"https:\/\/bien-etreiris.ch\/de\/unsere-marken\/p-jentschura\/\" class=\"read-more\">Weiter lesen<\/a><\/p>\n","protected":false},"author":1,"featured_media":44838,"parent":44406,"menu_order":5788,"comment_status":"closed","ping_status":"closed","template":"page-with-child.php","meta":{"_acf_changed":false,"ngg_post_thumbnail":0,"footnotes":""},"class_list":["post-44832","page","type-page","status-publish","has-post-thumbnail","hentry"],"acf":[],"yoast_head":"<!-- This site is optimized with the Yoast SEO plugin v27.4 - https:\/\/yoast.com\/product\/yoast-seo-wordpress\/ -->\n<title>P JENTSCHURA - WOHLBEFINDEN<\/title>\n<meta name=\"robots\" content=\"index, follow, max-snippet:-1, max-image-preview:large, max-video-preview:-1\" \/>\n<link rel=\"canonical\" href=\"https:\/\/bien-etreiris.ch\/de\/unsere-marken\/p-jentschura\/\" \/>\n<meta property=\"og:locale\" content=\"de_DE\" \/>\n<meta property=\"og:type\" content=\"article\" \/>\n<meta property=\"og:title\" content=\"P JENTSCHURA - WOHLBEFINDEN\" \/>\n<meta property=\"og:description\" content=\"P.Jentschura Jentschura International mit seiner Dachmarke &quot;P. Jentschura&quot; ist ein traditionelles mittelst\u00e4ndisches Unternehmen. Das Unternehmen mit Sitz in M\u00fcnster, Westfalen, ist ein f\u00fchrender Hersteller von basischen K\u00f6rperpflegeprodukten und basischen Naturkostprodukten. Nach dem Motto &quot;Ein gesunder Geist in einem gesunden K\u00f6rper&quot; stellen wir den Menschen in den Mittelpunkt unseres Handelns. Wir geben unser Wissen \u00fcber den menschlichen Stoffwechsel sowie \u00fcber unsere&nbsp;Weiter lesen\" \/>\n<meta property=\"og:url\" content=\"https:\/\/bien-etreiris.ch\/de\/unsere-marken\/p-jentschura\/\" \/>\n<meta property=\"og:site_name\" content=\"WOHLBEFINDEN\" \/>\n<meta property=\"article:publisher\" content=\"https:\/\/www.facebook.com\/bienetreiris\/\" \/>\n<meta property=\"article:modified_time\" content=\"2022-09-24T02:38:53+00:00\" \/>\n<meta property=\"og:image\" content=\"https:\/\/bien-etreiris.ch\/wp-content\/uploads\/2021\/05\/P.Jentschura-1.jpg\" \/>\n\t<meta property=\"og:image:width\" content=\"500\" \/>\n\t<meta property=\"og:image:height\" content=\"369\" \/>\n\t<meta property=\"og:image:type\" content=\"image\/jpeg\" \/>\n<meta name=\"twitter:label1\" content=\"Gesch\u00e4tzte Lesezeit\" \/>\n\t<meta name=\"twitter:data1\" content=\"1\u00a0Minute\" \/>\n<script type=\"application\/ld+json\" class=\"yoast-schema-graph\">{\"@context\":\"https:\\\/\\\/schema.org\",\"@graph\":[{\"@type\":\"WebPage\",\"@id\":\"https:\\\/\\\/bien-etreiris.ch\\\/de\\\/unsere-marken\\\/p-jentschura\\\/\",\"url\":\"https:\\\/\\\/bien-etreiris.ch\\\/de\\\/unsere-marken\\\/p-jentschura\\\/\",\"name\":\"P JENTSCHURA - WOHLBEFINDEN\",\"isPartOf\":{\"@id\":\"https:\\\/\\\/bien-etreiris.ch\\\/de\\\/#website\"},\"primaryImageOfPage\":{\"@id\":\"https:\\\/\\\/bien-etreiris.ch\\\/de\\\/unsere-marken\\\/p-jentschura\\\/#primaryimage\"},\"image\":{\"@id\":\"https:\\\/\\\/bien-etreiris.ch\\\/de\\\/unsere-marken\\\/p-jentschura\\\/#primaryimage\"},\"thumbnailUrl\":\"https:\\\/\\\/bien-etreiris.ch\\\/wp-content\\\/uploads\\\/2021\\\/05\\\/P.Jentschura-1.jpg\",\"datePublished\":\"2021-05-19T08:41:03+00:00\",\"dateModified\":\"2022-09-24T02:38:53+00:00\",\"breadcrumb\":{\"@id\":\"https:\\\/\\\/bien-etreiris.ch\\\/de\\\/unsere-marken\\\/p-jentschura\\\/#breadcrumb\"},\"inLanguage\":\"de\",\"potentialAction\":[{\"@type\":\"ReadAction\",\"target\":[\"https:\\\/\\\/bien-etreiris.ch\\\/de\\\/unsere-marken\\\/p-jentschura\\\/\"]}]},{\"@type\":\"ImageObject\",\"inLanguage\":\"de\",\"@id\":\"https:\\\/\\\/bien-etreiris.ch\\\/de\\\/unsere-marken\\\/p-jentschura\\\/#primaryimage\",\"url\":\"https:\\\/\\\/bien-etreiris.ch\\\/wp-content\\\/uploads\\\/2021\\\/05\\\/P.Jentschura-1.jpg\",\"contentUrl\":\"https:\\\/\\\/bien-etreiris.ch\\\/wp-content\\\/uploads\\\/2021\\\/05\\\/P.Jentschura-1.jpg\",\"width\":500,\"height\":369},{\"@type\":\"BreadcrumbList\",\"@id\":\"https:\\\/\\\/bien-etreiris.ch\\\/de\\\/unsere-marken\\\/p-jentschura\\\/#breadcrumb\",\"itemListElement\":[{\"@type\":\"ListItem\",\"position\":1,\"name\":\"Home\",\"item\":\"https:\\\/\\\/bien-etreiris.ch\\\/de\\\/\"},{\"@type\":\"ListItem\",\"position\":2,\"name\":\"UNSERE MARKEN\",\"item\":\"https:\\\/\\\/bien-etreiris.ch\\\/de\\\/unsere-marken\\\/\"},{\"@type\":\"ListItem\",\"position\":3,\"name\":\"P JENTSCHURA\"}]},{\"@type\":\"WebSite\",\"@id\":\"https:\\\/\\\/bien-etreiris.ch\\\/de\\\/#website\",\"url\":\"https:\\\/\\\/bien-etreiris.ch\\\/de\\\/\",\"name\":\"Bien-\u00eatre Iris\",\"description\":\"IHRE Gesundheit ist uns wichtig\",\"potentialAction\":[{\"@type\":\"SearchAction\",\"target\":{\"@type\":\"EntryPoint\",\"urlTemplate\":\"https:\\\/\\\/bien-etreiris.ch\\\/de\\\/?s={search_term_string}\"},\"query-input\":{\"@type\":\"PropertyValueSpecification\",\"valueRequired\":true,\"valueName\":\"search_term_string\"}}],\"inLanguage\":\"de\"}]}<\/script>\n<!-- \/ Yoast SEO plugin. -->","yoast_head_json":{"title":"P JENTSCHURA - WOHLBEFINDEN","robots":{"index":"index","follow":"follow","max-snippet":"max-snippet:-1","max-image-preview":"max-image-preview:large","max-video-preview":"max-video-preview:-1"},"canonical":"https:\/\/bien-etreiris.ch\/de\/unsere-marken\/p-jentschura\/","og_locale":"de_DE","og_type":"article","og_title":"P JENTSCHURA - WOHLBEFINDEN","og_description":"P.Jentschura Jentschura International mit seiner Dachmarke \"P. Jentschura\" ist ein traditionelles mittelst\u00e4ndisches Unternehmen. Das Unternehmen mit Sitz in M\u00fcnster, Westfalen, ist ein f\u00fchrender Hersteller von basischen K\u00f6rperpflegeprodukten und basischen Naturkostprodukten. Nach dem Motto \"Ein gesunder Geist in einem gesunden K\u00f6rper\" stellen wir den Menschen in den Mittelpunkt unseres Handelns. Wir geben unser Wissen \u00fcber den menschlichen Stoffwechsel sowie \u00fcber unsere&nbsp;Weiter lesen","og_url":"https:\/\/bien-etreiris.ch\/de\/unsere-marken\/p-jentschura\/","og_site_name":"WOHLBEFINDEN","article_publisher":"https:\/\/www.facebook.com\/bienetreiris\/","article_modified_time":"2022-09-24T02:38:53+00:00","og_image":[{"width":500,"height":369,"url":"https:\/\/bien-etreiris.ch\/wp-content\/uploads\/2021\/05\/P.Jentschura-1.jpg","type":"image\/jpeg"}],"twitter_misc":{"Gesch\u00e4tzte Lesezeit":"1\u00a0Minute"},"schema":{"@context":"https:\/\/schema.org","@graph":[{"@type":"WebPage","@id":"https:\/\/bien-etreiris.ch\/de\/unsere-marken\/p-jentschura\/","url":"https:\/\/bien-etreiris.ch\/de\/unsere-marken\/p-jentschura\/","name":"P JENTSCHURA - WOHLBEFINDEN","isPartOf":{"@id":"https:\/\/bien-etreiris.ch\/de\/#website"},"primaryImageOfPage":{"@id":"https:\/\/bien-etreiris.ch\/de\/unsere-marken\/p-jentschura\/#primaryimage"},"image":{"@id":"https:\/\/bien-etreiris.ch\/de\/unsere-marken\/p-jentschura\/#primaryimage"},"thumbnailUrl":"https:\/\/bien-etreiris.ch\/wp-content\/uploads\/2021\/05\/P.Jentschura-1.jpg","datePublished":"2021-05-19T08:41:03+00:00","dateModified":"2022-09-24T02:38:53+00:00","breadcrumb":{"@id":"https:\/\/bien-etreiris.ch\/de\/unsere-marken\/p-jentschura\/#breadcrumb"},"inLanguage":"de","potentialAction":[{"@type":"ReadAction","target":["https:\/\/bien-etreiris.ch\/de\/unsere-marken\/p-jentschura\/"]}]},{"@type":"ImageObject","inLanguage":"de","@id":"https:\/\/bien-etreiris.ch\/de\/unsere-marken\/p-jentschura\/#primaryimage","url":"https:\/\/bien-etreiris.ch\/wp-content\/uploads\/2021\/05\/P.Jentschura-1.jpg","contentUrl":"https:\/\/bien-etreiris.ch\/wp-content\/uploads\/2021\/05\/P.Jentschura-1.jpg","width":500,"height":369},{"@type":"BreadcrumbList","@id":"https:\/\/bien-etreiris.ch\/de\/unsere-marken\/p-jentschura\/#breadcrumb","itemListElement":[{"@type":"ListItem","position":1,"name":"Home","item":"https:\/\/bien-etreiris.ch\/de\/"},{"@type":"ListItem","position":2,"name":"UNSERE MARKEN","item":"https:\/\/bien-etreiris.ch\/de\/unsere-marken\/"},{"@type":"ListItem","position":3,"name":"P JENTSCHURA"}]},{"@type":"WebSite","@id":"https:\/\/bien-etreiris.ch\/de\/#website","url":"https:\/\/bien-etreiris.ch\/de\/","name":"Bien-\u00eatre Iris","description":"IHRE Gesundheit ist uns wichtig","potentialAction":[{"@type":"SearchAction","target":{"@type":"EntryPoint","urlTemplate":"https:\/\/bien-etreiris.ch\/de\/?s={search_term_string}"},"query-input":{"@type":"PropertyValueSpecification","valueRequired":true,"valueName":"search_term_string"}}],"inLanguage":"de"}]}},"_links":{"self":[{"href":"https:\/\/bien-etreiris.ch\/de\/wp-json\/wp\/v2\/pages\/44832","targetHints":{"allow":["GET"]}}],"collection":[{"href":"https:\/\/bien-etreiris.ch\/de\/wp-json\/wp\/v2\/pages"}],"about":[{"href":"https:\/\/bien-etreiris.ch\/de\/wp-json\/wp\/v2\/types\/page"}],"author":[{"embeddable":true,"href":"https:\/\/bien-etreiris.ch\/de\/wp-json\/wp\/v2\/users\/1"}],"replies":[{"embeddable":true,"href":"https:\/\/bien-etreiris.ch\/de\/wp-json\/wp\/v2\/comments?post=44832"}],"version-history":[{"count":5,"href":"https:\/\/bien-etreiris.ch\/de\/wp-json\/wp\/v2\/pages\/44832\/revisions"}],"predecessor-version":[{"id":60318,"href":"https:\/\/bien-etreiris.ch\/de\/wp-json\/wp\/v2\/pages\/44832\/revisions\/60318"}],"up":[{"embeddable":true,"href":"https:\/\/bien-etreiris.ch\/de\/wp-json\/wp\/v2\/pages\/44406"}],"wp:featuredmedia":[{"embeddable":true,"href":"https:\/\/bien-etreiris.ch\/de\/wp-json\/wp\/v2\/media\/44838"}],"wp:attachment":[{"href":"https:\/\/bien-etreiris.ch\/de\/wp-json\/wp\/v2\/media?parent=44832"}],"curies":[{"name":"wp","href":"https:\/\/api.w.org\/{rel}","templated":true}]}}