{"id":44823,"date":"2021-05-19T10:26:37","date_gmt":"2021-05-19T08:26:37","guid":{"rendered":"https:\/\/bien-etreiris.ch\/?page_id=44823"},"modified":"2021-06-08T20:04:09","modified_gmt":"2021-06-08T18:04:09","slug":"sonnentor","status":"publish","type":"page","link":"https:\/\/bien-etreiris.ch\/de\/unsere-marken\/sonnentor\/","title":{"rendered":"SONNENTOR"},"content":{"rendered":"\n<h2>Sonnentor - Hochwertige Bio-Tees, Kr\u00e4utertees, Gew\u00fcrze und Kr\u00e4uter<\/h2>\n<h4><br>Aus Liebe zur Natur und zu den Menschen<\/h4>\n<p>Johannes Gutmann gr\u00fcndete 1980 die Firma Sonnentor im Waldviertel in \u00d6sterreich. Sein Motto l\u00e4sst sich wie folgt zusammenfassen: Der biologische Weg ist der beste f\u00fcr Natur, Mensch und Umwelt. Seitdem verfolgt sein Pionierunternehmen, das heute rund 500 Mitarbeiter hat, dieses Ziel mit Leidenschaft. Deshalb steht Sonnentor f\u00fcr Kr\u00e4uter, Gew\u00fcrze, Tees und Kr\u00e4utertees in h\u00f6chster Bio-Qualit\u00e4t.<\/p>\n<p>&nbsp;<\/p>\n<p>&nbsp;<\/p>\n<div class=\"cat_header-txt-wrapper clearfix\">\n<h2><a href=\"https:\/\/bien-etreiris.ch\/de\/produktpraesentation\/gesundes-leben\/gesunde-nahrungsmittel\/zutaten-wohlbefinden\/kurkuma-latte\/\" target=\"_blank\" rel=\"noopener\">KURKUMA LATTE<\/a><\/h2>\n<p>&nbsp;<\/p>\n<h2><a href=\"https:\/\/bien-etreiris.ch\/de\/produktpraesentation\/gesundes-leben\/gesunde-nahrungsmittel\/zutaten-wohlbefinden\/gewuerze\/\" target=\"_blank\" rel=\"noopener\">GEW\u00dcRZE<\/a><\/h2>\n<p>&nbsp;<\/p>\n<\/div>\n<h2><a href=\"https:\/\/bien-etreiris.ch\/de\/produktpraesentation\/natuerliche-heilmittel\/kraeutertee-und-tee\/kraeuter-und-pflanzen\/\" target=\"_blank\" rel=\"noopener\">KR\u00c4UTER &amp; PFLANZEN<\/a><\/h2>\n<p>&nbsp;<\/p>\n<h2><a href=\"https:\/\/bien-etreiris.ch\/de\/produktpraesentation\/gesundes-leben\/gesunde-nahrungsmittel\/zutaten-wohlbefinden\/gewuerzoele\/\" target=\"_blank\" rel=\"noopener\">GEW\u00dcRZ\u00d6LE<\/a><\/h2>\n<p>&nbsp;<\/p>\n<h2><a href=\"https:\/\/bien-etreiris.ch\/de\/produktpraesentation\/gesundes-leben\/gesunde-nahrungsmittel\/getraenke\/sirup\/zitronen-ingwer-sirup\/\" target=\"_blank\" rel=\"noopener\"> ZITRONEN-INGWER SIRUP<\/a><\/h2>\n<p>&nbsp;<\/p>\n<h2><a href=\"https:\/\/bien-etreiris.ch\/de\/produktpraesentation\/gesundes-leben\/gesunde-nahrungsmittel\/zutaten-wohlbefinden\/salze\/tafelsalz\/\" target=\"_blank\" rel=\"noopener\">TAFELSALZ&nbsp; (ZAUBERSALZ)<\/a><\/h2>\n","protected":false},"excerpt":{"rendered":"<p>Sonnentor - Hochwertige Bio-Tees, Kr\u00e4utertees, Gew\u00fcrze und Kr\u00e4uter Aus Liebe zur Natur und zu den Menschen Johannes Gutmann gr\u00fcndete 1980 die Firma Sonnentor im Waldviertel in \u00d6sterreich. Sein Motto l\u00e4sst sich wie folgt zusammenfassen: Der biologische Weg ist der beste f\u00fcr Natur, Mensch und Umwelt. Seitdem verfolgt sein Pionierunternehmen, das heute rund 500 Mitarbeiter hat, dieses Ziel mit Leidenschaft. Deshalb&nbsp;<a href=\"https:\/\/bien-etreiris.ch\/de\/unsere-marken\/sonnentor\/\" class=\"read-more\">Weiter lesen<\/a><\/p>\n","protected":false},"author":1,"featured_media":44820,"parent":44406,"menu_order":5797,"comment_status":"closed","ping_status":"closed","template":"page-with-child.php","meta":{"_acf_changed":false,"ngg_post_thumbnail":0,"footnotes":""},"class_list":["post-44823","page","type-page","status-publish","has-post-thumbnail","hentry"],"acf":[],"yoast_head":"<!-- This site is optimized with the Yoast SEO plugin v27.6 - https:\/\/yoast.com\/product\/yoast-seo-wordpress\/ -->\n<title>SONNENTOR - WOHLBEFINDEN<\/title>\n<meta name=\"robots\" content=\"index, follow, max-snippet:-1, max-image-preview:large, max-video-preview:-1\" \/>\n<link rel=\"canonical\" href=\"https:\/\/bien-etreiris.ch\/de\/unsere-marken\/sonnentor\/\" \/>\n<meta property=\"og:locale\" content=\"de_DE\" \/>\n<meta property=\"og:type\" content=\"article\" \/>\n<meta property=\"og:title\" content=\"SONNENTOR - WOHLBEFINDEN\" \/>\n<meta property=\"og:description\" content=\"Sonnentor - Hochwertige Bio-Tees, Kr\u00e4utertees, Gew\u00fcrze und Kr\u00e4uter Aus Liebe zur Natur und zu den Menschen Johannes Gutmann gr\u00fcndete 1980 die Firma Sonnentor im Waldviertel in \u00d6sterreich. Sein Motto l\u00e4sst sich wie folgt zusammenfassen: Der biologische Weg ist der beste f\u00fcr Natur, Mensch und Umwelt. Seitdem verfolgt sein Pionierunternehmen, das heute rund 500 Mitarbeiter hat, dieses Ziel mit Leidenschaft. Deshalb&nbsp;Weiter lesen\" \/>\n<meta property=\"og:url\" content=\"https:\/\/bien-etreiris.ch\/de\/unsere-marken\/sonnentor\/\" \/>\n<meta property=\"og:site_name\" content=\"WOHLBEFINDEN\" \/>\n<meta property=\"article:publisher\" content=\"https:\/\/www.facebook.com\/bienetreiris\/\" \/>\n<meta property=\"article:modified_time\" content=\"2021-06-08T18:04:09+00:00\" \/>\n<meta property=\"og:image\" content=\"https:\/\/bien-etreiris.ch\/wp-content\/uploads\/2021\/05\/Sonnentor.jpg\" \/>\n\t<meta property=\"og:image:width\" content=\"500\" \/>\n\t<meta property=\"og:image:height\" content=\"322\" \/>\n\t<meta property=\"og:image:type\" content=\"image\/jpeg\" \/>\n<meta name=\"twitter:label1\" content=\"Gesch\u00e4tzte Lesezeit\" \/>\n\t<meta name=\"twitter:data1\" content=\"1\u00a0Minute\" \/>\n<script type=\"application\/ld+json\" class=\"yoast-schema-graph\">{\"@context\":\"https:\\\/\\\/schema.org\",\"@graph\":[{\"@type\":\"WebPage\",\"@id\":\"https:\\\/\\\/bien-etreiris.ch\\\/de\\\/unsere-marken\\\/sonnentor\\\/\",\"url\":\"https:\\\/\\\/bien-etreiris.ch\\\/de\\\/unsere-marken\\\/sonnentor\\\/\",\"name\":\"SONNENTOR - WOHLBEFINDEN\",\"isPartOf\":{\"@id\":\"https:\\\/\\\/bien-etreiris.ch\\\/de\\\/#website\"},\"primaryImageOfPage\":{\"@id\":\"https:\\\/\\\/bien-etreiris.ch\\\/de\\\/unsere-marken\\\/sonnentor\\\/#primaryimage\"},\"image\":{\"@id\":\"https:\\\/\\\/bien-etreiris.ch\\\/de\\\/unsere-marken\\\/sonnentor\\\/#primaryimage\"},\"thumbnailUrl\":\"https:\\\/\\\/bien-etreiris.ch\\\/wp-content\\\/uploads\\\/2021\\\/05\\\/Sonnentor.jpg\",\"datePublished\":\"2021-05-19T08:26:37+00:00\",\"dateModified\":\"2021-06-08T18:04:09+00:00\",\"breadcrumb\":{\"@id\":\"https:\\\/\\\/bien-etreiris.ch\\\/de\\\/unsere-marken\\\/sonnentor\\\/#breadcrumb\"},\"inLanguage\":\"de\",\"potentialAction\":[{\"@type\":\"ReadAction\",\"target\":[\"https:\\\/\\\/bien-etreiris.ch\\\/de\\\/unsere-marken\\\/sonnentor\\\/\"]}]},{\"@type\":\"ImageObject\",\"inLanguage\":\"de\",\"@id\":\"https:\\\/\\\/bien-etreiris.ch\\\/de\\\/unsere-marken\\\/sonnentor\\\/#primaryimage\",\"url\":\"https:\\\/\\\/bien-etreiris.ch\\\/wp-content\\\/uploads\\\/2021\\\/05\\\/Sonnentor.jpg\",\"contentUrl\":\"https:\\\/\\\/bien-etreiris.ch\\\/wp-content\\\/uploads\\\/2021\\\/05\\\/Sonnentor.jpg\",\"width\":500,\"height\":322},{\"@type\":\"BreadcrumbList\",\"@id\":\"https:\\\/\\\/bien-etreiris.ch\\\/de\\\/unsere-marken\\\/sonnentor\\\/#breadcrumb\",\"itemListElement\":[{\"@type\":\"ListItem\",\"position\":1,\"name\":\"Home\",\"item\":\"https:\\\/\\\/bien-etreiris.ch\\\/de\\\/\"},{\"@type\":\"ListItem\",\"position\":2,\"name\":\"UNSERE MARKEN\",\"item\":\"https:\\\/\\\/bien-etreiris.ch\\\/de\\\/unsere-marken\\\/\"},{\"@type\":\"ListItem\",\"position\":3,\"name\":\"SONNENTOR\"}]},{\"@type\":\"WebSite\",\"@id\":\"https:\\\/\\\/bien-etreiris.ch\\\/de\\\/#website\",\"url\":\"https:\\\/\\\/bien-etreiris.ch\\\/de\\\/\",\"name\":\"Bien-\u00eatre Iris\",\"description\":\"IHRE Gesundheit ist uns wichtig\",\"potentialAction\":[{\"@type\":\"SearchAction\",\"target\":{\"@type\":\"EntryPoint\",\"urlTemplate\":\"https:\\\/\\\/bien-etreiris.ch\\\/de\\\/?s={search_term_string}\"},\"query-input\":{\"@type\":\"PropertyValueSpecification\",\"valueRequired\":true,\"valueName\":\"search_term_string\"}}],\"inLanguage\":\"de\"}]}<\/script>\n<!-- \/ Yoast SEO plugin. -->","yoast_head_json":{"title":"SONNENTOR - WOHLBEFINDEN","robots":{"index":"index","follow":"follow","max-snippet":"max-snippet:-1","max-image-preview":"max-image-preview:large","max-video-preview":"max-video-preview:-1"},"canonical":"https:\/\/bien-etreiris.ch\/de\/unsere-marken\/sonnentor\/","og_locale":"de_DE","og_type":"article","og_title":"SONNENTOR - WOHLBEFINDEN","og_description":"Sonnentor - Hochwertige Bio-Tees, Kr\u00e4utertees, Gew\u00fcrze und Kr\u00e4uter Aus Liebe zur Natur und zu den Menschen Johannes Gutmann gr\u00fcndete 1980 die Firma Sonnentor im Waldviertel in \u00d6sterreich. Sein Motto l\u00e4sst sich wie folgt zusammenfassen: Der biologische Weg ist der beste f\u00fcr Natur, Mensch und Umwelt. Seitdem verfolgt sein Pionierunternehmen, das heute rund 500 Mitarbeiter hat, dieses Ziel mit Leidenschaft. Deshalb&nbsp;Weiter lesen","og_url":"https:\/\/bien-etreiris.ch\/de\/unsere-marken\/sonnentor\/","og_site_name":"WOHLBEFINDEN","article_publisher":"https:\/\/www.facebook.com\/bienetreiris\/","article_modified_time":"2021-06-08T18:04:09+00:00","og_image":[{"width":500,"height":322,"url":"https:\/\/bien-etreiris.ch\/wp-content\/uploads\/2021\/05\/Sonnentor.jpg","type":"image\/jpeg"}],"twitter_misc":{"Gesch\u00e4tzte Lesezeit":"1\u00a0Minute"},"schema":{"@context":"https:\/\/schema.org","@graph":[{"@type":"WebPage","@id":"https:\/\/bien-etreiris.ch\/de\/unsere-marken\/sonnentor\/","url":"https:\/\/bien-etreiris.ch\/de\/unsere-marken\/sonnentor\/","name":"SONNENTOR - WOHLBEFINDEN","isPartOf":{"@id":"https:\/\/bien-etreiris.ch\/de\/#website"},"primaryImageOfPage":{"@id":"https:\/\/bien-etreiris.ch\/de\/unsere-marken\/sonnentor\/#primaryimage"},"image":{"@id":"https:\/\/bien-etreiris.ch\/de\/unsere-marken\/sonnentor\/#primaryimage"},"thumbnailUrl":"https:\/\/bien-etreiris.ch\/wp-content\/uploads\/2021\/05\/Sonnentor.jpg","datePublished":"2021-05-19T08:26:37+00:00","dateModified":"2021-06-08T18:04:09+00:00","breadcrumb":{"@id":"https:\/\/bien-etreiris.ch\/de\/unsere-marken\/sonnentor\/#breadcrumb"},"inLanguage":"de","potentialAction":[{"@type":"ReadAction","target":["https:\/\/bien-etreiris.ch\/de\/unsere-marken\/sonnentor\/"]}]},{"@type":"ImageObject","inLanguage":"de","@id":"https:\/\/bien-etreiris.ch\/de\/unsere-marken\/sonnentor\/#primaryimage","url":"https:\/\/bien-etreiris.ch\/wp-content\/uploads\/2021\/05\/Sonnentor.jpg","contentUrl":"https:\/\/bien-etreiris.ch\/wp-content\/uploads\/2021\/05\/Sonnentor.jpg","width":500,"height":322},{"@type":"BreadcrumbList","@id":"https:\/\/bien-etreiris.ch\/de\/unsere-marken\/sonnentor\/#breadcrumb","itemListElement":[{"@type":"ListItem","position":1,"name":"Home","item":"https:\/\/bien-etreiris.ch\/de\/"},{"@type":"ListItem","position":2,"name":"UNSERE MARKEN","item":"https:\/\/bien-etreiris.ch\/de\/unsere-marken\/"},{"@type":"ListItem","position":3,"name":"SONNENTOR"}]},{"@type":"WebSite","@id":"https:\/\/bien-etreiris.ch\/de\/#website","url":"https:\/\/bien-etreiris.ch\/de\/","name":"Bien-\u00eatre Iris","description":"IHRE Gesundheit ist uns wichtig","potentialAction":[{"@type":"SearchAction","target":{"@type":"EntryPoint","urlTemplate":"https:\/\/bien-etreiris.ch\/de\/?s={search_term_string}"},"query-input":{"@type":"PropertyValueSpecification","valueRequired":true,"valueName":"search_term_string"}}],"inLanguage":"de"}]}},"_links":{"self":[{"href":"https:\/\/bien-etreiris.ch\/de\/wp-json\/wp\/v2\/pages\/44823","targetHints":{"allow":["GET"]}}],"collection":[{"href":"https:\/\/bien-etreiris.ch\/de\/wp-json\/wp\/v2\/pages"}],"about":[{"href":"https:\/\/bien-etreiris.ch\/de\/wp-json\/wp\/v2\/types\/page"}],"author":[{"embeddable":true,"href":"https:\/\/bien-etreiris.ch\/de\/wp-json\/wp\/v2\/users\/1"}],"replies":[{"embeddable":true,"href":"https:\/\/bien-etreiris.ch\/de\/wp-json\/wp\/v2\/comments?post=44823"}],"version-history":[{"count":6,"href":"https:\/\/bien-etreiris.ch\/de\/wp-json\/wp\/v2\/pages\/44823\/revisions"}],"predecessor-version":[{"id":50155,"href":"https:\/\/bien-etreiris.ch\/de\/wp-json\/wp\/v2\/pages\/44823\/revisions\/50155"}],"up":[{"embeddable":true,"href":"https:\/\/bien-etreiris.ch\/de\/wp-json\/wp\/v2\/pages\/44406"}],"wp:featuredmedia":[{"embeddable":true,"href":"https:\/\/bien-etreiris.ch\/de\/wp-json\/wp\/v2\/media\/44820"}],"wp:attachment":[{"href":"https:\/\/bien-etreiris.ch\/de\/wp-json\/wp\/v2\/media?parent=44823"}],"curies":[{"name":"wp","href":"https:\/\/api.w.org\/{rel}","templated":true}]}}