{"id":44788,"date":"2021-05-19T09:33:54","date_gmt":"2021-05-19T07:33:54","guid":{"rendered":"https:\/\/bien-etreiris.ch\/?page_id=44788"},"modified":"2021-06-18T07:07:26","modified_gmt":"2021-06-18T05:07:26","slug":"damascena","status":"publish","type":"page","link":"https:\/\/bien-etreiris.ch\/de\/unsere-marken\/damascena\/","title":{"rendered":"DAMASCENA"},"content":{"rendered":"\n<h2>Damascena<\/h2>\n<p>Die Damascena AG ist Produzent und Gro\u00dfh\u00e4ndler von verschiedenen \u00e4therischen \u00d6len und Duftmischungen.<\/p>\n<h4><br>Ihre Geschichte seit 1993<\/h4>\n<p>Die Faszination f\u00fcr Naturprodukte sowie das Vertrauen unserer Kunden sind f\u00fcr uns als kleines Unternehmen extrem wichtig und motivieren uns t\u00e4glich.<\/p>\n<p>Wir produzieren viele unserer hochwertigen Produkte selbst. Wir verwenden nur 100% nat\u00fcrliche und hochwertige Rohstoffe. Damascena legt gro\u00dfen Wert auf Qualit\u00e4t und Transparenz. Um beides zu gew\u00e4hrleisten, reist der Gr\u00fcnder und Inhaber der Damascena AG, Marcel Kocaman, regelm\u00e4\u00dfig um die Welt und \u00fcberpr\u00fcft die Qualit\u00e4t unserer Rohstoffe und Produkte sowie deren faire Herstellung. So k\u00f6nnen wir zu 100 % hinter unseren Produkten stehen.<\/p>\n<p>&nbsp;<\/p>\n<h2><a href=\"https:\/\/bien-etreiris.ch\/de\/produktpraesentation\/hygiene\/koerperpflege\/herren\/after-shave\/\" target=\"_blank\" rel=\"noopener\">AFTERSHAVE<\/a><\/h2>\n<p>&nbsp;<\/p>\n<h2><a href=\"https:\/\/bien-etreiris.ch\/de\/produktpraesentation\/hygiene\/desinfektion\/haendedesinfektion\/\" target=\"_blank\" rel=\"noopener\">H\u00c4NDEDESINFEKTION<\/a><\/h2>\n<p>&nbsp;<\/p>\n<h2><a href=\"https:\/\/bien-etreiris.ch\/de\/produktpraesentation\/natuerliche-heilmittel\/ohrkerzen\/biosun\/\" target=\"_blank\" rel=\"noopener\">OHRKERZEN BIOSUN<\/a><\/h2>\n<p>&nbsp;<\/p>\n<h2><a href=\"https:\/\/bien-etreiris.ch\/de\/produktpraesentation\/aromatherapie\/raumbeduftung\/\" target=\"_blank\" rel=\"noopener\">RAUMBEDUFTUNG<\/a><\/h2>\n<p>&nbsp;<\/p>\n<h2><a href=\"https:\/\/bien-etreiris.ch\/de\/produktpraesentation\/aromatherapie\/aetherische-oele\/\" target=\"_blank\" rel=\"noopener\">\u00c4THERISCHE \u00d6LE<\/a><\/h2>\n<p>&nbsp;<\/p>\n<h2><a href=\"https:\/\/bien-etreiris.ch\/de\/produktpraesentation\/aromatherapie\/pflanzenwaesser\/\" target=\"_blank\" rel=\"noopener\">PFLANZENW\u00c4SSER<\/a><\/h2>\n<p>&nbsp;<\/p>\n","protected":false},"excerpt":{"rendered":"<p>Damascena Die Damascena AG ist Produzent und Gro\u00dfh\u00e4ndler von verschiedenen \u00e4therischen \u00d6len und Duftmischungen. Ihre Geschichte seit 1993 Die Faszination f\u00fcr Naturprodukte sowie das Vertrauen unserer Kunden sind f\u00fcr uns als kleines Unternehmen extrem wichtig und motivieren uns t\u00e4glich. Wir produzieren viele unserer hochwertigen Produkte selbst. Wir verwenden nur 100% nat\u00fcrliche und hochwertige Rohstoffe. Damascena legt gro\u00dfen Wert auf Qualit\u00e4t&nbsp;<a href=\"https:\/\/bien-etreiris.ch\/de\/unsere-marken\/damascena\/\" class=\"read-more\">Weiter lesen<\/a><\/p>\n","protected":false},"author":1,"featured_media":44782,"parent":44406,"menu_order":5806,"comment_status":"closed","ping_status":"closed","template":"page-with-child.php","meta":{"_acf_changed":false,"ngg_post_thumbnail":0,"footnotes":""},"class_list":["post-44788","page","type-page","status-publish","has-post-thumbnail","hentry"],"acf":[],"yoast_head":"<!-- This site is optimized with the Yoast SEO plugin v27.6 - https:\/\/yoast.com\/product\/yoast-seo-wordpress\/ -->\n<title>DAMASCENA - WOHLBEFINDEN<\/title>\n<meta name=\"robots\" content=\"index, follow, max-snippet:-1, max-image-preview:large, max-video-preview:-1\" \/>\n<link rel=\"canonical\" href=\"https:\/\/bien-etreiris.ch\/de\/unsere-marken\/damascena\/\" \/>\n<meta property=\"og:locale\" content=\"de_DE\" \/>\n<meta property=\"og:type\" content=\"article\" \/>\n<meta property=\"og:title\" content=\"DAMASCENA - WOHLBEFINDEN\" \/>\n<meta property=\"og:description\" content=\"Damascena Die Damascena AG ist Produzent und Gro\u00dfh\u00e4ndler von verschiedenen \u00e4therischen \u00d6len und Duftmischungen. Ihre Geschichte seit 1993 Die Faszination f\u00fcr Naturprodukte sowie das Vertrauen unserer Kunden sind f\u00fcr uns als kleines Unternehmen extrem wichtig und motivieren uns t\u00e4glich. Wir produzieren viele unserer hochwertigen Produkte selbst. Wir verwenden nur 100% nat\u00fcrliche und hochwertige Rohstoffe. Damascena legt gro\u00dfen Wert auf Qualit\u00e4t&nbsp;Weiter lesen\" \/>\n<meta property=\"og:url\" content=\"https:\/\/bien-etreiris.ch\/de\/unsere-marken\/damascena\/\" \/>\n<meta property=\"og:site_name\" content=\"WOHLBEFINDEN\" \/>\n<meta property=\"article:publisher\" content=\"https:\/\/www.facebook.com\/bienetreiris\/\" \/>\n<meta property=\"article:modified_time\" content=\"2021-06-18T05:07:26+00:00\" \/>\n<meta property=\"og:image\" content=\"https:\/\/bien-etreiris.ch\/wp-content\/uploads\/2021\/05\/Damascena.jpg\" \/>\n\t<meta property=\"og:image:width\" content=\"500\" \/>\n\t<meta property=\"og:image:height\" content=\"359\" \/>\n\t<meta property=\"og:image:type\" content=\"image\/jpeg\" \/>\n<meta name=\"twitter:label1\" content=\"Gesch\u00e4tzte Lesezeit\" \/>\n\t<meta name=\"twitter:data1\" content=\"1\u00a0Minute\" \/>\n<script type=\"application\/ld+json\" class=\"yoast-schema-graph\">{\"@context\":\"https:\\\/\\\/schema.org\",\"@graph\":[{\"@type\":\"WebPage\",\"@id\":\"https:\\\/\\\/bien-etreiris.ch\\\/de\\\/unsere-marken\\\/damascena\\\/\",\"url\":\"https:\\\/\\\/bien-etreiris.ch\\\/de\\\/unsere-marken\\\/damascena\\\/\",\"name\":\"DAMASCENA - WOHLBEFINDEN\",\"isPartOf\":{\"@id\":\"https:\\\/\\\/bien-etreiris.ch\\\/de\\\/#website\"},\"primaryImageOfPage\":{\"@id\":\"https:\\\/\\\/bien-etreiris.ch\\\/de\\\/unsere-marken\\\/damascena\\\/#primaryimage\"},\"image\":{\"@id\":\"https:\\\/\\\/bien-etreiris.ch\\\/de\\\/unsere-marken\\\/damascena\\\/#primaryimage\"},\"thumbnailUrl\":\"https:\\\/\\\/bien-etreiris.ch\\\/wp-content\\\/uploads\\\/2021\\\/05\\\/Damascena.jpg\",\"datePublished\":\"2021-05-19T07:33:54+00:00\",\"dateModified\":\"2021-06-18T05:07:26+00:00\",\"breadcrumb\":{\"@id\":\"https:\\\/\\\/bien-etreiris.ch\\\/de\\\/unsere-marken\\\/damascena\\\/#breadcrumb\"},\"inLanguage\":\"de\",\"potentialAction\":[{\"@type\":\"ReadAction\",\"target\":[\"https:\\\/\\\/bien-etreiris.ch\\\/de\\\/unsere-marken\\\/damascena\\\/\"]}]},{\"@type\":\"ImageObject\",\"inLanguage\":\"de\",\"@id\":\"https:\\\/\\\/bien-etreiris.ch\\\/de\\\/unsere-marken\\\/damascena\\\/#primaryimage\",\"url\":\"https:\\\/\\\/bien-etreiris.ch\\\/wp-content\\\/uploads\\\/2021\\\/05\\\/Damascena.jpg\",\"contentUrl\":\"https:\\\/\\\/bien-etreiris.ch\\\/wp-content\\\/uploads\\\/2021\\\/05\\\/Damascena.jpg\",\"width\":500,\"height\":359},{\"@type\":\"BreadcrumbList\",\"@id\":\"https:\\\/\\\/bien-etreiris.ch\\\/de\\\/unsere-marken\\\/damascena\\\/#breadcrumb\",\"itemListElement\":[{\"@type\":\"ListItem\",\"position\":1,\"name\":\"Home\",\"item\":\"https:\\\/\\\/bien-etreiris.ch\\\/de\\\/\"},{\"@type\":\"ListItem\",\"position\":2,\"name\":\"UNSERE MARKEN\",\"item\":\"https:\\\/\\\/bien-etreiris.ch\\\/de\\\/unsere-marken\\\/\"},{\"@type\":\"ListItem\",\"position\":3,\"name\":\"DAMASCENA\"}]},{\"@type\":\"WebSite\",\"@id\":\"https:\\\/\\\/bien-etreiris.ch\\\/de\\\/#website\",\"url\":\"https:\\\/\\\/bien-etreiris.ch\\\/de\\\/\",\"name\":\"Bien-\u00eatre Iris\",\"description\":\"IHRE Gesundheit ist uns wichtig\",\"potentialAction\":[{\"@type\":\"SearchAction\",\"target\":{\"@type\":\"EntryPoint\",\"urlTemplate\":\"https:\\\/\\\/bien-etreiris.ch\\\/de\\\/?s={search_term_string}\"},\"query-input\":{\"@type\":\"PropertyValueSpecification\",\"valueRequired\":true,\"valueName\":\"search_term_string\"}}],\"inLanguage\":\"de\"}]}<\/script>\n<!-- \/ Yoast SEO plugin. -->","yoast_head_json":{"title":"DAMASCENA - WOHLBEFINDEN","robots":{"index":"index","follow":"follow","max-snippet":"max-snippet:-1","max-image-preview":"max-image-preview:large","max-video-preview":"max-video-preview:-1"},"canonical":"https:\/\/bien-etreiris.ch\/de\/unsere-marken\/damascena\/","og_locale":"de_DE","og_type":"article","og_title":"DAMASCENA - WOHLBEFINDEN","og_description":"Damascena Die Damascena AG ist Produzent und Gro\u00dfh\u00e4ndler von verschiedenen \u00e4therischen \u00d6len und Duftmischungen. Ihre Geschichte seit 1993 Die Faszination f\u00fcr Naturprodukte sowie das Vertrauen unserer Kunden sind f\u00fcr uns als kleines Unternehmen extrem wichtig und motivieren uns t\u00e4glich. Wir produzieren viele unserer hochwertigen Produkte selbst. Wir verwenden nur 100% nat\u00fcrliche und hochwertige Rohstoffe. Damascena legt gro\u00dfen Wert auf Qualit\u00e4t&nbsp;Weiter lesen","og_url":"https:\/\/bien-etreiris.ch\/de\/unsere-marken\/damascena\/","og_site_name":"WOHLBEFINDEN","article_publisher":"https:\/\/www.facebook.com\/bienetreiris\/","article_modified_time":"2021-06-18T05:07:26+00:00","og_image":[{"width":500,"height":359,"url":"https:\/\/bien-etreiris.ch\/wp-content\/uploads\/2021\/05\/Damascena.jpg","type":"image\/jpeg"}],"twitter_misc":{"Gesch\u00e4tzte Lesezeit":"1\u00a0Minute"},"schema":{"@context":"https:\/\/schema.org","@graph":[{"@type":"WebPage","@id":"https:\/\/bien-etreiris.ch\/de\/unsere-marken\/damascena\/","url":"https:\/\/bien-etreiris.ch\/de\/unsere-marken\/damascena\/","name":"DAMASCENA - WOHLBEFINDEN","isPartOf":{"@id":"https:\/\/bien-etreiris.ch\/de\/#website"},"primaryImageOfPage":{"@id":"https:\/\/bien-etreiris.ch\/de\/unsere-marken\/damascena\/#primaryimage"},"image":{"@id":"https:\/\/bien-etreiris.ch\/de\/unsere-marken\/damascena\/#primaryimage"},"thumbnailUrl":"https:\/\/bien-etreiris.ch\/wp-content\/uploads\/2021\/05\/Damascena.jpg","datePublished":"2021-05-19T07:33:54+00:00","dateModified":"2021-06-18T05:07:26+00:00","breadcrumb":{"@id":"https:\/\/bien-etreiris.ch\/de\/unsere-marken\/damascena\/#breadcrumb"},"inLanguage":"de","potentialAction":[{"@type":"ReadAction","target":["https:\/\/bien-etreiris.ch\/de\/unsere-marken\/damascena\/"]}]},{"@type":"ImageObject","inLanguage":"de","@id":"https:\/\/bien-etreiris.ch\/de\/unsere-marken\/damascena\/#primaryimage","url":"https:\/\/bien-etreiris.ch\/wp-content\/uploads\/2021\/05\/Damascena.jpg","contentUrl":"https:\/\/bien-etreiris.ch\/wp-content\/uploads\/2021\/05\/Damascena.jpg","width":500,"height":359},{"@type":"BreadcrumbList","@id":"https:\/\/bien-etreiris.ch\/de\/unsere-marken\/damascena\/#breadcrumb","itemListElement":[{"@type":"ListItem","position":1,"name":"Home","item":"https:\/\/bien-etreiris.ch\/de\/"},{"@type":"ListItem","position":2,"name":"UNSERE MARKEN","item":"https:\/\/bien-etreiris.ch\/de\/unsere-marken\/"},{"@type":"ListItem","position":3,"name":"DAMASCENA"}]},{"@type":"WebSite","@id":"https:\/\/bien-etreiris.ch\/de\/#website","url":"https:\/\/bien-etreiris.ch\/de\/","name":"Bien-\u00eatre Iris","description":"IHRE Gesundheit ist uns wichtig","potentialAction":[{"@type":"SearchAction","target":{"@type":"EntryPoint","urlTemplate":"https:\/\/bien-etreiris.ch\/de\/?s={search_term_string}"},"query-input":{"@type":"PropertyValueSpecification","valueRequired":true,"valueName":"search_term_string"}}],"inLanguage":"de"}]}},"_links":{"self":[{"href":"https:\/\/bien-etreiris.ch\/de\/wp-json\/wp\/v2\/pages\/44788","targetHints":{"allow":["GET"]}}],"collection":[{"href":"https:\/\/bien-etreiris.ch\/de\/wp-json\/wp\/v2\/pages"}],"about":[{"href":"https:\/\/bien-etreiris.ch\/de\/wp-json\/wp\/v2\/types\/page"}],"author":[{"embeddable":true,"href":"https:\/\/bien-etreiris.ch\/de\/wp-json\/wp\/v2\/users\/1"}],"replies":[{"embeddable":true,"href":"https:\/\/bien-etreiris.ch\/de\/wp-json\/wp\/v2\/comments?post=44788"}],"version-history":[{"count":9,"href":"https:\/\/bien-etreiris.ch\/de\/wp-json\/wp\/v2\/pages\/44788\/revisions"}],"predecessor-version":[{"id":50647,"href":"https:\/\/bien-etreiris.ch\/de\/wp-json\/wp\/v2\/pages\/44788\/revisions\/50647"}],"up":[{"embeddable":true,"href":"https:\/\/bien-etreiris.ch\/de\/wp-json\/wp\/v2\/pages\/44406"}],"wp:featuredmedia":[{"embeddable":true,"href":"https:\/\/bien-etreiris.ch\/de\/wp-json\/wp\/v2\/media\/44782"}],"wp:attachment":[{"href":"https:\/\/bien-etreiris.ch\/de\/wp-json\/wp\/v2\/media?parent=44788"}],"curies":[{"name":"wp","href":"https:\/\/api.w.org\/{rel}","templated":true}]}}