{"id":44765,"date":"2021-05-19T09:04:43","date_gmt":"2021-05-19T07:04:43","guid":{"rendered":"https:\/\/bien-etreiris.ch\/?page_id=44765"},"modified":"2021-06-07T20:50:58","modified_gmt":"2021-06-07T18:50:58","slug":"biofarm","status":"publish","type":"page","link":"https:\/\/bien-etreiris.ch\/de\/unsere-marken\/biofarm\/","title":{"rendered":"BIOFARM"},"content":{"rendered":"\n<p>Die Biofarm heute ist in der Schweiz als Marke und als Selbsthilfe-Genossenschaft von Schweizer Biobauern etabliert. Wir f\u00f6rdern den einheimischen Biolandbau auf verschiedensten Ebenen:<\/p>\n<p>Wenige Jahre nach ihrer Gr\u00fcndung war die Biofarm massgeblich an der Entwicklung und Einf\u00fchrung gesamt schweizerischer Richtlinien f\u00fcr den Biolandbau beteiligt und ist seit 1981 als Gr\u00fcndungsmitglied der VSBLO in der heutigen Bio Suisse aktiv.<br>Auf dem Feld beraten wir unsere Bauern oder wirken mit bei der Erforschung alternativer Methoden zur Unkraut- und Sch\u00e4dlingsregulierung.<br>Beim Verkauf unserer Produkte versuchen wir im Biofachhandel und bei den Grossabnehmern, m\u00f6glichst vieles als Schweizer Produkt an Frau und Mann zu bringen.<\/p>\n<p>&nbsp;<\/p>\n<h2><a href=\"https:\/\/bien-etreiris.ch\/de\/produktpraesentation\/gesundes-leben\/gesunde-nahrungsmittel\/superfoods-lebensmittel\/trockenfruechte\/\" target=\"_blank\" rel=\"noopener\"><strong>TROCKENFR<\/strong><strong>\u00dcCHTE<\/strong><\/a><\/h2>\n<p>&nbsp;<\/p>\n<h2><a href=\"https:\/\/bien-etreiris.ch\/de\/produktpraesentation\/gesundes-leben\/gesunde-nahrungsmittel\/superfoods-lebensmittel\/nuesse\/\" target=\"_blank\" rel=\"noopener\">N<strong>\u00dcSSE<\/strong><\/a><\/h2>\n<h2>&nbsp;<\/h2>\n","protected":false},"excerpt":{"rendered":"<p>Die Biofarm heute ist in der Schweiz als Marke und als Selbsthilfe-Genossenschaft von Schweizer Biobauern etabliert. Wir f\u00f6rdern den einheimischen Biolandbau auf verschiedensten Ebenen: Wenige Jahre nach ihrer Gr\u00fcndung war die Biofarm massgeblich an der Entwicklung und Einf\u00fchrung gesamt schweizerischer Richtlinien f\u00fcr den Biolandbau beteiligt und ist seit 1981 als Gr\u00fcndungsmitglied der VSBLO in der heutigen Bio Suisse aktiv.Auf dem&nbsp;<a href=\"https:\/\/bien-etreiris.ch\/de\/unsere-marken\/biofarm\/\" class=\"read-more\">Weiter lesen<\/a><\/p>\n","protected":false},"author":1,"featured_media":44762,"parent":44406,"menu_order":5803,"comment_status":"closed","ping_status":"closed","template":"page-with-child.php","meta":{"_acf_changed":false,"ngg_post_thumbnail":0,"footnotes":""},"class_list":["post-44765","page","type-page","status-publish","has-post-thumbnail","hentry"],"acf":[],"yoast_head":"<!-- This site is optimized with the Yoast SEO plugin v27.4 - https:\/\/yoast.com\/product\/yoast-seo-wordpress\/ -->\n<title>BIOFARM - WOHLBEFINDEN<\/title>\n<meta name=\"robots\" content=\"index, follow, max-snippet:-1, max-image-preview:large, max-video-preview:-1\" \/>\n<link rel=\"canonical\" href=\"https:\/\/bien-etreiris.ch\/de\/unsere-marken\/biofarm\/\" \/>\n<meta property=\"og:locale\" content=\"de_DE\" \/>\n<meta property=\"og:type\" content=\"article\" \/>\n<meta property=\"og:title\" content=\"BIOFARM - WOHLBEFINDEN\" \/>\n<meta property=\"og:description\" content=\"Die Biofarm heute ist in der Schweiz als Marke und als Selbsthilfe-Genossenschaft von Schweizer Biobauern etabliert. Wir f\u00f6rdern den einheimischen Biolandbau auf verschiedensten Ebenen: Wenige Jahre nach ihrer Gr\u00fcndung war die Biofarm massgeblich an der Entwicklung und Einf\u00fchrung gesamt schweizerischer Richtlinien f\u00fcr den Biolandbau beteiligt und ist seit 1981 als Gr\u00fcndungsmitglied der VSBLO in der heutigen Bio Suisse aktiv.Auf dem&nbsp;Weiter lesen\" \/>\n<meta property=\"og:url\" content=\"https:\/\/bien-etreiris.ch\/de\/unsere-marken\/biofarm\/\" \/>\n<meta property=\"og:site_name\" content=\"WOHLBEFINDEN\" \/>\n<meta property=\"article:publisher\" content=\"https:\/\/www.facebook.com\/bienetreiris\/\" \/>\n<meta property=\"article:modified_time\" content=\"2021-06-07T18:50:58+00:00\" \/>\n<meta property=\"og:image\" content=\"https:\/\/bien-etreiris.ch\/wp-content\/uploads\/2021\/05\/Biofarm.png\" \/>\n\t<meta property=\"og:image:width\" content=\"500\" \/>\n\t<meta property=\"og:image:height\" content=\"393\" \/>\n\t<meta property=\"og:image:type\" content=\"image\/png\" \/>\n<meta name=\"twitter:label1\" content=\"Gesch\u00e4tzte Lesezeit\" \/>\n\t<meta name=\"twitter:data1\" content=\"1\u00a0Minute\" \/>\n<script type=\"application\/ld+json\" class=\"yoast-schema-graph\">{\"@context\":\"https:\\\/\\\/schema.org\",\"@graph\":[{\"@type\":\"WebPage\",\"@id\":\"https:\\\/\\\/bien-etreiris.ch\\\/de\\\/unsere-marken\\\/biofarm\\\/\",\"url\":\"https:\\\/\\\/bien-etreiris.ch\\\/de\\\/unsere-marken\\\/biofarm\\\/\",\"name\":\"BIOFARM - WOHLBEFINDEN\",\"isPartOf\":{\"@id\":\"https:\\\/\\\/bien-etreiris.ch\\\/de\\\/#website\"},\"primaryImageOfPage\":{\"@id\":\"https:\\\/\\\/bien-etreiris.ch\\\/de\\\/unsere-marken\\\/biofarm\\\/#primaryimage\"},\"image\":{\"@id\":\"https:\\\/\\\/bien-etreiris.ch\\\/de\\\/unsere-marken\\\/biofarm\\\/#primaryimage\"},\"thumbnailUrl\":\"https:\\\/\\\/bien-etreiris.ch\\\/wp-content\\\/uploads\\\/2021\\\/05\\\/Biofarm.png\",\"datePublished\":\"2021-05-19T07:04:43+00:00\",\"dateModified\":\"2021-06-07T18:50:58+00:00\",\"breadcrumb\":{\"@id\":\"https:\\\/\\\/bien-etreiris.ch\\\/de\\\/unsere-marken\\\/biofarm\\\/#breadcrumb\"},\"inLanguage\":\"de\",\"potentialAction\":[{\"@type\":\"ReadAction\",\"target\":[\"https:\\\/\\\/bien-etreiris.ch\\\/de\\\/unsere-marken\\\/biofarm\\\/\"]}]},{\"@type\":\"ImageObject\",\"inLanguage\":\"de\",\"@id\":\"https:\\\/\\\/bien-etreiris.ch\\\/de\\\/unsere-marken\\\/biofarm\\\/#primaryimage\",\"url\":\"https:\\\/\\\/bien-etreiris.ch\\\/wp-content\\\/uploads\\\/2021\\\/05\\\/Biofarm.png\",\"contentUrl\":\"https:\\\/\\\/bien-etreiris.ch\\\/wp-content\\\/uploads\\\/2021\\\/05\\\/Biofarm.png\",\"width\":500,\"height\":393},{\"@type\":\"BreadcrumbList\",\"@id\":\"https:\\\/\\\/bien-etreiris.ch\\\/de\\\/unsere-marken\\\/biofarm\\\/#breadcrumb\",\"itemListElement\":[{\"@type\":\"ListItem\",\"position\":1,\"name\":\"Home\",\"item\":\"https:\\\/\\\/bien-etreiris.ch\\\/de\\\/\"},{\"@type\":\"ListItem\",\"position\":2,\"name\":\"UNSERE MARKEN\",\"item\":\"https:\\\/\\\/bien-etreiris.ch\\\/de\\\/unsere-marken\\\/\"},{\"@type\":\"ListItem\",\"position\":3,\"name\":\"BIOFARM\"}]},{\"@type\":\"WebSite\",\"@id\":\"https:\\\/\\\/bien-etreiris.ch\\\/de\\\/#website\",\"url\":\"https:\\\/\\\/bien-etreiris.ch\\\/de\\\/\",\"name\":\"Bien-\u00eatre Iris\",\"description\":\"IHRE Gesundheit ist uns wichtig\",\"potentialAction\":[{\"@type\":\"SearchAction\",\"target\":{\"@type\":\"EntryPoint\",\"urlTemplate\":\"https:\\\/\\\/bien-etreiris.ch\\\/de\\\/?s={search_term_string}\"},\"query-input\":{\"@type\":\"PropertyValueSpecification\",\"valueRequired\":true,\"valueName\":\"search_term_string\"}}],\"inLanguage\":\"de\"}]}<\/script>\n<!-- \/ Yoast SEO plugin. -->","yoast_head_json":{"title":"BIOFARM - WOHLBEFINDEN","robots":{"index":"index","follow":"follow","max-snippet":"max-snippet:-1","max-image-preview":"max-image-preview:large","max-video-preview":"max-video-preview:-1"},"canonical":"https:\/\/bien-etreiris.ch\/de\/unsere-marken\/biofarm\/","og_locale":"de_DE","og_type":"article","og_title":"BIOFARM - WOHLBEFINDEN","og_description":"Die Biofarm heute ist in der Schweiz als Marke und als Selbsthilfe-Genossenschaft von Schweizer Biobauern etabliert. Wir f\u00f6rdern den einheimischen Biolandbau auf verschiedensten Ebenen: Wenige Jahre nach ihrer Gr\u00fcndung war die Biofarm massgeblich an der Entwicklung und Einf\u00fchrung gesamt schweizerischer Richtlinien f\u00fcr den Biolandbau beteiligt und ist seit 1981 als Gr\u00fcndungsmitglied der VSBLO in der heutigen Bio Suisse aktiv.Auf dem&nbsp;Weiter lesen","og_url":"https:\/\/bien-etreiris.ch\/de\/unsere-marken\/biofarm\/","og_site_name":"WOHLBEFINDEN","article_publisher":"https:\/\/www.facebook.com\/bienetreiris\/","article_modified_time":"2021-06-07T18:50:58+00:00","og_image":[{"width":500,"height":393,"url":"https:\/\/bien-etreiris.ch\/wp-content\/uploads\/2021\/05\/Biofarm.png","type":"image\/png"}],"twitter_misc":{"Gesch\u00e4tzte Lesezeit":"1\u00a0Minute"},"schema":{"@context":"https:\/\/schema.org","@graph":[{"@type":"WebPage","@id":"https:\/\/bien-etreiris.ch\/de\/unsere-marken\/biofarm\/","url":"https:\/\/bien-etreiris.ch\/de\/unsere-marken\/biofarm\/","name":"BIOFARM - WOHLBEFINDEN","isPartOf":{"@id":"https:\/\/bien-etreiris.ch\/de\/#website"},"primaryImageOfPage":{"@id":"https:\/\/bien-etreiris.ch\/de\/unsere-marken\/biofarm\/#primaryimage"},"image":{"@id":"https:\/\/bien-etreiris.ch\/de\/unsere-marken\/biofarm\/#primaryimage"},"thumbnailUrl":"https:\/\/bien-etreiris.ch\/wp-content\/uploads\/2021\/05\/Biofarm.png","datePublished":"2021-05-19T07:04:43+00:00","dateModified":"2021-06-07T18:50:58+00:00","breadcrumb":{"@id":"https:\/\/bien-etreiris.ch\/de\/unsere-marken\/biofarm\/#breadcrumb"},"inLanguage":"de","potentialAction":[{"@type":"ReadAction","target":["https:\/\/bien-etreiris.ch\/de\/unsere-marken\/biofarm\/"]}]},{"@type":"ImageObject","inLanguage":"de","@id":"https:\/\/bien-etreiris.ch\/de\/unsere-marken\/biofarm\/#primaryimage","url":"https:\/\/bien-etreiris.ch\/wp-content\/uploads\/2021\/05\/Biofarm.png","contentUrl":"https:\/\/bien-etreiris.ch\/wp-content\/uploads\/2021\/05\/Biofarm.png","width":500,"height":393},{"@type":"BreadcrumbList","@id":"https:\/\/bien-etreiris.ch\/de\/unsere-marken\/biofarm\/#breadcrumb","itemListElement":[{"@type":"ListItem","position":1,"name":"Home","item":"https:\/\/bien-etreiris.ch\/de\/"},{"@type":"ListItem","position":2,"name":"UNSERE MARKEN","item":"https:\/\/bien-etreiris.ch\/de\/unsere-marken\/"},{"@type":"ListItem","position":3,"name":"BIOFARM"}]},{"@type":"WebSite","@id":"https:\/\/bien-etreiris.ch\/de\/#website","url":"https:\/\/bien-etreiris.ch\/de\/","name":"Bien-\u00eatre Iris","description":"IHRE Gesundheit ist uns wichtig","potentialAction":[{"@type":"SearchAction","target":{"@type":"EntryPoint","urlTemplate":"https:\/\/bien-etreiris.ch\/de\/?s={search_term_string}"},"query-input":{"@type":"PropertyValueSpecification","valueRequired":true,"valueName":"search_term_string"}}],"inLanguage":"de"}]}},"_links":{"self":[{"href":"https:\/\/bien-etreiris.ch\/de\/wp-json\/wp\/v2\/pages\/44765","targetHints":{"allow":["GET"]}}],"collection":[{"href":"https:\/\/bien-etreiris.ch\/de\/wp-json\/wp\/v2\/pages"}],"about":[{"href":"https:\/\/bien-etreiris.ch\/de\/wp-json\/wp\/v2\/types\/page"}],"author":[{"embeddable":true,"href":"https:\/\/bien-etreiris.ch\/de\/wp-json\/wp\/v2\/users\/1"}],"replies":[{"embeddable":true,"href":"https:\/\/bien-etreiris.ch\/de\/wp-json\/wp\/v2\/comments?post=44765"}],"version-history":[{"count":7,"href":"https:\/\/bien-etreiris.ch\/de\/wp-json\/wp\/v2\/pages\/44765\/revisions"}],"predecessor-version":[{"id":49992,"href":"https:\/\/bien-etreiris.ch\/de\/wp-json\/wp\/v2\/pages\/44765\/revisions\/49992"}],"up":[{"embeddable":true,"href":"https:\/\/bien-etreiris.ch\/de\/wp-json\/wp\/v2\/pages\/44406"}],"wp:featuredmedia":[{"embeddable":true,"href":"https:\/\/bien-etreiris.ch\/de\/wp-json\/wp\/v2\/media\/44762"}],"wp:attachment":[{"href":"https:\/\/bien-etreiris.ch\/de\/wp-json\/wp\/v2\/media?parent=44765"}],"curies":[{"name":"wp","href":"https:\/\/api.w.org\/{rel}","templated":true}]}}