{"id":44663,"date":"2021-05-18T15:46:56","date_gmt":"2021-05-18T13:46:56","guid":{"rendered":"https:\/\/bien-etreiris.ch\/benecos\/"},"modified":"2022-09-24T04:51:22","modified_gmt":"2022-09-24T02:51:22","slug":"benecos","status":"publish","type":"page","link":"https:\/\/bien-etreiris.ch\/de\/unsere-marken\/benecos\/","title":{"rendered":"BENECOS"},"content":{"rendered":"\n<div class=\"texte-marque\">\n<section class=\"section\n                \n                is-width-wide\n                \n                  has-background\n                \n                \">\n<div class=\"container\n              has-limit\n              \">\n<div class=\"columns one-whole\">\n<div class=\"rich-text__content card-content\">\n<div class=\"rich-text__text has-columns--2 text-align-justify content \">\n<p>benecos ist sozusagen die \u201eDemokratisierung der Naturkosmetik seit 2010\u201c: war es damals doch <strong>die erste Marke im Biofachhandel, die qualitativ hochwertige Naturkosmetik deswegen so erschwinglich \u201ef\u00fcr jeden\u201c anbieten konnte<\/strong>, weil an den richtigen Stellen wie z. B. der Verpackung gespart wird. benecos Produkte sollen einfach Spa\u00df machen, dabei erschwinglich sein und dies ohne schlechtes Gef\u00fchl beim Blick auf die Inhaltsstoffe.<\/p>\n<p>All unsere Produkte, mit Ausnahmen der Nagellacke und des Desinfektionsmittels, sind <strong>zertifizierte Natur \u2013 oder sogar Biokosmetik<\/strong>, Garant f\u00fcr h\u00f6chste Produktqualit\u00e4t.<\/p>\n<p>F\u00fcr die Gr\u00fcnder Silke und Stephan gibt es bei benecos seit Anbeginn ein \u201eMantra\u201c: bei jedem benecos-Produkt ist es au\u00dferordentlich wichtig, dass der Inhalt teurer als die Verpackung sein muss. Der Standard in der Kosmetik ist oft genau andersherum!<\/p>\n<p>Ein anderer Punkt ist aber auch nat\u00fcrlich Spa\u00df bei der Anwendung und die Performance unserer Produkte: bevor wir etwas auf den Markt bringen, sind wir selbst unsere gr\u00f6\u00dften Kritiker. Nicht nur im Labor muss jedes Produkt f\u00fcr einwandfrei befunden werden - auch im Kollegenkreis gibt es f\u00fcr jedes Produkt einen H\u00e4rtetest. Auch Silke und Stephan testen jedes einzelne Produkt selbst auf \u201eHerz und Nieren\u201d, bevor es den Sprung ins Sortiment schafft.<\/p>\n<p><strong>Nat\u00fcrlich werden alle unsere Produkte tierversuchsfrei hergestellt und sind, wo immer m\u00f6glich, vegan.<\/strong><\/p>\n<p>&nbsp;<\/p>\n<\/div>\n<\/div>\n<\/div>\n<\/div>\n<\/section>\n* Die Nagellacke sind nicht BDIH-zertifiziert.<\/div>\n<div>&nbsp;<\/div>\n<p><iframe loading=\"lazy\" title=\"BENECOS\" width=\"604\" height=\"340\" src=\"https:\/\/www.youtube.com\/embed\/kbSm-EivqMU?feature=oembed\" frameborder=\"0\" allow=\"accelerometer; autoplay; clipboard-write; encrypted-media; gyroscope; picture-in-picture; web-share\" referrerpolicy=\"strict-origin-when-cross-origin\" allowfullscreen><\/iframe><\/p>\n<p>&nbsp;<\/p>\n<h2><a href=\"https:\/\/bien-etreiris.ch\/de\/produktpraesentation\/natuerliche-kosmetik\/schminken\/\" target=\"_blank\" rel=\"noopener\"> SCHMINKEN und pflegen<strong> mit Naturkosmetik zu attraktiven Preisen !&nbsp; benecos macht's m\u00f6glich <\/strong><\/a><\/h2>\n","protected":false},"excerpt":{"rendered":"<p>benecos ist sozusagen die \u201eDemokratisierung der Naturkosmetik seit 2010\u201c: war es damals doch die erste Marke im Biofachhandel, die qualitativ hochwertige Naturkosmetik deswegen so erschwinglich \u201ef\u00fcr jeden\u201c anbieten konnte, weil an den richtigen Stellen wie z. B. der Verpackung gespart wird. benecos Produkte sollen einfach Spa\u00df machen, dabei erschwinglich sein und dies ohne schlechtes Gef\u00fchl beim Blick auf die Inhaltsstoffe.&nbsp;<a href=\"https:\/\/bien-etreiris.ch\/de\/unsere-marken\/benecos\/\" class=\"read-more\">Weiter lesen<\/a><\/p>\n","protected":false},"author":1,"featured_media":44684,"parent":44406,"menu_order":5822,"comment_status":"closed","ping_status":"closed","template":"page-with-child.php","meta":{"_acf_changed":false,"ngg_post_thumbnail":0,"footnotes":""},"class_list":["post-44663","page","type-page","status-publish","has-post-thumbnail","hentry"],"acf":[],"yoast_head":"<!-- This site is optimized with the Yoast SEO plugin v27.5 - https:\/\/yoast.com\/product\/yoast-seo-wordpress\/ -->\n<title>BENECOS - WOHLBEFINDEN<\/title>\n<meta name=\"robots\" content=\"index, follow, max-snippet:-1, max-image-preview:large, max-video-preview:-1\" \/>\n<link rel=\"canonical\" href=\"https:\/\/bien-etreiris.ch\/de\/unsere-marken\/benecos\/\" \/>\n<meta property=\"og:locale\" content=\"de_DE\" \/>\n<meta property=\"og:type\" content=\"article\" \/>\n<meta property=\"og:title\" content=\"BENECOS - WOHLBEFINDEN\" \/>\n<meta property=\"og:description\" content=\"benecos ist sozusagen die \u201eDemokratisierung der Naturkosmetik seit 2010\u201c: war es damals doch die erste Marke im Biofachhandel, die qualitativ hochwertige Naturkosmetik deswegen so erschwinglich \u201ef\u00fcr jeden\u201c anbieten konnte, weil an den richtigen Stellen wie z. B. der Verpackung gespart wird. benecos Produkte sollen einfach Spa\u00df machen, dabei erschwinglich sein und dies ohne schlechtes Gef\u00fchl beim Blick auf die Inhaltsstoffe.&nbsp;Weiter lesen\" \/>\n<meta property=\"og:url\" content=\"https:\/\/bien-etreiris.ch\/de\/unsere-marken\/benecos\/\" \/>\n<meta property=\"og:site_name\" content=\"WOHLBEFINDEN\" \/>\n<meta property=\"article:publisher\" content=\"https:\/\/www.facebook.com\/bienetreiris\/\" \/>\n<meta property=\"article:modified_time\" content=\"2022-09-24T02:51:22+00:00\" \/>\n<meta property=\"og:image\" content=\"https:\/\/bien-etreiris.ch\/wp-content\/uploads\/2021\/05\/Benecos.jpg\" \/>\n\t<meta property=\"og:image:width\" content=\"500\" \/>\n\t<meta property=\"og:image:height\" content=\"375\" \/>\n\t<meta property=\"og:image:type\" content=\"image\/jpeg\" \/>\n<meta name=\"twitter:label1\" content=\"Gesch\u00e4tzte Lesezeit\" \/>\n\t<meta name=\"twitter:data1\" content=\"2\u00a0Minuten\" \/>\n<script type=\"application\/ld+json\" class=\"yoast-schema-graph\">{\"@context\":\"https:\\\/\\\/schema.org\",\"@graph\":[{\"@type\":\"WebPage\",\"@id\":\"https:\\\/\\\/bien-etreiris.ch\\\/de\\\/unsere-marken\\\/benecos\\\/\",\"url\":\"https:\\\/\\\/bien-etreiris.ch\\\/de\\\/unsere-marken\\\/benecos\\\/\",\"name\":\"BENECOS - WOHLBEFINDEN\",\"isPartOf\":{\"@id\":\"https:\\\/\\\/bien-etreiris.ch\\\/de\\\/#website\"},\"primaryImageOfPage\":{\"@id\":\"https:\\\/\\\/bien-etreiris.ch\\\/de\\\/unsere-marken\\\/benecos\\\/#primaryimage\"},\"image\":{\"@id\":\"https:\\\/\\\/bien-etreiris.ch\\\/de\\\/unsere-marken\\\/benecos\\\/#primaryimage\"},\"thumbnailUrl\":\"https:\\\/\\\/bien-etreiris.ch\\\/wp-content\\\/uploads\\\/2021\\\/05\\\/Benecos.jpg\",\"datePublished\":\"2021-05-18T13:46:56+00:00\",\"dateModified\":\"2022-09-24T02:51:22+00:00\",\"breadcrumb\":{\"@id\":\"https:\\\/\\\/bien-etreiris.ch\\\/de\\\/unsere-marken\\\/benecos\\\/#breadcrumb\"},\"inLanguage\":\"de\",\"potentialAction\":[{\"@type\":\"ReadAction\",\"target\":[\"https:\\\/\\\/bien-etreiris.ch\\\/de\\\/unsere-marken\\\/benecos\\\/\"]}]},{\"@type\":\"ImageObject\",\"inLanguage\":\"de\",\"@id\":\"https:\\\/\\\/bien-etreiris.ch\\\/de\\\/unsere-marken\\\/benecos\\\/#primaryimage\",\"url\":\"https:\\\/\\\/bien-etreiris.ch\\\/wp-content\\\/uploads\\\/2021\\\/05\\\/Benecos.jpg\",\"contentUrl\":\"https:\\\/\\\/bien-etreiris.ch\\\/wp-content\\\/uploads\\\/2021\\\/05\\\/Benecos.jpg\",\"width\":500,\"height\":375},{\"@type\":\"BreadcrumbList\",\"@id\":\"https:\\\/\\\/bien-etreiris.ch\\\/de\\\/unsere-marken\\\/benecos\\\/#breadcrumb\",\"itemListElement\":[{\"@type\":\"ListItem\",\"position\":1,\"name\":\"Home\",\"item\":\"https:\\\/\\\/bien-etreiris.ch\\\/de\\\/\"},{\"@type\":\"ListItem\",\"position\":2,\"name\":\"UNSERE MARKEN\",\"item\":\"https:\\\/\\\/bien-etreiris.ch\\\/de\\\/unsere-marken\\\/\"},{\"@type\":\"ListItem\",\"position\":3,\"name\":\"BENECOS\"}]},{\"@type\":\"WebSite\",\"@id\":\"https:\\\/\\\/bien-etreiris.ch\\\/de\\\/#website\",\"url\":\"https:\\\/\\\/bien-etreiris.ch\\\/de\\\/\",\"name\":\"Bien-\u00eatre Iris\",\"description\":\"IHRE Gesundheit ist uns wichtig\",\"potentialAction\":[{\"@type\":\"SearchAction\",\"target\":{\"@type\":\"EntryPoint\",\"urlTemplate\":\"https:\\\/\\\/bien-etreiris.ch\\\/de\\\/?s={search_term_string}\"},\"query-input\":{\"@type\":\"PropertyValueSpecification\",\"valueRequired\":true,\"valueName\":\"search_term_string\"}}],\"inLanguage\":\"de\"}]}<\/script>\n<!-- \/ Yoast SEO plugin. -->","yoast_head_json":{"title":"BENECOS - WOHLBEFINDEN","robots":{"index":"index","follow":"follow","max-snippet":"max-snippet:-1","max-image-preview":"max-image-preview:large","max-video-preview":"max-video-preview:-1"},"canonical":"https:\/\/bien-etreiris.ch\/de\/unsere-marken\/benecos\/","og_locale":"de_DE","og_type":"article","og_title":"BENECOS - WOHLBEFINDEN","og_description":"benecos ist sozusagen die \u201eDemokratisierung der Naturkosmetik seit 2010\u201c: war es damals doch die erste Marke im Biofachhandel, die qualitativ hochwertige Naturkosmetik deswegen so erschwinglich \u201ef\u00fcr jeden\u201c anbieten konnte, weil an den richtigen Stellen wie z. B. der Verpackung gespart wird. benecos Produkte sollen einfach Spa\u00df machen, dabei erschwinglich sein und dies ohne schlechtes Gef\u00fchl beim Blick auf die Inhaltsstoffe.&nbsp;Weiter lesen","og_url":"https:\/\/bien-etreiris.ch\/de\/unsere-marken\/benecos\/","og_site_name":"WOHLBEFINDEN","article_publisher":"https:\/\/www.facebook.com\/bienetreiris\/","article_modified_time":"2022-09-24T02:51:22+00:00","og_image":[{"width":500,"height":375,"url":"https:\/\/bien-etreiris.ch\/wp-content\/uploads\/2021\/05\/Benecos.jpg","type":"image\/jpeg"}],"twitter_misc":{"Gesch\u00e4tzte Lesezeit":"2\u00a0Minuten"},"schema":{"@context":"https:\/\/schema.org","@graph":[{"@type":"WebPage","@id":"https:\/\/bien-etreiris.ch\/de\/unsere-marken\/benecos\/","url":"https:\/\/bien-etreiris.ch\/de\/unsere-marken\/benecos\/","name":"BENECOS - WOHLBEFINDEN","isPartOf":{"@id":"https:\/\/bien-etreiris.ch\/de\/#website"},"primaryImageOfPage":{"@id":"https:\/\/bien-etreiris.ch\/de\/unsere-marken\/benecos\/#primaryimage"},"image":{"@id":"https:\/\/bien-etreiris.ch\/de\/unsere-marken\/benecos\/#primaryimage"},"thumbnailUrl":"https:\/\/bien-etreiris.ch\/wp-content\/uploads\/2021\/05\/Benecos.jpg","datePublished":"2021-05-18T13:46:56+00:00","dateModified":"2022-09-24T02:51:22+00:00","breadcrumb":{"@id":"https:\/\/bien-etreiris.ch\/de\/unsere-marken\/benecos\/#breadcrumb"},"inLanguage":"de","potentialAction":[{"@type":"ReadAction","target":["https:\/\/bien-etreiris.ch\/de\/unsere-marken\/benecos\/"]}]},{"@type":"ImageObject","inLanguage":"de","@id":"https:\/\/bien-etreiris.ch\/de\/unsere-marken\/benecos\/#primaryimage","url":"https:\/\/bien-etreiris.ch\/wp-content\/uploads\/2021\/05\/Benecos.jpg","contentUrl":"https:\/\/bien-etreiris.ch\/wp-content\/uploads\/2021\/05\/Benecos.jpg","width":500,"height":375},{"@type":"BreadcrumbList","@id":"https:\/\/bien-etreiris.ch\/de\/unsere-marken\/benecos\/#breadcrumb","itemListElement":[{"@type":"ListItem","position":1,"name":"Home","item":"https:\/\/bien-etreiris.ch\/de\/"},{"@type":"ListItem","position":2,"name":"UNSERE MARKEN","item":"https:\/\/bien-etreiris.ch\/de\/unsere-marken\/"},{"@type":"ListItem","position":3,"name":"BENECOS"}]},{"@type":"WebSite","@id":"https:\/\/bien-etreiris.ch\/de\/#website","url":"https:\/\/bien-etreiris.ch\/de\/","name":"Bien-\u00eatre Iris","description":"IHRE Gesundheit ist uns wichtig","potentialAction":[{"@type":"SearchAction","target":{"@type":"EntryPoint","urlTemplate":"https:\/\/bien-etreiris.ch\/de\/?s={search_term_string}"},"query-input":{"@type":"PropertyValueSpecification","valueRequired":true,"valueName":"search_term_string"}}],"inLanguage":"de"}]}},"_links":{"self":[{"href":"https:\/\/bien-etreiris.ch\/de\/wp-json\/wp\/v2\/pages\/44663","targetHints":{"allow":["GET"]}}],"collection":[{"href":"https:\/\/bien-etreiris.ch\/de\/wp-json\/wp\/v2\/pages"}],"about":[{"href":"https:\/\/bien-etreiris.ch\/de\/wp-json\/wp\/v2\/types\/page"}],"author":[{"embeddable":true,"href":"https:\/\/bien-etreiris.ch\/de\/wp-json\/wp\/v2\/users\/1"}],"replies":[{"embeddable":true,"href":"https:\/\/bien-etreiris.ch\/de\/wp-json\/wp\/v2\/comments?post=44663"}],"version-history":[{"count":7,"href":"https:\/\/bien-etreiris.ch\/de\/wp-json\/wp\/v2\/pages\/44663\/revisions"}],"predecessor-version":[{"id":60324,"href":"https:\/\/bien-etreiris.ch\/de\/wp-json\/wp\/v2\/pages\/44663\/revisions\/60324"}],"up":[{"embeddable":true,"href":"https:\/\/bien-etreiris.ch\/de\/wp-json\/wp\/v2\/pages\/44406"}],"wp:featuredmedia":[{"embeddable":true,"href":"https:\/\/bien-etreiris.ch\/de\/wp-json\/wp\/v2\/media\/44684"}],"wp:attachment":[{"href":"https:\/\/bien-etreiris.ch\/de\/wp-json\/wp\/v2\/media?parent=44663"}],"curies":[{"name":"wp","href":"https:\/\/api.w.org\/{rel}","templated":true}]}}