{"id":44637,"date":"2021-05-19T05:40:17","date_gmt":"2021-05-19T03:40:17","guid":{"rendered":"https:\/\/bien-etreiris.ch\/?page_id=44637"},"modified":"2025-05-09T06:36:22","modified_gmt":"2025-05-09T04:36:22","slug":"veranstaltungen-links-neuigkeiten","status":"publish","type":"page","link":"https:\/\/bien-etreiris.ch\/de\/veranstaltungen-links-neuigkeiten\/","title":{"rendered":"VERANSTALTUNGEN &#038; NEUHEITEN"},"content":{"rendered":"\n<h2>Veranstaltungen, links &amp; Neuigkeiten <\/h2>\n<p>&nbsp;<\/p>\n<p>&nbsp;<\/p>\n\n\n\n<hr>\n<h3>1.) VERANSTALTUNGEN<\/h3>\n<p><img loading=\"lazy\" decoding=\"async\" class=\"alignnone  wp-image-96531\" src=\"https:\/\/bien-etreiris.ch\/wp-content\/uploads\/2025\/05\/PHOTO-2025-05-06-19-27-29.jpg\" alt=\"\" width=\"827\" height=\"1199\" srcset=\"https:\/\/bien-etreiris.ch\/wp-content\/uploads\/2025\/05\/PHOTO-2025-05-06-19-27-29.jpg 544w, https:\/\/bien-etreiris.ch\/wp-content\/uploads\/2025\/05\/PHOTO-2025-05-06-19-27-29-207x300.jpg 207w\" sizes=\"auto, (max-width: 827px) 100vw, 827px\" \/><\/p>\n<p>&nbsp;<\/p>\n<h3>2.) GUTE ADRESSEN VON THERAPEUTEN<\/h3>\n<p>&nbsp;<\/p>\n<h2 class=\"font_4\"><span class=\"color_18\">NATURHEILKUNDE<\/span><\/h2>\n<h4 class=\"font_0\">Johanna Marquard Bayoudh<\/h4>\n<p><a href=\"https:\/\/www.naturheilwerkstatt.ch\" target=\"_blank\" rel=\"noopener\">https:\/\/www.naturheilwerkstatt.ch<\/a><\/p>\n<p><span class=\"wixui-rich-text__text\">Bei der Krankenkasse Visana und dem <a href=\"https:\/\/bien-etreiris.ch\/de\/veranstaltungen-links-neuigkeiten\/emr-zertifiziert\/\" rel=\"attachment wp-att-83075\"><img loading=\"lazy\" decoding=\"async\" class=\"alignnone wp-image-83079 size-full\" src=\"https:\/\/bien-etreiris.ch\/wp-content\/uploads\/2024\/01\/EMR-zertifiziert.jpg\" alt=\"\" width=\"170\" height=\"48\"><\/a> als Naturheilpraktikerin TEN anerkannt. <\/span><\/p>\n<hr>\n<h2>FUSSREFLEXZONENTHERAPEUTIN<\/h2>\n<h4 class=\"font_0\">Johanna Marquard Bayoudh<\/h4>\n<p><a href=\"https:\/\/www.naturheilwerkstatt.ch\" target=\"_blank\" rel=\"noopener\">https:\/\/www.naturheilwerkstatt.ch<\/a><\/p>\n<p><span class=\"wixui-rich-text__text\">als Fussreflexzonentherapeutin<\/span> bei der &nbsp;<a href=\"https:\/\/bien-etreiris.ch\/de\/veranstaltungen-links-neuigkeiten\/egk\/\" rel=\"attachment wp-att-83072\"><img loading=\"lazy\" decoding=\"async\" class=\"alignnone size-full wp-image-83072\" src=\"https:\/\/bien-etreiris.ch\/wp-content\/uploads\/2024\/01\/EGK.jpg\" alt=\"\" width=\"85\" height=\"48\"><\/a>&nbsp; anerkannt.<\/p>\n<hr>\n<h2 class=\"font_2\">MAGNETFELDTHERAPIE<\/h2>\n<h4>Peter Baeriswyl<\/h4>\n<p><a href=\"https:\/\/www.peter-baeriswyl.ch\/\" target=\"_blank\" rel=\"noopener\">https:\/\/www.peter-baeriswyl.ch\/<\/a><\/p>\n<p>&nbsp;<\/p>\n<p>&nbsp;<\/p>\n<p>&nbsp;<\/p>\n<p>&nbsp;<\/p>\n<p>&nbsp;<\/p>\n<p>&nbsp;<\/p>\n<p>&nbsp;<\/p>\n<p>&nbsp;<\/p>\n<p>&nbsp;<\/p>\n<p>&nbsp;<\/p>\n<p>&nbsp;<\/p>\n<p>&nbsp;<\/p>\n<hr><hr><hr>\n<h3>TIERE<\/h3>\n<p><a href=\"https:\/\/bien-etreiris.ch\/de\/veranstaltungen-links-neuigkeiten\/tamara-vorderseite\/\" rel=\"attachment wp-att-83172\"><img loading=\"lazy\" decoding=\"async\" class=\"alignnone  wp-image-83172\" src=\"https:\/\/bien-etreiris.ch\/wp-content\/uploads\/2024\/01\/Tamara-Vorderseite.jpg\" alt=\"\" width=\"302\" height=\"395\" srcset=\"https:\/\/bien-etreiris.ch\/wp-content\/uploads\/2024\/01\/Tamara-Vorderseite.jpg 429w, https:\/\/bien-etreiris.ch\/wp-content\/uploads\/2024\/01\/Tamara-Vorderseite-229x300.jpg 229w\" sizes=\"auto, (max-width: 302px) 100vw, 302px\" \/><\/a><\/p>\n<p>&nbsp;<\/p>\n<p><a href=\"https:\/\/bien-etreiris.ch\/de\/veranstaltungen-links-neuigkeiten\/tamara-hinterseite\/\" rel=\"attachment wp-att-83175\"><img loading=\"lazy\" decoding=\"async\" class=\"alignnone  wp-image-83175\" src=\"https:\/\/bien-etreiris.ch\/wp-content\/uploads\/2024\/01\/Tamara-Hinterseite.jpg\" alt=\"\" width=\"291\" height=\"425\" srcset=\"https:\/\/bien-etreiris.ch\/wp-content\/uploads\/2024\/01\/Tamara-Hinterseite.jpg 387w, https:\/\/bien-etreiris.ch\/wp-content\/uploads\/2024\/01\/Tamara-Hinterseite-205x300.jpg 205w\" sizes=\"auto, (max-width: 291px) 100vw, 291px\" \/><\/a><\/p>\n<p>&nbsp;<\/p>\n<p>&nbsp;<\/p>\n<p>&nbsp;<\/p>\n<p>&nbsp;<\/p>\n<p>&nbsp;<\/p>\n<p>&nbsp;<\/p>\n<p>&nbsp;<\/p>\n<p>&nbsp;<\/p>\n<p>&nbsp;<\/p>\n<p>&nbsp;<\/p>\n<p>&nbsp;<\/p>\n<hr>\n<h3>3.) NEUIGKEITEN<\/h3>\n<p>&nbsp;<\/p>\n<p>&nbsp;<\/p>\n<p>.<\/p>\n<p><img loading=\"lazy\" decoding=\"async\" class=\"alignleft wp-image-67823\" src=\"https:\/\/bien-etreiris.ch\/wp-content\/uploads\/2023\/03\/BoviGetix.jpg\" alt=\"\" width=\"316\" height=\"311\" srcset=\"https:\/\/bien-etreiris.ch\/wp-content\/uploads\/2023\/03\/BoviGetix.jpg 640w, https:\/\/bien-etreiris.ch\/wp-content\/uploads\/2023\/03\/BoviGetix-300x295.jpg 300w\" sizes=\"auto, (max-width: 316px) 100vw, 316px\" \/><\/p>\n<p>&nbsp;<\/p>\n<p>&nbsp;<\/p>\n<p>&nbsp;<\/p>\n<p>&nbsp;<\/p>\n<p>&nbsp;<\/p>\n<h2><a href=\"https:\/\/bien-etreiris.ch\/de\/produktpraesentation\/entspannen\/schluessel-zur-selbstheilung\/lebensenergien-staerken\/\" target=\"_blank\" rel=\"noopener\">ENERGIE KISSEN<\/a><\/h2>\n<p>&nbsp;<\/p>\n<p>&nbsp;<\/p>\n<p>&nbsp;<\/p>\n<hr>\n<p>F\u00fcr jedes Sternzeichen Ihr pers\u00f6nliches \u00e4therisches \u00d6l f\u00fcr die Aromalampe<\/p>\n<p>&nbsp;<\/p>\n<p><img loading=\"lazy\" decoding=\"async\" class=\"alignnone  wp-image-95085\" src=\"https:\/\/bien-etreiris.ch\/wp-content\/uploads\/2024\/12\/Astrologie.jpg\" alt=\"\" width=\"558\" height=\"306\" srcset=\"https:\/\/bien-etreiris.ch\/wp-content\/uploads\/2024\/12\/Astrologie.jpg 695w, https:\/\/bien-etreiris.ch\/wp-content\/uploads\/2024\/12\/Astrologie-300x164.jpg 300w\" sizes=\"auto, (max-width: 558px) 100vw, 558px\" \/><\/p>\n<p>&nbsp;<\/p>\n<h2><a href=\"https:\/\/bien-etreiris.ch\/de\/produktpraesentation\/aromatherapie\/synergien\/astrologique\/\" target=\"_blank\" rel=\"noopener\">STERNZEICHEN DUFT<\/a><\/h2>\n<p>&nbsp;<\/p>\n<p>&nbsp;<\/p>\n<hr>\n<p><a href=\"https:\/\/bien-etreiris.ch\/wp-content\/uploads\/2021\/05\/Nouveaute-ail-noir.jpg\"><img loading=\"lazy\" decoding=\"async\" class=\"size-medium wp-image-44632 alignleft\" src=\"https:\/\/bien-etreiris.ch\/wp-content\/uploads\/2021\/05\/Nouveaute-ail-noir-300x200.jpg\" alt=\"\" width=\"300\" height=\"200\" srcset=\"https:\/\/bien-etreiris.ch\/wp-content\/uploads\/2021\/05\/Nouveaute-ail-noir-300x200.jpg 300w, https:\/\/bien-etreiris.ch\/wp-content\/uploads\/2021\/05\/Nouveaute-ail-noir.jpg 500w\" sizes=\"auto, (max-width: 300px) 100vw, 300px\" \/><\/a><\/p>\n<p>&nbsp;<\/p>\n<p>&nbsp;<\/p>\n<p>&nbsp;<\/p>\n<p>&nbsp;<\/p>\n<h2><a href=\"https:\/\/bien-etreiris.ch\/de\/produktpraesentation\/gesundes-leben\/gesunde-lebensmittel\/zutaten-wohlbefinden\/gewuerze\/schwarzer-knoblauch\/\" target=\"_blank\" rel=\"noopener\">Schwarzer Knoblauch<\/a><\/h2>\n<p>&nbsp;<\/p>\n<hr>\n<h2><a href=\"https:\/\/bien-etreiris.ch\/wp-content\/uploads\/2021\/07\/lessive-reinventee.jpg\"><img loading=\"lazy\" decoding=\"async\" class=\"size-medium wp-image-52428 alignleft\" src=\"https:\/\/bien-etreiris.ch\/wp-content\/uploads\/2021\/07\/lessive-reinventee-300x190.jpg\" alt=\"\" width=\"300\" height=\"190\" srcset=\"https:\/\/bien-etreiris.ch\/wp-content\/uploads\/2021\/07\/lessive-reinventee-300x190.jpg 300w, https:\/\/bien-etreiris.ch\/wp-content\/uploads\/2021\/07\/lessive-reinventee.jpg 500w\" sizes=\"auto, (max-width: 300px) 100vw, 300px\" \/><\/a><\/h2>\n<h2>&nbsp;<\/h2>\n<h2>&nbsp;<\/h2>\n<h2><a href=\"https:\/\/bien-etreiris.ch\/de\/produktpraesentation\/hygiene\/haushaltsreinigung\/haushaltsseifen\/waesche-waschen\/washo\/\" target=\"_blank\" rel=\"noopener\">W\u00e4sche waschen neu entdeckt - WASHO<\/a><\/h2>\n<p>&nbsp;<\/p>\n<p>&nbsp;<\/p>\n<hr>\n<h2><a href=\"https:\/\/bien-etreiris.ch\/wp-content\/uploads\/2022\/07\/acceuil-Beauty-ID.jpg\"><img loading=\"lazy\" decoding=\"async\" class=\"alignnone size-full wp-image-56375\" src=\"https:\/\/bien-etreiris.ch\/wp-content\/uploads\/2022\/07\/acceuil-Beauty-ID.jpg\" alt=\"\" width=\"500\" height=\"326\" srcset=\"https:\/\/bien-etreiris.ch\/wp-content\/uploads\/2022\/07\/acceuil-Beauty-ID.jpg 500w, https:\/\/bien-etreiris.ch\/wp-content\/uploads\/2022\/07\/acceuil-Beauty-ID-300x196.jpg 300w\" sizes=\"auto, (max-width: 500px) 100vw, 500px\" \/><\/a> &nbsp;&nbsp;<a href=\"https:\/\/bien-etreiris.ch\/de\/produktpraesentation\/natuerliche-kosmetik\/schminken\/beauty-id\/\" target=\"_blank\" rel=\"noopener\"> BEAUTY ID<\/a><\/h2>\n<p>&nbsp;<\/p>\n<hr>\n<p>&nbsp;<\/p>\n<p>&nbsp;<\/p>\n<p>&nbsp;<\/p>\n<p>&nbsp;<\/p>\n<p>&nbsp;<\/p>\n","protected":false},"excerpt":{"rendered":"<p>Veranstaltungen, links &amp; Neuigkeiten &nbsp; &nbsp; 1.) VERANSTALTUNGEN &nbsp; 2.) GUTE ADRESSEN VON THERAPEUTEN &nbsp; NATURHEILKUNDE Johanna Marquard Bayoudh https:\/\/www.naturheilwerkstatt.ch Bei der Krankenkasse Visana und dem als Naturheilpraktikerin TEN anerkannt. FUSSREFLEXZONENTHERAPEUTIN Johanna Marquard Bayoudh https:\/\/www.naturheilwerkstatt.ch als Fussreflexzonentherapeutin bei der &nbsp;&nbsp; anerkannt. MAGNETFELDTHERAPIE Peter Baeriswyl https:\/\/www.peter-baeriswyl.ch\/ &nbsp; &nbsp; &nbsp; &nbsp; &nbsp; &nbsp; &nbsp; &nbsp; &nbsp; &nbsp; &nbsp; &nbsp; TIERE &nbsp; &nbsp;&nbsp;<a href=\"https:\/\/bien-etreiris.ch\/de\/veranstaltungen-links-neuigkeiten\/\" class=\"read-more\">Weiter lesen<\/a><\/p>\n","protected":false},"author":1,"featured_media":44647,"parent":0,"menu_order":5818,"comment_status":"closed","ping_status":"closed","template":"page-with-child.php","meta":{"_acf_changed":false,"ngg_post_thumbnail":0,"footnotes":""},"class_list":["post-44637","page","type-page","status-publish","has-post-thumbnail","hentry"],"acf":[],"yoast_head":"<!-- This site is optimized with the Yoast SEO plugin v27.5 - https:\/\/yoast.com\/product\/yoast-seo-wordpress\/ -->\n<title>VERANSTALTUNGEN &amp; NEUHEITEN - WOHLBEFINDEN<\/title>\n<meta name=\"robots\" content=\"index, follow, max-snippet:-1, max-image-preview:large, max-video-preview:-1\" \/>\n<link rel=\"canonical\" href=\"https:\/\/bien-etreiris.ch\/de\/veranstaltungen-links-neuigkeiten\/\" \/>\n<meta property=\"og:locale\" content=\"de_DE\" \/>\n<meta property=\"og:type\" content=\"article\" \/>\n<meta property=\"og:title\" content=\"VERANSTALTUNGEN &amp; NEUHEITEN - WOHLBEFINDEN\" \/>\n<meta property=\"og:description\" content=\"Veranstaltungen, links &amp; Neuigkeiten &nbsp; &nbsp; 1.) VERANSTALTUNGEN &nbsp; 2.) GUTE ADRESSEN VON THERAPEUTEN &nbsp; NATURHEILKUNDE Johanna Marquard Bayoudh https:\/\/www.naturheilwerkstatt.ch Bei der Krankenkasse Visana und dem als Naturheilpraktikerin TEN anerkannt. FUSSREFLEXZONENTHERAPEUTIN Johanna Marquard Bayoudh https:\/\/www.naturheilwerkstatt.ch als Fussreflexzonentherapeutin bei der &nbsp;&nbsp; anerkannt. MAGNETFELDTHERAPIE Peter Baeriswyl https:\/\/www.peter-baeriswyl.ch\/ &nbsp; &nbsp; &nbsp; &nbsp; &nbsp; &nbsp; &nbsp; &nbsp; &nbsp; &nbsp; &nbsp; &nbsp; TIERE &nbsp; &nbsp;&nbsp;Weiter lesen\" \/>\n<meta property=\"og:url\" content=\"https:\/\/bien-etreiris.ch\/de\/veranstaltungen-links-neuigkeiten\/\" \/>\n<meta property=\"og:site_name\" content=\"WOHLBEFINDEN\" \/>\n<meta property=\"article:publisher\" content=\"https:\/\/www.facebook.com\/bienetreiris\/\" \/>\n<meta property=\"article:modified_time\" content=\"2025-05-09T04:36:22+00:00\" \/>\n<meta property=\"og:image\" content=\"https:\/\/bien-etreiris.ch\/wp-content\/uploads\/2021\/05\/Acceuil-nouveaute.jpg\" \/>\n\t<meta property=\"og:image:width\" content=\"500\" \/>\n\t<meta property=\"og:image:height\" content=\"280\" \/>\n\t<meta property=\"og:image:type\" content=\"image\/jpeg\" \/>\n<meta name=\"twitter:label1\" content=\"Gesch\u00e4tzte Lesezeit\" \/>\n\t<meta name=\"twitter:data1\" content=\"3\u00a0Minuten\" \/>\n<script type=\"application\/ld+json\" class=\"yoast-schema-graph\">{\"@context\":\"https:\\\/\\\/schema.org\",\"@graph\":[{\"@type\":\"WebPage\",\"@id\":\"https:\\\/\\\/bien-etreiris.ch\\\/de\\\/veranstaltungen-links-neuigkeiten\\\/\",\"url\":\"https:\\\/\\\/bien-etreiris.ch\\\/de\\\/veranstaltungen-links-neuigkeiten\\\/\",\"name\":\"VERANSTALTUNGEN & NEUHEITEN - WOHLBEFINDEN\",\"isPartOf\":{\"@id\":\"https:\\\/\\\/bien-etreiris.ch\\\/de\\\/#website\"},\"primaryImageOfPage\":{\"@id\":\"https:\\\/\\\/bien-etreiris.ch\\\/de\\\/veranstaltungen-links-neuigkeiten\\\/#primaryimage\"},\"image\":{\"@id\":\"https:\\\/\\\/bien-etreiris.ch\\\/de\\\/veranstaltungen-links-neuigkeiten\\\/#primaryimage\"},\"thumbnailUrl\":\"https:\\\/\\\/bien-etreiris.ch\\\/wp-content\\\/uploads\\\/2021\\\/05\\\/Acceuil-nouveaute.jpg\",\"datePublished\":\"2021-05-19T03:40:17+00:00\",\"dateModified\":\"2025-05-09T04:36:22+00:00\",\"breadcrumb\":{\"@id\":\"https:\\\/\\\/bien-etreiris.ch\\\/de\\\/veranstaltungen-links-neuigkeiten\\\/#breadcrumb\"},\"inLanguage\":\"de\",\"potentialAction\":[{\"@type\":\"ReadAction\",\"target\":[\"https:\\\/\\\/bien-etreiris.ch\\\/de\\\/veranstaltungen-links-neuigkeiten\\\/\"]}]},{\"@type\":\"ImageObject\",\"inLanguage\":\"de\",\"@id\":\"https:\\\/\\\/bien-etreiris.ch\\\/de\\\/veranstaltungen-links-neuigkeiten\\\/#primaryimage\",\"url\":\"https:\\\/\\\/bien-etreiris.ch\\\/wp-content\\\/uploads\\\/2021\\\/05\\\/Acceuil-nouveaute.jpg\",\"contentUrl\":\"https:\\\/\\\/bien-etreiris.ch\\\/wp-content\\\/uploads\\\/2021\\\/05\\\/Acceuil-nouveaute.jpg\",\"width\":500,\"height\":280},{\"@type\":\"BreadcrumbList\",\"@id\":\"https:\\\/\\\/bien-etreiris.ch\\\/de\\\/veranstaltungen-links-neuigkeiten\\\/#breadcrumb\",\"itemListElement\":[{\"@type\":\"ListItem\",\"position\":1,\"name\":\"Home\",\"item\":\"https:\\\/\\\/bien-etreiris.ch\\\/de\\\/\"},{\"@type\":\"ListItem\",\"position\":2,\"name\":\"VERANSTALTUNGEN &#038; NEUHEITEN\"}]},{\"@type\":\"WebSite\",\"@id\":\"https:\\\/\\\/bien-etreiris.ch\\\/de\\\/#website\",\"url\":\"https:\\\/\\\/bien-etreiris.ch\\\/de\\\/\",\"name\":\"Bien-\u00eatre Iris\",\"description\":\"IHRE Gesundheit ist uns wichtig\",\"potentialAction\":[{\"@type\":\"SearchAction\",\"target\":{\"@type\":\"EntryPoint\",\"urlTemplate\":\"https:\\\/\\\/bien-etreiris.ch\\\/de\\\/?s={search_term_string}\"},\"query-input\":{\"@type\":\"PropertyValueSpecification\",\"valueRequired\":true,\"valueName\":\"search_term_string\"}}],\"inLanguage\":\"de\"}]}<\/script>\n<!-- \/ Yoast SEO plugin. -->","yoast_head_json":{"title":"VERANSTALTUNGEN & NEUHEITEN - WOHLBEFINDEN","robots":{"index":"index","follow":"follow","max-snippet":"max-snippet:-1","max-image-preview":"max-image-preview:large","max-video-preview":"max-video-preview:-1"},"canonical":"https:\/\/bien-etreiris.ch\/de\/veranstaltungen-links-neuigkeiten\/","og_locale":"de_DE","og_type":"article","og_title":"VERANSTALTUNGEN & NEUHEITEN - WOHLBEFINDEN","og_description":"Veranstaltungen, links &amp; Neuigkeiten &nbsp; &nbsp; 1.) VERANSTALTUNGEN &nbsp; 2.) GUTE ADRESSEN VON THERAPEUTEN &nbsp; NATURHEILKUNDE Johanna Marquard Bayoudh https:\/\/www.naturheilwerkstatt.ch Bei der Krankenkasse Visana und dem als Naturheilpraktikerin TEN anerkannt. FUSSREFLEXZONENTHERAPEUTIN Johanna Marquard Bayoudh https:\/\/www.naturheilwerkstatt.ch als Fussreflexzonentherapeutin bei der &nbsp;&nbsp; anerkannt. MAGNETFELDTHERAPIE Peter Baeriswyl https:\/\/www.peter-baeriswyl.ch\/ &nbsp; &nbsp; &nbsp; &nbsp; &nbsp; &nbsp; &nbsp; &nbsp; &nbsp; &nbsp; &nbsp; &nbsp; TIERE &nbsp; &nbsp;&nbsp;Weiter lesen","og_url":"https:\/\/bien-etreiris.ch\/de\/veranstaltungen-links-neuigkeiten\/","og_site_name":"WOHLBEFINDEN","article_publisher":"https:\/\/www.facebook.com\/bienetreiris\/","article_modified_time":"2025-05-09T04:36:22+00:00","og_image":[{"width":500,"height":280,"url":"https:\/\/bien-etreiris.ch\/wp-content\/uploads\/2021\/05\/Acceuil-nouveaute.jpg","type":"image\/jpeg"}],"twitter_misc":{"Gesch\u00e4tzte Lesezeit":"3\u00a0Minuten"},"schema":{"@context":"https:\/\/schema.org","@graph":[{"@type":"WebPage","@id":"https:\/\/bien-etreiris.ch\/de\/veranstaltungen-links-neuigkeiten\/","url":"https:\/\/bien-etreiris.ch\/de\/veranstaltungen-links-neuigkeiten\/","name":"VERANSTALTUNGEN & NEUHEITEN - WOHLBEFINDEN","isPartOf":{"@id":"https:\/\/bien-etreiris.ch\/de\/#website"},"primaryImageOfPage":{"@id":"https:\/\/bien-etreiris.ch\/de\/veranstaltungen-links-neuigkeiten\/#primaryimage"},"image":{"@id":"https:\/\/bien-etreiris.ch\/de\/veranstaltungen-links-neuigkeiten\/#primaryimage"},"thumbnailUrl":"https:\/\/bien-etreiris.ch\/wp-content\/uploads\/2021\/05\/Acceuil-nouveaute.jpg","datePublished":"2021-05-19T03:40:17+00:00","dateModified":"2025-05-09T04:36:22+00:00","breadcrumb":{"@id":"https:\/\/bien-etreiris.ch\/de\/veranstaltungen-links-neuigkeiten\/#breadcrumb"},"inLanguage":"de","potentialAction":[{"@type":"ReadAction","target":["https:\/\/bien-etreiris.ch\/de\/veranstaltungen-links-neuigkeiten\/"]}]},{"@type":"ImageObject","inLanguage":"de","@id":"https:\/\/bien-etreiris.ch\/de\/veranstaltungen-links-neuigkeiten\/#primaryimage","url":"https:\/\/bien-etreiris.ch\/wp-content\/uploads\/2021\/05\/Acceuil-nouveaute.jpg","contentUrl":"https:\/\/bien-etreiris.ch\/wp-content\/uploads\/2021\/05\/Acceuil-nouveaute.jpg","width":500,"height":280},{"@type":"BreadcrumbList","@id":"https:\/\/bien-etreiris.ch\/de\/veranstaltungen-links-neuigkeiten\/#breadcrumb","itemListElement":[{"@type":"ListItem","position":1,"name":"Home","item":"https:\/\/bien-etreiris.ch\/de\/"},{"@type":"ListItem","position":2,"name":"VERANSTALTUNGEN &#038; NEUHEITEN"}]},{"@type":"WebSite","@id":"https:\/\/bien-etreiris.ch\/de\/#website","url":"https:\/\/bien-etreiris.ch\/de\/","name":"Bien-\u00eatre Iris","description":"IHRE Gesundheit ist uns wichtig","potentialAction":[{"@type":"SearchAction","target":{"@type":"EntryPoint","urlTemplate":"https:\/\/bien-etreiris.ch\/de\/?s={search_term_string}"},"query-input":{"@type":"PropertyValueSpecification","valueRequired":true,"valueName":"search_term_string"}}],"inLanguage":"de"}]}},"_links":{"self":[{"href":"https:\/\/bien-etreiris.ch\/de\/wp-json\/wp\/v2\/pages\/44637","targetHints":{"allow":["GET"]}}],"collection":[{"href":"https:\/\/bien-etreiris.ch\/de\/wp-json\/wp\/v2\/pages"}],"about":[{"href":"https:\/\/bien-etreiris.ch\/de\/wp-json\/wp\/v2\/types\/page"}],"author":[{"embeddable":true,"href":"https:\/\/bien-etreiris.ch\/de\/wp-json\/wp\/v2\/users\/1"}],"replies":[{"embeddable":true,"href":"https:\/\/bien-etreiris.ch\/de\/wp-json\/wp\/v2\/comments?post=44637"}],"version-history":[{"count":25,"href":"https:\/\/bien-etreiris.ch\/de\/wp-json\/wp\/v2\/pages\/44637\/revisions"}],"predecessor-version":[{"id":96534,"href":"https:\/\/bien-etreiris.ch\/de\/wp-json\/wp\/v2\/pages\/44637\/revisions\/96534"}],"wp:featuredmedia":[{"embeddable":true,"href":"https:\/\/bien-etreiris.ch\/de\/wp-json\/wp\/v2\/media\/44647"}],"wp:attachment":[{"href":"https:\/\/bien-etreiris.ch\/de\/wp-json\/wp\/v2\/media?parent=44637"}],"curies":[{"name":"wp","href":"https:\/\/api.w.org\/{rel}","templated":true}]}}