{"id":44468,"date":"2021-05-16T12:50:03","date_gmt":"2021-05-16T10:50:03","guid":{"rendered":"https:\/\/bien-etreiris.ch\/?page_id=44468"},"modified":"2021-06-08T20:47:46","modified_gmt":"2021-06-08T18:47:46","slug":"anae","status":"publish","type":"page","link":"https:\/\/bien-etreiris.ch\/de\/unsere-marken\/anae\/","title":{"rendered":"ANAE"},"content":{"rendered":"\n<h2>Ana\u00e9<\/h2>\n<p>ist eine junge Marke von Produkten und Accessoires, die sich der nat\u00fcrlichen Sch\u00f6nheit und Hygiene widmet.<br>\u00d6kologische, verantwortungsvolle und zug\u00e4ngliche Produkte f\u00fcr alle B\u00e4der zu entwerfen und anzubieten,<br>das ist der Anspruch von Ana\u00e9\u00ae!<\/p>\n<p>Ana\u00e9\u00ae hat sich einem globalen \u00d6kodesign-Ansatz verschrieben und trifft eine strenge Auswahl von Produkten, die wirklich n\u00fctzlich sind<br>einfach in der Zusammensetzung und vielseitig einsetzbar, anpassbar und f\u00fcr jedes Budget geeignet<br>damit die Nutzung \u00f6kologischer Produkte f\u00fcr m\u00f6glichst viele Menschen zug\u00e4nglich ist.<\/p>\n<p>Ana\u00e9\u00ae f\u00f6rdert den \u00f6kologischen Landbau, indem es, wann immer m\u00f6glich, die Verwendung von pflanzlichen Inhaltsstoffen bevorzugt<br>aus \u00f6kologischer Landwirtschaft. Alle unsere Zutaten und Rohstoffe wurden mit Respekt vor der Erde und den Menschen, die zu ihr beitragen, ausgew\u00e4hlt.<br>unserer Erde und der Menschen, die zu diesen Produkten beitragen.<\/p>\n<p>&nbsp;<\/p>\n<h2><a href=\"https:\/\/bien-etreiris.ch\/de\/produktpraesentation\/aromatherapie\/selbst-herstellen\/rohstoffe\/chemie\/calciumcarbonat\/\" target=\"_blank\" rel=\"noopener\">CALCIUM CARBONATE<\/a><\/h2>\n<p>&nbsp;<\/p>\n<h2><a href=\"https:\/\/bien-etreiris.ch\/de\/produktpraesentation\/hygiene\/koerperpflege\/mundhygiene\/zahnpasta-pulver\/anae\/\" target=\"_blank\" rel=\"noopener\">ZAHNPASTAPULVER<\/a><\/h2>\n<p>&nbsp;<\/p>\n<h2><a href=\"https:\/\/bien-etreiris.ch\/de\/produktpraesentation\/hygiene\/koerperpflege\/babys-und-kinder\/liniment\/\" target=\"_blank\" rel=\"noopener\">LINEMET<\/a><\/h2>\n<p>&nbsp;<\/p>\n<h2><a href=\"https:\/\/bien-etreiris.ch\/de\/produktpraesentation\/aromatherapie\/selbst-herstellen\/rohstoffe\/salze\/epsom-salz\/\" target=\"_blank\" rel=\"noopener\">EPSOM SALZ<\/a><\/h2>\n<p>&nbsp;<\/p>\n<h2><a href=\"https:\/\/bien-etreiris.ch\/de\/produktpraesentation\/hygiene\/koerperpflege\/babys-und-kinder\/talkpuder\/\" target=\"_blank\" rel=\"noopener\">TALKPUDER<\/a><\/h2>\n<p>&nbsp;<\/p>\n","protected":false},"excerpt":{"rendered":"<p>Ana\u00e9 ist eine junge Marke von Produkten und Accessoires, die sich der nat\u00fcrlichen Sch\u00f6nheit und Hygiene widmet.\u00d6kologische, verantwortungsvolle und zug\u00e4ngliche Produkte f\u00fcr alle B\u00e4der zu entwerfen und anzubieten,das ist der Anspruch von Ana\u00e9\u00ae! Ana\u00e9\u00ae hat sich einem globalen \u00d6kodesign-Ansatz verschrieben und trifft eine strenge Auswahl von Produkten, die wirklich n\u00fctzlich sindeinfach in der Zusammensetzung und vielseitig einsetzbar, anpassbar und f\u00fcr&nbsp;<a href=\"https:\/\/bien-etreiris.ch\/de\/unsere-marken\/anae\/\" class=\"read-more\">Weiter lesen<\/a><\/p>\n","protected":false},"author":1,"featured_media":44673,"parent":44406,"menu_order":5836,"comment_status":"closed","ping_status":"closed","template":"","meta":{"_acf_changed":false,"ngg_post_thumbnail":0,"footnotes":""},"class_list":["post-44468","page","type-page","status-publish","has-post-thumbnail","hentry"],"acf":[],"yoast_head":"<!-- This site is optimized with the Yoast SEO plugin v27.4 - https:\/\/yoast.com\/product\/yoast-seo-wordpress\/ -->\n<title>ANAE - WOHLBEFINDEN<\/title>\n<meta name=\"robots\" content=\"index, follow, max-snippet:-1, max-image-preview:large, max-video-preview:-1\" \/>\n<link rel=\"canonical\" href=\"https:\/\/bien-etreiris.ch\/de\/unsere-marken\/anae\/\" \/>\n<meta property=\"og:locale\" content=\"de_DE\" \/>\n<meta property=\"og:type\" content=\"article\" \/>\n<meta property=\"og:title\" content=\"ANAE - WOHLBEFINDEN\" \/>\n<meta property=\"og:description\" content=\"Ana\u00e9 ist eine junge Marke von Produkten und Accessoires, die sich der nat\u00fcrlichen Sch\u00f6nheit und Hygiene widmet.\u00d6kologische, verantwortungsvolle und zug\u00e4ngliche Produkte f\u00fcr alle B\u00e4der zu entwerfen und anzubieten,das ist der Anspruch von Ana\u00e9\u00ae! Ana\u00e9\u00ae hat sich einem globalen \u00d6kodesign-Ansatz verschrieben und trifft eine strenge Auswahl von Produkten, die wirklich n\u00fctzlich sindeinfach in der Zusammensetzung und vielseitig einsetzbar, anpassbar und f\u00fcr&nbsp;Weiter lesen\" \/>\n<meta property=\"og:url\" content=\"https:\/\/bien-etreiris.ch\/de\/unsere-marken\/anae\/\" \/>\n<meta property=\"og:site_name\" content=\"WOHLBEFINDEN\" \/>\n<meta property=\"article:publisher\" content=\"https:\/\/www.facebook.com\/bienetreiris\/\" \/>\n<meta property=\"article:modified_time\" content=\"2021-06-08T18:47:46+00:00\" \/>\n<meta property=\"og:image\" content=\"https:\/\/bien-etreiris.ch\/wp-content\/uploads\/2021\/05\/anae.jpg\" \/>\n\t<meta property=\"og:image:width\" content=\"500\" \/>\n\t<meta property=\"og:image:height\" content=\"345\" \/>\n\t<meta property=\"og:image:type\" content=\"image\/jpeg\" \/>\n<meta name=\"twitter:label1\" content=\"Gesch\u00e4tzte Lesezeit\" \/>\n\t<meta name=\"twitter:data1\" content=\"1\u00a0Minute\" \/>\n<script type=\"application\/ld+json\" class=\"yoast-schema-graph\">{\"@context\":\"https:\\\/\\\/schema.org\",\"@graph\":[{\"@type\":\"WebPage\",\"@id\":\"https:\\\/\\\/bien-etreiris.ch\\\/de\\\/unsere-marken\\\/anae\\\/\",\"url\":\"https:\\\/\\\/bien-etreiris.ch\\\/de\\\/unsere-marken\\\/anae\\\/\",\"name\":\"ANAE - WOHLBEFINDEN\",\"isPartOf\":{\"@id\":\"https:\\\/\\\/bien-etreiris.ch\\\/de\\\/#website\"},\"primaryImageOfPage\":{\"@id\":\"https:\\\/\\\/bien-etreiris.ch\\\/de\\\/unsere-marken\\\/anae\\\/#primaryimage\"},\"image\":{\"@id\":\"https:\\\/\\\/bien-etreiris.ch\\\/de\\\/unsere-marken\\\/anae\\\/#primaryimage\"},\"thumbnailUrl\":\"https:\\\/\\\/bien-etreiris.ch\\\/wp-content\\\/uploads\\\/2021\\\/05\\\/anae.jpg\",\"datePublished\":\"2021-05-16T10:50:03+00:00\",\"dateModified\":\"2021-06-08T18:47:46+00:00\",\"breadcrumb\":{\"@id\":\"https:\\\/\\\/bien-etreiris.ch\\\/de\\\/unsere-marken\\\/anae\\\/#breadcrumb\"},\"inLanguage\":\"de\",\"potentialAction\":[{\"@type\":\"ReadAction\",\"target\":[\"https:\\\/\\\/bien-etreiris.ch\\\/de\\\/unsere-marken\\\/anae\\\/\"]}]},{\"@type\":\"ImageObject\",\"inLanguage\":\"de\",\"@id\":\"https:\\\/\\\/bien-etreiris.ch\\\/de\\\/unsere-marken\\\/anae\\\/#primaryimage\",\"url\":\"https:\\\/\\\/bien-etreiris.ch\\\/wp-content\\\/uploads\\\/2021\\\/05\\\/anae.jpg\",\"contentUrl\":\"https:\\\/\\\/bien-etreiris.ch\\\/wp-content\\\/uploads\\\/2021\\\/05\\\/anae.jpg\",\"width\":500,\"height\":345},{\"@type\":\"BreadcrumbList\",\"@id\":\"https:\\\/\\\/bien-etreiris.ch\\\/de\\\/unsere-marken\\\/anae\\\/#breadcrumb\",\"itemListElement\":[{\"@type\":\"ListItem\",\"position\":1,\"name\":\"Home\",\"item\":\"https:\\\/\\\/bien-etreiris.ch\\\/de\\\/\"},{\"@type\":\"ListItem\",\"position\":2,\"name\":\"UNSERE MARKEN\",\"item\":\"https:\\\/\\\/bien-etreiris.ch\\\/de\\\/unsere-marken\\\/\"},{\"@type\":\"ListItem\",\"position\":3,\"name\":\"ANAE\"}]},{\"@type\":\"WebSite\",\"@id\":\"https:\\\/\\\/bien-etreiris.ch\\\/de\\\/#website\",\"url\":\"https:\\\/\\\/bien-etreiris.ch\\\/de\\\/\",\"name\":\"Bien-\u00eatre Iris\",\"description\":\"IHRE Gesundheit ist uns wichtig\",\"potentialAction\":[{\"@type\":\"SearchAction\",\"target\":{\"@type\":\"EntryPoint\",\"urlTemplate\":\"https:\\\/\\\/bien-etreiris.ch\\\/de\\\/?s={search_term_string}\"},\"query-input\":{\"@type\":\"PropertyValueSpecification\",\"valueRequired\":true,\"valueName\":\"search_term_string\"}}],\"inLanguage\":\"de\"}]}<\/script>\n<!-- \/ Yoast SEO plugin. -->","yoast_head_json":{"title":"ANAE - WOHLBEFINDEN","robots":{"index":"index","follow":"follow","max-snippet":"max-snippet:-1","max-image-preview":"max-image-preview:large","max-video-preview":"max-video-preview:-1"},"canonical":"https:\/\/bien-etreiris.ch\/de\/unsere-marken\/anae\/","og_locale":"de_DE","og_type":"article","og_title":"ANAE - WOHLBEFINDEN","og_description":"Ana\u00e9 ist eine junge Marke von Produkten und Accessoires, die sich der nat\u00fcrlichen Sch\u00f6nheit und Hygiene widmet.\u00d6kologische, verantwortungsvolle und zug\u00e4ngliche Produkte f\u00fcr alle B\u00e4der zu entwerfen und anzubieten,das ist der Anspruch von Ana\u00e9\u00ae! Ana\u00e9\u00ae hat sich einem globalen \u00d6kodesign-Ansatz verschrieben und trifft eine strenge Auswahl von Produkten, die wirklich n\u00fctzlich sindeinfach in der Zusammensetzung und vielseitig einsetzbar, anpassbar und f\u00fcr&nbsp;Weiter lesen","og_url":"https:\/\/bien-etreiris.ch\/de\/unsere-marken\/anae\/","og_site_name":"WOHLBEFINDEN","article_publisher":"https:\/\/www.facebook.com\/bienetreiris\/","article_modified_time":"2021-06-08T18:47:46+00:00","og_image":[{"width":500,"height":345,"url":"https:\/\/bien-etreiris.ch\/wp-content\/uploads\/2021\/05\/anae.jpg","type":"image\/jpeg"}],"twitter_misc":{"Gesch\u00e4tzte Lesezeit":"1\u00a0Minute"},"schema":{"@context":"https:\/\/schema.org","@graph":[{"@type":"WebPage","@id":"https:\/\/bien-etreiris.ch\/de\/unsere-marken\/anae\/","url":"https:\/\/bien-etreiris.ch\/de\/unsere-marken\/anae\/","name":"ANAE - WOHLBEFINDEN","isPartOf":{"@id":"https:\/\/bien-etreiris.ch\/de\/#website"},"primaryImageOfPage":{"@id":"https:\/\/bien-etreiris.ch\/de\/unsere-marken\/anae\/#primaryimage"},"image":{"@id":"https:\/\/bien-etreiris.ch\/de\/unsere-marken\/anae\/#primaryimage"},"thumbnailUrl":"https:\/\/bien-etreiris.ch\/wp-content\/uploads\/2021\/05\/anae.jpg","datePublished":"2021-05-16T10:50:03+00:00","dateModified":"2021-06-08T18:47:46+00:00","breadcrumb":{"@id":"https:\/\/bien-etreiris.ch\/de\/unsere-marken\/anae\/#breadcrumb"},"inLanguage":"de","potentialAction":[{"@type":"ReadAction","target":["https:\/\/bien-etreiris.ch\/de\/unsere-marken\/anae\/"]}]},{"@type":"ImageObject","inLanguage":"de","@id":"https:\/\/bien-etreiris.ch\/de\/unsere-marken\/anae\/#primaryimage","url":"https:\/\/bien-etreiris.ch\/wp-content\/uploads\/2021\/05\/anae.jpg","contentUrl":"https:\/\/bien-etreiris.ch\/wp-content\/uploads\/2021\/05\/anae.jpg","width":500,"height":345},{"@type":"BreadcrumbList","@id":"https:\/\/bien-etreiris.ch\/de\/unsere-marken\/anae\/#breadcrumb","itemListElement":[{"@type":"ListItem","position":1,"name":"Home","item":"https:\/\/bien-etreiris.ch\/de\/"},{"@type":"ListItem","position":2,"name":"UNSERE MARKEN","item":"https:\/\/bien-etreiris.ch\/de\/unsere-marken\/"},{"@type":"ListItem","position":3,"name":"ANAE"}]},{"@type":"WebSite","@id":"https:\/\/bien-etreiris.ch\/de\/#website","url":"https:\/\/bien-etreiris.ch\/de\/","name":"Bien-\u00eatre Iris","description":"IHRE Gesundheit ist uns wichtig","potentialAction":[{"@type":"SearchAction","target":{"@type":"EntryPoint","urlTemplate":"https:\/\/bien-etreiris.ch\/de\/?s={search_term_string}"},"query-input":{"@type":"PropertyValueSpecification","valueRequired":true,"valueName":"search_term_string"}}],"inLanguage":"de"}]}},"_links":{"self":[{"href":"https:\/\/bien-etreiris.ch\/de\/wp-json\/wp\/v2\/pages\/44468","targetHints":{"allow":["GET"]}}],"collection":[{"href":"https:\/\/bien-etreiris.ch\/de\/wp-json\/wp\/v2\/pages"}],"about":[{"href":"https:\/\/bien-etreiris.ch\/de\/wp-json\/wp\/v2\/types\/page"}],"author":[{"embeddable":true,"href":"https:\/\/bien-etreiris.ch\/de\/wp-json\/wp\/v2\/users\/1"}],"replies":[{"embeddable":true,"href":"https:\/\/bien-etreiris.ch\/de\/wp-json\/wp\/v2\/comments?post=44468"}],"version-history":[{"count":13,"href":"https:\/\/bien-etreiris.ch\/de\/wp-json\/wp\/v2\/pages\/44468\/revisions"}],"predecessor-version":[{"id":50176,"href":"https:\/\/bien-etreiris.ch\/de\/wp-json\/wp\/v2\/pages\/44468\/revisions\/50176"}],"up":[{"embeddable":true,"href":"https:\/\/bien-etreiris.ch\/de\/wp-json\/wp\/v2\/pages\/44406"}],"wp:featuredmedia":[{"embeddable":true,"href":"https:\/\/bien-etreiris.ch\/de\/wp-json\/wp\/v2\/media\/44673"}],"wp:attachment":[{"href":"https:\/\/bien-etreiris.ch\/de\/wp-json\/wp\/v2\/media?parent=44468"}],"curies":[{"name":"wp","href":"https:\/\/api.w.org\/{rel}","templated":true}]}}