{"id":44430,"date":"2021-05-16T11:51:55","date_gmt":"2021-05-16T09:51:55","guid":{"rendered":"https:\/\/bien-etreiris.ch\/?page_id=44430"},"modified":"2022-09-23T18:27:00","modified_gmt":"2022-09-23T16:27:00","slug":"alepia","status":"publish","type":"page","link":"https:\/\/bien-etreiris.ch\/de\/unsere-marken\/alepia\/","title":{"rendered":"ALEPIA"},"content":{"rendered":"\n<h2>Alepia<\/h2>\n<p>Produkte, die in der reinsten Tradition der Seifenmacher-Meister von Aleppo hergestellt werden.<\/p>\n<p>Die Marke Alepia stellt seit 2008 Aleppo-Seifen unter dem wachsamen Auge des Meisters der Aleppo-Seifenherstellung, Dr. Harastani, her.<\/p>\n<p>Das Zusammentreffen von Wissenschaft und Authentizit\u00e4t hat es erm\u00f6glicht, die beste Qualit\u00e4t in den traditionellen Seifen zu erhalten und eine Reihe von Produkten zu entwickeln, die in der reinen Tradition und der n\u00fcchternen Nat\u00fcrlichkeit entstanden sind.<\/p>\n<p>Die Produktion, die k\u00fcrzlich nach Frankreich in die neue Seifenfabrik in Santeny verlegt wurde, l\u00e4uft unter der Leitung von Dr. Harastani weiter.<\/p>\n<p>Gleichzeitig importiert Alepia nach wie vor, wann immer m\u00f6glich, authentische Seifen aus Syrien.<\/p>\n<p>Alepia ist auch eine ganze Reihe von Haarpflege, Hammam-Pflege, Waschmittel, Parfums, Tone. Nicht zu vergessen die in den rohen Naturstein geschnittenen Deos aus Alaun.<\/p>\n<p>&nbsp;<\/p>\n<p>&nbsp;<\/p>\n<h2><a href=\"https:\/\/bien-etreiris.ch\/de\/produktpraesentation\/hygiene\/koerperpflege\/seifen\/savon-d-alep\/\" target=\"_blank\" rel=\"noopener\">ALEPPO SEIFE<\/a><\/h2>\n<p>&nbsp;<\/p>\n<h2><a href=\"https:\/\/bien-etreiris.ch\/de\/produktpraesentation\/hygiene\/koerperpflege\/natuerliche-haar-und-kopfhautpflege\/haaroele\/\" target=\"_blank\" rel=\"noopener\">HAAR\u00d6LE<\/a><\/h2>\n<p>&nbsp;<\/p>\n<h2><a href=\"https:\/\/bien-etreiris.ch\/de\/produktpraesentation\/wohlfuehl-duefte\/natuerliche-parfuems\/\" target=\"_blank\" rel=\"noopener\">NAT\u00dcRLICHE PARF<\/a><a href=\"https:\/\/bien-etreiris.ch\/de\/produktpraesentation\/wohlfuehl-duefte\/natuerliche-parfuems\/\" target=\"_blank\" rel=\"noopener\">\u00dc<\/a><a href=\"https:\/\/bien-etreiris.ch\/de\/produktpraesentation\/wohlfuehl-duefte\/natuerliche-parfuems\/\" target=\"_blank\" rel=\"noopener\">MS<\/a><\/h2>\n<p>&nbsp;<\/p>\n<h2><a href=\"https:\/\/bien-etreiris.ch\/de\/produktpraesentation\/natuerliche-kosmetik\/gesicht-koerper\/balsame-und-gels\/balsam-alepia\/\" target=\"_blank\" rel=\"noopener\">ORIENTALISCHER BALSAM<\/a><\/h2>\n","protected":false},"excerpt":{"rendered":"<p>Alepia Produkte, die in der reinsten Tradition der Seifenmacher-Meister von Aleppo hergestellt werden. Die Marke Alepia stellt seit 2008 Aleppo-Seifen unter dem wachsamen Auge des Meisters der Aleppo-Seifenherstellung, Dr. Harastani, her. Das Zusammentreffen von Wissenschaft und Authentizit\u00e4t hat es erm\u00f6glicht, die beste Qualit\u00e4t in den traditionellen Seifen zu erhalten und eine Reihe von Produkten zu entwickeln, die in der reinen&nbsp;<a href=\"https:\/\/bien-etreiris.ch\/de\/unsere-marken\/alepia\/\" class=\"read-more\">Weiter lesen<\/a><\/p>\n","protected":false},"author":1,"featured_media":44758,"parent":44406,"menu_order":5848,"comment_status":"closed","ping_status":"closed","template":"page-with-child.php","meta":{"_acf_changed":false,"ngg_post_thumbnail":0,"footnotes":""},"class_list":["post-44430","page","type-page","status-publish","has-post-thumbnail","hentry"],"acf":[],"yoast_head":"<!-- This site is optimized with the Yoast SEO plugin v27.5 - https:\/\/yoast.com\/product\/yoast-seo-wordpress\/ -->\n<title>ALEPIA - WOHLBEFINDEN<\/title>\n<meta name=\"robots\" content=\"index, follow, max-snippet:-1, max-image-preview:large, max-video-preview:-1\" \/>\n<link rel=\"canonical\" href=\"https:\/\/bien-etreiris.ch\/de\/unsere-marken\/alepia\/\" \/>\n<meta property=\"og:locale\" content=\"de_DE\" \/>\n<meta property=\"og:type\" content=\"article\" \/>\n<meta property=\"og:title\" content=\"ALEPIA - WOHLBEFINDEN\" \/>\n<meta property=\"og:description\" content=\"Alepia Produkte, die in der reinsten Tradition der Seifenmacher-Meister von Aleppo hergestellt werden. Die Marke Alepia stellt seit 2008 Aleppo-Seifen unter dem wachsamen Auge des Meisters der Aleppo-Seifenherstellung, Dr. Harastani, her. Das Zusammentreffen von Wissenschaft und Authentizit\u00e4t hat es erm\u00f6glicht, die beste Qualit\u00e4t in den traditionellen Seifen zu erhalten und eine Reihe von Produkten zu entwickeln, die in der reinen&nbsp;Weiter lesen\" \/>\n<meta property=\"og:url\" content=\"https:\/\/bien-etreiris.ch\/de\/unsere-marken\/alepia\/\" \/>\n<meta property=\"og:site_name\" content=\"WOHLBEFINDEN\" \/>\n<meta property=\"article:publisher\" content=\"https:\/\/www.facebook.com\/bienetreiris\/\" \/>\n<meta property=\"article:modified_time\" content=\"2022-09-23T16:27:00+00:00\" \/>\n<meta property=\"og:image\" content=\"https:\/\/bien-etreiris.ch\/wp-content\/uploads\/2021\/05\/Alepia.png\" \/>\n\t<meta property=\"og:image:width\" content=\"500\" \/>\n\t<meta property=\"og:image:height\" content=\"362\" \/>\n\t<meta property=\"og:image:type\" content=\"image\/png\" \/>\n<meta name=\"twitter:label1\" content=\"Gesch\u00e4tzte Lesezeit\" \/>\n\t<meta name=\"twitter:data1\" content=\"1\u00a0Minute\" \/>\n<script type=\"application\/ld+json\" class=\"yoast-schema-graph\">{\"@context\":\"https:\\\/\\\/schema.org\",\"@graph\":[{\"@type\":\"WebPage\",\"@id\":\"https:\\\/\\\/bien-etreiris.ch\\\/de\\\/unsere-marken\\\/alepia\\\/\",\"url\":\"https:\\\/\\\/bien-etreiris.ch\\\/de\\\/unsere-marken\\\/alepia\\\/\",\"name\":\"ALEPIA - WOHLBEFINDEN\",\"isPartOf\":{\"@id\":\"https:\\\/\\\/bien-etreiris.ch\\\/de\\\/#website\"},\"primaryImageOfPage\":{\"@id\":\"https:\\\/\\\/bien-etreiris.ch\\\/de\\\/unsere-marken\\\/alepia\\\/#primaryimage\"},\"image\":{\"@id\":\"https:\\\/\\\/bien-etreiris.ch\\\/de\\\/unsere-marken\\\/alepia\\\/#primaryimage\"},\"thumbnailUrl\":\"https:\\\/\\\/bien-etreiris.ch\\\/wp-content\\\/uploads\\\/2021\\\/05\\\/Alepia.png\",\"datePublished\":\"2021-05-16T09:51:55+00:00\",\"dateModified\":\"2022-09-23T16:27:00+00:00\",\"breadcrumb\":{\"@id\":\"https:\\\/\\\/bien-etreiris.ch\\\/de\\\/unsere-marken\\\/alepia\\\/#breadcrumb\"},\"inLanguage\":\"de\",\"potentialAction\":[{\"@type\":\"ReadAction\",\"target\":[\"https:\\\/\\\/bien-etreiris.ch\\\/de\\\/unsere-marken\\\/alepia\\\/\"]}]},{\"@type\":\"ImageObject\",\"inLanguage\":\"de\",\"@id\":\"https:\\\/\\\/bien-etreiris.ch\\\/de\\\/unsere-marken\\\/alepia\\\/#primaryimage\",\"url\":\"https:\\\/\\\/bien-etreiris.ch\\\/wp-content\\\/uploads\\\/2021\\\/05\\\/Alepia.png\",\"contentUrl\":\"https:\\\/\\\/bien-etreiris.ch\\\/wp-content\\\/uploads\\\/2021\\\/05\\\/Alepia.png\",\"width\":500,\"height\":362},{\"@type\":\"BreadcrumbList\",\"@id\":\"https:\\\/\\\/bien-etreiris.ch\\\/de\\\/unsere-marken\\\/alepia\\\/#breadcrumb\",\"itemListElement\":[{\"@type\":\"ListItem\",\"position\":1,\"name\":\"Home\",\"item\":\"https:\\\/\\\/bien-etreiris.ch\\\/de\\\/\"},{\"@type\":\"ListItem\",\"position\":2,\"name\":\"UNSERE MARKEN\",\"item\":\"https:\\\/\\\/bien-etreiris.ch\\\/de\\\/unsere-marken\\\/\"},{\"@type\":\"ListItem\",\"position\":3,\"name\":\"ALEPIA\"}]},{\"@type\":\"WebSite\",\"@id\":\"https:\\\/\\\/bien-etreiris.ch\\\/de\\\/#website\",\"url\":\"https:\\\/\\\/bien-etreiris.ch\\\/de\\\/\",\"name\":\"Bien-\u00eatre Iris\",\"description\":\"IHRE Gesundheit ist uns wichtig\",\"potentialAction\":[{\"@type\":\"SearchAction\",\"target\":{\"@type\":\"EntryPoint\",\"urlTemplate\":\"https:\\\/\\\/bien-etreiris.ch\\\/de\\\/?s={search_term_string}\"},\"query-input\":{\"@type\":\"PropertyValueSpecification\",\"valueRequired\":true,\"valueName\":\"search_term_string\"}}],\"inLanguage\":\"de\"}]}<\/script>\n<!-- \/ Yoast SEO plugin. -->","yoast_head_json":{"title":"ALEPIA - WOHLBEFINDEN","robots":{"index":"index","follow":"follow","max-snippet":"max-snippet:-1","max-image-preview":"max-image-preview:large","max-video-preview":"max-video-preview:-1"},"canonical":"https:\/\/bien-etreiris.ch\/de\/unsere-marken\/alepia\/","og_locale":"de_DE","og_type":"article","og_title":"ALEPIA - WOHLBEFINDEN","og_description":"Alepia Produkte, die in der reinsten Tradition der Seifenmacher-Meister von Aleppo hergestellt werden. Die Marke Alepia stellt seit 2008 Aleppo-Seifen unter dem wachsamen Auge des Meisters der Aleppo-Seifenherstellung, Dr. Harastani, her. Das Zusammentreffen von Wissenschaft und Authentizit\u00e4t hat es erm\u00f6glicht, die beste Qualit\u00e4t in den traditionellen Seifen zu erhalten und eine Reihe von Produkten zu entwickeln, die in der reinen&nbsp;Weiter lesen","og_url":"https:\/\/bien-etreiris.ch\/de\/unsere-marken\/alepia\/","og_site_name":"WOHLBEFINDEN","article_publisher":"https:\/\/www.facebook.com\/bienetreiris\/","article_modified_time":"2022-09-23T16:27:00+00:00","og_image":[{"width":500,"height":362,"url":"https:\/\/bien-etreiris.ch\/wp-content\/uploads\/2021\/05\/Alepia.png","type":"image\/png"}],"twitter_misc":{"Gesch\u00e4tzte Lesezeit":"1\u00a0Minute"},"schema":{"@context":"https:\/\/schema.org","@graph":[{"@type":"WebPage","@id":"https:\/\/bien-etreiris.ch\/de\/unsere-marken\/alepia\/","url":"https:\/\/bien-etreiris.ch\/de\/unsere-marken\/alepia\/","name":"ALEPIA - WOHLBEFINDEN","isPartOf":{"@id":"https:\/\/bien-etreiris.ch\/de\/#website"},"primaryImageOfPage":{"@id":"https:\/\/bien-etreiris.ch\/de\/unsere-marken\/alepia\/#primaryimage"},"image":{"@id":"https:\/\/bien-etreiris.ch\/de\/unsere-marken\/alepia\/#primaryimage"},"thumbnailUrl":"https:\/\/bien-etreiris.ch\/wp-content\/uploads\/2021\/05\/Alepia.png","datePublished":"2021-05-16T09:51:55+00:00","dateModified":"2022-09-23T16:27:00+00:00","breadcrumb":{"@id":"https:\/\/bien-etreiris.ch\/de\/unsere-marken\/alepia\/#breadcrumb"},"inLanguage":"de","potentialAction":[{"@type":"ReadAction","target":["https:\/\/bien-etreiris.ch\/de\/unsere-marken\/alepia\/"]}]},{"@type":"ImageObject","inLanguage":"de","@id":"https:\/\/bien-etreiris.ch\/de\/unsere-marken\/alepia\/#primaryimage","url":"https:\/\/bien-etreiris.ch\/wp-content\/uploads\/2021\/05\/Alepia.png","contentUrl":"https:\/\/bien-etreiris.ch\/wp-content\/uploads\/2021\/05\/Alepia.png","width":500,"height":362},{"@type":"BreadcrumbList","@id":"https:\/\/bien-etreiris.ch\/de\/unsere-marken\/alepia\/#breadcrumb","itemListElement":[{"@type":"ListItem","position":1,"name":"Home","item":"https:\/\/bien-etreiris.ch\/de\/"},{"@type":"ListItem","position":2,"name":"UNSERE MARKEN","item":"https:\/\/bien-etreiris.ch\/de\/unsere-marken\/"},{"@type":"ListItem","position":3,"name":"ALEPIA"}]},{"@type":"WebSite","@id":"https:\/\/bien-etreiris.ch\/de\/#website","url":"https:\/\/bien-etreiris.ch\/de\/","name":"Bien-\u00eatre Iris","description":"IHRE Gesundheit ist uns wichtig","potentialAction":[{"@type":"SearchAction","target":{"@type":"EntryPoint","urlTemplate":"https:\/\/bien-etreiris.ch\/de\/?s={search_term_string}"},"query-input":{"@type":"PropertyValueSpecification","valueRequired":true,"valueName":"search_term_string"}}],"inLanguage":"de"}]}},"_links":{"self":[{"href":"https:\/\/bien-etreiris.ch\/de\/wp-json\/wp\/v2\/pages\/44430","targetHints":{"allow":["GET"]}}],"collection":[{"href":"https:\/\/bien-etreiris.ch\/de\/wp-json\/wp\/v2\/pages"}],"about":[{"href":"https:\/\/bien-etreiris.ch\/de\/wp-json\/wp\/v2\/types\/page"}],"author":[{"embeddable":true,"href":"https:\/\/bien-etreiris.ch\/de\/wp-json\/wp\/v2\/users\/1"}],"replies":[{"embeddable":true,"href":"https:\/\/bien-etreiris.ch\/de\/wp-json\/wp\/v2\/comments?post=44430"}],"version-history":[{"count":11,"href":"https:\/\/bien-etreiris.ch\/de\/wp-json\/wp\/v2\/pages\/44430\/revisions"}],"predecessor-version":[{"id":60252,"href":"https:\/\/bien-etreiris.ch\/de\/wp-json\/wp\/v2\/pages\/44430\/revisions\/60252"}],"up":[{"embeddable":true,"href":"https:\/\/bien-etreiris.ch\/de\/wp-json\/wp\/v2\/pages\/44406"}],"wp:featuredmedia":[{"embeddable":true,"href":"https:\/\/bien-etreiris.ch\/de\/wp-json\/wp\/v2\/media\/44758"}],"wp:attachment":[{"href":"https:\/\/bien-etreiris.ch\/de\/wp-json\/wp\/v2\/media?parent=44430"}],"curies":[{"name":"wp","href":"https:\/\/api.w.org\/{rel}","templated":true}]}}