{"id":44226,"date":"2021-05-13T14:27:54","date_gmt":"2021-05-13T12:27:54","guid":{"rendered":"https:\/\/bien-etreiris.ch\/?page_id=44226"},"modified":"2021-06-03T08:08:42","modified_gmt":"2021-06-03T06:08:42","slug":"mungobohnen","status":"publish","type":"page","link":"https:\/\/bien-etreiris.ch\/de\/mungobohnen\/","title":{"rendered":"MUNGOBOHNEN"},"content":{"rendered":"\n<h2>Haricot Mungo vert, entier, bio<\/h2>\n<p><a href=\"https:\/\/bien-etreiris.ch\/wp-content\/uploads\/2021\/05\/Harigot-mungo-1.jpg\"><img loading=\"lazy\" decoding=\"async\" class=\"size-medium wp-image-44287 alignleft\" src=\"https:\/\/bien-etreiris.ch\/wp-content\/uploads\/2021\/05\/Harigot-mungo-1-195x300.jpg\" alt=\"\" width=\"195\" height=\"300\" srcset=\"https:\/\/bien-etreiris.ch\/wp-content\/uploads\/2021\/05\/Harigot-mungo-1-195x300.jpg 195w, https:\/\/bien-etreiris.ch\/wp-content\/uploads\/2021\/05\/Harigot-mungo-1-667x1024.jpg 667w, https:\/\/bien-etreiris.ch\/wp-content\/uploads\/2021\/05\/Harigot-mungo-1-768x1179.jpg 768w, https:\/\/bien-etreiris.ch\/wp-content\/uploads\/2021\/05\/Harigot-mungo-1-1001x1536.jpg 1001w, https:\/\/bien-etreiris.ch\/wp-content\/uploads\/2021\/05\/Harigot-mungo-1-1335x2048.jpg 1335w, https:\/\/bien-etreiris.ch\/wp-content\/uploads\/2021\/05\/Harigot-mungo-1.jpg 1603w\" sizes=\"auto, (max-width: 195px) 100vw, 195px\" \/><\/a><\/p>\n<p>&nbsp;<\/p>\n<p>&nbsp;<\/p>\n<p>&nbsp;<\/p>\n<p>&nbsp;<\/p>\n<p>&nbsp;<\/p>\n<p>500 g <strong>CHF 3.80<\/strong><\/p>\n<p>&nbsp;<\/p>\n<p>&nbsp;<\/p>\n<p>&nbsp;<\/p>\n<p><br>Les haricots mungo appartiennent \u00e0 la famille des l\u00e9gumineuses et sont \u00e9galement connus sous le nom de soja vert.<\/p>\n<p><strong>Origine<\/strong><br>Chine, R\u00e9publique populaire<\/p>\n<p><br><strong>Pr\u00e9paration<\/strong><br>Comme plat d'accompagnement pour 2 personnes, faites tremper 150 g de haricots mungo dans beaucoup d'eau pendant environ 12 heures et faites-les cuire dans de l'eau fra\u00eeche pendant environ 30 minutes. N'ajoutez le sel qu'\u00e0 la fin de la cuisson.<\/p>\n<p><br><strong>Ingr\u00e9dients<\/strong><br>Haricots mungo* (100% commerce \u00e9quitable IBD)<br>* = ingr\u00e9dient issu de l'agriculture biologique<br>Valeurs nutritionnelles pour 100 g (produit non pr\u00e9par\u00e9)<br>Contenu \u00e9nerg\u00e9tique en kJ \/ kcal 1146 kJ \/ 274 kcal<br>Teneur en graisses 1,2 g<br>dont acides gras satur\u00e9s 0,3 g<br>Glucides 41,5 g<br>son sucre 3,1 g<br>Fibres alimentaires 18 g<br>Teneur en prot\u00e9ines 23,1 g<br>Sel 0,02 g<\/p>\n","protected":false},"excerpt":{"rendered":"<p>Haricot Mungo vert, entier, bio &nbsp; &nbsp; &nbsp; &nbsp; &nbsp; 500 g CHF 3.80 &nbsp; &nbsp; &nbsp; Les haricots mungo appartiennent \u00e0 la famille des l\u00e9gumineuses et sont \u00e9galement connus sous le nom de soja vert. OrigineChine, R\u00e9publique populaire Pr\u00e9parationComme plat d'accompagnement pour 2 personnes, faites tremper 150 g de haricots mungo dans beaucoup d'eau pendant environ 12 heures et&nbsp;<a href=\"https:\/\/bien-etreiris.ch\/de\/mungobohnen\/\" class=\"read-more\">Weiter lesen<\/a><\/p>\n","protected":false},"author":1,"featured_media":44224,"parent":0,"menu_order":5868,"comment_status":"closed","ping_status":"closed","template":"page-with-child.php","meta":{"_acf_changed":false,"ngg_post_thumbnail":0,"footnotes":""},"class_list":["post-44226","page","type-page","status-publish","has-post-thumbnail","hentry"],"acf":[],"yoast_head":"<!-- This site is optimized with the Yoast SEO plugin v27.5 - https:\/\/yoast.com\/product\/yoast-seo-wordpress\/ -->\n<title>MUNGOBOHNEN - WOHLBEFINDEN<\/title>\n<meta name=\"robots\" content=\"index, follow, max-snippet:-1, max-image-preview:large, max-video-preview:-1\" \/>\n<link rel=\"canonical\" href=\"https:\/\/bien-etreiris.ch\/de\/mungobohnen\/\" \/>\n<meta property=\"og:locale\" content=\"de_DE\" \/>\n<meta property=\"og:type\" content=\"article\" \/>\n<meta property=\"og:title\" content=\"MUNGOBOHNEN - WOHLBEFINDEN\" \/>\n<meta property=\"og:description\" content=\"Haricot Mungo vert, entier, bio &nbsp; &nbsp; &nbsp; &nbsp; &nbsp; 500 g CHF 3.80 &nbsp; &nbsp; &nbsp; Les haricots mungo appartiennent \u00e0 la famille des l\u00e9gumineuses et sont \u00e9galement connus sous le nom de soja vert. OrigineChine, R\u00e9publique populaire Pr\u00e9parationComme plat d&#039;accompagnement pour 2 personnes, faites tremper 150 g de haricots mungo dans beaucoup d&#039;eau pendant environ 12 heures et&nbsp;Weiter lesen\" \/>\n<meta property=\"og:url\" content=\"https:\/\/bien-etreiris.ch\/de\/mungobohnen\/\" \/>\n<meta property=\"og:site_name\" content=\"WOHLBEFINDEN\" \/>\n<meta property=\"article:publisher\" content=\"https:\/\/www.facebook.com\/bienetreiris\/\" \/>\n<meta property=\"article:modified_time\" content=\"2021-06-03T06:08:42+00:00\" \/>\n<meta property=\"og:image\" content=\"https:\/\/bien-etreiris.ch\/wp-content\/uploads\/2021\/05\/Harigot-mungo.jpg\" \/>\n\t<meta property=\"og:image:width\" content=\"500\" \/>\n\t<meta property=\"og:image:height\" content=\"332\" \/>\n\t<meta property=\"og:image:type\" content=\"image\/jpeg\" \/>\n<meta name=\"twitter:label1\" content=\"Gesch\u00e4tzte Lesezeit\" \/>\n\t<meta name=\"twitter:data1\" content=\"1\u00a0Minute\" \/>\n<script type=\"application\/ld+json\" class=\"yoast-schema-graph\">{\"@context\":\"https:\\\/\\\/schema.org\",\"@graph\":[{\"@type\":\"WebPage\",\"@id\":\"https:\\\/\\\/bien-etreiris.ch\\\/de\\\/mungobohnen\\\/\",\"url\":\"https:\\\/\\\/bien-etreiris.ch\\\/de\\\/mungobohnen\\\/\",\"name\":\"MUNGOBOHNEN - WOHLBEFINDEN\",\"isPartOf\":{\"@id\":\"https:\\\/\\\/bien-etreiris.ch\\\/de\\\/#website\"},\"primaryImageOfPage\":{\"@id\":\"https:\\\/\\\/bien-etreiris.ch\\\/de\\\/mungobohnen\\\/#primaryimage\"},\"image\":{\"@id\":\"https:\\\/\\\/bien-etreiris.ch\\\/de\\\/mungobohnen\\\/#primaryimage\"},\"thumbnailUrl\":\"https:\\\/\\\/bien-etreiris.ch\\\/wp-content\\\/uploads\\\/2021\\\/05\\\/Harigot-mungo.jpg\",\"datePublished\":\"2021-05-13T12:27:54+00:00\",\"dateModified\":\"2021-06-03T06:08:42+00:00\",\"breadcrumb\":{\"@id\":\"https:\\\/\\\/bien-etreiris.ch\\\/de\\\/mungobohnen\\\/#breadcrumb\"},\"inLanguage\":\"de\",\"potentialAction\":[{\"@type\":\"ReadAction\",\"target\":[\"https:\\\/\\\/bien-etreiris.ch\\\/de\\\/mungobohnen\\\/\"]}]},{\"@type\":\"ImageObject\",\"inLanguage\":\"de\",\"@id\":\"https:\\\/\\\/bien-etreiris.ch\\\/de\\\/mungobohnen\\\/#primaryimage\",\"url\":\"https:\\\/\\\/bien-etreiris.ch\\\/wp-content\\\/uploads\\\/2021\\\/05\\\/Harigot-mungo.jpg\",\"contentUrl\":\"https:\\\/\\\/bien-etreiris.ch\\\/wp-content\\\/uploads\\\/2021\\\/05\\\/Harigot-mungo.jpg\",\"width\":500,\"height\":332},{\"@type\":\"BreadcrumbList\",\"@id\":\"https:\\\/\\\/bien-etreiris.ch\\\/de\\\/mungobohnen\\\/#breadcrumb\",\"itemListElement\":[{\"@type\":\"ListItem\",\"position\":1,\"name\":\"Home\",\"item\":\"https:\\\/\\\/bien-etreiris.ch\\\/de\\\/\"},{\"@type\":\"ListItem\",\"position\":2,\"name\":\"MUNGOBOHNEN\"}]},{\"@type\":\"WebSite\",\"@id\":\"https:\\\/\\\/bien-etreiris.ch\\\/de\\\/#website\",\"url\":\"https:\\\/\\\/bien-etreiris.ch\\\/de\\\/\",\"name\":\"Bien-\u00eatre Iris\",\"description\":\"IHRE Gesundheit ist uns wichtig\",\"potentialAction\":[{\"@type\":\"SearchAction\",\"target\":{\"@type\":\"EntryPoint\",\"urlTemplate\":\"https:\\\/\\\/bien-etreiris.ch\\\/de\\\/?s={search_term_string}\"},\"query-input\":{\"@type\":\"PropertyValueSpecification\",\"valueRequired\":true,\"valueName\":\"search_term_string\"}}],\"inLanguage\":\"de\"}]}<\/script>\n<!-- \/ Yoast SEO plugin. -->","yoast_head_json":{"title":"MUNGOBOHNEN - WOHLBEFINDEN","robots":{"index":"index","follow":"follow","max-snippet":"max-snippet:-1","max-image-preview":"max-image-preview:large","max-video-preview":"max-video-preview:-1"},"canonical":"https:\/\/bien-etreiris.ch\/de\/mungobohnen\/","og_locale":"de_DE","og_type":"article","og_title":"MUNGOBOHNEN - WOHLBEFINDEN","og_description":"Haricot Mungo vert, entier, bio &nbsp; &nbsp; &nbsp; &nbsp; &nbsp; 500 g CHF 3.80 &nbsp; &nbsp; &nbsp; Les haricots mungo appartiennent \u00e0 la famille des l\u00e9gumineuses et sont \u00e9galement connus sous le nom de soja vert. OrigineChine, R\u00e9publique populaire Pr\u00e9parationComme plat d'accompagnement pour 2 personnes, faites tremper 150 g de haricots mungo dans beaucoup d'eau pendant environ 12 heures et&nbsp;Weiter lesen","og_url":"https:\/\/bien-etreiris.ch\/de\/mungobohnen\/","og_site_name":"WOHLBEFINDEN","article_publisher":"https:\/\/www.facebook.com\/bienetreiris\/","article_modified_time":"2021-06-03T06:08:42+00:00","og_image":[{"width":500,"height":332,"url":"https:\/\/bien-etreiris.ch\/wp-content\/uploads\/2021\/05\/Harigot-mungo.jpg","type":"image\/jpeg"}],"twitter_misc":{"Gesch\u00e4tzte Lesezeit":"1\u00a0Minute"},"schema":{"@context":"https:\/\/schema.org","@graph":[{"@type":"WebPage","@id":"https:\/\/bien-etreiris.ch\/de\/mungobohnen\/","url":"https:\/\/bien-etreiris.ch\/de\/mungobohnen\/","name":"MUNGOBOHNEN - WOHLBEFINDEN","isPartOf":{"@id":"https:\/\/bien-etreiris.ch\/de\/#website"},"primaryImageOfPage":{"@id":"https:\/\/bien-etreiris.ch\/de\/mungobohnen\/#primaryimage"},"image":{"@id":"https:\/\/bien-etreiris.ch\/de\/mungobohnen\/#primaryimage"},"thumbnailUrl":"https:\/\/bien-etreiris.ch\/wp-content\/uploads\/2021\/05\/Harigot-mungo.jpg","datePublished":"2021-05-13T12:27:54+00:00","dateModified":"2021-06-03T06:08:42+00:00","breadcrumb":{"@id":"https:\/\/bien-etreiris.ch\/de\/mungobohnen\/#breadcrumb"},"inLanguage":"de","potentialAction":[{"@type":"ReadAction","target":["https:\/\/bien-etreiris.ch\/de\/mungobohnen\/"]}]},{"@type":"ImageObject","inLanguage":"de","@id":"https:\/\/bien-etreiris.ch\/de\/mungobohnen\/#primaryimage","url":"https:\/\/bien-etreiris.ch\/wp-content\/uploads\/2021\/05\/Harigot-mungo.jpg","contentUrl":"https:\/\/bien-etreiris.ch\/wp-content\/uploads\/2021\/05\/Harigot-mungo.jpg","width":500,"height":332},{"@type":"BreadcrumbList","@id":"https:\/\/bien-etreiris.ch\/de\/mungobohnen\/#breadcrumb","itemListElement":[{"@type":"ListItem","position":1,"name":"Home","item":"https:\/\/bien-etreiris.ch\/de\/"},{"@type":"ListItem","position":2,"name":"MUNGOBOHNEN"}]},{"@type":"WebSite","@id":"https:\/\/bien-etreiris.ch\/de\/#website","url":"https:\/\/bien-etreiris.ch\/de\/","name":"Bien-\u00eatre Iris","description":"IHRE Gesundheit ist uns wichtig","potentialAction":[{"@type":"SearchAction","target":{"@type":"EntryPoint","urlTemplate":"https:\/\/bien-etreiris.ch\/de\/?s={search_term_string}"},"query-input":{"@type":"PropertyValueSpecification","valueRequired":true,"valueName":"search_term_string"}}],"inLanguage":"de"}]}},"_links":{"self":[{"href":"https:\/\/bien-etreiris.ch\/de\/wp-json\/wp\/v2\/pages\/44226","targetHints":{"allow":["GET"]}}],"collection":[{"href":"https:\/\/bien-etreiris.ch\/de\/wp-json\/wp\/v2\/pages"}],"about":[{"href":"https:\/\/bien-etreiris.ch\/de\/wp-json\/wp\/v2\/types\/page"}],"author":[{"embeddable":true,"href":"https:\/\/bien-etreiris.ch\/de\/wp-json\/wp\/v2\/users\/1"}],"replies":[{"embeddable":true,"href":"https:\/\/bien-etreiris.ch\/de\/wp-json\/wp\/v2\/comments?post=44226"}],"version-history":[{"count":5,"href":"https:\/\/bien-etreiris.ch\/de\/wp-json\/wp\/v2\/pages\/44226\/revisions"}],"predecessor-version":[{"id":49236,"href":"https:\/\/bien-etreiris.ch\/de\/wp-json\/wp\/v2\/pages\/44226\/revisions\/49236"}],"wp:featuredmedia":[{"embeddable":true,"href":"https:\/\/bien-etreiris.ch\/de\/wp-json\/wp\/v2\/media\/44224"}],"wp:attachment":[{"href":"https:\/\/bien-etreiris.ch\/de\/wp-json\/wp\/v2\/media?parent=44226"}],"curies":[{"name":"wp","href":"https:\/\/api.w.org\/{rel}","templated":true}]}}