{"id":44060,"date":"2020-01-11T09:04:29","date_gmt":"2020-01-11T09:04:29","guid":{"rendered":"https:\/\/bien-etreiris.ch\/wohlbefinden\/aromatherapie\/encens\/natures-design\/"},"modified":"2021-05-11T12:27:52","modified_gmt":"2021-05-11T10:27:52","slug":"natures-design","status":"publish","type":"page","link":"https:\/\/bien-etreiris.ch\/de\/produktpraesentation\/aromatherapie\/raeuchern\/mischungen\/natures-design\/","title":{"rendered":"NATURES -DESIGN"},"content":{"rendered":"<p>Mit dem Lucerna Diffusor k\u00f6nnen Sie angenehme nat\u00fcrliche D\u00fcfte geniessen. Der Diffusor arbeitet mit einer Kerze und hat eine hitzebest\u00e4ndige Glasschale, was zu einer langsameren, kontinuierlichen und sanfteren Verdampfung der in der trockenen Weihrauchmischung enthaltenen \u00e4therischen \u00d6le f\u00fchrt.<\/p>\n<p>Es gibt sechs verschiedene Mischungen, die alle aus 100% nat\u00fcrlichen Inhaltsstoffen wie Sandelholz, Rosenbl\u00fcten, Zitronengras, Lavendel, Wacholderbeeren, Orangenschalen, Palo Santo... bestehen und keine chemischen oder synthetischen Produkte enthalten.<\/p>\n\n\n<h2 class=\"wp-block-heading\">BALANCE<\/h2>\n\n\n<p><a href=\"https:\/\/decoiris.ch\/wp-content\/uploads\/2020\/01\/Balance.png\"><img loading=\"lazy\" decoding=\"async\" class=\"size-medium wp-image-30774 alignleft\" src=\"https:\/\/decoiris.ch\/wp-content\/uploads\/2020\/01\/Balance-300x225.png\" alt=\"\" width=\"300\" height=\"225\" srcset=\"https:\/\/bien-etreiris.ch\/wp-content\/uploads\/2020\/01\/Balance-300x225.png 300w, https:\/\/bien-etreiris.ch\/wp-content\/uploads\/2020\/01\/Balance-200x150.png 200w, https:\/\/bien-etreiris.ch\/wp-content\/uploads\/2020\/01\/Balance.png 500w\" sizes=\"auto, (max-width: 300px) 100vw, 300px\" \/><\/a><\/p>\n<p>&nbsp;<\/p>\n<p>&nbsp;<\/p>\n<p>1 pi\u00e8ce CHF 7.50<\/p>\n<p><span class=\"tlid-translation translation\" lang=\"fr\"><span class=\"\" title=\"\">Ingr\u00e9dients: <\/span><\/span><\/p>\n<p><span class=\"tlid-translation translation\" lang=\"fr\"><span class=\"\" title=\"\">&nbsp;<\/span><\/span>Styrax r\u00e9sine, copal, liquidambar, bois de santal, p\u00e9tales de rose, lavande, romarin<\/p>\n<p><a href=\"https:\/\/decoiris.ch\/wp-content\/uploads\/2020\/01\/Balance-ouvert.png\"><img loading=\"lazy\" decoding=\"async\" class=\"size-medium wp-image-30836 aligncenter\" src=\"https:\/\/decoiris.ch\/wp-content\/uploads\/2020\/01\/Balance-ouvert-300x111.png\" alt=\"\" width=\"300\" height=\"111\" srcset=\"https:\/\/bien-etreiris.ch\/wp-content\/uploads\/2020\/01\/Balance-ouvert-300x111.png 300w, https:\/\/bien-etreiris.ch\/wp-content\/uploads\/2020\/01\/Balance-ouvert.png 305w\" sizes=\"auto, (max-width: 300px) 100vw, 300px\" \/><\/a><\/p>\n\n\n<hr class=\"wp-block-separator\"\/>\n\n\n\n<h2 class=\"wp-block-heading\">MYSTIC<\/h2>\n\n\n<p><a href=\"https:\/\/decoiris.ch\/wp-content\/uploads\/2020\/01\/Mystic.png\"><img loading=\"lazy\" decoding=\"async\" class=\"size-medium wp-image-30777 alignleft\" src=\"https:\/\/decoiris.ch\/wp-content\/uploads\/2020\/01\/Mystic-300x225.png\" alt=\"\" width=\"300\" height=\"225\" srcset=\"https:\/\/bien-etreiris.ch\/wp-content\/uploads\/2020\/01\/Mystic-300x225.png 300w, https:\/\/bien-etreiris.ch\/wp-content\/uploads\/2020\/01\/Mystic-200x150.png 200w, https:\/\/bien-etreiris.ch\/wp-content\/uploads\/2020\/01\/Mystic.png 500w\" sizes=\"auto, (max-width: 300px) 100vw, 300px\" \/><\/a><\/p>\n<p>&nbsp;<\/p>\n<p>&nbsp;<\/p>\n<p>1 pi\u00e8ce CHF 7.50<\/p>\n<p><span class=\"tlid-translation translation\" lang=\"fr\"><span class=\"\" title=\"\">Ingr\u00e9dients: <\/span><\/span><\/p>\n<p>Palo Santo, copal, lemongrass, r\u00e9glisse<\/p>\n<p><a href=\"https:\/\/decoiris.ch\/wp-content\/uploads\/2020\/01\/Mystic-ouvert.png\"><img loading=\"lazy\" decoding=\"async\" class=\"size-medium wp-image-30832 aligncenter\" src=\"https:\/\/decoiris.ch\/wp-content\/uploads\/2020\/01\/Mystic-ouvert-300x112.png\" alt=\"\" width=\"300\" height=\"112\" srcset=\"https:\/\/bien-etreiris.ch\/wp-content\/uploads\/2020\/01\/Mystic-ouvert-300x112.png 300w, https:\/\/bien-etreiris.ch\/wp-content\/uploads\/2020\/01\/Mystic-ouvert.png 333w\" sizes=\"auto, (max-width: 300px) 100vw, 300px\" \/><\/a><\/p>\n\n\n<hr class=\"wp-block-separator\"\/>\n\n\n\n<h2 class=\"wp-block-heading\">ORIENTAL DREAM<\/h2>\n\n\n<p><a href=\"https:\/\/decoiris.ch\/wp-content\/uploads\/2020\/01\/Oriental-Dream-1.png\"><img loading=\"lazy\" decoding=\"async\" class=\"wp-image-30798 size-medium alignleft\" src=\"https:\/\/decoiris.ch\/wp-content\/uploads\/2020\/01\/Oriental-Dream-1-300x225.png\" alt=\"\" width=\"300\" height=\"225\" srcset=\"https:\/\/bien-etreiris.ch\/wp-content\/uploads\/2020\/01\/Oriental-Dream-1-300x225.png 300w, https:\/\/bien-etreiris.ch\/wp-content\/uploads\/2020\/01\/Oriental-Dream-1-200x150.png 200w, https:\/\/bien-etreiris.ch\/wp-content\/uploads\/2020\/01\/Oriental-Dream-1.png 500w\" sizes=\"auto, (max-width: 300px) 100vw, 300px\" \/><\/a><\/p>\n<p>&nbsp;<\/p>\n<p>&nbsp;<\/p>\n<p>1 pi\u00e8ce CHF 7.50<\/p>\n<p><span class=\"tlid-translation translation\" lang=\"fr\"><span class=\"\" title=\"\">Ingr\u00e9dients: <\/span><\/span><\/p>\n<p><span class=\"tlid-translation translation\" lang=\"fr\"><span class=\"\" title=\"\">morceaux de pommes, cannelle, oliban, ecorces d'orange, gingembre<\/span><\/span><\/p>\n<p><a href=\"https:\/\/decoiris.ch\/wp-content\/uploads\/2020\/01\/Oriental-Dream-ouvert.png\"><img loading=\"lazy\" decoding=\"async\" class=\"size-medium wp-image-30828 aligncenter\" src=\"https:\/\/decoiris.ch\/wp-content\/uploads\/2020\/01\/Oriental-Dream-ouvert-300x97.png\" alt=\"\" width=\"300\" height=\"97\" srcset=\"https:\/\/bien-etreiris.ch\/wp-content\/uploads\/2020\/01\/Oriental-Dream-ouvert-300x97.png 300w, https:\/\/bien-etreiris.ch\/wp-content\/uploads\/2020\/01\/Oriental-Dream-ouvert.png 361w\" sizes=\"auto, (max-width: 300px) 100vw, 300px\" \/><\/a><\/p>\n\n\n<hr class=\"wp-block-separator\"\/>\n\n\n\n<h2 class=\"wp-block-heading\">RELAX<\/h2>\n\n\n<p><a href=\"https:\/\/decoiris.ch\/wp-content\/uploads\/2020\/01\/Relax-1.jpg\"><img loading=\"lazy\" decoding=\"async\" class=\"wp-image-30761 size-medium alignleft\" src=\"https:\/\/decoiris.ch\/wp-content\/uploads\/2020\/01\/Relax-1-300x225.jpg\" alt=\"\" width=\"300\" height=\"225\" srcset=\"https:\/\/bien-etreiris.ch\/wp-content\/uploads\/2020\/01\/Relax-1-300x225.jpg 300w, https:\/\/bien-etreiris.ch\/wp-content\/uploads\/2020\/01\/Relax-1-768x576.jpg 768w, https:\/\/bien-etreiris.ch\/wp-content\/uploads\/2020\/01\/Relax-1-1024x768.jpg 1024w, https:\/\/bien-etreiris.ch\/wp-content\/uploads\/2020\/01\/Relax-1-200x150.jpg 200w\" sizes=\"auto, (max-width: 300px) 100vw, 300px\" \/><\/a><\/p>\n<p>&nbsp;<\/p>\n<p>&nbsp;<\/p>\n<p>1 pi\u00e8ce CHF 7.50<\/p>\n<p><span class=\"tlid-translation translation\" lang=\"fr\"><span class=\"\" title=\"\">Ingr\u00e9dients: <\/span><\/span><\/p>\n<p>bois de c\u00e8dre, lavande, bois de santal, ecorces de citron, oliban, baies de geni\u00e8vre, gingembre<\/p>\n<p><a href=\"https:\/\/decoiris.ch\/wp-content\/uploads\/2020\/01\/Relax-ouvert.png\"><img loading=\"lazy\" decoding=\"async\" class=\"size-medium wp-image-30823 aligncenter\" src=\"https:\/\/decoiris.ch\/wp-content\/uploads\/2020\/01\/Relax-ouvert-300x116.png\" alt=\"\" width=\"300\" height=\"116\" srcset=\"https:\/\/bien-etreiris.ch\/wp-content\/uploads\/2020\/01\/Relax-ouvert-300x116.png 300w, https:\/\/bien-etreiris.ch\/wp-content\/uploads\/2020\/01\/Relax-ouvert.png 406w\" sizes=\"auto, (max-width: 300px) 100vw, 300px\" \/><\/a><\/p>\n\n\n<hr class=\"wp-block-separator\"\/>\n\n\n\n<h2 class=\"wp-block-heading\">SUMMER BREEZE<\/h2>\n\n\n<p><a href=\"https:\/\/decoiris.ch\/wp-content\/uploads\/2020\/01\/Summer-Breeze-2.png\"><img loading=\"lazy\" decoding=\"async\" class=\"wp-image-30790 size-medium alignleft\" src=\"https:\/\/decoiris.ch\/wp-content\/uploads\/2020\/01\/Summer-Breeze-2-300x225.png\" alt=\"\" width=\"300\" height=\"225\" srcset=\"https:\/\/bien-etreiris.ch\/wp-content\/uploads\/2020\/01\/Summer-Breeze-2-300x225.png 300w, https:\/\/bien-etreiris.ch\/wp-content\/uploads\/2020\/01\/Summer-Breeze-2-200x150.png 200w, https:\/\/bien-etreiris.ch\/wp-content\/uploads\/2020\/01\/Summer-Breeze-2.png 500w\" sizes=\"auto, (max-width: 300px) 100vw, 300px\" \/><\/a><\/p>\n<p>&nbsp;<\/p>\n<p>&nbsp;<\/p>\n<p>1 pi\u00e8ce CHF 7.50<\/p>\n<p><span class=\"tlid-translation translation\" lang=\"fr\"><span class=\"\" title=\"\">Ingr\u00e9dients: <\/span><\/span><\/p>\n<p><span class=\"tlid-translation translation\" lang=\"fr\"><span class=\"\" title=\"\">zeste de citron, feuilles d'eucalyptus, feuilles de tournesol, citronnelle, lavande, copal<\/span><\/span><\/p>\n<p><a href=\"https:\/\/decoiris.ch\/wp-content\/uploads\/2020\/01\/Summer-Breeze-ouvert.png\"><img loading=\"lazy\" decoding=\"async\" class=\"size-medium wp-image-30816 aligncenter\" src=\"https:\/\/decoiris.ch\/wp-content\/uploads\/2020\/01\/Summer-Breeze-ouvert-300x102.png\" alt=\"\" width=\"300\" height=\"102\" srcset=\"https:\/\/bien-etreiris.ch\/wp-content\/uploads\/2020\/01\/Summer-Breeze-ouvert-300x102.png 300w, https:\/\/bien-etreiris.ch\/wp-content\/uploads\/2020\/01\/Summer-Breeze-ouvert.png 309w\" sizes=\"auto, (max-width: 300px) 100vw, 300px\" \/><\/a><\/p>\n\n\n<hr class=\"wp-block-separator\"\/>\n\n\n\n<h2 class=\"wp-block-heading\">WELLNESS<\/h2>\n\n\n<p><a href=\"https:\/\/decoiris.ch\/wp-content\/uploads\/2020\/01\/Wellness.png\"><img loading=\"lazy\" decoding=\"async\" class=\"size-medium wp-image-30793 alignleft\" src=\"https:\/\/decoiris.ch\/wp-content\/uploads\/2020\/01\/Wellness-300x225.png\" alt=\"\" width=\"300\" height=\"225\" srcset=\"https:\/\/bien-etreiris.ch\/wp-content\/uploads\/2020\/01\/Wellness-300x225.png 300w, https:\/\/bien-etreiris.ch\/wp-content\/uploads\/2020\/01\/Wellness-200x150.png 200w, https:\/\/bien-etreiris.ch\/wp-content\/uploads\/2020\/01\/Wellness.png 500w\" sizes=\"auto, (max-width: 300px) 100vw, 300px\" \/><\/a><\/p>\n<p>&nbsp;<\/p>\n<p>&nbsp;<\/p>\n<p>1 pi\u00e8ce CHF 7.50<\/p>\n<p><span class=\"tlid-translation translation\" lang=\"fr\"><span class=\"\" title=\"\">Ingr\u00e9dients: <\/span><\/span><\/p>\n<p><span class=\"tlid-translation translation\" lang=\"fr\"><span class=\"\" title=\"\">r\u00e9sine Storax, cannelle, p\u00e9tales de rose, bois de c\u00e8dre<\/span><\/span><\/p>\n<p><a href=\"https:\/\/decoiris.ch\/wp-content\/uploads\/2020\/01\/Wellness-ouvert.png\"><img loading=\"lazy\" decoding=\"async\" class=\"size-full wp-image-30811 aligncenter\" src=\"https:\/\/decoiris.ch\/wp-content\/uploads\/2020\/01\/Wellness-ouvert.png\" alt=\"\" width=\"224\" height=\"104\"><\/a><\/p>\n\n\n<hr class=\"wp-block-separator\"\/>\n\n\n<h2>LUCERNA<\/h2>\n<p><a href=\"https:\/\/decoiris.ch\/wp-content\/uploads\/2019\/12\/Lucerna.jpg\"><img loading=\"lazy\" decoding=\"async\" class=\"wp-image-30065 alignleft\" src=\"https:\/\/decoiris.ch\/wp-content\/uploads\/2019\/12\/Lucerna-300x195.jpg\" sizes=\"auto, (max-width: 366px) 100vw, 366px\" srcset=\"https:\/\/decoiris.ch\/wp-content\/uploads\/2019\/12\/Lucerna-300x195.jpg 300w, https:\/\/decoiris.ch\/wp-content\/uploads\/2019\/12\/Lucerna.jpg 600w\" alt=\"\" width=\"366\" height=\"238\"><\/a><\/p>\n<p>&nbsp;<\/p>\n<p>&nbsp;<\/p>\n<p>&nbsp;<\/p>\n<p>1pi\u00e8ce CHF 39.00<\/p>\n<p>Combinaison de br\u00fbleur d'encens et de lampe \u00e0 ar\u00f4me<\/p>\n<p>&nbsp;<\/p>\n<p>&nbsp;<\/p>\n<p>Le verre satin\u00e9 souffl\u00e9 \u00e0 la bouche est pos\u00e9 sur un support en fr\u00eane non&nbsp;trait\u00e9 et fa\u00e7onn\u00e9 manuellement.<\/p>\n<p>L\u2019harmonie de ce diffuseur \u00e9l\u00e9gant se&nbsp;r\u00e9v\u00e8le une fois la bougie allum\u00e9e.&nbsp;<\/p>\n<p>Cette combinaison unique et g\u00e9niale de diffuseur \u00e0 la fois d\u2019ar\u00f4mes offre diff\u00e9rentes possibilit\u00e9s d\u2019utilisation.&nbsp;<\/p>\n<p>La coupelle (avec la Fleur de Vie) en verre thermor\u00e9sistant accueille les m\u00e9langes d\u2019encens et diffuse des&nbsp;parfums agr\u00e9ables tant \u00e0 l\u2019int\u00e9rieur qu\u2019\u00e0 l\u2019ext\u00e9rieur.<\/p>","protected":false},"excerpt":{"rendered":"<p>Mit dem Lucerna Diffusor k\u00f6nnen Sie angenehme nat\u00fcrliche D\u00fcfte geniessen. Der Diffusor arbeitet mit einer Kerze und hat eine hitzebest\u00e4ndige Glasschale, was zu einer langsameren, kontinuierlichen und sanfteren Verdampfung der in der trockenen Weihrauchmischung enthaltenen \u00e4therischen \u00d6le f\u00fchrt. Es gibt sechs verschiedene Mischungen, die alle aus 100% nat\u00fcrlichen Inhaltsstoffen wie Sandelholz, Rosenbl\u00fcten, Zitronengras, Lavendel, Wacholderbeeren, Orangenschalen, Palo Santo... bestehen und&nbsp;<a href=\"https:\/\/bien-etreiris.ch\/de\/produktpraesentation\/aromatherapie\/raeuchern\/mischungen\/natures-design\/\" class=\"read-more\">Weiter lesen<\/a><\/p>\n","protected":false},"author":1,"featured_media":30870,"parent":44054,"menu_order":7155,"comment_status":"closed","ping_status":"closed","template":"page-with-child.php","meta":{"_acf_changed":false,"ngg_post_thumbnail":0,"footnotes":""},"class_list":["post-44060","page","type-page","status-publish","has-post-thumbnail","hentry"],"acf":[],"yoast_head":"<!-- This site is optimized with the Yoast SEO plugin v27.5 - https:\/\/yoast.com\/product\/yoast-seo-wordpress\/ -->\n<title>NATURES -DESIGN - WOHLBEFINDEN<\/title>\n<meta name=\"robots\" content=\"index, follow, max-snippet:-1, max-image-preview:large, max-video-preview:-1\" \/>\n<link rel=\"canonical\" href=\"https:\/\/bien-etreiris.ch\/de\/produktpraesentation\/aromatherapie\/raeuchern\/mischungen\/natures-design\/\" \/>\n<meta property=\"og:locale\" content=\"de_DE\" \/>\n<meta property=\"og:type\" content=\"article\" \/>\n<meta property=\"og:title\" content=\"NATURES -DESIGN - WOHLBEFINDEN\" \/>\n<meta property=\"og:description\" content=\"Mit dem Lucerna Diffusor k\u00f6nnen Sie angenehme nat\u00fcrliche D\u00fcfte geniessen. Der Diffusor arbeitet mit einer Kerze und hat eine hitzebest\u00e4ndige Glasschale, was zu einer langsameren, kontinuierlichen und sanfteren Verdampfung der in der trockenen Weihrauchmischung enthaltenen \u00e4therischen \u00d6le f\u00fchrt. Es gibt sechs verschiedene Mischungen, die alle aus 100% nat\u00fcrlichen Inhaltsstoffen wie Sandelholz, Rosenbl\u00fcten, Zitronengras, Lavendel, Wacholderbeeren, Orangenschalen, Palo Santo... bestehen und&nbsp;Weiter lesen\" \/>\n<meta property=\"og:url\" content=\"https:\/\/bien-etreiris.ch\/de\/produktpraesentation\/aromatherapie\/raeuchern\/mischungen\/natures-design\/\" \/>\n<meta property=\"og:site_name\" content=\"WOHLBEFINDEN\" \/>\n<meta property=\"article:publisher\" content=\"https:\/\/www.facebook.com\/bienetreiris\/\" \/>\n<meta property=\"article:modified_time\" content=\"2021-05-11T10:27:52+00:00\" \/>\n<meta property=\"og:image\" content=\"https:\/\/bien-etreiris.ch\/wp-content\/uploads\/2020\/01\/acceuil-natures-design-2-2.jpg\" \/>\n\t<meta property=\"og:image:width\" content=\"450\" \/>\n\t<meta property=\"og:image:height\" content=\"310\" \/>\n\t<meta property=\"og:image:type\" content=\"image\/jpeg\" \/>\n<meta name=\"twitter:label1\" content=\"Gesch\u00e4tzte Lesezeit\" \/>\n\t<meta name=\"twitter:data1\" content=\"4\u00a0Minuten\" \/>\n<script type=\"application\/ld+json\" class=\"yoast-schema-graph\">{\"@context\":\"https:\\\/\\\/schema.org\",\"@graph\":[{\"@type\":\"WebPage\",\"@id\":\"https:\\\/\\\/bien-etreiris.ch\\\/de\\\/produktpraesentation\\\/aromatherapie\\\/raeuchern\\\/mischungen\\\/natures-design\\\/\",\"url\":\"https:\\\/\\\/bien-etreiris.ch\\\/de\\\/produktpraesentation\\\/aromatherapie\\\/raeuchern\\\/mischungen\\\/natures-design\\\/\",\"name\":\"NATURES -DESIGN - WOHLBEFINDEN\",\"isPartOf\":{\"@id\":\"https:\\\/\\\/bien-etreiris.ch\\\/de\\\/#website\"},\"primaryImageOfPage\":{\"@id\":\"https:\\\/\\\/bien-etreiris.ch\\\/de\\\/produktpraesentation\\\/aromatherapie\\\/raeuchern\\\/mischungen\\\/natures-design\\\/#primaryimage\"},\"image\":{\"@id\":\"https:\\\/\\\/bien-etreiris.ch\\\/de\\\/produktpraesentation\\\/aromatherapie\\\/raeuchern\\\/mischungen\\\/natures-design\\\/#primaryimage\"},\"thumbnailUrl\":\"https:\\\/\\\/bien-etreiris.ch\\\/wp-content\\\/uploads\\\/2020\\\/01\\\/acceuil-natures-design-2-2.jpg\",\"datePublished\":\"2020-01-11T09:04:29+00:00\",\"dateModified\":\"2021-05-11T10:27:52+00:00\",\"breadcrumb\":{\"@id\":\"https:\\\/\\\/bien-etreiris.ch\\\/de\\\/produktpraesentation\\\/aromatherapie\\\/raeuchern\\\/mischungen\\\/natures-design\\\/#breadcrumb\"},\"inLanguage\":\"de\",\"potentialAction\":[{\"@type\":\"ReadAction\",\"target\":[\"https:\\\/\\\/bien-etreiris.ch\\\/de\\\/produktpraesentation\\\/aromatherapie\\\/raeuchern\\\/mischungen\\\/natures-design\\\/\"]}]},{\"@type\":\"ImageObject\",\"inLanguage\":\"de\",\"@id\":\"https:\\\/\\\/bien-etreiris.ch\\\/de\\\/produktpraesentation\\\/aromatherapie\\\/raeuchern\\\/mischungen\\\/natures-design\\\/#primaryimage\",\"url\":\"https:\\\/\\\/bien-etreiris.ch\\\/wp-content\\\/uploads\\\/2020\\\/01\\\/acceuil-natures-design-2-2.jpg\",\"contentUrl\":\"https:\\\/\\\/bien-etreiris.ch\\\/wp-content\\\/uploads\\\/2020\\\/01\\\/acceuil-natures-design-2-2.jpg\",\"width\":450,\"height\":310},{\"@type\":\"BreadcrumbList\",\"@id\":\"https:\\\/\\\/bien-etreiris.ch\\\/de\\\/produktpraesentation\\\/aromatherapie\\\/raeuchern\\\/mischungen\\\/natures-design\\\/#breadcrumb\",\"itemListElement\":[{\"@type\":\"ListItem\",\"position\":1,\"name\":\"Home\",\"item\":\"https:\\\/\\\/bien-etreiris.ch\\\/de\\\/\"},{\"@type\":\"ListItem\",\"position\":2,\"name\":\"PRODUKTPR\u00c4SENTATION\",\"item\":\"https:\\\/\\\/bien-etreiris.ch\\\/de\\\/produktpraesentation\\\/\"},{\"@type\":\"ListItem\",\"position\":3,\"name\":\"AROMATHERAPIE\",\"item\":\"https:\\\/\\\/bien-etreiris.ch\\\/de\\\/produktpraesentation\\\/aromatherapie\\\/\"},{\"@type\":\"ListItem\",\"position\":4,\"name\":\"R\u00e4UCHERN\",\"item\":\"https:\\\/\\\/bien-etreiris.ch\\\/de\\\/produktpraesentation\\\/aromatherapie\\\/raeuchern\\\/\"},{\"@type\":\"ListItem\",\"position\":5,\"name\":\"MISCHUNGEN\",\"item\":\"https:\\\/\\\/bien-etreiris.ch\\\/de\\\/produktpraesentation\\\/aromatherapie\\\/raeuchern\\\/mischungen\\\/\"},{\"@type\":\"ListItem\",\"position\":6,\"name\":\"NATURES -DESIGN\"}]},{\"@type\":\"WebSite\",\"@id\":\"https:\\\/\\\/bien-etreiris.ch\\\/de\\\/#website\",\"url\":\"https:\\\/\\\/bien-etreiris.ch\\\/de\\\/\",\"name\":\"Bien-\u00eatre Iris\",\"description\":\"IHRE Gesundheit ist uns wichtig\",\"potentialAction\":[{\"@type\":\"SearchAction\",\"target\":{\"@type\":\"EntryPoint\",\"urlTemplate\":\"https:\\\/\\\/bien-etreiris.ch\\\/de\\\/?s={search_term_string}\"},\"query-input\":{\"@type\":\"PropertyValueSpecification\",\"valueRequired\":true,\"valueName\":\"search_term_string\"}}],\"inLanguage\":\"de\"}]}<\/script>\n<!-- \/ Yoast SEO plugin. -->","yoast_head_json":{"title":"NATURES -DESIGN - WOHLBEFINDEN","robots":{"index":"index","follow":"follow","max-snippet":"max-snippet:-1","max-image-preview":"max-image-preview:large","max-video-preview":"max-video-preview:-1"},"canonical":"https:\/\/bien-etreiris.ch\/de\/produktpraesentation\/aromatherapie\/raeuchern\/mischungen\/natures-design\/","og_locale":"de_DE","og_type":"article","og_title":"NATURES -DESIGN - WOHLBEFINDEN","og_description":"Mit dem Lucerna Diffusor k\u00f6nnen Sie angenehme nat\u00fcrliche D\u00fcfte geniessen. Der Diffusor arbeitet mit einer Kerze und hat eine hitzebest\u00e4ndige Glasschale, was zu einer langsameren, kontinuierlichen und sanfteren Verdampfung der in der trockenen Weihrauchmischung enthaltenen \u00e4therischen \u00d6le f\u00fchrt. Es gibt sechs verschiedene Mischungen, die alle aus 100% nat\u00fcrlichen Inhaltsstoffen wie Sandelholz, Rosenbl\u00fcten, Zitronengras, Lavendel, Wacholderbeeren, Orangenschalen, Palo Santo... bestehen und&nbsp;Weiter lesen","og_url":"https:\/\/bien-etreiris.ch\/de\/produktpraesentation\/aromatherapie\/raeuchern\/mischungen\/natures-design\/","og_site_name":"WOHLBEFINDEN","article_publisher":"https:\/\/www.facebook.com\/bienetreiris\/","article_modified_time":"2021-05-11T10:27:52+00:00","og_image":[{"width":450,"height":310,"url":"https:\/\/bien-etreiris.ch\/wp-content\/uploads\/2020\/01\/acceuil-natures-design-2-2.jpg","type":"image\/jpeg"}],"twitter_misc":{"Gesch\u00e4tzte Lesezeit":"4\u00a0Minuten"},"schema":{"@context":"https:\/\/schema.org","@graph":[{"@type":"WebPage","@id":"https:\/\/bien-etreiris.ch\/de\/produktpraesentation\/aromatherapie\/raeuchern\/mischungen\/natures-design\/","url":"https:\/\/bien-etreiris.ch\/de\/produktpraesentation\/aromatherapie\/raeuchern\/mischungen\/natures-design\/","name":"NATURES -DESIGN - WOHLBEFINDEN","isPartOf":{"@id":"https:\/\/bien-etreiris.ch\/de\/#website"},"primaryImageOfPage":{"@id":"https:\/\/bien-etreiris.ch\/de\/produktpraesentation\/aromatherapie\/raeuchern\/mischungen\/natures-design\/#primaryimage"},"image":{"@id":"https:\/\/bien-etreiris.ch\/de\/produktpraesentation\/aromatherapie\/raeuchern\/mischungen\/natures-design\/#primaryimage"},"thumbnailUrl":"https:\/\/bien-etreiris.ch\/wp-content\/uploads\/2020\/01\/acceuil-natures-design-2-2.jpg","datePublished":"2020-01-11T09:04:29+00:00","dateModified":"2021-05-11T10:27:52+00:00","breadcrumb":{"@id":"https:\/\/bien-etreiris.ch\/de\/produktpraesentation\/aromatherapie\/raeuchern\/mischungen\/natures-design\/#breadcrumb"},"inLanguage":"de","potentialAction":[{"@type":"ReadAction","target":["https:\/\/bien-etreiris.ch\/de\/produktpraesentation\/aromatherapie\/raeuchern\/mischungen\/natures-design\/"]}]},{"@type":"ImageObject","inLanguage":"de","@id":"https:\/\/bien-etreiris.ch\/de\/produktpraesentation\/aromatherapie\/raeuchern\/mischungen\/natures-design\/#primaryimage","url":"https:\/\/bien-etreiris.ch\/wp-content\/uploads\/2020\/01\/acceuil-natures-design-2-2.jpg","contentUrl":"https:\/\/bien-etreiris.ch\/wp-content\/uploads\/2020\/01\/acceuil-natures-design-2-2.jpg","width":450,"height":310},{"@type":"BreadcrumbList","@id":"https:\/\/bien-etreiris.ch\/de\/produktpraesentation\/aromatherapie\/raeuchern\/mischungen\/natures-design\/#breadcrumb","itemListElement":[{"@type":"ListItem","position":1,"name":"Home","item":"https:\/\/bien-etreiris.ch\/de\/"},{"@type":"ListItem","position":2,"name":"PRODUKTPR\u00c4SENTATION","item":"https:\/\/bien-etreiris.ch\/de\/produktpraesentation\/"},{"@type":"ListItem","position":3,"name":"AROMATHERAPIE","item":"https:\/\/bien-etreiris.ch\/de\/produktpraesentation\/aromatherapie\/"},{"@type":"ListItem","position":4,"name":"R\u00e4UCHERN","item":"https:\/\/bien-etreiris.ch\/de\/produktpraesentation\/aromatherapie\/raeuchern\/"},{"@type":"ListItem","position":5,"name":"MISCHUNGEN","item":"https:\/\/bien-etreiris.ch\/de\/produktpraesentation\/aromatherapie\/raeuchern\/mischungen\/"},{"@type":"ListItem","position":6,"name":"NATURES -DESIGN"}]},{"@type":"WebSite","@id":"https:\/\/bien-etreiris.ch\/de\/#website","url":"https:\/\/bien-etreiris.ch\/de\/","name":"Bien-\u00eatre Iris","description":"IHRE Gesundheit ist uns wichtig","potentialAction":[{"@type":"SearchAction","target":{"@type":"EntryPoint","urlTemplate":"https:\/\/bien-etreiris.ch\/de\/?s={search_term_string}"},"query-input":{"@type":"PropertyValueSpecification","valueRequired":true,"valueName":"search_term_string"}}],"inLanguage":"de"}]}},"_links":{"self":[{"href":"https:\/\/bien-etreiris.ch\/de\/wp-json\/wp\/v2\/pages\/44060","targetHints":{"allow":["GET"]}}],"collection":[{"href":"https:\/\/bien-etreiris.ch\/de\/wp-json\/wp\/v2\/pages"}],"about":[{"href":"https:\/\/bien-etreiris.ch\/de\/wp-json\/wp\/v2\/types\/page"}],"author":[{"embeddable":true,"href":"https:\/\/bien-etreiris.ch\/de\/wp-json\/wp\/v2\/users\/1"}],"replies":[{"embeddable":true,"href":"https:\/\/bien-etreiris.ch\/de\/wp-json\/wp\/v2\/comments?post=44060"}],"version-history":[{"count":2,"href":"https:\/\/bien-etreiris.ch\/de\/wp-json\/wp\/v2\/pages\/44060\/revisions"}],"predecessor-version":[{"id":44063,"href":"https:\/\/bien-etreiris.ch\/de\/wp-json\/wp\/v2\/pages\/44060\/revisions\/44063"}],"up":[{"embeddable":true,"href":"https:\/\/bien-etreiris.ch\/de\/wp-json\/wp\/v2\/pages\/44054"}],"wp:featuredmedia":[{"embeddable":true,"href":"https:\/\/bien-etreiris.ch\/de\/wp-json\/wp\/v2\/media\/30870"}],"wp:attachment":[{"href":"https:\/\/bien-etreiris.ch\/de\/wp-json\/wp\/v2\/media?parent=44060"}],"curies":[{"name":"wp","href":"https:\/\/api.w.org\/{rel}","templated":true}]}}