{"id":44045,"date":"2020-01-11T10:13:19","date_gmt":"2020-01-11T10:13:19","guid":{"rendered":"https:\/\/bien-etreiris.ch\/wohlbefinden\/aromatherapie\/encens\/indianherbs\/bols-encens\/"},"modified":"2021-06-08T09:15:37","modified_gmt":"2021-06-08T07:15:37","slug":"raeucherschalen","status":"publish","type":"page","link":"https:\/\/bien-etreiris.ch\/de\/produktpraesentation\/aromatherapie\/raeuchern\/indianherbs\/raeucherschalen\/","title":{"rendered":"R\u00c4UCHERSCHALEN"},"content":{"rendered":"<p>Meine R\u00e4ucherschalen und Rituale werden in liebevoller Handarbeit in meiner eigenen Werkstatt hergestellt und graviert. Es gibt sie in verschiedenen Gr\u00f6ssen und Typen.<\/p>\n<p>Die meisten von ihnen werden in einem Elektroofen bei ca. 1200 \u00b0 C gebrannt, manchmal aber auch im Feuer. Gebrannte Schalen sind seltene St\u00fccke und nicht immer verf\u00fcgbar. Jede Schale ist ein Einzelst\u00fcck, das aufgrund seiner Form, Gravur und seines Brandes seine eigene Botschaft und Geschichte hat. Ich danke dir, Mutter Erde, f\u00fcr dein Geschenk. Ich werde es mit grosser Liebe und Ehre behandeln und weitergeben.<\/p>\n<p>&nbsp;<\/p>\n<p>&nbsp;<\/p>\n<p><a href=\"https:\/\/decoiris.ch\/wp-content\/uploads\/2020\/01\/R\u00e4ucherschale-rustikal.jpg\"><img loading=\"lazy\" decoding=\"async\" class=\"alignnone wp-image-30951 size-medium\" src=\"https:\/\/decoiris.ch\/wp-content\/uploads\/2020\/01\/R\u00e4ucherschale-rustikal-300x200.jpg\" alt=\"\" data-wp-editing=\"1\" width=\"300\" height=\"200\" srcset=\"https:\/\/bien-etreiris.ch\/wp-content\/uploads\/2020\/01\/R\u00e4ucherschale-rustikal-300x200.jpg 300w, https:\/\/bien-etreiris.ch\/wp-content\/uploads\/2020\/01\/R\u00e4ucherschale-rustikal.jpg 600w\" sizes=\"auto, (max-width: 300px) 100vw, 300px\" \/><\/a><\/p>\n<p>&nbsp;<\/p>\n<p><span class=\"tlid-translation translation\" lang=\"fr\"><span class=\"\" title=\"\">Kleine rustikale R\u00e4ucherschale <\/span><\/span> CHF 35.00<\/p>\n\n\n<hr class=\"wp-block-separator\"\/>\n\n\n<p><a href=\"https:\/\/decoiris.ch\/wp-content\/uploads\/2020\/01\/R\u00e4ucherschale-rustikal-mit-Holzgestell.jpg\"><img loading=\"lazy\" decoding=\"async\" class=\"wp-image-30942 alignleft\" src=\"https:\/\/decoiris.ch\/wp-content\/uploads\/2020\/01\/R\u00e4ucherschale-rustikal-mit-Holzgestell.jpg\" alt=\"\" width=\"500\" height=\"333\" srcset=\"https:\/\/bien-etreiris.ch\/wp-content\/uploads\/2020\/01\/R\u00e4ucherschale-rustikal-mit-Holzgestell.jpg 600w, https:\/\/bien-etreiris.ch\/wp-content\/uploads\/2020\/01\/R\u00e4ucherschale-rustikal-mit-Holzgestell-300x200.jpg 300w\" sizes=\"auto, (max-width: 500px) 100vw, 500px\" \/><\/a><\/p>\n<p>&nbsp;<\/p>\n<p>&nbsp;<\/p>\n<p>&nbsp;<\/p>\n<p>&nbsp;<\/p>\n<p>&nbsp;<\/p>\n<p>&nbsp;<\/p>\n<p>&nbsp;<\/p>\n<p><span class=\"tlid-translation translation\" lang=\"fr\"><span class=\"\" title=\"\">Kleine rustikale R\u00e4ucherschale mit Holzst\u00e4nder CHF 58.00<br><\/span><\/span><\/p>\n\n\n<hr class=\"wp-block-separator\"\/>\n\n\n<p><a href=\"https:\/\/decoiris.ch\/wp-content\/uploads\/2020\/01\/Schale-mit-Pistill.jpg\"><img loading=\"lazy\" decoding=\"async\" class=\"wp-image-30945 alignleft\" src=\"https:\/\/decoiris.ch\/wp-content\/uploads\/2020\/01\/Schale-mit-Pistill-300x200.jpg\" alt=\"\" width=\"500\" height=\"333\" srcset=\"https:\/\/bien-etreiris.ch\/wp-content\/uploads\/2020\/01\/Schale-mit-Pistill-300x200.jpg 300w, https:\/\/bien-etreiris.ch\/wp-content\/uploads\/2020\/01\/Schale-mit-Pistill.jpg 600w\" sizes=\"auto, (max-width: 500px) 100vw, 500px\" \/><\/a><\/p>\n<p>&nbsp;<\/p>\n<p>&nbsp;<\/p>\n<p>&nbsp;<\/p>\n<p>&nbsp;<\/p>\n<p>&nbsp;<\/p>\n<p>&nbsp;<\/p>\n<p>&nbsp;<\/p>\n<p><span class=\"tlid-translation translation\" lang=\"fr\"><span class=\"\" title=\"\">R\u00e4ucherschale mit Pistill CHF 55.00<br><\/span><\/span><\/p>\n\n\n<hr class=\"wp-block-separator\"\/>\n\n\n<p><a href=\"https:\/\/decoiris.ch\/wp-content\/uploads\/2020\/01\/R\u00e4ucherschale-klein-1.jpg\"><img loading=\"lazy\" decoding=\"async\" class=\"wp-image-30948 size-full alignleft\" src=\"https:\/\/decoiris.ch\/wp-content\/uploads\/2020\/01\/R\u00e4ucherschale-klein-1.jpg\" alt=\"\" width=\"500\" height=\"333\" srcset=\"https:\/\/bien-etreiris.ch\/wp-content\/uploads\/2020\/01\/R\u00e4ucherschale-klein-1.jpg 500w, https:\/\/bien-etreiris.ch\/wp-content\/uploads\/2020\/01\/R\u00e4ucherschale-klein-1-300x200.jpg 300w\" sizes=\"auto, (max-width: 500px) 100vw, 500px\" \/><\/a><\/p>\n<p>&nbsp;<\/p>\n<p>&nbsp;<\/p>\n<p>&nbsp;<\/p>\n<p>&nbsp;<\/p>\n<p>&nbsp;<\/p>\n<p>&nbsp;<\/p>\n<p>&nbsp;<\/p>\n<p>Kleine R\u00e4ucherschale&nbsp;CHF31.00<\/p>\n<p>&nbsp;<\/p>\n<p>&nbsp;<\/p>\n<p>&nbsp;<\/p>\n<p>&nbsp;<\/p>\n<p>&nbsp;<\/p>\n<p>&nbsp;<\/p>\n<p>&nbsp;<\/p>\n<p><span class=\"tlid-translation translation\" lang=\"fr\"><span class=\"\" title=\"\">Kleine R\u00e4ucherschale<\/span><\/span><\/p>\n<p>&nbsp;<\/p>\n<p>&nbsp;<\/p>\n<p>&nbsp;<\/p>\n<p>&nbsp;<\/p>\n<p>&nbsp;<\/p>\n<p>&nbsp;<\/p>\n<p>&nbsp;<\/p>\n<p><span class=\"tlid-translation translation\" lang=\"fr\"><span class=\"\" title=\"\">&nbsp;<\/span><\/span><\/p>","protected":false},"excerpt":{"rendered":"<p>Meine R\u00e4ucherschalen und Rituale werden in liebevoller Handarbeit in meiner eigenen Werkstatt hergestellt und graviert. Es gibt sie in verschiedenen Gr\u00f6ssen und Typen. Die meisten von ihnen werden in einem Elektroofen bei ca. 1200 \u00b0 C gebrannt, manchmal aber auch im Feuer. Gebrannte Schalen sind seltene St\u00fccke und nicht immer verf\u00fcgbar. Jede Schale ist ein Einzelst\u00fcck, das aufgrund seiner Form,&nbsp;<a href=\"https:\/\/bien-etreiris.ch\/de\/produktpraesentation\/aromatherapie\/raeuchern\/indianherbs\/raeucherschalen\/\" class=\"read-more\">Weiter lesen<\/a><\/p>\n","protected":false},"author":1,"featured_media":30768,"parent":44041,"menu_order":7145,"comment_status":"closed","ping_status":"closed","template":"page-with-child.php","meta":{"_acf_changed":false,"ngg_post_thumbnail":0,"footnotes":""},"class_list":["post-44045","page","type-page","status-publish","has-post-thumbnail","hentry"],"acf":[],"yoast_head":"<!-- This site is optimized with the Yoast SEO plugin v27.5 - https:\/\/yoast.com\/product\/yoast-seo-wordpress\/ -->\n<title>R\u00c4UCHERSCHALEN - WOHLBEFINDEN<\/title>\n<meta name=\"robots\" content=\"index, follow, max-snippet:-1, max-image-preview:large, max-video-preview:-1\" \/>\n<link rel=\"canonical\" href=\"https:\/\/bien-etreiris.ch\/de\/produktpraesentation\/aromatherapie\/raeuchern\/indianherbs\/raeucherschalen\/\" \/>\n<meta property=\"og:locale\" content=\"de_DE\" \/>\n<meta property=\"og:type\" content=\"article\" \/>\n<meta property=\"og:title\" content=\"R\u00c4UCHERSCHALEN - WOHLBEFINDEN\" \/>\n<meta property=\"og:description\" content=\"Meine R\u00e4ucherschalen und Rituale werden in liebevoller Handarbeit in meiner eigenen Werkstatt hergestellt und graviert. Es gibt sie in verschiedenen Gr\u00f6ssen und Typen. Die meisten von ihnen werden in einem Elektroofen bei ca. 1200 \u00b0 C gebrannt, manchmal aber auch im Feuer. Gebrannte Schalen sind seltene St\u00fccke und nicht immer verf\u00fcgbar. Jede Schale ist ein Einzelst\u00fcck, das aufgrund seiner Form,&nbsp;Weiter lesen\" \/>\n<meta property=\"og:url\" content=\"https:\/\/bien-etreiris.ch\/de\/produktpraesentation\/aromatherapie\/raeuchern\/indianherbs\/raeucherschalen\/\" \/>\n<meta property=\"og:site_name\" content=\"WOHLBEFINDEN\" \/>\n<meta property=\"article:publisher\" content=\"https:\/\/www.facebook.com\/bienetreiris\/\" \/>\n<meta property=\"article:modified_time\" content=\"2021-06-08T07:15:37+00:00\" \/>\n<meta property=\"og:image\" content=\"https:\/\/bien-etreiris.ch\/wp-content\/uploads\/2020\/01\/acceuil-Bols-encens.jpg\" \/>\n\t<meta property=\"og:image:width\" content=\"500\" \/>\n\t<meta property=\"og:image:height\" content=\"333\" \/>\n\t<meta property=\"og:image:type\" content=\"image\/jpeg\" \/>\n<meta name=\"twitter:label1\" content=\"Gesch\u00e4tzte Lesezeit\" \/>\n\t<meta name=\"twitter:data1\" content=\"2\u00a0Minuten\" \/>\n<script type=\"application\/ld+json\" class=\"yoast-schema-graph\">{\"@context\":\"https:\\\/\\\/schema.org\",\"@graph\":[{\"@type\":\"WebPage\",\"@id\":\"https:\\\/\\\/bien-etreiris.ch\\\/de\\\/produktpraesentation\\\/aromatherapie\\\/raeuchern\\\/indianherbs\\\/raeucherschalen\\\/\",\"url\":\"https:\\\/\\\/bien-etreiris.ch\\\/de\\\/produktpraesentation\\\/aromatherapie\\\/raeuchern\\\/indianherbs\\\/raeucherschalen\\\/\",\"name\":\"R\u00c4UCHERSCHALEN - WOHLBEFINDEN\",\"isPartOf\":{\"@id\":\"https:\\\/\\\/bien-etreiris.ch\\\/de\\\/#website\"},\"primaryImageOfPage\":{\"@id\":\"https:\\\/\\\/bien-etreiris.ch\\\/de\\\/produktpraesentation\\\/aromatherapie\\\/raeuchern\\\/indianherbs\\\/raeucherschalen\\\/#primaryimage\"},\"image\":{\"@id\":\"https:\\\/\\\/bien-etreiris.ch\\\/de\\\/produktpraesentation\\\/aromatherapie\\\/raeuchern\\\/indianherbs\\\/raeucherschalen\\\/#primaryimage\"},\"thumbnailUrl\":\"https:\\\/\\\/bien-etreiris.ch\\\/wp-content\\\/uploads\\\/2020\\\/01\\\/acceuil-Bols-encens.jpg\",\"datePublished\":\"2020-01-11T10:13:19+00:00\",\"dateModified\":\"2021-06-08T07:15:37+00:00\",\"breadcrumb\":{\"@id\":\"https:\\\/\\\/bien-etreiris.ch\\\/de\\\/produktpraesentation\\\/aromatherapie\\\/raeuchern\\\/indianherbs\\\/raeucherschalen\\\/#breadcrumb\"},\"inLanguage\":\"de\",\"potentialAction\":[{\"@type\":\"ReadAction\",\"target\":[\"https:\\\/\\\/bien-etreiris.ch\\\/de\\\/produktpraesentation\\\/aromatherapie\\\/raeuchern\\\/indianherbs\\\/raeucherschalen\\\/\"]}]},{\"@type\":\"ImageObject\",\"inLanguage\":\"de\",\"@id\":\"https:\\\/\\\/bien-etreiris.ch\\\/de\\\/produktpraesentation\\\/aromatherapie\\\/raeuchern\\\/indianherbs\\\/raeucherschalen\\\/#primaryimage\",\"url\":\"https:\\\/\\\/bien-etreiris.ch\\\/wp-content\\\/uploads\\\/2020\\\/01\\\/acceuil-Bols-encens.jpg\",\"contentUrl\":\"https:\\\/\\\/bien-etreiris.ch\\\/wp-content\\\/uploads\\\/2020\\\/01\\\/acceuil-Bols-encens.jpg\",\"width\":500,\"height\":333},{\"@type\":\"BreadcrumbList\",\"@id\":\"https:\\\/\\\/bien-etreiris.ch\\\/de\\\/produktpraesentation\\\/aromatherapie\\\/raeuchern\\\/indianherbs\\\/raeucherschalen\\\/#breadcrumb\",\"itemListElement\":[{\"@type\":\"ListItem\",\"position\":1,\"name\":\"Home\",\"item\":\"https:\\\/\\\/bien-etreiris.ch\\\/de\\\/\"},{\"@type\":\"ListItem\",\"position\":2,\"name\":\"PRODUKTPR\u00c4SENTATION\",\"item\":\"https:\\\/\\\/bien-etreiris.ch\\\/de\\\/produktpraesentation\\\/\"},{\"@type\":\"ListItem\",\"position\":3,\"name\":\"AROMATHERAPIE\",\"item\":\"https:\\\/\\\/bien-etreiris.ch\\\/de\\\/produktpraesentation\\\/aromatherapie\\\/\"},{\"@type\":\"ListItem\",\"position\":4,\"name\":\"R\u00e4UCHERN\",\"item\":\"https:\\\/\\\/bien-etreiris.ch\\\/de\\\/produktpraesentation\\\/aromatherapie\\\/raeuchern\\\/\"},{\"@type\":\"ListItem\",\"position\":5,\"name\":\"INDIANHERBS\",\"item\":\"https:\\\/\\\/bien-etreiris.ch\\\/de\\\/produktpraesentation\\\/aromatherapie\\\/raeuchern\\\/indianherbs\\\/\"},{\"@type\":\"ListItem\",\"position\":6,\"name\":\"R\u00c4UCHERSCHALEN\"}]},{\"@type\":\"WebSite\",\"@id\":\"https:\\\/\\\/bien-etreiris.ch\\\/de\\\/#website\",\"url\":\"https:\\\/\\\/bien-etreiris.ch\\\/de\\\/\",\"name\":\"Bien-\u00eatre Iris\",\"description\":\"IHRE Gesundheit ist uns wichtig\",\"potentialAction\":[{\"@type\":\"SearchAction\",\"target\":{\"@type\":\"EntryPoint\",\"urlTemplate\":\"https:\\\/\\\/bien-etreiris.ch\\\/de\\\/?s={search_term_string}\"},\"query-input\":{\"@type\":\"PropertyValueSpecification\",\"valueRequired\":true,\"valueName\":\"search_term_string\"}}],\"inLanguage\":\"de\"}]}<\/script>\n<!-- \/ Yoast SEO plugin. -->","yoast_head_json":{"title":"R\u00c4UCHERSCHALEN - WOHLBEFINDEN","robots":{"index":"index","follow":"follow","max-snippet":"max-snippet:-1","max-image-preview":"max-image-preview:large","max-video-preview":"max-video-preview:-1"},"canonical":"https:\/\/bien-etreiris.ch\/de\/produktpraesentation\/aromatherapie\/raeuchern\/indianherbs\/raeucherschalen\/","og_locale":"de_DE","og_type":"article","og_title":"R\u00c4UCHERSCHALEN - WOHLBEFINDEN","og_description":"Meine R\u00e4ucherschalen und Rituale werden in liebevoller Handarbeit in meiner eigenen Werkstatt hergestellt und graviert. Es gibt sie in verschiedenen Gr\u00f6ssen und Typen. Die meisten von ihnen werden in einem Elektroofen bei ca. 1200 \u00b0 C gebrannt, manchmal aber auch im Feuer. Gebrannte Schalen sind seltene St\u00fccke und nicht immer verf\u00fcgbar. Jede Schale ist ein Einzelst\u00fcck, das aufgrund seiner Form,&nbsp;Weiter lesen","og_url":"https:\/\/bien-etreiris.ch\/de\/produktpraesentation\/aromatherapie\/raeuchern\/indianherbs\/raeucherschalen\/","og_site_name":"WOHLBEFINDEN","article_publisher":"https:\/\/www.facebook.com\/bienetreiris\/","article_modified_time":"2021-06-08T07:15:37+00:00","og_image":[{"width":500,"height":333,"url":"https:\/\/bien-etreiris.ch\/wp-content\/uploads\/2020\/01\/acceuil-Bols-encens.jpg","type":"image\/jpeg"}],"twitter_misc":{"Gesch\u00e4tzte Lesezeit":"2\u00a0Minuten"},"schema":{"@context":"https:\/\/schema.org","@graph":[{"@type":"WebPage","@id":"https:\/\/bien-etreiris.ch\/de\/produktpraesentation\/aromatherapie\/raeuchern\/indianherbs\/raeucherschalen\/","url":"https:\/\/bien-etreiris.ch\/de\/produktpraesentation\/aromatherapie\/raeuchern\/indianherbs\/raeucherschalen\/","name":"R\u00c4UCHERSCHALEN - WOHLBEFINDEN","isPartOf":{"@id":"https:\/\/bien-etreiris.ch\/de\/#website"},"primaryImageOfPage":{"@id":"https:\/\/bien-etreiris.ch\/de\/produktpraesentation\/aromatherapie\/raeuchern\/indianherbs\/raeucherschalen\/#primaryimage"},"image":{"@id":"https:\/\/bien-etreiris.ch\/de\/produktpraesentation\/aromatherapie\/raeuchern\/indianherbs\/raeucherschalen\/#primaryimage"},"thumbnailUrl":"https:\/\/bien-etreiris.ch\/wp-content\/uploads\/2020\/01\/acceuil-Bols-encens.jpg","datePublished":"2020-01-11T10:13:19+00:00","dateModified":"2021-06-08T07:15:37+00:00","breadcrumb":{"@id":"https:\/\/bien-etreiris.ch\/de\/produktpraesentation\/aromatherapie\/raeuchern\/indianherbs\/raeucherschalen\/#breadcrumb"},"inLanguage":"de","potentialAction":[{"@type":"ReadAction","target":["https:\/\/bien-etreiris.ch\/de\/produktpraesentation\/aromatherapie\/raeuchern\/indianherbs\/raeucherschalen\/"]}]},{"@type":"ImageObject","inLanguage":"de","@id":"https:\/\/bien-etreiris.ch\/de\/produktpraesentation\/aromatherapie\/raeuchern\/indianherbs\/raeucherschalen\/#primaryimage","url":"https:\/\/bien-etreiris.ch\/wp-content\/uploads\/2020\/01\/acceuil-Bols-encens.jpg","contentUrl":"https:\/\/bien-etreiris.ch\/wp-content\/uploads\/2020\/01\/acceuil-Bols-encens.jpg","width":500,"height":333},{"@type":"BreadcrumbList","@id":"https:\/\/bien-etreiris.ch\/de\/produktpraesentation\/aromatherapie\/raeuchern\/indianherbs\/raeucherschalen\/#breadcrumb","itemListElement":[{"@type":"ListItem","position":1,"name":"Home","item":"https:\/\/bien-etreiris.ch\/de\/"},{"@type":"ListItem","position":2,"name":"PRODUKTPR\u00c4SENTATION","item":"https:\/\/bien-etreiris.ch\/de\/produktpraesentation\/"},{"@type":"ListItem","position":3,"name":"AROMATHERAPIE","item":"https:\/\/bien-etreiris.ch\/de\/produktpraesentation\/aromatherapie\/"},{"@type":"ListItem","position":4,"name":"R\u00e4UCHERN","item":"https:\/\/bien-etreiris.ch\/de\/produktpraesentation\/aromatherapie\/raeuchern\/"},{"@type":"ListItem","position":5,"name":"INDIANHERBS","item":"https:\/\/bien-etreiris.ch\/de\/produktpraesentation\/aromatherapie\/raeuchern\/indianherbs\/"},{"@type":"ListItem","position":6,"name":"R\u00c4UCHERSCHALEN"}]},{"@type":"WebSite","@id":"https:\/\/bien-etreiris.ch\/de\/#website","url":"https:\/\/bien-etreiris.ch\/de\/","name":"Bien-\u00eatre Iris","description":"IHRE Gesundheit ist uns wichtig","potentialAction":[{"@type":"SearchAction","target":{"@type":"EntryPoint","urlTemplate":"https:\/\/bien-etreiris.ch\/de\/?s={search_term_string}"},"query-input":{"@type":"PropertyValueSpecification","valueRequired":true,"valueName":"search_term_string"}}],"inLanguage":"de"}]}},"_links":{"self":[{"href":"https:\/\/bien-etreiris.ch\/de\/wp-json\/wp\/v2\/pages\/44045","targetHints":{"allow":["GET"]}}],"collection":[{"href":"https:\/\/bien-etreiris.ch\/de\/wp-json\/wp\/v2\/pages"}],"about":[{"href":"https:\/\/bien-etreiris.ch\/de\/wp-json\/wp\/v2\/types\/page"}],"author":[{"embeddable":true,"href":"https:\/\/bien-etreiris.ch\/de\/wp-json\/wp\/v2\/users\/1"}],"replies":[{"embeddable":true,"href":"https:\/\/bien-etreiris.ch\/de\/wp-json\/wp\/v2\/comments?post=44045"}],"version-history":[{"count":2,"href":"https:\/\/bien-etreiris.ch\/de\/wp-json\/wp\/v2\/pages\/44045\/revisions"}],"predecessor-version":[{"id":44051,"href":"https:\/\/bien-etreiris.ch\/de\/wp-json\/wp\/v2\/pages\/44045\/revisions\/44051"}],"up":[{"embeddable":true,"href":"https:\/\/bien-etreiris.ch\/de\/wp-json\/wp\/v2\/pages\/44041"}],"wp:featuredmedia":[{"embeddable":true,"href":"https:\/\/bien-etreiris.ch\/de\/wp-json\/wp\/v2\/media\/30768"}],"wp:attachment":[{"href":"https:\/\/bien-etreiris.ch\/de\/wp-json\/wp\/v2\/media?parent=44045"}],"curies":[{"name":"wp","href":"https:\/\/api.w.org\/{rel}","templated":true}]}}