{"id":43741,"date":"2021-05-04T20:12:32","date_gmt":"2021-05-04T18:12:32","guid":{"rendered":"https:\/\/bien-etreiris.ch\/?page_id=43741"},"modified":"2021-09-14T08:15:14","modified_gmt":"2021-09-14T06:15:14","slug":"belebtes-wasser","status":"publish","type":"page","link":"https:\/\/bien-etreiris.ch\/de\/produktpraesentation\/gesundes-leben\/wasser-quelle-des-lebens\/belebtes-wasser\/","title":{"rendered":"BELEBTES WASSER"},"content":{"rendered":"\n<p>Wasser hat an seiner Quelle urspr\u00fcngliche energetische Eigenschaften, die es danach verliert. Leitungswasser wird in der Wasseraufbereitungsanlage verschiedenen chemischen Behandlungen unterzogen und dann in geraden Leitungen transportiert. Flaschenwasser wird zu lange in Plastik gelagert.<\/p>\n<ul style=\"list-style-type: disc;\">\n<li>Dynamisierung von Wasser<\/li>\n<li>Bessere Hydratation und Vitalit\u00e4t dank dynamisiertem Wasser<\/li>\n<\/ul>\n<p>Lebensnotwendig, wird Wasser oft als banales Element betrachtet, manchmal zusammengefasst in seiner einfachen chemischen Formel H2O. Die Natur des Wassers ist jedoch recht komplex. Je mehr wir seine Natur verstehen, desto mehr scheint es offensichtlich, dass die Dynamisierung des Wassers ebenso wichtig ist wie seine Reinigung. Forscher haben Dutzende von Ger\u00e4ten entwickelt, um dem Leitungswasser seine Vitalit\u00e4t zur\u00fcckzugeben.<\/p>\n<p>&nbsp;<\/p>\n<p>&nbsp;<\/p>\n","protected":false},"excerpt":{"rendered":"<p>Wasser hat an seiner Quelle urspr\u00fcngliche energetische Eigenschaften, die es danach verliert. Leitungswasser wird in der Wasseraufbereitungsanlage verschiedenen chemischen Behandlungen unterzogen und dann in geraden Leitungen transportiert. Flaschenwasser wird zu lange in Plastik gelagert. Dynamisierung von Wasser Bessere Hydratation und Vitalit\u00e4t dank dynamisiertem Wasser Lebensnotwendig, wird Wasser oft als banales Element betrachtet, manchmal zusammengefasst in seiner einfachen chemischen Formel H2O.&nbsp;<a href=\"https:\/\/bien-etreiris.ch\/de\/produktpraesentation\/gesundes-leben\/wasser-quelle-des-lebens\/belebtes-wasser\/\" class=\"read-more\">Weiter lesen<\/a><\/p>\n","protected":false},"author":1,"featured_media":43739,"parent":30643,"menu_order":5882,"comment_status":"closed","ping_status":"closed","template":"page-with-child.php","meta":{"_acf_changed":false,"ngg_post_thumbnail":0,"footnotes":""},"class_list":["post-43741","page","type-page","status-publish","has-post-thumbnail","hentry"],"acf":[],"yoast_head":"<!-- This site is optimized with the Yoast SEO plugin v27.5 - https:\/\/yoast.com\/product\/yoast-seo-wordpress\/ -->\n<title>BELEBTES WASSER - WOHLBEFINDEN<\/title>\n<meta name=\"robots\" content=\"index, follow, max-snippet:-1, max-image-preview:large, max-video-preview:-1\" \/>\n<link rel=\"canonical\" href=\"https:\/\/bien-etreiris.ch\/de\/produktpraesentation\/gesundes-leben\/wasser-quelle-des-lebens\/belebtes-wasser\/\" \/>\n<meta property=\"og:locale\" content=\"de_DE\" \/>\n<meta property=\"og:type\" content=\"article\" \/>\n<meta property=\"og:title\" content=\"BELEBTES WASSER - WOHLBEFINDEN\" \/>\n<meta property=\"og:description\" content=\"Wasser hat an seiner Quelle urspr\u00fcngliche energetische Eigenschaften, die es danach verliert. Leitungswasser wird in der Wasseraufbereitungsanlage verschiedenen chemischen Behandlungen unterzogen und dann in geraden Leitungen transportiert. Flaschenwasser wird zu lange in Plastik gelagert. Dynamisierung von Wasser Bessere Hydratation und Vitalit\u00e4t dank dynamisiertem Wasser Lebensnotwendig, wird Wasser oft als banales Element betrachtet, manchmal zusammengefasst in seiner einfachen chemischen Formel H2O.&nbsp;Weiter lesen\" \/>\n<meta property=\"og:url\" content=\"https:\/\/bien-etreiris.ch\/de\/produktpraesentation\/gesundes-leben\/wasser-quelle-des-lebens\/belebtes-wasser\/\" \/>\n<meta property=\"og:site_name\" content=\"WOHLBEFINDEN\" \/>\n<meta property=\"article:publisher\" content=\"https:\/\/www.facebook.com\/bienetreiris\/\" \/>\n<meta property=\"article:modified_time\" content=\"2021-09-14T06:15:14+00:00\" \/>\n<meta property=\"og:image\" content=\"https:\/\/bien-etreiris.ch\/wp-content\/uploads\/2021\/05\/Dynamisation-de-leau.jpg\" \/>\n\t<meta property=\"og:image:width\" content=\"500\" \/>\n\t<meta property=\"og:image:height\" content=\"341\" \/>\n\t<meta property=\"og:image:type\" content=\"image\/jpeg\" \/>\n<meta name=\"twitter:label1\" content=\"Gesch\u00e4tzte Lesezeit\" \/>\n\t<meta name=\"twitter:data1\" content=\"1\u00a0Minute\" \/>\n<script type=\"application\/ld+json\" class=\"yoast-schema-graph\">{\"@context\":\"https:\\\/\\\/schema.org\",\"@graph\":[{\"@type\":\"WebPage\",\"@id\":\"https:\\\/\\\/bien-etreiris.ch\\\/de\\\/produktpraesentation\\\/gesundes-leben\\\/wasser-quelle-des-lebens\\\/belebtes-wasser\\\/\",\"url\":\"https:\\\/\\\/bien-etreiris.ch\\\/de\\\/produktpraesentation\\\/gesundes-leben\\\/wasser-quelle-des-lebens\\\/belebtes-wasser\\\/\",\"name\":\"BELEBTES WASSER - WOHLBEFINDEN\",\"isPartOf\":{\"@id\":\"https:\\\/\\\/bien-etreiris.ch\\\/de\\\/#website\"},\"primaryImageOfPage\":{\"@id\":\"https:\\\/\\\/bien-etreiris.ch\\\/de\\\/produktpraesentation\\\/gesundes-leben\\\/wasser-quelle-des-lebens\\\/belebtes-wasser\\\/#primaryimage\"},\"image\":{\"@id\":\"https:\\\/\\\/bien-etreiris.ch\\\/de\\\/produktpraesentation\\\/gesundes-leben\\\/wasser-quelle-des-lebens\\\/belebtes-wasser\\\/#primaryimage\"},\"thumbnailUrl\":\"https:\\\/\\\/bien-etreiris.ch\\\/wp-content\\\/uploads\\\/2021\\\/05\\\/Dynamisation-de-leau.jpg\",\"datePublished\":\"2021-05-04T18:12:32+00:00\",\"dateModified\":\"2021-09-14T06:15:14+00:00\",\"breadcrumb\":{\"@id\":\"https:\\\/\\\/bien-etreiris.ch\\\/de\\\/produktpraesentation\\\/gesundes-leben\\\/wasser-quelle-des-lebens\\\/belebtes-wasser\\\/#breadcrumb\"},\"inLanguage\":\"de\",\"potentialAction\":[{\"@type\":\"ReadAction\",\"target\":[\"https:\\\/\\\/bien-etreiris.ch\\\/de\\\/produktpraesentation\\\/gesundes-leben\\\/wasser-quelle-des-lebens\\\/belebtes-wasser\\\/\"]}]},{\"@type\":\"ImageObject\",\"inLanguage\":\"de\",\"@id\":\"https:\\\/\\\/bien-etreiris.ch\\\/de\\\/produktpraesentation\\\/gesundes-leben\\\/wasser-quelle-des-lebens\\\/belebtes-wasser\\\/#primaryimage\",\"url\":\"https:\\\/\\\/bien-etreiris.ch\\\/wp-content\\\/uploads\\\/2021\\\/05\\\/Dynamisation-de-leau.jpg\",\"contentUrl\":\"https:\\\/\\\/bien-etreiris.ch\\\/wp-content\\\/uploads\\\/2021\\\/05\\\/Dynamisation-de-leau.jpg\",\"width\":500,\"height\":341},{\"@type\":\"BreadcrumbList\",\"@id\":\"https:\\\/\\\/bien-etreiris.ch\\\/de\\\/produktpraesentation\\\/gesundes-leben\\\/wasser-quelle-des-lebens\\\/belebtes-wasser\\\/#breadcrumb\",\"itemListElement\":[{\"@type\":\"ListItem\",\"position\":1,\"name\":\"Home\",\"item\":\"https:\\\/\\\/bien-etreiris.ch\\\/de\\\/\"},{\"@type\":\"ListItem\",\"position\":2,\"name\":\"PRODUKTPR\u00c4SENTATION\",\"item\":\"https:\\\/\\\/bien-etreiris.ch\\\/de\\\/produktpraesentation\\\/\"},{\"@type\":\"ListItem\",\"position\":3,\"name\":\"GESUNDES LEBEN\",\"item\":\"https:\\\/\\\/bien-etreiris.ch\\\/de\\\/produktpraesentation\\\/gesundes-leben\\\/\"},{\"@type\":\"ListItem\",\"position\":4,\"name\":\"WASSER &#8211; QUELLE DES LEBENS\",\"item\":\"https:\\\/\\\/bien-etreiris.ch\\\/de\\\/produktpraesentation\\\/gesundes-leben\\\/wasser-quelle-des-lebens\\\/\"},{\"@type\":\"ListItem\",\"position\":5,\"name\":\"BELEBTES WASSER\"}]},{\"@type\":\"WebSite\",\"@id\":\"https:\\\/\\\/bien-etreiris.ch\\\/de\\\/#website\",\"url\":\"https:\\\/\\\/bien-etreiris.ch\\\/de\\\/\",\"name\":\"Bien-\u00eatre Iris\",\"description\":\"IHRE Gesundheit ist uns wichtig\",\"potentialAction\":[{\"@type\":\"SearchAction\",\"target\":{\"@type\":\"EntryPoint\",\"urlTemplate\":\"https:\\\/\\\/bien-etreiris.ch\\\/de\\\/?s={search_term_string}\"},\"query-input\":{\"@type\":\"PropertyValueSpecification\",\"valueRequired\":true,\"valueName\":\"search_term_string\"}}],\"inLanguage\":\"de\"}]}<\/script>\n<!-- \/ Yoast SEO plugin. -->","yoast_head_json":{"title":"BELEBTES WASSER - WOHLBEFINDEN","robots":{"index":"index","follow":"follow","max-snippet":"max-snippet:-1","max-image-preview":"max-image-preview:large","max-video-preview":"max-video-preview:-1"},"canonical":"https:\/\/bien-etreiris.ch\/de\/produktpraesentation\/gesundes-leben\/wasser-quelle-des-lebens\/belebtes-wasser\/","og_locale":"de_DE","og_type":"article","og_title":"BELEBTES WASSER - WOHLBEFINDEN","og_description":"Wasser hat an seiner Quelle urspr\u00fcngliche energetische Eigenschaften, die es danach verliert. Leitungswasser wird in der Wasseraufbereitungsanlage verschiedenen chemischen Behandlungen unterzogen und dann in geraden Leitungen transportiert. Flaschenwasser wird zu lange in Plastik gelagert. Dynamisierung von Wasser Bessere Hydratation und Vitalit\u00e4t dank dynamisiertem Wasser Lebensnotwendig, wird Wasser oft als banales Element betrachtet, manchmal zusammengefasst in seiner einfachen chemischen Formel H2O.&nbsp;Weiter lesen","og_url":"https:\/\/bien-etreiris.ch\/de\/produktpraesentation\/gesundes-leben\/wasser-quelle-des-lebens\/belebtes-wasser\/","og_site_name":"WOHLBEFINDEN","article_publisher":"https:\/\/www.facebook.com\/bienetreiris\/","article_modified_time":"2021-09-14T06:15:14+00:00","og_image":[{"width":500,"height":341,"url":"https:\/\/bien-etreiris.ch\/wp-content\/uploads\/2021\/05\/Dynamisation-de-leau.jpg","type":"image\/jpeg"}],"twitter_misc":{"Gesch\u00e4tzte Lesezeit":"1\u00a0Minute"},"schema":{"@context":"https:\/\/schema.org","@graph":[{"@type":"WebPage","@id":"https:\/\/bien-etreiris.ch\/de\/produktpraesentation\/gesundes-leben\/wasser-quelle-des-lebens\/belebtes-wasser\/","url":"https:\/\/bien-etreiris.ch\/de\/produktpraesentation\/gesundes-leben\/wasser-quelle-des-lebens\/belebtes-wasser\/","name":"BELEBTES WASSER - WOHLBEFINDEN","isPartOf":{"@id":"https:\/\/bien-etreiris.ch\/de\/#website"},"primaryImageOfPage":{"@id":"https:\/\/bien-etreiris.ch\/de\/produktpraesentation\/gesundes-leben\/wasser-quelle-des-lebens\/belebtes-wasser\/#primaryimage"},"image":{"@id":"https:\/\/bien-etreiris.ch\/de\/produktpraesentation\/gesundes-leben\/wasser-quelle-des-lebens\/belebtes-wasser\/#primaryimage"},"thumbnailUrl":"https:\/\/bien-etreiris.ch\/wp-content\/uploads\/2021\/05\/Dynamisation-de-leau.jpg","datePublished":"2021-05-04T18:12:32+00:00","dateModified":"2021-09-14T06:15:14+00:00","breadcrumb":{"@id":"https:\/\/bien-etreiris.ch\/de\/produktpraesentation\/gesundes-leben\/wasser-quelle-des-lebens\/belebtes-wasser\/#breadcrumb"},"inLanguage":"de","potentialAction":[{"@type":"ReadAction","target":["https:\/\/bien-etreiris.ch\/de\/produktpraesentation\/gesundes-leben\/wasser-quelle-des-lebens\/belebtes-wasser\/"]}]},{"@type":"ImageObject","inLanguage":"de","@id":"https:\/\/bien-etreiris.ch\/de\/produktpraesentation\/gesundes-leben\/wasser-quelle-des-lebens\/belebtes-wasser\/#primaryimage","url":"https:\/\/bien-etreiris.ch\/wp-content\/uploads\/2021\/05\/Dynamisation-de-leau.jpg","contentUrl":"https:\/\/bien-etreiris.ch\/wp-content\/uploads\/2021\/05\/Dynamisation-de-leau.jpg","width":500,"height":341},{"@type":"BreadcrumbList","@id":"https:\/\/bien-etreiris.ch\/de\/produktpraesentation\/gesundes-leben\/wasser-quelle-des-lebens\/belebtes-wasser\/#breadcrumb","itemListElement":[{"@type":"ListItem","position":1,"name":"Home","item":"https:\/\/bien-etreiris.ch\/de\/"},{"@type":"ListItem","position":2,"name":"PRODUKTPR\u00c4SENTATION","item":"https:\/\/bien-etreiris.ch\/de\/produktpraesentation\/"},{"@type":"ListItem","position":3,"name":"GESUNDES LEBEN","item":"https:\/\/bien-etreiris.ch\/de\/produktpraesentation\/gesundes-leben\/"},{"@type":"ListItem","position":4,"name":"WASSER &#8211; QUELLE DES LEBENS","item":"https:\/\/bien-etreiris.ch\/de\/produktpraesentation\/gesundes-leben\/wasser-quelle-des-lebens\/"},{"@type":"ListItem","position":5,"name":"BELEBTES WASSER"}]},{"@type":"WebSite","@id":"https:\/\/bien-etreiris.ch\/de\/#website","url":"https:\/\/bien-etreiris.ch\/de\/","name":"Bien-\u00eatre Iris","description":"IHRE Gesundheit ist uns wichtig","potentialAction":[{"@type":"SearchAction","target":{"@type":"EntryPoint","urlTemplate":"https:\/\/bien-etreiris.ch\/de\/?s={search_term_string}"},"query-input":{"@type":"PropertyValueSpecification","valueRequired":true,"valueName":"search_term_string"}}],"inLanguage":"de"}]}},"_links":{"self":[{"href":"https:\/\/bien-etreiris.ch\/de\/wp-json\/wp\/v2\/pages\/43741","targetHints":{"allow":["GET"]}}],"collection":[{"href":"https:\/\/bien-etreiris.ch\/de\/wp-json\/wp\/v2\/pages"}],"about":[{"href":"https:\/\/bien-etreiris.ch\/de\/wp-json\/wp\/v2\/types\/page"}],"author":[{"embeddable":true,"href":"https:\/\/bien-etreiris.ch\/de\/wp-json\/wp\/v2\/users\/1"}],"replies":[{"embeddable":true,"href":"https:\/\/bien-etreiris.ch\/de\/wp-json\/wp\/v2\/comments?post=43741"}],"version-history":[{"count":7,"href":"https:\/\/bien-etreiris.ch\/de\/wp-json\/wp\/v2\/pages\/43741\/revisions"}],"predecessor-version":[{"id":54107,"href":"https:\/\/bien-etreiris.ch\/de\/wp-json\/wp\/v2\/pages\/43741\/revisions\/54107"}],"up":[{"embeddable":true,"href":"https:\/\/bien-etreiris.ch\/de\/wp-json\/wp\/v2\/pages\/30643"}],"wp:featuredmedia":[{"embeddable":true,"href":"https:\/\/bien-etreiris.ch\/de\/wp-json\/wp\/v2\/media\/43739"}],"wp:attachment":[{"href":"https:\/\/bien-etreiris.ch\/de\/wp-json\/wp\/v2\/media?parent=43741"}],"curies":[{"name":"wp","href":"https:\/\/api.w.org\/{rel}","templated":true}]}}