{"id":43705,"date":"2021-05-04T14:06:40","date_gmt":"2021-05-04T12:06:40","guid":{"rendered":"https:\/\/bien-etreiris.ch\/?page_id=43705"},"modified":"2024-03-26T08:12:34","modified_gmt":"2024-03-26T06:12:34","slug":"ueber-uns","status":"publish","type":"page","link":"https:\/\/bien-etreiris.ch\/de\/ueber-uns\/","title":{"rendered":"\u00dcBER UNS"},"content":{"rendered":"\n<h4><span class=\"VIiyi\" lang=\"de\"><span class=\"JLqJ4b\" data-language-for-alternatives=\"de\" data-language-to-translate-into=\"fr\" data-phrase-index=\"0\">Ziele&nbsp; <\/span><\/span><\/h4>\n<p><span class=\"VIiyi\" lang=\"de\"><span class=\"JLqJ4b\" data-language-for-alternatives=\"de\" data-language-to-translate-into=\"fr\" data-phrase-index=\"0\">Schutz vor dem Risiko von Krankheiten durch Konzentration auf einen gesunden Lebensstil. Wie in vielen Bereichen kann es n\u00fctzlich sein, das Verh\u00e4ltnis zwischen Qualit\u00e4t und Quantit\u00e4t in Frage zu stellen: \"weniger essen, aber besser\", leichter gesagt als getan ... aber dennoch! <\/span><\/span><\/p>\n<p><span class=\"VIiyi\" lang=\"de\"><span class=\"JLqJ4b\" data-language-for-alternatives=\"de\" data-language-to-translate-into=\"fr\" data-phrase-index=\"0\">Als Aromatherapeutin m\u00f6chte ich mein Wissen weitergeben, um Ihr t\u00e4gliches Leben zu verbessern. <\/span><\/span><\/p>\n<p><span class=\"VIiyi\" lang=\"de\"><span class=\"JLqJ4b\" data-language-for-alternatives=\"de\" data-language-to-translate-into=\"fr\" data-phrase-index=\"0\">Durch die Er\u00f6ffnung eines Gesch\u00e4fts erhalten Sie qualitativ hochwertige, zielgerichtete Bio-Produkte, die Ihnen den Weg zur nat\u00fcrlichen L\u00f6sungen erleichtern k\u00f6nnen. Dar\u00fcber hinaus mit dem Ziel, unseren Planeten zu erhalten. <\/span><\/span><\/p>\n<p>&nbsp;<\/p>\n<p><a href=\"https:\/\/bien-etreiris.ch\/wp-content\/uploads\/2017\/08\/maison-a-propos.jpg\"><img loading=\"lazy\" decoding=\"async\" class=\"alignnone  wp-image-37753\" src=\"https:\/\/bien-etreiris.ch\/wp-content\/uploads\/2017\/08\/maison-a-propos-300x206.jpg\" alt=\"\" width=\"371\" height=\"255\"><\/a><a href=\"https:\/\/bien-etreiris.ch\/wp-content\/uploads\/2021\/05\/Acceuil-1.jpg\"><img loading=\"lazy\" decoding=\"async\" class=\"alignnone  wp-image-43895\" src=\"https:\/\/bien-etreiris.ch\/wp-content\/uploads\/2021\/05\/Acceuil-1-300x170.jpg\" alt=\"\" width=\"448\" height=\"254\" srcset=\"https:\/\/bien-etreiris.ch\/wp-content\/uploads\/2021\/05\/Acceuil-1-300x170.jpg 300w, https:\/\/bien-etreiris.ch\/wp-content\/uploads\/2021\/05\/Acceuil-1-1024x579.jpg 1024w, https:\/\/bien-etreiris.ch\/wp-content\/uploads\/2021\/05\/Acceuil-1-768x435.jpg 768w, https:\/\/bien-etreiris.ch\/wp-content\/uploads\/2021\/05\/Acceuil-1.jpg 1200w\" sizes=\"auto, (max-width: 448px) 100vw, 448px\" \/><\/a><\/p>\n<h4>&nbsp;<\/h4>\n<h4><span class=\"VIiyi\" lang=\"de\"><span class=\"JLqJ4b\" data-language-for-alternatives=\"de\" data-language-to-translate-into=\"fr\" data-phrase-index=\"0\">&nbsp;Verkaufsladen<br><\/span><\/span><\/h4>\n<p><span class=\"VIiyi\" lang=\"de\"><span class=\"JLqJ4b\" data-language-for-alternatives=\"de\" data-language-to-translate-into=\"fr\" data-phrase-index=\"0\">Wir verkaufen Naturprodukte zum gr\u00f6ssten Teil biologischer Qualit\u00e4t. Detailverkauf an Einzelpersonen zum gr\u00f6ssten Teil auch in Grossgebinde erh\u00e4ltlich- lokal, ethisch und abfallfrei.<\/span><\/span><\/p>\n<p><span class=\"VIiyi\" lang=\"de\"><span class=\"JLqJ4b\" data-language-for-alternatives=\"de\" data-language-to-translate-into=\"fr\" data-phrase-index=\"0\"><strong> Aromatherapie:<\/strong> \u00c4therische \u00d6le, Hydrolate, Pflanzen\u00f6le - Damascena, Farfalla ... <\/span><\/span><\/p>\n<p><span class=\"VIiyi\" lang=\"de\"><span class=\"JLqJ4b\" data-language-for-alternatives=\"de\" data-language-to-translate-into=\"fr\" data-phrase-index=\"0\"><strong>Naturkosmetik:<\/strong> Seifen, Make-up ... - Benecos, Farfalla, Anae ....,<\/span><\/span><\/p>\n<p><span class=\"VIiyi\" lang=\"de\"><span class=\"JLqJ4b\" data-language-for-alternatives=\"de\" data-language-to-translate-into=\"fr\" data-phrase-index=\"0\"> <strong>Nahrungserg\u00e4nzungsmittel:<\/strong> Fisch\u00f6l, Eisen, Magnesium ... - Cellavita, P.Jentschura, Swiss Medical Plus ... <\/span><\/span><\/p>\n<p><span class=\"VIiyi\" lang=\"de\"><span class=\"JLqJ4b\" data-language-for-alternatives=\"de\" data-language-to-translate-into=\"fr\" data-phrase-index=\"0\"><strong>Gem\u00fcse- und Obstdepot:<\/strong> jeden Samstag auf Bestellung - Fam. Gfeller | Bio-G\u00e4rtner <\/span><\/span><\/p>\n<p><span class=\"VIiyi\" lang=\"de\"><span class=\"JLqJ4b\" data-language-for-alternatives=\"de\" data-language-to-translate-into=\"fr\" data-phrase-index=\"0\"><strong>\u00d6kologische Haushaltspflege:<\/strong> Waschpulver, Natronpulver ...&nbsp; <\/span><\/span><span class=\"VIiyi\" lang=\"de\"><span class=\"JLqJ4b\" data-language-for-alternatives=\"de\" data-language-to-translate-into=\"fr\" data-phrase-index=\"0\">\u00d6kologische Drogerie, Sonett, Anae, Meyer Mayor ... <\/span><\/span><\/p>\n<p><span class=\"VIiyi\" lang=\"de\"><span class=\"JLqJ4b\" data-language-for-alternatives=\"de\" data-language-to-translate-into=\"fr\" data-phrase-index=\"0\"><strong>Elektrobiologie:<\/strong> ist ein Sammelbegriff f\u00fcr alle k\u00fcnstlich erzeugten elektrischen und magnetischen Strahlungen. Er kann zu einer Ver\u00e4nderung des Wohlbefindens f\u00fchren, die von Schlafst\u00f6rungen bis zu irreversiblen Sch\u00e4den reichen - Mobiler Schutz, Baldachin, Bettdecke, Wandbehang, Kleidung ...- Swiss Shield, Stotz ..., <\/span><\/span><\/p>\n<p><span class=\"VIiyi\" lang=\"de\"><span class=\"JLqJ4b\" data-language-for-alternatives=\"de\" data-language-to-translate-into=\"fr\" data-phrase-index=\"0\"><strong>K\u00f6rperpflege Zubeh\u00f6r :<\/strong> Zahnpasten, Seifen ... -Alepia, Gaiia <\/span><\/span><\/p>\n<p><span class=\"VIiyi\" lang=\"de\"><span class=\"JLqJ4b\" data-language-for-alternatives=\"de\" data-language-to-translate-into=\"fr\" data-phrase-index=\"0\"><strong>Parf\u00fcm:<\/strong> Raumduft, <span class=\"JLqJ4b ChMk0b\" data-language-for-alternatives=\"de\" data-language-to-translate-into=\"fr\" data-phrase-index=\"0\">K\u00f6rperparf\u00fcm<\/span>... -Farfalla, Aromalife ... <\/span><\/span><\/p>\n<p><span class=\"VIiyi\" lang=\"de\"><span class=\"JLqJ4b\" data-language-for-alternatives=\"de\" data-language-to-translate-into=\"fr\" data-phrase-index=\"0\"><strong><span class=\"JLqJ4b ChMk0b\" data-language-for-alternatives=\"de\" data-language-to-translate-into=\"fr\" data-phrase-index=\"0\">Superfood oder spezielles Essen<\/span>:<\/strong> Trockenfr\u00fcchte, Seetang, Saft oder Pflanzen, deren N\u00e4hrwert allgemeinen Lebensmitteln \u00fcberlegen sind - Beutelbacher, Sonnentor, Aries, Prim\u00e9al, Perl'amande ...<\/span><\/span><\/p>\n<p>&nbsp;<\/p>\n<p>&nbsp;<\/p>\n<p>Wir sind ein kleiner Naturkostladen, viele unserer Kunden kommen von \u00c4rzten, Therapeuten, Heilpraktikern, manchmal auch aus eigenem Antrieb zu uns. Viele haben Fragen zu dieser oder jener Substanz, zur Menge, zur Dauer und zum Zeitpunkt der Einnahme. Aus diesem Grund haben wir beschlossen, einen Ratgeber aus den besten Quellen zu verlinken und mit Deepl in die franz\u00f6sische Sprache zu \u00fcbersetzen unter:<\/p>\n<h2><a href=\"https:\/\/bien-etreiris.ch\/de\/ratgeber-klarheit-beratung\/\" target=\"_blank\" rel=\"noopener\"><span style=\"color: #99cc00;\">Ratgeber - Klarheit<\/span><\/a><\/h2>\n<p><br>Wir m\u00f6chten den Autoren und \u00c4rzten des Gesundheitsportals f\u00fcr den deutschsprachigen Raum <a href=\"http:\/\/zentrum der gesundheit.de\" target=\"_blank\" rel=\"noopener\" data-wplink-url-error=\"true\"><span style=\"color: #99cc00;\">\"Zentrum der Gesundheit\"<\/span><\/a> f\u00fcr ihre zahlreichen wissenschaftlichen Ratschl\u00e4ge und Tipps danken, die wir mit Hilfe von Deepl weitergeben k\u00f6nnen.<br>Wie auch unseren Grossh\u00e4ndlern <a href=\"https:\/\/www.cellavita.de\/\" target=\"_blank\" rel=\"noopener\"><em><span style=\"color: #99cc00;\">Cellavita<\/span> <\/em><\/a>und <a href=\"https:\/\/www.p-jentschura.com\/de\/produkte\/#\" target=\"_blank\" rel=\"noopener\"><span style=\"color: #99cc00;\">P.Jentschura<\/span> <\/a>f\u00fcr ihre Produkte, ihre Beratung und ihre interne Schulung danken.<\/p>\n<p>&nbsp;<\/p>\n","protected":false},"excerpt":{"rendered":"<p>Ziele&nbsp; Schutz vor dem Risiko von Krankheiten durch Konzentration auf einen gesunden Lebensstil. Wie in vielen Bereichen kann es n\u00fctzlich sein, das Verh\u00e4ltnis zwischen Qualit\u00e4t und Quantit\u00e4t in Frage zu stellen: \"weniger essen, aber besser\", leichter gesagt als getan ... aber dennoch! Als Aromatherapeutin m\u00f6chte ich mein Wissen weitergeben, um Ihr t\u00e4gliches Leben zu verbessern. Durch die Er\u00f6ffnung eines Gesch\u00e4fts&nbsp;<a href=\"https:\/\/bien-etreiris.ch\/de\/ueber-uns\/\" class=\"read-more\">Weiter lesen<\/a><\/p>\n","protected":false},"author":1,"featured_media":0,"parent":0,"menu_order":5879,"comment_status":"closed","ping_status":"closed","template":"page-with-child.php","meta":{"_acf_changed":false,"ngg_post_thumbnail":0,"footnotes":""},"class_list":["post-43705","page","type-page","status-publish","hentry"],"acf":[],"yoast_head":"<!-- This site is optimized with the Yoast SEO plugin v27.4 - https:\/\/yoast.com\/product\/yoast-seo-wordpress\/ -->\n<title>\u00dcBER UNS - WOHLBEFINDEN<\/title>\n<meta name=\"robots\" content=\"index, follow, max-snippet:-1, max-image-preview:large, max-video-preview:-1\" \/>\n<link rel=\"canonical\" href=\"https:\/\/bien-etreiris.ch\/de\/ueber-uns\/\" \/>\n<meta property=\"og:locale\" content=\"de_DE\" \/>\n<meta property=\"og:type\" content=\"article\" \/>\n<meta property=\"og:title\" content=\"\u00dcBER UNS - WOHLBEFINDEN\" \/>\n<meta property=\"og:description\" content=\"Ziele&nbsp; Schutz vor dem Risiko von Krankheiten durch Konzentration auf einen gesunden Lebensstil. Wie in vielen Bereichen kann es n\u00fctzlich sein, das Verh\u00e4ltnis zwischen Qualit\u00e4t und Quantit\u00e4t in Frage zu stellen: &quot;weniger essen, aber besser&quot;, leichter gesagt als getan ... aber dennoch! Als Aromatherapeutin m\u00f6chte ich mein Wissen weitergeben, um Ihr t\u00e4gliches Leben zu verbessern. Durch die Er\u00f6ffnung eines Gesch\u00e4fts&nbsp;Weiter lesen\" \/>\n<meta property=\"og:url\" content=\"https:\/\/bien-etreiris.ch\/de\/ueber-uns\/\" \/>\n<meta property=\"og:site_name\" content=\"WOHLBEFINDEN\" \/>\n<meta property=\"article:publisher\" content=\"https:\/\/www.facebook.com\/bienetreiris\/\" \/>\n<meta property=\"article:modified_time\" content=\"2024-03-26T06:12:34+00:00\" \/>\n<meta property=\"og:image\" content=\"https:\/\/bien-etreiris.ch\/wp-content\/uploads\/2017\/08\/maison-a-propos-300x206.jpg\" \/>\n<meta name=\"twitter:label1\" content=\"Gesch\u00e4tzte Lesezeit\" \/>\n\t<meta name=\"twitter:data1\" content=\"3\u00a0Minuten\" \/>\n<script type=\"application\/ld+json\" class=\"yoast-schema-graph\">{\"@context\":\"https:\\\/\\\/schema.org\",\"@graph\":[{\"@type\":\"WebPage\",\"@id\":\"https:\\\/\\\/bien-etreiris.ch\\\/de\\\/ueber-uns\\\/\",\"url\":\"https:\\\/\\\/bien-etreiris.ch\\\/de\\\/ueber-uns\\\/\",\"name\":\"\u00dcBER UNS - WOHLBEFINDEN\",\"isPartOf\":{\"@id\":\"https:\\\/\\\/bien-etreiris.ch\\\/de\\\/#website\"},\"primaryImageOfPage\":{\"@id\":\"https:\\\/\\\/bien-etreiris.ch\\\/de\\\/ueber-uns\\\/#primaryimage\"},\"image\":{\"@id\":\"https:\\\/\\\/bien-etreiris.ch\\\/de\\\/ueber-uns\\\/#primaryimage\"},\"thumbnailUrl\":\"https:\\\/\\\/bien-etreiris.ch\\\/wp-content\\\/uploads\\\/2017\\\/08\\\/maison-a-propos-300x206.jpg\",\"datePublished\":\"2021-05-04T12:06:40+00:00\",\"dateModified\":\"2024-03-26T06:12:34+00:00\",\"breadcrumb\":{\"@id\":\"https:\\\/\\\/bien-etreiris.ch\\\/de\\\/ueber-uns\\\/#breadcrumb\"},\"inLanguage\":\"de\",\"potentialAction\":[{\"@type\":\"ReadAction\",\"target\":[\"https:\\\/\\\/bien-etreiris.ch\\\/de\\\/ueber-uns\\\/\"]}]},{\"@type\":\"ImageObject\",\"inLanguage\":\"de\",\"@id\":\"https:\\\/\\\/bien-etreiris.ch\\\/de\\\/ueber-uns\\\/#primaryimage\",\"url\":\"https:\\\/\\\/bien-etreiris.ch\\\/wp-content\\\/uploads\\\/2017\\\/08\\\/maison-a-propos-300x206.jpg\",\"contentUrl\":\"https:\\\/\\\/bien-etreiris.ch\\\/wp-content\\\/uploads\\\/2017\\\/08\\\/maison-a-propos-300x206.jpg\"},{\"@type\":\"BreadcrumbList\",\"@id\":\"https:\\\/\\\/bien-etreiris.ch\\\/de\\\/ueber-uns\\\/#breadcrumb\",\"itemListElement\":[{\"@type\":\"ListItem\",\"position\":1,\"name\":\"Home\",\"item\":\"https:\\\/\\\/bien-etreiris.ch\\\/de\\\/\"},{\"@type\":\"ListItem\",\"position\":2,\"name\":\"\u00dcBER UNS\"}]},{\"@type\":\"WebSite\",\"@id\":\"https:\\\/\\\/bien-etreiris.ch\\\/de\\\/#website\",\"url\":\"https:\\\/\\\/bien-etreiris.ch\\\/de\\\/\",\"name\":\"Bien-\u00eatre Iris\",\"description\":\"IHRE Gesundheit ist uns wichtig\",\"potentialAction\":[{\"@type\":\"SearchAction\",\"target\":{\"@type\":\"EntryPoint\",\"urlTemplate\":\"https:\\\/\\\/bien-etreiris.ch\\\/de\\\/?s={search_term_string}\"},\"query-input\":{\"@type\":\"PropertyValueSpecification\",\"valueRequired\":true,\"valueName\":\"search_term_string\"}}],\"inLanguage\":\"de\"}]}<\/script>\n<!-- \/ Yoast SEO plugin. -->","yoast_head_json":{"title":"\u00dcBER UNS - WOHLBEFINDEN","robots":{"index":"index","follow":"follow","max-snippet":"max-snippet:-1","max-image-preview":"max-image-preview:large","max-video-preview":"max-video-preview:-1"},"canonical":"https:\/\/bien-etreiris.ch\/de\/ueber-uns\/","og_locale":"de_DE","og_type":"article","og_title":"\u00dcBER UNS - WOHLBEFINDEN","og_description":"Ziele&nbsp; Schutz vor dem Risiko von Krankheiten durch Konzentration auf einen gesunden Lebensstil. Wie in vielen Bereichen kann es n\u00fctzlich sein, das Verh\u00e4ltnis zwischen Qualit\u00e4t und Quantit\u00e4t in Frage zu stellen: \"weniger essen, aber besser\", leichter gesagt als getan ... aber dennoch! Als Aromatherapeutin m\u00f6chte ich mein Wissen weitergeben, um Ihr t\u00e4gliches Leben zu verbessern. Durch die Er\u00f6ffnung eines Gesch\u00e4fts&nbsp;Weiter lesen","og_url":"https:\/\/bien-etreiris.ch\/de\/ueber-uns\/","og_site_name":"WOHLBEFINDEN","article_publisher":"https:\/\/www.facebook.com\/bienetreiris\/","article_modified_time":"2024-03-26T06:12:34+00:00","og_image":[{"url":"https:\/\/bien-etreiris.ch\/wp-content\/uploads\/2017\/08\/maison-a-propos-300x206.jpg","type":"","width":"","height":""}],"twitter_misc":{"Gesch\u00e4tzte Lesezeit":"3\u00a0Minuten"},"schema":{"@context":"https:\/\/schema.org","@graph":[{"@type":"WebPage","@id":"https:\/\/bien-etreiris.ch\/de\/ueber-uns\/","url":"https:\/\/bien-etreiris.ch\/de\/ueber-uns\/","name":"\u00dcBER UNS - WOHLBEFINDEN","isPartOf":{"@id":"https:\/\/bien-etreiris.ch\/de\/#website"},"primaryImageOfPage":{"@id":"https:\/\/bien-etreiris.ch\/de\/ueber-uns\/#primaryimage"},"image":{"@id":"https:\/\/bien-etreiris.ch\/de\/ueber-uns\/#primaryimage"},"thumbnailUrl":"https:\/\/bien-etreiris.ch\/wp-content\/uploads\/2017\/08\/maison-a-propos-300x206.jpg","datePublished":"2021-05-04T12:06:40+00:00","dateModified":"2024-03-26T06:12:34+00:00","breadcrumb":{"@id":"https:\/\/bien-etreiris.ch\/de\/ueber-uns\/#breadcrumb"},"inLanguage":"de","potentialAction":[{"@type":"ReadAction","target":["https:\/\/bien-etreiris.ch\/de\/ueber-uns\/"]}]},{"@type":"ImageObject","inLanguage":"de","@id":"https:\/\/bien-etreiris.ch\/de\/ueber-uns\/#primaryimage","url":"https:\/\/bien-etreiris.ch\/wp-content\/uploads\/2017\/08\/maison-a-propos-300x206.jpg","contentUrl":"https:\/\/bien-etreiris.ch\/wp-content\/uploads\/2017\/08\/maison-a-propos-300x206.jpg"},{"@type":"BreadcrumbList","@id":"https:\/\/bien-etreiris.ch\/de\/ueber-uns\/#breadcrumb","itemListElement":[{"@type":"ListItem","position":1,"name":"Home","item":"https:\/\/bien-etreiris.ch\/de\/"},{"@type":"ListItem","position":2,"name":"\u00dcBER UNS"}]},{"@type":"WebSite","@id":"https:\/\/bien-etreiris.ch\/de\/#website","url":"https:\/\/bien-etreiris.ch\/de\/","name":"Bien-\u00eatre Iris","description":"IHRE Gesundheit ist uns wichtig","potentialAction":[{"@type":"SearchAction","target":{"@type":"EntryPoint","urlTemplate":"https:\/\/bien-etreiris.ch\/de\/?s={search_term_string}"},"query-input":{"@type":"PropertyValueSpecification","valueRequired":true,"valueName":"search_term_string"}}],"inLanguage":"de"}]}},"_links":{"self":[{"href":"https:\/\/bien-etreiris.ch\/de\/wp-json\/wp\/v2\/pages\/43705","targetHints":{"allow":["GET"]}}],"collection":[{"href":"https:\/\/bien-etreiris.ch\/de\/wp-json\/wp\/v2\/pages"}],"about":[{"href":"https:\/\/bien-etreiris.ch\/de\/wp-json\/wp\/v2\/types\/page"}],"author":[{"embeddable":true,"href":"https:\/\/bien-etreiris.ch\/de\/wp-json\/wp\/v2\/users\/1"}],"replies":[{"embeddable":true,"href":"https:\/\/bien-etreiris.ch\/de\/wp-json\/wp\/v2\/comments?post=43705"}],"version-history":[{"count":8,"href":"https:\/\/bien-etreiris.ch\/de\/wp-json\/wp\/v2\/pages\/43705\/revisions"}],"predecessor-version":[{"id":84315,"href":"https:\/\/bien-etreiris.ch\/de\/wp-json\/wp\/v2\/pages\/43705\/revisions\/84315"}],"wp:attachment":[{"href":"https:\/\/bien-etreiris.ch\/de\/wp-json\/wp\/v2\/media?parent=43705"}],"curies":[{"name":"wp","href":"https:\/\/api.w.org\/{rel}","templated":true}]}}