{"id":43330,"date":"2021-04-29T09:31:06","date_gmt":"2021-04-29T07:31:06","guid":{"rendered":"https:\/\/bien-etreiris.ch\/?page_id=43330"},"modified":"2025-05-02T07:35:45","modified_gmt":"2025-05-02T05:35:45","slug":"leau-purifee","status":"publish","type":"page","link":"https:\/\/bien-etreiris.ch\/de\/produktpraesentation\/gesundes-leben\/wasser-quelle-des-lebens\/leau-purifee\/","title":{"rendered":"REINES WASSER"},"content":{"rendered":"\n<h2>Gesundes Wasser sollte frei von Schadstoffen, aber auch basisch und reduzierend sein.<\/h2>\n\n\n<p>&nbsp;<\/p>\n<h2 class=\"uppercase\">GESUNDES WASSER DANK WASSERVEREDLUNG<\/h2>\n<h4>Reines Wasser ist lebenswichtig f\u00fcr unseren Organismus&nbsp;<\/h4>\n<div id=\"row-1432508549\" class=\"row\">\n<div class=\"col small-12 large-12\">\n<div class=\"col-inner\">\n<div id=\"row-908249892\" class=\"row\">\n<div class=\"col medium-6 small-12 large-6\">\n<div class=\"col-inner\">\n<p>Legen Sie Wert auf gesunde Ern\u00e4hrung? Dann wird Ihnen auch eine gute Wasserqualit\u00e4t am Herzen liegen. Reines Wasser ist lebenswichtig f\u00fcr unseren Organismus. Mit einem ausgekl\u00fcgeltes System der Wasserveredlung erhalten wir reines, energetisiertes und restrukturiertes Wasser.<\/p>\n<p>Oft ist das Wasser, das durch unsere Leitungen fliesst, belastet. Herk\u00f6mmliche Filteranlagen sind nicht in der Lage, das Wasser r\u00fcckstandslos zu reinigen. Schwermetalle, Chlor, Bakterien, Rost, Keime, <strong>Medikamente, Pestizide<\/strong> oder sonstige R\u00fcckst\u00e4nde bleiben im Wasser. Die Wasserqualit\u00e4t ist also stark beeintr\u00e4chtigt.&nbsp; Bien-\u00eatre Iris ber\u00e4t und verkauft ein Filter , der das Leitungswasser von sch\u00e4dlichen und krebserregenden Substanzen befreit und ihm Energie zuf\u00fchrt.<\/p>\n<\/div>\n<\/div>\n<\/div>\n<\/div>\n<\/div>\n<\/div>\n<p>&nbsp;<\/p>\n<h4>Klicken Sie hier, um unsere verschiedenen Wasserfilter zu entdecken.<\/h4>\n<p>In unserem Shop k\u00f6nnen Sie auch gutes Laurantana-Wasser kaufen.<\/p>\n<p>Wenn Sie mehr erfahren m\u00f6chten<b><i>, <a href=\"https:\/\/bien-etreiris.ch\/de\/produktpraesentation\/gesundes-leben\/gesunde-lebensmittel\/getraenke\/lauretana\/\" target=\"_blank\" rel=\"noopener\">klicken Sie hier.<\/a><\/i><\/b><\/p>\n<p>&nbsp;<\/p>\n<p>&nbsp;<\/p>\n<p>&nbsp;<\/p>\n<h2><span data-text-color=\"secondary\">Gef\u00e4hrlicher Wassermangel<\/span><\/h2>\n<p>Schon ein Fl\u00fcssigkeitsverlust von nur 2% kann zu ernsthaften Einschr\u00e4nkungen der k\u00f6rperlichen und geistigen Leistungsf\u00e4higkeit f\u00fchren. Es kann beispielsweise zu Kopfschmerzen, allgemeinem Leistungsabfall oder Kreislaufproblemen kommen.<\/p>\n<p>&nbsp;<\/p>\n<p>&nbsp;<\/p>\n<p><img loading=\"lazy\" decoding=\"async\" class=\"wp-image-96479  alignright\" src=\"https:\/\/bien-etreiris.ch\/wp-content\/uploads\/2025\/05\/Trinken-Sie-genug.jpg\" alt=\"\" width=\"353\" height=\"353\" srcset=\"https:\/\/bien-etreiris.ch\/wp-content\/uploads\/2025\/05\/Trinken-Sie-genug.jpg 500w, https:\/\/bien-etreiris.ch\/wp-content\/uploads\/2025\/05\/Trinken-Sie-genug-300x300.jpg 300w, https:\/\/bien-etreiris.ch\/wp-content\/uploads\/2025\/05\/Trinken-Sie-genug-150x150.jpg 150w\" sizes=\"auto, (max-width: 353px) 100vw, 353px\" \/><\/p>\n<p>&nbsp;<\/p>\n<p><img loading=\"lazy\" decoding=\"async\" class=\"alignnone  wp-image-96445\" src=\"https:\/\/bien-etreiris.ch\/wp-content\/uploads\/2025\/05\/signe-1.jpg\" alt=\"\" width=\"47\" height=\"47\" srcset=\"https:\/\/bien-etreiris.ch\/wp-content\/uploads\/2025\/05\/signe-1.jpg 500w, https:\/\/bien-etreiris.ch\/wp-content\/uploads\/2025\/05\/signe-1-300x300.jpg 300w, https:\/\/bien-etreiris.ch\/wp-content\/uploads\/2025\/05\/signe-1-150x150.jpg 150w\" sizes=\"auto, (max-width: 47px) 100vw, 47px\" \/><\/p>\n<h4>So erkennen Sie Wassermangel!<\/h4>\n<p>Viele Menschen trinken zu wenig, das Falsche oder zu stark belastetes Wasser. Infolge entsteht Wassermangel. Erste Symptome k\u00f6nnen sein:<\/p>\n<p>trockene Haut, rissige Zunge, fahle Haut, Akne, Sodbrennen, Kopfschmerzen<\/p>\n<p>&nbsp;<\/p>\n<p>&nbsp;<\/p>\n<p>&nbsp;<\/p>\n<p>&nbsp;<\/p>\n<p>&nbsp;<\/p>\n<p><img loading=\"lazy\" decoding=\"async\" class=\"alignnone  wp-image-96448\" src=\"https:\/\/bien-etreiris.ch\/wp-content\/uploads\/2025\/05\/signe-2.jpg\" alt=\"\" width=\"47\" height=\"47\" srcset=\"https:\/\/bien-etreiris.ch\/wp-content\/uploads\/2025\/05\/signe-2.jpg 500w, https:\/\/bien-etreiris.ch\/wp-content\/uploads\/2025\/05\/signe-2-300x300.jpg 300w, https:\/\/bien-etreiris.ch\/wp-content\/uploads\/2025\/05\/signe-2-150x150.jpg 150w\" sizes=\"auto, (max-width: 47px) 100vw, 47px\" \/><\/p>\n<h4>Symptome&nbsp;<\/h4>\n<p>Die k\u00f6rperlichen Auswirkungen von Fl\u00fcssigkeitsmangel k\u00f6nnen unterschiedliche Formen annehmen: Nieren- und Blasenleiden, Verstopfung, Magenbeschwerden, Verschlechterung des Abtransports von Stoffwechselendprodukten, Bluteindickung<\/p>\n<p>&nbsp;<\/p>\n<p><img loading=\"lazy\" decoding=\"async\" class=\"alignnone  wp-image-96451\" src=\"https:\/\/bien-etreiris.ch\/wp-content\/uploads\/2025\/05\/signe-3.jpg\" alt=\"\" width=\"48\" height=\"48\" srcset=\"https:\/\/bien-etreiris.ch\/wp-content\/uploads\/2025\/05\/signe-3.jpg 500w, https:\/\/bien-etreiris.ch\/wp-content\/uploads\/2025\/05\/signe-3-300x300.jpg 300w, https:\/\/bien-etreiris.ch\/wp-content\/uploads\/2025\/05\/signe-3-150x150.jpg 150w\" sizes=\"auto, (max-width: 48px) 100vw, 48px\" \/><\/p>\n<h3>Notsignale<\/h3>\n<p>Wenn der K\u00f6rper zu-wenig Fl\u00fcssigkeit bekommt, k\u00f6nnen u.a. folgende Signale auftreten:<\/p>\n<p>Verdauungsbeschwerden, Dickdarmentz\u00fcndung, Schmerzen im Bereich der Lendenwirbels\u00e4ule, Herzbeschwerden, Erh\u00f6hte Cholestrinwerte, Sodbrennen<\/p>\n<p>&nbsp;<\/p>\n<div class=\"bg section-bg fill bg-fill  bg-loaded\">&nbsp;<\/div>\n<div class=\"section-content relative\">\n<div id=\"row-939990882\" class=\"row row-collapse row-full-width\">\n<div class=\"col medium-4 large-4\">\n<div class=\"col-inner\">\n<p>&nbsp;<\/p>\n<h4><em>Wasser ist mehr als nur ein Durstl\u00f6scher. Es sorgt daf\u00fcr, dass das Wunder des menschlichen K\u00f6pers funktioniert.<\/em><\/h4>\n<\/div>\n<\/div>\n<\/div>\n<\/div>\n<p>&nbsp;<\/p>\n<div class=\"col medium-4 large-4\">\n<div class=\"col-inner\">\n<p>&nbsp;<\/p>\n<h2 class=\"uppercase\"><span data-text-color=\"secondary\">DIE FUNKTION VON WASSER IN UNSEREM K\u00d6RPER<\/span><\/h2>\n<h4>Wasser hat Transportfunktion<\/h4>\n<p>Blut besteht zu etwa 90% aus Wasser und wird vom Herzen aus durch den ganzen K\u00f6rper gepumpt.<\/p>\n<p>Dabei transportiert das Blut Vitamine, Eiweisse, Fette, Kohlenhydrate und andere N\u00e4hrstoffe sowie Hormone in die einzelnen Zellen. Die Hormone steuern, was im K\u00f6rper passiert. Der lebenswichtige Sauerstoff gelangt \u00fcber den Blutfarbstoff H\u00e4moglobin von der Lunge in die einzelnen Zellen. Dort sorgt er daf\u00fcr, dass aus N\u00e4hrstoffen Energie gewonnen wird. Die anfallenden Stoffwechselendprodukte und Giftstoffe gelangen durch das Blutplasma zu den Nieren, wo sie \u00fcber den Urin ausgeschieden werden.<\/p>\n<h4>Wasser ist Verd\u00fcnnungsmittel<\/h4>\n<p>Wussten Sie, dass unser Trinkverhalten von Blut und Schweiss beeinflusst wird? Alle anderen K\u00f6rperfl\u00fcssigkeiten, wie zum Beispiel Magensaft, Urin, Speichel, oder die Tr\u00e4nenfl\u00fcssigkeit werden auch von Wasser beeinflusst.<\/p>\n<\/div>\n<\/div>\n<div class=\"col medium-4 large-4\">\n<div class=\"col-inner\">\n<p>So bestimmt der Wasseranteil in den verschiedenen Fl\u00fcssigkeiten deren Konsistenz.<br>Ist mehr Wasser enthalten, sind sie fl\u00fcssiger, sie k\u00f6nnen schneller fliessen und ihre Funktion besser aus\u00fcben.<\/p>\n<p>Sind wir dehydriert, also haben wir zu wenig Wasser zu uns genommen, verdickt sich das Blut. Dadurch fliesst es langsamer. Das Gewebe kann nicht mehr optimal versorgt werden. Giftstoffe und Stoffwechselendprodukte werden nicht mehr in gen\u00fcgender Menge ausgeschieden. Infolge dessen ist &nbsp;nicht genug Wasser zum \u201esp\u00fclen\u201c des K\u00f6rpers da. Unsere Muskelzellen erhalten vom Blut zu wenig N\u00e4hrstoffe und Sauerstoff und unsere Muskeln machen nach kurzer Zeit schlapp. Auch die geistige Leistungsf\u00e4higkeit sinkt. &nbsp;<\/p>\n<div class=\"contentHeadline noImage\">\n<h4 class=\"fontBlue\">Wasser ist Temperaturregler<\/h4>\n<\/div>\n<div class=\"text noImage\">Das Blut, das in unserem K\u00f6rper zirkuliert, sorgt daf\u00fcr, dass sich die K\u00f6rpertemperatur eines gesunden Menschen bei etwa 36,5\u00b0C h\u00e4lt. Sind wir krank, wehrt sich unser K\u00f6rper gegen die Krankheitserreger h\u00e4ufig mit erh\u00f6hter K\u00f6rpertemperatur.\n<p>Bei heissen Temperaturen, oder wenn wir Sport treiben, schwitzen wir. Das Schwitzen bezweckt, dass die Hitze aus dem K\u00f6rper transportiert wird. 30.000 W\u00e4rmef\u00fchler befinden sich in unserer Haut und sammeln Informationen \u00fcber die Temperatur. Sie senden Signale an 3 Millionen Schweissdr\u00fcsen, die sich \u00fcberall an unserem K\u00f6rper befinden.&nbsp;<\/p>\n<\/div>\n<\/div>\n<\/div>\n<div class=\"col medium-4 large-4\">\n<div class=\"col-inner\">\n<div class=\"contentHeadline noImage\">\n<div class=\"contentHeadline noImage\">\n<p class=\"fontBlue\">Diese bilden dann je nach Bedarf Schweiss. Schweiss auf unserer Haut hat eine k\u00fchlende Wirkung. Schweiss besteht zu 99% aus Wasser. Trinken Sie deshalb gen\u00fcgend, um den Fl\u00fcssigkeitsverlust wieder auszugleichen. Beim Sport betr\u00e4gt dieser \u00fcbrigens bis zu einem Liter pro Stunde.<\/p>\n<h4 class=\"fontBlue\">Wasser ist Reaktionspartner<\/h4>\n<\/div>\n<div class=\"text noImage\">Viele Stoffe, die unser K\u00f6rper braucht, nehmen wir \u00fcber die Nahrung auf. Dazu z\u00e4hlen zum Beispiel Vitamine und Zucker. Einige davon kann unser K\u00f6rper erst nutzen, wenn sie mit Wasser, also H2O, reagieren. In Stoffwechselreaktionen hilft es dabei, diese wichtigen Stoffe aufzuspalten. So k\u00f6nnen sie vom K\u00f6rper weiterverarbeitet werden.<\/div>\n<\/div>\n<div>&nbsp;<\/div>\n<div>\n<div class=\"contentHeadline \">\n<h4 class=\"fontBlue\">Wasser ist Baumaterial<\/h4>\n<\/div>\n<div class=\"text \">Der menschliche K\u00f6rper besteht zu 70% aus Wasser.\n<p>Somit ist Wasser auch der Hauptbestandteil unserer Zellen. Es reguliert dort &nbsp;zum Beispiel den \u00abosmotischen Druck\u00bb. Es wird beim Aufbau sowie bei der Erneuerung von Zellen und Gewebe ben\u00f6tigt. Ohne Wasser k\u00f6nnte unser K\u00f6rper also keine Zellen reparieren oder produzieren.&nbsp;<\/p>\n<\/div>\n<\/div>\n<\/div>\n<\/div>\n<p>&nbsp;<\/p>\n<p>&nbsp;<\/p>\n<p><img loading=\"lazy\" decoding=\"async\" class=\"alignnone  wp-image-96454\" src=\"https:\/\/bien-etreiris.ch\/wp-content\/uploads\/2025\/05\/bachlauf.jpg\" alt=\"\" width=\"1015\" height=\"290\" srcset=\"https:\/\/bien-etreiris.ch\/wp-content\/uploads\/2025\/05\/bachlauf.jpg 1200w, https:\/\/bien-etreiris.ch\/wp-content\/uploads\/2025\/05\/bachlauf-300x86.jpg 300w, https:\/\/bien-etreiris.ch\/wp-content\/uploads\/2025\/05\/bachlauf-1024x293.jpg 1024w, https:\/\/bien-etreiris.ch\/wp-content\/uploads\/2025\/05\/bachlauf-768x220.jpg 768w\" sizes=\"auto, (max-width: 1015px) 100vw, 1015px\" \/><\/p>\n<p>&nbsp;<\/p>\n<p>&nbsp;<\/p>\n<p>&nbsp;<\/p>\n<p>&nbsp;<\/p>\n<p>&nbsp;<\/p>\n<p>&nbsp;<\/p>\n<p>&nbsp;<\/p>\n<p>&nbsp;<\/p>\n<p>&nbsp;<\/p>\n<p>&nbsp;<\/p>\n<p>&nbsp;<\/p>\n<p>&nbsp;<\/p>\n<p>&nbsp;<\/p>\n<h4>&nbsp;<\/h4>\n<h4>&nbsp;<\/h4>\n<p>&nbsp;<\/p>\n<p>&nbsp;<\/p>","protected":false},"excerpt":{"rendered":"<p>Gesundes Wasser sollte frei von Schadstoffen, aber auch basisch und reduzierend sein. &nbsp; GESUNDES WASSER DANK WASSERVEREDLUNG Reines Wasser ist lebenswichtig f\u00fcr unseren Organismus&nbsp; Legen Sie Wert auf gesunde Ern\u00e4hrung? Dann wird Ihnen auch eine gute Wasserqualit\u00e4t am Herzen liegen. Reines Wasser ist lebenswichtig f\u00fcr unseren Organismus. Mit einem ausgekl\u00fcgeltes System der Wasserveredlung erhalten wir reines, energetisiertes und restrukturiertes Wasser.&nbsp;<a href=\"https:\/\/bien-etreiris.ch\/de\/produktpraesentation\/gesundes-leben\/wasser-quelle-des-lebens\/leau-purifee\/\" class=\"read-more\">Weiter lesen<\/a><\/p>\n","protected":false},"author":1,"featured_media":96469,"parent":30643,"menu_order":5929,"comment_status":"closed","ping_status":"closed","template":"page-with-child.php","meta":{"_acf_changed":false,"ngg_post_thumbnail":0,"footnotes":""},"class_list":["post-43330","page","type-page","status-publish","has-post-thumbnail","hentry"],"acf":[],"yoast_head":"<!-- This site is optimized with the Yoast SEO plugin v27.4 - https:\/\/yoast.com\/product\/yoast-seo-wordpress\/ -->\n<title>REINES WASSER - WOHLBEFINDEN<\/title>\n<meta name=\"robots\" content=\"index, follow, max-snippet:-1, max-image-preview:large, max-video-preview:-1\" \/>\n<link rel=\"canonical\" href=\"https:\/\/bien-etreiris.ch\/de\/produktpraesentation\/gesundes-leben\/wasser-quelle-des-lebens\/leau-purifee\/\" \/>\n<meta property=\"og:locale\" content=\"de_DE\" \/>\n<meta property=\"og:type\" content=\"article\" \/>\n<meta property=\"og:title\" content=\"REINES WASSER - WOHLBEFINDEN\" \/>\n<meta property=\"og:description\" content=\"Gesundes Wasser sollte frei von Schadstoffen, aber auch basisch und reduzierend sein. &nbsp; GESUNDES WASSER DANK WASSERVEREDLUNG Reines Wasser ist lebenswichtig f\u00fcr unseren Organismus&nbsp; Legen Sie Wert auf gesunde Ern\u00e4hrung? Dann wird Ihnen auch eine gute Wasserqualit\u00e4t am Herzen liegen. Reines Wasser ist lebenswichtig f\u00fcr unseren Organismus. Mit einem ausgekl\u00fcgeltes System der Wasserveredlung erhalten wir reines, energetisiertes und restrukturiertes Wasser.&nbsp;Weiter lesen\" \/>\n<meta property=\"og:url\" content=\"https:\/\/bien-etreiris.ch\/de\/produktpraesentation\/gesundes-leben\/wasser-quelle-des-lebens\/leau-purifee\/\" \/>\n<meta property=\"og:site_name\" content=\"WOHLBEFINDEN\" \/>\n<meta property=\"article:publisher\" content=\"https:\/\/www.facebook.com\/bienetreiris\/\" \/>\n<meta property=\"article:modified_time\" content=\"2025-05-02T05:35:45+00:00\" \/>\n<meta property=\"og:image\" content=\"https:\/\/bien-etreiris.ch\/wp-content\/uploads\/2025\/05\/Acceuil-LEAU-PURIFIEE.jpg\" \/>\n\t<meta property=\"og:image:width\" content=\"500\" \/>\n\t<meta property=\"og:image:height\" content=\"333\" \/>\n\t<meta property=\"og:image:type\" content=\"image\/jpeg\" \/>\n<meta name=\"twitter:label1\" content=\"Gesch\u00e4tzte Lesezeit\" \/>\n\t<meta name=\"twitter:data1\" content=\"6\u00a0Minuten\" \/>\n<script type=\"application\/ld+json\" class=\"yoast-schema-graph\">{\"@context\":\"https:\\\/\\\/schema.org\",\"@graph\":[{\"@type\":\"WebPage\",\"@id\":\"https:\\\/\\\/bien-etreiris.ch\\\/de\\\/produktpraesentation\\\/gesundes-leben\\\/wasser-quelle-des-lebens\\\/leau-purifee\\\/\",\"url\":\"https:\\\/\\\/bien-etreiris.ch\\\/de\\\/produktpraesentation\\\/gesundes-leben\\\/wasser-quelle-des-lebens\\\/leau-purifee\\\/\",\"name\":\"REINES WASSER - WOHLBEFINDEN\",\"isPartOf\":{\"@id\":\"https:\\\/\\\/bien-etreiris.ch\\\/de\\\/#website\"},\"primaryImageOfPage\":{\"@id\":\"https:\\\/\\\/bien-etreiris.ch\\\/de\\\/produktpraesentation\\\/gesundes-leben\\\/wasser-quelle-des-lebens\\\/leau-purifee\\\/#primaryimage\"},\"image\":{\"@id\":\"https:\\\/\\\/bien-etreiris.ch\\\/de\\\/produktpraesentation\\\/gesundes-leben\\\/wasser-quelle-des-lebens\\\/leau-purifee\\\/#primaryimage\"},\"thumbnailUrl\":\"https:\\\/\\\/bien-etreiris.ch\\\/wp-content\\\/uploads\\\/2025\\\/05\\\/Acceuil-LEAU-PURIFIEE.jpg\",\"datePublished\":\"2021-04-29T07:31:06+00:00\",\"dateModified\":\"2025-05-02T05:35:45+00:00\",\"breadcrumb\":{\"@id\":\"https:\\\/\\\/bien-etreiris.ch\\\/de\\\/produktpraesentation\\\/gesundes-leben\\\/wasser-quelle-des-lebens\\\/leau-purifee\\\/#breadcrumb\"},\"inLanguage\":\"de\",\"potentialAction\":[{\"@type\":\"ReadAction\",\"target\":[\"https:\\\/\\\/bien-etreiris.ch\\\/de\\\/produktpraesentation\\\/gesundes-leben\\\/wasser-quelle-des-lebens\\\/leau-purifee\\\/\"]}]},{\"@type\":\"ImageObject\",\"inLanguage\":\"de\",\"@id\":\"https:\\\/\\\/bien-etreiris.ch\\\/de\\\/produktpraesentation\\\/gesundes-leben\\\/wasser-quelle-des-lebens\\\/leau-purifee\\\/#primaryimage\",\"url\":\"https:\\\/\\\/bien-etreiris.ch\\\/wp-content\\\/uploads\\\/2025\\\/05\\\/Acceuil-LEAU-PURIFIEE.jpg\",\"contentUrl\":\"https:\\\/\\\/bien-etreiris.ch\\\/wp-content\\\/uploads\\\/2025\\\/05\\\/Acceuil-LEAU-PURIFIEE.jpg\",\"width\":500,\"height\":333},{\"@type\":\"BreadcrumbList\",\"@id\":\"https:\\\/\\\/bien-etreiris.ch\\\/de\\\/produktpraesentation\\\/gesundes-leben\\\/wasser-quelle-des-lebens\\\/leau-purifee\\\/#breadcrumb\",\"itemListElement\":[{\"@type\":\"ListItem\",\"position\":1,\"name\":\"Home\",\"item\":\"https:\\\/\\\/bien-etreiris.ch\\\/de\\\/\"},{\"@type\":\"ListItem\",\"position\":2,\"name\":\"PRODUKTPR\u00c4SENTATION\",\"item\":\"https:\\\/\\\/bien-etreiris.ch\\\/de\\\/produktpraesentation\\\/\"},{\"@type\":\"ListItem\",\"position\":3,\"name\":\"GESUNDES LEBEN\",\"item\":\"https:\\\/\\\/bien-etreiris.ch\\\/de\\\/produktpraesentation\\\/gesundes-leben\\\/\"},{\"@type\":\"ListItem\",\"position\":4,\"name\":\"WASSER &#8211; QUELLE DES LEBENS\",\"item\":\"https:\\\/\\\/bien-etreiris.ch\\\/de\\\/produktpraesentation\\\/gesundes-leben\\\/wasser-quelle-des-lebens\\\/\"},{\"@type\":\"ListItem\",\"position\":5,\"name\":\"REINES WASSER\"}]},{\"@type\":\"WebSite\",\"@id\":\"https:\\\/\\\/bien-etreiris.ch\\\/de\\\/#website\",\"url\":\"https:\\\/\\\/bien-etreiris.ch\\\/de\\\/\",\"name\":\"Bien-\u00eatre Iris\",\"description\":\"IHRE Gesundheit ist uns wichtig\",\"potentialAction\":[{\"@type\":\"SearchAction\",\"target\":{\"@type\":\"EntryPoint\",\"urlTemplate\":\"https:\\\/\\\/bien-etreiris.ch\\\/de\\\/?s={search_term_string}\"},\"query-input\":{\"@type\":\"PropertyValueSpecification\",\"valueRequired\":true,\"valueName\":\"search_term_string\"}}],\"inLanguage\":\"de\"}]}<\/script>\n<!-- \/ Yoast SEO plugin. -->","yoast_head_json":{"title":"REINES WASSER - WOHLBEFINDEN","robots":{"index":"index","follow":"follow","max-snippet":"max-snippet:-1","max-image-preview":"max-image-preview:large","max-video-preview":"max-video-preview:-1"},"canonical":"https:\/\/bien-etreiris.ch\/de\/produktpraesentation\/gesundes-leben\/wasser-quelle-des-lebens\/leau-purifee\/","og_locale":"de_DE","og_type":"article","og_title":"REINES WASSER - WOHLBEFINDEN","og_description":"Gesundes Wasser sollte frei von Schadstoffen, aber auch basisch und reduzierend sein. &nbsp; GESUNDES WASSER DANK WASSERVEREDLUNG Reines Wasser ist lebenswichtig f\u00fcr unseren Organismus&nbsp; Legen Sie Wert auf gesunde Ern\u00e4hrung? Dann wird Ihnen auch eine gute Wasserqualit\u00e4t am Herzen liegen. Reines Wasser ist lebenswichtig f\u00fcr unseren Organismus. Mit einem ausgekl\u00fcgeltes System der Wasserveredlung erhalten wir reines, energetisiertes und restrukturiertes Wasser.&nbsp;Weiter lesen","og_url":"https:\/\/bien-etreiris.ch\/de\/produktpraesentation\/gesundes-leben\/wasser-quelle-des-lebens\/leau-purifee\/","og_site_name":"WOHLBEFINDEN","article_publisher":"https:\/\/www.facebook.com\/bienetreiris\/","article_modified_time":"2025-05-02T05:35:45+00:00","og_image":[{"width":500,"height":333,"url":"https:\/\/bien-etreiris.ch\/wp-content\/uploads\/2025\/05\/Acceuil-LEAU-PURIFIEE.jpg","type":"image\/jpeg"}],"twitter_misc":{"Gesch\u00e4tzte Lesezeit":"6\u00a0Minuten"},"schema":{"@context":"https:\/\/schema.org","@graph":[{"@type":"WebPage","@id":"https:\/\/bien-etreiris.ch\/de\/produktpraesentation\/gesundes-leben\/wasser-quelle-des-lebens\/leau-purifee\/","url":"https:\/\/bien-etreiris.ch\/de\/produktpraesentation\/gesundes-leben\/wasser-quelle-des-lebens\/leau-purifee\/","name":"REINES WASSER - WOHLBEFINDEN","isPartOf":{"@id":"https:\/\/bien-etreiris.ch\/de\/#website"},"primaryImageOfPage":{"@id":"https:\/\/bien-etreiris.ch\/de\/produktpraesentation\/gesundes-leben\/wasser-quelle-des-lebens\/leau-purifee\/#primaryimage"},"image":{"@id":"https:\/\/bien-etreiris.ch\/de\/produktpraesentation\/gesundes-leben\/wasser-quelle-des-lebens\/leau-purifee\/#primaryimage"},"thumbnailUrl":"https:\/\/bien-etreiris.ch\/wp-content\/uploads\/2025\/05\/Acceuil-LEAU-PURIFIEE.jpg","datePublished":"2021-04-29T07:31:06+00:00","dateModified":"2025-05-02T05:35:45+00:00","breadcrumb":{"@id":"https:\/\/bien-etreiris.ch\/de\/produktpraesentation\/gesundes-leben\/wasser-quelle-des-lebens\/leau-purifee\/#breadcrumb"},"inLanguage":"de","potentialAction":[{"@type":"ReadAction","target":["https:\/\/bien-etreiris.ch\/de\/produktpraesentation\/gesundes-leben\/wasser-quelle-des-lebens\/leau-purifee\/"]}]},{"@type":"ImageObject","inLanguage":"de","@id":"https:\/\/bien-etreiris.ch\/de\/produktpraesentation\/gesundes-leben\/wasser-quelle-des-lebens\/leau-purifee\/#primaryimage","url":"https:\/\/bien-etreiris.ch\/wp-content\/uploads\/2025\/05\/Acceuil-LEAU-PURIFIEE.jpg","contentUrl":"https:\/\/bien-etreiris.ch\/wp-content\/uploads\/2025\/05\/Acceuil-LEAU-PURIFIEE.jpg","width":500,"height":333},{"@type":"BreadcrumbList","@id":"https:\/\/bien-etreiris.ch\/de\/produktpraesentation\/gesundes-leben\/wasser-quelle-des-lebens\/leau-purifee\/#breadcrumb","itemListElement":[{"@type":"ListItem","position":1,"name":"Home","item":"https:\/\/bien-etreiris.ch\/de\/"},{"@type":"ListItem","position":2,"name":"PRODUKTPR\u00c4SENTATION","item":"https:\/\/bien-etreiris.ch\/de\/produktpraesentation\/"},{"@type":"ListItem","position":3,"name":"GESUNDES LEBEN","item":"https:\/\/bien-etreiris.ch\/de\/produktpraesentation\/gesundes-leben\/"},{"@type":"ListItem","position":4,"name":"WASSER &#8211; QUELLE DES LEBENS","item":"https:\/\/bien-etreiris.ch\/de\/produktpraesentation\/gesundes-leben\/wasser-quelle-des-lebens\/"},{"@type":"ListItem","position":5,"name":"REINES WASSER"}]},{"@type":"WebSite","@id":"https:\/\/bien-etreiris.ch\/de\/#website","url":"https:\/\/bien-etreiris.ch\/de\/","name":"Bien-\u00eatre Iris","description":"IHRE Gesundheit ist uns wichtig","potentialAction":[{"@type":"SearchAction","target":{"@type":"EntryPoint","urlTemplate":"https:\/\/bien-etreiris.ch\/de\/?s={search_term_string}"},"query-input":{"@type":"PropertyValueSpecification","valueRequired":true,"valueName":"search_term_string"}}],"inLanguage":"de"}]}},"_links":{"self":[{"href":"https:\/\/bien-etreiris.ch\/de\/wp-json\/wp\/v2\/pages\/43330","targetHints":{"allow":["GET"]}}],"collection":[{"href":"https:\/\/bien-etreiris.ch\/de\/wp-json\/wp\/v2\/pages"}],"about":[{"href":"https:\/\/bien-etreiris.ch\/de\/wp-json\/wp\/v2\/types\/page"}],"author":[{"embeddable":true,"href":"https:\/\/bien-etreiris.ch\/de\/wp-json\/wp\/v2\/users\/1"}],"replies":[{"embeddable":true,"href":"https:\/\/bien-etreiris.ch\/de\/wp-json\/wp\/v2\/comments?post=43330"}],"version-history":[{"count":20,"href":"https:\/\/bien-etreiris.ch\/de\/wp-json\/wp\/v2\/pages\/43330\/revisions"}],"predecessor-version":[{"id":96484,"href":"https:\/\/bien-etreiris.ch\/de\/wp-json\/wp\/v2\/pages\/43330\/revisions\/96484"}],"up":[{"embeddable":true,"href":"https:\/\/bien-etreiris.ch\/de\/wp-json\/wp\/v2\/pages\/30643"}],"wp:featuredmedia":[{"embeddable":true,"href":"https:\/\/bien-etreiris.ch\/de\/wp-json\/wp\/v2\/media\/96469"}],"wp:attachment":[{"href":"https:\/\/bien-etreiris.ch\/de\/wp-json\/wp\/v2\/media?parent=43330"}],"curies":[{"name":"wp","href":"https:\/\/api.w.org\/{rel}","templated":true}]}}