{"id":42927,"date":"2021-04-26T08:08:20","date_gmt":"2021-04-26T06:08:20","guid":{"rendered":"https:\/\/bien-etreiris.ch\/?page_id=42927"},"modified":"2024-09-12T18:10:55","modified_gmt":"2024-09-12T16:10:55","slug":"schwarzer-knoblauch","status":"publish","type":"page","link":"https:\/\/bien-etreiris.ch\/de\/produktpraesentation\/gesundes-leben\/gesunde-lebensmittel\/zutaten-wohlbefinden\/gewuerze\/epices-pures\/schwarzer-knoblauch\/","title":{"rendered":"SCHWARZER KNOBLAUCH"},"content":{"rendered":"\n<p><a href=\"https:\/\/bien-etreiris.ch\/wp-content\/uploads\/2021\/04\/Ail-noir-grand-plan.png\"><img loading=\"lazy\" decoding=\"async\" class=\"size-medium wp-image-42941 aligncenter\" src=\"https:\/\/bien-etreiris.ch\/wp-content\/uploads\/2021\/04\/Ail-noir-grand-plan-300x300.png\" alt=\"\" width=\"300\" height=\"300\" srcset=\"https:\/\/bien-etreiris.ch\/wp-content\/uploads\/2021\/04\/Ail-noir-grand-plan-300x300.png 300w, https:\/\/bien-etreiris.ch\/wp-content\/uploads\/2021\/04\/Ail-noir-grand-plan-150x150.png 150w, https:\/\/bien-etreiris.ch\/wp-content\/uploads\/2021\/04\/Ail-noir-grand-plan.png 500w\" sizes=\"auto, (max-width: 300px) 100vw, 300px\" \/><\/a><\/p>\n<h2>Schwarzer Knoblauch<\/h2>\n<p><span class=\"ILfuVd\"><span class=\"hgKElc\">S-Allyl-Cystein f\u00f6rdert die Gewichtsabnahme w\u00e4hrend einer Di\u00e4t. Schwarzer Knoblauch hat auch eine positive Wirkung auf Fetts\u00e4uren und den Blutzuckerspiegel. F\u00fcr die Immunit\u00e4t Der Extrakt aus <strong>schwarzem Knoblauch<\/strong> stimuliert auch die Immunit\u00e4t und hilft bei der Bek\u00e4mpfung von Infektionen. Er erh\u00f6ht die Aktivit\u00e4t der Makrophagen, der Zellen in der Milz.<\/span><\/span><\/p>\n<p><a href=\"https:\/\/bien-etreiris.ch\/wp-content\/uploads\/2021\/04\/Ail-noir.png\"><img loading=\"lazy\" decoding=\"async\" class=\"alignleft wp-image-42944\" src=\"https:\/\/bien-etreiris.ch\/wp-content\/uploads\/2021\/04\/Ail-noir-300x300.png\" alt=\"\" width=\"500\" height=\"500\" srcset=\"https:\/\/bien-etreiris.ch\/wp-content\/uploads\/2021\/04\/Ail-noir.png 300w, https:\/\/bien-etreiris.ch\/wp-content\/uploads\/2021\/04\/Ail-noir-150x150.png 150w\" sizes=\"auto, (max-width: 500px) 100vw, 500px\" \/><\/a><\/p>\n<p>&nbsp;<\/p>\n<p>&nbsp;<\/p>\n<p>&nbsp;<\/p>\n<p>&nbsp;<\/p>\n<p>&nbsp;<\/p>\n<p>&nbsp;<\/p>\n<p>&nbsp;<\/p>\n<p>&nbsp;<\/p>\n<p>&nbsp;<\/p>\n<p>In einem Karton verpackt<\/p>\n<p>1 St\u00fcck 80 g <strong>CHF 8.00<\/strong><\/p>\n<p>&nbsp;<\/p>\n<p>&nbsp;<\/p>\n<p>&nbsp;<\/p>\n<p>&nbsp;<\/p>\n<hr>\n<h2 class=\"pg mar-b-30\">FAMILIA PARRA Demeter Ajo Negro<\/h2>\n<p><a href=\"https:\/\/bien-etreiris.ch\/wp-content\/uploads\/2022\/07\/ail-noir-Demeter.jpg\"><img loading=\"lazy\" decoding=\"async\" class=\"size-full wp-image-56438 alignleft\" src=\"https:\/\/bien-etreiris.ch\/wp-content\/uploads\/2022\/07\/ail-noir-Demeter.jpg\" alt=\"\" width=\"400\" height=\"400\" srcset=\"https:\/\/bien-etreiris.ch\/wp-content\/uploads\/2022\/07\/ail-noir-Demeter.jpg 400w, https:\/\/bien-etreiris.ch\/wp-content\/uploads\/2022\/07\/ail-noir-Demeter-300x300.jpg 300w, https:\/\/bien-etreiris.ch\/wp-content\/uploads\/2022\/07\/ail-noir-Demeter-150x150.jpg 150w\" sizes=\"auto, (max-width: 400px) 100vw, 400px\" \/><\/a><\/p>\n<p>&nbsp;<\/p>\n<p>&nbsp;<\/p>\n<p>&nbsp;<\/p>\n<p>&nbsp;<\/p>\n<p>&nbsp;<\/p>\n<p>In einem Glas verpackt<\/p>\n<p>1 St\u00fcck 60 g CHF 6.10<\/p>\n<p>&nbsp;<\/p>\n<p>&nbsp;<\/p>\n<p>&nbsp;<\/p>\n<p>&nbsp;<\/p>\n<p>&nbsp;<\/p>\n<hr>\n<h2 class=\"page-title\"><span class=\"base\" data-ui-id=\"page-title-wrapper\">Paste aus schwarzem Knoblauch \/ P\u00fcree aus fermentiertem Knoblauch<\/span><\/h2>\n<p><a href=\"https:\/\/bien-etreiris.ch\/wp-content\/uploads\/2021\/04\/Pate-Ail-noir-scaled.jpg\"><img loading=\"lazy\" decoding=\"async\" class=\"size-medium wp-image-42957 alignleft\" src=\"https:\/\/bien-etreiris.ch\/wp-content\/uploads\/2021\/04\/Pate-Ail-noir-300x272.jpg\" sizes=\"auto, (max-width: 300px) 100vw, 300px\" srcset=\"https:\/\/bien-etreiris.ch\/wp-content\/uploads\/2021\/04\/Pate-Ail-noir-300x272.jpg 300w, https:\/\/bien-etreiris.ch\/wp-content\/uploads\/2021\/04\/Pate-Ail-noir-1024x928.jpg 1024w, https:\/\/bien-etreiris.ch\/wp-content\/uploads\/2021\/04\/Pate-Ail-noir-768x696.jpg 768w, https:\/\/bien-etreiris.ch\/wp-content\/uploads\/2021\/04\/Pate-Ail-noir-1536x1392.jpg 1536w, https:\/\/bien-etreiris.ch\/wp-content\/uploads\/2021\/04\/Pate-Ail-noir-2048x1856.jpg 2048w\" alt=\"\" width=\"300\" height=\"272\"><\/a><\/p>\n<p>&nbsp;<\/p>\n<p>&nbsp;<\/p>\n<p>&nbsp;<\/p>\n<ul>\n<li>Fermentierter schwarzer Knoblauch in Pastenform<\/li>\n<li>Verleiht Ihren Gerichten einen milden und intensiven Geschmack<\/li>\n<li>Vielseitiges Gew\u00fcrz f\u00fcr sowohl herzhafte als auch s\u00fc\u00dfe Speisen<\/li>\n<li>100% biologisch und ohne Zusatzstoffe<\/li>\n<li>Sparsam im Gebrauch und lange haltbar<\/li>\n<\/ul>\n<p class=\"page-title\"><span class=\"base\" data-ui-id=\"page-title-wrapper\">100 g&nbsp; bio <strong>CHF 10.50<\/strong><br><\/span><\/p>\n<p>&nbsp;<\/p>\n<p>&nbsp;<\/p>\n<div tabindex=\"0\" role=\"tab\" aria-labeledby=\"tab-label-product.info.description-title\" data-role=\"collapsible\" data-collapsible=\"true\" aria-selected=\"false\" aria-expanded=\"false\">&nbsp;<\/div>\n<div tabindex=\"0\" role=\"tab\" aria-labeledby=\"tab-label-product.info.description-title\" data-role=\"collapsible\" data-collapsible=\"true\" aria-selected=\"false\" aria-expanded=\"false\">&nbsp;<\/div>\n<div tabindex=\"0\" role=\"tab\" aria-labeledby=\"tab-label-product.info.description-title\" data-role=\"collapsible\" data-collapsible=\"true\" aria-selected=\"false\" aria-expanded=\"false\">&nbsp;<\/div>\n<div id=\"product.info.description\" class=\"data item content\">\n<div class=\"product attribute description\">\n<div class=\"value\">\n<h4>Die schwarze Knoblauchpaste von Amanprana verleiht Ihren Gerichten einen milden und intensiven Geschmack<\/h4>\n<p>Schwarzer Knoblauch ist fermentierter Knoblauch(Allium Sativum), der auch als aged garlic, aged garlic extract oder black garlic bezeichnet wird. Schwarzer Knoblauch ist ein ganz besonderes Gew\u00fcrz, das Ihren Gerichten einen milden und intensiven Geschmack verleiht. Er hat jedoch nicht mehr den Geruch von Knoblauch und den scharfen Geschmack von rohem Knoblauch.<\/p>\n<h4>Fermentierter Knoblauch ist fast doppelt so gesund wie wei\u00dfer Knoblauch<\/h4>\n<p>Der K\u00f6rper verdaut und absorbiert fermentierten Knoblauch viel leichter als wei\u00dfen Knoblauch. Dies ist auf das wasserl\u00f6sliche Antioxidans S-Allylcystein zur\u00fcckzuf\u00fchren. Schwarzer Knoblauch enth\u00e4lt fast doppelt so viele Antioxidantien wie wei\u00dfer Knoblauch: Schwarzer Knoblauch enth\u00e4lt 198 Einheiten Antioxidantien pro Gramm im Vergleich zu 119 Einheiten pro Gramm in wei\u00dfem Knoblauch.<\/p>\n<h4>Schwarze Knoblauchpaste: eine Delikatesse mit vielen M\u00f6glichkeiten<\/h4>\n<p>Schwarze Knoblauchpaste ist eine hervorragende Grundlage, um z. B. Currys zu w\u00fcrzen. Die Paste kann auch als W\u00fcrze f\u00fcr viele Gerichte verwendet werden. Der s\u00fc\u00dfe Geschmack verleiht Kuchen, Torten und anderen K\u00f6stlichkeiten eine k\u00f6stliche s\u00fc\u00dfe Note, so dass auch Kinder den schwarzen Knoblauch genie\u00dfen k\u00f6nnen.<\/p>\n<\/div>\n<\/div>\n<\/div>\n<p>&nbsp;<\/p>\n<h2><span style=\"color: #99cc00;\"><em><a style=\"color: #99cc00;\" href=\"https:\/\/bien-etreiris.ch\/de\/ratgeber-klarheit-beratung\/naehrstoffe\/ingredients\/schwarzer-knoblauch\/\" target=\"_blank\" rel=\"noopener\">UM WEITERE INFORMATIONEN \u00dcBER SCHWARZEN KNOBLAUCH ZU ERHALTEN<\/a><\/em><\/span><\/h2>\n<p>&nbsp;<\/p>\n<p>&nbsp;<\/p>\n","protected":false},"excerpt":{"rendered":"<p>Schwarzer Knoblauch S-Allyl-Cystein f\u00f6rdert die Gewichtsabnahme w\u00e4hrend einer Di\u00e4t. Schwarzer Knoblauch hat auch eine positive Wirkung auf Fetts\u00e4uren und den Blutzuckerspiegel. F\u00fcr die Immunit\u00e4t Der Extrakt aus schwarzem Knoblauch stimuliert auch die Immunit\u00e4t und hilft bei der Bek\u00e4mpfung von Infektionen. Er erh\u00f6ht die Aktivit\u00e4t der Makrophagen, der Zellen in der Milz. &nbsp; &nbsp; &nbsp; &nbsp; &nbsp; &nbsp; &nbsp; &nbsp; &nbsp;&nbsp;<a href=\"https:\/\/bien-etreiris.ch\/de\/produktpraesentation\/gesundes-leben\/gesunde-lebensmittel\/zutaten-wohlbefinden\/gewuerze\/epices-pures\/schwarzer-knoblauch\/\" class=\"read-more\">Weiter lesen<\/a><\/p>\n","protected":false},"author":1,"featured_media":89246,"parent":98233,"menu_order":5939,"comment_status":"closed","ping_status":"closed","template":"page-with-child.php","meta":{"_acf_changed":false,"ngg_post_thumbnail":0,"footnotes":""},"class_list":["post-42927","page","type-page","status-publish","has-post-thumbnail","hentry"],"acf":[],"yoast_head":"<!-- This site is optimized with the Yoast SEO plugin v27.6 - https:\/\/yoast.com\/product\/yoast-seo-wordpress\/ -->\n<title>SCHWARZER KNOBLAUCH - WOHLBEFINDEN<\/title>\n<meta name=\"robots\" content=\"index, follow, max-snippet:-1, max-image-preview:large, max-video-preview:-1\" \/>\n<link rel=\"canonical\" href=\"https:\/\/bien-etreiris.ch\/de\/produktpraesentation\/gesundes-leben\/gesunde-lebensmittel\/zutaten-wohlbefinden\/gewuerze\/schwarzer-knoblauch\/\" \/>\n<meta property=\"og:locale\" content=\"de_DE\" \/>\n<meta property=\"og:type\" content=\"article\" \/>\n<meta property=\"og:title\" content=\"SCHWARZER KNOBLAUCH - WOHLBEFINDEN\" \/>\n<meta property=\"og:description\" content=\"Schwarzer Knoblauch S-Allyl-Cystein f\u00f6rdert die Gewichtsabnahme w\u00e4hrend einer Di\u00e4t. Schwarzer Knoblauch hat auch eine positive Wirkung auf Fetts\u00e4uren und den Blutzuckerspiegel. F\u00fcr die Immunit\u00e4t Der Extrakt aus schwarzem Knoblauch stimuliert auch die Immunit\u00e4t und hilft bei der Bek\u00e4mpfung von Infektionen. Er erh\u00f6ht die Aktivit\u00e4t der Makrophagen, der Zellen in der Milz. &nbsp; &nbsp; &nbsp; &nbsp; &nbsp; &nbsp; &nbsp; &nbsp; &nbsp;&nbsp;Weiter lesen\" \/>\n<meta property=\"og:url\" content=\"https:\/\/bien-etreiris.ch\/de\/produktpraesentation\/gesundes-leben\/gesunde-lebensmittel\/zutaten-wohlbefinden\/gewuerze\/schwarzer-knoblauch\/\" \/>\n<meta property=\"og:site_name\" content=\"WOHLBEFINDEN\" \/>\n<meta property=\"article:publisher\" content=\"https:\/\/www.facebook.com\/bienetreiris\/\" \/>\n<meta property=\"article:modified_time\" content=\"2024-09-12T16:10:55+00:00\" \/>\n<meta property=\"og:image\" content=\"https:\/\/bien-etreiris.ch\/wp-content\/uploads\/2024\/09\/acceuil-ail-noir.png\" \/>\n\t<meta property=\"og:image:width\" content=\"370\" \/>\n\t<meta property=\"og:image:height\" content=\"226\" \/>\n\t<meta property=\"og:image:type\" content=\"image\/png\" \/>\n<meta name=\"twitter:label1\" content=\"Gesch\u00e4tzte Lesezeit\" \/>\n\t<meta name=\"twitter:data1\" content=\"3\u00a0Minuten\" \/>\n<script type=\"application\/ld+json\" class=\"yoast-schema-graph\">{\"@context\":\"https:\\\/\\\/schema.org\",\"@graph\":[{\"@type\":\"WebPage\",\"@id\":\"https:\\\/\\\/bien-etreiris.ch\\\/de\\\/produktpraesentation\\\/gesundes-leben\\\/gesunde-lebensmittel\\\/zutaten-wohlbefinden\\\/gewuerze\\\/schwarzer-knoblauch\\\/\",\"url\":\"https:\\\/\\\/bien-etreiris.ch\\\/de\\\/produktpraesentation\\\/gesundes-leben\\\/gesunde-lebensmittel\\\/zutaten-wohlbefinden\\\/gewuerze\\\/schwarzer-knoblauch\\\/\",\"name\":\"SCHWARZER KNOBLAUCH - WOHLBEFINDEN\",\"isPartOf\":{\"@id\":\"https:\\\/\\\/bien-etreiris.ch\\\/de\\\/#website\"},\"primaryImageOfPage\":{\"@id\":\"https:\\\/\\\/bien-etreiris.ch\\\/de\\\/produktpraesentation\\\/gesundes-leben\\\/gesunde-lebensmittel\\\/zutaten-wohlbefinden\\\/gewuerze\\\/schwarzer-knoblauch\\\/#primaryimage\"},\"image\":{\"@id\":\"https:\\\/\\\/bien-etreiris.ch\\\/de\\\/produktpraesentation\\\/gesundes-leben\\\/gesunde-lebensmittel\\\/zutaten-wohlbefinden\\\/gewuerze\\\/schwarzer-knoblauch\\\/#primaryimage\"},\"thumbnailUrl\":\"https:\\\/\\\/bien-etreiris.ch\\\/wp-content\\\/uploads\\\/2024\\\/09\\\/acceuil-ail-noir.png\",\"datePublished\":\"2021-04-26T06:08:20+00:00\",\"dateModified\":\"2024-09-12T16:10:55+00:00\",\"breadcrumb\":{\"@id\":\"https:\\\/\\\/bien-etreiris.ch\\\/de\\\/produktpraesentation\\\/gesundes-leben\\\/gesunde-lebensmittel\\\/zutaten-wohlbefinden\\\/gewuerze\\\/schwarzer-knoblauch\\\/#breadcrumb\"},\"inLanguage\":\"de\",\"potentialAction\":[{\"@type\":\"ReadAction\",\"target\":[\"https:\\\/\\\/bien-etreiris.ch\\\/de\\\/produktpraesentation\\\/gesundes-leben\\\/gesunde-lebensmittel\\\/zutaten-wohlbefinden\\\/gewuerze\\\/schwarzer-knoblauch\\\/\"]}]},{\"@type\":\"ImageObject\",\"inLanguage\":\"de\",\"@id\":\"https:\\\/\\\/bien-etreiris.ch\\\/de\\\/produktpraesentation\\\/gesundes-leben\\\/gesunde-lebensmittel\\\/zutaten-wohlbefinden\\\/gewuerze\\\/schwarzer-knoblauch\\\/#primaryimage\",\"url\":\"https:\\\/\\\/bien-etreiris.ch\\\/wp-content\\\/uploads\\\/2024\\\/09\\\/acceuil-ail-noir.png\",\"contentUrl\":\"https:\\\/\\\/bien-etreiris.ch\\\/wp-content\\\/uploads\\\/2024\\\/09\\\/acceuil-ail-noir.png\",\"width\":370,\"height\":226},{\"@type\":\"BreadcrumbList\",\"@id\":\"https:\\\/\\\/bien-etreiris.ch\\\/de\\\/produktpraesentation\\\/gesundes-leben\\\/gesunde-lebensmittel\\\/zutaten-wohlbefinden\\\/gewuerze\\\/schwarzer-knoblauch\\\/#breadcrumb\",\"itemListElement\":[{\"@type\":\"ListItem\",\"position\":1,\"name\":\"Home\",\"item\":\"https:\\\/\\\/bien-etreiris.ch\\\/de\\\/\"},{\"@type\":\"ListItem\",\"position\":2,\"name\":\"PRODUKTPR\u00c4SENTATION\",\"item\":\"https:\\\/\\\/bien-etreiris.ch\\\/de\\\/produktpraesentation\\\/\"},{\"@type\":\"ListItem\",\"position\":3,\"name\":\"GESUNDES LEBEN\",\"item\":\"https:\\\/\\\/bien-etreiris.ch\\\/de\\\/produktpraesentation\\\/gesundes-leben\\\/\"},{\"@type\":\"ListItem\",\"position\":4,\"name\":\"GESUNDE LEBENSMITTEL\",\"item\":\"https:\\\/\\\/bien-etreiris.ch\\\/de\\\/produktpraesentation\\\/gesundes-leben\\\/gesunde-lebensmittel\\\/\"},{\"@type\":\"ListItem\",\"position\":5,\"name\":\"ZUTATEN\",\"item\":\"https:\\\/\\\/bien-etreiris.ch\\\/de\\\/produktpraesentation\\\/gesundes-leben\\\/gesunde-lebensmittel\\\/zutaten-wohlbefinden\\\/\"},{\"@type\":\"ListItem\",\"position\":6,\"name\":\"GEW\u00dcRZE\",\"item\":\"https:\\\/\\\/bien-etreiris.ch\\\/de\\\/produktpraesentation\\\/gesundes-leben\\\/gesunde-lebensmittel\\\/zutaten-wohlbefinden\\\/gewuerze\\\/\"},{\"@type\":\"ListItem\",\"position\":7,\"name\":\"SCHWARZER KNOBLAUCH\"}]},{\"@type\":\"WebSite\",\"@id\":\"https:\\\/\\\/bien-etreiris.ch\\\/de\\\/#website\",\"url\":\"https:\\\/\\\/bien-etreiris.ch\\\/de\\\/\",\"name\":\"Bien-\u00eatre Iris\",\"description\":\"IHRE Gesundheit ist uns wichtig\",\"potentialAction\":[{\"@type\":\"SearchAction\",\"target\":{\"@type\":\"EntryPoint\",\"urlTemplate\":\"https:\\\/\\\/bien-etreiris.ch\\\/de\\\/?s={search_term_string}\"},\"query-input\":{\"@type\":\"PropertyValueSpecification\",\"valueRequired\":true,\"valueName\":\"search_term_string\"}}],\"inLanguage\":\"de\"}]}<\/script>\n<!-- \/ Yoast SEO plugin. -->","yoast_head_json":{"title":"SCHWARZER KNOBLAUCH - WOHLBEFINDEN","robots":{"index":"index","follow":"follow","max-snippet":"max-snippet:-1","max-image-preview":"max-image-preview:large","max-video-preview":"max-video-preview:-1"},"canonical":"https:\/\/bien-etreiris.ch\/de\/produktpraesentation\/gesundes-leben\/gesunde-lebensmittel\/zutaten-wohlbefinden\/gewuerze\/schwarzer-knoblauch\/","og_locale":"de_DE","og_type":"article","og_title":"SCHWARZER KNOBLAUCH - WOHLBEFINDEN","og_description":"Schwarzer Knoblauch S-Allyl-Cystein f\u00f6rdert die Gewichtsabnahme w\u00e4hrend einer Di\u00e4t. Schwarzer Knoblauch hat auch eine positive Wirkung auf Fetts\u00e4uren und den Blutzuckerspiegel. F\u00fcr die Immunit\u00e4t Der Extrakt aus schwarzem Knoblauch stimuliert auch die Immunit\u00e4t und hilft bei der Bek\u00e4mpfung von Infektionen. Er erh\u00f6ht die Aktivit\u00e4t der Makrophagen, der Zellen in der Milz. &nbsp; &nbsp; &nbsp; &nbsp; &nbsp; &nbsp; &nbsp; &nbsp; &nbsp;&nbsp;Weiter lesen","og_url":"https:\/\/bien-etreiris.ch\/de\/produktpraesentation\/gesundes-leben\/gesunde-lebensmittel\/zutaten-wohlbefinden\/gewuerze\/schwarzer-knoblauch\/","og_site_name":"WOHLBEFINDEN","article_publisher":"https:\/\/www.facebook.com\/bienetreiris\/","article_modified_time":"2024-09-12T16:10:55+00:00","og_image":[{"width":370,"height":226,"url":"https:\/\/bien-etreiris.ch\/wp-content\/uploads\/2024\/09\/acceuil-ail-noir.png","type":"image\/png"}],"twitter_misc":{"Gesch\u00e4tzte Lesezeit":"3\u00a0Minuten"},"schema":{"@context":"https:\/\/schema.org","@graph":[{"@type":"WebPage","@id":"https:\/\/bien-etreiris.ch\/de\/produktpraesentation\/gesundes-leben\/gesunde-lebensmittel\/zutaten-wohlbefinden\/gewuerze\/schwarzer-knoblauch\/","url":"https:\/\/bien-etreiris.ch\/de\/produktpraesentation\/gesundes-leben\/gesunde-lebensmittel\/zutaten-wohlbefinden\/gewuerze\/schwarzer-knoblauch\/","name":"SCHWARZER KNOBLAUCH - WOHLBEFINDEN","isPartOf":{"@id":"https:\/\/bien-etreiris.ch\/de\/#website"},"primaryImageOfPage":{"@id":"https:\/\/bien-etreiris.ch\/de\/produktpraesentation\/gesundes-leben\/gesunde-lebensmittel\/zutaten-wohlbefinden\/gewuerze\/schwarzer-knoblauch\/#primaryimage"},"image":{"@id":"https:\/\/bien-etreiris.ch\/de\/produktpraesentation\/gesundes-leben\/gesunde-lebensmittel\/zutaten-wohlbefinden\/gewuerze\/schwarzer-knoblauch\/#primaryimage"},"thumbnailUrl":"https:\/\/bien-etreiris.ch\/wp-content\/uploads\/2024\/09\/acceuil-ail-noir.png","datePublished":"2021-04-26T06:08:20+00:00","dateModified":"2024-09-12T16:10:55+00:00","breadcrumb":{"@id":"https:\/\/bien-etreiris.ch\/de\/produktpraesentation\/gesundes-leben\/gesunde-lebensmittel\/zutaten-wohlbefinden\/gewuerze\/schwarzer-knoblauch\/#breadcrumb"},"inLanguage":"de","potentialAction":[{"@type":"ReadAction","target":["https:\/\/bien-etreiris.ch\/de\/produktpraesentation\/gesundes-leben\/gesunde-lebensmittel\/zutaten-wohlbefinden\/gewuerze\/schwarzer-knoblauch\/"]}]},{"@type":"ImageObject","inLanguage":"de","@id":"https:\/\/bien-etreiris.ch\/de\/produktpraesentation\/gesundes-leben\/gesunde-lebensmittel\/zutaten-wohlbefinden\/gewuerze\/schwarzer-knoblauch\/#primaryimage","url":"https:\/\/bien-etreiris.ch\/wp-content\/uploads\/2024\/09\/acceuil-ail-noir.png","contentUrl":"https:\/\/bien-etreiris.ch\/wp-content\/uploads\/2024\/09\/acceuil-ail-noir.png","width":370,"height":226},{"@type":"BreadcrumbList","@id":"https:\/\/bien-etreiris.ch\/de\/produktpraesentation\/gesundes-leben\/gesunde-lebensmittel\/zutaten-wohlbefinden\/gewuerze\/schwarzer-knoblauch\/#breadcrumb","itemListElement":[{"@type":"ListItem","position":1,"name":"Home","item":"https:\/\/bien-etreiris.ch\/de\/"},{"@type":"ListItem","position":2,"name":"PRODUKTPR\u00c4SENTATION","item":"https:\/\/bien-etreiris.ch\/de\/produktpraesentation\/"},{"@type":"ListItem","position":3,"name":"GESUNDES LEBEN","item":"https:\/\/bien-etreiris.ch\/de\/produktpraesentation\/gesundes-leben\/"},{"@type":"ListItem","position":4,"name":"GESUNDE LEBENSMITTEL","item":"https:\/\/bien-etreiris.ch\/de\/produktpraesentation\/gesundes-leben\/gesunde-lebensmittel\/"},{"@type":"ListItem","position":5,"name":"ZUTATEN","item":"https:\/\/bien-etreiris.ch\/de\/produktpraesentation\/gesundes-leben\/gesunde-lebensmittel\/zutaten-wohlbefinden\/"},{"@type":"ListItem","position":6,"name":"GEW\u00dcRZE","item":"https:\/\/bien-etreiris.ch\/de\/produktpraesentation\/gesundes-leben\/gesunde-lebensmittel\/zutaten-wohlbefinden\/gewuerze\/"},{"@type":"ListItem","position":7,"name":"SCHWARZER KNOBLAUCH"}]},{"@type":"WebSite","@id":"https:\/\/bien-etreiris.ch\/de\/#website","url":"https:\/\/bien-etreiris.ch\/de\/","name":"Bien-\u00eatre Iris","description":"IHRE Gesundheit ist uns wichtig","potentialAction":[{"@type":"SearchAction","target":{"@type":"EntryPoint","urlTemplate":"https:\/\/bien-etreiris.ch\/de\/?s={search_term_string}"},"query-input":{"@type":"PropertyValueSpecification","valueRequired":true,"valueName":"search_term_string"}}],"inLanguage":"de"}]}},"_links":{"self":[{"href":"https:\/\/bien-etreiris.ch\/de\/wp-json\/wp\/v2\/pages\/42927","targetHints":{"allow":["GET"]}}],"collection":[{"href":"https:\/\/bien-etreiris.ch\/de\/wp-json\/wp\/v2\/pages"}],"about":[{"href":"https:\/\/bien-etreiris.ch\/de\/wp-json\/wp\/v2\/types\/page"}],"author":[{"embeddable":true,"href":"https:\/\/bien-etreiris.ch\/de\/wp-json\/wp\/v2\/users\/1"}],"replies":[{"embeddable":true,"href":"https:\/\/bien-etreiris.ch\/de\/wp-json\/wp\/v2\/comments?post=42927"}],"version-history":[{"count":11,"href":"https:\/\/bien-etreiris.ch\/de\/wp-json\/wp\/v2\/pages\/42927\/revisions"}],"predecessor-version":[{"id":56471,"href":"https:\/\/bien-etreiris.ch\/de\/wp-json\/wp\/v2\/pages\/42927\/revisions\/56471"}],"up":[{"embeddable":true,"href":"https:\/\/bien-etreiris.ch\/de\/wp-json\/wp\/v2\/pages\/98233"}],"wp:featuredmedia":[{"embeddable":true,"href":"https:\/\/bien-etreiris.ch\/de\/wp-json\/wp\/v2\/media\/89246"}],"wp:attachment":[{"href":"https:\/\/bien-etreiris.ch\/de\/wp-json\/wp\/v2\/media?parent=42927"}],"curies":[{"name":"wp","href":"https:\/\/api.w.org\/{rel}","templated":true}]}}