{"id":42848,"date":"2021-04-21T08:08:14","date_gmt":"2021-04-21T06:08:14","guid":{"rendered":"https:\/\/bien-etreiris.ch\/?page_id=42848"},"modified":"2021-04-26T08:27:58","modified_gmt":"2021-04-26T06:27:58","slug":"paranuesse","status":"publish","type":"page","link":"https:\/\/bien-etreiris.ch\/de\/produktpraesentation\/gesundes-leben\/gesunde-lebensmittel\/superfoods\/nuesse\/paranuesse\/","title":{"rendered":"PARAN\u00dcSSE"},"content":{"rendered":"\n<h1 data-v-39e6ef6c=\"\" data-v-00ece6c5=\"\"><a href=\"https:\/\/bien-etreiris.ch\/wp-content\/uploads\/2021\/04\/Noix-du-Bresil-grand-plan.png\"><img loading=\"lazy\" decoding=\"async\" class=\"size-medium wp-image-42841 aligncenter\" src=\"https:\/\/bien-etreiris.ch\/wp-content\/uploads\/2021\/04\/Noix-du-Bresil-grand-plan-300x300.png\" alt=\"\" width=\"300\" height=\"300\" srcset=\"https:\/\/bien-etreiris.ch\/wp-content\/uploads\/2021\/04\/Noix-du-Bresil-grand-plan-300x300.png 300w, https:\/\/bien-etreiris.ch\/wp-content\/uploads\/2021\/04\/Noix-du-Bresil-grand-plan-150x150.png 150w, https:\/\/bien-etreiris.ch\/wp-content\/uploads\/2021\/04\/Noix-du-Bresil-grand-plan.png 500w\" sizes=\"auto, (max-width: 300px) 100vw, 300px\" \/><\/a><\/h1>\n<h2 class=\"p-product-details__title bip-typography--headline2\"><span data-v-39e6ef6c=\"\" data-v-00ece6c5=\"\">Paran\u00fcsse<br><\/span><\/h2>\n<p><span class=\"ILfuVd\"><span class=\"hgKElc\">Comme la plupart des <b>noix<\/b>, la&nbsp;Paran\u00fcsse contient une quantit\u00e9 appr\u00e9ciable de fibres. Les fibres ont diff\u00e9rents r\u00f4les \u00e0 jouer au niveau physiologique y compris la r\u00e9gularisation de la fonction gastro-intestinale, la diminution des taux de cholest\u00e9rol ainsi que la gestion de la glyc\u00e9mie (taux de sucre dans le sang).<\/span><\/span><\/p>\n<p><a href=\"https:\/\/bien-etreiris.ch\/wp-content\/uploads\/2021\/04\/Noix-du-Bresil.png\"><img loading=\"lazy\" decoding=\"async\" class=\"alignleft wp-image-42844 size-full\" src=\"https:\/\/bien-etreiris.ch\/wp-content\/uploads\/2021\/04\/Noix-du-Bresil.png\" alt=\"\" width=\"360\" height=\"240\" srcset=\"https:\/\/bien-etreiris.ch\/wp-content\/uploads\/2021\/04\/Noix-du-Bresil.png 360w, https:\/\/bien-etreiris.ch\/wp-content\/uploads\/2021\/04\/Noix-du-Bresil-300x200.png 300w\" sizes=\"auto, (max-width: 360px) 100vw, 360px\" \/><\/a><\/p>\n<p>&nbsp;<\/p>\n<p class=\"p-product-details__title bip-typography--headline2\"><strong>Noix du Br\u00e9sil BIO<\/strong><\/p>\n<p class=\"p-product-details__title bip-typography--headline2\"><strong>d\u00e9cortiqu\u00e9es bourgeon<\/strong><\/p>\n<p>vendu en vrac les 50 g<strong> CHF 1.25<\/strong><\/p>\n<p>&nbsp;<\/p>\n<p>&nbsp;<\/p>\n<p>&nbsp;<\/p>\n<h4><b>Sa teneur en S\u00e9l\u00e9nium :<\/b><\/h4>\n<p>Sa teneur en s\u00e9l\u00e9nium est exceptionnelle, plus que n'importe quel autre aliment, en effet, 2 belles noix apportent la quantit\u00e9 quotidienne recommand\u00e9e en s\u00e9l\u00e9nium, soit environ 200 mcg.<\/p>\n<p>Son effet antioxydant fait que le s\u00e9l\u00e9nium permet de pr\u00e9venir les dommages cellulaires li\u00e9s aux radicaux libres, ainsi que les maladies engendr\u00e9es par un <b>vieillissement pr\u00e9coce<\/b> : cancers, Alzheimer, etc. Le s\u00e9l\u00e9nium joue \u00e9galement un r\u00f4le important dans la pr\u00e9vention des maladies cardiaques et r\u00e9duit le risque d\u2019inflammation et de douleurs au niveau des articulations.<\/p>\n<h4><b>Sa richesse en Vitamine E :<\/b><\/h4>\n<p>La noix du Br\u00e9sil est riche en vitamines E (7 mg\/100 g), dont l'activit\u00e9 antioxydante se joue en partenariat avec le s\u00e9l\u00e9nium. Elle apporte donc tous les bienfaits des antioxydants, ainsi que des vertus <b>anti-inflammatoires, antiplaquettaires et vasodilatatrices, favorisant une bonne circulation sanguine.<\/b><\/p>\n<h4><b> Faites le plein de fibres :<\/b><\/h4>\n<p>Comme tous les fruits secs, sont les noix du Br\u00e9sil riches en fibres : 8,3 g\/ 100 g. Les fibres entra\u00eenent de nombreux bienfaits sur l'organisme : r\u00e9gulation de la digestion, du taux de \"mauvais\" cholest\u00e9rol, de la glyc\u00e9mie, mais aussi <b>protection contre le cancer du c\u00f4lon.<\/b> Elles procurent un sentiment de sati\u00e9t\u00e9 ce qui peut aider lors d'un <b>r\u00e9gime minceur.<\/b><\/p>\n<h4><b> Retrouvez d'autres min\u00e9raux et vitamines :<\/b><\/h4>\n<ul style=\"list-style-type: disc;\">\n<li><strong>phosphore<\/strong> (725 mg\/100 g) : indispensable pour <b>la sant\u00e9 des os et des dents<\/b>, le maintien du pH sanguin, \u00e0 emmagasiner et produire l\u2019\u00e9nergie du corps, et \u00e0 la structure des mol\u00e9cules d\u2019ADN et d\u2019ARN.<\/li>\n<li><strong>zinc<\/strong> (4,06 mg\/100 g) : <b>indispensable \u00e0 la croissance<\/b>, au syst\u00e8me immunitaire, aux fonctions neurologiques et reproductives, \u00e0 la synth\u00e8se de l\u2019ADN, de l\u2019ARN et des prot\u00e9ines, \u00e0 la r\u00e9gulation de l'humeur, \u00e0 la bonne sant\u00e9 visuelle, au go\u00fbt et l'odorat. C'est aussi un min\u00e9ral essentiel au processus de la coagulation sanguine, aux fonctions de l\u2019hormone thyro\u00efdienne, et au m\u00e9tabolisme de l\u2019insuline.<\/li>\n<li><strong>magn\u00e9sium<\/strong> (376 mg\/100 g) : acteur de plus de 300 r\u00e9actions m\u00e9taboliques dans le corps, essentiel \u00e0 la bonne sant\u00e9 des os, des dents, des muscles, du foie, etc. Le magn\u00e9sium est connu pour son action sur <b>le syst\u00e8me nerveux et son effet relaxant musculaire<\/b>. Il est indispensable au syst\u00e8me cardio-vasculaire, \u00e0 la r\u00e9gulation de la glyc\u00e9mie et de la tension art\u00e9rielle.<\/li>\n<\/ul>\n<p>&nbsp;<\/p>\n","protected":false},"excerpt":{"rendered":"<p>Paran\u00fcsse Comme la plupart des noix, la&nbsp;Paran\u00fcsse contient une quantit\u00e9 appr\u00e9ciable de fibres. Les fibres ont diff\u00e9rents r\u00f4les \u00e0 jouer au niveau physiologique y compris la r\u00e9gularisation de la fonction gastro-intestinale, la diminution des taux de cholest\u00e9rol ainsi que la gestion de la glyc\u00e9mie (taux de sucre dans le sang). &nbsp; Noix du Br\u00e9sil BIO d\u00e9cortiqu\u00e9es bourgeon vendu en vrac&nbsp;<a href=\"https:\/\/bien-etreiris.ch\/de\/produktpraesentation\/gesundes-leben\/gesunde-lebensmittel\/superfoods\/nuesse\/paranuesse\/\" class=\"read-more\">Weiter lesen<\/a><\/p>\n","protected":false},"author":1,"featured_media":42840,"parent":44775,"menu_order":5948,"comment_status":"closed","ping_status":"closed","template":"page-with-child.php","meta":{"_acf_changed":false,"ngg_post_thumbnail":0,"footnotes":""},"class_list":["post-42848","page","type-page","status-publish","has-post-thumbnail","hentry"],"acf":[],"yoast_head":"<!-- This site is optimized with the Yoast SEO plugin v27.5 - https:\/\/yoast.com\/product\/yoast-seo-wordpress\/ -->\n<title>PARAN\u00dcSSE - WOHLBEFINDEN<\/title>\n<meta name=\"robots\" content=\"index, follow, max-snippet:-1, max-image-preview:large, max-video-preview:-1\" \/>\n<link rel=\"canonical\" href=\"https:\/\/bien-etreiris.ch\/de\/produktpraesentation\/gesundes-leben\/gesunde-lebensmittel\/superfoods\/nuesse\/paranuesse\/\" \/>\n<meta property=\"og:locale\" content=\"de_DE\" \/>\n<meta property=\"og:type\" content=\"article\" \/>\n<meta property=\"og:title\" content=\"PARAN\u00dcSSE - WOHLBEFINDEN\" \/>\n<meta property=\"og:description\" content=\"Paran\u00fcsse Comme la plupart des noix, la&nbsp;Paran\u00fcsse contient une quantit\u00e9 appr\u00e9ciable de fibres. Les fibres ont diff\u00e9rents r\u00f4les \u00e0 jouer au niveau physiologique y compris la r\u00e9gularisation de la fonction gastro-intestinale, la diminution des taux de cholest\u00e9rol ainsi que la gestion de la glyc\u00e9mie (taux de sucre dans le sang). &nbsp; Noix du Br\u00e9sil BIO d\u00e9cortiqu\u00e9es bourgeon vendu en vrac&nbsp;Weiter lesen\" \/>\n<meta property=\"og:url\" content=\"https:\/\/bien-etreiris.ch\/de\/produktpraesentation\/gesundes-leben\/gesunde-lebensmittel\/superfoods\/nuesse\/paranuesse\/\" \/>\n<meta property=\"og:site_name\" content=\"WOHLBEFINDEN\" \/>\n<meta property=\"article:publisher\" content=\"https:\/\/www.facebook.com\/bienetreiris\/\" \/>\n<meta property=\"article:modified_time\" content=\"2021-04-26T06:27:58+00:00\" \/>\n<meta property=\"og:image\" content=\"https:\/\/bien-etreiris.ch\/wp-content\/uploads\/2021\/04\/acceuil-noix-du-Bresil.png\" \/>\n\t<meta property=\"og:image:width\" content=\"500\" \/>\n\t<meta property=\"og:image:height\" content=\"333\" \/>\n\t<meta property=\"og:image:type\" content=\"image\/png\" \/>\n<meta name=\"twitter:label1\" content=\"Gesch\u00e4tzte Lesezeit\" \/>\n\t<meta name=\"twitter:data1\" content=\"3\u00a0Minuten\" \/>\n<script type=\"application\/ld+json\" class=\"yoast-schema-graph\">{\"@context\":\"https:\\\/\\\/schema.org\",\"@graph\":[{\"@type\":\"WebPage\",\"@id\":\"https:\\\/\\\/bien-etreiris.ch\\\/de\\\/produktpraesentation\\\/gesundes-leben\\\/gesunde-lebensmittel\\\/superfoods\\\/nuesse\\\/paranuesse\\\/\",\"url\":\"https:\\\/\\\/bien-etreiris.ch\\\/de\\\/produktpraesentation\\\/gesundes-leben\\\/gesunde-lebensmittel\\\/superfoods\\\/nuesse\\\/paranuesse\\\/\",\"name\":\"PARAN\u00dcSSE - WOHLBEFINDEN\",\"isPartOf\":{\"@id\":\"https:\\\/\\\/bien-etreiris.ch\\\/de\\\/#website\"},\"primaryImageOfPage\":{\"@id\":\"https:\\\/\\\/bien-etreiris.ch\\\/de\\\/produktpraesentation\\\/gesundes-leben\\\/gesunde-lebensmittel\\\/superfoods\\\/nuesse\\\/paranuesse\\\/#primaryimage\"},\"image\":{\"@id\":\"https:\\\/\\\/bien-etreiris.ch\\\/de\\\/produktpraesentation\\\/gesundes-leben\\\/gesunde-lebensmittel\\\/superfoods\\\/nuesse\\\/paranuesse\\\/#primaryimage\"},\"thumbnailUrl\":\"https:\\\/\\\/bien-etreiris.ch\\\/wp-content\\\/uploads\\\/2021\\\/04\\\/acceuil-noix-du-Bresil.png\",\"datePublished\":\"2021-04-21T06:08:14+00:00\",\"dateModified\":\"2021-04-26T06:27:58+00:00\",\"breadcrumb\":{\"@id\":\"https:\\\/\\\/bien-etreiris.ch\\\/de\\\/produktpraesentation\\\/gesundes-leben\\\/gesunde-lebensmittel\\\/superfoods\\\/nuesse\\\/paranuesse\\\/#breadcrumb\"},\"inLanguage\":\"de\",\"potentialAction\":[{\"@type\":\"ReadAction\",\"target\":[\"https:\\\/\\\/bien-etreiris.ch\\\/de\\\/produktpraesentation\\\/gesundes-leben\\\/gesunde-lebensmittel\\\/superfoods\\\/nuesse\\\/paranuesse\\\/\"]}]},{\"@type\":\"ImageObject\",\"inLanguage\":\"de\",\"@id\":\"https:\\\/\\\/bien-etreiris.ch\\\/de\\\/produktpraesentation\\\/gesundes-leben\\\/gesunde-lebensmittel\\\/superfoods\\\/nuesse\\\/paranuesse\\\/#primaryimage\",\"url\":\"https:\\\/\\\/bien-etreiris.ch\\\/wp-content\\\/uploads\\\/2021\\\/04\\\/acceuil-noix-du-Bresil.png\",\"contentUrl\":\"https:\\\/\\\/bien-etreiris.ch\\\/wp-content\\\/uploads\\\/2021\\\/04\\\/acceuil-noix-du-Bresil.png\",\"width\":500,\"height\":333},{\"@type\":\"BreadcrumbList\",\"@id\":\"https:\\\/\\\/bien-etreiris.ch\\\/de\\\/produktpraesentation\\\/gesundes-leben\\\/gesunde-lebensmittel\\\/superfoods\\\/nuesse\\\/paranuesse\\\/#breadcrumb\",\"itemListElement\":[{\"@type\":\"ListItem\",\"position\":1,\"name\":\"Home\",\"item\":\"https:\\\/\\\/bien-etreiris.ch\\\/de\\\/\"},{\"@type\":\"ListItem\",\"position\":2,\"name\":\"PRODUKTPR\u00c4SENTATION\",\"item\":\"https:\\\/\\\/bien-etreiris.ch\\\/de\\\/produktpraesentation\\\/\"},{\"@type\":\"ListItem\",\"position\":3,\"name\":\"GESUNDES LEBEN\",\"item\":\"https:\\\/\\\/bien-etreiris.ch\\\/de\\\/produktpraesentation\\\/gesundes-leben\\\/\"},{\"@type\":\"ListItem\",\"position\":4,\"name\":\"GESUNDE LEBENSMITTEL\",\"item\":\"https:\\\/\\\/bien-etreiris.ch\\\/de\\\/produktpraesentation\\\/gesundes-leben\\\/gesunde-lebensmittel\\\/\"},{\"@type\":\"ListItem\",\"position\":5,\"name\":\"SUPERFOODS\",\"item\":\"https:\\\/\\\/bien-etreiris.ch\\\/de\\\/produktpraesentation\\\/gesundes-leben\\\/gesunde-lebensmittel\\\/superfoods\\\/\"},{\"@type\":\"ListItem\",\"position\":6,\"name\":\"N\u00dcSSE\",\"item\":\"https:\\\/\\\/bien-etreiris.ch\\\/de\\\/produktpraesentation\\\/gesundes-leben\\\/gesunde-lebensmittel\\\/superfoods\\\/nuesse\\\/\"},{\"@type\":\"ListItem\",\"position\":7,\"name\":\"PARAN\u00dcSSE\"}]},{\"@type\":\"WebSite\",\"@id\":\"https:\\\/\\\/bien-etreiris.ch\\\/de\\\/#website\",\"url\":\"https:\\\/\\\/bien-etreiris.ch\\\/de\\\/\",\"name\":\"Bien-\u00eatre Iris\",\"description\":\"IHRE Gesundheit ist uns wichtig\",\"potentialAction\":[{\"@type\":\"SearchAction\",\"target\":{\"@type\":\"EntryPoint\",\"urlTemplate\":\"https:\\\/\\\/bien-etreiris.ch\\\/de\\\/?s={search_term_string}\"},\"query-input\":{\"@type\":\"PropertyValueSpecification\",\"valueRequired\":true,\"valueName\":\"search_term_string\"}}],\"inLanguage\":\"de\"}]}<\/script>\n<!-- \/ Yoast SEO plugin. -->","yoast_head_json":{"title":"PARAN\u00dcSSE - WOHLBEFINDEN","robots":{"index":"index","follow":"follow","max-snippet":"max-snippet:-1","max-image-preview":"max-image-preview:large","max-video-preview":"max-video-preview:-1"},"canonical":"https:\/\/bien-etreiris.ch\/de\/produktpraesentation\/gesundes-leben\/gesunde-lebensmittel\/superfoods\/nuesse\/paranuesse\/","og_locale":"de_DE","og_type":"article","og_title":"PARAN\u00dcSSE - WOHLBEFINDEN","og_description":"Paran\u00fcsse Comme la plupart des noix, la&nbsp;Paran\u00fcsse contient une quantit\u00e9 appr\u00e9ciable de fibres. Les fibres ont diff\u00e9rents r\u00f4les \u00e0 jouer au niveau physiologique y compris la r\u00e9gularisation de la fonction gastro-intestinale, la diminution des taux de cholest\u00e9rol ainsi que la gestion de la glyc\u00e9mie (taux de sucre dans le sang). &nbsp; Noix du Br\u00e9sil BIO d\u00e9cortiqu\u00e9es bourgeon vendu en vrac&nbsp;Weiter lesen","og_url":"https:\/\/bien-etreiris.ch\/de\/produktpraesentation\/gesundes-leben\/gesunde-lebensmittel\/superfoods\/nuesse\/paranuesse\/","og_site_name":"WOHLBEFINDEN","article_publisher":"https:\/\/www.facebook.com\/bienetreiris\/","article_modified_time":"2021-04-26T06:27:58+00:00","og_image":[{"width":500,"height":333,"url":"https:\/\/bien-etreiris.ch\/wp-content\/uploads\/2021\/04\/acceuil-noix-du-Bresil.png","type":"image\/png"}],"twitter_misc":{"Gesch\u00e4tzte Lesezeit":"3\u00a0Minuten"},"schema":{"@context":"https:\/\/schema.org","@graph":[{"@type":"WebPage","@id":"https:\/\/bien-etreiris.ch\/de\/produktpraesentation\/gesundes-leben\/gesunde-lebensmittel\/superfoods\/nuesse\/paranuesse\/","url":"https:\/\/bien-etreiris.ch\/de\/produktpraesentation\/gesundes-leben\/gesunde-lebensmittel\/superfoods\/nuesse\/paranuesse\/","name":"PARAN\u00dcSSE - WOHLBEFINDEN","isPartOf":{"@id":"https:\/\/bien-etreiris.ch\/de\/#website"},"primaryImageOfPage":{"@id":"https:\/\/bien-etreiris.ch\/de\/produktpraesentation\/gesundes-leben\/gesunde-lebensmittel\/superfoods\/nuesse\/paranuesse\/#primaryimage"},"image":{"@id":"https:\/\/bien-etreiris.ch\/de\/produktpraesentation\/gesundes-leben\/gesunde-lebensmittel\/superfoods\/nuesse\/paranuesse\/#primaryimage"},"thumbnailUrl":"https:\/\/bien-etreiris.ch\/wp-content\/uploads\/2021\/04\/acceuil-noix-du-Bresil.png","datePublished":"2021-04-21T06:08:14+00:00","dateModified":"2021-04-26T06:27:58+00:00","breadcrumb":{"@id":"https:\/\/bien-etreiris.ch\/de\/produktpraesentation\/gesundes-leben\/gesunde-lebensmittel\/superfoods\/nuesse\/paranuesse\/#breadcrumb"},"inLanguage":"de","potentialAction":[{"@type":"ReadAction","target":["https:\/\/bien-etreiris.ch\/de\/produktpraesentation\/gesundes-leben\/gesunde-lebensmittel\/superfoods\/nuesse\/paranuesse\/"]}]},{"@type":"ImageObject","inLanguage":"de","@id":"https:\/\/bien-etreiris.ch\/de\/produktpraesentation\/gesundes-leben\/gesunde-lebensmittel\/superfoods\/nuesse\/paranuesse\/#primaryimage","url":"https:\/\/bien-etreiris.ch\/wp-content\/uploads\/2021\/04\/acceuil-noix-du-Bresil.png","contentUrl":"https:\/\/bien-etreiris.ch\/wp-content\/uploads\/2021\/04\/acceuil-noix-du-Bresil.png","width":500,"height":333},{"@type":"BreadcrumbList","@id":"https:\/\/bien-etreiris.ch\/de\/produktpraesentation\/gesundes-leben\/gesunde-lebensmittel\/superfoods\/nuesse\/paranuesse\/#breadcrumb","itemListElement":[{"@type":"ListItem","position":1,"name":"Home","item":"https:\/\/bien-etreiris.ch\/de\/"},{"@type":"ListItem","position":2,"name":"PRODUKTPR\u00c4SENTATION","item":"https:\/\/bien-etreiris.ch\/de\/produktpraesentation\/"},{"@type":"ListItem","position":3,"name":"GESUNDES LEBEN","item":"https:\/\/bien-etreiris.ch\/de\/produktpraesentation\/gesundes-leben\/"},{"@type":"ListItem","position":4,"name":"GESUNDE LEBENSMITTEL","item":"https:\/\/bien-etreiris.ch\/de\/produktpraesentation\/gesundes-leben\/gesunde-lebensmittel\/"},{"@type":"ListItem","position":5,"name":"SUPERFOODS","item":"https:\/\/bien-etreiris.ch\/de\/produktpraesentation\/gesundes-leben\/gesunde-lebensmittel\/superfoods\/"},{"@type":"ListItem","position":6,"name":"N\u00dcSSE","item":"https:\/\/bien-etreiris.ch\/de\/produktpraesentation\/gesundes-leben\/gesunde-lebensmittel\/superfoods\/nuesse\/"},{"@type":"ListItem","position":7,"name":"PARAN\u00dcSSE"}]},{"@type":"WebSite","@id":"https:\/\/bien-etreiris.ch\/de\/#website","url":"https:\/\/bien-etreiris.ch\/de\/","name":"Bien-\u00eatre Iris","description":"IHRE Gesundheit ist uns wichtig","potentialAction":[{"@type":"SearchAction","target":{"@type":"EntryPoint","urlTemplate":"https:\/\/bien-etreiris.ch\/de\/?s={search_term_string}"},"query-input":{"@type":"PropertyValueSpecification","valueRequired":true,"valueName":"search_term_string"}}],"inLanguage":"de"}]}},"_links":{"self":[{"href":"https:\/\/bien-etreiris.ch\/de\/wp-json\/wp\/v2\/pages\/42848","targetHints":{"allow":["GET"]}}],"collection":[{"href":"https:\/\/bien-etreiris.ch\/de\/wp-json\/wp\/v2\/pages"}],"about":[{"href":"https:\/\/bien-etreiris.ch\/de\/wp-json\/wp\/v2\/types\/page"}],"author":[{"embeddable":true,"href":"https:\/\/bien-etreiris.ch\/de\/wp-json\/wp\/v2\/users\/1"}],"replies":[{"embeddable":true,"href":"https:\/\/bien-etreiris.ch\/de\/wp-json\/wp\/v2\/comments?post=42848"}],"version-history":[{"count":5,"href":"https:\/\/bien-etreiris.ch\/de\/wp-json\/wp\/v2\/pages\/42848\/revisions"}],"predecessor-version":[{"id":42932,"href":"https:\/\/bien-etreiris.ch\/de\/wp-json\/wp\/v2\/pages\/42848\/revisions\/42932"}],"up":[{"embeddable":true,"href":"https:\/\/bien-etreiris.ch\/de\/wp-json\/wp\/v2\/pages\/44775"}],"wp:featuredmedia":[{"embeddable":true,"href":"https:\/\/bien-etreiris.ch\/de\/wp-json\/wp\/v2\/media\/42840"}],"wp:attachment":[{"href":"https:\/\/bien-etreiris.ch\/de\/wp-json\/wp\/v2\/media?parent=42848"}],"curies":[{"name":"wp","href":"https:\/\/api.w.org\/{rel}","templated":true}]}}