{"id":42800,"date":"2021-04-20T18:10:00","date_gmt":"2021-04-20T16:10:00","guid":{"rendered":"https:\/\/bien-etreiris.ch\/?page_id=42800"},"modified":"2021-05-27T16:41:58","modified_gmt":"2021-05-27T14:41:58","slug":"baumnuesse","status":"publish","type":"page","link":"https:\/\/bien-etreiris.ch\/de\/produktpraesentation\/gesundes-leben\/gesunde-lebensmittel\/superfoods\/nuesse\/baumnuesse\/","title":{"rendered":"BAUMN\u00dcSSE"},"content":{"rendered":"\n<h2><a href=\"https:\/\/bien-etreiris.ch\/wp-content\/uploads\/2021\/04\/noix-de-grenoble-grand-plan.png\"><img loading=\"lazy\" decoding=\"async\" class=\"size-medium wp-image-42792 aligncenter\" src=\"https:\/\/bien-etreiris.ch\/wp-content\/uploads\/2021\/04\/noix-de-grenoble-grand-plan-300x300.png\" alt=\"\" width=\"300\" height=\"300\" srcset=\"https:\/\/bien-etreiris.ch\/wp-content\/uploads\/2021\/04\/noix-de-grenoble-grand-plan-300x300.png 300w, https:\/\/bien-etreiris.ch\/wp-content\/uploads\/2021\/04\/noix-de-grenoble-grand-plan-150x150.png 150w, https:\/\/bien-etreiris.ch\/wp-content\/uploads\/2021\/04\/noix-de-grenoble-grand-plan.png 500w\" sizes=\"auto, (max-width: 300px) 100vw, 300px\" \/><\/a>Baumn\u00fcsse aus Grenoble<\/h2>\n<div class=\"wDYxhc\" data-md=\"61\" lang=\"fr-CH\">\n<div class=\"LGOjhe\" role=\"heading\" data-attrid=\"wa:\/description\" aria-level=\"3\" data-hveid=\"CA4QAA\"><span class=\"ILfuVd\"><span class=\"hgKElc\">Eine kleine Schale voller Vorteile!<br>Der Verzehr von 7 Waln\u00fcssen pro Tag hilft, die Elastizit\u00e4t der Blutgef\u00e4\u00dfe zu verbessern und tr\u00e4gt dank der zahlreichen Alpha-Linolens\u00e4uren (Omega 3) zur Aufrechterhaltung eines normalen Cholesterinspiegels im Blut bei.<\/span><\/span><\/div>\n<\/div>\n<div role=\"heading\" data-attrid=\"wa:\/description\" aria-level=\"3\" data-hveid=\"CA4QAA\">&nbsp;<\/div>\n<div role=\"heading\" data-attrid=\"wa:\/description\" aria-level=\"3\" data-hveid=\"CA4QAA\">&nbsp;<\/div>\n<p><a href=\"https:\/\/bien-etreiris.ch\/wp-content\/uploads\/2021\/04\/noix-de-grenoble-2.png\"><img loading=\"lazy\" decoding=\"async\" class=\"wp-image-42801 alignleft\" src=\"https:\/\/bien-etreiris.ch\/wp-content\/uploads\/2021\/04\/noix-de-grenoble-2-300x179.png\" alt=\"\" width=\"400\" height=\"238\" srcset=\"https:\/\/bien-etreiris.ch\/wp-content\/uploads\/2021\/04\/noix-de-grenoble-2-300x179.png 300w, https:\/\/bien-etreiris.ch\/wp-content\/uploads\/2021\/04\/noix-de-grenoble-2.png 500w\" sizes=\"auto, (max-width: 400px) 100vw, 400px\" \/><\/a><\/p>\n<p>&nbsp;<\/p>\n<p>&nbsp;<\/p>\n<p>Noix de Grenoble BIO<\/p>\n<p>vendu en vrac&nbsp; 50 g<strong> CHF 0.65<\/strong><\/p>\n<p>&nbsp;<\/p>\n<p>&nbsp;<\/p>\n<p>&nbsp;<\/p>\n<h4>Caract\u00e9ristiques de la noix<\/h4>\n<ul style=\"list-style-type: disc;\">\n<li>Excellente source d\u2019Om\u00e9ga-3 ;<\/li>\n<li>Riche en fibres alimentaires ;<\/li>\n<li>Source de prot\u00e9ines v\u00e9g\u00e9tales ;<\/li>\n<li>Favorise la sant\u00e9 cardiovasculaire ;<\/li>\n<li>Bonne source de vitamines et min\u00e9raux.<\/li>\n<\/ul>\n<h2>&nbsp;<\/h2>\n<div>\n<p>Parmi les nutriments pr\u00e9sents en bonne quantit\u00e9 dans les noix, nous pouvons citer les suivants :<\/p>\n<\/div>\n<div>\n<ul style=\"list-style-type: disc;\">\n<li>Mangan\u00e8se : la noix est une&nbsp;excellente source&nbsp;de mangan\u00e8se. Le mangan\u00e8se agit comme&nbsp;cofacteur&nbsp;de plusieurs&nbsp;enzymes&nbsp;qui facilitent une douzaine de diff\u00e9rents processus m\u00e9taboliques. Il participe \u00e9galement \u00e0 la pr\u00e9vention des dommages caus\u00e9s par les&nbsp;radicaux libres ;<\/li>\n<li>Phosphore : la noix est une source de phosphore (voir notre fiche&nbsp;Palmar\u00e8s des nutriments Phosphore). Le phosphore constitue le deuxi\u00e8me min\u00e9ral le plus abondant de l\u2019organisme apr\u00e8s le calcium. Il joue un r\u00f4le essentiel dans la formation et le maintien de la sant\u00e9 des os et des dents. De plus, il participe entre autres \u00e0 la croissance et \u00e0 la r\u00e9g\u00e9n\u00e9rescence des tissus et aide \u00e0 maintenir \u00e0 la normale le&nbsp;pH&nbsp;du sang. Finalement, le phosphore est l\u2019un des constituants des membranes cellulaires ;<\/li>\n<li>Magn\u00e9sium : la noix est une source de magn\u00e9sium. Le magn\u00e9sium participe au d\u00e9veloppement osseux, \u00e0 la construction des prot\u00e9ines, aux actions enzymatiques, \u00e0 la contraction musculaire, \u00e0 la sant\u00e9 dentaire et au fonctionnement du syst\u00e8me immunitaire. Il joue aussi un r\u00f4le dans le m\u00e9tabolisme de l\u2019\u00e9nergie et dans la transmission de l\u2019influx nerveux ;<\/li>\n<li>Fer : la noix est une source de fer pour l\u2019homme seulement. Chaque cellule du corps contient du fer. Ce min\u00e9ral est essentiel au transport de l\u2019oxyg\u00e8ne et \u00e0 la formation des globules rouges dans le sang. Il joue aussi un r\u00f4le dans la fabrication de nouvelles cellules, d\u2019hormones et de neurotransmetteurs (messagers dans l\u2019influx nerveux). Il est \u00e0 noter que le fer contenu dans les v\u00e9g\u00e9taux (par exemple dans la noix) est moins bien absorb\u00e9 par l\u2019organisme que le fer d\u2019origine animale. Toutefois, l\u2019absorption du fer des v\u00e9g\u00e9taux est favoris\u00e9e si on le consomme avec certains nutriments telle la vitamine C ;<\/li>\n<li>Zinc : la noix est une source de zinc. Le zinc participe notamment aux r\u00e9actions immunitaires, \u00e0 la fabrication du mat\u00e9riel g\u00e9n\u00e9tique, \u00e0 la perception du go\u00fbt, \u00e0 la cicatrisation des plaies et au d\u00e9veloppement du foetus. Il interagit \u00e9galement avec les hormones sexuelles et thyro\u00efdiennes. Dans le pancr\u00e9as, il collabore \u00e0 la synth\u00e8se (fabrication), \u00e0 la mise en r\u00e9serve et \u00e0 la lib\u00e9ration de l\u2019insuline ;<\/li>\n<li>Cuivre : la noix est une source de cuivre. En tant que constituant de plusieurs enzymes, le cuivre est n\u00e9cessaire \u00e0 la formation de l\u2019h\u00e9moglobine et du collag\u00e8ne (prot\u00e9ine servant \u00e0 la structure et \u00e0 la r\u00e9paration des tissus) dans l\u2019organisme. Plusieurs enzymes contenant du cuivre contribuent \u00e9galement \u00e0 la d\u00e9fense du corps contre les radicaux libres ;<\/li>\n<li>Vitamine&nbsp;B1 : la noix est une source de vitamine B1. Aussi appel\u00e9e thiamine, la vitamine&nbsp;B1 fait partie d'un&nbsp;coenzyme&nbsp;n\u00e9cessaire \u00e0 la production d'\u00e9nergie principalement \u00e0 partir des glucides que nous ing\u00e9rons. Elle participe aussi \u00e0 la transmission de l'influx nerveux et favorise une croissance normale ;<\/li>\n<li>Vitamine&nbsp;B6 : la noix est une source de vitamine B6. La vitamine&nbsp;B6, aussi appel\u00e9e pyridoxine, fait partie de coenzymes qui participent au m\u00e9tabolisme des prot\u00e9ines et des acides gras ainsi qu\u2019\u00e0 la synth\u00e8se (fabrication) des neurotransmetteurs (messagers dans l\u2019influx nerveux). Elle contribue \u00e9galement \u00e0 la fabrication des globules rouges et leur permet de transporter davantage d\u2019oxyg\u00e8ne. La pyridoxine est aussi n\u00e9cessaire \u00e0 la transformation du&nbsp;glycog\u00e8ne&nbsp;en glucose et elle contribue au bon fonctionnement du syst\u00e8me immunitaire. Cette vitamine joue enfin un r\u00f4le dans la formation de certaines composantes des cellules nerveuses et dans la modulation de r\u00e9cepteurs hormonaux ;<\/li>\n<li>Folate : la noix est une source de folate. Le folate (vitamine B9) participe \u00e0 la fabrication de toutes les cellules du corps, dont les globules rouges. Cette vitamine joue un r\u00f4le essentiel dans la production du mat\u00e9riel g\u00e9n\u00e9tique (ADN, ARN), dans le fonctionnement du syst\u00e8me nerveux et du syst\u00e8me immunitaire, ainsi que dans la cicatrisation des blessures et des plaies. Comme elle est n\u00e9cessaire \u00e0 la production des nouvelles cellules, une consommation ad\u00e9quate est primordiale durant les p\u00e9riodes de croissance et pour le d\u00e9veloppement du f\u0153tus.<\/li>\n<\/ul>\n<\/div>\n","protected":false},"excerpt":{"rendered":"<p>Baumn\u00fcsse aus Grenoble Eine kleine Schale voller Vorteile!Der Verzehr von 7 Waln\u00fcssen pro Tag hilft, die Elastizit\u00e4t der Blutgef\u00e4\u00dfe zu verbessern und tr\u00e4gt dank der zahlreichen Alpha-Linolens\u00e4uren (Omega 3) zur Aufrechterhaltung eines normalen Cholesterinspiegels im Blut bei. &nbsp; &nbsp; &nbsp; &nbsp; Noix de Grenoble BIO vendu en vrac&nbsp; 50 g CHF 0.65 &nbsp; &nbsp; &nbsp; Caract\u00e9ristiques de la noix Excellente&nbsp;<a href=\"https:\/\/bien-etreiris.ch\/de\/produktpraesentation\/gesundes-leben\/gesunde-lebensmittel\/superfoods\/nuesse\/baumnuesse\/\" class=\"read-more\">Weiter lesen<\/a><\/p>\n","protected":false},"author":1,"featured_media":42797,"parent":44775,"menu_order":5954,"comment_status":"closed","ping_status":"closed","template":"page-with-child.php","meta":{"_acf_changed":false,"ngg_post_thumbnail":0,"footnotes":""},"class_list":["post-42800","page","type-page","status-publish","has-post-thumbnail","hentry"],"acf":[],"yoast_head":"<!-- This site is optimized with the Yoast SEO plugin v27.5 - https:\/\/yoast.com\/product\/yoast-seo-wordpress\/ -->\n<title>BAUMN\u00dcSSE - WOHLBEFINDEN<\/title>\n<meta name=\"robots\" content=\"index, follow, max-snippet:-1, max-image-preview:large, max-video-preview:-1\" \/>\n<link rel=\"canonical\" href=\"https:\/\/bien-etreiris.ch\/de\/produktpraesentation\/gesundes-leben\/gesunde-lebensmittel\/superfoods\/nuesse\/baumnuesse\/\" \/>\n<meta property=\"og:locale\" content=\"de_DE\" \/>\n<meta property=\"og:type\" content=\"article\" \/>\n<meta property=\"og:title\" content=\"BAUMN\u00dcSSE - WOHLBEFINDEN\" \/>\n<meta property=\"og:description\" content=\"Baumn\u00fcsse aus Grenoble Eine kleine Schale voller Vorteile!Der Verzehr von 7 Waln\u00fcssen pro Tag hilft, die Elastizit\u00e4t der Blutgef\u00e4\u00dfe zu verbessern und tr\u00e4gt dank der zahlreichen Alpha-Linolens\u00e4uren (Omega 3) zur Aufrechterhaltung eines normalen Cholesterinspiegels im Blut bei. &nbsp; &nbsp; &nbsp; &nbsp; Noix de Grenoble BIO vendu en vrac&nbsp; 50 g CHF 0.65 &nbsp; &nbsp; &nbsp; Caract\u00e9ristiques de la noix Excellente&nbsp;Weiter lesen\" \/>\n<meta property=\"og:url\" content=\"https:\/\/bien-etreiris.ch\/de\/produktpraesentation\/gesundes-leben\/gesunde-lebensmittel\/superfoods\/nuesse\/baumnuesse\/\" \/>\n<meta property=\"og:site_name\" content=\"WOHLBEFINDEN\" \/>\n<meta property=\"article:publisher\" content=\"https:\/\/www.facebook.com\/bienetreiris\/\" \/>\n<meta property=\"article:modified_time\" content=\"2021-05-27T14:41:58+00:00\" \/>\n<meta property=\"og:image\" content=\"https:\/\/bien-etreiris.ch\/wp-content\/uploads\/2021\/04\/acceuil-noix-de-grenoble.png\" \/>\n\t<meta property=\"og:image:width\" content=\"500\" \/>\n\t<meta property=\"og:image:height\" content=\"333\" \/>\n\t<meta property=\"og:image:type\" content=\"image\/png\" \/>\n<meta name=\"twitter:label1\" content=\"Gesch\u00e4tzte Lesezeit\" \/>\n\t<meta name=\"twitter:data1\" content=\"4\u00a0Minuten\" \/>\n<script type=\"application\/ld+json\" class=\"yoast-schema-graph\">{\"@context\":\"https:\\\/\\\/schema.org\",\"@graph\":[{\"@type\":\"WebPage\",\"@id\":\"https:\\\/\\\/bien-etreiris.ch\\\/de\\\/produktpraesentation\\\/gesundes-leben\\\/gesunde-lebensmittel\\\/superfoods\\\/nuesse\\\/baumnuesse\\\/\",\"url\":\"https:\\\/\\\/bien-etreiris.ch\\\/de\\\/produktpraesentation\\\/gesundes-leben\\\/gesunde-lebensmittel\\\/superfoods\\\/nuesse\\\/baumnuesse\\\/\",\"name\":\"BAUMN\u00dcSSE - WOHLBEFINDEN\",\"isPartOf\":{\"@id\":\"https:\\\/\\\/bien-etreiris.ch\\\/de\\\/#website\"},\"primaryImageOfPage\":{\"@id\":\"https:\\\/\\\/bien-etreiris.ch\\\/de\\\/produktpraesentation\\\/gesundes-leben\\\/gesunde-lebensmittel\\\/superfoods\\\/nuesse\\\/baumnuesse\\\/#primaryimage\"},\"image\":{\"@id\":\"https:\\\/\\\/bien-etreiris.ch\\\/de\\\/produktpraesentation\\\/gesundes-leben\\\/gesunde-lebensmittel\\\/superfoods\\\/nuesse\\\/baumnuesse\\\/#primaryimage\"},\"thumbnailUrl\":\"https:\\\/\\\/bien-etreiris.ch\\\/wp-content\\\/uploads\\\/2021\\\/04\\\/acceuil-noix-de-grenoble.png\",\"datePublished\":\"2021-04-20T16:10:00+00:00\",\"dateModified\":\"2021-05-27T14:41:58+00:00\",\"breadcrumb\":{\"@id\":\"https:\\\/\\\/bien-etreiris.ch\\\/de\\\/produktpraesentation\\\/gesundes-leben\\\/gesunde-lebensmittel\\\/superfoods\\\/nuesse\\\/baumnuesse\\\/#breadcrumb\"},\"inLanguage\":\"de\",\"potentialAction\":[{\"@type\":\"ReadAction\",\"target\":[\"https:\\\/\\\/bien-etreiris.ch\\\/de\\\/produktpraesentation\\\/gesundes-leben\\\/gesunde-lebensmittel\\\/superfoods\\\/nuesse\\\/baumnuesse\\\/\"]}]},{\"@type\":\"ImageObject\",\"inLanguage\":\"de\",\"@id\":\"https:\\\/\\\/bien-etreiris.ch\\\/de\\\/produktpraesentation\\\/gesundes-leben\\\/gesunde-lebensmittel\\\/superfoods\\\/nuesse\\\/baumnuesse\\\/#primaryimage\",\"url\":\"https:\\\/\\\/bien-etreiris.ch\\\/wp-content\\\/uploads\\\/2021\\\/04\\\/acceuil-noix-de-grenoble.png\",\"contentUrl\":\"https:\\\/\\\/bien-etreiris.ch\\\/wp-content\\\/uploads\\\/2021\\\/04\\\/acceuil-noix-de-grenoble.png\",\"width\":500,\"height\":333},{\"@type\":\"BreadcrumbList\",\"@id\":\"https:\\\/\\\/bien-etreiris.ch\\\/de\\\/produktpraesentation\\\/gesundes-leben\\\/gesunde-lebensmittel\\\/superfoods\\\/nuesse\\\/baumnuesse\\\/#breadcrumb\",\"itemListElement\":[{\"@type\":\"ListItem\",\"position\":1,\"name\":\"Home\",\"item\":\"https:\\\/\\\/bien-etreiris.ch\\\/de\\\/\"},{\"@type\":\"ListItem\",\"position\":2,\"name\":\"PRODUKTPR\u00c4SENTATION\",\"item\":\"https:\\\/\\\/bien-etreiris.ch\\\/de\\\/produktpraesentation\\\/\"},{\"@type\":\"ListItem\",\"position\":3,\"name\":\"GESUNDES LEBEN\",\"item\":\"https:\\\/\\\/bien-etreiris.ch\\\/de\\\/produktpraesentation\\\/gesundes-leben\\\/\"},{\"@type\":\"ListItem\",\"position\":4,\"name\":\"GESUNDE LEBENSMITTEL\",\"item\":\"https:\\\/\\\/bien-etreiris.ch\\\/de\\\/produktpraesentation\\\/gesundes-leben\\\/gesunde-lebensmittel\\\/\"},{\"@type\":\"ListItem\",\"position\":5,\"name\":\"SUPERFOODS\",\"item\":\"https:\\\/\\\/bien-etreiris.ch\\\/de\\\/produktpraesentation\\\/gesundes-leben\\\/gesunde-lebensmittel\\\/superfoods\\\/\"},{\"@type\":\"ListItem\",\"position\":6,\"name\":\"N\u00dcSSE\",\"item\":\"https:\\\/\\\/bien-etreiris.ch\\\/de\\\/produktpraesentation\\\/gesundes-leben\\\/gesunde-lebensmittel\\\/superfoods\\\/nuesse\\\/\"},{\"@type\":\"ListItem\",\"position\":7,\"name\":\"BAUMN\u00dcSSE\"}]},{\"@type\":\"WebSite\",\"@id\":\"https:\\\/\\\/bien-etreiris.ch\\\/de\\\/#website\",\"url\":\"https:\\\/\\\/bien-etreiris.ch\\\/de\\\/\",\"name\":\"Bien-\u00eatre Iris\",\"description\":\"IHRE Gesundheit ist uns wichtig\",\"potentialAction\":[{\"@type\":\"SearchAction\",\"target\":{\"@type\":\"EntryPoint\",\"urlTemplate\":\"https:\\\/\\\/bien-etreiris.ch\\\/de\\\/?s={search_term_string}\"},\"query-input\":{\"@type\":\"PropertyValueSpecification\",\"valueRequired\":true,\"valueName\":\"search_term_string\"}}],\"inLanguage\":\"de\"}]}<\/script>\n<!-- \/ Yoast SEO plugin. -->","yoast_head_json":{"title":"BAUMN\u00dcSSE - WOHLBEFINDEN","robots":{"index":"index","follow":"follow","max-snippet":"max-snippet:-1","max-image-preview":"max-image-preview:large","max-video-preview":"max-video-preview:-1"},"canonical":"https:\/\/bien-etreiris.ch\/de\/produktpraesentation\/gesundes-leben\/gesunde-lebensmittel\/superfoods\/nuesse\/baumnuesse\/","og_locale":"de_DE","og_type":"article","og_title":"BAUMN\u00dcSSE - WOHLBEFINDEN","og_description":"Baumn\u00fcsse aus Grenoble Eine kleine Schale voller Vorteile!Der Verzehr von 7 Waln\u00fcssen pro Tag hilft, die Elastizit\u00e4t der Blutgef\u00e4\u00dfe zu verbessern und tr\u00e4gt dank der zahlreichen Alpha-Linolens\u00e4uren (Omega 3) zur Aufrechterhaltung eines normalen Cholesterinspiegels im Blut bei. &nbsp; &nbsp; &nbsp; &nbsp; Noix de Grenoble BIO vendu en vrac&nbsp; 50 g CHF 0.65 &nbsp; &nbsp; &nbsp; Caract\u00e9ristiques de la noix Excellente&nbsp;Weiter lesen","og_url":"https:\/\/bien-etreiris.ch\/de\/produktpraesentation\/gesundes-leben\/gesunde-lebensmittel\/superfoods\/nuesse\/baumnuesse\/","og_site_name":"WOHLBEFINDEN","article_publisher":"https:\/\/www.facebook.com\/bienetreiris\/","article_modified_time":"2021-05-27T14:41:58+00:00","og_image":[{"width":500,"height":333,"url":"https:\/\/bien-etreiris.ch\/wp-content\/uploads\/2021\/04\/acceuil-noix-de-grenoble.png","type":"image\/png"}],"twitter_misc":{"Gesch\u00e4tzte Lesezeit":"4\u00a0Minuten"},"schema":{"@context":"https:\/\/schema.org","@graph":[{"@type":"WebPage","@id":"https:\/\/bien-etreiris.ch\/de\/produktpraesentation\/gesundes-leben\/gesunde-lebensmittel\/superfoods\/nuesse\/baumnuesse\/","url":"https:\/\/bien-etreiris.ch\/de\/produktpraesentation\/gesundes-leben\/gesunde-lebensmittel\/superfoods\/nuesse\/baumnuesse\/","name":"BAUMN\u00dcSSE - WOHLBEFINDEN","isPartOf":{"@id":"https:\/\/bien-etreiris.ch\/de\/#website"},"primaryImageOfPage":{"@id":"https:\/\/bien-etreiris.ch\/de\/produktpraesentation\/gesundes-leben\/gesunde-lebensmittel\/superfoods\/nuesse\/baumnuesse\/#primaryimage"},"image":{"@id":"https:\/\/bien-etreiris.ch\/de\/produktpraesentation\/gesundes-leben\/gesunde-lebensmittel\/superfoods\/nuesse\/baumnuesse\/#primaryimage"},"thumbnailUrl":"https:\/\/bien-etreiris.ch\/wp-content\/uploads\/2021\/04\/acceuil-noix-de-grenoble.png","datePublished":"2021-04-20T16:10:00+00:00","dateModified":"2021-05-27T14:41:58+00:00","breadcrumb":{"@id":"https:\/\/bien-etreiris.ch\/de\/produktpraesentation\/gesundes-leben\/gesunde-lebensmittel\/superfoods\/nuesse\/baumnuesse\/#breadcrumb"},"inLanguage":"de","potentialAction":[{"@type":"ReadAction","target":["https:\/\/bien-etreiris.ch\/de\/produktpraesentation\/gesundes-leben\/gesunde-lebensmittel\/superfoods\/nuesse\/baumnuesse\/"]}]},{"@type":"ImageObject","inLanguage":"de","@id":"https:\/\/bien-etreiris.ch\/de\/produktpraesentation\/gesundes-leben\/gesunde-lebensmittel\/superfoods\/nuesse\/baumnuesse\/#primaryimage","url":"https:\/\/bien-etreiris.ch\/wp-content\/uploads\/2021\/04\/acceuil-noix-de-grenoble.png","contentUrl":"https:\/\/bien-etreiris.ch\/wp-content\/uploads\/2021\/04\/acceuil-noix-de-grenoble.png","width":500,"height":333},{"@type":"BreadcrumbList","@id":"https:\/\/bien-etreiris.ch\/de\/produktpraesentation\/gesundes-leben\/gesunde-lebensmittel\/superfoods\/nuesse\/baumnuesse\/#breadcrumb","itemListElement":[{"@type":"ListItem","position":1,"name":"Home","item":"https:\/\/bien-etreiris.ch\/de\/"},{"@type":"ListItem","position":2,"name":"PRODUKTPR\u00c4SENTATION","item":"https:\/\/bien-etreiris.ch\/de\/produktpraesentation\/"},{"@type":"ListItem","position":3,"name":"GESUNDES LEBEN","item":"https:\/\/bien-etreiris.ch\/de\/produktpraesentation\/gesundes-leben\/"},{"@type":"ListItem","position":4,"name":"GESUNDE LEBENSMITTEL","item":"https:\/\/bien-etreiris.ch\/de\/produktpraesentation\/gesundes-leben\/gesunde-lebensmittel\/"},{"@type":"ListItem","position":5,"name":"SUPERFOODS","item":"https:\/\/bien-etreiris.ch\/de\/produktpraesentation\/gesundes-leben\/gesunde-lebensmittel\/superfoods\/"},{"@type":"ListItem","position":6,"name":"N\u00dcSSE","item":"https:\/\/bien-etreiris.ch\/de\/produktpraesentation\/gesundes-leben\/gesunde-lebensmittel\/superfoods\/nuesse\/"},{"@type":"ListItem","position":7,"name":"BAUMN\u00dcSSE"}]},{"@type":"WebSite","@id":"https:\/\/bien-etreiris.ch\/de\/#website","url":"https:\/\/bien-etreiris.ch\/de\/","name":"Bien-\u00eatre Iris","description":"IHRE Gesundheit ist uns wichtig","potentialAction":[{"@type":"SearchAction","target":{"@type":"EntryPoint","urlTemplate":"https:\/\/bien-etreiris.ch\/de\/?s={search_term_string}"},"query-input":{"@type":"PropertyValueSpecification","valueRequired":true,"valueName":"search_term_string"}}],"inLanguage":"de"}]}},"_links":{"self":[{"href":"https:\/\/bien-etreiris.ch\/de\/wp-json\/wp\/v2\/pages\/42800","targetHints":{"allow":["GET"]}}],"collection":[{"href":"https:\/\/bien-etreiris.ch\/de\/wp-json\/wp\/v2\/pages"}],"about":[{"href":"https:\/\/bien-etreiris.ch\/de\/wp-json\/wp\/v2\/types\/page"}],"author":[{"embeddable":true,"href":"https:\/\/bien-etreiris.ch\/de\/wp-json\/wp\/v2\/users\/1"}],"replies":[{"embeddable":true,"href":"https:\/\/bien-etreiris.ch\/de\/wp-json\/wp\/v2\/comments?post=42800"}],"version-history":[{"count":5,"href":"https:\/\/bien-etreiris.ch\/de\/wp-json\/wp\/v2\/pages\/42800\/revisions"}],"predecessor-version":[{"id":47546,"href":"https:\/\/bien-etreiris.ch\/de\/wp-json\/wp\/v2\/pages\/42800\/revisions\/47546"}],"up":[{"embeddable":true,"href":"https:\/\/bien-etreiris.ch\/de\/wp-json\/wp\/v2\/pages\/44775"}],"wp:featuredmedia":[{"embeddable":true,"href":"https:\/\/bien-etreiris.ch\/de\/wp-json\/wp\/v2\/media\/42797"}],"wp:attachment":[{"href":"https:\/\/bien-etreiris.ch\/de\/wp-json\/wp\/v2\/media?parent=42800"}],"curies":[{"name":"wp","href":"https:\/\/api.w.org\/{rel}","templated":true}]}}