{"id":42729,"date":"2021-04-19T18:33:38","date_gmt":"2021-04-19T16:33:38","guid":{"rendered":"https:\/\/bien-etreiris.ch\/wohlbefinden\/gesundes-leben\/aliments-sains\/super-aliments\/fruits-secs\/mangues-sechees\/"},"modified":"2021-06-03T11:34:32","modified_gmt":"2021-06-03T09:34:32","slug":"getrocknete-mangos","status":"publish","type":"page","link":"https:\/\/bien-etreiris.ch\/de\/produktpraesentation\/gesundes-leben\/gesunde-lebensmittel\/superfoods\/trockenfruechte\/getrocknete-mangos\/","title":{"rendered":"MANGOS"},"content":{"rendered":"\n<p><a href=\"https:\/\/bien-etreiris.ch\/wp-content\/uploads\/2021\/04\/Manque-grande-plan.png\"><img loading=\"lazy\" decoding=\"async\" class=\"size-medium wp-image-42712 aligncenter\" src=\"https:\/\/bien-etreiris.ch\/wp-content\/uploads\/2021\/04\/Manque-grande-plan-300x300.png\" alt=\"\" width=\"300\" height=\"300\" srcset=\"https:\/\/bien-etreiris.ch\/wp-content\/uploads\/2021\/04\/Manque-grande-plan-300x300.png 300w, https:\/\/bien-etreiris.ch\/wp-content\/uploads\/2021\/04\/Manque-grande-plan-150x150.png 150w, https:\/\/bien-etreiris.ch\/wp-content\/uploads\/2021\/04\/Manque-grande-plan.png 500w\" sizes=\"auto, (max-width: 300px) 100vw, 300px\" \/><\/a><\/p>\n<h2>Getrocknete Mangos<\/h2>\n<p>&nbsp;<\/p>\n<p><br>Der Verzehr von getrockneten Mangos hat viele gesundheitliche Vorteile. Es ist ein gesundes Lebensmittel, das Ballaststoffe enth\u00e4lt, die bei der Verdauung und dem Stuhlgang helfen. Mehrere Studien haben gezeigt, dass getrocknete Mangos helfen, Prostata-, Brust- und Dickdarmkrebs zu verhindern.<\/p>\n<p><a href=\"https:\/\/bien-etreiris.ch\/wp-content\/uploads\/2021\/04\/Mangue.png\"><img loading=\"lazy\" decoding=\"async\" class=\"wp-image-42718 alignleft\" src=\"https:\/\/bien-etreiris.ch\/wp-content\/uploads\/2021\/04\/Mangue-300x225.png\" alt=\"\" width=\"450\" height=\"338\" srcset=\"https:\/\/bien-etreiris.ch\/wp-content\/uploads\/2021\/04\/Mangue-300x225.png 300w, https:\/\/bien-etreiris.ch\/wp-content\/uploads\/2021\/04\/Mangue-200x150.png 200w, https:\/\/bien-etreiris.ch\/wp-content\/uploads\/2021\/04\/Mangue.png 500w\" sizes=\"auto, (max-width: 450px) 100vw, 450px\" \/><\/a><\/p>\n<p>&nbsp;<\/p>\n<p>&nbsp;<\/p>\n<p>&nbsp;<\/p>\n<p class=\"p-product-details__title bip-typography--headline2\"><strong>Lamelles de mangue s\u00e9ch\u00e9es bio<\/strong><\/p>\n<p><span class=\"ILfuVd\"><span class=\"hgKElc\">vendu en vrac 50 g <strong>CHF 1.50<\/strong><br><\/span><\/span><\/p>\n<p>&nbsp;<\/p>\n<p>&nbsp;<\/p>\n<p>&nbsp;<\/p>\n<p>&nbsp;<\/p>\n<p>Un go\u00fbt somptueux et une bombe en vitamines (C, A, E, B1, B2, B6), riche en cuivre c\u2019est le fruit sec id\u00e9al du sportif, il permet une meilleure assimilation du fer et est tr\u00e8s riche en polyph\u00e9nols. Ceux-ci fluidifient le sang, diminue le stress oxydatif li\u00e9 \u00e0 l\u2019effort et facilitent la r\u00e9cup\u00e9ration post exercice. De plus les polyph\u00e9nols prot\u00e8gent le syst\u00e8me c\u00e9r\u00e9bral et cardiovasculaire.<\/p>\n<ul style=\"list-style-type: disc;\">\n<li>La mangue permet de garder une peau jeune et souple gr\u00e2ce \u00e0 sa teneur en vitamine C, stimulant la production de collag\u00e8ne. Les min\u00e9raux contenus dans la mangue permettent aussi une belle protection contre les UV.<\/li>\n<li>On en parle peu, mais la manque est riche en vitamine E, une vitamine stimulant les hormones sexuelles et augmentant le d\u00e9sir.<\/li>\n<li>La vitamine B6 et les acides glutamiques contenus dans la mangue aident \u00e0 stimuler les cellules du cerveau boostant la m\u00e9moire et la concentration.&nbsp;<\/li>\n<\/ul>\n","protected":false},"excerpt":{"rendered":"<p>Getrocknete Mangos &nbsp; Der Verzehr von getrockneten Mangos hat viele gesundheitliche Vorteile. Es ist ein gesundes Lebensmittel, das Ballaststoffe enth\u00e4lt, die bei der Verdauung und dem Stuhlgang helfen. Mehrere Studien haben gezeigt, dass getrocknete Mangos helfen, Prostata-, Brust- und Dickdarmkrebs zu verhindern. &nbsp; &nbsp; &nbsp; Lamelles de mangue s\u00e9ch\u00e9es bio vendu en vrac 50 g CHF 1.50 &nbsp; &nbsp; &nbsp;&nbsp;<a href=\"https:\/\/bien-etreiris.ch\/de\/produktpraesentation\/gesundes-leben\/gesunde-lebensmittel\/superfoods\/trockenfruechte\/getrocknete-mangos\/\" class=\"read-more\">Weiter lesen<\/a><\/p>\n","protected":false},"author":1,"featured_media":42723,"parent":42532,"menu_order":5966,"comment_status":"closed","ping_status":"closed","template":"page-with-child.php","meta":{"_acf_changed":false,"ngg_post_thumbnail":0,"footnotes":""},"class_list":["post-42729","page","type-page","status-publish","has-post-thumbnail","hentry"],"acf":[],"yoast_head":"<!-- This site is optimized with the Yoast SEO plugin v27.5 - https:\/\/yoast.com\/product\/yoast-seo-wordpress\/ -->\n<title>MANGOS - WOHLBEFINDEN<\/title>\n<meta name=\"robots\" content=\"index, follow, max-snippet:-1, max-image-preview:large, max-video-preview:-1\" \/>\n<link rel=\"canonical\" href=\"https:\/\/bien-etreiris.ch\/de\/produktpraesentation\/gesundes-leben\/gesunde-lebensmittel\/superfoods\/trockenfruechte\/getrocknete-mangos\/\" \/>\n<meta property=\"og:locale\" content=\"de_DE\" \/>\n<meta property=\"og:type\" content=\"article\" \/>\n<meta property=\"og:title\" content=\"MANGOS - WOHLBEFINDEN\" \/>\n<meta property=\"og:description\" content=\"Getrocknete Mangos &nbsp; Der Verzehr von getrockneten Mangos hat viele gesundheitliche Vorteile. Es ist ein gesundes Lebensmittel, das Ballaststoffe enth\u00e4lt, die bei der Verdauung und dem Stuhlgang helfen. Mehrere Studien haben gezeigt, dass getrocknete Mangos helfen, Prostata-, Brust- und Dickdarmkrebs zu verhindern. &nbsp; &nbsp; &nbsp; Lamelles de mangue s\u00e9ch\u00e9es bio vendu en vrac 50 g CHF 1.50 &nbsp; &nbsp; &nbsp;&nbsp;Weiter lesen\" \/>\n<meta property=\"og:url\" content=\"https:\/\/bien-etreiris.ch\/de\/produktpraesentation\/gesundes-leben\/gesunde-lebensmittel\/superfoods\/trockenfruechte\/getrocknete-mangos\/\" \/>\n<meta property=\"og:site_name\" content=\"WOHLBEFINDEN\" \/>\n<meta property=\"article:publisher\" content=\"https:\/\/www.facebook.com\/bienetreiris\/\" \/>\n<meta property=\"article:modified_time\" content=\"2021-06-03T09:34:32+00:00\" \/>\n<meta property=\"og:image\" content=\"https:\/\/bien-etreiris.ch\/wp-content\/uploads\/2021\/04\/acceuil-manque.png\" \/>\n\t<meta property=\"og:image:width\" content=\"500\" \/>\n\t<meta property=\"og:image:height\" content=\"309\" \/>\n\t<meta property=\"og:image:type\" content=\"image\/png\" \/>\n<meta name=\"twitter:label1\" content=\"Gesch\u00e4tzte Lesezeit\" \/>\n\t<meta name=\"twitter:data1\" content=\"2\u00a0Minuten\" \/>\n<script type=\"application\/ld+json\" class=\"yoast-schema-graph\">{\"@context\":\"https:\\\/\\\/schema.org\",\"@graph\":[{\"@type\":\"WebPage\",\"@id\":\"https:\\\/\\\/bien-etreiris.ch\\\/de\\\/produktpraesentation\\\/gesundes-leben\\\/gesunde-lebensmittel\\\/superfoods\\\/trockenfruechte\\\/getrocknete-mangos\\\/\",\"url\":\"https:\\\/\\\/bien-etreiris.ch\\\/de\\\/produktpraesentation\\\/gesundes-leben\\\/gesunde-lebensmittel\\\/superfoods\\\/trockenfruechte\\\/getrocknete-mangos\\\/\",\"name\":\"MANGOS - WOHLBEFINDEN\",\"isPartOf\":{\"@id\":\"https:\\\/\\\/bien-etreiris.ch\\\/de\\\/#website\"},\"primaryImageOfPage\":{\"@id\":\"https:\\\/\\\/bien-etreiris.ch\\\/de\\\/produktpraesentation\\\/gesundes-leben\\\/gesunde-lebensmittel\\\/superfoods\\\/trockenfruechte\\\/getrocknete-mangos\\\/#primaryimage\"},\"image\":{\"@id\":\"https:\\\/\\\/bien-etreiris.ch\\\/de\\\/produktpraesentation\\\/gesundes-leben\\\/gesunde-lebensmittel\\\/superfoods\\\/trockenfruechte\\\/getrocknete-mangos\\\/#primaryimage\"},\"thumbnailUrl\":\"https:\\\/\\\/bien-etreiris.ch\\\/wp-content\\\/uploads\\\/2021\\\/04\\\/acceuil-manque.png\",\"datePublished\":\"2021-04-19T16:33:38+00:00\",\"dateModified\":\"2021-06-03T09:34:32+00:00\",\"breadcrumb\":{\"@id\":\"https:\\\/\\\/bien-etreiris.ch\\\/de\\\/produktpraesentation\\\/gesundes-leben\\\/gesunde-lebensmittel\\\/superfoods\\\/trockenfruechte\\\/getrocknete-mangos\\\/#breadcrumb\"},\"inLanguage\":\"de\",\"potentialAction\":[{\"@type\":\"ReadAction\",\"target\":[\"https:\\\/\\\/bien-etreiris.ch\\\/de\\\/produktpraesentation\\\/gesundes-leben\\\/gesunde-lebensmittel\\\/superfoods\\\/trockenfruechte\\\/getrocknete-mangos\\\/\"]}]},{\"@type\":\"ImageObject\",\"inLanguage\":\"de\",\"@id\":\"https:\\\/\\\/bien-etreiris.ch\\\/de\\\/produktpraesentation\\\/gesundes-leben\\\/gesunde-lebensmittel\\\/superfoods\\\/trockenfruechte\\\/getrocknete-mangos\\\/#primaryimage\",\"url\":\"https:\\\/\\\/bien-etreiris.ch\\\/wp-content\\\/uploads\\\/2021\\\/04\\\/acceuil-manque.png\",\"contentUrl\":\"https:\\\/\\\/bien-etreiris.ch\\\/wp-content\\\/uploads\\\/2021\\\/04\\\/acceuil-manque.png\",\"width\":500,\"height\":309},{\"@type\":\"BreadcrumbList\",\"@id\":\"https:\\\/\\\/bien-etreiris.ch\\\/de\\\/produktpraesentation\\\/gesundes-leben\\\/gesunde-lebensmittel\\\/superfoods\\\/trockenfruechte\\\/getrocknete-mangos\\\/#breadcrumb\",\"itemListElement\":[{\"@type\":\"ListItem\",\"position\":1,\"name\":\"Home\",\"item\":\"https:\\\/\\\/bien-etreiris.ch\\\/de\\\/\"},{\"@type\":\"ListItem\",\"position\":2,\"name\":\"PRODUKTPR\u00c4SENTATION\",\"item\":\"https:\\\/\\\/bien-etreiris.ch\\\/de\\\/produktpraesentation\\\/\"},{\"@type\":\"ListItem\",\"position\":3,\"name\":\"GESUNDES LEBEN\",\"item\":\"https:\\\/\\\/bien-etreiris.ch\\\/de\\\/produktpraesentation\\\/gesundes-leben\\\/\"},{\"@type\":\"ListItem\",\"position\":4,\"name\":\"GESUNDE LEBENSMITTEL\",\"item\":\"https:\\\/\\\/bien-etreiris.ch\\\/de\\\/produktpraesentation\\\/gesundes-leben\\\/gesunde-lebensmittel\\\/\"},{\"@type\":\"ListItem\",\"position\":5,\"name\":\"SUPERFOODS\",\"item\":\"https:\\\/\\\/bien-etreiris.ch\\\/de\\\/produktpraesentation\\\/gesundes-leben\\\/gesunde-lebensmittel\\\/superfoods\\\/\"},{\"@type\":\"ListItem\",\"position\":6,\"name\":\"TROCKENFR\u00dcCHTE\",\"item\":\"https:\\\/\\\/bien-etreiris.ch\\\/de\\\/produktpraesentation\\\/gesundes-leben\\\/gesunde-lebensmittel\\\/superfoods\\\/trockenfruechte\\\/\"},{\"@type\":\"ListItem\",\"position\":7,\"name\":\"MANGOS\"}]},{\"@type\":\"WebSite\",\"@id\":\"https:\\\/\\\/bien-etreiris.ch\\\/de\\\/#website\",\"url\":\"https:\\\/\\\/bien-etreiris.ch\\\/de\\\/\",\"name\":\"Bien-\u00eatre Iris\",\"description\":\"IHRE Gesundheit ist uns wichtig\",\"potentialAction\":[{\"@type\":\"SearchAction\",\"target\":{\"@type\":\"EntryPoint\",\"urlTemplate\":\"https:\\\/\\\/bien-etreiris.ch\\\/de\\\/?s={search_term_string}\"},\"query-input\":{\"@type\":\"PropertyValueSpecification\",\"valueRequired\":true,\"valueName\":\"search_term_string\"}}],\"inLanguage\":\"de\"}]}<\/script>\n<!-- \/ Yoast SEO plugin. -->","yoast_head_json":{"title":"MANGOS - WOHLBEFINDEN","robots":{"index":"index","follow":"follow","max-snippet":"max-snippet:-1","max-image-preview":"max-image-preview:large","max-video-preview":"max-video-preview:-1"},"canonical":"https:\/\/bien-etreiris.ch\/de\/produktpraesentation\/gesundes-leben\/gesunde-lebensmittel\/superfoods\/trockenfruechte\/getrocknete-mangos\/","og_locale":"de_DE","og_type":"article","og_title":"MANGOS - WOHLBEFINDEN","og_description":"Getrocknete Mangos &nbsp; Der Verzehr von getrockneten Mangos hat viele gesundheitliche Vorteile. Es ist ein gesundes Lebensmittel, das Ballaststoffe enth\u00e4lt, die bei der Verdauung und dem Stuhlgang helfen. Mehrere Studien haben gezeigt, dass getrocknete Mangos helfen, Prostata-, Brust- und Dickdarmkrebs zu verhindern. &nbsp; &nbsp; &nbsp; Lamelles de mangue s\u00e9ch\u00e9es bio vendu en vrac 50 g CHF 1.50 &nbsp; &nbsp; &nbsp;&nbsp;Weiter lesen","og_url":"https:\/\/bien-etreiris.ch\/de\/produktpraesentation\/gesundes-leben\/gesunde-lebensmittel\/superfoods\/trockenfruechte\/getrocknete-mangos\/","og_site_name":"WOHLBEFINDEN","article_publisher":"https:\/\/www.facebook.com\/bienetreiris\/","article_modified_time":"2021-06-03T09:34:32+00:00","og_image":[{"width":500,"height":309,"url":"https:\/\/bien-etreiris.ch\/wp-content\/uploads\/2021\/04\/acceuil-manque.png","type":"image\/png"}],"twitter_misc":{"Gesch\u00e4tzte Lesezeit":"2\u00a0Minuten"},"schema":{"@context":"https:\/\/schema.org","@graph":[{"@type":"WebPage","@id":"https:\/\/bien-etreiris.ch\/de\/produktpraesentation\/gesundes-leben\/gesunde-lebensmittel\/superfoods\/trockenfruechte\/getrocknete-mangos\/","url":"https:\/\/bien-etreiris.ch\/de\/produktpraesentation\/gesundes-leben\/gesunde-lebensmittel\/superfoods\/trockenfruechte\/getrocknete-mangos\/","name":"MANGOS - WOHLBEFINDEN","isPartOf":{"@id":"https:\/\/bien-etreiris.ch\/de\/#website"},"primaryImageOfPage":{"@id":"https:\/\/bien-etreiris.ch\/de\/produktpraesentation\/gesundes-leben\/gesunde-lebensmittel\/superfoods\/trockenfruechte\/getrocknete-mangos\/#primaryimage"},"image":{"@id":"https:\/\/bien-etreiris.ch\/de\/produktpraesentation\/gesundes-leben\/gesunde-lebensmittel\/superfoods\/trockenfruechte\/getrocknete-mangos\/#primaryimage"},"thumbnailUrl":"https:\/\/bien-etreiris.ch\/wp-content\/uploads\/2021\/04\/acceuil-manque.png","datePublished":"2021-04-19T16:33:38+00:00","dateModified":"2021-06-03T09:34:32+00:00","breadcrumb":{"@id":"https:\/\/bien-etreiris.ch\/de\/produktpraesentation\/gesundes-leben\/gesunde-lebensmittel\/superfoods\/trockenfruechte\/getrocknete-mangos\/#breadcrumb"},"inLanguage":"de","potentialAction":[{"@type":"ReadAction","target":["https:\/\/bien-etreiris.ch\/de\/produktpraesentation\/gesundes-leben\/gesunde-lebensmittel\/superfoods\/trockenfruechte\/getrocknete-mangos\/"]}]},{"@type":"ImageObject","inLanguage":"de","@id":"https:\/\/bien-etreiris.ch\/de\/produktpraesentation\/gesundes-leben\/gesunde-lebensmittel\/superfoods\/trockenfruechte\/getrocknete-mangos\/#primaryimage","url":"https:\/\/bien-etreiris.ch\/wp-content\/uploads\/2021\/04\/acceuil-manque.png","contentUrl":"https:\/\/bien-etreiris.ch\/wp-content\/uploads\/2021\/04\/acceuil-manque.png","width":500,"height":309},{"@type":"BreadcrumbList","@id":"https:\/\/bien-etreiris.ch\/de\/produktpraesentation\/gesundes-leben\/gesunde-lebensmittel\/superfoods\/trockenfruechte\/getrocknete-mangos\/#breadcrumb","itemListElement":[{"@type":"ListItem","position":1,"name":"Home","item":"https:\/\/bien-etreiris.ch\/de\/"},{"@type":"ListItem","position":2,"name":"PRODUKTPR\u00c4SENTATION","item":"https:\/\/bien-etreiris.ch\/de\/produktpraesentation\/"},{"@type":"ListItem","position":3,"name":"GESUNDES LEBEN","item":"https:\/\/bien-etreiris.ch\/de\/produktpraesentation\/gesundes-leben\/"},{"@type":"ListItem","position":4,"name":"GESUNDE LEBENSMITTEL","item":"https:\/\/bien-etreiris.ch\/de\/produktpraesentation\/gesundes-leben\/gesunde-lebensmittel\/"},{"@type":"ListItem","position":5,"name":"SUPERFOODS","item":"https:\/\/bien-etreiris.ch\/de\/produktpraesentation\/gesundes-leben\/gesunde-lebensmittel\/superfoods\/"},{"@type":"ListItem","position":6,"name":"TROCKENFR\u00dcCHTE","item":"https:\/\/bien-etreiris.ch\/de\/produktpraesentation\/gesundes-leben\/gesunde-lebensmittel\/superfoods\/trockenfruechte\/"},{"@type":"ListItem","position":7,"name":"MANGOS"}]},{"@type":"WebSite","@id":"https:\/\/bien-etreiris.ch\/de\/#website","url":"https:\/\/bien-etreiris.ch\/de\/","name":"Bien-\u00eatre Iris","description":"IHRE Gesundheit ist uns wichtig","potentialAction":[{"@type":"SearchAction","target":{"@type":"EntryPoint","urlTemplate":"https:\/\/bien-etreiris.ch\/de\/?s={search_term_string}"},"query-input":{"@type":"PropertyValueSpecification","valueRequired":true,"valueName":"search_term_string"}}],"inLanguage":"de"}]}},"_links":{"self":[{"href":"https:\/\/bien-etreiris.ch\/de\/wp-json\/wp\/v2\/pages\/42729","targetHints":{"allow":["GET"]}}],"collection":[{"href":"https:\/\/bien-etreiris.ch\/de\/wp-json\/wp\/v2\/pages"}],"about":[{"href":"https:\/\/bien-etreiris.ch\/de\/wp-json\/wp\/v2\/types\/page"}],"author":[{"embeddable":true,"href":"https:\/\/bien-etreiris.ch\/de\/wp-json\/wp\/v2\/users\/1"}],"replies":[{"embeddable":true,"href":"https:\/\/bien-etreiris.ch\/de\/wp-json\/wp\/v2\/comments?post=42729"}],"version-history":[{"count":3,"href":"https:\/\/bien-etreiris.ch\/de\/wp-json\/wp\/v2\/pages\/42729\/revisions"}],"predecessor-version":[{"id":49344,"href":"https:\/\/bien-etreiris.ch\/de\/wp-json\/wp\/v2\/pages\/42729\/revisions\/49344"}],"up":[{"embeddable":true,"href":"https:\/\/bien-etreiris.ch\/de\/wp-json\/wp\/v2\/pages\/42532"}],"wp:featuredmedia":[{"embeddable":true,"href":"https:\/\/bien-etreiris.ch\/de\/wp-json\/wp\/v2\/media\/42723"}],"wp:attachment":[{"href":"https:\/\/bien-etreiris.ch\/de\/wp-json\/wp\/v2\/media?parent=42729"}],"curies":[{"name":"wp","href":"https:\/\/api.w.org\/{rel}","templated":true}]}}