{"id":42646,"date":"2021-04-19T14:50:00","date_gmt":"2021-04-19T12:50:00","guid":{"rendered":"https:\/\/bien-etreiris.ch\/?page_id=42646"},"modified":"2021-06-03T11:37:38","modified_gmt":"2021-06-03T09:37:38","slug":"getrocknete-feigen","status":"publish","type":"page","link":"https:\/\/bien-etreiris.ch\/de\/produktpraesentation\/gesundes-leben\/gesunde-lebensmittel\/superfoods\/trockenfruechte\/getrocknete-feigen\/","title":{"rendered":"FEIGEN"},"content":{"rendered":"\n<p><a href=\"https:\/\/bien-etreiris.ch\/wp-content\/uploads\/2021\/04\/Figures-grand-plan.png\"><img loading=\"lazy\" decoding=\"async\" class=\"size-medium wp-image-42636 aligncenter\" src=\"https:\/\/bien-etreiris.ch\/wp-content\/uploads\/2021\/04\/Figures-grand-plan-300x300.png\" alt=\"\" width=\"300\" height=\"300\" srcset=\"https:\/\/bien-etreiris.ch\/wp-content\/uploads\/2021\/04\/Figures-grand-plan-300x300.png 300w, https:\/\/bien-etreiris.ch\/wp-content\/uploads\/2021\/04\/Figures-grand-plan-150x150.png 150w, https:\/\/bien-etreiris.ch\/wp-content\/uploads\/2021\/04\/Figures-grand-plan.png 500w\" sizes=\"auto, (max-width: 300px) 100vw, 300px\" \/><\/a><\/p>\n<h2>Getrocknete Feigen<\/h2>\n<p>Feigen k\u00e4mpfen gegen Verstopfung<\/p>\n<p>Feigen absorbieren Wasser im Verdauungstrakt, verhindern so harte und trockene St\u00fchle und erleichtern die Darmpassage bei Verstopfung. \"Getrocknete Feigen sind sogar noch effektiver, weil sie reicher an Ballaststoffen und Magnesium sind, das auch ein Abf\u00fchrmittel ist.<\/p>\n<p>&nbsp;<\/p>\n<p><a href=\"https:\/\/bien-etreiris.ch\/wp-content\/uploads\/2021\/04\/Figues-coupe-en-dee-scaled.jpg\"><img loading=\"lazy\" decoding=\"async\" class=\"wp-image-42639 alignleft\" src=\"https:\/\/bien-etreiris.ch\/wp-content\/uploads\/2021\/04\/Figues-coupe-en-dee-1024x768.jpg\" alt=\"\" width=\"450\" height=\"338\" srcset=\"https:\/\/bien-etreiris.ch\/wp-content\/uploads\/2021\/04\/Figues-coupe-en-dee-1024x768.jpg 1024w, https:\/\/bien-etreiris.ch\/wp-content\/uploads\/2021\/04\/Figues-coupe-en-dee-300x225.jpg 300w, https:\/\/bien-etreiris.ch\/wp-content\/uploads\/2021\/04\/Figues-coupe-en-dee-768x576.jpg 768w, https:\/\/bien-etreiris.ch\/wp-content\/uploads\/2021\/04\/Figues-coupe-en-dee-1536x1152.jpg 1536w, https:\/\/bien-etreiris.ch\/wp-content\/uploads\/2021\/04\/Figues-coupe-en-dee-2048x1536.jpg 2048w, https:\/\/bien-etreiris.ch\/wp-content\/uploads\/2021\/04\/Figues-coupe-en-dee-200x150.jpg 200w\" sizes=\"auto, (max-width: 450px) 100vw, 450px\" \/><\/a><\/p>\n<p>&nbsp;<\/p>\n<p>&nbsp;<\/p>\n<p>&nbsp;<\/p>\n<p>&nbsp;<\/p>\n<p>Figues s\u00e9ch\u00e9es<\/p>\n<p>coup\u00e9es en d\u00e9s 1cm X 1cm<\/p>\n<p>BIO <span data-v-39e6ef6c=\"\" data-v-00ece6c5=\"\">bourgeon<\/span><\/p>\n<p>vendu en vrac de 50 g <strong>CHF 0.45<\/strong><\/p>\n<p>&nbsp;<\/p>\n<div class=\"D6j0vc\">\n<div id=\"center_col\">\n<div id=\"taw\">\n<div>&nbsp;<\/div>\n<div>&nbsp;<\/div>\n<div id=\"tvcap\">&nbsp;<\/div>\n<\/div>\n<div id=\"res\" class=\"eqAnXb\" role=\"main\">\n<div id=\"topstuff\">\n<h4 class=\"a-split\">Elle para\u00eet vielle et vous fait para\u00eetre plus jeune<b> <\/b><\/h4>\n<p>Derri\u00e8re son air frip\u00e9, la figue est un <strong>antioxydant puissant<\/strong> qui agit autant sur la vision que sur la peau et les muqueuses. Elle est donc votre atout jeunesse et vous pouvez en consommer toute l\u2019ann\u00e9e !<\/p>\n<p>Elle est aussi une <strong>alli\u00e9e pour la sant\u00e9 de vos os<\/strong>, car elle contient du calcium et du potassium. Elle peut donc venir en renfort d\u2019un r\u00e9gime sans lactose par exemple.<\/p>\n<p>&nbsp;<\/p>\n<h4 class=\"a-split\">La figue participe \u00e0 une meilleure digestion<b> <\/b><\/h4>\n<p>Gr\u00e2ce \u00e0 sa forte teneur en fibres, surtout sous sa forme s\u00e8che, la figue permet un bon transit intestinal. Attention toutefois \u00e0 ne pas trop en consommer, car elle pourrait avoir un effet laxatif.<\/p>\n<p>Toujours gr\u00e2ce \u00e0 sa forte teneur en fibre, la figue a pour bienfait de pr\u00e9venir les risques d\u2019hypertension, elle est donc \u00e0 utiliser en pr\u00e9vention !<\/p>\n<h4>&nbsp;<\/h4>\n<h4 class=\"a-split\">Figue fra\u00eeche ou figue s\u00e9ch\u00e9e ?<b> <\/b><\/h4>\n<p>Si vous le pouvez, privil\u00e9giez la figue fra\u00eeche lorsque c\u2019est la saison. Elle est encore plus riche en min\u00e9raux et en antioxydants. R\u00e9servez la figue s\u00e9ch\u00e9e \u00e0 l\u2019hiver lors des coups de fatigue ou lors d\u2019une pratique sportive r\u00e9guli\u00e8re.<\/p>\n<\/div>\n<div id=\"search\">\n<div data-hveid=\"CAEQNQ\" data-ved=\"2ahUKEwiY17rBqorwAhWI6aQKHaBhB9UQGnoECAEQNQ\">&nbsp;<\/div>\n<\/div>\n<\/div>\n<\/div>\n<\/div>\n<div class=\"ULSxyf\">\n<div class=\"g mnr-c g-blk\" data-hveid=\"CAwQAA\" data-ved=\"2ahUKEwiY17rBqorwAhWI6aQKHaBhB9UQjDYoAHoECAwQAA\" lang=\"fr-CH\">\n<div class=\"kp-blk c2xzTb\">\n<div class=\"xpdopen\">\n<div class=\"ifM9O\">&nbsp;<\/div>\n<\/div>\n<\/div>\n<\/div>\n<\/div>\n<div class=\"wDYxhc\" data-md=\"61\" lang=\"fr-CH\">\n<div class=\"LGOjhe\" role=\"heading\" data-attrid=\"wa:\/description\" aria-level=\"3\" data-hveid=\"CA4QAA\">&nbsp;<\/div>\n<\/div>\n<p>&nbsp;<\/p>\n","protected":false},"excerpt":{"rendered":"<p>Getrocknete Feigen Feigen k\u00e4mpfen gegen Verstopfung Feigen absorbieren Wasser im Verdauungstrakt, verhindern so harte und trockene St\u00fchle und erleichtern die Darmpassage bei Verstopfung. \"Getrocknete Feigen sind sogar noch effektiver, weil sie reicher an Ballaststoffen und Magnesium sind, das auch ein Abf\u00fchrmittel ist. &nbsp; &nbsp; &nbsp; &nbsp; &nbsp; Figues s\u00e9ch\u00e9es coup\u00e9es en d\u00e9s 1cm X 1cm BIO bourgeon vendu en vrac&nbsp;<a href=\"https:\/\/bien-etreiris.ch\/de\/produktpraesentation\/gesundes-leben\/gesunde-lebensmittel\/superfoods\/trockenfruechte\/getrocknete-feigen\/\" class=\"read-more\">Weiter lesen<\/a><\/p>\n","protected":false},"author":1,"featured_media":42644,"parent":42532,"menu_order":5972,"comment_status":"closed","ping_status":"closed","template":"page-with-child.php","meta":{"_acf_changed":false,"ngg_post_thumbnail":0,"footnotes":""},"class_list":["post-42646","page","type-page","status-publish","has-post-thumbnail","hentry"],"acf":[],"yoast_head":"<!-- This site is optimized with the Yoast SEO plugin v27.5 - https:\/\/yoast.com\/product\/yoast-seo-wordpress\/ -->\n<title>FEIGEN - WOHLBEFINDEN<\/title>\n<meta name=\"robots\" content=\"index, follow, max-snippet:-1, max-image-preview:large, max-video-preview:-1\" \/>\n<link rel=\"canonical\" href=\"https:\/\/bien-etreiris.ch\/de\/produktpraesentation\/gesundes-leben\/gesunde-lebensmittel\/superfoods\/trockenfruechte\/getrocknete-feigen\/\" \/>\n<meta property=\"og:locale\" content=\"de_DE\" \/>\n<meta property=\"og:type\" content=\"article\" \/>\n<meta property=\"og:title\" content=\"FEIGEN - WOHLBEFINDEN\" \/>\n<meta property=\"og:description\" content=\"Getrocknete Feigen Feigen k\u00e4mpfen gegen Verstopfung Feigen absorbieren Wasser im Verdauungstrakt, verhindern so harte und trockene St\u00fchle und erleichtern die Darmpassage bei Verstopfung. &quot;Getrocknete Feigen sind sogar noch effektiver, weil sie reicher an Ballaststoffen und Magnesium sind, das auch ein Abf\u00fchrmittel ist. &nbsp; &nbsp; &nbsp; &nbsp; &nbsp; Figues s\u00e9ch\u00e9es coup\u00e9es en d\u00e9s 1cm X 1cm BIO bourgeon vendu en vrac&nbsp;Weiter lesen\" \/>\n<meta property=\"og:url\" content=\"https:\/\/bien-etreiris.ch\/de\/produktpraesentation\/gesundes-leben\/gesunde-lebensmittel\/superfoods\/trockenfruechte\/getrocknete-feigen\/\" \/>\n<meta property=\"og:site_name\" content=\"WOHLBEFINDEN\" \/>\n<meta property=\"article:publisher\" content=\"https:\/\/www.facebook.com\/bienetreiris\/\" \/>\n<meta property=\"article:modified_time\" content=\"2021-06-03T09:37:38+00:00\" \/>\n<meta property=\"og:image\" content=\"https:\/\/bien-etreiris.ch\/wp-content\/uploads\/2021\/04\/acceuil-figues-sec.png\" \/>\n\t<meta property=\"og:image:width\" content=\"500\" \/>\n\t<meta property=\"og:image:height\" content=\"375\" \/>\n\t<meta property=\"og:image:type\" content=\"image\/png\" \/>\n<meta name=\"twitter:label1\" content=\"Gesch\u00e4tzte Lesezeit\" \/>\n\t<meta name=\"twitter:data1\" content=\"2\u00a0Minuten\" \/>\n<script type=\"application\/ld+json\" class=\"yoast-schema-graph\">{\"@context\":\"https:\\\/\\\/schema.org\",\"@graph\":[{\"@type\":\"WebPage\",\"@id\":\"https:\\\/\\\/bien-etreiris.ch\\\/de\\\/produktpraesentation\\\/gesundes-leben\\\/gesunde-lebensmittel\\\/superfoods\\\/trockenfruechte\\\/getrocknete-feigen\\\/\",\"url\":\"https:\\\/\\\/bien-etreiris.ch\\\/de\\\/produktpraesentation\\\/gesundes-leben\\\/gesunde-lebensmittel\\\/superfoods\\\/trockenfruechte\\\/getrocknete-feigen\\\/\",\"name\":\"FEIGEN - WOHLBEFINDEN\",\"isPartOf\":{\"@id\":\"https:\\\/\\\/bien-etreiris.ch\\\/de\\\/#website\"},\"primaryImageOfPage\":{\"@id\":\"https:\\\/\\\/bien-etreiris.ch\\\/de\\\/produktpraesentation\\\/gesundes-leben\\\/gesunde-lebensmittel\\\/superfoods\\\/trockenfruechte\\\/getrocknete-feigen\\\/#primaryimage\"},\"image\":{\"@id\":\"https:\\\/\\\/bien-etreiris.ch\\\/de\\\/produktpraesentation\\\/gesundes-leben\\\/gesunde-lebensmittel\\\/superfoods\\\/trockenfruechte\\\/getrocknete-feigen\\\/#primaryimage\"},\"thumbnailUrl\":\"https:\\\/\\\/bien-etreiris.ch\\\/wp-content\\\/uploads\\\/2021\\\/04\\\/acceuil-figues-sec.png\",\"datePublished\":\"2021-04-19T12:50:00+00:00\",\"dateModified\":\"2021-06-03T09:37:38+00:00\",\"breadcrumb\":{\"@id\":\"https:\\\/\\\/bien-etreiris.ch\\\/de\\\/produktpraesentation\\\/gesundes-leben\\\/gesunde-lebensmittel\\\/superfoods\\\/trockenfruechte\\\/getrocknete-feigen\\\/#breadcrumb\"},\"inLanguage\":\"de\",\"potentialAction\":[{\"@type\":\"ReadAction\",\"target\":[\"https:\\\/\\\/bien-etreiris.ch\\\/de\\\/produktpraesentation\\\/gesundes-leben\\\/gesunde-lebensmittel\\\/superfoods\\\/trockenfruechte\\\/getrocknete-feigen\\\/\"]}]},{\"@type\":\"ImageObject\",\"inLanguage\":\"de\",\"@id\":\"https:\\\/\\\/bien-etreiris.ch\\\/de\\\/produktpraesentation\\\/gesundes-leben\\\/gesunde-lebensmittel\\\/superfoods\\\/trockenfruechte\\\/getrocknete-feigen\\\/#primaryimage\",\"url\":\"https:\\\/\\\/bien-etreiris.ch\\\/wp-content\\\/uploads\\\/2021\\\/04\\\/acceuil-figues-sec.png\",\"contentUrl\":\"https:\\\/\\\/bien-etreiris.ch\\\/wp-content\\\/uploads\\\/2021\\\/04\\\/acceuil-figues-sec.png\",\"width\":500,\"height\":375},{\"@type\":\"BreadcrumbList\",\"@id\":\"https:\\\/\\\/bien-etreiris.ch\\\/de\\\/produktpraesentation\\\/gesundes-leben\\\/gesunde-lebensmittel\\\/superfoods\\\/trockenfruechte\\\/getrocknete-feigen\\\/#breadcrumb\",\"itemListElement\":[{\"@type\":\"ListItem\",\"position\":1,\"name\":\"Home\",\"item\":\"https:\\\/\\\/bien-etreiris.ch\\\/de\\\/\"},{\"@type\":\"ListItem\",\"position\":2,\"name\":\"PRODUKTPR\u00c4SENTATION\",\"item\":\"https:\\\/\\\/bien-etreiris.ch\\\/de\\\/produktpraesentation\\\/\"},{\"@type\":\"ListItem\",\"position\":3,\"name\":\"GESUNDES LEBEN\",\"item\":\"https:\\\/\\\/bien-etreiris.ch\\\/de\\\/produktpraesentation\\\/gesundes-leben\\\/\"},{\"@type\":\"ListItem\",\"position\":4,\"name\":\"GESUNDE LEBENSMITTEL\",\"item\":\"https:\\\/\\\/bien-etreiris.ch\\\/de\\\/produktpraesentation\\\/gesundes-leben\\\/gesunde-lebensmittel\\\/\"},{\"@type\":\"ListItem\",\"position\":5,\"name\":\"SUPERFOODS\",\"item\":\"https:\\\/\\\/bien-etreiris.ch\\\/de\\\/produktpraesentation\\\/gesundes-leben\\\/gesunde-lebensmittel\\\/superfoods\\\/\"},{\"@type\":\"ListItem\",\"position\":6,\"name\":\"TROCKENFR\u00dcCHTE\",\"item\":\"https:\\\/\\\/bien-etreiris.ch\\\/de\\\/produktpraesentation\\\/gesundes-leben\\\/gesunde-lebensmittel\\\/superfoods\\\/trockenfruechte\\\/\"},{\"@type\":\"ListItem\",\"position\":7,\"name\":\"FEIGEN\"}]},{\"@type\":\"WebSite\",\"@id\":\"https:\\\/\\\/bien-etreiris.ch\\\/de\\\/#website\",\"url\":\"https:\\\/\\\/bien-etreiris.ch\\\/de\\\/\",\"name\":\"Bien-\u00eatre Iris\",\"description\":\"IHRE Gesundheit ist uns wichtig\",\"potentialAction\":[{\"@type\":\"SearchAction\",\"target\":{\"@type\":\"EntryPoint\",\"urlTemplate\":\"https:\\\/\\\/bien-etreiris.ch\\\/de\\\/?s={search_term_string}\"},\"query-input\":{\"@type\":\"PropertyValueSpecification\",\"valueRequired\":true,\"valueName\":\"search_term_string\"}}],\"inLanguage\":\"de\"}]}<\/script>\n<!-- \/ Yoast SEO plugin. -->","yoast_head_json":{"title":"FEIGEN - WOHLBEFINDEN","robots":{"index":"index","follow":"follow","max-snippet":"max-snippet:-1","max-image-preview":"max-image-preview:large","max-video-preview":"max-video-preview:-1"},"canonical":"https:\/\/bien-etreiris.ch\/de\/produktpraesentation\/gesundes-leben\/gesunde-lebensmittel\/superfoods\/trockenfruechte\/getrocknete-feigen\/","og_locale":"de_DE","og_type":"article","og_title":"FEIGEN - WOHLBEFINDEN","og_description":"Getrocknete Feigen Feigen k\u00e4mpfen gegen Verstopfung Feigen absorbieren Wasser im Verdauungstrakt, verhindern so harte und trockene St\u00fchle und erleichtern die Darmpassage bei Verstopfung. \"Getrocknete Feigen sind sogar noch effektiver, weil sie reicher an Ballaststoffen und Magnesium sind, das auch ein Abf\u00fchrmittel ist. &nbsp; &nbsp; &nbsp; &nbsp; &nbsp; Figues s\u00e9ch\u00e9es coup\u00e9es en d\u00e9s 1cm X 1cm BIO bourgeon vendu en vrac&nbsp;Weiter lesen","og_url":"https:\/\/bien-etreiris.ch\/de\/produktpraesentation\/gesundes-leben\/gesunde-lebensmittel\/superfoods\/trockenfruechte\/getrocknete-feigen\/","og_site_name":"WOHLBEFINDEN","article_publisher":"https:\/\/www.facebook.com\/bienetreiris\/","article_modified_time":"2021-06-03T09:37:38+00:00","og_image":[{"width":500,"height":375,"url":"https:\/\/bien-etreiris.ch\/wp-content\/uploads\/2021\/04\/acceuil-figues-sec.png","type":"image\/png"}],"twitter_misc":{"Gesch\u00e4tzte Lesezeit":"2\u00a0Minuten"},"schema":{"@context":"https:\/\/schema.org","@graph":[{"@type":"WebPage","@id":"https:\/\/bien-etreiris.ch\/de\/produktpraesentation\/gesundes-leben\/gesunde-lebensmittel\/superfoods\/trockenfruechte\/getrocknete-feigen\/","url":"https:\/\/bien-etreiris.ch\/de\/produktpraesentation\/gesundes-leben\/gesunde-lebensmittel\/superfoods\/trockenfruechte\/getrocknete-feigen\/","name":"FEIGEN - WOHLBEFINDEN","isPartOf":{"@id":"https:\/\/bien-etreiris.ch\/de\/#website"},"primaryImageOfPage":{"@id":"https:\/\/bien-etreiris.ch\/de\/produktpraesentation\/gesundes-leben\/gesunde-lebensmittel\/superfoods\/trockenfruechte\/getrocknete-feigen\/#primaryimage"},"image":{"@id":"https:\/\/bien-etreiris.ch\/de\/produktpraesentation\/gesundes-leben\/gesunde-lebensmittel\/superfoods\/trockenfruechte\/getrocknete-feigen\/#primaryimage"},"thumbnailUrl":"https:\/\/bien-etreiris.ch\/wp-content\/uploads\/2021\/04\/acceuil-figues-sec.png","datePublished":"2021-04-19T12:50:00+00:00","dateModified":"2021-06-03T09:37:38+00:00","breadcrumb":{"@id":"https:\/\/bien-etreiris.ch\/de\/produktpraesentation\/gesundes-leben\/gesunde-lebensmittel\/superfoods\/trockenfruechte\/getrocknete-feigen\/#breadcrumb"},"inLanguage":"de","potentialAction":[{"@type":"ReadAction","target":["https:\/\/bien-etreiris.ch\/de\/produktpraesentation\/gesundes-leben\/gesunde-lebensmittel\/superfoods\/trockenfruechte\/getrocknete-feigen\/"]}]},{"@type":"ImageObject","inLanguage":"de","@id":"https:\/\/bien-etreiris.ch\/de\/produktpraesentation\/gesundes-leben\/gesunde-lebensmittel\/superfoods\/trockenfruechte\/getrocknete-feigen\/#primaryimage","url":"https:\/\/bien-etreiris.ch\/wp-content\/uploads\/2021\/04\/acceuil-figues-sec.png","contentUrl":"https:\/\/bien-etreiris.ch\/wp-content\/uploads\/2021\/04\/acceuil-figues-sec.png","width":500,"height":375},{"@type":"BreadcrumbList","@id":"https:\/\/bien-etreiris.ch\/de\/produktpraesentation\/gesundes-leben\/gesunde-lebensmittel\/superfoods\/trockenfruechte\/getrocknete-feigen\/#breadcrumb","itemListElement":[{"@type":"ListItem","position":1,"name":"Home","item":"https:\/\/bien-etreiris.ch\/de\/"},{"@type":"ListItem","position":2,"name":"PRODUKTPR\u00c4SENTATION","item":"https:\/\/bien-etreiris.ch\/de\/produktpraesentation\/"},{"@type":"ListItem","position":3,"name":"GESUNDES LEBEN","item":"https:\/\/bien-etreiris.ch\/de\/produktpraesentation\/gesundes-leben\/"},{"@type":"ListItem","position":4,"name":"GESUNDE LEBENSMITTEL","item":"https:\/\/bien-etreiris.ch\/de\/produktpraesentation\/gesundes-leben\/gesunde-lebensmittel\/"},{"@type":"ListItem","position":5,"name":"SUPERFOODS","item":"https:\/\/bien-etreiris.ch\/de\/produktpraesentation\/gesundes-leben\/gesunde-lebensmittel\/superfoods\/"},{"@type":"ListItem","position":6,"name":"TROCKENFR\u00dcCHTE","item":"https:\/\/bien-etreiris.ch\/de\/produktpraesentation\/gesundes-leben\/gesunde-lebensmittel\/superfoods\/trockenfruechte\/"},{"@type":"ListItem","position":7,"name":"FEIGEN"}]},{"@type":"WebSite","@id":"https:\/\/bien-etreiris.ch\/de\/#website","url":"https:\/\/bien-etreiris.ch\/de\/","name":"Bien-\u00eatre Iris","description":"IHRE Gesundheit ist uns wichtig","potentialAction":[{"@type":"SearchAction","target":{"@type":"EntryPoint","urlTemplate":"https:\/\/bien-etreiris.ch\/de\/?s={search_term_string}"},"query-input":{"@type":"PropertyValueSpecification","valueRequired":true,"valueName":"search_term_string"}}],"inLanguage":"de"}]}},"_links":{"self":[{"href":"https:\/\/bien-etreiris.ch\/de\/wp-json\/wp\/v2\/pages\/42646","targetHints":{"allow":["GET"]}}],"collection":[{"href":"https:\/\/bien-etreiris.ch\/de\/wp-json\/wp\/v2\/pages"}],"about":[{"href":"https:\/\/bien-etreiris.ch\/de\/wp-json\/wp\/v2\/types\/page"}],"author":[{"embeddable":true,"href":"https:\/\/bien-etreiris.ch\/de\/wp-json\/wp\/v2\/users\/1"}],"replies":[{"embeddable":true,"href":"https:\/\/bien-etreiris.ch\/de\/wp-json\/wp\/v2\/comments?post=42646"}],"version-history":[{"count":10,"href":"https:\/\/bien-etreiris.ch\/de\/wp-json\/wp\/v2\/pages\/42646\/revisions"}],"predecessor-version":[{"id":49348,"href":"https:\/\/bien-etreiris.ch\/de\/wp-json\/wp\/v2\/pages\/42646\/revisions\/49348"}],"up":[{"embeddable":true,"href":"https:\/\/bien-etreiris.ch\/de\/wp-json\/wp\/v2\/pages\/42532"}],"wp:featuredmedia":[{"embeddable":true,"href":"https:\/\/bien-etreiris.ch\/de\/wp-json\/wp\/v2\/media\/42644"}],"wp:attachment":[{"href":"https:\/\/bien-etreiris.ch\/de\/wp-json\/wp\/v2\/media?parent=42646"}],"curies":[{"name":"wp","href":"https:\/\/api.w.org\/{rel}","templated":true}]}}