{"id":42566,"date":"2021-04-19T11:58:58","date_gmt":"2021-04-19T09:58:58","guid":{"rendered":"https:\/\/bien-etreiris.ch\/?page_id=42566"},"modified":"2021-06-03T11:38:30","modified_gmt":"2021-06-03T09:38:30","slug":"getrocknete-datteln","status":"publish","type":"page","link":"https:\/\/bien-etreiris.ch\/de\/produktpraesentation\/gesundes-leben\/gesunde-lebensmittel\/superfoods\/trockenfruechte\/getrocknete-datteln\/","title":{"rendered":"DATTELN"},"content":{"rendered":"\n<h2><a href=\"https:\/\/bien-etreiris.ch\/wp-content\/uploads\/2021\/04\/Dattes-en-grand-plan.png\"><img loading=\"lazy\" decoding=\"async\" class=\"size-medium wp-image-42559 aligncenter\" src=\"https:\/\/bien-etreiris.ch\/wp-content\/uploads\/2021\/04\/Dattes-en-grand-plan-300x300.png\" alt=\"\" width=\"300\" height=\"300\" srcset=\"https:\/\/bien-etreiris.ch\/wp-content\/uploads\/2021\/04\/Dattes-en-grand-plan-300x300.png 300w, https:\/\/bien-etreiris.ch\/wp-content\/uploads\/2021\/04\/Dattes-en-grand-plan-150x150.png 150w, https:\/\/bien-etreiris.ch\/wp-content\/uploads\/2021\/04\/Dattes-en-grand-plan.png 500w\" sizes=\"auto, (max-width: 300px) 100vw, 300px\" \/><\/a>Getrocknete Datteln<\/h2>\n<p>sind besonders reich an Kalium, was sie zu einem Lebensmittel der Wahl f\u00fcr Sportler und \u00e4ltere Menschen macht. Sie enthalten auch bedeutende Mengen an Magnesium und Eisen.<\/p>\n<p><a href=\"https:\/\/bien-etreiris.ch\/wp-content\/uploads\/2021\/04\/dattes.png\"><img loading=\"lazy\" decoding=\"async\" class=\"size-medium wp-image-42562 alignleft\" src=\"https:\/\/bien-etreiris.ch\/wp-content\/uploads\/2021\/04\/dattes-300x200.png\" alt=\"\" width=\"300\" height=\"200\" srcset=\"https:\/\/bien-etreiris.ch\/wp-content\/uploads\/2021\/04\/dattes-300x200.png 300w, https:\/\/bien-etreiris.ch\/wp-content\/uploads\/2021\/04\/dattes.png 500w\" sizes=\"auto, (max-width: 300px) 100vw, 300px\" \/><\/a><\/p>\n<p>&nbsp;<\/p>\n<p>BIO Demeter de Tunisie<\/p>\n<p><span data-v-39e6ef6c=\"\" data-v-00ece6c5=\"\">sans noyaux <\/span>Deglet Nour<\/p>\n<p>en vrac de 50 g <strong>CHF 0.55<\/strong><\/p>\n<p>&nbsp;<\/p>\n<p>&nbsp;<\/p>\n<p><a href=\"https:\/\/bien-etreiris.ch\/wp-content\/uploads\/2021\/04\/dattes-en-des-scaled.jpg\"><img loading=\"lazy\" decoding=\"async\" class=\"size-medium wp-image-42662 alignleft\" src=\"https:\/\/bien-etreiris.ch\/wp-content\/uploads\/2021\/04\/dattes-en-des-300x225.jpg\" alt=\"\" width=\"300\" height=\"225\" srcset=\"https:\/\/bien-etreiris.ch\/wp-content\/uploads\/2021\/04\/dattes-en-des-300x225.jpg 300w, https:\/\/bien-etreiris.ch\/wp-content\/uploads\/2021\/04\/dattes-en-des-1024x768.jpg 1024w, https:\/\/bien-etreiris.ch\/wp-content\/uploads\/2021\/04\/dattes-en-des-768x576.jpg 768w, https:\/\/bien-etreiris.ch\/wp-content\/uploads\/2021\/04\/dattes-en-des-1536x1152.jpg 1536w, https:\/\/bien-etreiris.ch\/wp-content\/uploads\/2021\/04\/dattes-en-des-2048x1536.jpg 2048w, https:\/\/bien-etreiris.ch\/wp-content\/uploads\/2021\/04\/dattes-en-des-200x150.jpg 200w\" sizes=\"auto, (max-width: 300px) 100vw, 300px\" \/><\/a><\/p>\n<div>&nbsp;<\/div>\n<div>&nbsp;<\/div>\n<div>\n<p>BIO Demeter de Tunisie<\/p>\n<p>coup\u00e9es en d\u00e9s de 1 cm X 1 cm<\/p>\n<p>en vrac de 50 g <strong>CHF 0.45<\/strong><\/p>\n<\/div>\n<div>&nbsp;<\/div>\n<div>&nbsp;<\/div>\n<div>&nbsp;<\/div>\n<div>&nbsp;<\/div>\n<div>&nbsp;<\/div>\n<div>&nbsp;<\/div>\n<div>&nbsp;<\/div>\n<div>&nbsp;<\/div>\n<div class=\"et_pb_column et_pb_column_2_3 et_pb_column_4_tb_body  et_pb_css_mix_blend_mode_passthrough\">\n<div class=\"et_pb_module et_pb_post_content et_pb_post_content_0_tb_body\">\n<p><strong>Originaires du bassin de l\u2019Euphrate, cultiv\u00e9es depuis 8000 ans, les dattes sont surnomm\u00e9es \u00ab&nbsp;le pain du d\u00e9sert&nbsp;\u00bb. Rare plante \u00e0 pouvoir survivre dans le climat extr\u00eame des zones d\u00e9sertiques, le dattier a toujours \u00e9t\u00e9 une source importante d\u2019\u00e9nergie pour les peuples nomades qui y vivent. Mais les dattes ont bien d\u2019autres vertus, parfois insoup\u00e7onn\u00e9es, et une consommation r\u00e9guli\u00e8re de nos dattes s\u00e9ch\u00e9es Bio DEMETER pourraient vous changer la vie. <\/strong><\/p>\n<\/div>\n<\/div>\n<p>Ce fruit est non seulement tr\u00e8s b\u00e9n\u00e9fique pour notre organisme, mais il est un aliment phare de la m\u00e9decin Proph\u00e9tique. <strong>Le proph\u00e8te Mohamed recommande d\u2019en manger &nbsp;3, 5, ou 7 le matin.<\/strong><\/p>\n<p>&nbsp;<\/p>\n<h4 id=\"h-elles-vous-prot-gent-des-avc\">Elles vous prot\u00e8gent des AVC<\/h4>\n<p>Naturellement<strong>&nbsp;riches en min\u00e9raux (potassium, calcium, phosphore et magn\u00e9sium),<\/strong>&nbsp;les dattes vous aideront \u00e0 faire baisser votre pression art\u00e9rielle, r\u00e9duisant ainsi les risques d\u2019AVC et autres maladies cardio-vasculaires.<\/p>\n<p>&nbsp;<\/p>\n<h4 id=\"h-les-dattes-participent-au-bon-fonctionnement-de-l-organisme-et-au-renforcement-de-votre-syst-me-immunitaire\">Les dattes participent au bon fonctionnement de l\u2019organisme et au renforcement de votre syst\u00e8me immunitaire.<\/h4>\n<p>En effet, vous trouverez dans<strong> les dattes des nutriments et des vitamines essentiels<\/strong> au bon fonctionnement de votre organisme. Car <strong>les dattes sont riches en oligo\u00e9l\u00e9ments<\/strong> comme le cuivre, le zinc et le fer. Or, comme le fer ne peut pas \u00eatre synth\u00e9tis\u00e9 par l\u2019organisme, il doit donc \u00eatre apport\u00e9 quotidiennement par l\u2019alimentation. On estime les besoins quotidiens en fer \u00e0 environ 11 mg par jour. Or 25% des femmes ont des carences en fer\u2026 C\u2019est aussi pour ses vitamines qu\u2019il est recommand\u00e9 de manger des dattes. Elles sont <strong>riches en vitamines C, E, B2 et B3, mais aussi A1, B1, B5, B6 et K.<\/strong> Petit focus sur la vitamine B6, dont on d\u00e9couvre r\u00e9guli\u00e8rement les nombreux bienfaits sur l\u2019organisme. Comme cette vitamine n\u2019est ni synth\u00e9tis\u00e9e ni stock\u00e9e par l\u2019organisme, il faut donc en consommer en quantit\u00e9 suffisante chaque jour. D\u2019autant que la vitamine B6 aide l\u2019organisme \u00e0 se d\u00e9fendre contre les infections et les agressions externes (virus, bact\u00e9ries, toxines, parasites, etc.). Elle aide m\u00eame \u00e0 garder le moral puisqu\u2019elle joue un r\u00f4le dans la fabrication des hormones permettant d\u2019assurer un bon \u00e9quilibre hormonal (s\u00e9rotonine, adr\u00e9naline, etc.).<\/p>\n","protected":false},"excerpt":{"rendered":"<p>Getrocknete Datteln sind besonders reich an Kalium, was sie zu einem Lebensmittel der Wahl f\u00fcr Sportler und \u00e4ltere Menschen macht. Sie enthalten auch bedeutende Mengen an Magnesium und Eisen. &nbsp; BIO Demeter de Tunisie sans noyaux Deglet Nour en vrac de 50 g CHF 0.55 &nbsp; &nbsp; &nbsp; &nbsp; BIO Demeter de Tunisie coup\u00e9es en d\u00e9s de 1 cm X&nbsp;<a href=\"https:\/\/bien-etreiris.ch\/de\/produktpraesentation\/gesundes-leben\/gesunde-lebensmittel\/superfoods\/trockenfruechte\/getrocknete-datteln\/\" class=\"read-more\">Weiter lesen<\/a><\/p>\n","protected":false},"author":1,"featured_media":42581,"parent":42532,"menu_order":5979,"comment_status":"closed","ping_status":"closed","template":"page-with-child.php","meta":{"_acf_changed":false,"ngg_post_thumbnail":0,"footnotes":""},"class_list":["post-42566","page","type-page","status-publish","has-post-thumbnail","hentry"],"acf":[],"yoast_head":"<!-- This site is optimized with the Yoast SEO plugin v27.5 - https:\/\/yoast.com\/product\/yoast-seo-wordpress\/ -->\n<title>DATTELN - WOHLBEFINDEN<\/title>\n<meta name=\"robots\" content=\"index, follow, max-snippet:-1, max-image-preview:large, max-video-preview:-1\" \/>\n<link rel=\"canonical\" href=\"https:\/\/bien-etreiris.ch\/de\/produktpraesentation\/gesundes-leben\/gesunde-lebensmittel\/superfoods\/trockenfruechte\/getrocknete-datteln\/\" \/>\n<meta property=\"og:locale\" content=\"de_DE\" \/>\n<meta property=\"og:type\" content=\"article\" \/>\n<meta property=\"og:title\" content=\"DATTELN - WOHLBEFINDEN\" \/>\n<meta property=\"og:description\" content=\"Getrocknete Datteln sind besonders reich an Kalium, was sie zu einem Lebensmittel der Wahl f\u00fcr Sportler und \u00e4ltere Menschen macht. Sie enthalten auch bedeutende Mengen an Magnesium und Eisen. &nbsp; BIO Demeter de Tunisie sans noyaux Deglet Nour en vrac de 50 g CHF 0.55 &nbsp; &nbsp; &nbsp; &nbsp; BIO Demeter de Tunisie coup\u00e9es en d\u00e9s de 1 cm X&nbsp;Weiter lesen\" \/>\n<meta property=\"og:url\" content=\"https:\/\/bien-etreiris.ch\/de\/produktpraesentation\/gesundes-leben\/gesunde-lebensmittel\/superfoods\/trockenfruechte\/getrocknete-datteln\/\" \/>\n<meta property=\"og:site_name\" content=\"WOHLBEFINDEN\" \/>\n<meta property=\"article:publisher\" content=\"https:\/\/www.facebook.com\/bienetreiris\/\" \/>\n<meta property=\"article:modified_time\" content=\"2021-06-03T09:38:30+00:00\" \/>\n<meta property=\"og:image\" content=\"https:\/\/bien-etreiris.ch\/wp-content\/uploads\/2021\/04\/acceuil-de-dattes-1.png\" \/>\n\t<meta property=\"og:image:width\" content=\"500\" \/>\n\t<meta property=\"og:image:height\" content=\"315\" \/>\n\t<meta property=\"og:image:type\" content=\"image\/png\" \/>\n<meta name=\"twitter:label1\" content=\"Gesch\u00e4tzte Lesezeit\" \/>\n\t<meta name=\"twitter:data1\" content=\"3\u00a0Minuten\" \/>\n<script type=\"application\/ld+json\" class=\"yoast-schema-graph\">{\"@context\":\"https:\\\/\\\/schema.org\",\"@graph\":[{\"@type\":\"WebPage\",\"@id\":\"https:\\\/\\\/bien-etreiris.ch\\\/de\\\/produktpraesentation\\\/gesundes-leben\\\/gesunde-lebensmittel\\\/superfoods\\\/trockenfruechte\\\/getrocknete-datteln\\\/\",\"url\":\"https:\\\/\\\/bien-etreiris.ch\\\/de\\\/produktpraesentation\\\/gesundes-leben\\\/gesunde-lebensmittel\\\/superfoods\\\/trockenfruechte\\\/getrocknete-datteln\\\/\",\"name\":\"DATTELN - WOHLBEFINDEN\",\"isPartOf\":{\"@id\":\"https:\\\/\\\/bien-etreiris.ch\\\/de\\\/#website\"},\"primaryImageOfPage\":{\"@id\":\"https:\\\/\\\/bien-etreiris.ch\\\/de\\\/produktpraesentation\\\/gesundes-leben\\\/gesunde-lebensmittel\\\/superfoods\\\/trockenfruechte\\\/getrocknete-datteln\\\/#primaryimage\"},\"image\":{\"@id\":\"https:\\\/\\\/bien-etreiris.ch\\\/de\\\/produktpraesentation\\\/gesundes-leben\\\/gesunde-lebensmittel\\\/superfoods\\\/trockenfruechte\\\/getrocknete-datteln\\\/#primaryimage\"},\"thumbnailUrl\":\"https:\\\/\\\/bien-etreiris.ch\\\/wp-content\\\/uploads\\\/2021\\\/04\\\/acceuil-de-dattes-1.png\",\"datePublished\":\"2021-04-19T09:58:58+00:00\",\"dateModified\":\"2021-06-03T09:38:30+00:00\",\"breadcrumb\":{\"@id\":\"https:\\\/\\\/bien-etreiris.ch\\\/de\\\/produktpraesentation\\\/gesundes-leben\\\/gesunde-lebensmittel\\\/superfoods\\\/trockenfruechte\\\/getrocknete-datteln\\\/#breadcrumb\"},\"inLanguage\":\"de\",\"potentialAction\":[{\"@type\":\"ReadAction\",\"target\":[\"https:\\\/\\\/bien-etreiris.ch\\\/de\\\/produktpraesentation\\\/gesundes-leben\\\/gesunde-lebensmittel\\\/superfoods\\\/trockenfruechte\\\/getrocknete-datteln\\\/\"]}]},{\"@type\":\"ImageObject\",\"inLanguage\":\"de\",\"@id\":\"https:\\\/\\\/bien-etreiris.ch\\\/de\\\/produktpraesentation\\\/gesundes-leben\\\/gesunde-lebensmittel\\\/superfoods\\\/trockenfruechte\\\/getrocknete-datteln\\\/#primaryimage\",\"url\":\"https:\\\/\\\/bien-etreiris.ch\\\/wp-content\\\/uploads\\\/2021\\\/04\\\/acceuil-de-dattes-1.png\",\"contentUrl\":\"https:\\\/\\\/bien-etreiris.ch\\\/wp-content\\\/uploads\\\/2021\\\/04\\\/acceuil-de-dattes-1.png\",\"width\":500,\"height\":315},{\"@type\":\"BreadcrumbList\",\"@id\":\"https:\\\/\\\/bien-etreiris.ch\\\/de\\\/produktpraesentation\\\/gesundes-leben\\\/gesunde-lebensmittel\\\/superfoods\\\/trockenfruechte\\\/getrocknete-datteln\\\/#breadcrumb\",\"itemListElement\":[{\"@type\":\"ListItem\",\"position\":1,\"name\":\"Home\",\"item\":\"https:\\\/\\\/bien-etreiris.ch\\\/de\\\/\"},{\"@type\":\"ListItem\",\"position\":2,\"name\":\"PRODUKTPR\u00c4SENTATION\",\"item\":\"https:\\\/\\\/bien-etreiris.ch\\\/de\\\/produktpraesentation\\\/\"},{\"@type\":\"ListItem\",\"position\":3,\"name\":\"GESUNDES LEBEN\",\"item\":\"https:\\\/\\\/bien-etreiris.ch\\\/de\\\/produktpraesentation\\\/gesundes-leben\\\/\"},{\"@type\":\"ListItem\",\"position\":4,\"name\":\"GESUNDE LEBENSMITTEL\",\"item\":\"https:\\\/\\\/bien-etreiris.ch\\\/de\\\/produktpraesentation\\\/gesundes-leben\\\/gesunde-lebensmittel\\\/\"},{\"@type\":\"ListItem\",\"position\":5,\"name\":\"SUPERFOODS\",\"item\":\"https:\\\/\\\/bien-etreiris.ch\\\/de\\\/produktpraesentation\\\/gesundes-leben\\\/gesunde-lebensmittel\\\/superfoods\\\/\"},{\"@type\":\"ListItem\",\"position\":6,\"name\":\"TROCKENFR\u00dcCHTE\",\"item\":\"https:\\\/\\\/bien-etreiris.ch\\\/de\\\/produktpraesentation\\\/gesundes-leben\\\/gesunde-lebensmittel\\\/superfoods\\\/trockenfruechte\\\/\"},{\"@type\":\"ListItem\",\"position\":7,\"name\":\"DATTELN\"}]},{\"@type\":\"WebSite\",\"@id\":\"https:\\\/\\\/bien-etreiris.ch\\\/de\\\/#website\",\"url\":\"https:\\\/\\\/bien-etreiris.ch\\\/de\\\/\",\"name\":\"Bien-\u00eatre Iris\",\"description\":\"IHRE Gesundheit ist uns wichtig\",\"potentialAction\":[{\"@type\":\"SearchAction\",\"target\":{\"@type\":\"EntryPoint\",\"urlTemplate\":\"https:\\\/\\\/bien-etreiris.ch\\\/de\\\/?s={search_term_string}\"},\"query-input\":{\"@type\":\"PropertyValueSpecification\",\"valueRequired\":true,\"valueName\":\"search_term_string\"}}],\"inLanguage\":\"de\"}]}<\/script>\n<!-- \/ Yoast SEO plugin. -->","yoast_head_json":{"title":"DATTELN - WOHLBEFINDEN","robots":{"index":"index","follow":"follow","max-snippet":"max-snippet:-1","max-image-preview":"max-image-preview:large","max-video-preview":"max-video-preview:-1"},"canonical":"https:\/\/bien-etreiris.ch\/de\/produktpraesentation\/gesundes-leben\/gesunde-lebensmittel\/superfoods\/trockenfruechte\/getrocknete-datteln\/","og_locale":"de_DE","og_type":"article","og_title":"DATTELN - WOHLBEFINDEN","og_description":"Getrocknete Datteln sind besonders reich an Kalium, was sie zu einem Lebensmittel der Wahl f\u00fcr Sportler und \u00e4ltere Menschen macht. Sie enthalten auch bedeutende Mengen an Magnesium und Eisen. &nbsp; BIO Demeter de Tunisie sans noyaux Deglet Nour en vrac de 50 g CHF 0.55 &nbsp; &nbsp; &nbsp; &nbsp; BIO Demeter de Tunisie coup\u00e9es en d\u00e9s de 1 cm X&nbsp;Weiter lesen","og_url":"https:\/\/bien-etreiris.ch\/de\/produktpraesentation\/gesundes-leben\/gesunde-lebensmittel\/superfoods\/trockenfruechte\/getrocknete-datteln\/","og_site_name":"WOHLBEFINDEN","article_publisher":"https:\/\/www.facebook.com\/bienetreiris\/","article_modified_time":"2021-06-03T09:38:30+00:00","og_image":[{"width":500,"height":315,"url":"https:\/\/bien-etreiris.ch\/wp-content\/uploads\/2021\/04\/acceuil-de-dattes-1.png","type":"image\/png"}],"twitter_misc":{"Gesch\u00e4tzte Lesezeit":"3\u00a0Minuten"},"schema":{"@context":"https:\/\/schema.org","@graph":[{"@type":"WebPage","@id":"https:\/\/bien-etreiris.ch\/de\/produktpraesentation\/gesundes-leben\/gesunde-lebensmittel\/superfoods\/trockenfruechte\/getrocknete-datteln\/","url":"https:\/\/bien-etreiris.ch\/de\/produktpraesentation\/gesundes-leben\/gesunde-lebensmittel\/superfoods\/trockenfruechte\/getrocknete-datteln\/","name":"DATTELN - WOHLBEFINDEN","isPartOf":{"@id":"https:\/\/bien-etreiris.ch\/de\/#website"},"primaryImageOfPage":{"@id":"https:\/\/bien-etreiris.ch\/de\/produktpraesentation\/gesundes-leben\/gesunde-lebensmittel\/superfoods\/trockenfruechte\/getrocknete-datteln\/#primaryimage"},"image":{"@id":"https:\/\/bien-etreiris.ch\/de\/produktpraesentation\/gesundes-leben\/gesunde-lebensmittel\/superfoods\/trockenfruechte\/getrocknete-datteln\/#primaryimage"},"thumbnailUrl":"https:\/\/bien-etreiris.ch\/wp-content\/uploads\/2021\/04\/acceuil-de-dattes-1.png","datePublished":"2021-04-19T09:58:58+00:00","dateModified":"2021-06-03T09:38:30+00:00","breadcrumb":{"@id":"https:\/\/bien-etreiris.ch\/de\/produktpraesentation\/gesundes-leben\/gesunde-lebensmittel\/superfoods\/trockenfruechte\/getrocknete-datteln\/#breadcrumb"},"inLanguage":"de","potentialAction":[{"@type":"ReadAction","target":["https:\/\/bien-etreiris.ch\/de\/produktpraesentation\/gesundes-leben\/gesunde-lebensmittel\/superfoods\/trockenfruechte\/getrocknete-datteln\/"]}]},{"@type":"ImageObject","inLanguage":"de","@id":"https:\/\/bien-etreiris.ch\/de\/produktpraesentation\/gesundes-leben\/gesunde-lebensmittel\/superfoods\/trockenfruechte\/getrocknete-datteln\/#primaryimage","url":"https:\/\/bien-etreiris.ch\/wp-content\/uploads\/2021\/04\/acceuil-de-dattes-1.png","contentUrl":"https:\/\/bien-etreiris.ch\/wp-content\/uploads\/2021\/04\/acceuil-de-dattes-1.png","width":500,"height":315},{"@type":"BreadcrumbList","@id":"https:\/\/bien-etreiris.ch\/de\/produktpraesentation\/gesundes-leben\/gesunde-lebensmittel\/superfoods\/trockenfruechte\/getrocknete-datteln\/#breadcrumb","itemListElement":[{"@type":"ListItem","position":1,"name":"Home","item":"https:\/\/bien-etreiris.ch\/de\/"},{"@type":"ListItem","position":2,"name":"PRODUKTPR\u00c4SENTATION","item":"https:\/\/bien-etreiris.ch\/de\/produktpraesentation\/"},{"@type":"ListItem","position":3,"name":"GESUNDES LEBEN","item":"https:\/\/bien-etreiris.ch\/de\/produktpraesentation\/gesundes-leben\/"},{"@type":"ListItem","position":4,"name":"GESUNDE LEBENSMITTEL","item":"https:\/\/bien-etreiris.ch\/de\/produktpraesentation\/gesundes-leben\/gesunde-lebensmittel\/"},{"@type":"ListItem","position":5,"name":"SUPERFOODS","item":"https:\/\/bien-etreiris.ch\/de\/produktpraesentation\/gesundes-leben\/gesunde-lebensmittel\/superfoods\/"},{"@type":"ListItem","position":6,"name":"TROCKENFR\u00dcCHTE","item":"https:\/\/bien-etreiris.ch\/de\/produktpraesentation\/gesundes-leben\/gesunde-lebensmittel\/superfoods\/trockenfruechte\/"},{"@type":"ListItem","position":7,"name":"DATTELN"}]},{"@type":"WebSite","@id":"https:\/\/bien-etreiris.ch\/de\/#website","url":"https:\/\/bien-etreiris.ch\/de\/","name":"Bien-\u00eatre Iris","description":"IHRE Gesundheit ist uns wichtig","potentialAction":[{"@type":"SearchAction","target":{"@type":"EntryPoint","urlTemplate":"https:\/\/bien-etreiris.ch\/de\/?s={search_term_string}"},"query-input":{"@type":"PropertyValueSpecification","valueRequired":true,"valueName":"search_term_string"}}],"inLanguage":"de"}]}},"_links":{"self":[{"href":"https:\/\/bien-etreiris.ch\/de\/wp-json\/wp\/v2\/pages\/42566","targetHints":{"allow":["GET"]}}],"collection":[{"href":"https:\/\/bien-etreiris.ch\/de\/wp-json\/wp\/v2\/pages"}],"about":[{"href":"https:\/\/bien-etreiris.ch\/de\/wp-json\/wp\/v2\/types\/page"}],"author":[{"embeddable":true,"href":"https:\/\/bien-etreiris.ch\/de\/wp-json\/wp\/v2\/users\/1"}],"replies":[{"embeddable":true,"href":"https:\/\/bien-etreiris.ch\/de\/wp-json\/wp\/v2\/comments?post=42566"}],"version-history":[{"count":9,"href":"https:\/\/bien-etreiris.ch\/de\/wp-json\/wp\/v2\/pages\/42566\/revisions"}],"predecessor-version":[{"id":49349,"href":"https:\/\/bien-etreiris.ch\/de\/wp-json\/wp\/v2\/pages\/42566\/revisions\/49349"}],"up":[{"embeddable":true,"href":"https:\/\/bien-etreiris.ch\/de\/wp-json\/wp\/v2\/pages\/42532"}],"wp:featuredmedia":[{"embeddable":true,"href":"https:\/\/bien-etreiris.ch\/de\/wp-json\/wp\/v2\/media\/42581"}],"wp:attachment":[{"href":"https:\/\/bien-etreiris.ch\/de\/wp-json\/wp\/v2\/media?parent=42566"}],"curies":[{"name":"wp","href":"https:\/\/api.w.org\/{rel}","templated":true}]}}