{"id":41906,"date":"2021-04-05T14:50:16","date_gmt":"2021-04-05T14:50:16","guid":{"rendered":"https:\/\/bien-etreiris.ch\/?page_id=41906"},"modified":"2021-09-14T17:40:42","modified_gmt":"2021-09-14T15:40:42","slug":"artemisia","status":"publish","type":"page","link":"https:\/\/bien-etreiris.ch\/de\/produktpraesentation\/lesen-und-entdecken\/heilpflanzen\/artemisia\/","title":{"rendered":"ARTEMISIA"},"content":{"rendered":"\n<h2 class=\"wp-block-heading\"> <br>ARTEMISIA - K\u00d6NIGIN DER HEILPFLANZEN <\/h2>\n\n\n<p><a href=\"https:\/\/decoiris.ch\/wp-content\/uploads\/2021\/04\/Artemisa.jpg\"><img loading=\"lazy\" decoding=\"async\" class=\"size-medium wp-image-41900 alignleft\" src=\"https:\/\/decoiris.ch\/wp-content\/uploads\/2021\/04\/Artemisa-236x300.jpg\" alt=\"\" width=\"236\" height=\"300\" srcset=\"https:\/\/bien-etreiris.ch\/wp-content\/uploads\/2021\/04\/Artemisa-236x300.jpg 236w, https:\/\/bien-etreiris.ch\/wp-content\/uploads\/2021\/04\/Artemisa.jpg 491w\" sizes=\"auto, (max-width: 236px) 100vw, 236px\" \/><\/a><\/p>\n<p>&nbsp;<\/p>\n<p>&nbsp;<\/p>\n<p>&nbsp;<\/p>\n<h2 class=\"mediumText \">Barbara Simonsohn<\/h2>\n<p>155 Seiten, geb.<br>erschienen 2017<br>Gewicht: 410g<\/p>\n<p><strong>CHF 22.00<\/strong><\/p>\n<p>&nbsp;<\/p>\n<h2>Artemisia annua, dieser Name klingt wie Musik<\/h2>\n<p><strong>Tats\u00e4chlich:<\/strong> <br>Diese Pflanze enth\u00e4lt eine Symphonie von N\u00e4hrstoffen, mehr als 400 gesundheitlich relevante Bestandteile, die synergetisch zusammenwirken. Diese uralte Heilpflanze wurde erst in den 1950er Jahren in China wiederentdeckt. Der Pharmakologin Youyou Tu wurde daf\u00fcr 2015 der Nobelpreis f\u00fcr Medizin verliehen. <br>Artemisia annua stellt das Kronjuwel in der Schatzkammer der traditionellen chinesischen Heilkunde TCM dar. Die Chinesen wussten schon vor mehr als 2000 Jahren, dass man damit Malaria heilen kann, Fieber, Geschwulste und sogar Krebs.<\/p>\n<p>Diese Pflanze wird jetzt gerade wieder entdeckt und tritt ihren verdienten Siegeszug um den Planeten an. Artemisia annua wirkt gegen alle Herpesviren, Pilze wie Candida albicans, Borrelien, Plasmodien, W\u00fcrmer, grammpositive und grammnegative Bakterien, sogar gegen multiresistente Krankenhauskeime, gegen Viren, welche Hepatitis A, B oder C verursachen, und hilft sogar, die Virenlast bei AIDS zu mindern.<\/p>\n<h4>Wussten Sie, dass Malaria auch in Deutschland vorkommt?<\/h4>\n<p>Friedrich von Schiller war daran erkrankt. Die Pflanze reinigt den Darm, st\u00e4rkt das Immunsystem, hilft bei Diabetes Typ I und II und optimiert den Stoffwechsel. Ihre St\u00e4rken liegen nicht nur in der Aktivierung der Selbstheilungskr\u00e4fte, sondern in der Vorbeugung von Krankheiten jeder Art.<\/p>\n<p>Artemisia annua ist ein Adaptogen, was alle k\u00f6rperlichen und seelischen Funktionen st\u00e4rkt, optimiert und ins Gleichgewicht bringt. Wir brauchen die Bitterstoffe in Artemisia f\u00fcr einen gesunden Magen, Bauchspeicheldr\u00fcse und Darm.<br>Artemisia annua ist in meinen Augen ein Geschenk des Himmels und Mutter Natur f\u00fcr den stressgeplagten Menschen der heutigen Zeit. <br><strong>Das Gute:<\/strong> <br>Sie k\u00f6nnen Artemisia annua auch auf Ihrem Balkon oder Ihrem Garten anbauen und haben dann Ihre Hausapotheke direkt vor der T\u00fcr.<\/p>\n<p>&nbsp;<\/p>","protected":false},"excerpt":{"rendered":"<p>ARTEMISIA - K\u00d6NIGIN DER HEILPFLANZEN &nbsp; &nbsp; &nbsp; Barbara Simonsohn 155 Seiten, geb.erschienen 2017Gewicht: 410g CHF 22.00 &nbsp; Artemisia annua, dieser Name klingt wie Musik Tats\u00e4chlich: Diese Pflanze enth\u00e4lt eine Symphonie von N\u00e4hrstoffen, mehr als 400 gesundheitlich relevante Bestandteile, die synergetisch zusammenwirken. Diese uralte Heilpflanze wurde erst in den 1950er Jahren in China wiederentdeckt. Der Pharmakologin Youyou Tu wurde daf\u00fcr&nbsp;<a href=\"https:\/\/bien-etreiris.ch\/de\/produktpraesentation\/lesen-und-entdecken\/heilpflanzen\/artemisia\/\" class=\"read-more\">Weiter lesen<\/a><\/p>\n","protected":false},"author":1,"featured_media":41911,"parent":41892,"menu_order":6017,"comment_status":"closed","ping_status":"closed","template":"page-with-child.php","meta":{"_acf_changed":false,"ngg_post_thumbnail":0,"footnotes":""},"class_list":["post-41906","page","type-page","status-publish","has-post-thumbnail","hentry"],"acf":[],"yoast_head":"<!-- This site is optimized with the Yoast SEO plugin v27.6 - https:\/\/yoast.com\/product\/yoast-seo-wordpress\/ -->\n<title>ARTEMISIA - WOHLBEFINDEN<\/title>\n<meta name=\"robots\" content=\"index, follow, max-snippet:-1, max-image-preview:large, max-video-preview:-1\" \/>\n<link rel=\"canonical\" href=\"https:\/\/bien-etreiris.ch\/de\/produktpraesentation\/lesen-und-entdecken\/heilpflanzen\/artemisia\/\" \/>\n<meta property=\"og:locale\" content=\"de_DE\" \/>\n<meta property=\"og:type\" content=\"article\" \/>\n<meta property=\"og:title\" content=\"ARTEMISIA - WOHLBEFINDEN\" \/>\n<meta property=\"og:description\" content=\"ARTEMISIA - K\u00d6NIGIN DER HEILPFLANZEN &nbsp; &nbsp; &nbsp; Barbara Simonsohn 155 Seiten, geb.erschienen 2017Gewicht: 410g CHF 22.00 &nbsp; Artemisia annua, dieser Name klingt wie Musik Tats\u00e4chlich: Diese Pflanze enth\u00e4lt eine Symphonie von N\u00e4hrstoffen, mehr als 400 gesundheitlich relevante Bestandteile, die synergetisch zusammenwirken. Diese uralte Heilpflanze wurde erst in den 1950er Jahren in China wiederentdeckt. Der Pharmakologin Youyou Tu wurde daf\u00fcr&nbsp;Weiter lesen\" \/>\n<meta property=\"og:url\" content=\"https:\/\/bien-etreiris.ch\/de\/produktpraesentation\/lesen-und-entdecken\/heilpflanzen\/artemisia\/\" \/>\n<meta property=\"og:site_name\" content=\"WOHLBEFINDEN\" \/>\n<meta property=\"article:publisher\" content=\"https:\/\/www.facebook.com\/bienetreiris\/\" \/>\n<meta property=\"article:modified_time\" content=\"2021-09-14T15:40:42+00:00\" \/>\n<meta property=\"og:image\" content=\"https:\/\/bien-etreiris.ch\/wp-content\/uploads\/2021\/04\/acceuil-Artemisa-1.jpg\" \/>\n\t<meta property=\"og:image:width\" content=\"496\" \/>\n\t<meta property=\"og:image:height\" content=\"370\" \/>\n\t<meta property=\"og:image:type\" content=\"image\/jpeg\" \/>\n<meta name=\"twitter:label1\" content=\"Gesch\u00e4tzte Lesezeit\" \/>\n\t<meta name=\"twitter:data1\" content=\"2\u00a0Minuten\" \/>\n<script type=\"application\/ld+json\" class=\"yoast-schema-graph\">{\"@context\":\"https:\\\/\\\/schema.org\",\"@graph\":[{\"@type\":\"WebPage\",\"@id\":\"https:\\\/\\\/bien-etreiris.ch\\\/de\\\/produktpraesentation\\\/lesen-und-entdecken\\\/heilpflanzen\\\/artemisia\\\/\",\"url\":\"https:\\\/\\\/bien-etreiris.ch\\\/de\\\/produktpraesentation\\\/lesen-und-entdecken\\\/heilpflanzen\\\/artemisia\\\/\",\"name\":\"ARTEMISIA - WOHLBEFINDEN\",\"isPartOf\":{\"@id\":\"https:\\\/\\\/bien-etreiris.ch\\\/de\\\/#website\"},\"primaryImageOfPage\":{\"@id\":\"https:\\\/\\\/bien-etreiris.ch\\\/de\\\/produktpraesentation\\\/lesen-und-entdecken\\\/heilpflanzen\\\/artemisia\\\/#primaryimage\"},\"image\":{\"@id\":\"https:\\\/\\\/bien-etreiris.ch\\\/de\\\/produktpraesentation\\\/lesen-und-entdecken\\\/heilpflanzen\\\/artemisia\\\/#primaryimage\"},\"thumbnailUrl\":\"https:\\\/\\\/bien-etreiris.ch\\\/wp-content\\\/uploads\\\/2021\\\/04\\\/acceuil-Artemisa-1.jpg\",\"datePublished\":\"2021-04-05T14:50:16+00:00\",\"dateModified\":\"2021-09-14T15:40:42+00:00\",\"breadcrumb\":{\"@id\":\"https:\\\/\\\/bien-etreiris.ch\\\/de\\\/produktpraesentation\\\/lesen-und-entdecken\\\/heilpflanzen\\\/artemisia\\\/#breadcrumb\"},\"inLanguage\":\"de\",\"potentialAction\":[{\"@type\":\"ReadAction\",\"target\":[\"https:\\\/\\\/bien-etreiris.ch\\\/de\\\/produktpraesentation\\\/lesen-und-entdecken\\\/heilpflanzen\\\/artemisia\\\/\"]}]},{\"@type\":\"ImageObject\",\"inLanguage\":\"de\",\"@id\":\"https:\\\/\\\/bien-etreiris.ch\\\/de\\\/produktpraesentation\\\/lesen-und-entdecken\\\/heilpflanzen\\\/artemisia\\\/#primaryimage\",\"url\":\"https:\\\/\\\/bien-etreiris.ch\\\/wp-content\\\/uploads\\\/2021\\\/04\\\/acceuil-Artemisa-1.jpg\",\"contentUrl\":\"https:\\\/\\\/bien-etreiris.ch\\\/wp-content\\\/uploads\\\/2021\\\/04\\\/acceuil-Artemisa-1.jpg\",\"width\":496,\"height\":370},{\"@type\":\"BreadcrumbList\",\"@id\":\"https:\\\/\\\/bien-etreiris.ch\\\/de\\\/produktpraesentation\\\/lesen-und-entdecken\\\/heilpflanzen\\\/artemisia\\\/#breadcrumb\",\"itemListElement\":[{\"@type\":\"ListItem\",\"position\":1,\"name\":\"Home\",\"item\":\"https:\\\/\\\/bien-etreiris.ch\\\/de\\\/\"},{\"@type\":\"ListItem\",\"position\":2,\"name\":\"PRODUKTPR\u00c4SENTATION\",\"item\":\"https:\\\/\\\/bien-etreiris.ch\\\/de\\\/produktpraesentation\\\/\"},{\"@type\":\"ListItem\",\"position\":3,\"name\":\"LESEN UND ENTDECKEN\",\"item\":\"https:\\\/\\\/bien-etreiris.ch\\\/de\\\/produktpraesentation\\\/lesen-und-entdecken\\\/\"},{\"@type\":\"ListItem\",\"position\":4,\"name\":\"HEILPFLANZEN\",\"item\":\"https:\\\/\\\/bien-etreiris.ch\\\/de\\\/produktpraesentation\\\/lesen-und-entdecken\\\/heilpflanzen\\\/\"},{\"@type\":\"ListItem\",\"position\":5,\"name\":\"ARTEMISIA\"}]},{\"@type\":\"WebSite\",\"@id\":\"https:\\\/\\\/bien-etreiris.ch\\\/de\\\/#website\",\"url\":\"https:\\\/\\\/bien-etreiris.ch\\\/de\\\/\",\"name\":\"Bien-\u00eatre Iris\",\"description\":\"IHRE Gesundheit ist uns wichtig\",\"potentialAction\":[{\"@type\":\"SearchAction\",\"target\":{\"@type\":\"EntryPoint\",\"urlTemplate\":\"https:\\\/\\\/bien-etreiris.ch\\\/de\\\/?s={search_term_string}\"},\"query-input\":{\"@type\":\"PropertyValueSpecification\",\"valueRequired\":true,\"valueName\":\"search_term_string\"}}],\"inLanguage\":\"de\"}]}<\/script>\n<!-- \/ Yoast SEO plugin. -->","yoast_head_json":{"title":"ARTEMISIA - WOHLBEFINDEN","robots":{"index":"index","follow":"follow","max-snippet":"max-snippet:-1","max-image-preview":"max-image-preview:large","max-video-preview":"max-video-preview:-1"},"canonical":"https:\/\/bien-etreiris.ch\/de\/produktpraesentation\/lesen-und-entdecken\/heilpflanzen\/artemisia\/","og_locale":"de_DE","og_type":"article","og_title":"ARTEMISIA - WOHLBEFINDEN","og_description":"ARTEMISIA - K\u00d6NIGIN DER HEILPFLANZEN &nbsp; &nbsp; &nbsp; Barbara Simonsohn 155 Seiten, geb.erschienen 2017Gewicht: 410g CHF 22.00 &nbsp; Artemisia annua, dieser Name klingt wie Musik Tats\u00e4chlich: Diese Pflanze enth\u00e4lt eine Symphonie von N\u00e4hrstoffen, mehr als 400 gesundheitlich relevante Bestandteile, die synergetisch zusammenwirken. Diese uralte Heilpflanze wurde erst in den 1950er Jahren in China wiederentdeckt. Der Pharmakologin Youyou Tu wurde daf\u00fcr&nbsp;Weiter lesen","og_url":"https:\/\/bien-etreiris.ch\/de\/produktpraesentation\/lesen-und-entdecken\/heilpflanzen\/artemisia\/","og_site_name":"WOHLBEFINDEN","article_publisher":"https:\/\/www.facebook.com\/bienetreiris\/","article_modified_time":"2021-09-14T15:40:42+00:00","og_image":[{"width":496,"height":370,"url":"https:\/\/bien-etreiris.ch\/wp-content\/uploads\/2021\/04\/acceuil-Artemisa-1.jpg","type":"image\/jpeg"}],"twitter_misc":{"Gesch\u00e4tzte Lesezeit":"2\u00a0Minuten"},"schema":{"@context":"https:\/\/schema.org","@graph":[{"@type":"WebPage","@id":"https:\/\/bien-etreiris.ch\/de\/produktpraesentation\/lesen-und-entdecken\/heilpflanzen\/artemisia\/","url":"https:\/\/bien-etreiris.ch\/de\/produktpraesentation\/lesen-und-entdecken\/heilpflanzen\/artemisia\/","name":"ARTEMISIA - WOHLBEFINDEN","isPartOf":{"@id":"https:\/\/bien-etreiris.ch\/de\/#website"},"primaryImageOfPage":{"@id":"https:\/\/bien-etreiris.ch\/de\/produktpraesentation\/lesen-und-entdecken\/heilpflanzen\/artemisia\/#primaryimage"},"image":{"@id":"https:\/\/bien-etreiris.ch\/de\/produktpraesentation\/lesen-und-entdecken\/heilpflanzen\/artemisia\/#primaryimage"},"thumbnailUrl":"https:\/\/bien-etreiris.ch\/wp-content\/uploads\/2021\/04\/acceuil-Artemisa-1.jpg","datePublished":"2021-04-05T14:50:16+00:00","dateModified":"2021-09-14T15:40:42+00:00","breadcrumb":{"@id":"https:\/\/bien-etreiris.ch\/de\/produktpraesentation\/lesen-und-entdecken\/heilpflanzen\/artemisia\/#breadcrumb"},"inLanguage":"de","potentialAction":[{"@type":"ReadAction","target":["https:\/\/bien-etreiris.ch\/de\/produktpraesentation\/lesen-und-entdecken\/heilpflanzen\/artemisia\/"]}]},{"@type":"ImageObject","inLanguage":"de","@id":"https:\/\/bien-etreiris.ch\/de\/produktpraesentation\/lesen-und-entdecken\/heilpflanzen\/artemisia\/#primaryimage","url":"https:\/\/bien-etreiris.ch\/wp-content\/uploads\/2021\/04\/acceuil-Artemisa-1.jpg","contentUrl":"https:\/\/bien-etreiris.ch\/wp-content\/uploads\/2021\/04\/acceuil-Artemisa-1.jpg","width":496,"height":370},{"@type":"BreadcrumbList","@id":"https:\/\/bien-etreiris.ch\/de\/produktpraesentation\/lesen-und-entdecken\/heilpflanzen\/artemisia\/#breadcrumb","itemListElement":[{"@type":"ListItem","position":1,"name":"Home","item":"https:\/\/bien-etreiris.ch\/de\/"},{"@type":"ListItem","position":2,"name":"PRODUKTPR\u00c4SENTATION","item":"https:\/\/bien-etreiris.ch\/de\/produktpraesentation\/"},{"@type":"ListItem","position":3,"name":"LESEN UND ENTDECKEN","item":"https:\/\/bien-etreiris.ch\/de\/produktpraesentation\/lesen-und-entdecken\/"},{"@type":"ListItem","position":4,"name":"HEILPFLANZEN","item":"https:\/\/bien-etreiris.ch\/de\/produktpraesentation\/lesen-und-entdecken\/heilpflanzen\/"},{"@type":"ListItem","position":5,"name":"ARTEMISIA"}]},{"@type":"WebSite","@id":"https:\/\/bien-etreiris.ch\/de\/#website","url":"https:\/\/bien-etreiris.ch\/de\/","name":"Bien-\u00eatre Iris","description":"IHRE Gesundheit ist uns wichtig","potentialAction":[{"@type":"SearchAction","target":{"@type":"EntryPoint","urlTemplate":"https:\/\/bien-etreiris.ch\/de\/?s={search_term_string}"},"query-input":{"@type":"PropertyValueSpecification","valueRequired":true,"valueName":"search_term_string"}}],"inLanguage":"de"}]}},"_links":{"self":[{"href":"https:\/\/bien-etreiris.ch\/de\/wp-json\/wp\/v2\/pages\/41906","targetHints":{"allow":["GET"]}}],"collection":[{"href":"https:\/\/bien-etreiris.ch\/de\/wp-json\/wp\/v2\/pages"}],"about":[{"href":"https:\/\/bien-etreiris.ch\/de\/wp-json\/wp\/v2\/types\/page"}],"author":[{"embeddable":true,"href":"https:\/\/bien-etreiris.ch\/de\/wp-json\/wp\/v2\/users\/1"}],"replies":[{"embeddable":true,"href":"https:\/\/bien-etreiris.ch\/de\/wp-json\/wp\/v2\/comments?post=41906"}],"version-history":[{"count":4,"href":"https:\/\/bien-etreiris.ch\/de\/wp-json\/wp\/v2\/pages\/41906\/revisions"}],"predecessor-version":[{"id":54112,"href":"https:\/\/bien-etreiris.ch\/de\/wp-json\/wp\/v2\/pages\/41906\/revisions\/54112"}],"up":[{"embeddable":true,"href":"https:\/\/bien-etreiris.ch\/de\/wp-json\/wp\/v2\/pages\/41892"}],"wp:featuredmedia":[{"embeddable":true,"href":"https:\/\/bien-etreiris.ch\/de\/wp-json\/wp\/v2\/media\/41911"}],"wp:attachment":[{"href":"https:\/\/bien-etreiris.ch\/de\/wp-json\/wp\/v2\/media?parent=41906"}],"curies":[{"name":"wp","href":"https:\/\/api.w.org\/{rel}","templated":true}]}}