{"id":41826,"date":"2021-04-05T11:54:34","date_gmt":"2021-04-05T11:54:34","guid":{"rendered":"https:\/\/bien-etreiris.ch\/?page_id=41826"},"modified":"2021-06-03T00:37:43","modified_gmt":"2021-06-02T22:37:43","slug":"katzen","status":"publish","type":"page","link":"https:\/\/bien-etreiris.ch\/de\/produktpraesentation\/zoom-die-welt-der-tiere\/nutrition-animale\/aliments-sec\/katzen\/","title":{"rendered":"KATZEN"},"content":{"rendered":"<p><a href=\"https:\/\/decoiris.ch\/wp-content\/uploads\/2021\/04\/Iso-cat-ADULT-Chicken.jpg\"><img loading=\"lazy\" decoding=\"async\" class=\"size-medium wp-image-41918 alignleft\" src=\"https:\/\/decoiris.ch\/wp-content\/uploads\/2021\/04\/Iso-cat-ADULT-Chicken-187x300.jpg\" alt=\"\" width=\"187\" height=\"300\" srcset=\"https:\/\/bien-etreiris.ch\/wp-content\/uploads\/2021\/04\/Iso-cat-ADULT-Chicken-187x300.jpg 187w, https:\/\/bien-etreiris.ch\/wp-content\/uploads\/2021\/04\/Iso-cat-ADULT-Chicken-637x1024.jpg 637w, https:\/\/bien-etreiris.ch\/wp-content\/uploads\/2021\/04\/Iso-cat-ADULT-Chicken.jpg 746w\" sizes=\"auto, (max-width: 187px) 100vw, 187px\" \/><\/a><\/p>\n<p>&nbsp;<\/p>\n<p>Iso-cat ADULT Chicken est un aliment complet \u00e9quilibr\u00e9 pour chats adultes.<\/p>\n<p>&nbsp;<\/p>\n<p>1.2 kg<\/p>\n<p>&nbsp;&nbsp; 3 kg<\/p>\n<p>&nbsp;10 kg<\/p>\n<p>&nbsp;<\/p>\n<p>&nbsp;<\/p>\n<p>&nbsp;<\/p>\n<h4 id=\"tab-label-description\" class=\"data item title\" tabindex=\"0\" role=\"tab\" aria-labeledby=\"tab-label-description-title\" data-role=\"collapsible\" data-collapsible=\"true\" aria-controls=\"description\" aria-selected=\"false\" aria-expanded=\"false\">Descriptif&nbsp; &nbsp; &nbsp; Ingr\u00e9dients&nbsp;&nbsp;&nbsp;&nbsp;&nbsp; Ration journali\u00e8re&nbsp;&nbsp;&nbsp; Commentaires&nbsp;&nbsp;&nbsp; T\u00e9l\u00e9chargement<\/h4>\n\n\n<hr class=\"wp-block-separator\"\/>\n\n\n<p>&nbsp;<\/p>\n<p>&nbsp;<\/p>\n<p><a href=\"https:\/\/decoiris.ch\/wp-content\/uploads\/2021\/04\/Iso-cat-ADULT-Fish.jpg\"><img loading=\"lazy\" decoding=\"async\" class=\"size-medium wp-image-41931 alignleft\" src=\"https:\/\/decoiris.ch\/wp-content\/uploads\/2021\/04\/Iso-cat-ADULT-Fish-187x300.jpg\" alt=\"\" width=\"187\" height=\"300\" srcset=\"https:\/\/bien-etreiris.ch\/wp-content\/uploads\/2021\/04\/Iso-cat-ADULT-Fish-187x300.jpg 187w, https:\/\/bien-etreiris.ch\/wp-content\/uploads\/2021\/04\/Iso-cat-ADULT-Fish-637x1024.jpg 637w, https:\/\/bien-etreiris.ch\/wp-content\/uploads\/2021\/04\/Iso-cat-ADULT-Fish.jpg 746w\" sizes=\"auto, (max-width: 187px) 100vw, 187px\" \/><\/a><\/p>\n<p>&nbsp;<\/p>\n<p>&nbsp;<\/p>\n<p>Iso-cat ADULT Fish est un aliment complet \u00e9quilibr\u00e9 pour chats adultes Le poisson donne \u00e0 l\u2019aliment une saveur toute particuli\u00e8re.<\/p>\n<p>&nbsp;<\/p>\n<p>1.2 kg<\/p>\n<p>&nbsp;&nbsp; 3 kg<\/p>\n<p>&nbsp;10 kg<\/p>\n<p>&nbsp;<\/p>\n<p>&nbsp;<\/p>\n<p>&nbsp;<\/p>\n<p>&nbsp;<\/p>\n<p>&nbsp;<\/p>\n<h4 id=\"tab-label-description\" class=\"data item title\" tabindex=\"0\" role=\"tab\" aria-labeledby=\"tab-label-description-title\" data-role=\"collapsible\" data-collapsible=\"true\" aria-controls=\"description\" aria-selected=\"false\" aria-expanded=\"false\">Descriptif&nbsp; &nbsp; &nbsp; Ingr\u00e9dients&nbsp;&nbsp;&nbsp;&nbsp;&nbsp; Ration journali\u00e8re&nbsp;&nbsp;&nbsp; Commentaires&nbsp;&nbsp;&nbsp; T\u00e9l\u00e9chargement<\/h4>\n\n\n<hr class=\"wp-block-separator\"\/>\n","protected":false},"excerpt":{"rendered":"<p>&nbsp; Iso-cat ADULT Chicken est un aliment complet \u00e9quilibr\u00e9 pour chats adultes. &nbsp; 1.2 kg &nbsp;&nbsp; 3 kg &nbsp;10 kg &nbsp; &nbsp; &nbsp; Descriptif&nbsp; &nbsp; &nbsp; Ingr\u00e9dients&nbsp;&nbsp;&nbsp;&nbsp;&nbsp; Ration journali\u00e8re&nbsp;&nbsp;&nbsp; Commentaires&nbsp;&nbsp;&nbsp; T\u00e9l\u00e9chargement &nbsp; &nbsp; &nbsp; &nbsp; Iso-cat ADULT Fish est un aliment complet \u00e9quilibr\u00e9 pour chats adultes Le poisson donne \u00e0 l\u2019aliment une saveur toute particuli\u00e8re. &nbsp; 1.2 kg &nbsp;&nbsp; 3&nbsp;<a href=\"https:\/\/bien-etreiris.ch\/de\/produktpraesentation\/zoom-die-welt-der-tiere\/nutrition-animale\/aliments-sec\/katzen\/\" class=\"read-more\">Weiter lesen<\/a><\/p>\n","protected":false},"author":1,"featured_media":41823,"parent":95128,"menu_order":6039,"comment_status":"closed","ping_status":"closed","template":"page-with-child.php","meta":{"_acf_changed":false,"ngg_post_thumbnail":0,"footnotes":""},"class_list":["post-41826","page","type-page","status-publish","has-post-thumbnail","hentry"],"acf":[],"yoast_head":"<!-- This site is optimized with the Yoast SEO plugin v27.5 - https:\/\/yoast.com\/product\/yoast-seo-wordpress\/ -->\n<title>KATZEN - WOHLBEFINDEN<\/title>\n<meta name=\"robots\" content=\"index, follow, max-snippet:-1, max-image-preview:large, max-video-preview:-1\" \/>\n<link rel=\"canonical\" href=\"https:\/\/bien-etreiris.ch\/de\/produktpraesentation\/zoom-die-welt-der-tiere\/nutrition-animale\/katzen\/\" \/>\n<meta property=\"og:locale\" content=\"de_DE\" \/>\n<meta property=\"og:type\" content=\"article\" \/>\n<meta property=\"og:title\" content=\"KATZEN - WOHLBEFINDEN\" \/>\n<meta property=\"og:description\" content=\"&nbsp; Iso-cat ADULT Chicken est un aliment complet \u00e9quilibr\u00e9 pour chats adultes. &nbsp; 1.2 kg &nbsp;&nbsp; 3 kg &nbsp;10 kg &nbsp; &nbsp; &nbsp; Descriptif&nbsp; &nbsp; &nbsp; Ingr\u00e9dients&nbsp;&nbsp;&nbsp;&nbsp;&nbsp; Ration journali\u00e8re&nbsp;&nbsp;&nbsp; Commentaires&nbsp;&nbsp;&nbsp; T\u00e9l\u00e9chargement &nbsp; &nbsp; &nbsp; &nbsp; Iso-cat ADULT Fish est un aliment complet \u00e9quilibr\u00e9 pour chats adultes Le poisson donne \u00e0 l\u2019aliment une saveur toute particuli\u00e8re. &nbsp; 1.2 kg &nbsp;&nbsp; 3&nbsp;Weiter lesen\" \/>\n<meta property=\"og:url\" content=\"https:\/\/bien-etreiris.ch\/de\/produktpraesentation\/zoom-die-welt-der-tiere\/nutrition-animale\/katzen\/\" \/>\n<meta property=\"og:site_name\" content=\"WOHLBEFINDEN\" \/>\n<meta property=\"article:publisher\" content=\"https:\/\/www.facebook.com\/bienetreiris\/\" \/>\n<meta property=\"article:modified_time\" content=\"2021-06-02T22:37:43+00:00\" \/>\n<meta property=\"og:image\" content=\"https:\/\/bien-etreiris.ch\/wp-content\/uploads\/2021\/04\/acceuil-chats-..jpg\" \/>\n\t<meta property=\"og:image:width\" content=\"500\" \/>\n\t<meta property=\"og:image:height\" content=\"390\" \/>\n\t<meta property=\"og:image:type\" content=\"image\/jpeg\" \/>\n<meta name=\"twitter:label1\" content=\"Gesch\u00e4tzte Lesezeit\" \/>\n\t<meta name=\"twitter:data1\" content=\"1\u00a0Minute\" \/>\n<script type=\"application\/ld+json\" class=\"yoast-schema-graph\">{\"@context\":\"https:\\\/\\\/schema.org\",\"@graph\":[{\"@type\":\"WebPage\",\"@id\":\"https:\\\/\\\/bien-etreiris.ch\\\/de\\\/produktpraesentation\\\/zoom-die-welt-der-tiere\\\/nutrition-animale\\\/katzen\\\/\",\"url\":\"https:\\\/\\\/bien-etreiris.ch\\\/de\\\/produktpraesentation\\\/zoom-die-welt-der-tiere\\\/nutrition-animale\\\/katzen\\\/\",\"name\":\"KATZEN - WOHLBEFINDEN\",\"isPartOf\":{\"@id\":\"https:\\\/\\\/bien-etreiris.ch\\\/de\\\/#website\"},\"primaryImageOfPage\":{\"@id\":\"https:\\\/\\\/bien-etreiris.ch\\\/de\\\/produktpraesentation\\\/zoom-die-welt-der-tiere\\\/nutrition-animale\\\/katzen\\\/#primaryimage\"},\"image\":{\"@id\":\"https:\\\/\\\/bien-etreiris.ch\\\/de\\\/produktpraesentation\\\/zoom-die-welt-der-tiere\\\/nutrition-animale\\\/katzen\\\/#primaryimage\"},\"thumbnailUrl\":\"https:\\\/\\\/bien-etreiris.ch\\\/wp-content\\\/uploads\\\/2021\\\/04\\\/acceuil-chats-..jpg\",\"datePublished\":\"2021-04-05T11:54:34+00:00\",\"dateModified\":\"2021-06-02T22:37:43+00:00\",\"breadcrumb\":{\"@id\":\"https:\\\/\\\/bien-etreiris.ch\\\/de\\\/produktpraesentation\\\/zoom-die-welt-der-tiere\\\/nutrition-animale\\\/katzen\\\/#breadcrumb\"},\"inLanguage\":\"de\",\"potentialAction\":[{\"@type\":\"ReadAction\",\"target\":[\"https:\\\/\\\/bien-etreiris.ch\\\/de\\\/produktpraesentation\\\/zoom-die-welt-der-tiere\\\/nutrition-animale\\\/katzen\\\/\"]}]},{\"@type\":\"ImageObject\",\"inLanguage\":\"de\",\"@id\":\"https:\\\/\\\/bien-etreiris.ch\\\/de\\\/produktpraesentation\\\/zoom-die-welt-der-tiere\\\/nutrition-animale\\\/katzen\\\/#primaryimage\",\"url\":\"https:\\\/\\\/bien-etreiris.ch\\\/wp-content\\\/uploads\\\/2021\\\/04\\\/acceuil-chats-..jpg\",\"contentUrl\":\"https:\\\/\\\/bien-etreiris.ch\\\/wp-content\\\/uploads\\\/2021\\\/04\\\/acceuil-chats-..jpg\",\"width\":500,\"height\":390},{\"@type\":\"BreadcrumbList\",\"@id\":\"https:\\\/\\\/bien-etreiris.ch\\\/de\\\/produktpraesentation\\\/zoom-die-welt-der-tiere\\\/nutrition-animale\\\/katzen\\\/#breadcrumb\",\"itemListElement\":[{\"@type\":\"ListItem\",\"position\":1,\"name\":\"Home\",\"item\":\"https:\\\/\\\/bien-etreiris.ch\\\/de\\\/\"},{\"@type\":\"ListItem\",\"position\":2,\"name\":\"PRODUKTPR\u00c4SENTATION\",\"item\":\"https:\\\/\\\/bien-etreiris.ch\\\/de\\\/produktpraesentation\\\/\"},{\"@type\":\"ListItem\",\"position\":3,\"name\":\"ZOOM \u2013 DIE WELT DER TIERE\",\"item\":\"https:\\\/\\\/bien-etreiris.ch\\\/de\\\/produktpraesentation\\\/zoom-die-welt-der-tiere\\\/\"},{\"@type\":\"ListItem\",\"position\":4,\"name\":\"TIERERN\u00c4HRUNG\",\"item\":\"https:\\\/\\\/bien-etreiris.ch\\\/de\\\/produktpraesentation\\\/zoom-die-welt-der-tiere\\\/nutrition-animale\\\/\"},{\"@type\":\"ListItem\",\"position\":5,\"name\":\"KATZEN\"}]},{\"@type\":\"WebSite\",\"@id\":\"https:\\\/\\\/bien-etreiris.ch\\\/de\\\/#website\",\"url\":\"https:\\\/\\\/bien-etreiris.ch\\\/de\\\/\",\"name\":\"Bien-\u00eatre Iris\",\"description\":\"IHRE Gesundheit ist uns wichtig\",\"potentialAction\":[{\"@type\":\"SearchAction\",\"target\":{\"@type\":\"EntryPoint\",\"urlTemplate\":\"https:\\\/\\\/bien-etreiris.ch\\\/de\\\/?s={search_term_string}\"},\"query-input\":{\"@type\":\"PropertyValueSpecification\",\"valueRequired\":true,\"valueName\":\"search_term_string\"}}],\"inLanguage\":\"de\"}]}<\/script>\n<!-- \/ Yoast SEO plugin. -->","yoast_head_json":{"title":"KATZEN - WOHLBEFINDEN","robots":{"index":"index","follow":"follow","max-snippet":"max-snippet:-1","max-image-preview":"max-image-preview:large","max-video-preview":"max-video-preview:-1"},"canonical":"https:\/\/bien-etreiris.ch\/de\/produktpraesentation\/zoom-die-welt-der-tiere\/nutrition-animale\/katzen\/","og_locale":"de_DE","og_type":"article","og_title":"KATZEN - WOHLBEFINDEN","og_description":"&nbsp; Iso-cat ADULT Chicken est un aliment complet \u00e9quilibr\u00e9 pour chats adultes. &nbsp; 1.2 kg &nbsp;&nbsp; 3 kg &nbsp;10 kg &nbsp; &nbsp; &nbsp; Descriptif&nbsp; &nbsp; &nbsp; Ingr\u00e9dients&nbsp;&nbsp;&nbsp;&nbsp;&nbsp; Ration journali\u00e8re&nbsp;&nbsp;&nbsp; Commentaires&nbsp;&nbsp;&nbsp; T\u00e9l\u00e9chargement &nbsp; &nbsp; &nbsp; &nbsp; Iso-cat ADULT Fish est un aliment complet \u00e9quilibr\u00e9 pour chats adultes Le poisson donne \u00e0 l\u2019aliment une saveur toute particuli\u00e8re. &nbsp; 1.2 kg &nbsp;&nbsp; 3&nbsp;Weiter lesen","og_url":"https:\/\/bien-etreiris.ch\/de\/produktpraesentation\/zoom-die-welt-der-tiere\/nutrition-animale\/katzen\/","og_site_name":"WOHLBEFINDEN","article_publisher":"https:\/\/www.facebook.com\/bienetreiris\/","article_modified_time":"2021-06-02T22:37:43+00:00","og_image":[{"width":500,"height":390,"url":"https:\/\/bien-etreiris.ch\/wp-content\/uploads\/2021\/04\/acceuil-chats-..jpg","type":"image\/jpeg"}],"twitter_misc":{"Gesch\u00e4tzte Lesezeit":"1\u00a0Minute"},"schema":{"@context":"https:\/\/schema.org","@graph":[{"@type":"WebPage","@id":"https:\/\/bien-etreiris.ch\/de\/produktpraesentation\/zoom-die-welt-der-tiere\/nutrition-animale\/katzen\/","url":"https:\/\/bien-etreiris.ch\/de\/produktpraesentation\/zoom-die-welt-der-tiere\/nutrition-animale\/katzen\/","name":"KATZEN - WOHLBEFINDEN","isPartOf":{"@id":"https:\/\/bien-etreiris.ch\/de\/#website"},"primaryImageOfPage":{"@id":"https:\/\/bien-etreiris.ch\/de\/produktpraesentation\/zoom-die-welt-der-tiere\/nutrition-animale\/katzen\/#primaryimage"},"image":{"@id":"https:\/\/bien-etreiris.ch\/de\/produktpraesentation\/zoom-die-welt-der-tiere\/nutrition-animale\/katzen\/#primaryimage"},"thumbnailUrl":"https:\/\/bien-etreiris.ch\/wp-content\/uploads\/2021\/04\/acceuil-chats-..jpg","datePublished":"2021-04-05T11:54:34+00:00","dateModified":"2021-06-02T22:37:43+00:00","breadcrumb":{"@id":"https:\/\/bien-etreiris.ch\/de\/produktpraesentation\/zoom-die-welt-der-tiere\/nutrition-animale\/katzen\/#breadcrumb"},"inLanguage":"de","potentialAction":[{"@type":"ReadAction","target":["https:\/\/bien-etreiris.ch\/de\/produktpraesentation\/zoom-die-welt-der-tiere\/nutrition-animale\/katzen\/"]}]},{"@type":"ImageObject","inLanguage":"de","@id":"https:\/\/bien-etreiris.ch\/de\/produktpraesentation\/zoom-die-welt-der-tiere\/nutrition-animale\/katzen\/#primaryimage","url":"https:\/\/bien-etreiris.ch\/wp-content\/uploads\/2021\/04\/acceuil-chats-..jpg","contentUrl":"https:\/\/bien-etreiris.ch\/wp-content\/uploads\/2021\/04\/acceuil-chats-..jpg","width":500,"height":390},{"@type":"BreadcrumbList","@id":"https:\/\/bien-etreiris.ch\/de\/produktpraesentation\/zoom-die-welt-der-tiere\/nutrition-animale\/katzen\/#breadcrumb","itemListElement":[{"@type":"ListItem","position":1,"name":"Home","item":"https:\/\/bien-etreiris.ch\/de\/"},{"@type":"ListItem","position":2,"name":"PRODUKTPR\u00c4SENTATION","item":"https:\/\/bien-etreiris.ch\/de\/produktpraesentation\/"},{"@type":"ListItem","position":3,"name":"ZOOM \u2013 DIE WELT DER TIERE","item":"https:\/\/bien-etreiris.ch\/de\/produktpraesentation\/zoom-die-welt-der-tiere\/"},{"@type":"ListItem","position":4,"name":"TIERERN\u00c4HRUNG","item":"https:\/\/bien-etreiris.ch\/de\/produktpraesentation\/zoom-die-welt-der-tiere\/nutrition-animale\/"},{"@type":"ListItem","position":5,"name":"KATZEN"}]},{"@type":"WebSite","@id":"https:\/\/bien-etreiris.ch\/de\/#website","url":"https:\/\/bien-etreiris.ch\/de\/","name":"Bien-\u00eatre Iris","description":"IHRE Gesundheit ist uns wichtig","potentialAction":[{"@type":"SearchAction","target":{"@type":"EntryPoint","urlTemplate":"https:\/\/bien-etreiris.ch\/de\/?s={search_term_string}"},"query-input":{"@type":"PropertyValueSpecification","valueRequired":true,"valueName":"search_term_string"}}],"inLanguage":"de"}]}},"_links":{"self":[{"href":"https:\/\/bien-etreiris.ch\/de\/wp-json\/wp\/v2\/pages\/41826","targetHints":{"allow":["GET"]}}],"collection":[{"href":"https:\/\/bien-etreiris.ch\/de\/wp-json\/wp\/v2\/pages"}],"about":[{"href":"https:\/\/bien-etreiris.ch\/de\/wp-json\/wp\/v2\/types\/page"}],"author":[{"embeddable":true,"href":"https:\/\/bien-etreiris.ch\/de\/wp-json\/wp\/v2\/users\/1"}],"replies":[{"embeddable":true,"href":"https:\/\/bien-etreiris.ch\/de\/wp-json\/wp\/v2\/comments?post=41826"}],"version-history":[{"count":9,"href":"https:\/\/bien-etreiris.ch\/de\/wp-json\/wp\/v2\/pages\/41826\/revisions"}],"predecessor-version":[{"id":49183,"href":"https:\/\/bien-etreiris.ch\/de\/wp-json\/wp\/v2\/pages\/41826\/revisions\/49183"}],"up":[{"embeddable":true,"href":"https:\/\/bien-etreiris.ch\/de\/wp-json\/wp\/v2\/pages\/95128"}],"wp:featuredmedia":[{"embeddable":true,"href":"https:\/\/bien-etreiris.ch\/de\/wp-json\/wp\/v2\/media\/41823"}],"wp:attachment":[{"href":"https:\/\/bien-etreiris.ch\/de\/wp-json\/wp\/v2\/media?parent=41826"}],"curies":[{"name":"wp","href":"https:\/\/api.w.org\/{rel}","templated":true}]}}