{"id":41816,"date":"2021-04-05T11:52:25","date_gmt":"2021-04-05T11:52:25","guid":{"rendered":"https:\/\/bien-etreiris.ch\/?page_id=41816"},"modified":"2021-06-03T00:38:19","modified_gmt":"2021-06-02T22:38:19","slug":"hunde","status":"publish","type":"page","link":"https:\/\/bien-etreiris.ch\/de\/produktpraesentation\/zoom-die-welt-der-tiere\/nutrition-animale\/aliments-sec\/hunde\/","title":{"rendered":"HUNDE"},"content":{"rendered":"\n<h2>Iso dog<\/h2>\n<p>est une marque de Swiss Pet Solution. En tant que sp\u00e9cialiste suisse en alimentation pour animaux de compagnie, nos v\u00e9t\u00e9rinaires et ing\u00e9nieurs d\u00e9veloppent des aliments parfaitement \u00e9quilibr\u00e9s et de qualit\u00e9 sup\u00e9rieure pour ton chien.<\/p>\n<h4>Pourquoi Iso-dog?<\/h4>\n<p><strong>Sans gluten<\/strong><\/p>\n<p>Nos recettes sont totalement exemptes de bl\u00e9 ou d'autres c\u00e9r\u00e9ales contenant du gluten (comme l'\u00e9peautre, l'orge, le seigle) et conviennent donc \u00e9galement aux animaux ayant des sensibilit\u00e9s digestives.<\/p>\n<p><strong>Mati\u00e8res premi\u00e8res 100% naturelles<\/strong><\/p>\n<p>Iso-dog est un aliment tr\u00e8s app\u00e9tant qui combine des mati\u00e8res premi\u00e8res s\u00e9lectionn\u00e9es de premi\u00e8re qualit\u00e9 tels que des viandes, des l\u00e9gumes et des huiles.<\/p>\n<p><strong>Aucune mati\u00e8re premi\u00e8re g\u00e9n\u00e9tiquement modifi\u00e9e<\/strong><\/p>\n<p>Par respect pour la nature et les animaux, nous refusons d'utiliser des mati\u00e8res premi\u00e8res g\u00e9n\u00e9tiquement modifi\u00e9es dans nos recettes.<\/p>\n<p><strong>Optimal Cooking Process<\/strong><\/p>\n<p>Ce processus de cuisson pr\u00e9serve les nutriments naturels ainsi que les ingr\u00e9dients et additifs nutritionnels. Pour que ton chien ou ton chat dig\u00e8re de mani\u00e8re optimale l\u2019aliment et le convertisse en \u00e9nergie sans troubles digestifs, l'amidon des glucides est g\u00e9latinis\u00e9 (comme pr\u00e9dig\u00e9r\u00e9) au cours de ce processus de cuisson.<\/p>\n<p>&nbsp;<\/p>\n<p><a href=\"https:\/\/bien-etreiris.ch\/wp-content\/uploads\/2021\/05\/Tick-Stop.png\"><img loading=\"lazy\" decoding=\"async\" class=\"size-medium wp-image-47332 alignleft\" src=\"https:\/\/bien-etreiris.ch\/wp-content\/uploads\/2021\/05\/Tick-Stop-240x300.png\" alt=\"\" width=\"240\" height=\"300\" srcset=\"https:\/\/bien-etreiris.ch\/wp-content\/uploads\/2021\/05\/Tick-Stop-240x300.png 240w, https:\/\/bien-etreiris.ch\/wp-content\/uploads\/2021\/05\/Tick-Stop.png 400w\" sizes=\"auto, (max-width: 240px) 100vw, 240px\" \/><\/a><\/p>\n<p>&nbsp;<\/p>\n<p>&nbsp;<\/p>\n<p>&nbsp;<\/p>\n<p>&nbsp;<\/p>\n<p>&nbsp;<\/p>\n<p>750 g&nbsp; <strong>CHF 21.50<\/strong><\/p>\n","protected":false},"excerpt":{"rendered":"<p>Iso dog est une marque de Swiss Pet Solution. En tant que sp\u00e9cialiste suisse en alimentation pour animaux de compagnie, nos v\u00e9t\u00e9rinaires et ing\u00e9nieurs d\u00e9veloppent des aliments parfaitement \u00e9quilibr\u00e9s et de qualit\u00e9 sup\u00e9rieure pour ton chien. Pourquoi Iso-dog? Sans gluten Nos recettes sont totalement exemptes de bl\u00e9 ou d'autres c\u00e9r\u00e9ales contenant du gluten (comme l'\u00e9peautre, l'orge, le seigle) et conviennent&nbsp;<a href=\"https:\/\/bien-etreiris.ch\/de\/produktpraesentation\/zoom-die-welt-der-tiere\/nutrition-animale\/aliments-sec\/hunde\/\" class=\"read-more\">Weiter lesen<\/a><\/p>\n","protected":false},"author":1,"featured_media":41813,"parent":95128,"menu_order":6042,"comment_status":"closed","ping_status":"closed","template":"page-with-child.php","meta":{"_acf_changed":false,"ngg_post_thumbnail":0,"footnotes":""},"class_list":["post-41816","page","type-page","status-publish","has-post-thumbnail","hentry"],"acf":[],"yoast_head":"<!-- This site is optimized with the Yoast SEO plugin v27.5 - https:\/\/yoast.com\/product\/yoast-seo-wordpress\/ -->\n<title>HUNDE - WOHLBEFINDEN<\/title>\n<meta name=\"robots\" content=\"index, follow, max-snippet:-1, max-image-preview:large, max-video-preview:-1\" \/>\n<link rel=\"canonical\" href=\"https:\/\/bien-etreiris.ch\/de\/produktpraesentation\/zoom-die-welt-der-tiere\/nutrition-animale\/hunde\/\" \/>\n<meta property=\"og:locale\" content=\"de_DE\" \/>\n<meta property=\"og:type\" content=\"article\" \/>\n<meta property=\"og:title\" content=\"HUNDE - WOHLBEFINDEN\" \/>\n<meta property=\"og:description\" content=\"Iso dog est une marque de Swiss Pet Solution. En tant que sp\u00e9cialiste suisse en alimentation pour animaux de compagnie, nos v\u00e9t\u00e9rinaires et ing\u00e9nieurs d\u00e9veloppent des aliments parfaitement \u00e9quilibr\u00e9s et de qualit\u00e9 sup\u00e9rieure pour ton chien. Pourquoi Iso-dog? Sans gluten Nos recettes sont totalement exemptes de bl\u00e9 ou d&#039;autres c\u00e9r\u00e9ales contenant du gluten (comme l&#039;\u00e9peautre, l&#039;orge, le seigle) et conviennent&nbsp;Weiter lesen\" \/>\n<meta property=\"og:url\" content=\"https:\/\/bien-etreiris.ch\/de\/produktpraesentation\/zoom-die-welt-der-tiere\/nutrition-animale\/hunde\/\" \/>\n<meta property=\"og:site_name\" content=\"WOHLBEFINDEN\" \/>\n<meta property=\"article:publisher\" content=\"https:\/\/www.facebook.com\/bienetreiris\/\" \/>\n<meta property=\"article:modified_time\" content=\"2021-06-02T22:38:19+00:00\" \/>\n<meta property=\"og:image\" content=\"https:\/\/bien-etreiris.ch\/wp-content\/uploads\/2021\/04\/acceuil-chien.jpg\" \/>\n\t<meta property=\"og:image:width\" content=\"500\" \/>\n\t<meta property=\"og:image:height\" content=\"344\" \/>\n\t<meta property=\"og:image:type\" content=\"image\/jpeg\" \/>\n<meta name=\"twitter:label1\" content=\"Gesch\u00e4tzte Lesezeit\" \/>\n\t<meta name=\"twitter:data1\" content=\"1\u00a0Minute\" \/>\n<script type=\"application\/ld+json\" class=\"yoast-schema-graph\">{\"@context\":\"https:\\\/\\\/schema.org\",\"@graph\":[{\"@type\":\"WebPage\",\"@id\":\"https:\\\/\\\/bien-etreiris.ch\\\/de\\\/produktpraesentation\\\/zoom-die-welt-der-tiere\\\/nutrition-animale\\\/hunde\\\/\",\"url\":\"https:\\\/\\\/bien-etreiris.ch\\\/de\\\/produktpraesentation\\\/zoom-die-welt-der-tiere\\\/nutrition-animale\\\/hunde\\\/\",\"name\":\"HUNDE - WOHLBEFINDEN\",\"isPartOf\":{\"@id\":\"https:\\\/\\\/bien-etreiris.ch\\\/de\\\/#website\"},\"primaryImageOfPage\":{\"@id\":\"https:\\\/\\\/bien-etreiris.ch\\\/de\\\/produktpraesentation\\\/zoom-die-welt-der-tiere\\\/nutrition-animale\\\/hunde\\\/#primaryimage\"},\"image\":{\"@id\":\"https:\\\/\\\/bien-etreiris.ch\\\/de\\\/produktpraesentation\\\/zoom-die-welt-der-tiere\\\/nutrition-animale\\\/hunde\\\/#primaryimage\"},\"thumbnailUrl\":\"https:\\\/\\\/bien-etreiris.ch\\\/wp-content\\\/uploads\\\/2021\\\/04\\\/acceuil-chien.jpg\",\"datePublished\":\"2021-04-05T11:52:25+00:00\",\"dateModified\":\"2021-06-02T22:38:19+00:00\",\"breadcrumb\":{\"@id\":\"https:\\\/\\\/bien-etreiris.ch\\\/de\\\/produktpraesentation\\\/zoom-die-welt-der-tiere\\\/nutrition-animale\\\/hunde\\\/#breadcrumb\"},\"inLanguage\":\"de\",\"potentialAction\":[{\"@type\":\"ReadAction\",\"target\":[\"https:\\\/\\\/bien-etreiris.ch\\\/de\\\/produktpraesentation\\\/zoom-die-welt-der-tiere\\\/nutrition-animale\\\/hunde\\\/\"]}]},{\"@type\":\"ImageObject\",\"inLanguage\":\"de\",\"@id\":\"https:\\\/\\\/bien-etreiris.ch\\\/de\\\/produktpraesentation\\\/zoom-die-welt-der-tiere\\\/nutrition-animale\\\/hunde\\\/#primaryimage\",\"url\":\"https:\\\/\\\/bien-etreiris.ch\\\/wp-content\\\/uploads\\\/2021\\\/04\\\/acceuil-chien.jpg\",\"contentUrl\":\"https:\\\/\\\/bien-etreiris.ch\\\/wp-content\\\/uploads\\\/2021\\\/04\\\/acceuil-chien.jpg\",\"width\":500,\"height\":344},{\"@type\":\"BreadcrumbList\",\"@id\":\"https:\\\/\\\/bien-etreiris.ch\\\/de\\\/produktpraesentation\\\/zoom-die-welt-der-tiere\\\/nutrition-animale\\\/hunde\\\/#breadcrumb\",\"itemListElement\":[{\"@type\":\"ListItem\",\"position\":1,\"name\":\"Home\",\"item\":\"https:\\\/\\\/bien-etreiris.ch\\\/de\\\/\"},{\"@type\":\"ListItem\",\"position\":2,\"name\":\"PRODUKTPR\u00c4SENTATION\",\"item\":\"https:\\\/\\\/bien-etreiris.ch\\\/de\\\/produktpraesentation\\\/\"},{\"@type\":\"ListItem\",\"position\":3,\"name\":\"ZOOM \u2013 DIE WELT DER TIERE\",\"item\":\"https:\\\/\\\/bien-etreiris.ch\\\/de\\\/produktpraesentation\\\/zoom-die-welt-der-tiere\\\/\"},{\"@type\":\"ListItem\",\"position\":4,\"name\":\"TIERERN\u00c4HRUNG\",\"item\":\"https:\\\/\\\/bien-etreiris.ch\\\/de\\\/produktpraesentation\\\/zoom-die-welt-der-tiere\\\/nutrition-animale\\\/\"},{\"@type\":\"ListItem\",\"position\":5,\"name\":\"HUNDE\"}]},{\"@type\":\"WebSite\",\"@id\":\"https:\\\/\\\/bien-etreiris.ch\\\/de\\\/#website\",\"url\":\"https:\\\/\\\/bien-etreiris.ch\\\/de\\\/\",\"name\":\"Bien-\u00eatre Iris\",\"description\":\"IHRE Gesundheit ist uns wichtig\",\"potentialAction\":[{\"@type\":\"SearchAction\",\"target\":{\"@type\":\"EntryPoint\",\"urlTemplate\":\"https:\\\/\\\/bien-etreiris.ch\\\/de\\\/?s={search_term_string}\"},\"query-input\":{\"@type\":\"PropertyValueSpecification\",\"valueRequired\":true,\"valueName\":\"search_term_string\"}}],\"inLanguage\":\"de\"}]}<\/script>\n<!-- \/ Yoast SEO plugin. -->","yoast_head_json":{"title":"HUNDE - WOHLBEFINDEN","robots":{"index":"index","follow":"follow","max-snippet":"max-snippet:-1","max-image-preview":"max-image-preview:large","max-video-preview":"max-video-preview:-1"},"canonical":"https:\/\/bien-etreiris.ch\/de\/produktpraesentation\/zoom-die-welt-der-tiere\/nutrition-animale\/hunde\/","og_locale":"de_DE","og_type":"article","og_title":"HUNDE - WOHLBEFINDEN","og_description":"Iso dog est une marque de Swiss Pet Solution. En tant que sp\u00e9cialiste suisse en alimentation pour animaux de compagnie, nos v\u00e9t\u00e9rinaires et ing\u00e9nieurs d\u00e9veloppent des aliments parfaitement \u00e9quilibr\u00e9s et de qualit\u00e9 sup\u00e9rieure pour ton chien. Pourquoi Iso-dog? Sans gluten Nos recettes sont totalement exemptes de bl\u00e9 ou d'autres c\u00e9r\u00e9ales contenant du gluten (comme l'\u00e9peautre, l'orge, le seigle) et conviennent&nbsp;Weiter lesen","og_url":"https:\/\/bien-etreiris.ch\/de\/produktpraesentation\/zoom-die-welt-der-tiere\/nutrition-animale\/hunde\/","og_site_name":"WOHLBEFINDEN","article_publisher":"https:\/\/www.facebook.com\/bienetreiris\/","article_modified_time":"2021-06-02T22:38:19+00:00","og_image":[{"width":500,"height":344,"url":"https:\/\/bien-etreiris.ch\/wp-content\/uploads\/2021\/04\/acceuil-chien.jpg","type":"image\/jpeg"}],"twitter_misc":{"Gesch\u00e4tzte Lesezeit":"1\u00a0Minute"},"schema":{"@context":"https:\/\/schema.org","@graph":[{"@type":"WebPage","@id":"https:\/\/bien-etreiris.ch\/de\/produktpraesentation\/zoom-die-welt-der-tiere\/nutrition-animale\/hunde\/","url":"https:\/\/bien-etreiris.ch\/de\/produktpraesentation\/zoom-die-welt-der-tiere\/nutrition-animale\/hunde\/","name":"HUNDE - WOHLBEFINDEN","isPartOf":{"@id":"https:\/\/bien-etreiris.ch\/de\/#website"},"primaryImageOfPage":{"@id":"https:\/\/bien-etreiris.ch\/de\/produktpraesentation\/zoom-die-welt-der-tiere\/nutrition-animale\/hunde\/#primaryimage"},"image":{"@id":"https:\/\/bien-etreiris.ch\/de\/produktpraesentation\/zoom-die-welt-der-tiere\/nutrition-animale\/hunde\/#primaryimage"},"thumbnailUrl":"https:\/\/bien-etreiris.ch\/wp-content\/uploads\/2021\/04\/acceuil-chien.jpg","datePublished":"2021-04-05T11:52:25+00:00","dateModified":"2021-06-02T22:38:19+00:00","breadcrumb":{"@id":"https:\/\/bien-etreiris.ch\/de\/produktpraesentation\/zoom-die-welt-der-tiere\/nutrition-animale\/hunde\/#breadcrumb"},"inLanguage":"de","potentialAction":[{"@type":"ReadAction","target":["https:\/\/bien-etreiris.ch\/de\/produktpraesentation\/zoom-die-welt-der-tiere\/nutrition-animale\/hunde\/"]}]},{"@type":"ImageObject","inLanguage":"de","@id":"https:\/\/bien-etreiris.ch\/de\/produktpraesentation\/zoom-die-welt-der-tiere\/nutrition-animale\/hunde\/#primaryimage","url":"https:\/\/bien-etreiris.ch\/wp-content\/uploads\/2021\/04\/acceuil-chien.jpg","contentUrl":"https:\/\/bien-etreiris.ch\/wp-content\/uploads\/2021\/04\/acceuil-chien.jpg","width":500,"height":344},{"@type":"BreadcrumbList","@id":"https:\/\/bien-etreiris.ch\/de\/produktpraesentation\/zoom-die-welt-der-tiere\/nutrition-animale\/hunde\/#breadcrumb","itemListElement":[{"@type":"ListItem","position":1,"name":"Home","item":"https:\/\/bien-etreiris.ch\/de\/"},{"@type":"ListItem","position":2,"name":"PRODUKTPR\u00c4SENTATION","item":"https:\/\/bien-etreiris.ch\/de\/produktpraesentation\/"},{"@type":"ListItem","position":3,"name":"ZOOM \u2013 DIE WELT DER TIERE","item":"https:\/\/bien-etreiris.ch\/de\/produktpraesentation\/zoom-die-welt-der-tiere\/"},{"@type":"ListItem","position":4,"name":"TIERERN\u00c4HRUNG","item":"https:\/\/bien-etreiris.ch\/de\/produktpraesentation\/zoom-die-welt-der-tiere\/nutrition-animale\/"},{"@type":"ListItem","position":5,"name":"HUNDE"}]},{"@type":"WebSite","@id":"https:\/\/bien-etreiris.ch\/de\/#website","url":"https:\/\/bien-etreiris.ch\/de\/","name":"Bien-\u00eatre Iris","description":"IHRE Gesundheit ist uns wichtig","potentialAction":[{"@type":"SearchAction","target":{"@type":"EntryPoint","urlTemplate":"https:\/\/bien-etreiris.ch\/de\/?s={search_term_string}"},"query-input":{"@type":"PropertyValueSpecification","valueRequired":true,"valueName":"search_term_string"}}],"inLanguage":"de"}]}},"_links":{"self":[{"href":"https:\/\/bien-etreiris.ch\/de\/wp-json\/wp\/v2\/pages\/41816","targetHints":{"allow":["GET"]}}],"collection":[{"href":"https:\/\/bien-etreiris.ch\/de\/wp-json\/wp\/v2\/pages"}],"about":[{"href":"https:\/\/bien-etreiris.ch\/de\/wp-json\/wp\/v2\/types\/page"}],"author":[{"embeddable":true,"href":"https:\/\/bien-etreiris.ch\/de\/wp-json\/wp\/v2\/users\/1"}],"replies":[{"embeddable":true,"href":"https:\/\/bien-etreiris.ch\/de\/wp-json\/wp\/v2\/comments?post=41816"}],"version-history":[{"count":9,"href":"https:\/\/bien-etreiris.ch\/de\/wp-json\/wp\/v2\/pages\/41816\/revisions"}],"predecessor-version":[{"id":49184,"href":"https:\/\/bien-etreiris.ch\/de\/wp-json\/wp\/v2\/pages\/41816\/revisions\/49184"}],"up":[{"embeddable":true,"href":"https:\/\/bien-etreiris.ch\/de\/wp-json\/wp\/v2\/pages\/95128"}],"wp:featuredmedia":[{"embeddable":true,"href":"https:\/\/bien-etreiris.ch\/de\/wp-json\/wp\/v2\/media\/41813"}],"wp:attachment":[{"href":"https:\/\/bien-etreiris.ch\/de\/wp-json\/wp\/v2\/media?parent=41816"}],"curies":[{"name":"wp","href":"https:\/\/api.w.org\/{rel}","templated":true}]}}