{"id":41615,"date":"2021-03-29T10:33:16","date_gmt":"2021-03-29T10:33:16","guid":{"rendered":"https:\/\/bien-etreiris.ch\/?page_id=41615"},"modified":"2024-09-12T18:16:39","modified_gmt":"2024-09-12T16:16:39","slug":"tonkabohnen","status":"publish","type":"page","link":"https:\/\/bien-etreiris.ch\/de\/produktpraesentation\/gesundes-leben\/gesunde-lebensmittel\/zutaten-wohlbefinden\/gewuerze\/epices-pures\/tonkabohnen\/","title":{"rendered":"TONKABOHNEN"},"content":{"rendered":"<p><a href=\"https:\/\/decoiris.ch\/wp-content\/uploads\/2021\/03\/f\u00e8ve-de-tonka-grand-plan.jpg\"><img loading=\"lazy\" decoding=\"async\" class=\"size-medium wp-image-41611 aligncenter\" src=\"https:\/\/decoiris.ch\/wp-content\/uploads\/2021\/03\/f\u00e8ve-de-tonka-grand-plan-300x281.jpg\" alt=\"\" width=\"300\" height=\"281\" srcset=\"https:\/\/bien-etreiris.ch\/wp-content\/uploads\/2021\/03\/f\u00e8ve-de-tonka-grand-plan-300x281.jpg 300w, https:\/\/bien-etreiris.ch\/wp-content\/uploads\/2021\/03\/f\u00e8ve-de-tonka-grand-plan-768x720.jpg 768w, https:\/\/bien-etreiris.ch\/wp-content\/uploads\/2021\/03\/f\u00e8ve-de-tonka-grand-plan-1024x960.jpg 1024w\" sizes=\"auto, (max-width: 300px) 100vw, 300px\" \/><\/a><\/p>\n\n\n<h2 class=\"wp-block-heading\">F\u00e8ves de Tonka<\/h2>\n\n\n<h4>\u00c9pic\u00e9 - acidul\u00e9 - sucr\u00e9<\/h4>\n<div class=\"product-page-top\">\n<div class=\"product-page-title\">\n<div class=\"product-page-heading\">\n<h2><span class=\"brand-name\"><a href=\"https:\/\/decoiris.ch\/wp-content\/uploads\/2021\/03\/F\u00f6ve-de-tonka.jpg\"><img loading=\"lazy\" decoding=\"async\" class=\"size-medium wp-image-41608 alignleft\" src=\"https:\/\/decoiris.ch\/wp-content\/uploads\/2021\/03\/F\u00f6ve-de-tonka-300x300.jpg\" alt=\"\" width=\"300\" height=\"300\" srcset=\"https:\/\/bien-etreiris.ch\/wp-content\/uploads\/2021\/03\/F\u00f6ve-de-tonka-300x300.jpg 300w, https:\/\/bien-etreiris.ch\/wp-content\/uploads\/2021\/03\/F\u00f6ve-de-tonka-150x150.jpg 150w, https:\/\/bien-etreiris.ch\/wp-content\/uploads\/2021\/03\/F\u00f6ve-de-tonka-768x768.jpg 768w, https:\/\/bien-etreiris.ch\/wp-content\/uploads\/2021\/03\/F\u00f6ve-de-tonka-1024x1024.jpg 1024w, https:\/\/bien-etreiris.ch\/wp-content\/uploads\/2021\/03\/F\u00f6ve-de-tonka.jpg 1186w\" sizes=\"auto, (max-width: 300px) 100vw, 300px\" \/><\/a> <\/span><\/h2>\n<h2>&nbsp;<\/h2>\n<h2>&nbsp;<\/h2>\n<h2><span class=\"brand-name\">Sonnentor <\/span><\/h2>\n<p><strong>F\u00e8ves de Tonka Enti\u00e8res<\/strong><\/p>\n<p><strong>\u00c9pices fines d'Am\u00e9rique du Sud<\/strong><\/p>\n<\/div>\n<\/div>\n<div class=\"product-page-summary\">\n<ul class=\"feature-list\">\n<li>Parfait pour les puddings, les biscuits et les g\u00e2teaux<\/li>\n<li>Produit vegan<\/li>\n<li>Notes vanill\u00e9es<\/li>\n<\/ul>\n<p>Contenu : 20 g <strong>CHF 8.20<\/strong><\/p>\n<\/div>\n<\/div>\n<p>&nbsp;<\/p>\n<p>La f\u00e8ve tonka est \u00e9galement appel\u00e9e vanille mexicaine. La graine intens\u00e9ment aromatique est \u00e9cras\u00e9e avec une r\u00e2pe comme la noix de muscade, puis utilis\u00e9e dans les plats. La f\u00e8ve de Tonka agr\u00e9mente les puddings, les glaces, le riz au lait, les biscuits et les g\u00e2teaux. En Am\u00e9rique du Sud, les populations indig\u00e8nes attribuent \u00e0 la graine des pouvoirs magiques et curatifs. Port\u00e9 dans le portefeuille, il est cens\u00e9 assurer la prosp\u00e9rit\u00e9 et le succ\u00e8s et a \u00e9t\u00e9 utilis\u00e9 comme monnaie officielle au Venezuela jusque dans les ann\u00e9es 1940.<\/p>\n<p>&nbsp;<\/p>\n<p>&nbsp;<\/p>","protected":false},"excerpt":{"rendered":"<p>F\u00e8ves de Tonka \u00c9pic\u00e9 - acidul\u00e9 - sucr\u00e9 &nbsp; &nbsp; Sonnentor F\u00e8ves de Tonka Enti\u00e8res \u00c9pices fines d'Am\u00e9rique du Sud Parfait pour les puddings, les biscuits et les g\u00e2teaux Produit vegan Notes vanill\u00e9es Contenu : 20 g CHF 8.20 &nbsp; La f\u00e8ve tonka est \u00e9galement appel\u00e9e vanille mexicaine. La graine intens\u00e9ment aromatique est \u00e9cras\u00e9e avec une r\u00e2pe comme la noix&nbsp;<a href=\"https:\/\/bien-etreiris.ch\/de\/produktpraesentation\/gesundes-leben\/gesunde-lebensmittel\/zutaten-wohlbefinden\/gewuerze\/epices-pures\/tonkabohnen\/\" class=\"read-more\">Weiter lesen<\/a><\/p>\n","protected":false},"author":1,"featured_media":89281,"parent":98233,"menu_order":6064,"comment_status":"closed","ping_status":"closed","template":"page-with-child.php","meta":{"_acf_changed":false,"ngg_post_thumbnail":0,"footnotes":""},"class_list":["post-41615","page","type-page","status-publish","has-post-thumbnail","hentry"],"acf":[],"yoast_head":"<!-- This site is optimized with the Yoast SEO plugin v27.6 - https:\/\/yoast.com\/product\/yoast-seo-wordpress\/ -->\n<title>TONKABOHNEN - WOHLBEFINDEN<\/title>\n<meta name=\"robots\" content=\"index, follow, max-snippet:-1, max-image-preview:large, max-video-preview:-1\" \/>\n<link rel=\"canonical\" href=\"https:\/\/bien-etreiris.ch\/de\/produktpraesentation\/gesundes-leben\/gesunde-lebensmittel\/zutaten-wohlbefinden\/gewuerze\/tonkabohnen\/\" \/>\n<meta property=\"og:locale\" content=\"de_DE\" \/>\n<meta property=\"og:type\" content=\"article\" \/>\n<meta property=\"og:title\" content=\"TONKABOHNEN - WOHLBEFINDEN\" \/>\n<meta property=\"og:description\" content=\"F\u00e8ves de Tonka \u00c9pic\u00e9 - acidul\u00e9 - sucr\u00e9 &nbsp; &nbsp; Sonnentor F\u00e8ves de Tonka Enti\u00e8res \u00c9pices fines d&#039;Am\u00e9rique du Sud Parfait pour les puddings, les biscuits et les g\u00e2teaux Produit vegan Notes vanill\u00e9es Contenu : 20 g CHF 8.20 &nbsp; La f\u00e8ve tonka est \u00e9galement appel\u00e9e vanille mexicaine. La graine intens\u00e9ment aromatique est \u00e9cras\u00e9e avec une r\u00e2pe comme la noix&nbsp;Weiter lesen\" \/>\n<meta property=\"og:url\" content=\"https:\/\/bien-etreiris.ch\/de\/produktpraesentation\/gesundes-leben\/gesunde-lebensmittel\/zutaten-wohlbefinden\/gewuerze\/tonkabohnen\/\" \/>\n<meta property=\"og:site_name\" content=\"WOHLBEFINDEN\" \/>\n<meta property=\"article:publisher\" content=\"https:\/\/www.facebook.com\/bienetreiris\/\" \/>\n<meta property=\"article:modified_time\" content=\"2024-09-12T16:16:39+00:00\" \/>\n<meta property=\"og:image\" content=\"https:\/\/bien-etreiris.ch\/wp-content\/uploads\/2024\/09\/acceuil-de-feve-de-tonka.png\" \/>\n\t<meta property=\"og:image:width\" content=\"370\" \/>\n\t<meta property=\"og:image:height\" content=\"226\" \/>\n\t<meta property=\"og:image:type\" content=\"image\/png\" \/>\n<meta name=\"twitter:label1\" content=\"Gesch\u00e4tzte Lesezeit\" \/>\n\t<meta name=\"twitter:data1\" content=\"2\u00a0Minuten\" \/>\n<script type=\"application\/ld+json\" class=\"yoast-schema-graph\">{\"@context\":\"https:\\\/\\\/schema.org\",\"@graph\":[{\"@type\":\"WebPage\",\"@id\":\"https:\\\/\\\/bien-etreiris.ch\\\/de\\\/produktpraesentation\\\/gesundes-leben\\\/gesunde-lebensmittel\\\/zutaten-wohlbefinden\\\/gewuerze\\\/tonkabohnen\\\/\",\"url\":\"https:\\\/\\\/bien-etreiris.ch\\\/de\\\/produktpraesentation\\\/gesundes-leben\\\/gesunde-lebensmittel\\\/zutaten-wohlbefinden\\\/gewuerze\\\/tonkabohnen\\\/\",\"name\":\"TONKABOHNEN - WOHLBEFINDEN\",\"isPartOf\":{\"@id\":\"https:\\\/\\\/bien-etreiris.ch\\\/de\\\/#website\"},\"primaryImageOfPage\":{\"@id\":\"https:\\\/\\\/bien-etreiris.ch\\\/de\\\/produktpraesentation\\\/gesundes-leben\\\/gesunde-lebensmittel\\\/zutaten-wohlbefinden\\\/gewuerze\\\/tonkabohnen\\\/#primaryimage\"},\"image\":{\"@id\":\"https:\\\/\\\/bien-etreiris.ch\\\/de\\\/produktpraesentation\\\/gesundes-leben\\\/gesunde-lebensmittel\\\/zutaten-wohlbefinden\\\/gewuerze\\\/tonkabohnen\\\/#primaryimage\"},\"thumbnailUrl\":\"https:\\\/\\\/bien-etreiris.ch\\\/wp-content\\\/uploads\\\/2024\\\/09\\\/acceuil-de-feve-de-tonka.png\",\"datePublished\":\"2021-03-29T10:33:16+00:00\",\"dateModified\":\"2024-09-12T16:16:39+00:00\",\"breadcrumb\":{\"@id\":\"https:\\\/\\\/bien-etreiris.ch\\\/de\\\/produktpraesentation\\\/gesundes-leben\\\/gesunde-lebensmittel\\\/zutaten-wohlbefinden\\\/gewuerze\\\/tonkabohnen\\\/#breadcrumb\"},\"inLanguage\":\"de\",\"potentialAction\":[{\"@type\":\"ReadAction\",\"target\":[\"https:\\\/\\\/bien-etreiris.ch\\\/de\\\/produktpraesentation\\\/gesundes-leben\\\/gesunde-lebensmittel\\\/zutaten-wohlbefinden\\\/gewuerze\\\/tonkabohnen\\\/\"]}]},{\"@type\":\"ImageObject\",\"inLanguage\":\"de\",\"@id\":\"https:\\\/\\\/bien-etreiris.ch\\\/de\\\/produktpraesentation\\\/gesundes-leben\\\/gesunde-lebensmittel\\\/zutaten-wohlbefinden\\\/gewuerze\\\/tonkabohnen\\\/#primaryimage\",\"url\":\"https:\\\/\\\/bien-etreiris.ch\\\/wp-content\\\/uploads\\\/2024\\\/09\\\/acceuil-de-feve-de-tonka.png\",\"contentUrl\":\"https:\\\/\\\/bien-etreiris.ch\\\/wp-content\\\/uploads\\\/2024\\\/09\\\/acceuil-de-feve-de-tonka.png\",\"width\":370,\"height\":226},{\"@type\":\"BreadcrumbList\",\"@id\":\"https:\\\/\\\/bien-etreiris.ch\\\/de\\\/produktpraesentation\\\/gesundes-leben\\\/gesunde-lebensmittel\\\/zutaten-wohlbefinden\\\/gewuerze\\\/tonkabohnen\\\/#breadcrumb\",\"itemListElement\":[{\"@type\":\"ListItem\",\"position\":1,\"name\":\"Home\",\"item\":\"https:\\\/\\\/bien-etreiris.ch\\\/de\\\/\"},{\"@type\":\"ListItem\",\"position\":2,\"name\":\"PRODUKTPR\u00c4SENTATION\",\"item\":\"https:\\\/\\\/bien-etreiris.ch\\\/de\\\/produktpraesentation\\\/\"},{\"@type\":\"ListItem\",\"position\":3,\"name\":\"GESUNDES LEBEN\",\"item\":\"https:\\\/\\\/bien-etreiris.ch\\\/de\\\/produktpraesentation\\\/gesundes-leben\\\/\"},{\"@type\":\"ListItem\",\"position\":4,\"name\":\"GESUNDE LEBENSMITTEL\",\"item\":\"https:\\\/\\\/bien-etreiris.ch\\\/de\\\/produktpraesentation\\\/gesundes-leben\\\/gesunde-lebensmittel\\\/\"},{\"@type\":\"ListItem\",\"position\":5,\"name\":\"ZUTATEN\",\"item\":\"https:\\\/\\\/bien-etreiris.ch\\\/de\\\/produktpraesentation\\\/gesundes-leben\\\/gesunde-lebensmittel\\\/zutaten-wohlbefinden\\\/\"},{\"@type\":\"ListItem\",\"position\":6,\"name\":\"GEW\u00dcRZE\",\"item\":\"https:\\\/\\\/bien-etreiris.ch\\\/de\\\/produktpraesentation\\\/gesundes-leben\\\/gesunde-lebensmittel\\\/zutaten-wohlbefinden\\\/gewuerze\\\/\"},{\"@type\":\"ListItem\",\"position\":7,\"name\":\"TONKABOHNEN\"}]},{\"@type\":\"WebSite\",\"@id\":\"https:\\\/\\\/bien-etreiris.ch\\\/de\\\/#website\",\"url\":\"https:\\\/\\\/bien-etreiris.ch\\\/de\\\/\",\"name\":\"Bien-\u00eatre Iris\",\"description\":\"IHRE Gesundheit ist uns wichtig\",\"potentialAction\":[{\"@type\":\"SearchAction\",\"target\":{\"@type\":\"EntryPoint\",\"urlTemplate\":\"https:\\\/\\\/bien-etreiris.ch\\\/de\\\/?s={search_term_string}\"},\"query-input\":{\"@type\":\"PropertyValueSpecification\",\"valueRequired\":true,\"valueName\":\"search_term_string\"}}],\"inLanguage\":\"de\"}]}<\/script>\n<!-- \/ Yoast SEO plugin. -->","yoast_head_json":{"title":"TONKABOHNEN - WOHLBEFINDEN","robots":{"index":"index","follow":"follow","max-snippet":"max-snippet:-1","max-image-preview":"max-image-preview:large","max-video-preview":"max-video-preview:-1"},"canonical":"https:\/\/bien-etreiris.ch\/de\/produktpraesentation\/gesundes-leben\/gesunde-lebensmittel\/zutaten-wohlbefinden\/gewuerze\/tonkabohnen\/","og_locale":"de_DE","og_type":"article","og_title":"TONKABOHNEN - WOHLBEFINDEN","og_description":"F\u00e8ves de Tonka \u00c9pic\u00e9 - acidul\u00e9 - sucr\u00e9 &nbsp; &nbsp; Sonnentor F\u00e8ves de Tonka Enti\u00e8res \u00c9pices fines d'Am\u00e9rique du Sud Parfait pour les puddings, les biscuits et les g\u00e2teaux Produit vegan Notes vanill\u00e9es Contenu : 20 g CHF 8.20 &nbsp; La f\u00e8ve tonka est \u00e9galement appel\u00e9e vanille mexicaine. La graine intens\u00e9ment aromatique est \u00e9cras\u00e9e avec une r\u00e2pe comme la noix&nbsp;Weiter lesen","og_url":"https:\/\/bien-etreiris.ch\/de\/produktpraesentation\/gesundes-leben\/gesunde-lebensmittel\/zutaten-wohlbefinden\/gewuerze\/tonkabohnen\/","og_site_name":"WOHLBEFINDEN","article_publisher":"https:\/\/www.facebook.com\/bienetreiris\/","article_modified_time":"2024-09-12T16:16:39+00:00","og_image":[{"width":370,"height":226,"url":"https:\/\/bien-etreiris.ch\/wp-content\/uploads\/2024\/09\/acceuil-de-feve-de-tonka.png","type":"image\/png"}],"twitter_misc":{"Gesch\u00e4tzte Lesezeit":"2\u00a0Minuten"},"schema":{"@context":"https:\/\/schema.org","@graph":[{"@type":"WebPage","@id":"https:\/\/bien-etreiris.ch\/de\/produktpraesentation\/gesundes-leben\/gesunde-lebensmittel\/zutaten-wohlbefinden\/gewuerze\/tonkabohnen\/","url":"https:\/\/bien-etreiris.ch\/de\/produktpraesentation\/gesundes-leben\/gesunde-lebensmittel\/zutaten-wohlbefinden\/gewuerze\/tonkabohnen\/","name":"TONKABOHNEN - WOHLBEFINDEN","isPartOf":{"@id":"https:\/\/bien-etreiris.ch\/de\/#website"},"primaryImageOfPage":{"@id":"https:\/\/bien-etreiris.ch\/de\/produktpraesentation\/gesundes-leben\/gesunde-lebensmittel\/zutaten-wohlbefinden\/gewuerze\/tonkabohnen\/#primaryimage"},"image":{"@id":"https:\/\/bien-etreiris.ch\/de\/produktpraesentation\/gesundes-leben\/gesunde-lebensmittel\/zutaten-wohlbefinden\/gewuerze\/tonkabohnen\/#primaryimage"},"thumbnailUrl":"https:\/\/bien-etreiris.ch\/wp-content\/uploads\/2024\/09\/acceuil-de-feve-de-tonka.png","datePublished":"2021-03-29T10:33:16+00:00","dateModified":"2024-09-12T16:16:39+00:00","breadcrumb":{"@id":"https:\/\/bien-etreiris.ch\/de\/produktpraesentation\/gesundes-leben\/gesunde-lebensmittel\/zutaten-wohlbefinden\/gewuerze\/tonkabohnen\/#breadcrumb"},"inLanguage":"de","potentialAction":[{"@type":"ReadAction","target":["https:\/\/bien-etreiris.ch\/de\/produktpraesentation\/gesundes-leben\/gesunde-lebensmittel\/zutaten-wohlbefinden\/gewuerze\/tonkabohnen\/"]}]},{"@type":"ImageObject","inLanguage":"de","@id":"https:\/\/bien-etreiris.ch\/de\/produktpraesentation\/gesundes-leben\/gesunde-lebensmittel\/zutaten-wohlbefinden\/gewuerze\/tonkabohnen\/#primaryimage","url":"https:\/\/bien-etreiris.ch\/wp-content\/uploads\/2024\/09\/acceuil-de-feve-de-tonka.png","contentUrl":"https:\/\/bien-etreiris.ch\/wp-content\/uploads\/2024\/09\/acceuil-de-feve-de-tonka.png","width":370,"height":226},{"@type":"BreadcrumbList","@id":"https:\/\/bien-etreiris.ch\/de\/produktpraesentation\/gesundes-leben\/gesunde-lebensmittel\/zutaten-wohlbefinden\/gewuerze\/tonkabohnen\/#breadcrumb","itemListElement":[{"@type":"ListItem","position":1,"name":"Home","item":"https:\/\/bien-etreiris.ch\/de\/"},{"@type":"ListItem","position":2,"name":"PRODUKTPR\u00c4SENTATION","item":"https:\/\/bien-etreiris.ch\/de\/produktpraesentation\/"},{"@type":"ListItem","position":3,"name":"GESUNDES LEBEN","item":"https:\/\/bien-etreiris.ch\/de\/produktpraesentation\/gesundes-leben\/"},{"@type":"ListItem","position":4,"name":"GESUNDE LEBENSMITTEL","item":"https:\/\/bien-etreiris.ch\/de\/produktpraesentation\/gesundes-leben\/gesunde-lebensmittel\/"},{"@type":"ListItem","position":5,"name":"ZUTATEN","item":"https:\/\/bien-etreiris.ch\/de\/produktpraesentation\/gesundes-leben\/gesunde-lebensmittel\/zutaten-wohlbefinden\/"},{"@type":"ListItem","position":6,"name":"GEW\u00dcRZE","item":"https:\/\/bien-etreiris.ch\/de\/produktpraesentation\/gesundes-leben\/gesunde-lebensmittel\/zutaten-wohlbefinden\/gewuerze\/"},{"@type":"ListItem","position":7,"name":"TONKABOHNEN"}]},{"@type":"WebSite","@id":"https:\/\/bien-etreiris.ch\/de\/#website","url":"https:\/\/bien-etreiris.ch\/de\/","name":"Bien-\u00eatre Iris","description":"IHRE Gesundheit ist uns wichtig","potentialAction":[{"@type":"SearchAction","target":{"@type":"EntryPoint","urlTemplate":"https:\/\/bien-etreiris.ch\/de\/?s={search_term_string}"},"query-input":{"@type":"PropertyValueSpecification","valueRequired":true,"valueName":"search_term_string"}}],"inLanguage":"de"}]}},"_links":{"self":[{"href":"https:\/\/bien-etreiris.ch\/de\/wp-json\/wp\/v2\/pages\/41615","targetHints":{"allow":["GET"]}}],"collection":[{"href":"https:\/\/bien-etreiris.ch\/de\/wp-json\/wp\/v2\/pages"}],"about":[{"href":"https:\/\/bien-etreiris.ch\/de\/wp-json\/wp\/v2\/types\/page"}],"author":[{"embeddable":true,"href":"https:\/\/bien-etreiris.ch\/de\/wp-json\/wp\/v2\/users\/1"}],"replies":[{"embeddable":true,"href":"https:\/\/bien-etreiris.ch\/de\/wp-json\/wp\/v2\/comments?post=41615"}],"version-history":[{"count":3,"href":"https:\/\/bien-etreiris.ch\/de\/wp-json\/wp\/v2\/pages\/41615\/revisions"}],"predecessor-version":[{"id":89380,"href":"https:\/\/bien-etreiris.ch\/de\/wp-json\/wp\/v2\/pages\/41615\/revisions\/89380"}],"up":[{"embeddable":true,"href":"https:\/\/bien-etreiris.ch\/de\/wp-json\/wp\/v2\/pages\/98233"}],"wp:featuredmedia":[{"embeddable":true,"href":"https:\/\/bien-etreiris.ch\/de\/wp-json\/wp\/v2\/media\/89281"}],"wp:attachment":[{"href":"https:\/\/bien-etreiris.ch\/de\/wp-json\/wp\/v2\/media?parent=41615"}],"curies":[{"name":"wp","href":"https:\/\/api.w.org\/{rel}","templated":true}]}}