{"id":41500,"date":"2021-03-28T20:22:24","date_gmt":"2021-03-28T20:22:24","guid":{"rendered":"https:\/\/bien-etreiris.ch\/wohlbefinden\/gesundes-leben\/aliments-sains\/boissons\/gingembre-citron-sirop\/"},"modified":"2021-06-03T07:57:09","modified_gmt":"2021-06-03T05:57:09","slug":"zitronen-ingwer-sirup","status":"publish","type":"page","link":"https:\/\/bien-etreiris.ch\/de\/produktpraesentation\/gesundes-leben\/gesunde-lebensmittel\/getraenke\/sirup\/zitronen-ingwer-sirup\/","title":{"rendered":"ZITRONEN-INGWER SIRUP"},"content":{"rendered":"\n<h2 class=\"wp-block-heading\"> Sirop gingembre-citron<\/h2>\n\n\n<h4>Sirop de fruits biologiques m\u00e9lang\u00e9s<\/h4>\n<p>&nbsp;<\/p>\n<h4><a href=\"https:\/\/decoiris.ch\/wp-content\/uploads\/2021\/03\/citron-gingembre.png\"><img loading=\"lazy\" decoding=\"async\" class=\"alignleft wp-image-41492\" src=\"https:\/\/decoiris.ch\/wp-content\/uploads\/2021\/03\/citron-gingembre-1024x1024.png\" alt=\"\" width=\"400\" height=\"400\" srcset=\"https:\/\/bien-etreiris.ch\/wp-content\/uploads\/2021\/03\/citron-gingembre-1024x1024.png 1024w, https:\/\/bien-etreiris.ch\/wp-content\/uploads\/2021\/03\/citron-gingembre-150x150.png 150w, https:\/\/bien-etreiris.ch\/wp-content\/uploads\/2021\/03\/citron-gingembre-300x300.png 300w, https:\/\/bien-etreiris.ch\/wp-content\/uploads\/2021\/03\/citron-gingembre-768x768.png 768w, https:\/\/bien-etreiris.ch\/wp-content\/uploads\/2021\/03\/citron-gingembre.png 1186w\" sizes=\"auto, (max-width: 400px) 100vw, 400px\" \/><\/a><\/h4>\n<p>&nbsp;<\/p>\n<h4>Sonnentor<\/h4>\n<p><strong>Sirop Citron-Gingembre Bio<\/strong><\/p>\n<p><strong>Go\u00fbt d\u00e9licieux frais avec une petite touche prononc\u00e9e.<\/strong><\/p>\n<div class=\"product-page-summary\">\n<ul class=\"feature-list\">\n<li>Produit 100% bio<\/li>\n<li>Produit vegan<\/li>\n<li>Neutre en CO2\n<p class=\"variant-content\"><span class=\"variant-label\">Contenu:<\/span> 500 ml <strong>CHF 10.50<\/strong><\/p>\n<\/li>\n<\/ul>\n<p>Rapport de dilution : 1:12.<\/p>\n<\/div>\n<p>&nbsp;<\/p>\n<p>&nbsp;<\/p>\n<p>&nbsp;<\/p>\n<h4>Fruit\u00e9 - Doux - Citron<\/h4>\n<p>Rafra\u00eechissant et d\u00e9salt\u00e9rant ! Le sirop de gingembre-citron a une odeur fra\u00eeche et fruit\u00e9e. Le citron domine le go\u00fbt, ce n'est qu'en fin de bouche que le gingembre devient perceptible. Si vous le souhaitez, vous pouvez affiner le sirop dilu\u00e9 avec une rondelle de citron ou de gingembre frais.<\/p>\n<p>Il convient \u00e9galement pour sucrer le th\u00e9, les compotes, les salades de fruits ou les yaourts. Sensationnel !<\/p>\n<p>&nbsp;<\/p>\n<h4>Ingr\u00e9dients<\/h4>\n<p>Concentr\u00e9 de jus de pomme biologique (70%), extrait de th\u00e9 de : Gingembre bio (8%), citronnelle bio, \u00e9corce de citron bio (4%), poivre noir bio, r\u00e9glisse bio, menthe poivr\u00e9e bio, hibiscus bio.<\/p>","protected":false},"excerpt":{"rendered":"<p>Sirop gingembre-citron Sirop de fruits biologiques m\u00e9lang\u00e9s &nbsp; &nbsp; Sonnentor Sirop Citron-Gingembre Bio Go\u00fbt d\u00e9licieux frais avec une petite touche prononc\u00e9e. Produit 100% bio Produit vegan Neutre en CO2 Contenu: 500 ml CHF 10.50 Rapport de dilution : 1:12. &nbsp; &nbsp; &nbsp; Fruit\u00e9 - Doux - Citron Rafra\u00eechissant et d\u00e9salt\u00e9rant ! Le sirop de gingembre-citron a une odeur fra\u00eeche et&nbsp;<a href=\"https:\/\/bien-etreiris.ch\/de\/produktpraesentation\/gesundes-leben\/gesunde-lebensmittel\/getraenke\/sirup\/zitronen-ingwer-sirup\/\" class=\"read-more\">Weiter lesen<\/a><\/p>\n","protected":false},"author":1,"featured_media":41497,"parent":49220,"menu_order":6070,"comment_status":"closed","ping_status":"closed","template":"page-with-child.php","meta":{"_acf_changed":false,"ngg_post_thumbnail":0,"footnotes":""},"class_list":["post-41500","page","type-page","status-publish","has-post-thumbnail","hentry"],"acf":[],"yoast_head":"<!-- This site is optimized with the Yoast SEO plugin v27.4 - https:\/\/yoast.com\/product\/yoast-seo-wordpress\/ -->\n<title>ZITRONEN-INGWER SIRUP - WOHLBEFINDEN<\/title>\n<meta name=\"robots\" content=\"index, follow, max-snippet:-1, max-image-preview:large, max-video-preview:-1\" \/>\n<link rel=\"canonical\" href=\"https:\/\/bien-etreiris.ch\/de\/produktpraesentation\/gesundes-leben\/gesunde-lebensmittel\/getraenke\/sirup\/zitronen-ingwer-sirup\/\" \/>\n<meta property=\"og:locale\" content=\"de_DE\" \/>\n<meta property=\"og:type\" content=\"article\" \/>\n<meta property=\"og:title\" content=\"ZITRONEN-INGWER SIRUP - WOHLBEFINDEN\" \/>\n<meta property=\"og:description\" content=\"Sirop gingembre-citron Sirop de fruits biologiques m\u00e9lang\u00e9s &nbsp; &nbsp; Sonnentor Sirop Citron-Gingembre Bio Go\u00fbt d\u00e9licieux frais avec une petite touche prononc\u00e9e. Produit 100% bio Produit vegan Neutre en CO2 Contenu: 500 ml CHF 10.50 Rapport de dilution : 1:12. &nbsp; &nbsp; &nbsp; Fruit\u00e9 - Doux - Citron Rafra\u00eechissant et d\u00e9salt\u00e9rant ! Le sirop de gingembre-citron a une odeur fra\u00eeche et&nbsp;Weiter lesen\" \/>\n<meta property=\"og:url\" content=\"https:\/\/bien-etreiris.ch\/de\/produktpraesentation\/gesundes-leben\/gesunde-lebensmittel\/getraenke\/sirup\/zitronen-ingwer-sirup\/\" \/>\n<meta property=\"og:site_name\" content=\"WOHLBEFINDEN\" \/>\n<meta property=\"article:publisher\" content=\"https:\/\/www.facebook.com\/bienetreiris\/\" \/>\n<meta property=\"article:modified_time\" content=\"2021-06-03T05:57:09+00:00\" \/>\n<meta property=\"og:image\" content=\"https:\/\/bien-etreiris.ch\/wp-content\/uploads\/2021\/03\/acceuil-citron-gingembre.png\" \/>\n\t<meta property=\"og:image:width\" content=\"500\" \/>\n\t<meta property=\"og:image:height\" content=\"333\" \/>\n\t<meta property=\"og:image:type\" content=\"image\/png\" \/>\n<meta name=\"twitter:label1\" content=\"Gesch\u00e4tzte Lesezeit\" \/>\n\t<meta name=\"twitter:data1\" content=\"1\u00a0Minute\" \/>\n<script type=\"application\/ld+json\" class=\"yoast-schema-graph\">{\"@context\":\"https:\\\/\\\/schema.org\",\"@graph\":[{\"@type\":\"WebPage\",\"@id\":\"https:\\\/\\\/bien-etreiris.ch\\\/de\\\/produktpraesentation\\\/gesundes-leben\\\/gesunde-lebensmittel\\\/getraenke\\\/sirup\\\/zitronen-ingwer-sirup\\\/\",\"url\":\"https:\\\/\\\/bien-etreiris.ch\\\/de\\\/produktpraesentation\\\/gesundes-leben\\\/gesunde-lebensmittel\\\/getraenke\\\/sirup\\\/zitronen-ingwer-sirup\\\/\",\"name\":\"ZITRONEN-INGWER SIRUP - WOHLBEFINDEN\",\"isPartOf\":{\"@id\":\"https:\\\/\\\/bien-etreiris.ch\\\/de\\\/#website\"},\"primaryImageOfPage\":{\"@id\":\"https:\\\/\\\/bien-etreiris.ch\\\/de\\\/produktpraesentation\\\/gesundes-leben\\\/gesunde-lebensmittel\\\/getraenke\\\/sirup\\\/zitronen-ingwer-sirup\\\/#primaryimage\"},\"image\":{\"@id\":\"https:\\\/\\\/bien-etreiris.ch\\\/de\\\/produktpraesentation\\\/gesundes-leben\\\/gesunde-lebensmittel\\\/getraenke\\\/sirup\\\/zitronen-ingwer-sirup\\\/#primaryimage\"},\"thumbnailUrl\":\"https:\\\/\\\/bien-etreiris.ch\\\/wp-content\\\/uploads\\\/2021\\\/03\\\/acceuil-citron-gingembre.png\",\"datePublished\":\"2021-03-28T20:22:24+00:00\",\"dateModified\":\"2021-06-03T05:57:09+00:00\",\"breadcrumb\":{\"@id\":\"https:\\\/\\\/bien-etreiris.ch\\\/de\\\/produktpraesentation\\\/gesundes-leben\\\/gesunde-lebensmittel\\\/getraenke\\\/sirup\\\/zitronen-ingwer-sirup\\\/#breadcrumb\"},\"inLanguage\":\"de\",\"potentialAction\":[{\"@type\":\"ReadAction\",\"target\":[\"https:\\\/\\\/bien-etreiris.ch\\\/de\\\/produktpraesentation\\\/gesundes-leben\\\/gesunde-lebensmittel\\\/getraenke\\\/sirup\\\/zitronen-ingwer-sirup\\\/\"]}]},{\"@type\":\"ImageObject\",\"inLanguage\":\"de\",\"@id\":\"https:\\\/\\\/bien-etreiris.ch\\\/de\\\/produktpraesentation\\\/gesundes-leben\\\/gesunde-lebensmittel\\\/getraenke\\\/sirup\\\/zitronen-ingwer-sirup\\\/#primaryimage\",\"url\":\"https:\\\/\\\/bien-etreiris.ch\\\/wp-content\\\/uploads\\\/2021\\\/03\\\/acceuil-citron-gingembre.png\",\"contentUrl\":\"https:\\\/\\\/bien-etreiris.ch\\\/wp-content\\\/uploads\\\/2021\\\/03\\\/acceuil-citron-gingembre.png\",\"width\":500,\"height\":333},{\"@type\":\"BreadcrumbList\",\"@id\":\"https:\\\/\\\/bien-etreiris.ch\\\/de\\\/produktpraesentation\\\/gesundes-leben\\\/gesunde-lebensmittel\\\/getraenke\\\/sirup\\\/zitronen-ingwer-sirup\\\/#breadcrumb\",\"itemListElement\":[{\"@type\":\"ListItem\",\"position\":1,\"name\":\"Home\",\"item\":\"https:\\\/\\\/bien-etreiris.ch\\\/de\\\/\"},{\"@type\":\"ListItem\",\"position\":2,\"name\":\"PRODUKTPR\u00c4SENTATION\",\"item\":\"https:\\\/\\\/bien-etreiris.ch\\\/de\\\/produktpraesentation\\\/\"},{\"@type\":\"ListItem\",\"position\":3,\"name\":\"GESUNDES LEBEN\",\"item\":\"https:\\\/\\\/bien-etreiris.ch\\\/de\\\/produktpraesentation\\\/gesundes-leben\\\/\"},{\"@type\":\"ListItem\",\"position\":4,\"name\":\"GESUNDE LEBENSMITTEL\",\"item\":\"https:\\\/\\\/bien-etreiris.ch\\\/de\\\/produktpraesentation\\\/gesundes-leben\\\/gesunde-lebensmittel\\\/\"},{\"@type\":\"ListItem\",\"position\":5,\"name\":\"GETR\u00c4NKE\",\"item\":\"https:\\\/\\\/bien-etreiris.ch\\\/de\\\/produktpraesentation\\\/gesundes-leben\\\/gesunde-lebensmittel\\\/getraenke\\\/\"},{\"@type\":\"ListItem\",\"position\":6,\"name\":\"SIRUP\",\"item\":\"https:\\\/\\\/bien-etreiris.ch\\\/de\\\/produktpraesentation\\\/gesundes-leben\\\/gesunde-lebensmittel\\\/getraenke\\\/sirup\\\/\"},{\"@type\":\"ListItem\",\"position\":7,\"name\":\"ZITRONEN-INGWER SIRUP\"}]},{\"@type\":\"WebSite\",\"@id\":\"https:\\\/\\\/bien-etreiris.ch\\\/de\\\/#website\",\"url\":\"https:\\\/\\\/bien-etreiris.ch\\\/de\\\/\",\"name\":\"Bien-\u00eatre Iris\",\"description\":\"IHRE Gesundheit ist uns wichtig\",\"potentialAction\":[{\"@type\":\"SearchAction\",\"target\":{\"@type\":\"EntryPoint\",\"urlTemplate\":\"https:\\\/\\\/bien-etreiris.ch\\\/de\\\/?s={search_term_string}\"},\"query-input\":{\"@type\":\"PropertyValueSpecification\",\"valueRequired\":true,\"valueName\":\"search_term_string\"}}],\"inLanguage\":\"de\"}]}<\/script>\n<!-- \/ Yoast SEO plugin. -->","yoast_head_json":{"title":"ZITRONEN-INGWER SIRUP - WOHLBEFINDEN","robots":{"index":"index","follow":"follow","max-snippet":"max-snippet:-1","max-image-preview":"max-image-preview:large","max-video-preview":"max-video-preview:-1"},"canonical":"https:\/\/bien-etreiris.ch\/de\/produktpraesentation\/gesundes-leben\/gesunde-lebensmittel\/getraenke\/sirup\/zitronen-ingwer-sirup\/","og_locale":"de_DE","og_type":"article","og_title":"ZITRONEN-INGWER SIRUP - WOHLBEFINDEN","og_description":"Sirop gingembre-citron Sirop de fruits biologiques m\u00e9lang\u00e9s &nbsp; &nbsp; Sonnentor Sirop Citron-Gingembre Bio Go\u00fbt d\u00e9licieux frais avec une petite touche prononc\u00e9e. Produit 100% bio Produit vegan Neutre en CO2 Contenu: 500 ml CHF 10.50 Rapport de dilution : 1:12. &nbsp; &nbsp; &nbsp; Fruit\u00e9 - Doux - Citron Rafra\u00eechissant et d\u00e9salt\u00e9rant ! Le sirop de gingembre-citron a une odeur fra\u00eeche et&nbsp;Weiter lesen","og_url":"https:\/\/bien-etreiris.ch\/de\/produktpraesentation\/gesundes-leben\/gesunde-lebensmittel\/getraenke\/sirup\/zitronen-ingwer-sirup\/","og_site_name":"WOHLBEFINDEN","article_publisher":"https:\/\/www.facebook.com\/bienetreiris\/","article_modified_time":"2021-06-03T05:57:09+00:00","og_image":[{"width":500,"height":333,"url":"https:\/\/bien-etreiris.ch\/wp-content\/uploads\/2021\/03\/acceuil-citron-gingembre.png","type":"image\/png"}],"twitter_misc":{"Gesch\u00e4tzte Lesezeit":"1\u00a0Minute"},"schema":{"@context":"https:\/\/schema.org","@graph":[{"@type":"WebPage","@id":"https:\/\/bien-etreiris.ch\/de\/produktpraesentation\/gesundes-leben\/gesunde-lebensmittel\/getraenke\/sirup\/zitronen-ingwer-sirup\/","url":"https:\/\/bien-etreiris.ch\/de\/produktpraesentation\/gesundes-leben\/gesunde-lebensmittel\/getraenke\/sirup\/zitronen-ingwer-sirup\/","name":"ZITRONEN-INGWER SIRUP - WOHLBEFINDEN","isPartOf":{"@id":"https:\/\/bien-etreiris.ch\/de\/#website"},"primaryImageOfPage":{"@id":"https:\/\/bien-etreiris.ch\/de\/produktpraesentation\/gesundes-leben\/gesunde-lebensmittel\/getraenke\/sirup\/zitronen-ingwer-sirup\/#primaryimage"},"image":{"@id":"https:\/\/bien-etreiris.ch\/de\/produktpraesentation\/gesundes-leben\/gesunde-lebensmittel\/getraenke\/sirup\/zitronen-ingwer-sirup\/#primaryimage"},"thumbnailUrl":"https:\/\/bien-etreiris.ch\/wp-content\/uploads\/2021\/03\/acceuil-citron-gingembre.png","datePublished":"2021-03-28T20:22:24+00:00","dateModified":"2021-06-03T05:57:09+00:00","breadcrumb":{"@id":"https:\/\/bien-etreiris.ch\/de\/produktpraesentation\/gesundes-leben\/gesunde-lebensmittel\/getraenke\/sirup\/zitronen-ingwer-sirup\/#breadcrumb"},"inLanguage":"de","potentialAction":[{"@type":"ReadAction","target":["https:\/\/bien-etreiris.ch\/de\/produktpraesentation\/gesundes-leben\/gesunde-lebensmittel\/getraenke\/sirup\/zitronen-ingwer-sirup\/"]}]},{"@type":"ImageObject","inLanguage":"de","@id":"https:\/\/bien-etreiris.ch\/de\/produktpraesentation\/gesundes-leben\/gesunde-lebensmittel\/getraenke\/sirup\/zitronen-ingwer-sirup\/#primaryimage","url":"https:\/\/bien-etreiris.ch\/wp-content\/uploads\/2021\/03\/acceuil-citron-gingembre.png","contentUrl":"https:\/\/bien-etreiris.ch\/wp-content\/uploads\/2021\/03\/acceuil-citron-gingembre.png","width":500,"height":333},{"@type":"BreadcrumbList","@id":"https:\/\/bien-etreiris.ch\/de\/produktpraesentation\/gesundes-leben\/gesunde-lebensmittel\/getraenke\/sirup\/zitronen-ingwer-sirup\/#breadcrumb","itemListElement":[{"@type":"ListItem","position":1,"name":"Home","item":"https:\/\/bien-etreiris.ch\/de\/"},{"@type":"ListItem","position":2,"name":"PRODUKTPR\u00c4SENTATION","item":"https:\/\/bien-etreiris.ch\/de\/produktpraesentation\/"},{"@type":"ListItem","position":3,"name":"GESUNDES LEBEN","item":"https:\/\/bien-etreiris.ch\/de\/produktpraesentation\/gesundes-leben\/"},{"@type":"ListItem","position":4,"name":"GESUNDE LEBENSMITTEL","item":"https:\/\/bien-etreiris.ch\/de\/produktpraesentation\/gesundes-leben\/gesunde-lebensmittel\/"},{"@type":"ListItem","position":5,"name":"GETR\u00c4NKE","item":"https:\/\/bien-etreiris.ch\/de\/produktpraesentation\/gesundes-leben\/gesunde-lebensmittel\/getraenke\/"},{"@type":"ListItem","position":6,"name":"SIRUP","item":"https:\/\/bien-etreiris.ch\/de\/produktpraesentation\/gesundes-leben\/gesunde-lebensmittel\/getraenke\/sirup\/"},{"@type":"ListItem","position":7,"name":"ZITRONEN-INGWER SIRUP"}]},{"@type":"WebSite","@id":"https:\/\/bien-etreiris.ch\/de\/#website","url":"https:\/\/bien-etreiris.ch\/de\/","name":"Bien-\u00eatre Iris","description":"IHRE Gesundheit ist uns wichtig","potentialAction":[{"@type":"SearchAction","target":{"@type":"EntryPoint","urlTemplate":"https:\/\/bien-etreiris.ch\/de\/?s={search_term_string}"},"query-input":{"@type":"PropertyValueSpecification","valueRequired":true,"valueName":"search_term_string"}}],"inLanguage":"de"}]}},"_links":{"self":[{"href":"https:\/\/bien-etreiris.ch\/de\/wp-json\/wp\/v2\/pages\/41500","targetHints":{"allow":["GET"]}}],"collection":[{"href":"https:\/\/bien-etreiris.ch\/de\/wp-json\/wp\/v2\/pages"}],"about":[{"href":"https:\/\/bien-etreiris.ch\/de\/wp-json\/wp\/v2\/types\/page"}],"author":[{"embeddable":true,"href":"https:\/\/bien-etreiris.ch\/de\/wp-json\/wp\/v2\/users\/1"}],"replies":[{"embeddable":true,"href":"https:\/\/bien-etreiris.ch\/de\/wp-json\/wp\/v2\/comments?post=41500"}],"version-history":[{"count":8,"href":"https:\/\/bien-etreiris.ch\/de\/wp-json\/wp\/v2\/pages\/41500\/revisions"}],"predecessor-version":[{"id":49232,"href":"https:\/\/bien-etreiris.ch\/de\/wp-json\/wp\/v2\/pages\/41500\/revisions\/49232"}],"up":[{"embeddable":true,"href":"https:\/\/bien-etreiris.ch\/de\/wp-json\/wp\/v2\/pages\/49220"}],"wp:featuredmedia":[{"embeddable":true,"href":"https:\/\/bien-etreiris.ch\/de\/wp-json\/wp\/v2\/media\/41497"}],"wp:attachment":[{"href":"https:\/\/bien-etreiris.ch\/de\/wp-json\/wp\/v2\/media?parent=41500"}],"curies":[{"name":"wp","href":"https:\/\/api.w.org\/{rel}","templated":true}]}}