{"id":41260,"date":"2021-03-28T07:09:22","date_gmt":"2021-03-28T07:09:22","guid":{"rendered":"https:\/\/bien-etreiris.ch\/?page_id=41260"},"modified":"2023-01-19T11:17:50","modified_gmt":"2023-01-19T09:17:50","slug":"ingwer-aeterisches-oel","status":"publish","type":"page","link":"https:\/\/bien-etreiris.ch\/de\/produktpraesentation\/aromatherapie\/aetherische-oele\/ingwer-aeterisches-oel\/","title":{"rendered":"INGWER"},"content":{"rendered":"\n<h2 class=\"wp-block-heading\">Ingwer<\/h2>\n\n\n<p><a href=\"https:\/\/decoiris.ch\/wp-content\/uploads\/2021\/03\/gingembre.png\"><img loading=\"lazy\" decoding=\"async\" class=\"size-medium wp-image-41256 alignleft\" src=\"https:\/\/decoiris.ch\/wp-content\/uploads\/2021\/03\/gingembre-300x300.png\" alt=\"\" width=\"300\" height=\"300\" srcset=\"https:\/\/bien-etreiris.ch\/wp-content\/uploads\/2021\/03\/gingembre-300x300.png 300w, https:\/\/bien-etreiris.ch\/wp-content\/uploads\/2021\/03\/gingembre-150x150.png 150w, https:\/\/bien-etreiris.ch\/wp-content\/uploads\/2021\/03\/gingembre-768x768.png 768w, https:\/\/bien-etreiris.ch\/wp-content\/uploads\/2021\/03\/gingembre.png 800w\" sizes=\"auto, (max-width: 300px) 100vw, 300px\" \/><\/a><\/p>\n<p>&nbsp;<\/p>\n<p>&nbsp;<\/p>\n<p><strong>&nbsp;<\/strong><\/p>\n<p><span class=\"tlid-translation translation\"><span class=\"\" title=\"\">Lat<\/span><span title=\"\">.<\/span> <span class=\"\" title=\"\">nom<\/span><span class=\"\" title=\"\">:<\/span><\/span> Zingiber officinale<\/p>\n<p><strong>100 % naturelle et pur<\/strong><\/p>\n<p><strong>CH - BIO 006<\/strong><\/p>\n<p>Contenu : <strong>5 ml CHF 14.50<\/strong><\/p>\n<p>&nbsp;<\/p>\n<p>&nbsp;<\/p>\n<p>&nbsp;<\/p>\n<table style=\"height: 1601px; width: 958px;\" width=\"627\">\n<tbody>\n<tr style=\"height: 82px;\">\n<td style=\"width: 182.083px; height: 10px;\">\n<p data-motopress-type=\"loop\" data-motopress-loop-file=\"loop\/loop-page.php\"><strong>Nom botanique :<\/strong><\/p>\n<\/td>\n<td style=\"width: 768.317px; height: 10px;\">Zingiber officinale<\/td>\n<\/tr>\n<tr style=\"height: 61px;\">\n<td style=\"width: 182.083px; height: 10px;\"><strong>Famille botanique :<\/strong><\/td>\n<td style=\"width: 768.317px; height: 10px;\">zingib\u00e9rac\u00e9es<\/td>\n<\/tr>\n<tr style=\"height: 61px;\">\n<td style=\"width: 182.083px; height: 10px;\"><strong>M\u00e9thode d'extraction :<\/strong><\/td>\n<td style=\"width: 768.317px; height: 10px;\">Distillation \u00e0 la vapeur d'eau\u200b\u200b\u200b\u200b\u200b\u200b<\/td>\n<\/tr>\n<tr style=\"height: 90px;\">\n<td style=\"width: 182.083px; height: 10px;\"><strong>Partie de la plante utilis\u00e9e :<\/strong><\/td>\n<td style=\"width: 768.317px; height: 10px;\">racines<\/td>\n<\/tr>\n<tr style=\"height: 61px;\">\n<td style=\"width: 182.083px; height: 61px;\"><strong>Quantit\u00e9 v\u00e9g\u00e9tale :<\/strong><\/td>\n<td style=\"width: 768.317px; height: 61px;\">Pour 1 kg d'huile, il faut 25 kg de racines s\u00e9ch\u00e9es.<\/td>\n<\/tr>\n<tr style=\"height: 90px;\">\n<td style=\"width: 182.083px; height: 10px;\"><strong>Origine g\u00e9ographique :&nbsp;<\/strong><\/td>\n<td style=\"width: 768.317px; height: 10px;\">Madagascar (peut varier selon la saison et la r\u00e9colte)<\/td>\n<\/tr>\n<tr style=\"height: 61px;\">\n<td style=\"width: 182.083px; height: 61px;\"><strong>Culture qualit\u00e9&nbsp;:<\/strong><\/td>\n<td style=\"width: 768.317px; height: 61px;\">biologique (n.b.a.), sans animaux, v\u00e9g\u00e9talien<\/td>\n<\/tr>\n<tr style=\"height: 61px;\">\n<td style=\"width: 182.083px; height: 61px;\"><strong>Effet parfum\u00e9 :<\/strong><\/td>\n<td style=\"width: 768.317px; height: 61px;\">stimulant<\/td>\n<\/tr>\n<tr style=\"height: 61px;\">\n<td style=\"width: 182.083px; height: 61px;\"><strong>Note parfum\u00e9e :<\/strong><\/td>\n<td style=\"width: 768.317px; height: 61px;\">Note de t\u00eate\/c\u0153ur<\/td>\n<\/tr>\n<tr style=\"height: 61px;\">\n<td style=\"width: 182.083px; height: 10px;\"><strong>Profil de parfum :<\/strong><\/td>\n<td style=\"width: 768.317px; height: 10px;\">aromatique, rafra\u00eechissant, fougueux<\/td>\n<\/tr>\n<tr style=\"height: 61px;\">\n<td style=\"width: 182.083px; height: 10px;\"><strong>Th\u00e8me du parfum :<\/strong><\/td>\n<td style=\"width: 768.317px; height: 10px;\">fortifiant, r\u00e9chauffant, stimulant<\/td>\n<\/tr>\n<tr style=\"height: 32px;\">\n<td style=\"width: 182.083px; height: 32px;\"><strong>\u00c9nerg\u00e9tique :<\/strong><\/td>\n<td style=\"width: 768.317px; height: 32px;\">orange et jaune \/ 2e et 3e chakras<\/td>\n<\/tr>\n<tr style=\"height: 61px;\">\n<td style=\"width: 182.083px; height: 61px;\"><strong>Psycho-\u00e9motionnel :&nbsp;<\/strong><\/td>\n<td style=\"width: 768.317px; height: 61px;\">aide&nbsp;\u00e0 juger et \u00e0 appr\u00e9cier avec justesse<\/td>\n<\/tr>\n<tr style=\"height: 176px;\">\n<td style=\"width: 182.083px; height: 176px;\"><strong>Description :<\/strong><\/td>\n<td style=\"width: 768.317px; height: 176px;\">Le go\u00fbt exotique du gingembre est inextricablement li\u00e9 \u00e0 la cuisine asiatique. Le gingembre \u00e9tait d\u00e9j\u00e0 cultiv\u00e9 en Chine et en Inde il y a plus de 3 000 ans. Ses propri\u00e9t\u00e9s digestives et d\u00e9sinfectantes sont \u00e9galement tr\u00e8s appr\u00e9ci\u00e9es en Europe. L'huile essentielle de la racine de gingembre a des propri\u00e9t\u00e9s antispasmodiques et anti-inflammatoires. L'huile est utilis\u00e9e en particulier pour les troubles aggrav\u00e9s par le froid et l'humidit\u00e9. Il est \u00e9galement utile pour le mal des transports. Au niveau \u00e9motionnel et mental, il a un effet clarifiant et orientant. Des d\u00e9cisions peuvent \u00eatre prises et mises en \u0153uvre. Par son effet stimulant sur la production de noradr\u00e9naline, il active et mobilise les ressources.<\/td>\n<\/tr>\n<tr style=\"height: 67px;\">\n<td style=\"width: 182.083px; height: 67px;\"><strong>Application :<\/strong><\/td>\n<td style=\"width: 768.317px; height: 67px;\">\n<ul style=\"list-style-type: disc;\">\n<li>Le gingembre se marie bien avec le geni\u00e8vre, le cajeput, la coriandre, le jasmin, l'\u00e9corce de cannelle et l'orange.<\/li>\n<\/ul>\n<\/td>\n<\/tr>\n<tr style=\"height: 67px;\">\n<td style=\"width: 182.083px; height: 67px;\">&nbsp;<\/td>\n<td style=\"width: 768.317px; height: 67px;\">\n<ul style=\"list-style-type: disc;\">\n<li>Pour une exp\u00e9rience de douche chaleureuse, ajoutez du gingembre, de l'orange et de la cardamome \u00e0 la base du gel douche au parfum neutre.<\/li>\n<\/ul>\n<\/td>\n<\/tr>\n<tr style=\"height: 67px;\">\n<td style=\"width: 182.083px; height: 67px;\">&nbsp;<\/td>\n<td style=\"width: 768.317px; height: 67px;\">\n<ul style=\"list-style-type: disc;\">\n<li>Pour le mal des transports, il suffit d'ajouter de l'huile de gingembre au Damascena Scent Stick.<\/li>\n<\/ul>\n<\/td>\n<\/tr>\n<tr style=\"height: 38px;\">\n<td style=\"width: 182.083px; height: 38px;\"><strong>Principes actifs :<\/strong><\/td>\n<td style=\"width: 768.317px; height: 38px;\">\n<ul style=\"list-style-type: disc;\">\n<li>Alpha-pin\u00e8ne&nbsp;(2,4&nbsp;%)<\/li>\n<\/ul>\n<\/td>\n<\/tr>\n<tr style=\"height: 38px;\">\n<td style=\"width: 182.083px; height: 38px;\">&nbsp;<\/td>\n<td style=\"width: 768.317px; height: 38px;\">\n<ul style=\"list-style-type: disc;\">\n<li>Camph\u00e8ne&nbsp;(7,18 %)<\/li>\n<\/ul>\n<\/td>\n<\/tr>\n<tr style=\"height: 38px;\">\n<td style=\"width: 182.083px; height: 38px;\">&nbsp;<\/td>\n<td style=\"width: 768.317px; height: 38px;\">\n<ul style=\"list-style-type: disc;\">\n<li>Myrc\u00e8ne&nbsp;(1&nbsp;%)<\/li>\n<\/ul>\n<\/td>\n<\/tr>\n<tr style=\"height: 38px;\">\n<td style=\"width: 182.083px; height: 38px;\">&nbsp;<\/td>\n<td style=\"width: 768.317px; height: 38px;\">\n<ul style=\"list-style-type: disc;\">\n<li>Limon\u00e8ne (1,4 %)<\/li>\n<\/ul>\n<\/td>\n<\/tr>\n<tr style=\"height: 38px;\">\n<td style=\"width: 182.083px; height: 38px;\">&nbsp;<\/td>\n<td style=\"width: 768.317px; height: 38px;\">\n<ul style=\"list-style-type: disc;\">\n<li>1,8-cin\u00e9ole + beta-phellandr\u00e8ne&nbsp;(7,39 %)<\/li>\n<\/ul>\n<\/td>\n<\/tr>\n<tr style=\"height: 38px;\">\n<td style=\"width: 182.083px; height: 38px;\">&nbsp;<\/td>\n<td style=\"width: 768.317px; height: 38px;\">\n<ul style=\"list-style-type: disc;\">\n<li>N\u00e9ral&nbsp;(2,6 %)<\/li>\n<\/ul>\n<\/td>\n<\/tr>\n<tr style=\"height: 38px;\">\n<td style=\"width: 182.083px; height: 38px;\">&nbsp;<\/td>\n<td style=\"width: 768.317px; height: 38px;\">\n<ul style=\"list-style-type: disc;\">\n<li>G\u00e9raniol&nbsp;(0,62 %)<\/li>\n<\/ul>\n<\/td>\n<\/tr>\n<tr style=\"height: 38px;\">\n<td style=\"width: 182.083px; height: 38px;\">&nbsp;<\/td>\n<td style=\"width: 768.317px; height: 38px;\">\n<ul style=\"list-style-type: disc;\">\n<li>G\u00e9ranial&nbsp;(4,23 %)<\/li>\n<\/ul>\n<\/td>\n<\/tr>\n<tr style=\"height: 38px;\">\n<td style=\"width: 182.083px; height: 38px;\">&nbsp;<\/td>\n<td style=\"width: 768.317px; height: 38px;\">\n<ul style=\"list-style-type: disc;\">\n<li>Alpha-curcum\u00e8ne&nbsp;(3,96 %)<\/li>\n<\/ul>\n<\/td>\n<\/tr>\n<tr style=\"height: 38px;\">\n<td style=\"width: 182.083px; height: 38px;\">&nbsp;<\/td>\n<td style=\"width: 768.317px; height: 38px;\">\n<ul style=\"list-style-type: disc;\">\n<li>Germacr\u00e8ne D (1,66 %)<\/li>\n<\/ul>\n<\/td>\n<\/tr>\n<tr style=\"height: 38px;\">\n<td style=\"width: 182.083px; height: 38px;\">&nbsp;<\/td>\n<td style=\"width: 768.317px; height: 38px;\">\n<ul style=\"list-style-type: disc;\">\n<li>Zingiber\u00e8ne&nbsp;(28,82 %)<\/li>\n<\/ul>\n<\/td>\n<\/tr>\n<tr style=\"height: 38px;\">\n<td style=\"width: 182.083px; height: 38px;\">&nbsp;<\/td>\n<td style=\"width: 768.317px; height: 38px;\">\n<ul style=\"list-style-type: disc;\">\n<li>E-E-alpha farnes\u00e8ne&nbsp;(7,03 %)<\/li>\n<\/ul>\n<\/td>\n<\/tr>\n<tr style=\"height: 38px;\">\n<td style=\"width: 182.083px; height: 38px;\">&nbsp;<\/td>\n<td style=\"width: 768.317px; height: 38px;\">\n<ul style=\"list-style-type: disc;\">\n<li>Beta-bisabol\u00e8ne + beta-curcum\u00e8ne&nbsp;(4,99 %)<\/li>\n<\/ul>\n<\/td>\n<\/tr>\n<tr style=\"height: 38px;\">\n<td style=\"width: 182.083px; height: 38px;\">&nbsp;<\/td>\n<td style=\"width: 768.317px; height: 38px;\">\n<ul style=\"list-style-type: disc;\">\n<li>Beta-sesquiphellandr\u00e8ne&nbsp;(10,25 %)<\/li>\n<\/ul>\n<\/td>\n<\/tr>\n<tr style=\"height: 38px;\">\n<td style=\"width: 182.083px; height: 38px;\">&nbsp;<\/td>\n<td style=\"width: 768.317px; height: 38px;\">\n<ul style=\"list-style-type: disc;\">\n<li>Zingiber\u00e9nol&nbsp;(0,24 %)<\/li>\n<\/ul>\n<\/td>\n<\/tr>\n<tr style=\"height: 10px;\">\n<td style=\"width: 182.083px; height: 10px;\"><strong>Pr\u00e9cautions&nbsp;!&nbsp;<\/strong><\/td>\n<td style=\"width: 768.317px; height: 10px;\">\n<ul style=\"list-style-type: disc;\">\n<li>Toutes les voies d'administration sont possibles et seuls les femmes&nbsp; enceintes et les nourrissons sont interdits d'utilisation.&nbsp;&nbsp;&nbsp;&nbsp;&nbsp;&nbsp;&nbsp;&nbsp;&nbsp;&nbsp;&nbsp;&nbsp;&nbsp;&nbsp;&nbsp;&nbsp;&nbsp;&nbsp;&nbsp;&nbsp;&nbsp;&nbsp;&nbsp;&nbsp;&nbsp;&nbsp;&nbsp;&nbsp;&nbsp;&nbsp;&nbsp;&nbsp;&nbsp;&nbsp;&nbsp;&nbsp;&nbsp;&nbsp;&nbsp;&nbsp;&nbsp;&nbsp;&nbsp;&nbsp;&nbsp;&nbsp;&nbsp;&nbsp;&nbsp;&nbsp;&nbsp;&nbsp;&nbsp;&nbsp;&nbsp;&nbsp;&nbsp;&nbsp;&nbsp;&nbsp;&nbsp;&nbsp;&nbsp;&nbsp;&nbsp;&nbsp;&nbsp;&nbsp;&nbsp;&nbsp;&nbsp;&nbsp;&nbsp;&nbsp;&nbsp;&nbsp;&nbsp;&nbsp;&nbsp;&nbsp;&nbsp;&nbsp;&nbsp;&nbsp;&nbsp;&nbsp;&nbsp;&nbsp;&nbsp;&nbsp;&nbsp;&nbsp;&nbsp;&nbsp;&nbsp;&nbsp;&nbsp;&nbsp;&nbsp;&nbsp;&nbsp;&nbsp;&nbsp;&nbsp;&nbsp;&nbsp;&nbsp;&nbsp;&nbsp;&nbsp;&nbsp;&nbsp;&nbsp;&nbsp;&nbsp;&nbsp;&nbsp;&nbsp;&nbsp;&nbsp;&nbsp;&nbsp;&nbsp;&nbsp;&nbsp;&nbsp;&nbsp;&nbsp;&nbsp;&nbsp;&nbsp;&nbsp;<\/li>\n<\/ul>\n<\/td>\n<\/tr>\n<tr style=\"height: 67px;\">\n<td style=\"width: 182.083px; height: 67px;\">&nbsp;<\/td>\n<td style=\"width: 768.317px; height: 67px;\">\n<ul style=\"list-style-type: disc;\">\n<li>Ils peuvent n\u00e9anmoins l'utiliser en&nbsp;diffusion&nbsp;et les femmes enceintes de plus de 3 mois en application cutan\u00e9e et en ingestion sur avis m\u00e9dical.&nbsp;<\/li>\n<\/ul>\n<\/td>\n<\/tr>\n<tr style=\"height: 10px;\">\n<td style=\"width: 182.083px; height: 10px;\">&nbsp;<\/td>\n<td style=\"width: 768.317px; height: 10px;\">\n<ul style=\"list-style-type: disc;\">\n<li>Il est \u00e9galement important de la&nbsp;diluer&nbsp;en application cutan\u00e9e puisqu'elle est dermocaustique \u00e0 l'\u00e9tat pur et irritante pour la peau.<\/li>\n<\/ul>\n<\/td>\n<\/tr>\n<tr style=\"height: 32px;\">\n<td style=\"width: 952.4px; height: 32px;\" colspan=\"2\">&nbsp;<\/td>\n<\/tr>\n<tr style=\"height: 32px;\">\n<td style=\"width: 952.4px; height: 32px;\" colspan=\"2\">Des sp\u00e9cialistes form\u00e9s se feront un plaisir de vous fournir de plus amples informations sur les applications m\u00e9dicales et cosm\u00e9tiques.<\/td>\n<\/tr>\n<tr style=\"height: 32px;\">\n<td style=\"width: 182.083px; height: 32px;\"><strong>&nbsp;<\/strong><\/td>\n<td style=\"width: 768.317px; height: 32px;\">&nbsp;<\/td>\n<\/tr>\n<tr style=\"height: 32px;\">\n<td style=\"width: 182.083px; height: 32px;\"><strong>Contenu :<\/strong><\/td>\n<td style=\"width: 768.317px; height: 32px;\">5 ml<\/td>\n<\/tr>\n<tr style=\"height: 32px;\">\n<td style=\"width: 182.083px; height: 32px;\"><strong>Prix :<\/strong><\/td>\n<td style=\"width: 768.317px; height: 32px;\"><strong>CHF 14.50<\/strong><\/td>\n<\/tr>\n<\/tbody>\n<\/table>\n<p><strong>&nbsp;<\/strong><\/p>\n<p>&nbsp;<\/p>\n<h4><a href=\"https:\/\/decoiris.ch\/de\/wohlbefinden\/naturliche-heilmittel\/krautertee-und-tee\/krauter-pflanzen-nach-gewicht\/gingembre\/\" target=\"_blank\" rel=\"noopener noreferrer\">Visiter notre rubrique infusion herbes-plantes <strong>\u00ab&nbsp;Gingembre \u00bb<\/strong><\/a><\/h4>\n\n\n<hr class=\"wp-block-separator has-css-opacity\"\/>\n\n\n<h4><a href=\"https:\/\/decoiris.ch\/de\/wohlbefinden\/gesundes-leben\/ingredients-bien-etre\/epices\/gingembre\/\" target=\"_blank\" rel=\"noreferrer noopener\">Visiter notre rubrique des \u00e9pices <\/a><strong><a href=\"https:\/\/decoiris.ch\/de\/wohlbefinden\/gesundes-leben\/ingredients-bien-etre\/epices\/gingembre\/\">\u00ab&nbsp;Gingembre<\/a> \u00bb<\/strong><\/h4>\n\n\n<hr class=\"wp-block-separator has-css-opacity\"\/>\n\n\n<h4><a href=\"https:\/\/decoiris.ch\/de\/wohlbefinden\/gesundes-leben\/ingredients-bien-etre\/huiles-essentielles-depices\/gingembre\/\" target=\"_blank\" rel=\"noopener noreferrer\">Visiter notre rubrique des huiles essentielles des \u00e9pices&nbsp; <strong>\"Gingembre\"<\/strong><\/a><\/h4>\n\n\n<hr class=\"wp-block-separator has-css-opacity\"\/>\n\n\n\n<p>Visiter notre rubrique sur les sirop \" gingembre et \"citron\"<br><\/p>\n","protected":false},"excerpt":{"rendered":"<p>Ingwer &nbsp; &nbsp; &nbsp; Lat. nom: Zingiber officinale 100 % naturelle et pur CH - BIO 006 Contenu : 5 ml CHF 14.50 &nbsp; &nbsp; &nbsp; Nom botanique : Zingiber officinale Famille botanique : zingib\u00e9rac\u00e9es M\u00e9thode d'extraction : Distillation \u00e0 la vapeur d'eau\u200b\u200b\u200b\u200b\u200b\u200b Partie de la plante utilis\u00e9e : racines Quantit\u00e9 v\u00e9g\u00e9tale : Pour 1 kg d'huile, il faut 25&nbsp;<a href=\"https:\/\/bien-etreiris.ch\/de\/produktpraesentation\/aromatherapie\/aetherische-oele\/ingwer-aeterisches-oel\/\" class=\"read-more\">Weiter lesen<\/a><\/p>\n","protected":false},"author":1,"featured_media":64003,"parent":37429,"menu_order":6093,"comment_status":"closed","ping_status":"closed","template":"page-with-child.php","meta":{"_acf_changed":false,"ngg_post_thumbnail":0,"footnotes":""},"class_list":["post-41260","page","type-page","status-publish","has-post-thumbnail","hentry"],"acf":[],"yoast_head":"<!-- This site is optimized with the Yoast SEO plugin v27.6 - https:\/\/yoast.com\/product\/yoast-seo-wordpress\/ -->\n<title>INGWER - WOHLBEFINDEN<\/title>\n<meta name=\"robots\" content=\"index, follow, max-snippet:-1, max-image-preview:large, max-video-preview:-1\" \/>\n<link rel=\"canonical\" href=\"https:\/\/bien-etreiris.ch\/de\/produktpraesentation\/aromatherapie\/aetherische-oele\/ingwer-aeterisches-oel\/\" \/>\n<meta property=\"og:locale\" content=\"de_DE\" \/>\n<meta property=\"og:type\" content=\"article\" \/>\n<meta property=\"og:title\" content=\"INGWER - WOHLBEFINDEN\" \/>\n<meta property=\"og:description\" content=\"Ingwer &nbsp; &nbsp; &nbsp; Lat. nom: Zingiber officinale 100 % naturelle et pur CH - BIO 006 Contenu : 5 ml CHF 14.50 &nbsp; &nbsp; &nbsp; Nom botanique : Zingiber officinale Famille botanique : zingib\u00e9rac\u00e9es M\u00e9thode d&#039;extraction : Distillation \u00e0 la vapeur d&#039;eau\u200b\u200b\u200b\u200b\u200b\u200b Partie de la plante utilis\u00e9e : racines Quantit\u00e9 v\u00e9g\u00e9tale : Pour 1 kg d&#039;huile, il faut 25&nbsp;Weiter lesen\" \/>\n<meta property=\"og:url\" content=\"https:\/\/bien-etreiris.ch\/de\/produktpraesentation\/aromatherapie\/aetherische-oele\/ingwer-aeterisches-oel\/\" \/>\n<meta property=\"og:site_name\" content=\"WOHLBEFINDEN\" \/>\n<meta property=\"article:publisher\" content=\"https:\/\/www.facebook.com\/bienetreiris\/\" \/>\n<meta property=\"article:modified_time\" content=\"2023-01-19T09:17:50+00:00\" \/>\n<meta property=\"og:image\" content=\"https:\/\/bien-etreiris.ch\/wp-content\/uploads\/2023\/01\/acceuil-gingembre-2-2.png\" \/>\n\t<meta property=\"og:image:width\" content=\"768\" \/>\n\t<meta property=\"og:image:height\" content=\"468\" \/>\n\t<meta property=\"og:image:type\" content=\"image\/png\" \/>\n<meta name=\"twitter:label1\" content=\"Gesch\u00e4tzte Lesezeit\" \/>\n\t<meta name=\"twitter:data1\" content=\"3\u00a0Minuten\" \/>\n<script type=\"application\/ld+json\" class=\"yoast-schema-graph\">{\"@context\":\"https:\\\/\\\/schema.org\",\"@graph\":[{\"@type\":\"WebPage\",\"@id\":\"https:\\\/\\\/bien-etreiris.ch\\\/de\\\/produktpraesentation\\\/aromatherapie\\\/aetherische-oele\\\/ingwer-aeterisches-oel\\\/\",\"url\":\"https:\\\/\\\/bien-etreiris.ch\\\/de\\\/produktpraesentation\\\/aromatherapie\\\/aetherische-oele\\\/ingwer-aeterisches-oel\\\/\",\"name\":\"INGWER - WOHLBEFINDEN\",\"isPartOf\":{\"@id\":\"https:\\\/\\\/bien-etreiris.ch\\\/de\\\/#website\"},\"primaryImageOfPage\":{\"@id\":\"https:\\\/\\\/bien-etreiris.ch\\\/de\\\/produktpraesentation\\\/aromatherapie\\\/aetherische-oele\\\/ingwer-aeterisches-oel\\\/#primaryimage\"},\"image\":{\"@id\":\"https:\\\/\\\/bien-etreiris.ch\\\/de\\\/produktpraesentation\\\/aromatherapie\\\/aetherische-oele\\\/ingwer-aeterisches-oel\\\/#primaryimage\"},\"thumbnailUrl\":\"https:\\\/\\\/bien-etreiris.ch\\\/wp-content\\\/uploads\\\/2023\\\/01\\\/acceuil-gingembre-2-2.png\",\"datePublished\":\"2021-03-28T07:09:22+00:00\",\"dateModified\":\"2023-01-19T09:17:50+00:00\",\"breadcrumb\":{\"@id\":\"https:\\\/\\\/bien-etreiris.ch\\\/de\\\/produktpraesentation\\\/aromatherapie\\\/aetherische-oele\\\/ingwer-aeterisches-oel\\\/#breadcrumb\"},\"inLanguage\":\"de\",\"potentialAction\":[{\"@type\":\"ReadAction\",\"target\":[\"https:\\\/\\\/bien-etreiris.ch\\\/de\\\/produktpraesentation\\\/aromatherapie\\\/aetherische-oele\\\/ingwer-aeterisches-oel\\\/\"]}]},{\"@type\":\"ImageObject\",\"inLanguage\":\"de\",\"@id\":\"https:\\\/\\\/bien-etreiris.ch\\\/de\\\/produktpraesentation\\\/aromatherapie\\\/aetherische-oele\\\/ingwer-aeterisches-oel\\\/#primaryimage\",\"url\":\"https:\\\/\\\/bien-etreiris.ch\\\/wp-content\\\/uploads\\\/2023\\\/01\\\/acceuil-gingembre-2-2.png\",\"contentUrl\":\"https:\\\/\\\/bien-etreiris.ch\\\/wp-content\\\/uploads\\\/2023\\\/01\\\/acceuil-gingembre-2-2.png\",\"width\":768,\"height\":468},{\"@type\":\"BreadcrumbList\",\"@id\":\"https:\\\/\\\/bien-etreiris.ch\\\/de\\\/produktpraesentation\\\/aromatherapie\\\/aetherische-oele\\\/ingwer-aeterisches-oel\\\/#breadcrumb\",\"itemListElement\":[{\"@type\":\"ListItem\",\"position\":1,\"name\":\"Home\",\"item\":\"https:\\\/\\\/bien-etreiris.ch\\\/de\\\/\"},{\"@type\":\"ListItem\",\"position\":2,\"name\":\"PRODUKTPR\u00c4SENTATION\",\"item\":\"https:\\\/\\\/bien-etreiris.ch\\\/de\\\/produktpraesentation\\\/\"},{\"@type\":\"ListItem\",\"position\":3,\"name\":\"AROMATHERAPIE\",\"item\":\"https:\\\/\\\/bien-etreiris.ch\\\/de\\\/produktpraesentation\\\/aromatherapie\\\/\"},{\"@type\":\"ListItem\",\"position\":4,\"name\":\"\u00c4THERISCHE \u00d6LE\",\"item\":\"https:\\\/\\\/bien-etreiris.ch\\\/de\\\/produktpraesentation\\\/aromatherapie\\\/aetherische-oele\\\/\"},{\"@type\":\"ListItem\",\"position\":5,\"name\":\"INGWER\"}]},{\"@type\":\"WebSite\",\"@id\":\"https:\\\/\\\/bien-etreiris.ch\\\/de\\\/#website\",\"url\":\"https:\\\/\\\/bien-etreiris.ch\\\/de\\\/\",\"name\":\"Bien-\u00eatre Iris\",\"description\":\"IHRE Gesundheit ist uns wichtig\",\"potentialAction\":[{\"@type\":\"SearchAction\",\"target\":{\"@type\":\"EntryPoint\",\"urlTemplate\":\"https:\\\/\\\/bien-etreiris.ch\\\/de\\\/?s={search_term_string}\"},\"query-input\":{\"@type\":\"PropertyValueSpecification\",\"valueRequired\":true,\"valueName\":\"search_term_string\"}}],\"inLanguage\":\"de\"}]}<\/script>\n<!-- \/ Yoast SEO plugin. -->","yoast_head_json":{"title":"INGWER - WOHLBEFINDEN","robots":{"index":"index","follow":"follow","max-snippet":"max-snippet:-1","max-image-preview":"max-image-preview:large","max-video-preview":"max-video-preview:-1"},"canonical":"https:\/\/bien-etreiris.ch\/de\/produktpraesentation\/aromatherapie\/aetherische-oele\/ingwer-aeterisches-oel\/","og_locale":"de_DE","og_type":"article","og_title":"INGWER - WOHLBEFINDEN","og_description":"Ingwer &nbsp; &nbsp; &nbsp; Lat. nom: Zingiber officinale 100 % naturelle et pur CH - BIO 006 Contenu : 5 ml CHF 14.50 &nbsp; &nbsp; &nbsp; Nom botanique : Zingiber officinale Famille botanique : zingib\u00e9rac\u00e9es M\u00e9thode d'extraction : Distillation \u00e0 la vapeur d'eau\u200b\u200b\u200b\u200b\u200b\u200b Partie de la plante utilis\u00e9e : racines Quantit\u00e9 v\u00e9g\u00e9tale : Pour 1 kg d'huile, il faut 25&nbsp;Weiter lesen","og_url":"https:\/\/bien-etreiris.ch\/de\/produktpraesentation\/aromatherapie\/aetherische-oele\/ingwer-aeterisches-oel\/","og_site_name":"WOHLBEFINDEN","article_publisher":"https:\/\/www.facebook.com\/bienetreiris\/","article_modified_time":"2023-01-19T09:17:50+00:00","og_image":[{"width":768,"height":468,"url":"https:\/\/bien-etreiris.ch\/wp-content\/uploads\/2023\/01\/acceuil-gingembre-2-2.png","type":"image\/png"}],"twitter_misc":{"Gesch\u00e4tzte Lesezeit":"3\u00a0Minuten"},"schema":{"@context":"https:\/\/schema.org","@graph":[{"@type":"WebPage","@id":"https:\/\/bien-etreiris.ch\/de\/produktpraesentation\/aromatherapie\/aetherische-oele\/ingwer-aeterisches-oel\/","url":"https:\/\/bien-etreiris.ch\/de\/produktpraesentation\/aromatherapie\/aetherische-oele\/ingwer-aeterisches-oel\/","name":"INGWER - WOHLBEFINDEN","isPartOf":{"@id":"https:\/\/bien-etreiris.ch\/de\/#website"},"primaryImageOfPage":{"@id":"https:\/\/bien-etreiris.ch\/de\/produktpraesentation\/aromatherapie\/aetherische-oele\/ingwer-aeterisches-oel\/#primaryimage"},"image":{"@id":"https:\/\/bien-etreiris.ch\/de\/produktpraesentation\/aromatherapie\/aetherische-oele\/ingwer-aeterisches-oel\/#primaryimage"},"thumbnailUrl":"https:\/\/bien-etreiris.ch\/wp-content\/uploads\/2023\/01\/acceuil-gingembre-2-2.png","datePublished":"2021-03-28T07:09:22+00:00","dateModified":"2023-01-19T09:17:50+00:00","breadcrumb":{"@id":"https:\/\/bien-etreiris.ch\/de\/produktpraesentation\/aromatherapie\/aetherische-oele\/ingwer-aeterisches-oel\/#breadcrumb"},"inLanguage":"de","potentialAction":[{"@type":"ReadAction","target":["https:\/\/bien-etreiris.ch\/de\/produktpraesentation\/aromatherapie\/aetherische-oele\/ingwer-aeterisches-oel\/"]}]},{"@type":"ImageObject","inLanguage":"de","@id":"https:\/\/bien-etreiris.ch\/de\/produktpraesentation\/aromatherapie\/aetherische-oele\/ingwer-aeterisches-oel\/#primaryimage","url":"https:\/\/bien-etreiris.ch\/wp-content\/uploads\/2023\/01\/acceuil-gingembre-2-2.png","contentUrl":"https:\/\/bien-etreiris.ch\/wp-content\/uploads\/2023\/01\/acceuil-gingembre-2-2.png","width":768,"height":468},{"@type":"BreadcrumbList","@id":"https:\/\/bien-etreiris.ch\/de\/produktpraesentation\/aromatherapie\/aetherische-oele\/ingwer-aeterisches-oel\/#breadcrumb","itemListElement":[{"@type":"ListItem","position":1,"name":"Home","item":"https:\/\/bien-etreiris.ch\/de\/"},{"@type":"ListItem","position":2,"name":"PRODUKTPR\u00c4SENTATION","item":"https:\/\/bien-etreiris.ch\/de\/produktpraesentation\/"},{"@type":"ListItem","position":3,"name":"AROMATHERAPIE","item":"https:\/\/bien-etreiris.ch\/de\/produktpraesentation\/aromatherapie\/"},{"@type":"ListItem","position":4,"name":"\u00c4THERISCHE \u00d6LE","item":"https:\/\/bien-etreiris.ch\/de\/produktpraesentation\/aromatherapie\/aetherische-oele\/"},{"@type":"ListItem","position":5,"name":"INGWER"}]},{"@type":"WebSite","@id":"https:\/\/bien-etreiris.ch\/de\/#website","url":"https:\/\/bien-etreiris.ch\/de\/","name":"Bien-\u00eatre Iris","description":"IHRE Gesundheit ist uns wichtig","potentialAction":[{"@type":"SearchAction","target":{"@type":"EntryPoint","urlTemplate":"https:\/\/bien-etreiris.ch\/de\/?s={search_term_string}"},"query-input":{"@type":"PropertyValueSpecification","valueRequired":true,"valueName":"search_term_string"}}],"inLanguage":"de"}]}},"_links":{"self":[{"href":"https:\/\/bien-etreiris.ch\/de\/wp-json\/wp\/v2\/pages\/41260","targetHints":{"allow":["GET"]}}],"collection":[{"href":"https:\/\/bien-etreiris.ch\/de\/wp-json\/wp\/v2\/pages"}],"about":[{"href":"https:\/\/bien-etreiris.ch\/de\/wp-json\/wp\/v2\/types\/page"}],"author":[{"embeddable":true,"href":"https:\/\/bien-etreiris.ch\/de\/wp-json\/wp\/v2\/users\/1"}],"replies":[{"embeddable":true,"href":"https:\/\/bien-etreiris.ch\/de\/wp-json\/wp\/v2\/comments?post=41260"}],"version-history":[{"count":26,"href":"https:\/\/bien-etreiris.ch\/de\/wp-json\/wp\/v2\/pages\/41260\/revisions"}],"predecessor-version":[{"id":64579,"href":"https:\/\/bien-etreiris.ch\/de\/wp-json\/wp\/v2\/pages\/41260\/revisions\/64579"}],"up":[{"embeddable":true,"href":"https:\/\/bien-etreiris.ch\/de\/wp-json\/wp\/v2\/pages\/37429"}],"wp:featuredmedia":[{"embeddable":true,"href":"https:\/\/bien-etreiris.ch\/de\/wp-json\/wp\/v2\/media\/64003"}],"wp:attachment":[{"href":"https:\/\/bien-etreiris.ch\/de\/wp-json\/wp\/v2\/media?parent=41260"}],"curies":[{"name":"wp","href":"https:\/\/api.w.org\/{rel}","templated":true}]}}