{"id":41211,"date":"2021-03-27T22:56:24","date_gmt":"2021-03-27T22:56:24","guid":{"rendered":"https:\/\/bien-etreiris.ch\/?page_id=41211"},"modified":"2024-09-12T13:00:20","modified_gmt":"2024-09-12T11:00:20","slug":"ingwerpulver","status":"publish","type":"page","link":"https:\/\/bien-etreiris.ch\/de\/produktpraesentation\/gesundes-leben\/gesunde-lebensmittel\/zutaten-wohlbefinden\/gewuerze\/epices-pures\/ingwerpulver\/","title":{"rendered":"INGWER"},"content":{"rendered":"<p><a href=\"https:\/\/decoiris.ch\/wp-content\/uploads\/2021\/03\/Gingembre-grand-plan.png\"><img loading=\"lazy\" decoding=\"async\" class=\"size-medium wp-image-41204 aligncenter\" src=\"https:\/\/decoiris.ch\/wp-content\/uploads\/2021\/03\/Gingembre-grand-plan-300x300.png\" alt=\"\" width=\"300\" height=\"300\" srcset=\"https:\/\/bien-etreiris.ch\/wp-content\/uploads\/2021\/03\/Gingembre-grand-plan-300x300.png 300w, https:\/\/bien-etreiris.ch\/wp-content\/uploads\/2021\/03\/Gingembre-grand-plan-150x150.png 150w, https:\/\/bien-etreiris.ch\/wp-content\/uploads\/2021\/03\/Gingembre-grand-plan.png 500w\" sizes=\"auto, (max-width: 300px) 100vw, 300px\" \/><\/a><\/p>\n\n\n<h2 class=\"wp-block-heading\">INGWER<\/h2>\n\n\n\n<p><\/p>\n\n\n\n<p>Frischer Ingwer BIO aus Peru<\/p>\n<p><a href=\"https:\/\/decoiris.ch\/wp-content\/uploads\/2021\/03\/gingembre-frais.png\"><img loading=\"lazy\" decoding=\"async\" class=\"size-medium wp-image-41462 alignleft\" src=\"https:\/\/decoiris.ch\/wp-content\/uploads\/2021\/03\/gingembre-frais-300x148.png\" sizes=\"auto, (max-width: 300px) 100vw, 300px\" srcset=\"https:\/\/bien-etreiris.ch\/wp-content\/uploads\/2021\/03\/gingembre-frais-300x148.png 300w, https:\/\/bien-etreiris.ch\/wp-content\/uploads\/2021\/03\/gingembre-frais-100x50.png 100w, https:\/\/bien-etreiris.ch\/wp-content\/uploads\/2021\/03\/gingembre-frais.png 486w\" alt=\"\" width=\"300\" height=\"148\"><\/a><\/p>\n<p>&nbsp;<\/p>\n<p>&nbsp;<\/p>\n<p>Offenverkauf wenn es hat&nbsp; 100 g CHF 1.00<\/p>\n<p>&nbsp;<\/p>\n<p>&nbsp;<\/p>\n<p>&nbsp;<\/p>\n<hr>\n<h2>INGWER IN PULVERFORM<\/h2>\n\n\n<p><a href=\"https:\/\/decoiris.ch\/wp-content\/uploads\/2021\/03\/Gingembre-1.jpg\"><img loading=\"lazy\" decoding=\"async\" class=\"size-medium wp-image-41207 alignleft\" src=\"https:\/\/decoiris.ch\/wp-content\/uploads\/2021\/03\/Gingembre-1-300x300.jpg\" alt=\"\" width=\"300\" height=\"300\"><\/a><\/p>\n<p>&nbsp;<\/p>\n<p>&nbsp;<\/p>\n<p>&nbsp;<\/p>\n<div class=\"product-page-top\">\n<div class=\"product-page-title\">\n<div class=\"product-page-heading\">\n<h4><span class=\"brand-name\"> Sonnentor <\/span><\/h4>\n<p><strong>Gemahlener Ingwer<\/strong><\/p>\n<p>Gew\u00fcrz f\u00fcr Asienfans &amp; Menschen mit kalten F\u00fc\u00dfen.<\/p>\n<ul>\n<li>Aroma, das w\u00e4rmt<\/li>\n<li>Ideal f\u00fcr Kr\u00e4utertees.<\/li>\n<li>Intensiv ausgepr\u00e4gt<\/li>\n<li>Inhalt: <strong>35 g CHF 3.10<\/strong><\/li>\n<\/ul>\n<\/div>\n<\/div>\n<\/div>\n<p>&nbsp;<\/p>\n<p>&nbsp;<\/p>\n<h4>W\u00fcrzig - Zitrone - Mild<\/h4>\n<p>Diese gro\u00dfe Knolle ist gut verwandt, denn sie geh\u00f6rt zusammen mit Galgant und Kurkuma zur Familie des Ingwers. Die Sch\u00e4rfe liegt also in der Familie. Es ist nicht verwunderlich, dass Ingwer besonders in der asiatischen K\u00fcche beliebt ist. Aber auch der Kreuzk\u00fcmmel im Curry ist ein starker Kontrast zu s\u00fc\u00dfen Gerichten. Experimentieren Sie ruhig!<\/p>\n<h4>Verwendungszwecke<\/h4>\n<p>Zum Kochen, f\u00fcr heisse Getr\u00e4nke, f\u00fcr Desserts<\/p>\n<p>&nbsp;<\/p>\n<p>&nbsp;<\/p>\n<h4><a href=\"https:\/\/bien-etreiris.ch\/de\/produktpraesentation\/gesundes-leben\/nahrungsergaenzungsmittel\/pflanzenheilkunde-gleichgewicht-durch-heilpflanzen\/kraeuter-und-pflanzen\/ingwer\/\"><span style=\"color: #ff9900;\">Besuchen Sie unsere Rubrik Kr\u00e4uter-\/kleine trockene St\u00fcckli&nbsp; <\/span><strong><span style=\"color: #ff9900;\">\u201c Ingwer \u201c.<\/span><\/strong><\/a><\/h4>\n<p>&nbsp;<\/p>\n\n\n<hr class=\"wp-block-separator has-css-opacity\"\/>\n\n\n<h4><a href=\"https:\/\/bien-etreiris.ch\/de\/produktpraesentation\/gesundes-leben\/gesunde-lebensmittel\/zutaten-wohlbefinden\/suppen-saucen-bruehe\/gewuerzoele\/ingweroel\/\" target=\"_blank\" rel=\"noopener\"><span style=\"color: #ff9900;\">Besuchen Sie auch unsere Rubrik \u00c4therische \u00d6le <\/span><strong><span style=\"color: #ff9900;\">\u201e Ingwer\u201c.<\/span><\/strong><\/a><\/h4>\n<p>&nbsp;<\/p>","protected":false},"excerpt":{"rendered":"<p>INGWER Frischer Ingwer BIO aus Peru &nbsp; &nbsp; Offenverkauf wenn es hat&nbsp; 100 g CHF 1.00 &nbsp; &nbsp; &nbsp; INGWER IN PULVERFORM &nbsp; &nbsp; &nbsp; Sonnentor Gemahlener Ingwer Gew\u00fcrz f\u00fcr Asienfans &amp; Menschen mit kalten F\u00fc\u00dfen. Aroma, das w\u00e4rmt Ideal f\u00fcr Kr\u00e4utertees. Intensiv ausgepr\u00e4gt Inhalt: 35 g CHF 3.10 &nbsp; &nbsp; W\u00fcrzig - Zitrone - Mild Diese gro\u00dfe Knolle ist&nbsp;<a href=\"https:\/\/bien-etreiris.ch\/de\/produktpraesentation\/gesundes-leben\/gesunde-lebensmittel\/zutaten-wohlbefinden\/gewuerze\/epices-pures\/ingwerpulver\/\" class=\"read-more\">Weiter lesen<\/a><\/p>\n","protected":false},"author":1,"featured_media":89308,"parent":98233,"menu_order":6096,"comment_status":"closed","ping_status":"closed","template":"page-with-child.php","meta":{"_acf_changed":false,"ngg_post_thumbnail":0,"footnotes":""},"class_list":["post-41211","page","type-page","status-publish","has-post-thumbnail","hentry"],"acf":[],"yoast_head":"<!-- This site is optimized with the Yoast SEO plugin v27.6 - https:\/\/yoast.com\/product\/yoast-seo-wordpress\/ -->\n<title>INGWER - WOHLBEFINDEN<\/title>\n<meta name=\"robots\" content=\"index, follow, max-snippet:-1, max-image-preview:large, max-video-preview:-1\" \/>\n<link rel=\"canonical\" href=\"https:\/\/bien-etreiris.ch\/de\/produktpraesentation\/gesundes-leben\/gesunde-lebensmittel\/zutaten-wohlbefinden\/gewuerze\/ingwerpulver\/\" \/>\n<meta property=\"og:locale\" content=\"de_DE\" \/>\n<meta property=\"og:type\" content=\"article\" \/>\n<meta property=\"og:title\" content=\"INGWER - WOHLBEFINDEN\" \/>\n<meta property=\"og:description\" content=\"INGWER Frischer Ingwer BIO aus Peru &nbsp; &nbsp; Offenverkauf wenn es hat&nbsp; 100 g CHF 1.00 &nbsp; &nbsp; &nbsp; INGWER IN PULVERFORM &nbsp; &nbsp; &nbsp; Sonnentor Gemahlener Ingwer Gew\u00fcrz f\u00fcr Asienfans &amp; Menschen mit kalten F\u00fc\u00dfen. Aroma, das w\u00e4rmt Ideal f\u00fcr Kr\u00e4utertees. Intensiv ausgepr\u00e4gt Inhalt: 35 g CHF 3.10 &nbsp; &nbsp; W\u00fcrzig - Zitrone - Mild Diese gro\u00dfe Knolle ist&nbsp;Weiter lesen\" \/>\n<meta property=\"og:url\" content=\"https:\/\/bien-etreiris.ch\/de\/produktpraesentation\/gesundes-leben\/gesunde-lebensmittel\/zutaten-wohlbefinden\/gewuerze\/ingwerpulver\/\" \/>\n<meta property=\"og:site_name\" content=\"WOHLBEFINDEN\" \/>\n<meta property=\"article:publisher\" content=\"https:\/\/www.facebook.com\/bienetreiris\/\" \/>\n<meta property=\"article:modified_time\" content=\"2024-09-12T11:00:20+00:00\" \/>\n<meta property=\"og:image\" content=\"https:\/\/bien-etreiris.ch\/wp-content\/uploads\/2024\/09\/Acceuil-gingembre-1.png\" \/>\n\t<meta property=\"og:image:width\" content=\"370\" \/>\n\t<meta property=\"og:image:height\" content=\"226\" \/>\n\t<meta property=\"og:image:type\" content=\"image\/png\" \/>\n<meta name=\"twitter:label1\" content=\"Gesch\u00e4tzte Lesezeit\" \/>\n\t<meta name=\"twitter:data1\" content=\"2\u00a0Minuten\" \/>\n<script type=\"application\/ld+json\" class=\"yoast-schema-graph\">{\"@context\":\"https:\\\/\\\/schema.org\",\"@graph\":[{\"@type\":\"WebPage\",\"@id\":\"https:\\\/\\\/bien-etreiris.ch\\\/de\\\/produktpraesentation\\\/gesundes-leben\\\/gesunde-lebensmittel\\\/zutaten-wohlbefinden\\\/gewuerze\\\/ingwerpulver\\\/\",\"url\":\"https:\\\/\\\/bien-etreiris.ch\\\/de\\\/produktpraesentation\\\/gesundes-leben\\\/gesunde-lebensmittel\\\/zutaten-wohlbefinden\\\/gewuerze\\\/ingwerpulver\\\/\",\"name\":\"INGWER - WOHLBEFINDEN\",\"isPartOf\":{\"@id\":\"https:\\\/\\\/bien-etreiris.ch\\\/de\\\/#website\"},\"primaryImageOfPage\":{\"@id\":\"https:\\\/\\\/bien-etreiris.ch\\\/de\\\/produktpraesentation\\\/gesundes-leben\\\/gesunde-lebensmittel\\\/zutaten-wohlbefinden\\\/gewuerze\\\/ingwerpulver\\\/#primaryimage\"},\"image\":{\"@id\":\"https:\\\/\\\/bien-etreiris.ch\\\/de\\\/produktpraesentation\\\/gesundes-leben\\\/gesunde-lebensmittel\\\/zutaten-wohlbefinden\\\/gewuerze\\\/ingwerpulver\\\/#primaryimage\"},\"thumbnailUrl\":\"https:\\\/\\\/bien-etreiris.ch\\\/wp-content\\\/uploads\\\/2024\\\/09\\\/Acceuil-gingembre-1.png\",\"datePublished\":\"2021-03-27T22:56:24+00:00\",\"dateModified\":\"2024-09-12T11:00:20+00:00\",\"breadcrumb\":{\"@id\":\"https:\\\/\\\/bien-etreiris.ch\\\/de\\\/produktpraesentation\\\/gesundes-leben\\\/gesunde-lebensmittel\\\/zutaten-wohlbefinden\\\/gewuerze\\\/ingwerpulver\\\/#breadcrumb\"},\"inLanguage\":\"de\",\"potentialAction\":[{\"@type\":\"ReadAction\",\"target\":[\"https:\\\/\\\/bien-etreiris.ch\\\/de\\\/produktpraesentation\\\/gesundes-leben\\\/gesunde-lebensmittel\\\/zutaten-wohlbefinden\\\/gewuerze\\\/ingwerpulver\\\/\"]}]},{\"@type\":\"ImageObject\",\"inLanguage\":\"de\",\"@id\":\"https:\\\/\\\/bien-etreiris.ch\\\/de\\\/produktpraesentation\\\/gesundes-leben\\\/gesunde-lebensmittel\\\/zutaten-wohlbefinden\\\/gewuerze\\\/ingwerpulver\\\/#primaryimage\",\"url\":\"https:\\\/\\\/bien-etreiris.ch\\\/wp-content\\\/uploads\\\/2024\\\/09\\\/Acceuil-gingembre-1.png\",\"contentUrl\":\"https:\\\/\\\/bien-etreiris.ch\\\/wp-content\\\/uploads\\\/2024\\\/09\\\/Acceuil-gingembre-1.png\",\"width\":370,\"height\":226},{\"@type\":\"BreadcrumbList\",\"@id\":\"https:\\\/\\\/bien-etreiris.ch\\\/de\\\/produktpraesentation\\\/gesundes-leben\\\/gesunde-lebensmittel\\\/zutaten-wohlbefinden\\\/gewuerze\\\/ingwerpulver\\\/#breadcrumb\",\"itemListElement\":[{\"@type\":\"ListItem\",\"position\":1,\"name\":\"Home\",\"item\":\"https:\\\/\\\/bien-etreiris.ch\\\/de\\\/\"},{\"@type\":\"ListItem\",\"position\":2,\"name\":\"PRODUKTPR\u00c4SENTATION\",\"item\":\"https:\\\/\\\/bien-etreiris.ch\\\/de\\\/produktpraesentation\\\/\"},{\"@type\":\"ListItem\",\"position\":3,\"name\":\"GESUNDES LEBEN\",\"item\":\"https:\\\/\\\/bien-etreiris.ch\\\/de\\\/produktpraesentation\\\/gesundes-leben\\\/\"},{\"@type\":\"ListItem\",\"position\":4,\"name\":\"GESUNDE LEBENSMITTEL\",\"item\":\"https:\\\/\\\/bien-etreiris.ch\\\/de\\\/produktpraesentation\\\/gesundes-leben\\\/gesunde-lebensmittel\\\/\"},{\"@type\":\"ListItem\",\"position\":5,\"name\":\"ZUTATEN\",\"item\":\"https:\\\/\\\/bien-etreiris.ch\\\/de\\\/produktpraesentation\\\/gesundes-leben\\\/gesunde-lebensmittel\\\/zutaten-wohlbefinden\\\/\"},{\"@type\":\"ListItem\",\"position\":6,\"name\":\"GEW\u00dcRZE\",\"item\":\"https:\\\/\\\/bien-etreiris.ch\\\/de\\\/produktpraesentation\\\/gesundes-leben\\\/gesunde-lebensmittel\\\/zutaten-wohlbefinden\\\/gewuerze\\\/\"},{\"@type\":\"ListItem\",\"position\":7,\"name\":\"INGWER\"}]},{\"@type\":\"WebSite\",\"@id\":\"https:\\\/\\\/bien-etreiris.ch\\\/de\\\/#website\",\"url\":\"https:\\\/\\\/bien-etreiris.ch\\\/de\\\/\",\"name\":\"Bien-\u00eatre Iris\",\"description\":\"IHRE Gesundheit ist uns wichtig\",\"potentialAction\":[{\"@type\":\"SearchAction\",\"target\":{\"@type\":\"EntryPoint\",\"urlTemplate\":\"https:\\\/\\\/bien-etreiris.ch\\\/de\\\/?s={search_term_string}\"},\"query-input\":{\"@type\":\"PropertyValueSpecification\",\"valueRequired\":true,\"valueName\":\"search_term_string\"}}],\"inLanguage\":\"de\"}]}<\/script>\n<!-- \/ Yoast SEO plugin. -->","yoast_head_json":{"title":"INGWER - WOHLBEFINDEN","robots":{"index":"index","follow":"follow","max-snippet":"max-snippet:-1","max-image-preview":"max-image-preview:large","max-video-preview":"max-video-preview:-1"},"canonical":"https:\/\/bien-etreiris.ch\/de\/produktpraesentation\/gesundes-leben\/gesunde-lebensmittel\/zutaten-wohlbefinden\/gewuerze\/ingwerpulver\/","og_locale":"de_DE","og_type":"article","og_title":"INGWER - WOHLBEFINDEN","og_description":"INGWER Frischer Ingwer BIO aus Peru &nbsp; &nbsp; Offenverkauf wenn es hat&nbsp; 100 g CHF 1.00 &nbsp; &nbsp; &nbsp; INGWER IN PULVERFORM &nbsp; &nbsp; &nbsp; Sonnentor Gemahlener Ingwer Gew\u00fcrz f\u00fcr Asienfans &amp; Menschen mit kalten F\u00fc\u00dfen. Aroma, das w\u00e4rmt Ideal f\u00fcr Kr\u00e4utertees. Intensiv ausgepr\u00e4gt Inhalt: 35 g CHF 3.10 &nbsp; &nbsp; W\u00fcrzig - Zitrone - Mild Diese gro\u00dfe Knolle ist&nbsp;Weiter lesen","og_url":"https:\/\/bien-etreiris.ch\/de\/produktpraesentation\/gesundes-leben\/gesunde-lebensmittel\/zutaten-wohlbefinden\/gewuerze\/ingwerpulver\/","og_site_name":"WOHLBEFINDEN","article_publisher":"https:\/\/www.facebook.com\/bienetreiris\/","article_modified_time":"2024-09-12T11:00:20+00:00","og_image":[{"width":370,"height":226,"url":"https:\/\/bien-etreiris.ch\/wp-content\/uploads\/2024\/09\/Acceuil-gingembre-1.png","type":"image\/png"}],"twitter_misc":{"Gesch\u00e4tzte Lesezeit":"2\u00a0Minuten"},"schema":{"@context":"https:\/\/schema.org","@graph":[{"@type":"WebPage","@id":"https:\/\/bien-etreiris.ch\/de\/produktpraesentation\/gesundes-leben\/gesunde-lebensmittel\/zutaten-wohlbefinden\/gewuerze\/ingwerpulver\/","url":"https:\/\/bien-etreiris.ch\/de\/produktpraesentation\/gesundes-leben\/gesunde-lebensmittel\/zutaten-wohlbefinden\/gewuerze\/ingwerpulver\/","name":"INGWER - WOHLBEFINDEN","isPartOf":{"@id":"https:\/\/bien-etreiris.ch\/de\/#website"},"primaryImageOfPage":{"@id":"https:\/\/bien-etreiris.ch\/de\/produktpraesentation\/gesundes-leben\/gesunde-lebensmittel\/zutaten-wohlbefinden\/gewuerze\/ingwerpulver\/#primaryimage"},"image":{"@id":"https:\/\/bien-etreiris.ch\/de\/produktpraesentation\/gesundes-leben\/gesunde-lebensmittel\/zutaten-wohlbefinden\/gewuerze\/ingwerpulver\/#primaryimage"},"thumbnailUrl":"https:\/\/bien-etreiris.ch\/wp-content\/uploads\/2024\/09\/Acceuil-gingembre-1.png","datePublished":"2021-03-27T22:56:24+00:00","dateModified":"2024-09-12T11:00:20+00:00","breadcrumb":{"@id":"https:\/\/bien-etreiris.ch\/de\/produktpraesentation\/gesundes-leben\/gesunde-lebensmittel\/zutaten-wohlbefinden\/gewuerze\/ingwerpulver\/#breadcrumb"},"inLanguage":"de","potentialAction":[{"@type":"ReadAction","target":["https:\/\/bien-etreiris.ch\/de\/produktpraesentation\/gesundes-leben\/gesunde-lebensmittel\/zutaten-wohlbefinden\/gewuerze\/ingwerpulver\/"]}]},{"@type":"ImageObject","inLanguage":"de","@id":"https:\/\/bien-etreiris.ch\/de\/produktpraesentation\/gesundes-leben\/gesunde-lebensmittel\/zutaten-wohlbefinden\/gewuerze\/ingwerpulver\/#primaryimage","url":"https:\/\/bien-etreiris.ch\/wp-content\/uploads\/2024\/09\/Acceuil-gingembre-1.png","contentUrl":"https:\/\/bien-etreiris.ch\/wp-content\/uploads\/2024\/09\/Acceuil-gingembre-1.png","width":370,"height":226},{"@type":"BreadcrumbList","@id":"https:\/\/bien-etreiris.ch\/de\/produktpraesentation\/gesundes-leben\/gesunde-lebensmittel\/zutaten-wohlbefinden\/gewuerze\/ingwerpulver\/#breadcrumb","itemListElement":[{"@type":"ListItem","position":1,"name":"Home","item":"https:\/\/bien-etreiris.ch\/de\/"},{"@type":"ListItem","position":2,"name":"PRODUKTPR\u00c4SENTATION","item":"https:\/\/bien-etreiris.ch\/de\/produktpraesentation\/"},{"@type":"ListItem","position":3,"name":"GESUNDES LEBEN","item":"https:\/\/bien-etreiris.ch\/de\/produktpraesentation\/gesundes-leben\/"},{"@type":"ListItem","position":4,"name":"GESUNDE LEBENSMITTEL","item":"https:\/\/bien-etreiris.ch\/de\/produktpraesentation\/gesundes-leben\/gesunde-lebensmittel\/"},{"@type":"ListItem","position":5,"name":"ZUTATEN","item":"https:\/\/bien-etreiris.ch\/de\/produktpraesentation\/gesundes-leben\/gesunde-lebensmittel\/zutaten-wohlbefinden\/"},{"@type":"ListItem","position":6,"name":"GEW\u00dcRZE","item":"https:\/\/bien-etreiris.ch\/de\/produktpraesentation\/gesundes-leben\/gesunde-lebensmittel\/zutaten-wohlbefinden\/gewuerze\/"},{"@type":"ListItem","position":7,"name":"INGWER"}]},{"@type":"WebSite","@id":"https:\/\/bien-etreiris.ch\/de\/#website","url":"https:\/\/bien-etreiris.ch\/de\/","name":"Bien-\u00eatre Iris","description":"IHRE Gesundheit ist uns wichtig","potentialAction":[{"@type":"SearchAction","target":{"@type":"EntryPoint","urlTemplate":"https:\/\/bien-etreiris.ch\/de\/?s={search_term_string}"},"query-input":{"@type":"PropertyValueSpecification","valueRequired":true,"valueName":"search_term_string"}}],"inLanguage":"de"}]}},"_links":{"self":[{"href":"https:\/\/bien-etreiris.ch\/de\/wp-json\/wp\/v2\/pages\/41211","targetHints":{"allow":["GET"]}}],"collection":[{"href":"https:\/\/bien-etreiris.ch\/de\/wp-json\/wp\/v2\/pages"}],"about":[{"href":"https:\/\/bien-etreiris.ch\/de\/wp-json\/wp\/v2\/types\/page"}],"author":[{"embeddable":true,"href":"https:\/\/bien-etreiris.ch\/de\/wp-json\/wp\/v2\/users\/1"}],"replies":[{"embeddable":true,"href":"https:\/\/bien-etreiris.ch\/de\/wp-json\/wp\/v2\/comments?post=41211"}],"version-history":[{"count":18,"href":"https:\/\/bien-etreiris.ch\/de\/wp-json\/wp\/v2\/pages\/41211\/revisions"}],"predecessor-version":[{"id":89353,"href":"https:\/\/bien-etreiris.ch\/de\/wp-json\/wp\/v2\/pages\/41211\/revisions\/89353"}],"up":[{"embeddable":true,"href":"https:\/\/bien-etreiris.ch\/de\/wp-json\/wp\/v2\/pages\/98233"}],"wp:featuredmedia":[{"embeddable":true,"href":"https:\/\/bien-etreiris.ch\/de\/wp-json\/wp\/v2\/media\/89308"}],"wp:attachment":[{"href":"https:\/\/bien-etreiris.ch\/de\/wp-json\/wp\/v2\/media?parent=41211"}],"curies":[{"name":"wp","href":"https:\/\/api.w.org\/{rel}","templated":true}]}}