{"id":41184,"date":"2021-03-27T22:21:44","date_gmt":"2021-03-27T22:21:44","guid":{"rendered":"https:\/\/bien-etreiris.ch\/?page_id=41184"},"modified":"2024-09-12T18:06:16","modified_gmt":"2024-09-12T16:06:16","slug":"kurkuma","status":"publish","type":"page","link":"https:\/\/bien-etreiris.ch\/de\/produktpraesentation\/gesundes-leben\/gesunde-lebensmittel\/zutaten-wohlbefinden\/gewuerze\/epices-pures\/kurkuma\/","title":{"rendered":"KURKUMA"},"content":{"rendered":"<p><a href=\"https:\/\/decoiris.ch\/wp-content\/uploads\/2021\/03\/curcuma-grand-plan.png\"><img loading=\"lazy\" decoding=\"async\" class=\"size-medium wp-image-41174 aligncenter\" src=\"https:\/\/decoiris.ch\/wp-content\/uploads\/2021\/03\/curcuma-grand-plan-300x300.png\" alt=\"\" width=\"300\" height=\"300\" srcset=\"https:\/\/bien-etreiris.ch\/wp-content\/uploads\/2021\/03\/curcuma-grand-plan-300x300.png 300w, https:\/\/bien-etreiris.ch\/wp-content\/uploads\/2021\/03\/curcuma-grand-plan-150x150.png 150w, https:\/\/bien-etreiris.ch\/wp-content\/uploads\/2021\/03\/curcuma-grand-plan.png 500w\" sizes=\"auto, (max-width: 300px) 100vw, 300px\" \/><\/a><\/p>\n<p><a href=\"https:\/\/decoiris.ch\/wp-content\/uploads\/2021\/03\/curcuma-1.jpg\"><img loading=\"lazy\" decoding=\"async\" class=\"wp-image-41191 size-medium alignleft\" src=\"https:\/\/decoiris.ch\/wp-content\/uploads\/2021\/03\/curcuma-1-300x300.jpg\" alt=\"\" width=\"300\" height=\"300\" srcset=\"https:\/\/bien-etreiris.ch\/wp-content\/uploads\/2021\/03\/curcuma-1-300x300.jpg 300w, https:\/\/bien-etreiris.ch\/wp-content\/uploads\/2021\/03\/curcuma-1-150x150.jpg 150w, https:\/\/bien-etreiris.ch\/wp-content\/uploads\/2021\/03\/curcuma-1-768x768.jpg 768w, https:\/\/bien-etreiris.ch\/wp-content\/uploads\/2021\/03\/curcuma-1-1024x1024.jpg 1024w, https:\/\/bien-etreiris.ch\/wp-content\/uploads\/2021\/03\/curcuma-1.jpg 1186w\" sizes=\"auto, (max-width: 300px) 100vw, 300px\" \/><\/a><\/p>\n<p>&nbsp;<\/p>\n<div class=\"product-page-top\">\n<div class=\"product-page-title\">\n<div class=\"product-page-summary\">\n<h4><span class=\"brand-name\"> Sonnentor <\/span><\/h4>\n<p>Gemahlene Kurkuma<\/p>\n<h4>Qualit\u00e4tssiegel<\/h4>\n<ul style=\"list-style-type: disc;\">\n<li>Aus kontrolliert biologischem Anbau<\/li>\n<li>Gelbes Gew\u00fcrz mit vollem Geschmack<\/li>\n<li>Charakteristische Farbe<\/li>\n<li>Erinnert an Curry<\/li>\n<\/ul>\n<p>&nbsp;<\/p>\n<p>&nbsp;<\/p>\n<p>Inhalt : 40 g <strong>CHF 2.90<br><\/strong><\/p>\n<\/div>\n<\/div>\n<p>&nbsp;<\/p>\n<\/div>\n<p>\u00c4therisch - S\u00fc\u00df - Kuchen<\/p>\n<p>Kurkuma ist der stechende Stern am Himmel der Superfoods und doch ist er am Boden geblieben. Denn die goldgelbe Knolle \u00fcberzeugt vor allem durch ihre inneren Werte! Ihre kr\u00e4ftige Farbe bringt die Sonne in jedes Gericht. Vor allem Currys, Linsengerichte und Risotto kommen nicht ohne die s\u00fc\u00df-s\u00e4uerlich schmeckende Kurkumawurzel aus. Tipp: Vor dem Kochen kurz in \u00d6l oder Ghee anbraten!<\/p>\n<p>Tipps f\u00fcr die Zubereitung<br>Sobald ein Gericht aus Kurkuma besteht, sieht man es. Es besitzt dann eine ganz besondere Farbe. Kurkuma kann zum W\u00fcrzen und F\u00e4rben von K\u00e4se- und Reisgerichten, f\u00fcr Eint\u00f6pfe usw. verwendet werden.<\/p>\n<p>Verwendung<\/p>\n<p>Afrikanische K\u00fcche, F\u00fcr Reisgerichte<\/p>\n<p>&nbsp;<\/p>\n<p>&nbsp;<\/p>\n<p><span style=\"color: #ff0000;\"><em>Wir warnen ausdr\u00fccklich vor Kurkuma aus dem Gew\u00fcrzregal in einer Dosierung, die \u00fcber das W\u00fcrzen hinausgeht! Nichtmedizinnische Qualit\u00e4t kann bestrahlt, chemisch behandelt werden und Zusatzstoffe enthalten.<\/em><\/span><\/p>\n<p>&nbsp;<\/p>\n<p>&nbsp;<\/p>\n<hr>\n<h2 class=\"product-properties\">KURCUMA LATTE<\/h2>\n<div>\n<div class=\"span12\" data-motopress-wrapper-file=\"page-fullwidth.php\" data-motopress-wrapper-type=\"content\">\n<div id=\"content\" class=\"row\">\n<div class=\"span12\" data-motopress-type=\"loop\" data-motopress-loop-file=\"loop\/loop-page.php\">\n<div id=\"post-14946\" class=\"page post-14946 type-page status-publish has-post-thumbnail hentry\">\n<p>Auf der Suche nach einem neuen Lieblingsgetr\u00e4nk? Kurkuma-Latte oder auch Goldene Milch genannt ist gelb, wohltuend, wird zubereitet in warmer (Pflanzen-) Milch. So alt wie die Ayurvedische Lehre selbst, ist das Wissen \u00fcber die besonderen Inhaltsstoffe von Kurkuma \u2013 und genauso lange gibt es sie schon, die \u201eGoldene Milch\u201c. Einfach diese Mischung in warme (Pflanzen-) Milch einr\u00fchren und das mollig-w\u00fcrzige Getr\u00e4nk geniessen. Auch in der Sorte Vanille erh\u00e4ltlich.<\/p>\n<p><strong>Besonderheiten<\/strong><\/p>\n<p>Das gelb-orange Pulver duftet angenehm w\u00fcrzig und fein herb. In der zubereiteten Milch mit feinem Milchschaum heitert die gelbe Tassenfarbe jedes Gem\u00fct auf. Auch im Duft kommt das fein-w\u00fcrzige Aroma nach Ingwer gut zur Geltung. Im Geschmack breitet sich eine angenehme W\u00e4rme aus, die von dem angenehmen Zusammenspiel des Ingwers mit den Gew\u00fcrzen ausgeht.<\/p>\n<p>&nbsp;<\/p>\n<p><a href=\"https:\/\/decoiris.ch\/wp-content\/uploads\/2019\/12\/Goldene-Milch.png\"><img loading=\"lazy\" decoding=\"async\" class=\"wp-image-29977 alignleft\" src=\"https:\/\/decoiris.ch\/wp-content\/uploads\/2019\/12\/Goldene-Milch-195x300.png\" alt=\"\" width=\"150\" height=\"231\" srcset=\"https:\/\/bien-etreiris.ch\/wp-content\/uploads\/2019\/12\/Goldene-Milch-195x300.png 195w, https:\/\/bien-etreiris.ch\/wp-content\/uploads\/2019\/12\/Goldene-Milch.png 508w\" sizes=\"auto, (max-width: 150px) 100vw, 150px\" \/><\/a><\/p>\n<p>&nbsp;<\/p>\n<\/div>\n<p>&nbsp;<\/p>\n<div id=\"post-14946\" class=\"page post-14946 type-page status-publish has-post-thumbnail hentry\">\n<p><strong>Dose Kurkuma Latte Ingwer<\/strong><\/p>\n<p>Biologische Gew\u00fcrzmischung zum Einr\u00fchren in die Milch (pflanzlich).<\/p>\n<p>Mild gew\u00fcrzt warm<\/p>\n<p>&nbsp;<\/p>\n<p>60 gr. <strong>CHF 7.60<\/strong><\/p>\n<\/div>\n<\/div>\n<\/div>\n<\/div>\n<\/div>\n<p>&nbsp;<\/p>\n<p>&nbsp;<\/p>\n<p>&nbsp;<\/p>\n<div>\n<div class=\"span12\" data-motopress-wrapper-file=\"page-fullwidth.php\" data-motopress-wrapper-type=\"content\">\n<hr><\/div>\n<\/div>\n<div>\n<div class=\"span12\" data-motopress-wrapper-file=\"page-fullwidth.php\" data-motopress-wrapper-type=\"content\">\n<div id=\"content\" class=\"row\">\n<div class=\"span12\" data-motopress-type=\"loop\" data-motopress-loop-file=\"loop\/loop-page.php\">\n<div id=\"post-14946\" class=\"page post-14946 type-page status-publish has-post-thumbnail hentry\">\n<p><a href=\"https:\/\/bien-etreiris.ch\/wp-content\/uploads\/2022\/07\/cucuma-vanille.jpg\"><img loading=\"lazy\" decoding=\"async\" class=\"alignleft wp-image-56994\" src=\"https:\/\/bien-etreiris.ch\/wp-content\/uploads\/2022\/07\/cucuma-vanille-224x300.jpg\" alt=\"\" width=\"150\" height=\"201\" srcset=\"https:\/\/bien-etreiris.ch\/wp-content\/uploads\/2022\/07\/cucuma-vanille-224x300.jpg 224w, https:\/\/bien-etreiris.ch\/wp-content\/uploads\/2022\/07\/cucuma-vanille.jpg 447w\" sizes=\"auto, (max-width: 150px) 100vw, 150px\" \/><\/a><\/p>\n<p>&nbsp;<\/p>\n<p>&nbsp;<\/p>\n<p><strong>Dose Kurkuma Latte Vanille<\/strong><\/p>\n<p>Das besondere Spiel mit der s\u00fc\u00dfen Vanille erheitert alle Gem\u00fcter. Einfach umr\u00fchren und das fluffige Hei\u00dfgetr\u00e4nk genie\u00dfen!<\/p>\n<p>60 gr. <strong>CHF 7.60<\/strong><\/p>\n<\/div>\n<\/div>\n<\/div>\n<\/div>\n<\/div>\n<p>&nbsp;<\/p>\n<p>&nbsp;<\/p>\n<p>&nbsp;<\/p>\n<div>\n<div class=\"span12\" data-motopress-wrapper-file=\"page-fullwidth.php\" data-motopress-wrapper-type=\"content\">\n<div id=\"content\" class=\"row\">\n<div class=\"span12\" data-motopress-type=\"loop\" data-motopress-loop-file=\"loop\/loop-page.php\">\n<div id=\"post-14946\" class=\"page post-14946 type-page status-publish has-post-thumbnail hentry\">\n<hr>\n<p><a href=\"https:\/\/bien-etreiris.ch\/wp-content\/uploads\/2021\/03\/curcuma-1.jpg\"><img loading=\"lazy\" decoding=\"async\" class=\"size-medium wp-image-41191 alignleft\" src=\"https:\/\/bien-etreiris.ch\/wp-content\/uploads\/2021\/03\/curcuma-1-300x300.jpg\" alt=\"\" width=\"300\" height=\"300\" srcset=\"https:\/\/bien-etreiris.ch\/wp-content\/uploads\/2021\/03\/curcuma-1-300x300.jpg 300w, https:\/\/bien-etreiris.ch\/wp-content\/uploads\/2021\/03\/curcuma-1-150x150.jpg 150w, https:\/\/bien-etreiris.ch\/wp-content\/uploads\/2021\/03\/curcuma-1-768x768.jpg 768w, https:\/\/bien-etreiris.ch\/wp-content\/uploads\/2021\/03\/curcuma-1-1024x1024.jpg 1024w, https:\/\/bien-etreiris.ch\/wp-content\/uploads\/2021\/03\/curcuma-1.jpg 1186w\" sizes=\"auto, (max-width: 300px) 100vw, 300px\" \/><\/a><\/p>\n<p>&nbsp;<\/p>\n<p>&nbsp;<\/p>\n<p>&nbsp;<\/p>\n<p>&nbsp;<\/p>\n<p><strong>Kurcuma latte vanille<\/strong><\/p>\n<p>Nachf\u00fcllung 60 g <strong>CHF 5.80<\/strong><\/p>\n<p>&nbsp;<\/p>\n<\/div>\n<p>&nbsp;<\/p>\n<div id=\"post-14946\" class=\"page post-14946 type-page status-publish has-post-thumbnail hentry\">\n<hr>\n<p><strong><a href=\"https:\/\/decoiris.ch\/wp-content\/uploads\/2021\/03\/remblissage-gingembre.jpg\"><img loading=\"lazy\" decoding=\"async\" class=\"size-medium wp-image-41550 alignnone\" src=\"https:\/\/decoiris.ch\/wp-content\/uploads\/2021\/03\/remblissage-gingembre-300x300.jpg\" sizes=\"auto, (max-width: 300px) 100vw, 300px\" srcset=\"https:\/\/bien-etreiris.ch\/wp-content\/uploads\/2021\/03\/remblissage-gingembre-300x300.jpg 300w, https:\/\/bien-etreiris.ch\/wp-content\/uploads\/2021\/03\/remblissage-gingembre-150x150.jpg 150w, https:\/\/bien-etreiris.ch\/wp-content\/uploads\/2021\/03\/remblissage-gingembre-768x768.jpg 768w, https:\/\/bien-etreiris.ch\/wp-content\/uploads\/2021\/03\/remblissage-gingembre-1024x1024.jpg 1024w, https:\/\/bien-etreiris.ch\/wp-content\/uploads\/2021\/03\/remblissage-gingembre.jpg 1186w\" alt=\"\" width=\"300\" height=\"300\"><\/a><\/strong><strong>&nbsp; Kurcuma latte Ingwer<\/strong><\/p>\n<\/div>\n<\/div>\n<\/div>\n<\/div>\n<\/div>\n<p>Nachf\u00fcllung 60 g <strong>CHF 5.80<\/strong><\/p>\n<p>&nbsp;<\/p>\n<p>&nbsp;<\/p>\n<div>\n<div class=\"span12\" data-motopress-wrapper-file=\"page-fullwidth.php\" data-motopress-wrapper-type=\"content\">\n<div id=\"content\" class=\"row\">\n<div class=\"span12\" data-motopress-type=\"loop\" data-motopress-loop-file=\"loop\/loop-page.php\">\n<div id=\"post-14946\" class=\"page post-14946 type-page status-publish has-post-thumbnail hentry\">\n<h4>Zubereitung nach Ayurveda (Goldene Milch):<\/h4>\n<p>1 TL Kurkuma * in 250 ml (pflanzliche) Milch einr\u00fchren und erhitzen, 4-5 Minuten bei mittlerer Hitze k\u00f6cheln lassen. Mit 1 TL Kokosnuss\u00f6l verfeinern und nach Belieben s\u00fcssen.<\/p>\n<p>* Kurkumapaste: 1 geh\u00e4uften Essl\u00f6ffel (ca. 8 g) Kurkuma-Latte-Mix mit 30 ml Wasser verr\u00fchren und k\u00f6cheln lassen, bis sich eine Paste bildet. Die Paste im K\u00fchlschrank aufbewahren.<\/p>\n<p>&nbsp;<\/p>\n<div class=\"clear\">&nbsp;<\/div>\n<\/div>\n<div class=\"row\">&nbsp;<\/div>\n<\/div>\n<\/div>\n<\/div>\n<\/div>\n\n\n<h2><a href=\"https:\/\/bien-etreiris.ch\/de\/produktpraesentation\/gesundes-leben\/nahrungsergaenzungsmittel\/in-der-ayurvedischen-medizin\/kurkuma\/\" target=\"_blank\" rel=\"noopener\"><span style=\"color: #ff9900;\"><em>F\u00fcr Kuren verkaufen wir Kurkuma in Form von Kapseln <\/em><\/span><\/a><\/h2>\n","protected":false},"excerpt":{"rendered":"<p>&nbsp; Sonnentor Gemahlene Kurkuma Qualit\u00e4tssiegel Aus kontrolliert biologischem Anbau Gelbes Gew\u00fcrz mit vollem Geschmack Charakteristische Farbe Erinnert an Curry &nbsp; &nbsp; Inhalt : 40 g CHF 2.90 &nbsp; \u00c4therisch - S\u00fc\u00df - Kuchen Kurkuma ist der stechende Stern am Himmel der Superfoods und doch ist er am Boden geblieben. Denn die goldgelbe Knolle \u00fcberzeugt vor allem durch ihre inneren Werte!&nbsp;<a href=\"https:\/\/bien-etreiris.ch\/de\/produktpraesentation\/gesundes-leben\/gesunde-lebensmittel\/zutaten-wohlbefinden\/gewuerze\/epices-pures\/kurkuma\/\" class=\"read-more\">Weiter lesen<\/a><\/p>\n","protected":false},"author":1,"featured_media":89276,"parent":98233,"menu_order":6099,"comment_status":"closed","ping_status":"closed","template":"page-with-child.php","meta":{"_acf_changed":false,"ngg_post_thumbnail":0,"footnotes":""},"class_list":["post-41184","page","type-page","status-publish","has-post-thumbnail","hentry"],"acf":[],"yoast_head":"<!-- This site is optimized with the Yoast SEO plugin v27.6 - https:\/\/yoast.com\/product\/yoast-seo-wordpress\/ -->\n<title>KURKUMA - WOHLBEFINDEN<\/title>\n<meta name=\"robots\" content=\"index, follow, max-snippet:-1, max-image-preview:large, max-video-preview:-1\" \/>\n<link rel=\"canonical\" href=\"https:\/\/bien-etreiris.ch\/de\/produktpraesentation\/gesundes-leben\/gesunde-lebensmittel\/zutaten-wohlbefinden\/gewuerze\/kurkuma\/\" \/>\n<meta property=\"og:locale\" content=\"de_DE\" \/>\n<meta property=\"og:type\" content=\"article\" \/>\n<meta property=\"og:title\" content=\"KURKUMA - WOHLBEFINDEN\" \/>\n<meta property=\"og:description\" content=\"&nbsp; Sonnentor Gemahlene Kurkuma Qualit\u00e4tssiegel Aus kontrolliert biologischem Anbau Gelbes Gew\u00fcrz mit vollem Geschmack Charakteristische Farbe Erinnert an Curry &nbsp; &nbsp; Inhalt : 40 g CHF 2.90 &nbsp; \u00c4therisch - S\u00fc\u00df - Kuchen Kurkuma ist der stechende Stern am Himmel der Superfoods und doch ist er am Boden geblieben. Denn die goldgelbe Knolle \u00fcberzeugt vor allem durch ihre inneren Werte!&nbsp;Weiter lesen\" \/>\n<meta property=\"og:url\" content=\"https:\/\/bien-etreiris.ch\/de\/produktpraesentation\/gesundes-leben\/gesunde-lebensmittel\/zutaten-wohlbefinden\/gewuerze\/kurkuma\/\" \/>\n<meta property=\"og:site_name\" content=\"WOHLBEFINDEN\" \/>\n<meta property=\"article:publisher\" content=\"https:\/\/www.facebook.com\/bienetreiris\/\" \/>\n<meta property=\"article:modified_time\" content=\"2024-09-12T16:06:16+00:00\" \/>\n<meta property=\"og:image\" content=\"https:\/\/bien-etreiris.ch\/wp-content\/uploads\/2024\/09\/acceuil-curcuma.png\" \/>\n\t<meta property=\"og:image:width\" content=\"370\" \/>\n\t<meta property=\"og:image:height\" content=\"226\" \/>\n\t<meta property=\"og:image:type\" content=\"image\/png\" \/>\n<meta name=\"twitter:label1\" content=\"Gesch\u00e4tzte Lesezeit\" \/>\n\t<meta name=\"twitter:data1\" content=\"4\u00a0Minuten\" \/>\n<script type=\"application\/ld+json\" class=\"yoast-schema-graph\">{\"@context\":\"https:\\\/\\\/schema.org\",\"@graph\":[{\"@type\":\"WebPage\",\"@id\":\"https:\\\/\\\/bien-etreiris.ch\\\/de\\\/produktpraesentation\\\/gesundes-leben\\\/gesunde-lebensmittel\\\/zutaten-wohlbefinden\\\/gewuerze\\\/kurkuma\\\/\",\"url\":\"https:\\\/\\\/bien-etreiris.ch\\\/de\\\/produktpraesentation\\\/gesundes-leben\\\/gesunde-lebensmittel\\\/zutaten-wohlbefinden\\\/gewuerze\\\/kurkuma\\\/\",\"name\":\"KURKUMA - WOHLBEFINDEN\",\"isPartOf\":{\"@id\":\"https:\\\/\\\/bien-etreiris.ch\\\/de\\\/#website\"},\"primaryImageOfPage\":{\"@id\":\"https:\\\/\\\/bien-etreiris.ch\\\/de\\\/produktpraesentation\\\/gesundes-leben\\\/gesunde-lebensmittel\\\/zutaten-wohlbefinden\\\/gewuerze\\\/kurkuma\\\/#primaryimage\"},\"image\":{\"@id\":\"https:\\\/\\\/bien-etreiris.ch\\\/de\\\/produktpraesentation\\\/gesundes-leben\\\/gesunde-lebensmittel\\\/zutaten-wohlbefinden\\\/gewuerze\\\/kurkuma\\\/#primaryimage\"},\"thumbnailUrl\":\"https:\\\/\\\/bien-etreiris.ch\\\/wp-content\\\/uploads\\\/2024\\\/09\\\/acceuil-curcuma.png\",\"datePublished\":\"2021-03-27T22:21:44+00:00\",\"dateModified\":\"2024-09-12T16:06:16+00:00\",\"breadcrumb\":{\"@id\":\"https:\\\/\\\/bien-etreiris.ch\\\/de\\\/produktpraesentation\\\/gesundes-leben\\\/gesunde-lebensmittel\\\/zutaten-wohlbefinden\\\/gewuerze\\\/kurkuma\\\/#breadcrumb\"},\"inLanguage\":\"de\",\"potentialAction\":[{\"@type\":\"ReadAction\",\"target\":[\"https:\\\/\\\/bien-etreiris.ch\\\/de\\\/produktpraesentation\\\/gesundes-leben\\\/gesunde-lebensmittel\\\/zutaten-wohlbefinden\\\/gewuerze\\\/kurkuma\\\/\"]}]},{\"@type\":\"ImageObject\",\"inLanguage\":\"de\",\"@id\":\"https:\\\/\\\/bien-etreiris.ch\\\/de\\\/produktpraesentation\\\/gesundes-leben\\\/gesunde-lebensmittel\\\/zutaten-wohlbefinden\\\/gewuerze\\\/kurkuma\\\/#primaryimage\",\"url\":\"https:\\\/\\\/bien-etreiris.ch\\\/wp-content\\\/uploads\\\/2024\\\/09\\\/acceuil-curcuma.png\",\"contentUrl\":\"https:\\\/\\\/bien-etreiris.ch\\\/wp-content\\\/uploads\\\/2024\\\/09\\\/acceuil-curcuma.png\",\"width\":370,\"height\":226},{\"@type\":\"BreadcrumbList\",\"@id\":\"https:\\\/\\\/bien-etreiris.ch\\\/de\\\/produktpraesentation\\\/gesundes-leben\\\/gesunde-lebensmittel\\\/zutaten-wohlbefinden\\\/gewuerze\\\/kurkuma\\\/#breadcrumb\",\"itemListElement\":[{\"@type\":\"ListItem\",\"position\":1,\"name\":\"Home\",\"item\":\"https:\\\/\\\/bien-etreiris.ch\\\/de\\\/\"},{\"@type\":\"ListItem\",\"position\":2,\"name\":\"PRODUKTPR\u00c4SENTATION\",\"item\":\"https:\\\/\\\/bien-etreiris.ch\\\/de\\\/produktpraesentation\\\/\"},{\"@type\":\"ListItem\",\"position\":3,\"name\":\"GESUNDES LEBEN\",\"item\":\"https:\\\/\\\/bien-etreiris.ch\\\/de\\\/produktpraesentation\\\/gesundes-leben\\\/\"},{\"@type\":\"ListItem\",\"position\":4,\"name\":\"GESUNDE LEBENSMITTEL\",\"item\":\"https:\\\/\\\/bien-etreiris.ch\\\/de\\\/produktpraesentation\\\/gesundes-leben\\\/gesunde-lebensmittel\\\/\"},{\"@type\":\"ListItem\",\"position\":5,\"name\":\"ZUTATEN\",\"item\":\"https:\\\/\\\/bien-etreiris.ch\\\/de\\\/produktpraesentation\\\/gesundes-leben\\\/gesunde-lebensmittel\\\/zutaten-wohlbefinden\\\/\"},{\"@type\":\"ListItem\",\"position\":6,\"name\":\"GEW\u00dcRZE\",\"item\":\"https:\\\/\\\/bien-etreiris.ch\\\/de\\\/produktpraesentation\\\/gesundes-leben\\\/gesunde-lebensmittel\\\/zutaten-wohlbefinden\\\/gewuerze\\\/\"},{\"@type\":\"ListItem\",\"position\":7,\"name\":\"KURKUMA\"}]},{\"@type\":\"WebSite\",\"@id\":\"https:\\\/\\\/bien-etreiris.ch\\\/de\\\/#website\",\"url\":\"https:\\\/\\\/bien-etreiris.ch\\\/de\\\/\",\"name\":\"Bien-\u00eatre Iris\",\"description\":\"IHRE Gesundheit ist uns wichtig\",\"potentialAction\":[{\"@type\":\"SearchAction\",\"target\":{\"@type\":\"EntryPoint\",\"urlTemplate\":\"https:\\\/\\\/bien-etreiris.ch\\\/de\\\/?s={search_term_string}\"},\"query-input\":{\"@type\":\"PropertyValueSpecification\",\"valueRequired\":true,\"valueName\":\"search_term_string\"}}],\"inLanguage\":\"de\"}]}<\/script>\n<!-- \/ Yoast SEO plugin. -->","yoast_head_json":{"title":"KURKUMA - WOHLBEFINDEN","robots":{"index":"index","follow":"follow","max-snippet":"max-snippet:-1","max-image-preview":"max-image-preview:large","max-video-preview":"max-video-preview:-1"},"canonical":"https:\/\/bien-etreiris.ch\/de\/produktpraesentation\/gesundes-leben\/gesunde-lebensmittel\/zutaten-wohlbefinden\/gewuerze\/kurkuma\/","og_locale":"de_DE","og_type":"article","og_title":"KURKUMA - WOHLBEFINDEN","og_description":"&nbsp; Sonnentor Gemahlene Kurkuma Qualit\u00e4tssiegel Aus kontrolliert biologischem Anbau Gelbes Gew\u00fcrz mit vollem Geschmack Charakteristische Farbe Erinnert an Curry &nbsp; &nbsp; Inhalt : 40 g CHF 2.90 &nbsp; \u00c4therisch - S\u00fc\u00df - Kuchen Kurkuma ist der stechende Stern am Himmel der Superfoods und doch ist er am Boden geblieben. Denn die goldgelbe Knolle \u00fcberzeugt vor allem durch ihre inneren Werte!&nbsp;Weiter lesen","og_url":"https:\/\/bien-etreiris.ch\/de\/produktpraesentation\/gesundes-leben\/gesunde-lebensmittel\/zutaten-wohlbefinden\/gewuerze\/kurkuma\/","og_site_name":"WOHLBEFINDEN","article_publisher":"https:\/\/www.facebook.com\/bienetreiris\/","article_modified_time":"2024-09-12T16:06:16+00:00","og_image":[{"width":370,"height":226,"url":"https:\/\/bien-etreiris.ch\/wp-content\/uploads\/2024\/09\/acceuil-curcuma.png","type":"image\/png"}],"twitter_misc":{"Gesch\u00e4tzte Lesezeit":"4\u00a0Minuten"},"schema":{"@context":"https:\/\/schema.org","@graph":[{"@type":"WebPage","@id":"https:\/\/bien-etreiris.ch\/de\/produktpraesentation\/gesundes-leben\/gesunde-lebensmittel\/zutaten-wohlbefinden\/gewuerze\/kurkuma\/","url":"https:\/\/bien-etreiris.ch\/de\/produktpraesentation\/gesundes-leben\/gesunde-lebensmittel\/zutaten-wohlbefinden\/gewuerze\/kurkuma\/","name":"KURKUMA - WOHLBEFINDEN","isPartOf":{"@id":"https:\/\/bien-etreiris.ch\/de\/#website"},"primaryImageOfPage":{"@id":"https:\/\/bien-etreiris.ch\/de\/produktpraesentation\/gesundes-leben\/gesunde-lebensmittel\/zutaten-wohlbefinden\/gewuerze\/kurkuma\/#primaryimage"},"image":{"@id":"https:\/\/bien-etreiris.ch\/de\/produktpraesentation\/gesundes-leben\/gesunde-lebensmittel\/zutaten-wohlbefinden\/gewuerze\/kurkuma\/#primaryimage"},"thumbnailUrl":"https:\/\/bien-etreiris.ch\/wp-content\/uploads\/2024\/09\/acceuil-curcuma.png","datePublished":"2021-03-27T22:21:44+00:00","dateModified":"2024-09-12T16:06:16+00:00","breadcrumb":{"@id":"https:\/\/bien-etreiris.ch\/de\/produktpraesentation\/gesundes-leben\/gesunde-lebensmittel\/zutaten-wohlbefinden\/gewuerze\/kurkuma\/#breadcrumb"},"inLanguage":"de","potentialAction":[{"@type":"ReadAction","target":["https:\/\/bien-etreiris.ch\/de\/produktpraesentation\/gesundes-leben\/gesunde-lebensmittel\/zutaten-wohlbefinden\/gewuerze\/kurkuma\/"]}]},{"@type":"ImageObject","inLanguage":"de","@id":"https:\/\/bien-etreiris.ch\/de\/produktpraesentation\/gesundes-leben\/gesunde-lebensmittel\/zutaten-wohlbefinden\/gewuerze\/kurkuma\/#primaryimage","url":"https:\/\/bien-etreiris.ch\/wp-content\/uploads\/2024\/09\/acceuil-curcuma.png","contentUrl":"https:\/\/bien-etreiris.ch\/wp-content\/uploads\/2024\/09\/acceuil-curcuma.png","width":370,"height":226},{"@type":"BreadcrumbList","@id":"https:\/\/bien-etreiris.ch\/de\/produktpraesentation\/gesundes-leben\/gesunde-lebensmittel\/zutaten-wohlbefinden\/gewuerze\/kurkuma\/#breadcrumb","itemListElement":[{"@type":"ListItem","position":1,"name":"Home","item":"https:\/\/bien-etreiris.ch\/de\/"},{"@type":"ListItem","position":2,"name":"PRODUKTPR\u00c4SENTATION","item":"https:\/\/bien-etreiris.ch\/de\/produktpraesentation\/"},{"@type":"ListItem","position":3,"name":"GESUNDES LEBEN","item":"https:\/\/bien-etreiris.ch\/de\/produktpraesentation\/gesundes-leben\/"},{"@type":"ListItem","position":4,"name":"GESUNDE LEBENSMITTEL","item":"https:\/\/bien-etreiris.ch\/de\/produktpraesentation\/gesundes-leben\/gesunde-lebensmittel\/"},{"@type":"ListItem","position":5,"name":"ZUTATEN","item":"https:\/\/bien-etreiris.ch\/de\/produktpraesentation\/gesundes-leben\/gesunde-lebensmittel\/zutaten-wohlbefinden\/"},{"@type":"ListItem","position":6,"name":"GEW\u00dcRZE","item":"https:\/\/bien-etreiris.ch\/de\/produktpraesentation\/gesundes-leben\/gesunde-lebensmittel\/zutaten-wohlbefinden\/gewuerze\/"},{"@type":"ListItem","position":7,"name":"KURKUMA"}]},{"@type":"WebSite","@id":"https:\/\/bien-etreiris.ch\/de\/#website","url":"https:\/\/bien-etreiris.ch\/de\/","name":"Bien-\u00eatre Iris","description":"IHRE Gesundheit ist uns wichtig","potentialAction":[{"@type":"SearchAction","target":{"@type":"EntryPoint","urlTemplate":"https:\/\/bien-etreiris.ch\/de\/?s={search_term_string}"},"query-input":{"@type":"PropertyValueSpecification","valueRequired":true,"valueName":"search_term_string"}}],"inLanguage":"de"}]}},"_links":{"self":[{"href":"https:\/\/bien-etreiris.ch\/de\/wp-json\/wp\/v2\/pages\/41184","targetHints":{"allow":["GET"]}}],"collection":[{"href":"https:\/\/bien-etreiris.ch\/de\/wp-json\/wp\/v2\/pages"}],"about":[{"href":"https:\/\/bien-etreiris.ch\/de\/wp-json\/wp\/v2\/types\/page"}],"author":[{"embeddable":true,"href":"https:\/\/bien-etreiris.ch\/de\/wp-json\/wp\/v2\/users\/1"}],"replies":[{"embeddable":true,"href":"https:\/\/bien-etreiris.ch\/de\/wp-json\/wp\/v2\/comments?post=41184"}],"version-history":[{"count":10,"href":"https:\/\/bien-etreiris.ch\/de\/wp-json\/wp\/v2\/pages\/41184\/revisions"}],"predecessor-version":[{"id":89375,"href":"https:\/\/bien-etreiris.ch\/de\/wp-json\/wp\/v2\/pages\/41184\/revisions\/89375"}],"up":[{"embeddable":true,"href":"https:\/\/bien-etreiris.ch\/de\/wp-json\/wp\/v2\/pages\/98233"}],"wp:featuredmedia":[{"embeddable":true,"href":"https:\/\/bien-etreiris.ch\/de\/wp-json\/wp\/v2\/media\/89276"}],"wp:attachment":[{"href":"https:\/\/bien-etreiris.ch\/de\/wp-json\/wp\/v2\/media?parent=41184"}],"curies":[{"name":"wp","href":"https:\/\/api.w.org\/{rel}","templated":true}]}}