{"id":40896,"date":"2021-03-22T16:12:21","date_gmt":"2021-03-22T16:12:21","guid":{"rendered":"https:\/\/bien-etreiris.ch\/?page_id=40896"},"modified":"2021-06-15T09:53:43","modified_gmt":"2021-06-15T07:53:43","slug":"weisstannenwasser","status":"publish","type":"page","link":"https:\/\/bien-etreiris.ch\/de\/produktpraesentation\/aromatherapie\/pflanzenwaesser\/weisstannenwasser\/","title":{"rendered":"WEISSTANNENWASSER"},"content":{"rendered":"<h2><strong>Weisstanne Edeltanne der Installateur&nbsp;<br \/>\n<\/strong><\/h2>\n<p><a href=\"https:\/\/decoiris.ch\/wp-content\/uploads\/2019\/07\/Sapin-argent\u00e9.png\"><img loading=\"lazy\" decoding=\"async\" class=\"size-medium wp-image-22282 alignleft\" src=\"https:\/\/decoiris.ch\/wp-content\/uploads\/2019\/07\/Sapin-argent\u00e9-300x300.png\" sizes=\"auto, (max-width: 300px) 100vw, 300px\" srcset=\"https:\/\/decoiris.ch\/wp-content\/uploads\/2019\/07\/Sapin-argent\u00e9-300x300.png 300w, https:\/\/decoiris.ch\/wp-content\/uploads\/2019\/07\/Sapin-argent\u00e9-150x150.png 150w, https:\/\/decoiris.ch\/wp-content\/uploads\/2019\/07\/Sapin-argent\u00e9-768x768.png 768w, https:\/\/decoiris.ch\/wp-content\/uploads\/2019\/07\/Sapin-argent\u00e9.png 800w\" alt=\"\" width=\"300\" height=\"300\"><\/a><\/p>\n<p>&nbsp;<\/p>\n<p>&nbsp;<\/p>\n<p>&nbsp;<\/p>\n<p>100% pur - garantit la plus haute qualit\u00e9<\/p>\n<p>Flacon en verre avec Spray vaporisateur<\/p>\n<p><strong>Contenu : 100 ml CHF 14.00 <\/strong><\/p>\n<p><strong>BIO Suisse<\/strong><\/p>\n<p>\u00e9galement disponible en remplissage de 10 ml <strong>CHF<\/strong><\/p>\n<h2>&nbsp;<\/h2>\n<p><strong>Abies Alba<\/strong><\/p>\n<p><a href=\"https:\/\/decoiris.ch\/wp-content\/uploads\/2019\/07\/Weisstanne-1.jpg\"><img loading=\"lazy\" decoding=\"async\" class=\"wp-image-22153 size-full alignleft\" src=\"https:\/\/decoiris.ch\/wp-content\/uploads\/2019\/07\/Weisstanne-1.jpg\" sizes=\"auto, (max-width: 450px) 100vw, 450px\" srcset=\"https:\/\/decoiris.ch\/wp-content\/uploads\/2019\/07\/Weisstanne-1.jpg 450w, https:\/\/decoiris.ch\/wp-content\/uploads\/2019\/07\/Weisstanne-1-142x300.jpg 142w\" alt=\"\" width=\"450\" height=\"950\"><\/a>Distill\u00e9e en Suisse, l\u2019eau du sapin blanc suisse a un effet relaxant et apaisant sur les muscles, elle permet de respirer et de se redresser. En tant que tonique, il soigne les peaux fatigu\u00e9es, imparfaitement perfor\u00e9es. Le sapin blanc aide les animaux traumatis\u00e9s.<\/p>\n<p><strong>Application :<\/strong><br \/>\nPour les soins du visage et du corps, vaporisez sur la peau non dilu\u00e9e. Pour les animaux, une faible dose dans l'environnement corporel ou comme parfum d'ambiance.<\/p>\n<p><strong>Le saviez-vous ?<\/strong><br \/>\nL\u2019eau du sapin blanc est un compagnon important pour de nombreuses plaintes en hiver. Il aide en cas d'inhalation, de pulv\u00e9risation dans l'environnement corporel et de gargarisme. Le parfum du sapin argent\u00e9 rappelle une promenade dans les bois. C\u2019est probablement pour cette raison que le parfum revigorant, purifiant et fortifiant, vaporis\u00e9 dans les salles des malades, il est tr\u00e8s appr\u00e9ci\u00e9.<br \/>\nL'eau du sapin blanc est utilis\u00e9e pour traiter les maladies respiratoires.<\/p>\n<p><strong>Astuce pour les athl\u00e8tes :<\/strong><br \/>\nPulv\u00e9riser l'eau du sapin blanc directement sur les muscles avant ou apr\u00e8s l'effort.<\/p>\n","protected":false},"excerpt":{"rendered":"<p>Weisstanne Edeltanne der Installateur&nbsp; &nbsp; &nbsp; &nbsp; 100% pur - garantit la plus haute qualit\u00e9 Flacon en verre avec Spray vaporisateur Contenu : 100 ml CHF 14.00 BIO Suisse \u00e9galement disponible en remplissage de 10 ml CHF &nbsp; Abies Alba Distill\u00e9e en Suisse, l\u2019eau du sapin blanc suisse a un effet relaxant et apaisant sur les muscles, elle permet de&nbsp;<a href=\"https:\/\/bien-etreiris.ch\/de\/produktpraesentation\/aromatherapie\/pflanzenwaesser\/weisstannenwasser\/\" class=\"read-more\">Weiter lesen<\/a><\/p>\n","protected":false},"author":1,"featured_media":41040,"parent":40767,"menu_order":6102,"comment_status":"closed","ping_status":"closed","template":"page-with-child.php","meta":{"_acf_changed":false,"ngg_post_thumbnail":0,"footnotes":""},"class_list":["post-40896","page","type-page","status-publish","has-post-thumbnail","hentry"],"acf":[],"yoast_head":"<!-- This site is optimized with the Yoast SEO plugin v27.4 - https:\/\/yoast.com\/product\/yoast-seo-wordpress\/ -->\n<title>WEISSTANNENWASSER - WOHLBEFINDEN<\/title>\n<meta name=\"robots\" content=\"index, follow, max-snippet:-1, max-image-preview:large, max-video-preview:-1\" \/>\n<link rel=\"canonical\" href=\"https:\/\/bien-etreiris.ch\/de\/produktpraesentation\/aromatherapie\/pflanzenwaesser\/weisstannenwasser\/\" \/>\n<meta property=\"og:locale\" content=\"de_DE\" \/>\n<meta property=\"og:type\" content=\"article\" \/>\n<meta property=\"og:title\" content=\"WEISSTANNENWASSER - WOHLBEFINDEN\" \/>\n<meta property=\"og:description\" content=\"Weisstanne Edeltanne der Installateur&nbsp; &nbsp; &nbsp; &nbsp; 100% pur - garantit la plus haute qualit\u00e9 Flacon en verre avec Spray vaporisateur Contenu : 100 ml CHF 14.00 BIO Suisse \u00e9galement disponible en remplissage de 10 ml CHF &nbsp; Abies Alba Distill\u00e9e en Suisse, l\u2019eau du sapin blanc suisse a un effet relaxant et apaisant sur les muscles, elle permet de&nbsp;Weiter lesen\" \/>\n<meta property=\"og:url\" content=\"https:\/\/bien-etreiris.ch\/de\/produktpraesentation\/aromatherapie\/pflanzenwaesser\/weisstannenwasser\/\" \/>\n<meta property=\"og:site_name\" content=\"WOHLBEFINDEN\" \/>\n<meta property=\"article:publisher\" content=\"https:\/\/www.facebook.com\/bienetreiris\/\" \/>\n<meta property=\"article:modified_time\" content=\"2021-06-15T07:53:43+00:00\" \/>\n<meta property=\"og:image\" content=\"https:\/\/bien-etreiris.ch\/wp-content\/uploads\/2021\/03\/acceuil-sapin-blanc.jpg\" \/>\n\t<meta property=\"og:image:width\" content=\"500\" \/>\n\t<meta property=\"og:image:height\" content=\"375\" \/>\n\t<meta property=\"og:image:type\" content=\"image\/jpeg\" \/>\n<meta name=\"twitter:label1\" content=\"Gesch\u00e4tzte Lesezeit\" \/>\n\t<meta name=\"twitter:data1\" content=\"2\u00a0Minuten\" \/>\n<script type=\"application\/ld+json\" class=\"yoast-schema-graph\">{\"@context\":\"https:\\\/\\\/schema.org\",\"@graph\":[{\"@type\":\"WebPage\",\"@id\":\"https:\\\/\\\/bien-etreiris.ch\\\/de\\\/produktpraesentation\\\/aromatherapie\\\/pflanzenwaesser\\\/weisstannenwasser\\\/\",\"url\":\"https:\\\/\\\/bien-etreiris.ch\\\/de\\\/produktpraesentation\\\/aromatherapie\\\/pflanzenwaesser\\\/weisstannenwasser\\\/\",\"name\":\"WEISSTANNENWASSER - WOHLBEFINDEN\",\"isPartOf\":{\"@id\":\"https:\\\/\\\/bien-etreiris.ch\\\/de\\\/#website\"},\"primaryImageOfPage\":{\"@id\":\"https:\\\/\\\/bien-etreiris.ch\\\/de\\\/produktpraesentation\\\/aromatherapie\\\/pflanzenwaesser\\\/weisstannenwasser\\\/#primaryimage\"},\"image\":{\"@id\":\"https:\\\/\\\/bien-etreiris.ch\\\/de\\\/produktpraesentation\\\/aromatherapie\\\/pflanzenwaesser\\\/weisstannenwasser\\\/#primaryimage\"},\"thumbnailUrl\":\"https:\\\/\\\/bien-etreiris.ch\\\/wp-content\\\/uploads\\\/2021\\\/03\\\/acceuil-sapin-blanc.jpg\",\"datePublished\":\"2021-03-22T16:12:21+00:00\",\"dateModified\":\"2021-06-15T07:53:43+00:00\",\"breadcrumb\":{\"@id\":\"https:\\\/\\\/bien-etreiris.ch\\\/de\\\/produktpraesentation\\\/aromatherapie\\\/pflanzenwaesser\\\/weisstannenwasser\\\/#breadcrumb\"},\"inLanguage\":\"de\",\"potentialAction\":[{\"@type\":\"ReadAction\",\"target\":[\"https:\\\/\\\/bien-etreiris.ch\\\/de\\\/produktpraesentation\\\/aromatherapie\\\/pflanzenwaesser\\\/weisstannenwasser\\\/\"]}]},{\"@type\":\"ImageObject\",\"inLanguage\":\"de\",\"@id\":\"https:\\\/\\\/bien-etreiris.ch\\\/de\\\/produktpraesentation\\\/aromatherapie\\\/pflanzenwaesser\\\/weisstannenwasser\\\/#primaryimage\",\"url\":\"https:\\\/\\\/bien-etreiris.ch\\\/wp-content\\\/uploads\\\/2021\\\/03\\\/acceuil-sapin-blanc.jpg\",\"contentUrl\":\"https:\\\/\\\/bien-etreiris.ch\\\/wp-content\\\/uploads\\\/2021\\\/03\\\/acceuil-sapin-blanc.jpg\",\"width\":500,\"height\":375},{\"@type\":\"BreadcrumbList\",\"@id\":\"https:\\\/\\\/bien-etreiris.ch\\\/de\\\/produktpraesentation\\\/aromatherapie\\\/pflanzenwaesser\\\/weisstannenwasser\\\/#breadcrumb\",\"itemListElement\":[{\"@type\":\"ListItem\",\"position\":1,\"name\":\"Home\",\"item\":\"https:\\\/\\\/bien-etreiris.ch\\\/de\\\/\"},{\"@type\":\"ListItem\",\"position\":2,\"name\":\"PRODUKTPR\u00c4SENTATION\",\"item\":\"https:\\\/\\\/bien-etreiris.ch\\\/de\\\/produktpraesentation\\\/\"},{\"@type\":\"ListItem\",\"position\":3,\"name\":\"AROMATHERAPIE\",\"item\":\"https:\\\/\\\/bien-etreiris.ch\\\/de\\\/produktpraesentation\\\/aromatherapie\\\/\"},{\"@type\":\"ListItem\",\"position\":4,\"name\":\"PFLANZENW\u00c4SSER\",\"item\":\"https:\\\/\\\/bien-etreiris.ch\\\/de\\\/produktpraesentation\\\/aromatherapie\\\/pflanzenwaesser\\\/\"},{\"@type\":\"ListItem\",\"position\":5,\"name\":\"WEISSTANNENWASSER\"}]},{\"@type\":\"WebSite\",\"@id\":\"https:\\\/\\\/bien-etreiris.ch\\\/de\\\/#website\",\"url\":\"https:\\\/\\\/bien-etreiris.ch\\\/de\\\/\",\"name\":\"Bien-\u00eatre Iris\",\"description\":\"IHRE Gesundheit ist uns wichtig\",\"potentialAction\":[{\"@type\":\"SearchAction\",\"target\":{\"@type\":\"EntryPoint\",\"urlTemplate\":\"https:\\\/\\\/bien-etreiris.ch\\\/de\\\/?s={search_term_string}\"},\"query-input\":{\"@type\":\"PropertyValueSpecification\",\"valueRequired\":true,\"valueName\":\"search_term_string\"}}],\"inLanguage\":\"de\"}]}<\/script>\n<!-- \/ Yoast SEO plugin. -->","yoast_head_json":{"title":"WEISSTANNENWASSER - WOHLBEFINDEN","robots":{"index":"index","follow":"follow","max-snippet":"max-snippet:-1","max-image-preview":"max-image-preview:large","max-video-preview":"max-video-preview:-1"},"canonical":"https:\/\/bien-etreiris.ch\/de\/produktpraesentation\/aromatherapie\/pflanzenwaesser\/weisstannenwasser\/","og_locale":"de_DE","og_type":"article","og_title":"WEISSTANNENWASSER - WOHLBEFINDEN","og_description":"Weisstanne Edeltanne der Installateur&nbsp; &nbsp; &nbsp; &nbsp; 100% pur - garantit la plus haute qualit\u00e9 Flacon en verre avec Spray vaporisateur Contenu : 100 ml CHF 14.00 BIO Suisse \u00e9galement disponible en remplissage de 10 ml CHF &nbsp; Abies Alba Distill\u00e9e en Suisse, l\u2019eau du sapin blanc suisse a un effet relaxant et apaisant sur les muscles, elle permet de&nbsp;Weiter lesen","og_url":"https:\/\/bien-etreiris.ch\/de\/produktpraesentation\/aromatherapie\/pflanzenwaesser\/weisstannenwasser\/","og_site_name":"WOHLBEFINDEN","article_publisher":"https:\/\/www.facebook.com\/bienetreiris\/","article_modified_time":"2021-06-15T07:53:43+00:00","og_image":[{"width":500,"height":375,"url":"https:\/\/bien-etreiris.ch\/wp-content\/uploads\/2021\/03\/acceuil-sapin-blanc.jpg","type":"image\/jpeg"}],"twitter_misc":{"Gesch\u00e4tzte Lesezeit":"2\u00a0Minuten"},"schema":{"@context":"https:\/\/schema.org","@graph":[{"@type":"WebPage","@id":"https:\/\/bien-etreiris.ch\/de\/produktpraesentation\/aromatherapie\/pflanzenwaesser\/weisstannenwasser\/","url":"https:\/\/bien-etreiris.ch\/de\/produktpraesentation\/aromatherapie\/pflanzenwaesser\/weisstannenwasser\/","name":"WEISSTANNENWASSER - WOHLBEFINDEN","isPartOf":{"@id":"https:\/\/bien-etreiris.ch\/de\/#website"},"primaryImageOfPage":{"@id":"https:\/\/bien-etreiris.ch\/de\/produktpraesentation\/aromatherapie\/pflanzenwaesser\/weisstannenwasser\/#primaryimage"},"image":{"@id":"https:\/\/bien-etreiris.ch\/de\/produktpraesentation\/aromatherapie\/pflanzenwaesser\/weisstannenwasser\/#primaryimage"},"thumbnailUrl":"https:\/\/bien-etreiris.ch\/wp-content\/uploads\/2021\/03\/acceuil-sapin-blanc.jpg","datePublished":"2021-03-22T16:12:21+00:00","dateModified":"2021-06-15T07:53:43+00:00","breadcrumb":{"@id":"https:\/\/bien-etreiris.ch\/de\/produktpraesentation\/aromatherapie\/pflanzenwaesser\/weisstannenwasser\/#breadcrumb"},"inLanguage":"de","potentialAction":[{"@type":"ReadAction","target":["https:\/\/bien-etreiris.ch\/de\/produktpraesentation\/aromatherapie\/pflanzenwaesser\/weisstannenwasser\/"]}]},{"@type":"ImageObject","inLanguage":"de","@id":"https:\/\/bien-etreiris.ch\/de\/produktpraesentation\/aromatherapie\/pflanzenwaesser\/weisstannenwasser\/#primaryimage","url":"https:\/\/bien-etreiris.ch\/wp-content\/uploads\/2021\/03\/acceuil-sapin-blanc.jpg","contentUrl":"https:\/\/bien-etreiris.ch\/wp-content\/uploads\/2021\/03\/acceuil-sapin-blanc.jpg","width":500,"height":375},{"@type":"BreadcrumbList","@id":"https:\/\/bien-etreiris.ch\/de\/produktpraesentation\/aromatherapie\/pflanzenwaesser\/weisstannenwasser\/#breadcrumb","itemListElement":[{"@type":"ListItem","position":1,"name":"Home","item":"https:\/\/bien-etreiris.ch\/de\/"},{"@type":"ListItem","position":2,"name":"PRODUKTPR\u00c4SENTATION","item":"https:\/\/bien-etreiris.ch\/de\/produktpraesentation\/"},{"@type":"ListItem","position":3,"name":"AROMATHERAPIE","item":"https:\/\/bien-etreiris.ch\/de\/produktpraesentation\/aromatherapie\/"},{"@type":"ListItem","position":4,"name":"PFLANZENW\u00c4SSER","item":"https:\/\/bien-etreiris.ch\/de\/produktpraesentation\/aromatherapie\/pflanzenwaesser\/"},{"@type":"ListItem","position":5,"name":"WEISSTANNENWASSER"}]},{"@type":"WebSite","@id":"https:\/\/bien-etreiris.ch\/de\/#website","url":"https:\/\/bien-etreiris.ch\/de\/","name":"Bien-\u00eatre Iris","description":"IHRE Gesundheit ist uns wichtig","potentialAction":[{"@type":"SearchAction","target":{"@type":"EntryPoint","urlTemplate":"https:\/\/bien-etreiris.ch\/de\/?s={search_term_string}"},"query-input":{"@type":"PropertyValueSpecification","valueRequired":true,"valueName":"search_term_string"}}],"inLanguage":"de"}]}},"_links":{"self":[{"href":"https:\/\/bien-etreiris.ch\/de\/wp-json\/wp\/v2\/pages\/40896","targetHints":{"allow":["GET"]}}],"collection":[{"href":"https:\/\/bien-etreiris.ch\/de\/wp-json\/wp\/v2\/pages"}],"about":[{"href":"https:\/\/bien-etreiris.ch\/de\/wp-json\/wp\/v2\/types\/page"}],"author":[{"embeddable":true,"href":"https:\/\/bien-etreiris.ch\/de\/wp-json\/wp\/v2\/users\/1"}],"replies":[{"embeddable":true,"href":"https:\/\/bien-etreiris.ch\/de\/wp-json\/wp\/v2\/comments?post=40896"}],"version-history":[{"count":3,"href":"https:\/\/bien-etreiris.ch\/de\/wp-json\/wp\/v2\/pages\/40896\/revisions"}],"predecessor-version":[{"id":50208,"href":"https:\/\/bien-etreiris.ch\/de\/wp-json\/wp\/v2\/pages\/40896\/revisions\/50208"}],"up":[{"embeddable":true,"href":"https:\/\/bien-etreiris.ch\/de\/wp-json\/wp\/v2\/pages\/40767"}],"wp:featuredmedia":[{"embeddable":true,"href":"https:\/\/bien-etreiris.ch\/de\/wp-json\/wp\/v2\/media\/41040"}],"wp:attachment":[{"href":"https:\/\/bien-etreiris.ch\/de\/wp-json\/wp\/v2\/media?parent=40896"}],"curies":[{"name":"wp","href":"https:\/\/api.w.org\/{rel}","templated":true}]}}