{"id":40886,"date":"2021-03-22T16:05:04","date_gmt":"2021-03-22T16:05:04","guid":{"rendered":"https:\/\/bien-etreiris.ch\/?page_id=40886"},"modified":"2021-06-15T09:52:31","modified_gmt":"2021-06-15T07:52:31","slug":"rosmarinwasser","status":"publish","type":"page","link":"https:\/\/bien-etreiris.ch\/de\/produktpraesentation\/aromatherapie\/pflanzenwaesser\/rosmarinwasser\/","title":{"rendered":"ROSMARINWASSER"},"content":{"rendered":"<h2><strong> Rosmarin- gl\u00fccklich sein&nbsp;<\/strong><\/h2>\n<p><a href=\"https:\/\/decoiris.ch\/wp-content\/uploads\/2019\/04\/Romarin-1.png\"><img loading=\"lazy\" decoding=\"async\" class=\"size-medium wp-image-15472 alignleft\" src=\"https:\/\/decoiris.ch\/wp-content\/uploads\/2019\/04\/Romarin-1-300x300.png\" sizes=\"auto, (max-width: 300px) 100vw, 300px\" srcset=\"https:\/\/decoiris.ch\/wp-content\/uploads\/2019\/04\/Romarin-1-300x300.png 300w, https:\/\/decoiris.ch\/wp-content\/uploads\/2019\/04\/Romarin-1-150x150.png 150w, https:\/\/decoiris.ch\/wp-content\/uploads\/2019\/04\/Romarin-1-768x768.png 768w, https:\/\/decoiris.ch\/wp-content\/uploads\/2019\/04\/Romarin-1.png 800w\" alt=\"\" width=\"300\" height=\"300\"><\/a><\/p>\n<p>&nbsp;<\/p>\n<p>&nbsp;<\/p>\n<p>&nbsp;<\/p>\n<p>&nbsp;<\/p>\n<p>100% pur - garantit la plus haute qualit\u00e9 <strong>BIO<\/strong><\/p>\n<p>Flacon en verre avec Spray vaporisateur<\/p>\n<p><strong>Contenu : 100 ml CHF 10.00 <\/strong><\/p>\n<p><strong>&nbsp;<\/strong><\/p>\n<p>\u00e9galement disponible en remplissage de 10 ml <strong>CHF<\/strong><\/p>\n<h2>&nbsp;<\/h2>\n<p><strong>Rosmarinus officinalis<\/strong><\/p>\n<p><a href=\"https:\/\/decoiris.ch\/wp-content\/uploads\/2019\/07\/rosmarin-Seitentitel.jpg\"><img loading=\"lazy\" decoding=\"async\" class=\"alignleft wp-image-22123 size-full\" src=\"https:\/\/decoiris.ch\/wp-content\/uploads\/2019\/07\/rosmarin-Seitentitel.jpg\" sizes=\"auto, (max-width: 439px) 100vw, 439px\" srcset=\"https:\/\/decoiris.ch\/wp-content\/uploads\/2019\/07\/rosmarin-Seitentitel.jpg 439w, https:\/\/decoiris.ch\/wp-content\/uploads\/2019\/07\/rosmarin-Seitentitel-165x300.jpg 165w\" alt=\"\" width=\"439\" height=\"800\"><\/a>L'eau de romarin \u00e0 multiples distillations, le pick-me-up, anime les sens, agit comme un spray corporel pour les jambes lourdes, la fatigue g\u00e9n\u00e9rale et rafra\u00eechit apr\u00e8s le rasage. Utilis\u00e9 comme lotion capillaire, elle a un effet favorisant la circulation sur le cuir chevelu.<\/p>\n<p><strong>Application&nbsp;:<\/strong><br \/>\nPour les soins du visage&nbsp;: &nbsp;apr\u00e8s le rasage ou sous forme de spray rafra\u00eechissant non dilu\u00e9 sur la peau. En tant que lotion capillaire, vaporisez directement sur le cuir chevelu.<\/p>\n<p><strong><br \/>\nLe saviez-vous?<\/strong><br \/>\nRosemary nous soutient dans le travail intellectuel, lachute de concentration pendant un travail ardu, une\"Douche parfum\u00e9e\" dans la r\u00e9gion de la t\u00eate sous forme de spray pour augmenter la capacit\u00e9 de concentration.<\/p>\n<p><strong>Recette&nbsp;:<\/strong><br \/>\nBonjour, r\u00e9veil -Lavage:<br \/>\nArrosez abondamment du romarin dans de l\u2019eau froide et ajoutez une goutte d\u2019huile de menthe poivr\u00e9e, \u00e0 utiliser le matin comme nettoyant rafra\u00eechissant et revigorant.<br \/>\nAstuces&nbsp;:, si les enfants ne veulent pas se lever le matin, comme un spray magique matinal sur l\u2019enfant, l\u2019eau du romarin tombe comme une fine brume sur votre enfant en r\u00e9veillant.<\/p>\n","protected":false},"excerpt":{"rendered":"<p>Rosmarin- gl\u00fccklich sein&nbsp; &nbsp; &nbsp; &nbsp; &nbsp; 100% pur - garantit la plus haute qualit\u00e9 BIO Flacon en verre avec Spray vaporisateur Contenu : 100 ml CHF 10.00 &nbsp; \u00e9galement disponible en remplissage de 10 ml CHF &nbsp; Rosmarinus officinalis L'eau de romarin \u00e0 multiples distillations, le pick-me-up, anime les sens, agit comme un spray corporel pour les jambes lourdes,&nbsp;<a href=\"https:\/\/bien-etreiris.ch\/de\/produktpraesentation\/aromatherapie\/pflanzenwaesser\/rosmarinwasser\/\" class=\"read-more\">Weiter lesen<\/a><\/p>\n","protected":false},"author":1,"featured_media":41037,"parent":40767,"menu_order":6107,"comment_status":"closed","ping_status":"closed","template":"page-with-child.php","meta":{"_acf_changed":false,"ngg_post_thumbnail":0,"footnotes":""},"class_list":["post-40886","page","type-page","status-publish","has-post-thumbnail","hentry"],"acf":[],"yoast_head":"<!-- This site is optimized with the Yoast SEO plugin v27.4 - https:\/\/yoast.com\/product\/yoast-seo-wordpress\/ -->\n<title>ROSMARINWASSER - WOHLBEFINDEN<\/title>\n<meta name=\"robots\" content=\"index, follow, max-snippet:-1, max-image-preview:large, max-video-preview:-1\" \/>\n<link rel=\"canonical\" href=\"https:\/\/bien-etreiris.ch\/de\/produktpraesentation\/aromatherapie\/pflanzenwaesser\/rosmarinwasser\/\" \/>\n<meta property=\"og:locale\" content=\"de_DE\" \/>\n<meta property=\"og:type\" content=\"article\" \/>\n<meta property=\"og:title\" content=\"ROSMARINWASSER - WOHLBEFINDEN\" \/>\n<meta property=\"og:description\" content=\"Rosmarin- gl\u00fccklich sein&nbsp; &nbsp; &nbsp; &nbsp; &nbsp; 100% pur - garantit la plus haute qualit\u00e9 BIO Flacon en verre avec Spray vaporisateur Contenu : 100 ml CHF 10.00 &nbsp; \u00e9galement disponible en remplissage de 10 ml CHF &nbsp; Rosmarinus officinalis L&#039;eau de romarin \u00e0 multiples distillations, le pick-me-up, anime les sens, agit comme un spray corporel pour les jambes lourdes,&nbsp;Weiter lesen\" \/>\n<meta property=\"og:url\" content=\"https:\/\/bien-etreiris.ch\/de\/produktpraesentation\/aromatherapie\/pflanzenwaesser\/rosmarinwasser\/\" \/>\n<meta property=\"og:site_name\" content=\"WOHLBEFINDEN\" \/>\n<meta property=\"article:publisher\" content=\"https:\/\/www.facebook.com\/bienetreiris\/\" \/>\n<meta property=\"article:modified_time\" content=\"2021-06-15T07:52:31+00:00\" \/>\n<meta property=\"og:image\" content=\"https:\/\/bien-etreiris.ch\/wp-content\/uploads\/2021\/03\/acceuil-romarin.jpg\" \/>\n\t<meta property=\"og:image:width\" content=\"500\" \/>\n\t<meta property=\"og:image:height\" content=\"375\" \/>\n\t<meta property=\"og:image:type\" content=\"image\/jpeg\" \/>\n<meta name=\"twitter:label1\" content=\"Gesch\u00e4tzte Lesezeit\" \/>\n\t<meta name=\"twitter:data1\" content=\"2\u00a0Minuten\" \/>\n<script type=\"application\/ld+json\" class=\"yoast-schema-graph\">{\"@context\":\"https:\\\/\\\/schema.org\",\"@graph\":[{\"@type\":\"WebPage\",\"@id\":\"https:\\\/\\\/bien-etreiris.ch\\\/de\\\/produktpraesentation\\\/aromatherapie\\\/pflanzenwaesser\\\/rosmarinwasser\\\/\",\"url\":\"https:\\\/\\\/bien-etreiris.ch\\\/de\\\/produktpraesentation\\\/aromatherapie\\\/pflanzenwaesser\\\/rosmarinwasser\\\/\",\"name\":\"ROSMARINWASSER - WOHLBEFINDEN\",\"isPartOf\":{\"@id\":\"https:\\\/\\\/bien-etreiris.ch\\\/de\\\/#website\"},\"primaryImageOfPage\":{\"@id\":\"https:\\\/\\\/bien-etreiris.ch\\\/de\\\/produktpraesentation\\\/aromatherapie\\\/pflanzenwaesser\\\/rosmarinwasser\\\/#primaryimage\"},\"image\":{\"@id\":\"https:\\\/\\\/bien-etreiris.ch\\\/de\\\/produktpraesentation\\\/aromatherapie\\\/pflanzenwaesser\\\/rosmarinwasser\\\/#primaryimage\"},\"thumbnailUrl\":\"https:\\\/\\\/bien-etreiris.ch\\\/wp-content\\\/uploads\\\/2021\\\/03\\\/acceuil-romarin.jpg\",\"datePublished\":\"2021-03-22T16:05:04+00:00\",\"dateModified\":\"2021-06-15T07:52:31+00:00\",\"breadcrumb\":{\"@id\":\"https:\\\/\\\/bien-etreiris.ch\\\/de\\\/produktpraesentation\\\/aromatherapie\\\/pflanzenwaesser\\\/rosmarinwasser\\\/#breadcrumb\"},\"inLanguage\":\"de\",\"potentialAction\":[{\"@type\":\"ReadAction\",\"target\":[\"https:\\\/\\\/bien-etreiris.ch\\\/de\\\/produktpraesentation\\\/aromatherapie\\\/pflanzenwaesser\\\/rosmarinwasser\\\/\"]}]},{\"@type\":\"ImageObject\",\"inLanguage\":\"de\",\"@id\":\"https:\\\/\\\/bien-etreiris.ch\\\/de\\\/produktpraesentation\\\/aromatherapie\\\/pflanzenwaesser\\\/rosmarinwasser\\\/#primaryimage\",\"url\":\"https:\\\/\\\/bien-etreiris.ch\\\/wp-content\\\/uploads\\\/2021\\\/03\\\/acceuil-romarin.jpg\",\"contentUrl\":\"https:\\\/\\\/bien-etreiris.ch\\\/wp-content\\\/uploads\\\/2021\\\/03\\\/acceuil-romarin.jpg\",\"width\":500,\"height\":375},{\"@type\":\"BreadcrumbList\",\"@id\":\"https:\\\/\\\/bien-etreiris.ch\\\/de\\\/produktpraesentation\\\/aromatherapie\\\/pflanzenwaesser\\\/rosmarinwasser\\\/#breadcrumb\",\"itemListElement\":[{\"@type\":\"ListItem\",\"position\":1,\"name\":\"Home\",\"item\":\"https:\\\/\\\/bien-etreiris.ch\\\/de\\\/\"},{\"@type\":\"ListItem\",\"position\":2,\"name\":\"PRODUKTPR\u00c4SENTATION\",\"item\":\"https:\\\/\\\/bien-etreiris.ch\\\/de\\\/produktpraesentation\\\/\"},{\"@type\":\"ListItem\",\"position\":3,\"name\":\"AROMATHERAPIE\",\"item\":\"https:\\\/\\\/bien-etreiris.ch\\\/de\\\/produktpraesentation\\\/aromatherapie\\\/\"},{\"@type\":\"ListItem\",\"position\":4,\"name\":\"PFLANZENW\u00c4SSER\",\"item\":\"https:\\\/\\\/bien-etreiris.ch\\\/de\\\/produktpraesentation\\\/aromatherapie\\\/pflanzenwaesser\\\/\"},{\"@type\":\"ListItem\",\"position\":5,\"name\":\"ROSMARINWASSER\"}]},{\"@type\":\"WebSite\",\"@id\":\"https:\\\/\\\/bien-etreiris.ch\\\/de\\\/#website\",\"url\":\"https:\\\/\\\/bien-etreiris.ch\\\/de\\\/\",\"name\":\"Bien-\u00eatre Iris\",\"description\":\"IHRE Gesundheit ist uns wichtig\",\"potentialAction\":[{\"@type\":\"SearchAction\",\"target\":{\"@type\":\"EntryPoint\",\"urlTemplate\":\"https:\\\/\\\/bien-etreiris.ch\\\/de\\\/?s={search_term_string}\"},\"query-input\":{\"@type\":\"PropertyValueSpecification\",\"valueRequired\":true,\"valueName\":\"search_term_string\"}}],\"inLanguage\":\"de\"}]}<\/script>\n<!-- \/ Yoast SEO plugin. -->","yoast_head_json":{"title":"ROSMARINWASSER - WOHLBEFINDEN","robots":{"index":"index","follow":"follow","max-snippet":"max-snippet:-1","max-image-preview":"max-image-preview:large","max-video-preview":"max-video-preview:-1"},"canonical":"https:\/\/bien-etreiris.ch\/de\/produktpraesentation\/aromatherapie\/pflanzenwaesser\/rosmarinwasser\/","og_locale":"de_DE","og_type":"article","og_title":"ROSMARINWASSER - WOHLBEFINDEN","og_description":"Rosmarin- gl\u00fccklich sein&nbsp; &nbsp; &nbsp; &nbsp; &nbsp; 100% pur - garantit la plus haute qualit\u00e9 BIO Flacon en verre avec Spray vaporisateur Contenu : 100 ml CHF 10.00 &nbsp; \u00e9galement disponible en remplissage de 10 ml CHF &nbsp; Rosmarinus officinalis L'eau de romarin \u00e0 multiples distillations, le pick-me-up, anime les sens, agit comme un spray corporel pour les jambes lourdes,&nbsp;Weiter lesen","og_url":"https:\/\/bien-etreiris.ch\/de\/produktpraesentation\/aromatherapie\/pflanzenwaesser\/rosmarinwasser\/","og_site_name":"WOHLBEFINDEN","article_publisher":"https:\/\/www.facebook.com\/bienetreiris\/","article_modified_time":"2021-06-15T07:52:31+00:00","og_image":[{"width":500,"height":375,"url":"https:\/\/bien-etreiris.ch\/wp-content\/uploads\/2021\/03\/acceuil-romarin.jpg","type":"image\/jpeg"}],"twitter_misc":{"Gesch\u00e4tzte Lesezeit":"2\u00a0Minuten"},"schema":{"@context":"https:\/\/schema.org","@graph":[{"@type":"WebPage","@id":"https:\/\/bien-etreiris.ch\/de\/produktpraesentation\/aromatherapie\/pflanzenwaesser\/rosmarinwasser\/","url":"https:\/\/bien-etreiris.ch\/de\/produktpraesentation\/aromatherapie\/pflanzenwaesser\/rosmarinwasser\/","name":"ROSMARINWASSER - WOHLBEFINDEN","isPartOf":{"@id":"https:\/\/bien-etreiris.ch\/de\/#website"},"primaryImageOfPage":{"@id":"https:\/\/bien-etreiris.ch\/de\/produktpraesentation\/aromatherapie\/pflanzenwaesser\/rosmarinwasser\/#primaryimage"},"image":{"@id":"https:\/\/bien-etreiris.ch\/de\/produktpraesentation\/aromatherapie\/pflanzenwaesser\/rosmarinwasser\/#primaryimage"},"thumbnailUrl":"https:\/\/bien-etreiris.ch\/wp-content\/uploads\/2021\/03\/acceuil-romarin.jpg","datePublished":"2021-03-22T16:05:04+00:00","dateModified":"2021-06-15T07:52:31+00:00","breadcrumb":{"@id":"https:\/\/bien-etreiris.ch\/de\/produktpraesentation\/aromatherapie\/pflanzenwaesser\/rosmarinwasser\/#breadcrumb"},"inLanguage":"de","potentialAction":[{"@type":"ReadAction","target":["https:\/\/bien-etreiris.ch\/de\/produktpraesentation\/aromatherapie\/pflanzenwaesser\/rosmarinwasser\/"]}]},{"@type":"ImageObject","inLanguage":"de","@id":"https:\/\/bien-etreiris.ch\/de\/produktpraesentation\/aromatherapie\/pflanzenwaesser\/rosmarinwasser\/#primaryimage","url":"https:\/\/bien-etreiris.ch\/wp-content\/uploads\/2021\/03\/acceuil-romarin.jpg","contentUrl":"https:\/\/bien-etreiris.ch\/wp-content\/uploads\/2021\/03\/acceuil-romarin.jpg","width":500,"height":375},{"@type":"BreadcrumbList","@id":"https:\/\/bien-etreiris.ch\/de\/produktpraesentation\/aromatherapie\/pflanzenwaesser\/rosmarinwasser\/#breadcrumb","itemListElement":[{"@type":"ListItem","position":1,"name":"Home","item":"https:\/\/bien-etreiris.ch\/de\/"},{"@type":"ListItem","position":2,"name":"PRODUKTPR\u00c4SENTATION","item":"https:\/\/bien-etreiris.ch\/de\/produktpraesentation\/"},{"@type":"ListItem","position":3,"name":"AROMATHERAPIE","item":"https:\/\/bien-etreiris.ch\/de\/produktpraesentation\/aromatherapie\/"},{"@type":"ListItem","position":4,"name":"PFLANZENW\u00c4SSER","item":"https:\/\/bien-etreiris.ch\/de\/produktpraesentation\/aromatherapie\/pflanzenwaesser\/"},{"@type":"ListItem","position":5,"name":"ROSMARINWASSER"}]},{"@type":"WebSite","@id":"https:\/\/bien-etreiris.ch\/de\/#website","url":"https:\/\/bien-etreiris.ch\/de\/","name":"Bien-\u00eatre Iris","description":"IHRE Gesundheit ist uns wichtig","potentialAction":[{"@type":"SearchAction","target":{"@type":"EntryPoint","urlTemplate":"https:\/\/bien-etreiris.ch\/de\/?s={search_term_string}"},"query-input":{"@type":"PropertyValueSpecification","valueRequired":true,"valueName":"search_term_string"}}],"inLanguage":"de"}]}},"_links":{"self":[{"href":"https:\/\/bien-etreiris.ch\/de\/wp-json\/wp\/v2\/pages\/40886","targetHints":{"allow":["GET"]}}],"collection":[{"href":"https:\/\/bien-etreiris.ch\/de\/wp-json\/wp\/v2\/pages"}],"about":[{"href":"https:\/\/bien-etreiris.ch\/de\/wp-json\/wp\/v2\/types\/page"}],"author":[{"embeddable":true,"href":"https:\/\/bien-etreiris.ch\/de\/wp-json\/wp\/v2\/users\/1"}],"replies":[{"embeddable":true,"href":"https:\/\/bien-etreiris.ch\/de\/wp-json\/wp\/v2\/comments?post=40886"}],"version-history":[{"count":3,"href":"https:\/\/bien-etreiris.ch\/de\/wp-json\/wp\/v2\/pages\/40886\/revisions"}],"predecessor-version":[{"id":50206,"href":"https:\/\/bien-etreiris.ch\/de\/wp-json\/wp\/v2\/pages\/40886\/revisions\/50206"}],"up":[{"embeddable":true,"href":"https:\/\/bien-etreiris.ch\/de\/wp-json\/wp\/v2\/pages\/40767"}],"wp:featuredmedia":[{"embeddable":true,"href":"https:\/\/bien-etreiris.ch\/de\/wp-json\/wp\/v2\/media\/41037"}],"wp:attachment":[{"href":"https:\/\/bien-etreiris.ch\/de\/wp-json\/wp\/v2\/media?parent=40886"}],"curies":[{"name":"wp","href":"https:\/\/api.w.org\/{rel}","templated":true}]}}