{"id":40877,"date":"2021-03-22T15:59:52","date_gmt":"2021-03-22T15:59:52","guid":{"rendered":"https:\/\/bien-etreiris.ch\/?page_id=40877"},"modified":"2021-06-15T09:51:16","modified_gmt":"2021-06-15T07:51:16","slug":"pfefferminzwasser","status":"publish","type":"page","link":"https:\/\/bien-etreiris.ch\/de\/produktpraesentation\/aromatherapie\/pflanzenwaesser\/pfefferminzwasser\/","title":{"rendered":"PFEFFERMINZWASSER"},"content":{"rendered":"<h4><strong> Pfefferminzwasser - das Erfrischende&nbsp;<\/strong><\/h4>\n<p><a href=\"https:\/\/decoiris.ch\/wp-content\/uploads\/2019\/04\/Menthe.png\"><img loading=\"lazy\" decoding=\"async\" class=\"size-medium wp-image-15478 alignleft\" src=\"https:\/\/decoiris.ch\/wp-content\/uploads\/2019\/04\/Menthe-300x300.png\" sizes=\"auto, (max-width: 300px) 100vw, 300px\" srcset=\"https:\/\/decoiris.ch\/wp-content\/uploads\/2019\/04\/Menthe-300x300.png 300w, https:\/\/decoiris.ch\/wp-content\/uploads\/2019\/04\/Menthe-150x150.png 150w, https:\/\/decoiris.ch\/wp-content\/uploads\/2019\/04\/Menthe-768x768.png 768w, https:\/\/decoiris.ch\/wp-content\/uploads\/2019\/04\/Menthe.png 800w\" alt=\"\" width=\"300\" height=\"300\"><\/a><\/p>\n<p>&nbsp;<\/p>\n<p>&nbsp;<\/p>\n<p>&nbsp;<\/p>\n<p>100% pur - garantit la plus haute qualit\u00e9 <strong>BIO<\/strong><\/p>\n<p>Flacon en verre avec Spray vaporisateur<\/p>\n<p><strong>Contenu : 100 ml CHF 10.00 <\/strong><\/p>\n<p><strong>&nbsp;<\/strong><\/p>\n<p>\u00e9galement disponible en remplissage de 10 ml <strong>CHF<\/strong><\/p>\n<h2>&nbsp;<\/h2>\n<p><strong>Mentha piperita<\/strong><\/p>\n<p><a href=\"https:\/\/decoiris.ch\/wp-content\/uploads\/2019\/07\/menthe-seitentitel-3.jpg\"><img loading=\"lazy\" decoding=\"async\" class=\"alignleft wp-image-22490 size-full\" src=\"https:\/\/decoiris.ch\/wp-content\/uploads\/2019\/07\/menthe-seitentitel-3.jpg\" sizes=\"auto, (max-width: 450px) 100vw, 450px\" srcset=\"https:\/\/decoiris.ch\/wp-content\/uploads\/2019\/07\/menthe-seitentitel-3.jpg 450w, https:\/\/decoiris.ch\/wp-content\/uploads\/2019\/07\/menthe-seitentitel-3-142x300.jpg 142w\" alt=\"\" width=\"450\" height=\"950\"><\/a><\/p>\n<p>L'eau multi-distill\u00e9e de menthe poivr\u00e9e rafra\u00eechit agr\u00e9ablement. Sur le chemin, l'eau de la plante est bonne pour un rafra\u00eechissement rapide. En ajoutant quelques gouttes d\u2019huile essentielle s\u00e9lectionn\u00e9e \u00e0 l\u2019eau de menthe poivr\u00e9e, elle convient comme un soin buccal efficace.<\/p>\n<p><strong>Application&nbsp;:<\/strong><br \/>\nPour rafra\u00eechir la peau, vaporisez-la non dilu\u00e9e. Peut aussi \u00eatre utilis\u00e9e comme spray dans la pi\u00e8ce.<\/p>\n<p>Application de bain de bouche : Ajoutez 5 \u00e0 6 gouttes d\u2019eau de menthe poivr\u00e9e et 1 goutte d\u2019huile essentielle s\u00e9lectionn\u00e9e (comme l\u2019arbre \u00e0 th\u00e9 ou le myrte) dans un verre d\u2019eau pour le rin\u00e7age.<\/p>\n<p><strong>Le saviez-vous ?<\/strong><br \/>\nCertaines \u00e9tudes montrent que les ingr\u00e9dients de la menthe poivr\u00e9e ont un effet apaisant sur les c\u00e9phal\u00e9es de tension. On sait aussi, depuis longtemps, que la menthe poivr\u00e9e a une bonne influence sur la digestion.<\/p>\n<p><strong>Recette :<\/strong><br \/>\nAjoutez environ 20 vaporisations d'eau de menthe poivr\u00e9e \u00e0 un litre d'eau, m\u00e9langez le sirop de fleurs de sureau, les gla\u00e7ons et le jus de citron et d\u00e9gustez une boisson rafra\u00eechissante en \u00e9t\u00e9.<\/p>\n<p>Ou raffinez votre salade de fruits avec de l\u2019eau de menthe poivr\u00e9e : \u00ab un vrai r\u00e9gal \u00bb<\/p>\n","protected":false},"excerpt":{"rendered":"<p>Pfefferminzwasser - das Erfrischende&nbsp; &nbsp; &nbsp; &nbsp; 100% pur - garantit la plus haute qualit\u00e9 BIO Flacon en verre avec Spray vaporisateur Contenu : 100 ml CHF 10.00 &nbsp; \u00e9galement disponible en remplissage de 10 ml CHF &nbsp; Mentha piperita L'eau multi-distill\u00e9e de menthe poivr\u00e9e rafra\u00eechit agr\u00e9ablement. Sur le chemin, l'eau de la plante est bonne pour un rafra\u00eechissement rapide.&nbsp;<a href=\"https:\/\/bien-etreiris.ch\/de\/produktpraesentation\/aromatherapie\/pflanzenwaesser\/pfefferminzwasser\/\" class=\"read-more\">Weiter lesen<\/a><\/p>\n","protected":false},"author":1,"featured_media":41031,"parent":40767,"menu_order":6108,"comment_status":"closed","ping_status":"closed","template":"page-with-child.php","meta":{"_acf_changed":false,"ngg_post_thumbnail":0,"footnotes":""},"class_list":["post-40877","page","type-page","status-publish","has-post-thumbnail","hentry"],"acf":[],"yoast_head":"<!-- This site is optimized with the Yoast SEO plugin v27.4 - https:\/\/yoast.com\/product\/yoast-seo-wordpress\/ -->\n<title>PFEFFERMINZWASSER - WOHLBEFINDEN<\/title>\n<meta name=\"robots\" content=\"index, follow, max-snippet:-1, max-image-preview:large, max-video-preview:-1\" \/>\n<link rel=\"canonical\" href=\"https:\/\/bien-etreiris.ch\/de\/produktpraesentation\/aromatherapie\/pflanzenwaesser\/pfefferminzwasser\/\" \/>\n<meta property=\"og:locale\" content=\"de_DE\" \/>\n<meta property=\"og:type\" content=\"article\" \/>\n<meta property=\"og:title\" content=\"PFEFFERMINZWASSER - WOHLBEFINDEN\" \/>\n<meta property=\"og:description\" content=\"Pfefferminzwasser - das Erfrischende&nbsp; &nbsp; &nbsp; &nbsp; 100% pur - garantit la plus haute qualit\u00e9 BIO Flacon en verre avec Spray vaporisateur Contenu : 100 ml CHF 10.00 &nbsp; \u00e9galement disponible en remplissage de 10 ml CHF &nbsp; Mentha piperita L&#039;eau multi-distill\u00e9e de menthe poivr\u00e9e rafra\u00eechit agr\u00e9ablement. Sur le chemin, l&#039;eau de la plante est bonne pour un rafra\u00eechissement rapide.&nbsp;Weiter lesen\" \/>\n<meta property=\"og:url\" content=\"https:\/\/bien-etreiris.ch\/de\/produktpraesentation\/aromatherapie\/pflanzenwaesser\/pfefferminzwasser\/\" \/>\n<meta property=\"og:site_name\" content=\"WOHLBEFINDEN\" \/>\n<meta property=\"article:publisher\" content=\"https:\/\/www.facebook.com\/bienetreiris\/\" \/>\n<meta property=\"article:modified_time\" content=\"2021-06-15T07:51:16+00:00\" \/>\n<meta property=\"og:image\" content=\"https:\/\/bien-etreiris.ch\/wp-content\/uploads\/2021\/03\/acceuil-menthe-poivre.jpg\" \/>\n\t<meta property=\"og:image:width\" content=\"500\" \/>\n\t<meta property=\"og:image:height\" content=\"333\" \/>\n\t<meta property=\"og:image:type\" content=\"image\/jpeg\" \/>\n<meta name=\"twitter:label1\" content=\"Gesch\u00e4tzte Lesezeit\" \/>\n\t<meta name=\"twitter:data1\" content=\"2\u00a0Minuten\" \/>\n<script type=\"application\/ld+json\" class=\"yoast-schema-graph\">{\"@context\":\"https:\\\/\\\/schema.org\",\"@graph\":[{\"@type\":\"WebPage\",\"@id\":\"https:\\\/\\\/bien-etreiris.ch\\\/de\\\/produktpraesentation\\\/aromatherapie\\\/pflanzenwaesser\\\/pfefferminzwasser\\\/\",\"url\":\"https:\\\/\\\/bien-etreiris.ch\\\/de\\\/produktpraesentation\\\/aromatherapie\\\/pflanzenwaesser\\\/pfefferminzwasser\\\/\",\"name\":\"PFEFFERMINZWASSER - WOHLBEFINDEN\",\"isPartOf\":{\"@id\":\"https:\\\/\\\/bien-etreiris.ch\\\/de\\\/#website\"},\"primaryImageOfPage\":{\"@id\":\"https:\\\/\\\/bien-etreiris.ch\\\/de\\\/produktpraesentation\\\/aromatherapie\\\/pflanzenwaesser\\\/pfefferminzwasser\\\/#primaryimage\"},\"image\":{\"@id\":\"https:\\\/\\\/bien-etreiris.ch\\\/de\\\/produktpraesentation\\\/aromatherapie\\\/pflanzenwaesser\\\/pfefferminzwasser\\\/#primaryimage\"},\"thumbnailUrl\":\"https:\\\/\\\/bien-etreiris.ch\\\/wp-content\\\/uploads\\\/2021\\\/03\\\/acceuil-menthe-poivre.jpg\",\"datePublished\":\"2021-03-22T15:59:52+00:00\",\"dateModified\":\"2021-06-15T07:51:16+00:00\",\"breadcrumb\":{\"@id\":\"https:\\\/\\\/bien-etreiris.ch\\\/de\\\/produktpraesentation\\\/aromatherapie\\\/pflanzenwaesser\\\/pfefferminzwasser\\\/#breadcrumb\"},\"inLanguage\":\"de\",\"potentialAction\":[{\"@type\":\"ReadAction\",\"target\":[\"https:\\\/\\\/bien-etreiris.ch\\\/de\\\/produktpraesentation\\\/aromatherapie\\\/pflanzenwaesser\\\/pfefferminzwasser\\\/\"]}]},{\"@type\":\"ImageObject\",\"inLanguage\":\"de\",\"@id\":\"https:\\\/\\\/bien-etreiris.ch\\\/de\\\/produktpraesentation\\\/aromatherapie\\\/pflanzenwaesser\\\/pfefferminzwasser\\\/#primaryimage\",\"url\":\"https:\\\/\\\/bien-etreiris.ch\\\/wp-content\\\/uploads\\\/2021\\\/03\\\/acceuil-menthe-poivre.jpg\",\"contentUrl\":\"https:\\\/\\\/bien-etreiris.ch\\\/wp-content\\\/uploads\\\/2021\\\/03\\\/acceuil-menthe-poivre.jpg\",\"width\":500,\"height\":333},{\"@type\":\"BreadcrumbList\",\"@id\":\"https:\\\/\\\/bien-etreiris.ch\\\/de\\\/produktpraesentation\\\/aromatherapie\\\/pflanzenwaesser\\\/pfefferminzwasser\\\/#breadcrumb\",\"itemListElement\":[{\"@type\":\"ListItem\",\"position\":1,\"name\":\"Home\",\"item\":\"https:\\\/\\\/bien-etreiris.ch\\\/de\\\/\"},{\"@type\":\"ListItem\",\"position\":2,\"name\":\"PRODUKTPR\u00c4SENTATION\",\"item\":\"https:\\\/\\\/bien-etreiris.ch\\\/de\\\/produktpraesentation\\\/\"},{\"@type\":\"ListItem\",\"position\":3,\"name\":\"AROMATHERAPIE\",\"item\":\"https:\\\/\\\/bien-etreiris.ch\\\/de\\\/produktpraesentation\\\/aromatherapie\\\/\"},{\"@type\":\"ListItem\",\"position\":4,\"name\":\"PFLANZENW\u00c4SSER\",\"item\":\"https:\\\/\\\/bien-etreiris.ch\\\/de\\\/produktpraesentation\\\/aromatherapie\\\/pflanzenwaesser\\\/\"},{\"@type\":\"ListItem\",\"position\":5,\"name\":\"PFEFFERMINZWASSER\"}]},{\"@type\":\"WebSite\",\"@id\":\"https:\\\/\\\/bien-etreiris.ch\\\/de\\\/#website\",\"url\":\"https:\\\/\\\/bien-etreiris.ch\\\/de\\\/\",\"name\":\"Bien-\u00eatre Iris\",\"description\":\"IHRE Gesundheit ist uns wichtig\",\"potentialAction\":[{\"@type\":\"SearchAction\",\"target\":{\"@type\":\"EntryPoint\",\"urlTemplate\":\"https:\\\/\\\/bien-etreiris.ch\\\/de\\\/?s={search_term_string}\"},\"query-input\":{\"@type\":\"PropertyValueSpecification\",\"valueRequired\":true,\"valueName\":\"search_term_string\"}}],\"inLanguage\":\"de\"}]}<\/script>\n<!-- \/ Yoast SEO plugin. -->","yoast_head_json":{"title":"PFEFFERMINZWASSER - WOHLBEFINDEN","robots":{"index":"index","follow":"follow","max-snippet":"max-snippet:-1","max-image-preview":"max-image-preview:large","max-video-preview":"max-video-preview:-1"},"canonical":"https:\/\/bien-etreiris.ch\/de\/produktpraesentation\/aromatherapie\/pflanzenwaesser\/pfefferminzwasser\/","og_locale":"de_DE","og_type":"article","og_title":"PFEFFERMINZWASSER - WOHLBEFINDEN","og_description":"Pfefferminzwasser - das Erfrischende&nbsp; &nbsp; &nbsp; &nbsp; 100% pur - garantit la plus haute qualit\u00e9 BIO Flacon en verre avec Spray vaporisateur Contenu : 100 ml CHF 10.00 &nbsp; \u00e9galement disponible en remplissage de 10 ml CHF &nbsp; Mentha piperita L'eau multi-distill\u00e9e de menthe poivr\u00e9e rafra\u00eechit agr\u00e9ablement. Sur le chemin, l'eau de la plante est bonne pour un rafra\u00eechissement rapide.&nbsp;Weiter lesen","og_url":"https:\/\/bien-etreiris.ch\/de\/produktpraesentation\/aromatherapie\/pflanzenwaesser\/pfefferminzwasser\/","og_site_name":"WOHLBEFINDEN","article_publisher":"https:\/\/www.facebook.com\/bienetreiris\/","article_modified_time":"2021-06-15T07:51:16+00:00","og_image":[{"width":500,"height":333,"url":"https:\/\/bien-etreiris.ch\/wp-content\/uploads\/2021\/03\/acceuil-menthe-poivre.jpg","type":"image\/jpeg"}],"twitter_misc":{"Gesch\u00e4tzte Lesezeit":"2\u00a0Minuten"},"schema":{"@context":"https:\/\/schema.org","@graph":[{"@type":"WebPage","@id":"https:\/\/bien-etreiris.ch\/de\/produktpraesentation\/aromatherapie\/pflanzenwaesser\/pfefferminzwasser\/","url":"https:\/\/bien-etreiris.ch\/de\/produktpraesentation\/aromatherapie\/pflanzenwaesser\/pfefferminzwasser\/","name":"PFEFFERMINZWASSER - WOHLBEFINDEN","isPartOf":{"@id":"https:\/\/bien-etreiris.ch\/de\/#website"},"primaryImageOfPage":{"@id":"https:\/\/bien-etreiris.ch\/de\/produktpraesentation\/aromatherapie\/pflanzenwaesser\/pfefferminzwasser\/#primaryimage"},"image":{"@id":"https:\/\/bien-etreiris.ch\/de\/produktpraesentation\/aromatherapie\/pflanzenwaesser\/pfefferminzwasser\/#primaryimage"},"thumbnailUrl":"https:\/\/bien-etreiris.ch\/wp-content\/uploads\/2021\/03\/acceuil-menthe-poivre.jpg","datePublished":"2021-03-22T15:59:52+00:00","dateModified":"2021-06-15T07:51:16+00:00","breadcrumb":{"@id":"https:\/\/bien-etreiris.ch\/de\/produktpraesentation\/aromatherapie\/pflanzenwaesser\/pfefferminzwasser\/#breadcrumb"},"inLanguage":"de","potentialAction":[{"@type":"ReadAction","target":["https:\/\/bien-etreiris.ch\/de\/produktpraesentation\/aromatherapie\/pflanzenwaesser\/pfefferminzwasser\/"]}]},{"@type":"ImageObject","inLanguage":"de","@id":"https:\/\/bien-etreiris.ch\/de\/produktpraesentation\/aromatherapie\/pflanzenwaesser\/pfefferminzwasser\/#primaryimage","url":"https:\/\/bien-etreiris.ch\/wp-content\/uploads\/2021\/03\/acceuil-menthe-poivre.jpg","contentUrl":"https:\/\/bien-etreiris.ch\/wp-content\/uploads\/2021\/03\/acceuil-menthe-poivre.jpg","width":500,"height":333},{"@type":"BreadcrumbList","@id":"https:\/\/bien-etreiris.ch\/de\/produktpraesentation\/aromatherapie\/pflanzenwaesser\/pfefferminzwasser\/#breadcrumb","itemListElement":[{"@type":"ListItem","position":1,"name":"Home","item":"https:\/\/bien-etreiris.ch\/de\/"},{"@type":"ListItem","position":2,"name":"PRODUKTPR\u00c4SENTATION","item":"https:\/\/bien-etreiris.ch\/de\/produktpraesentation\/"},{"@type":"ListItem","position":3,"name":"AROMATHERAPIE","item":"https:\/\/bien-etreiris.ch\/de\/produktpraesentation\/aromatherapie\/"},{"@type":"ListItem","position":4,"name":"PFLANZENW\u00c4SSER","item":"https:\/\/bien-etreiris.ch\/de\/produktpraesentation\/aromatherapie\/pflanzenwaesser\/"},{"@type":"ListItem","position":5,"name":"PFEFFERMINZWASSER"}]},{"@type":"WebSite","@id":"https:\/\/bien-etreiris.ch\/de\/#website","url":"https:\/\/bien-etreiris.ch\/de\/","name":"Bien-\u00eatre Iris","description":"IHRE Gesundheit ist uns wichtig","potentialAction":[{"@type":"SearchAction","target":{"@type":"EntryPoint","urlTemplate":"https:\/\/bien-etreiris.ch\/de\/?s={search_term_string}"},"query-input":{"@type":"PropertyValueSpecification","valueRequired":true,"valueName":"search_term_string"}}],"inLanguage":"de"}]}},"_links":{"self":[{"href":"https:\/\/bien-etreiris.ch\/de\/wp-json\/wp\/v2\/pages\/40877","targetHints":{"allow":["GET"]}}],"collection":[{"href":"https:\/\/bien-etreiris.ch\/de\/wp-json\/wp\/v2\/pages"}],"about":[{"href":"https:\/\/bien-etreiris.ch\/de\/wp-json\/wp\/v2\/types\/page"}],"author":[{"embeddable":true,"href":"https:\/\/bien-etreiris.ch\/de\/wp-json\/wp\/v2\/users\/1"}],"replies":[{"embeddable":true,"href":"https:\/\/bien-etreiris.ch\/de\/wp-json\/wp\/v2\/comments?post=40877"}],"version-history":[{"count":3,"href":"https:\/\/bien-etreiris.ch\/de\/wp-json\/wp\/v2\/pages\/40877\/revisions"}],"predecessor-version":[{"id":48842,"href":"https:\/\/bien-etreiris.ch\/de\/wp-json\/wp\/v2\/pages\/40877\/revisions\/48842"}],"up":[{"embeddable":true,"href":"https:\/\/bien-etreiris.ch\/de\/wp-json\/wp\/v2\/pages\/40767"}],"wp:featuredmedia":[{"embeddable":true,"href":"https:\/\/bien-etreiris.ch\/de\/wp-json\/wp\/v2\/media\/41031"}],"wp:attachment":[{"href":"https:\/\/bien-etreiris.ch\/de\/wp-json\/wp\/v2\/media?parent=40877"}],"curies":[{"name":"wp","href":"https:\/\/api.w.org\/{rel}","templated":true}]}}