{"id":40858,"date":"2021-03-22T15:37:11","date_gmt":"2021-03-22T15:37:11","guid":{"rendered":"https:\/\/bien-etreiris.ch\/?page_id=40858"},"modified":"2021-06-15T10:07:28","modified_gmt":"2021-06-15T08:07:28","slug":"immortellenwasser","status":"publish","type":"page","link":"https:\/\/bien-etreiris.ch\/de\/produktpraesentation\/aromatherapie\/pflanzenwaesser\/immortellenwasser\/","title":{"rendered":"IMMORTELLENWASSER"},"content":{"rendered":"\n<h2 class=\"wp-block-heading\"> <br>IMMORTELLE - le pr\u00e9cieux <\/h2>\n\n\n<h4><strong>&nbsp;<\/strong><\/h4>\n<p><a href=\"https:\/\/bien-etreiris.ch\/wp-content\/uploads\/2021\/06\/Immortelle.png\"><img loading=\"lazy\" decoding=\"async\" class=\"wp-image-48828  alignnone\" src=\"https:\/\/bien-etreiris.ch\/wp-content\/uploads\/2021\/06\/Immortelle.png\" alt=\"\" width=\"295\" height=\"656\" srcset=\"https:\/\/bien-etreiris.ch\/wp-content\/uploads\/2021\/06\/Immortelle.png 360w, https:\/\/bien-etreiris.ch\/wp-content\/uploads\/2021\/06\/Immortelle-135x300.png 135w\" sizes=\"auto, (max-width: 295px) 100vw, 295px\" \/><\/a><\/p>\n<p>&nbsp;<\/p>\n<p>100% pur - garantit la plus haute qualit\u00e9 <strong>BIO<\/strong><\/p>\n<p>Flacon en verre avec Spray vaporisateur<\/p>\n<p><strong>Contenu : 100 ml CHF 11.00 <br><\/strong><\/p>\n<p>\u00e9galement disponible en remplissage de 10 ml <strong>CHF<\/strong><\/p>\n<h2>&nbsp;<\/h2>\n<p>&nbsp;<\/p>\n<p>&nbsp;<\/p>\n<p>&nbsp;<\/p>\n<p>&nbsp;<\/p>\n<p><strong>Helichrisum Italicum<\/strong><\/p>\n<p><a href=\"https:\/\/decoiris.ch\/wp-content\/uploads\/2019\/07\/immortelle-seitenbild-1.jpg\"><img loading=\"lazy\" decoding=\"async\" class=\"alignleft wp-image-22461 size-full\" src=\"https:\/\/decoiris.ch\/wp-content\/uploads\/2019\/07\/immortelle-seitenbild-1.jpg\" sizes=\"auto, (max-width: 450px) 100vw, 450px\" srcset=\"https:\/\/decoiris.ch\/wp-content\/uploads\/2019\/07\/immortelle-seitenbild-1.jpg 450w, https:\/\/decoiris.ch\/wp-content\/uploads\/2019\/07\/immortelle-seitenbild-1-142x300.jpg 142w\" alt=\"\" width=\"450\" height=\"950\"><\/a><\/p>\n<p>L'odeur de l'immortelle est associ\u00e9e \u00e0 un effet imm\u00e9diatement profond, apaisant et constructif. L'eau immunitaire multi-distill\u00e9e est populaire comme un pr\u00e9cieux soin du visage. En outre, la pr\u00e9cieuse eau v\u00e9g\u00e9tale apaise la peau irrit\u00e9e apr\u00e8s l'\u00e9pilation.<\/p>\n<p><strong>Application&nbsp;:<\/strong><br>Pour les soins du visage et du corps&nbsp;: vaporisez sur la peau non dilu\u00e9e. Peut aussi \u00eatre utilis\u00e9 comme spray dans la pi\u00e8ce.<\/p>\n<p><strong>Le saviez-vous ?<\/strong><br>Immortelle est le m\u00e9dicament de choix en aromath\u00e9rapie pour traiter les ecchymoses. Immortelle signifie une vie \u00e9ternelle.<\/p>","protected":false},"excerpt":{"rendered":"<p>IMMORTELLE - le pr\u00e9cieux &nbsp; &nbsp; 100% pur - garantit la plus haute qualit\u00e9 BIO Flacon en verre avec Spray vaporisateur Contenu : 100 ml CHF 11.00 \u00e9galement disponible en remplissage de 10 ml CHF &nbsp; &nbsp; &nbsp; &nbsp; &nbsp; Helichrisum Italicum L'odeur de l'immortelle est associ\u00e9e \u00e0 un effet imm\u00e9diatement profond, apaisant et constructif. L'eau immunitaire multi-distill\u00e9e est populaire&nbsp;<a href=\"https:\/\/bien-etreiris.ch\/de\/produktpraesentation\/aromatherapie\/pflanzenwaesser\/immortellenwasser\/\" class=\"read-more\">Weiter lesen<\/a><\/p>\n","protected":false},"author":1,"featured_media":40856,"parent":40767,"menu_order":6114,"comment_status":"closed","ping_status":"closed","template":"page-with-child.php","meta":{"_acf_changed":false,"ngg_post_thumbnail":0,"footnotes":""},"class_list":["post-40858","page","type-page","status-publish","has-post-thumbnail","hentry"],"acf":[],"yoast_head":"<!-- This site is optimized with the Yoast SEO plugin v27.4 - https:\/\/yoast.com\/product\/yoast-seo-wordpress\/ -->\n<title>IMMORTELLENWASSER - WOHLBEFINDEN<\/title>\n<meta name=\"robots\" content=\"index, follow, max-snippet:-1, max-image-preview:large, max-video-preview:-1\" \/>\n<link rel=\"canonical\" href=\"https:\/\/bien-etreiris.ch\/de\/produktpraesentation\/aromatherapie\/pflanzenwaesser\/immortellenwasser\/\" \/>\n<meta property=\"og:locale\" content=\"de_DE\" \/>\n<meta property=\"og:type\" content=\"article\" \/>\n<meta property=\"og:title\" content=\"IMMORTELLENWASSER - WOHLBEFINDEN\" \/>\n<meta property=\"og:description\" content=\"IMMORTELLE - le pr\u00e9cieux &nbsp; &nbsp; 100% pur - garantit la plus haute qualit\u00e9 BIO Flacon en verre avec Spray vaporisateur Contenu : 100 ml CHF 11.00 \u00e9galement disponible en remplissage de 10 ml CHF &nbsp; &nbsp; &nbsp; &nbsp; &nbsp; Helichrisum Italicum L&#039;odeur de l&#039;immortelle est associ\u00e9e \u00e0 un effet imm\u00e9diatement profond, apaisant et constructif. L&#039;eau immunitaire multi-distill\u00e9e est populaire&nbsp;Weiter lesen\" \/>\n<meta property=\"og:url\" content=\"https:\/\/bien-etreiris.ch\/de\/produktpraesentation\/aromatherapie\/pflanzenwaesser\/immortellenwasser\/\" \/>\n<meta property=\"og:site_name\" content=\"WOHLBEFINDEN\" \/>\n<meta property=\"article:publisher\" content=\"https:\/\/www.facebook.com\/bienetreiris\/\" \/>\n<meta property=\"article:modified_time\" content=\"2021-06-15T08:07:28+00:00\" \/>\n<meta property=\"og:image\" content=\"https:\/\/bien-etreiris.ch\/wp-content\/uploads\/2021\/03\/acceuil-imortelle.jpg\" \/>\n\t<meta property=\"og:image:width\" content=\"500\" \/>\n\t<meta property=\"og:image:height\" content=\"333\" \/>\n\t<meta property=\"og:image:type\" content=\"image\/jpeg\" \/>\n<meta name=\"twitter:label1\" content=\"Gesch\u00e4tzte Lesezeit\" \/>\n\t<meta name=\"twitter:data1\" content=\"1\u00a0Minute\" \/>\n<script type=\"application\/ld+json\" class=\"yoast-schema-graph\">{\"@context\":\"https:\\\/\\\/schema.org\",\"@graph\":[{\"@type\":\"WebPage\",\"@id\":\"https:\\\/\\\/bien-etreiris.ch\\\/de\\\/produktpraesentation\\\/aromatherapie\\\/pflanzenwaesser\\\/immortellenwasser\\\/\",\"url\":\"https:\\\/\\\/bien-etreiris.ch\\\/de\\\/produktpraesentation\\\/aromatherapie\\\/pflanzenwaesser\\\/immortellenwasser\\\/\",\"name\":\"IMMORTELLENWASSER - WOHLBEFINDEN\",\"isPartOf\":{\"@id\":\"https:\\\/\\\/bien-etreiris.ch\\\/de\\\/#website\"},\"primaryImageOfPage\":{\"@id\":\"https:\\\/\\\/bien-etreiris.ch\\\/de\\\/produktpraesentation\\\/aromatherapie\\\/pflanzenwaesser\\\/immortellenwasser\\\/#primaryimage\"},\"image\":{\"@id\":\"https:\\\/\\\/bien-etreiris.ch\\\/de\\\/produktpraesentation\\\/aromatherapie\\\/pflanzenwaesser\\\/immortellenwasser\\\/#primaryimage\"},\"thumbnailUrl\":\"https:\\\/\\\/bien-etreiris.ch\\\/wp-content\\\/uploads\\\/2021\\\/03\\\/acceuil-imortelle.jpg\",\"datePublished\":\"2021-03-22T15:37:11+00:00\",\"dateModified\":\"2021-06-15T08:07:28+00:00\",\"breadcrumb\":{\"@id\":\"https:\\\/\\\/bien-etreiris.ch\\\/de\\\/produktpraesentation\\\/aromatherapie\\\/pflanzenwaesser\\\/immortellenwasser\\\/#breadcrumb\"},\"inLanguage\":\"de\",\"potentialAction\":[{\"@type\":\"ReadAction\",\"target\":[\"https:\\\/\\\/bien-etreiris.ch\\\/de\\\/produktpraesentation\\\/aromatherapie\\\/pflanzenwaesser\\\/immortellenwasser\\\/\"]}]},{\"@type\":\"ImageObject\",\"inLanguage\":\"de\",\"@id\":\"https:\\\/\\\/bien-etreiris.ch\\\/de\\\/produktpraesentation\\\/aromatherapie\\\/pflanzenwaesser\\\/immortellenwasser\\\/#primaryimage\",\"url\":\"https:\\\/\\\/bien-etreiris.ch\\\/wp-content\\\/uploads\\\/2021\\\/03\\\/acceuil-imortelle.jpg\",\"contentUrl\":\"https:\\\/\\\/bien-etreiris.ch\\\/wp-content\\\/uploads\\\/2021\\\/03\\\/acceuil-imortelle.jpg\",\"width\":500,\"height\":333},{\"@type\":\"BreadcrumbList\",\"@id\":\"https:\\\/\\\/bien-etreiris.ch\\\/de\\\/produktpraesentation\\\/aromatherapie\\\/pflanzenwaesser\\\/immortellenwasser\\\/#breadcrumb\",\"itemListElement\":[{\"@type\":\"ListItem\",\"position\":1,\"name\":\"Home\",\"item\":\"https:\\\/\\\/bien-etreiris.ch\\\/de\\\/\"},{\"@type\":\"ListItem\",\"position\":2,\"name\":\"PRODUKTPR\u00c4SENTATION\",\"item\":\"https:\\\/\\\/bien-etreiris.ch\\\/de\\\/produktpraesentation\\\/\"},{\"@type\":\"ListItem\",\"position\":3,\"name\":\"AROMATHERAPIE\",\"item\":\"https:\\\/\\\/bien-etreiris.ch\\\/de\\\/produktpraesentation\\\/aromatherapie\\\/\"},{\"@type\":\"ListItem\",\"position\":4,\"name\":\"PFLANZENW\u00c4SSER\",\"item\":\"https:\\\/\\\/bien-etreiris.ch\\\/de\\\/produktpraesentation\\\/aromatherapie\\\/pflanzenwaesser\\\/\"},{\"@type\":\"ListItem\",\"position\":5,\"name\":\"IMMORTELLENWASSER\"}]},{\"@type\":\"WebSite\",\"@id\":\"https:\\\/\\\/bien-etreiris.ch\\\/de\\\/#website\",\"url\":\"https:\\\/\\\/bien-etreiris.ch\\\/de\\\/\",\"name\":\"Bien-\u00eatre Iris\",\"description\":\"IHRE Gesundheit ist uns wichtig\",\"potentialAction\":[{\"@type\":\"SearchAction\",\"target\":{\"@type\":\"EntryPoint\",\"urlTemplate\":\"https:\\\/\\\/bien-etreiris.ch\\\/de\\\/?s={search_term_string}\"},\"query-input\":{\"@type\":\"PropertyValueSpecification\",\"valueRequired\":true,\"valueName\":\"search_term_string\"}}],\"inLanguage\":\"de\"}]}<\/script>\n<!-- \/ Yoast SEO plugin. -->","yoast_head_json":{"title":"IMMORTELLENWASSER - WOHLBEFINDEN","robots":{"index":"index","follow":"follow","max-snippet":"max-snippet:-1","max-image-preview":"max-image-preview:large","max-video-preview":"max-video-preview:-1"},"canonical":"https:\/\/bien-etreiris.ch\/de\/produktpraesentation\/aromatherapie\/pflanzenwaesser\/immortellenwasser\/","og_locale":"de_DE","og_type":"article","og_title":"IMMORTELLENWASSER - WOHLBEFINDEN","og_description":"IMMORTELLE - le pr\u00e9cieux &nbsp; &nbsp; 100% pur - garantit la plus haute qualit\u00e9 BIO Flacon en verre avec Spray vaporisateur Contenu : 100 ml CHF 11.00 \u00e9galement disponible en remplissage de 10 ml CHF &nbsp; &nbsp; &nbsp; &nbsp; &nbsp; Helichrisum Italicum L'odeur de l'immortelle est associ\u00e9e \u00e0 un effet imm\u00e9diatement profond, apaisant et constructif. L'eau immunitaire multi-distill\u00e9e est populaire&nbsp;Weiter lesen","og_url":"https:\/\/bien-etreiris.ch\/de\/produktpraesentation\/aromatherapie\/pflanzenwaesser\/immortellenwasser\/","og_site_name":"WOHLBEFINDEN","article_publisher":"https:\/\/www.facebook.com\/bienetreiris\/","article_modified_time":"2021-06-15T08:07:28+00:00","og_image":[{"width":500,"height":333,"url":"https:\/\/bien-etreiris.ch\/wp-content\/uploads\/2021\/03\/acceuil-imortelle.jpg","type":"image\/jpeg"}],"twitter_misc":{"Gesch\u00e4tzte Lesezeit":"1\u00a0Minute"},"schema":{"@context":"https:\/\/schema.org","@graph":[{"@type":"WebPage","@id":"https:\/\/bien-etreiris.ch\/de\/produktpraesentation\/aromatherapie\/pflanzenwaesser\/immortellenwasser\/","url":"https:\/\/bien-etreiris.ch\/de\/produktpraesentation\/aromatherapie\/pflanzenwaesser\/immortellenwasser\/","name":"IMMORTELLENWASSER - WOHLBEFINDEN","isPartOf":{"@id":"https:\/\/bien-etreiris.ch\/de\/#website"},"primaryImageOfPage":{"@id":"https:\/\/bien-etreiris.ch\/de\/produktpraesentation\/aromatherapie\/pflanzenwaesser\/immortellenwasser\/#primaryimage"},"image":{"@id":"https:\/\/bien-etreiris.ch\/de\/produktpraesentation\/aromatherapie\/pflanzenwaesser\/immortellenwasser\/#primaryimage"},"thumbnailUrl":"https:\/\/bien-etreiris.ch\/wp-content\/uploads\/2021\/03\/acceuil-imortelle.jpg","datePublished":"2021-03-22T15:37:11+00:00","dateModified":"2021-06-15T08:07:28+00:00","breadcrumb":{"@id":"https:\/\/bien-etreiris.ch\/de\/produktpraesentation\/aromatherapie\/pflanzenwaesser\/immortellenwasser\/#breadcrumb"},"inLanguage":"de","potentialAction":[{"@type":"ReadAction","target":["https:\/\/bien-etreiris.ch\/de\/produktpraesentation\/aromatherapie\/pflanzenwaesser\/immortellenwasser\/"]}]},{"@type":"ImageObject","inLanguage":"de","@id":"https:\/\/bien-etreiris.ch\/de\/produktpraesentation\/aromatherapie\/pflanzenwaesser\/immortellenwasser\/#primaryimage","url":"https:\/\/bien-etreiris.ch\/wp-content\/uploads\/2021\/03\/acceuil-imortelle.jpg","contentUrl":"https:\/\/bien-etreiris.ch\/wp-content\/uploads\/2021\/03\/acceuil-imortelle.jpg","width":500,"height":333},{"@type":"BreadcrumbList","@id":"https:\/\/bien-etreiris.ch\/de\/produktpraesentation\/aromatherapie\/pflanzenwaesser\/immortellenwasser\/#breadcrumb","itemListElement":[{"@type":"ListItem","position":1,"name":"Home","item":"https:\/\/bien-etreiris.ch\/de\/"},{"@type":"ListItem","position":2,"name":"PRODUKTPR\u00c4SENTATION","item":"https:\/\/bien-etreiris.ch\/de\/produktpraesentation\/"},{"@type":"ListItem","position":3,"name":"AROMATHERAPIE","item":"https:\/\/bien-etreiris.ch\/de\/produktpraesentation\/aromatherapie\/"},{"@type":"ListItem","position":4,"name":"PFLANZENW\u00c4SSER","item":"https:\/\/bien-etreiris.ch\/de\/produktpraesentation\/aromatherapie\/pflanzenwaesser\/"},{"@type":"ListItem","position":5,"name":"IMMORTELLENWASSER"}]},{"@type":"WebSite","@id":"https:\/\/bien-etreiris.ch\/de\/#website","url":"https:\/\/bien-etreiris.ch\/de\/","name":"Bien-\u00eatre Iris","description":"IHRE Gesundheit ist uns wichtig","potentialAction":[{"@type":"SearchAction","target":{"@type":"EntryPoint","urlTemplate":"https:\/\/bien-etreiris.ch\/de\/?s={search_term_string}"},"query-input":{"@type":"PropertyValueSpecification","valueRequired":true,"valueName":"search_term_string"}}],"inLanguage":"de"}]}},"_links":{"self":[{"href":"https:\/\/bien-etreiris.ch\/de\/wp-json\/wp\/v2\/pages\/40858","targetHints":{"allow":["GET"]}}],"collection":[{"href":"https:\/\/bien-etreiris.ch\/de\/wp-json\/wp\/v2\/pages"}],"about":[{"href":"https:\/\/bien-etreiris.ch\/de\/wp-json\/wp\/v2\/types\/page"}],"author":[{"embeddable":true,"href":"https:\/\/bien-etreiris.ch\/de\/wp-json\/wp\/v2\/users\/1"}],"replies":[{"embeddable":true,"href":"https:\/\/bien-etreiris.ch\/de\/wp-json\/wp\/v2\/comments?post=40858"}],"version-history":[{"count":3,"href":"https:\/\/bien-etreiris.ch\/de\/wp-json\/wp\/v2\/pages\/40858\/revisions"}],"predecessor-version":[{"id":50221,"href":"https:\/\/bien-etreiris.ch\/de\/wp-json\/wp\/v2\/pages\/40858\/revisions\/50221"}],"up":[{"embeddable":true,"href":"https:\/\/bien-etreiris.ch\/de\/wp-json\/wp\/v2\/pages\/40767"}],"wp:featuredmedia":[{"embeddable":true,"href":"https:\/\/bien-etreiris.ch\/de\/wp-json\/wp\/v2\/media\/40856"}],"wp:attachment":[{"href":"https:\/\/bien-etreiris.ch\/de\/wp-json\/wp\/v2\/media?parent=40858"}],"curies":[{"name":"wp","href":"https:\/\/api.w.org\/{rel}","templated":true}]}}