{"id":40843,"date":"2021-03-22T15:22:27","date_gmt":"2021-03-22T15:22:27","guid":{"rendered":"https:\/\/bien-etreiris.ch\/?page_id=40843"},"modified":"2021-06-15T10:20:53","modified_gmt":"2021-06-15T08:20:53","slug":"hamameliswasser","status":"publish","type":"page","link":"https:\/\/bien-etreiris.ch\/de\/produktpraesentation\/aromatherapie\/pflanzenwaesser\/hamameliswasser\/","title":{"rendered":"HAMAMELISWASSER"},"content":{"rendered":"<h2><strong> HAMAMELIS - Zaubernuss&nbsp;<\/strong><\/h2>\n<p><a href=\"https:\/\/decoiris.ch\/wp-content\/uploads\/2019\/04\/Hamam\u00e9lis.png\"><img loading=\"lazy\" decoding=\"async\" class=\"size-medium wp-image-15460 alignleft\" src=\"https:\/\/decoiris.ch\/wp-content\/uploads\/2019\/04\/Hamam\u00e9lis-300x300.png\" sizes=\"auto, (max-width: 300px) 100vw, 300px\" srcset=\"https:\/\/decoiris.ch\/wp-content\/uploads\/2019\/04\/Hamam\u00e9lis-300x300.png 300w, https:\/\/decoiris.ch\/wp-content\/uploads\/2019\/04\/Hamam\u00e9lis-150x150.png 150w, https:\/\/decoiris.ch\/wp-content\/uploads\/2019\/04\/Hamam\u00e9lis-768x768.png 768w, https:\/\/decoiris.ch\/wp-content\/uploads\/2019\/04\/Hamam\u00e9lis.png 800w\" alt=\"\" width=\"300\" height=\"300\"><\/a><\/p>\n<p>&nbsp;<\/p>\n<p>&nbsp;<\/p>\n<p>&nbsp;<\/p>\n<p>&nbsp;<\/p>\n<p>100% pur - garantit la plus haute qualit\u00e9 <strong> BIO<\/strong><\/p>\n<p>Flacon en verre avec Spray vaporisateur<\/p>\n<p><strong>Contenu : 100 ml CHF 12.00<br \/>\n<\/strong><\/p>\n<p>\u00e9galement disponible en remplissage de 10 ml <strong>CHF<\/strong><\/p>\n<p>&nbsp;<\/p>\n<p>&nbsp;<\/p>\n<p>&nbsp;<\/p>\n<p>Les Am\u00e9rindiens se servaient d\u00e9j\u00e0 de l\u2019hamam\u00e9lis pour traiter les inflammations et les h\u00e9morragies. Aujourd\u2019hui encore, l\u2019eau florale d\u2019hamam\u00e9lis fait partie int\u00e9grante de la pharmacop\u00e9e en Am\u00e9rique du Nord. On vous en dit plus sur cette plante miracle, qui gagne \u00e0 \u00eatre connue.<\/p>\n<p>&nbsp;<\/p>\n<p><a href=\"https:\/\/decoiris.ch\/wp-content\/uploads\/2019\/07\/hamalis-seitentitel-1.jpg\"><img loading=\"lazy\" decoding=\"async\" class=\"wp-image-22248 size-full alignleft\" src=\"https:\/\/decoiris.ch\/wp-content\/uploads\/2019\/07\/hamalis-seitentitel-1.jpg\" sizes=\"auto, (max-width: 450px) 100vw, 450px\" srcset=\"https:\/\/decoiris.ch\/wp-content\/uploads\/2019\/07\/hamalis-seitentitel-1.jpg 450w, https:\/\/decoiris.ch\/wp-content\/uploads\/2019\/07\/hamalis-seitentitel-1-142x300.jpg 142w\" alt=\"\" width=\"450\" height=\"950\"><\/a>Riche en flavono\u00efdes, l\u2019<strong>eau florale d\u2019hamam\u00e9lis<\/strong> reste l\u2019alli\u00e9 id\u00e9al pour att\u00e9nuer les rougeurs du visage, calmer les inflammations cutan\u00e9es, et soigner plusieurs maladies telles les varices et les entorses. Issue de la distillation par la vapeur d\u2019eau, cette eau reste pure et douce.<\/p>\n<p><b>Les vertus de l\u2019hydrolat :<br \/>\n<\/b><\/p>\n<p>100 % naturelle, l\u2019eau florale d\u2019hamam\u00e9lis est majoritairement th\u00e9rapeutique. Elle dispose de plusieurs pouvoirs&nbsp;: antioxydant, antiseptique, astringente. Ainsi, il est facile de d\u00e9sinfecter les peaux grasses et sensibles par des simples applications. Cet hydrolat apaise les inflammations cutan\u00e9es, il participe \u00e9galement \u00e0 l\u2019acc\u00e9l\u00e9ration de la cicatrisation des l\u00e9sions. Son pouvoir de faire dispara\u00eetre la sensation de lourdeur au niveau des jambes li\u00e9es \u00e0 une insuffisance veineuse n\u2019est pas non plus \u00e0 oublier. Avec l\u2019hamam\u00e9lis se soignent \u00e9galement les h\u00e9morro\u00efdes, les entorses, les muqueuses, voire les varices.<\/p>\n<p><b>Utilisation de l\u2019eau florale d\u2019hamam\u00e9lis :<br \/>\n<\/b><\/p>\n<p>L\u2019eau d\u2019hamam\u00e9lis peut servir \u00e0 l\u2019\u00e9tat pur ou dilu\u00e9. Pour la peau et le visage, elle peut faire l\u2019objet d\u2019une lotion d\u00e9maquillante. Un usage r\u00e9gulier rendra votre teint unifi\u00e9 et votre peau encore plus saine. Pour faire face aux pellicules, le rin\u00e7age des cheveux avec un tel produit est conseill\u00e9. L\u2019hydrolat issu de l\u2019hamam\u00e9lis stimule \u00e9galement la circulation sanguine et accompagne les rasages des hommes \u00e0 peau sensible. Nul doute que l\u2019eau florale d\u2019hamam\u00e9lis s\u2019accorde avec une bonne partie de la gastronomie&nbsp;: recettes de cuisine et de boissons.<\/p>\n<p>flavono\u00efdes, l\u2019<strong>eau florale d\u2019hamam\u00e9lis<\/strong> reste l\u2019alli\u00e9 id\u00e9al pour att\u00e9nuer les rougeurs du visage, calmer les inflammations cutan\u00e9es, et soigner plusieurs maladies telles les varices et les entorses. Issue de la distillation par la vapeur d\u2019eau, cette eau reste pure et douce.<\/p>\n<p><b>Les vertus de l\u2019hydrolat :<br \/>\n<\/b><\/p>\n<p>100 % naturelle, l\u2019eau florale d\u2019hamam\u00e9lis est majoritairement th\u00e9rapeutique. Elle dispose de plusieurs pouvoirs&nbsp;: antioxydant, antiseptique, astringente. Ainsi, il est facile de d\u00e9sinfecter les peaux grasses et sensibles par des simples applications. Cet hydrolat apaise les inflammations cutan\u00e9es, il participe \u00e9galement \u00e0 l\u2019acc\u00e9l\u00e9ration de la cicatrisation des l\u00e9sions. Son pouvoir de faire dispara\u00eetre la sensation de lourdeur au niveau des jambes li\u00e9es \u00e0 une insuffisance veineuse n\u2019est pas non plus \u00e0 oublier. Avec l\u2019hamam\u00e9lis se soignent \u00e9galement les h\u00e9morro\u00efdes, les entorses, les muqueuses, voire les varices.<\/p>\n<p><b>Utilisation de l\u2019eau florale d\u2019hamam\u00e9lis :<br \/>\n<\/b><\/p>\n<p>L\u2019eau d\u2019hamam\u00e9lis peut servir \u00e0 l\u2019\u00e9tat pur ou dilu\u00e9. Pour la peau et le visage, elle peut faire l\u2019objet d\u2019une lotion d\u00e9maquillante. Un usage r\u00e9gulier rendra votre teint unifi\u00e9 et votre peau encore plus saine. Pour faire face aux pellicules, le rin\u00e7age des cheveux avec un tel produit est conseill\u00e9. L\u2019hydrolat issu de l\u2019hamam\u00e9lis stimule \u00e9galement la circulation sanguine et accompagne les rasages des hommes \u00e0 peau sensible. Nul doute que l\u2019eau florale d\u2019hamam\u00e9lis s\u2019accorde avec une bonne partie de la gastronomie&nbsp;: recettes de cuisine et de boissons.<\/p>\n","protected":false},"excerpt":{"rendered":"<p>HAMAMELIS - Zaubernuss&nbsp; &nbsp; &nbsp; &nbsp; &nbsp; 100% pur - garantit la plus haute qualit\u00e9 BIO Flacon en verre avec Spray vaporisateur Contenu : 100 ml CHF 12.00 \u00e9galement disponible en remplissage de 10 ml CHF &nbsp; &nbsp; &nbsp; Les Am\u00e9rindiens se servaient d\u00e9j\u00e0 de l\u2019hamam\u00e9lis pour traiter les inflammations et les h\u00e9morragies. Aujourd\u2019hui encore, l\u2019eau florale d\u2019hamam\u00e9lis fait partie&nbsp;<a href=\"https:\/\/bien-etreiris.ch\/de\/produktpraesentation\/aromatherapie\/pflanzenwaesser\/hamameliswasser\/\" class=\"read-more\">Weiter lesen<\/a><\/p>\n","protected":false},"author":1,"featured_media":41022,"parent":40767,"menu_order":6117,"comment_status":"closed","ping_status":"closed","template":"page-with-child.php","meta":{"_acf_changed":false,"ngg_post_thumbnail":0,"footnotes":""},"class_list":["post-40843","page","type-page","status-publish","has-post-thumbnail","hentry"],"acf":[],"yoast_head":"<!-- This site is optimized with the Yoast SEO plugin v27.4 - https:\/\/yoast.com\/product\/yoast-seo-wordpress\/ -->\n<title>HAMAMELISWASSER - WOHLBEFINDEN<\/title>\n<meta name=\"robots\" content=\"index, follow, max-snippet:-1, max-image-preview:large, max-video-preview:-1\" \/>\n<link rel=\"canonical\" href=\"https:\/\/bien-etreiris.ch\/de\/produktpraesentation\/aromatherapie\/pflanzenwaesser\/hamameliswasser\/\" \/>\n<meta property=\"og:locale\" content=\"de_DE\" \/>\n<meta property=\"og:type\" content=\"article\" \/>\n<meta property=\"og:title\" content=\"HAMAMELISWASSER - WOHLBEFINDEN\" \/>\n<meta property=\"og:description\" content=\"HAMAMELIS - Zaubernuss&nbsp; &nbsp; &nbsp; &nbsp; &nbsp; 100% pur - garantit la plus haute qualit\u00e9 BIO Flacon en verre avec Spray vaporisateur Contenu : 100 ml CHF 12.00 \u00e9galement disponible en remplissage de 10 ml CHF &nbsp; &nbsp; &nbsp; Les Am\u00e9rindiens se servaient d\u00e9j\u00e0 de l\u2019hamam\u00e9lis pour traiter les inflammations et les h\u00e9morragies. Aujourd\u2019hui encore, l\u2019eau florale d\u2019hamam\u00e9lis fait partie&nbsp;Weiter lesen\" \/>\n<meta property=\"og:url\" content=\"https:\/\/bien-etreiris.ch\/de\/produktpraesentation\/aromatherapie\/pflanzenwaesser\/hamameliswasser\/\" \/>\n<meta property=\"og:site_name\" content=\"WOHLBEFINDEN\" \/>\n<meta property=\"article:publisher\" content=\"https:\/\/www.facebook.com\/bienetreiris\/\" \/>\n<meta property=\"article:modified_time\" content=\"2021-06-15T08:20:53+00:00\" \/>\n<meta property=\"og:image\" content=\"https:\/\/bien-etreiris.ch\/wp-content\/uploads\/2021\/03\/acceuil-Hamamelis.jpg\" \/>\n\t<meta property=\"og:image:width\" content=\"500\" \/>\n\t<meta property=\"og:image:height\" content=\"333\" \/>\n\t<meta property=\"og:image:type\" content=\"image\/jpeg\" \/>\n<meta name=\"twitter:label1\" content=\"Gesch\u00e4tzte Lesezeit\" \/>\n\t<meta name=\"twitter:data1\" content=\"3\u00a0Minuten\" \/>\n<script type=\"application\/ld+json\" class=\"yoast-schema-graph\">{\"@context\":\"https:\\\/\\\/schema.org\",\"@graph\":[{\"@type\":\"WebPage\",\"@id\":\"https:\\\/\\\/bien-etreiris.ch\\\/de\\\/produktpraesentation\\\/aromatherapie\\\/pflanzenwaesser\\\/hamameliswasser\\\/\",\"url\":\"https:\\\/\\\/bien-etreiris.ch\\\/de\\\/produktpraesentation\\\/aromatherapie\\\/pflanzenwaesser\\\/hamameliswasser\\\/\",\"name\":\"HAMAMELISWASSER - WOHLBEFINDEN\",\"isPartOf\":{\"@id\":\"https:\\\/\\\/bien-etreiris.ch\\\/de\\\/#website\"},\"primaryImageOfPage\":{\"@id\":\"https:\\\/\\\/bien-etreiris.ch\\\/de\\\/produktpraesentation\\\/aromatherapie\\\/pflanzenwaesser\\\/hamameliswasser\\\/#primaryimage\"},\"image\":{\"@id\":\"https:\\\/\\\/bien-etreiris.ch\\\/de\\\/produktpraesentation\\\/aromatherapie\\\/pflanzenwaesser\\\/hamameliswasser\\\/#primaryimage\"},\"thumbnailUrl\":\"https:\\\/\\\/bien-etreiris.ch\\\/wp-content\\\/uploads\\\/2021\\\/03\\\/acceuil-Hamamelis.jpg\",\"datePublished\":\"2021-03-22T15:22:27+00:00\",\"dateModified\":\"2021-06-15T08:20:53+00:00\",\"breadcrumb\":{\"@id\":\"https:\\\/\\\/bien-etreiris.ch\\\/de\\\/produktpraesentation\\\/aromatherapie\\\/pflanzenwaesser\\\/hamameliswasser\\\/#breadcrumb\"},\"inLanguage\":\"de\",\"potentialAction\":[{\"@type\":\"ReadAction\",\"target\":[\"https:\\\/\\\/bien-etreiris.ch\\\/de\\\/produktpraesentation\\\/aromatherapie\\\/pflanzenwaesser\\\/hamameliswasser\\\/\"]}]},{\"@type\":\"ImageObject\",\"inLanguage\":\"de\",\"@id\":\"https:\\\/\\\/bien-etreiris.ch\\\/de\\\/produktpraesentation\\\/aromatherapie\\\/pflanzenwaesser\\\/hamameliswasser\\\/#primaryimage\",\"url\":\"https:\\\/\\\/bien-etreiris.ch\\\/wp-content\\\/uploads\\\/2021\\\/03\\\/acceuil-Hamamelis.jpg\",\"contentUrl\":\"https:\\\/\\\/bien-etreiris.ch\\\/wp-content\\\/uploads\\\/2021\\\/03\\\/acceuil-Hamamelis.jpg\",\"width\":500,\"height\":333},{\"@type\":\"BreadcrumbList\",\"@id\":\"https:\\\/\\\/bien-etreiris.ch\\\/de\\\/produktpraesentation\\\/aromatherapie\\\/pflanzenwaesser\\\/hamameliswasser\\\/#breadcrumb\",\"itemListElement\":[{\"@type\":\"ListItem\",\"position\":1,\"name\":\"Home\",\"item\":\"https:\\\/\\\/bien-etreiris.ch\\\/de\\\/\"},{\"@type\":\"ListItem\",\"position\":2,\"name\":\"PRODUKTPR\u00c4SENTATION\",\"item\":\"https:\\\/\\\/bien-etreiris.ch\\\/de\\\/produktpraesentation\\\/\"},{\"@type\":\"ListItem\",\"position\":3,\"name\":\"AROMATHERAPIE\",\"item\":\"https:\\\/\\\/bien-etreiris.ch\\\/de\\\/produktpraesentation\\\/aromatherapie\\\/\"},{\"@type\":\"ListItem\",\"position\":4,\"name\":\"PFLANZENW\u00c4SSER\",\"item\":\"https:\\\/\\\/bien-etreiris.ch\\\/de\\\/produktpraesentation\\\/aromatherapie\\\/pflanzenwaesser\\\/\"},{\"@type\":\"ListItem\",\"position\":5,\"name\":\"HAMAMELISWASSER\"}]},{\"@type\":\"WebSite\",\"@id\":\"https:\\\/\\\/bien-etreiris.ch\\\/de\\\/#website\",\"url\":\"https:\\\/\\\/bien-etreiris.ch\\\/de\\\/\",\"name\":\"Bien-\u00eatre Iris\",\"description\":\"IHRE Gesundheit ist uns wichtig\",\"potentialAction\":[{\"@type\":\"SearchAction\",\"target\":{\"@type\":\"EntryPoint\",\"urlTemplate\":\"https:\\\/\\\/bien-etreiris.ch\\\/de\\\/?s={search_term_string}\"},\"query-input\":{\"@type\":\"PropertyValueSpecification\",\"valueRequired\":true,\"valueName\":\"search_term_string\"}}],\"inLanguage\":\"de\"}]}<\/script>\n<!-- \/ Yoast SEO plugin. -->","yoast_head_json":{"title":"HAMAMELISWASSER - WOHLBEFINDEN","robots":{"index":"index","follow":"follow","max-snippet":"max-snippet:-1","max-image-preview":"max-image-preview:large","max-video-preview":"max-video-preview:-1"},"canonical":"https:\/\/bien-etreiris.ch\/de\/produktpraesentation\/aromatherapie\/pflanzenwaesser\/hamameliswasser\/","og_locale":"de_DE","og_type":"article","og_title":"HAMAMELISWASSER - WOHLBEFINDEN","og_description":"HAMAMELIS - Zaubernuss&nbsp; &nbsp; &nbsp; &nbsp; &nbsp; 100% pur - garantit la plus haute qualit\u00e9 BIO Flacon en verre avec Spray vaporisateur Contenu : 100 ml CHF 12.00 \u00e9galement disponible en remplissage de 10 ml CHF &nbsp; &nbsp; &nbsp; Les Am\u00e9rindiens se servaient d\u00e9j\u00e0 de l\u2019hamam\u00e9lis pour traiter les inflammations et les h\u00e9morragies. Aujourd\u2019hui encore, l\u2019eau florale d\u2019hamam\u00e9lis fait partie&nbsp;Weiter lesen","og_url":"https:\/\/bien-etreiris.ch\/de\/produktpraesentation\/aromatherapie\/pflanzenwaesser\/hamameliswasser\/","og_site_name":"WOHLBEFINDEN","article_publisher":"https:\/\/www.facebook.com\/bienetreiris\/","article_modified_time":"2021-06-15T08:20:53+00:00","og_image":[{"width":500,"height":333,"url":"https:\/\/bien-etreiris.ch\/wp-content\/uploads\/2021\/03\/acceuil-Hamamelis.jpg","type":"image\/jpeg"}],"twitter_misc":{"Gesch\u00e4tzte Lesezeit":"3\u00a0Minuten"},"schema":{"@context":"https:\/\/schema.org","@graph":[{"@type":"WebPage","@id":"https:\/\/bien-etreiris.ch\/de\/produktpraesentation\/aromatherapie\/pflanzenwaesser\/hamameliswasser\/","url":"https:\/\/bien-etreiris.ch\/de\/produktpraesentation\/aromatherapie\/pflanzenwaesser\/hamameliswasser\/","name":"HAMAMELISWASSER - WOHLBEFINDEN","isPartOf":{"@id":"https:\/\/bien-etreiris.ch\/de\/#website"},"primaryImageOfPage":{"@id":"https:\/\/bien-etreiris.ch\/de\/produktpraesentation\/aromatherapie\/pflanzenwaesser\/hamameliswasser\/#primaryimage"},"image":{"@id":"https:\/\/bien-etreiris.ch\/de\/produktpraesentation\/aromatherapie\/pflanzenwaesser\/hamameliswasser\/#primaryimage"},"thumbnailUrl":"https:\/\/bien-etreiris.ch\/wp-content\/uploads\/2021\/03\/acceuil-Hamamelis.jpg","datePublished":"2021-03-22T15:22:27+00:00","dateModified":"2021-06-15T08:20:53+00:00","breadcrumb":{"@id":"https:\/\/bien-etreiris.ch\/de\/produktpraesentation\/aromatherapie\/pflanzenwaesser\/hamameliswasser\/#breadcrumb"},"inLanguage":"de","potentialAction":[{"@type":"ReadAction","target":["https:\/\/bien-etreiris.ch\/de\/produktpraesentation\/aromatherapie\/pflanzenwaesser\/hamameliswasser\/"]}]},{"@type":"ImageObject","inLanguage":"de","@id":"https:\/\/bien-etreiris.ch\/de\/produktpraesentation\/aromatherapie\/pflanzenwaesser\/hamameliswasser\/#primaryimage","url":"https:\/\/bien-etreiris.ch\/wp-content\/uploads\/2021\/03\/acceuil-Hamamelis.jpg","contentUrl":"https:\/\/bien-etreiris.ch\/wp-content\/uploads\/2021\/03\/acceuil-Hamamelis.jpg","width":500,"height":333},{"@type":"BreadcrumbList","@id":"https:\/\/bien-etreiris.ch\/de\/produktpraesentation\/aromatherapie\/pflanzenwaesser\/hamameliswasser\/#breadcrumb","itemListElement":[{"@type":"ListItem","position":1,"name":"Home","item":"https:\/\/bien-etreiris.ch\/de\/"},{"@type":"ListItem","position":2,"name":"PRODUKTPR\u00c4SENTATION","item":"https:\/\/bien-etreiris.ch\/de\/produktpraesentation\/"},{"@type":"ListItem","position":3,"name":"AROMATHERAPIE","item":"https:\/\/bien-etreiris.ch\/de\/produktpraesentation\/aromatherapie\/"},{"@type":"ListItem","position":4,"name":"PFLANZENW\u00c4SSER","item":"https:\/\/bien-etreiris.ch\/de\/produktpraesentation\/aromatherapie\/pflanzenwaesser\/"},{"@type":"ListItem","position":5,"name":"HAMAMELISWASSER"}]},{"@type":"WebSite","@id":"https:\/\/bien-etreiris.ch\/de\/#website","url":"https:\/\/bien-etreiris.ch\/de\/","name":"Bien-\u00eatre Iris","description":"IHRE Gesundheit ist uns wichtig","potentialAction":[{"@type":"SearchAction","target":{"@type":"EntryPoint","urlTemplate":"https:\/\/bien-etreiris.ch\/de\/?s={search_term_string}"},"query-input":{"@type":"PropertyValueSpecification","valueRequired":true,"valueName":"search_term_string"}}],"inLanguage":"de"}]}},"_links":{"self":[{"href":"https:\/\/bien-etreiris.ch\/de\/wp-json\/wp\/v2\/pages\/40843","targetHints":{"allow":["GET"]}}],"collection":[{"href":"https:\/\/bien-etreiris.ch\/de\/wp-json\/wp\/v2\/pages"}],"about":[{"href":"https:\/\/bien-etreiris.ch\/de\/wp-json\/wp\/v2\/types\/page"}],"author":[{"embeddable":true,"href":"https:\/\/bien-etreiris.ch\/de\/wp-json\/wp\/v2\/users\/1"}],"replies":[{"embeddable":true,"href":"https:\/\/bien-etreiris.ch\/de\/wp-json\/wp\/v2\/comments?post=40843"}],"version-history":[{"count":5,"href":"https:\/\/bien-etreiris.ch\/de\/wp-json\/wp\/v2\/pages\/40843\/revisions"}],"predecessor-version":[{"id":50227,"href":"https:\/\/bien-etreiris.ch\/de\/wp-json\/wp\/v2\/pages\/40843\/revisions\/50227"}],"up":[{"embeddable":true,"href":"https:\/\/bien-etreiris.ch\/de\/wp-json\/wp\/v2\/pages\/40767"}],"wp:featuredmedia":[{"embeddable":true,"href":"https:\/\/bien-etreiris.ch\/de\/wp-json\/wp\/v2\/media\/41022"}],"wp:attachment":[{"href":"https:\/\/bien-etreiris.ch\/de\/wp-json\/wp\/v2\/media?parent=40843"}],"curies":[{"name":"wp","href":"https:\/\/api.w.org\/{rel}","templated":true}]}}