{"id":40831,"date":"2021-03-22T15:14:38","date_gmt":"2021-03-22T15:14:38","guid":{"rendered":"https:\/\/bien-etreiris.ch\/?page_id=40831"},"modified":"2021-06-15T09:51:59","modified_gmt":"2021-06-15T07:51:59","slug":"rosenbluetenwasser","status":"publish","type":"page","link":"https:\/\/bien-etreiris.ch\/de\/produktpraesentation\/aromatherapie\/pflanzenwaesser\/rosenbluetenwasser\/","title":{"rendered":"ROSENBL\u00dcTENWASSER"},"content":{"rendered":"<h2><strong> Rosenbl\u00fcten - eine Frau sein<br \/>\n<\/strong><\/h2>\n<p><a href=\"https:\/\/decoiris.ch\/wp-content\/uploads\/2019\/04\/Fleurs-de-rose-damascena.png\"><img loading=\"lazy\" decoding=\"async\" class=\"size-medium wp-image-15469 alignleft\" src=\"https:\/\/decoiris.ch\/wp-content\/uploads\/2019\/04\/Fleurs-de-rose-damascena-300x300.png\" sizes=\"auto, (max-width: 300px) 100vw, 300px\" srcset=\"https:\/\/decoiris.ch\/wp-content\/uploads\/2019\/04\/Fleurs-de-rose-damascena-300x300.png 300w, https:\/\/decoiris.ch\/wp-content\/uploads\/2019\/04\/Fleurs-de-rose-damascena-150x150.png 150w, https:\/\/decoiris.ch\/wp-content\/uploads\/2019\/04\/Fleurs-de-rose-damascena-768x768.png 768w, https:\/\/decoiris.ch\/wp-content\/uploads\/2019\/04\/Fleurs-de-rose-damascena.png 800w\" alt=\"\" width=\"300\" height=\"300\"><\/a><\/p>\n<p>&nbsp;<\/p>\n<p>100% pur - garantit la plus haute qualit\u00e9 <strong>BIO <\/strong><\/p>\n<p>Flacon en verre avec Spray vaporisateur<\/p>\n<p><strong>Contenu :&nbsp; 30 ml CHF&nbsp; 8.00<br \/>\n<\/strong><\/p>\n<p>&nbsp;&nbsp;&nbsp;&nbsp;&nbsp;&nbsp;&nbsp;&nbsp;&nbsp;&nbsp;&nbsp;&nbsp;&nbsp;&nbsp;&nbsp;<strong> &nbsp; &nbsp;&nbsp; 100 ml CHF 13.00 <\/strong><\/p>\n<p><strong>&nbsp;&nbsp;&nbsp;&nbsp;&nbsp;&nbsp;&nbsp;&nbsp;&nbsp;&nbsp;&nbsp;&nbsp;&nbsp;&nbsp;&nbsp;&nbsp;&nbsp;&nbsp;&nbsp;&nbsp;<br \/>\n<\/strong><\/p>\n<p>Dans un verre bleu avec bouchon bec verseur&nbsp; <strong>100 ml&nbsp;<\/strong> <strong>CHF 9.00<\/strong><\/p>\n<p>\u00e9galement disponible en remplissage de 10 ml <strong>CHF<\/strong><\/p>\n<h2>&nbsp;<\/h2>\n<p><strong>Rosa Damascena<\/strong><\/p>\n<p><a href=\"https:\/\/decoiris.ch\/wp-content\/uploads\/2019\/07\/rose-grosses-bild-1.jpg\"><img loading=\"lazy\" decoding=\"async\" class=\"wp-image-22218 size-full alignleft\" src=\"https:\/\/decoiris.ch\/wp-content\/uploads\/2019\/07\/rose-grosses-bild-1.jpg\" sizes=\"auto, (max-width: 450px) 100vw, 450px\" srcset=\"https:\/\/decoiris.ch\/wp-content\/uploads\/2019\/07\/rose-grosses-bild-1.jpg 450w, https:\/\/decoiris.ch\/wp-content\/uploads\/2019\/07\/rose-grosses-bild-1-142x300.jpg 142w\" alt=\"\" width=\"450\" height=\"950\"><\/a><\/p>\n<p>La pr\u00e9cieuse eau de rose distill\u00e9e \u00e0 plusieurs reprises contient des ingr\u00e9dients pr\u00e9cieux pour les nobles soins du visage (soins et nettoyage). Il apaise et hydrate les yeux exalt\u00e9s et des muqueuses, a un refroidissement et en d\u00e9composition sur les changements de la peau irrit\u00e9e. L'eau de rose est souvent appr\u00e9ci\u00e9e par la femme comme compagnon pendant la m\u00e9nopause, il a un effet \u00e9quilibrant sur le corps et le psychisme.<\/p>\n<p><strong>Application&nbsp;:<\/strong><br \/>\nPour les soins du visage et du corps, vaporisez l\u2019eau de rose non-dilu\u00e9e sur la peau.<\/p>\n<p>Pour les soins des yeux : vaporisez g\u00e9n\u00e9reusement de l'eau de rose sur les tampons de coton et applique.<\/p>\n<p>\u00c9galement recommand\u00e9e comme un doux soin v\u00e9t\u00e9rinaire.<\/p>\n<p>Si l\u2019eau de rose lib\u00e8re le parfum de seuil (naissance ou mort) utilis\u00e9e comme vaporisateur d\u2019ambiance de l'environnement de pulv\u00e9risation du corps.<\/p>\n<p><strong>Le saviez-vous ?<\/strong><br \/>\nDans la fine cuisine aromatique, l\u2019eau de rose est utilis\u00e9e pour aromatiser les desserts, les boissons et les aliments.<\/p>\n<p><strong>Inspiration&nbsp;:<\/strong><br \/>\nCh\u00e8res femmes pulv\u00e9risez l'eau de rose sur votre visage et sur votre d\u00e9collet\u00e9, offrez-vous du parfum de l\u2019eau de rose et profiter de la salutation de la rose, la reine de beaut\u00e9. L'eau de rose avec son fin parfum de fleur donne au parfum naturel une base magnifique.<\/p>\n<p>&nbsp;<\/p>\n<p>&nbsp;<\/p>\n<p>&nbsp;<\/p>\n<p>&nbsp;<\/p>\n<p>&nbsp;<\/p>\n<p><a href=\"https:\/\/decoiris.ch\/wp-content\/uploads\/2019\/07\/recette-2.png\"><img loading=\"lazy\" decoding=\"async\" class=\"wp-image-21896 alignleft\" src=\"https:\/\/decoiris.ch\/wp-content\/uploads\/2019\/07\/recette-2-246x300.png\" sizes=\"auto, (max-width: 314px) 100vw, 314px\" srcset=\"https:\/\/decoiris.ch\/wp-content\/uploads\/2019\/07\/recette-2-246x300.png 246w, https:\/\/decoiris.ch\/wp-content\/uploads\/2019\/07\/recette-2.png 378w\" alt=\"\" width=\"314\" height=\"383\"><\/a><\/p>\n<p>&nbsp;&nbsp; &nbsp; &nbsp; &nbsp; &nbsp; &nbsp; &nbsp; &nbsp; &nbsp; &nbsp; &nbsp;<\/p>\n<p><strong>&nbsp;<\/strong><\/p>\n","protected":false},"excerpt":{"rendered":"<p>Rosenbl\u00fcten - eine Frau sein &nbsp; 100% pur - garantit la plus haute qualit\u00e9 BIO Flacon en verre avec Spray vaporisateur Contenu :&nbsp; 30 ml CHF&nbsp; 8.00 &nbsp;&nbsp;&nbsp;&nbsp;&nbsp;&nbsp;&nbsp;&nbsp;&nbsp;&nbsp;&nbsp;&nbsp;&nbsp;&nbsp;&nbsp; &nbsp; &nbsp;&nbsp; 100 ml CHF 13.00 &nbsp;&nbsp;&nbsp;&nbsp;&nbsp;&nbsp;&nbsp;&nbsp;&nbsp;&nbsp;&nbsp;&nbsp;&nbsp;&nbsp;&nbsp;&nbsp;&nbsp;&nbsp;&nbsp;&nbsp; Dans un verre bleu avec bouchon bec verseur&nbsp; 100 ml&nbsp; CHF 9.00 \u00e9galement disponible en remplissage de 10 ml CHF &nbsp; Rosa Damascena La pr\u00e9cieuse&nbsp;<a href=\"https:\/\/bien-etreiris.ch\/de\/produktpraesentation\/aromatherapie\/pflanzenwaesser\/rosenbluetenwasser\/\" class=\"read-more\">Weiter lesen<\/a><\/p>\n","protected":false},"author":1,"featured_media":76358,"parent":40767,"menu_order":6120,"comment_status":"closed","ping_status":"closed","template":"page-with-child.php","meta":{"_acf_changed":false,"ngg_post_thumbnail":0,"footnotes":""},"class_list":["post-40831","page","type-page","status-publish","has-post-thumbnail","hentry"],"acf":[],"yoast_head":"<!-- This site is optimized with the Yoast SEO plugin v27.4 - https:\/\/yoast.com\/product\/yoast-seo-wordpress\/ -->\n<title>ROSENBL\u00dcTENWASSER - WOHLBEFINDEN<\/title>\n<meta name=\"robots\" content=\"index, follow, max-snippet:-1, max-image-preview:large, max-video-preview:-1\" \/>\n<link rel=\"canonical\" href=\"https:\/\/bien-etreiris.ch\/de\/produktpraesentation\/aromatherapie\/pflanzenwaesser\/rosenbluetenwasser\/\" \/>\n<meta property=\"og:locale\" content=\"de_DE\" \/>\n<meta property=\"og:type\" content=\"article\" \/>\n<meta property=\"og:title\" content=\"ROSENBL\u00dcTENWASSER - WOHLBEFINDEN\" \/>\n<meta property=\"og:description\" content=\"Rosenbl\u00fcten - eine Frau sein &nbsp; 100% pur - garantit la plus haute qualit\u00e9 BIO Flacon en verre avec Spray vaporisateur Contenu :&nbsp; 30 ml CHF&nbsp; 8.00 &nbsp;&nbsp;&nbsp;&nbsp;&nbsp;&nbsp;&nbsp;&nbsp;&nbsp;&nbsp;&nbsp;&nbsp;&nbsp;&nbsp;&nbsp; &nbsp; &nbsp;&nbsp; 100 ml CHF 13.00 &nbsp;&nbsp;&nbsp;&nbsp;&nbsp;&nbsp;&nbsp;&nbsp;&nbsp;&nbsp;&nbsp;&nbsp;&nbsp;&nbsp;&nbsp;&nbsp;&nbsp;&nbsp;&nbsp;&nbsp; Dans un verre bleu avec bouchon bec verseur&nbsp; 100 ml&nbsp; CHF 9.00 \u00e9galement disponible en remplissage de 10 ml CHF &nbsp; Rosa Damascena La pr\u00e9cieuse&nbsp;Weiter lesen\" \/>\n<meta property=\"og:url\" content=\"https:\/\/bien-etreiris.ch\/de\/produktpraesentation\/aromatherapie\/pflanzenwaesser\/rosenbluetenwasser\/\" \/>\n<meta property=\"og:site_name\" content=\"WOHLBEFINDEN\" \/>\n<meta property=\"article:publisher\" content=\"https:\/\/www.facebook.com\/bienetreiris\/\" \/>\n<meta property=\"article:modified_time\" content=\"2021-06-15T07:51:59+00:00\" \/>\n<meta property=\"og:image\" content=\"https:\/\/bien-etreiris.ch\/wp-content\/uploads\/2021\/03\/acceuil-rose.jpg\" \/>\n\t<meta property=\"og:image:width\" content=\"500\" \/>\n\t<meta property=\"og:image:height\" content=\"333\" \/>\n\t<meta property=\"og:image:type\" content=\"image\/jpeg\" \/>\n<meta name=\"twitter:label1\" content=\"Gesch\u00e4tzte Lesezeit\" \/>\n\t<meta name=\"twitter:data1\" content=\"2\u00a0Minuten\" \/>\n<script type=\"application\/ld+json\" class=\"yoast-schema-graph\">{\"@context\":\"https:\\\/\\\/schema.org\",\"@graph\":[{\"@type\":\"WebPage\",\"@id\":\"https:\\\/\\\/bien-etreiris.ch\\\/de\\\/produktpraesentation\\\/aromatherapie\\\/pflanzenwaesser\\\/rosenbluetenwasser\\\/\",\"url\":\"https:\\\/\\\/bien-etreiris.ch\\\/de\\\/produktpraesentation\\\/aromatherapie\\\/pflanzenwaesser\\\/rosenbluetenwasser\\\/\",\"name\":\"ROSENBL\u00dcTENWASSER - WOHLBEFINDEN\",\"isPartOf\":{\"@id\":\"https:\\\/\\\/bien-etreiris.ch\\\/de\\\/#website\"},\"primaryImageOfPage\":{\"@id\":\"https:\\\/\\\/bien-etreiris.ch\\\/de\\\/produktpraesentation\\\/aromatherapie\\\/pflanzenwaesser\\\/rosenbluetenwasser\\\/#primaryimage\"},\"image\":{\"@id\":\"https:\\\/\\\/bien-etreiris.ch\\\/de\\\/produktpraesentation\\\/aromatherapie\\\/pflanzenwaesser\\\/rosenbluetenwasser\\\/#primaryimage\"},\"thumbnailUrl\":\"https:\\\/\\\/bien-etreiris.ch\\\/wp-content\\\/uploads\\\/2023\\\/10\\\/rose-alba-et-damascena.jpg\",\"datePublished\":\"2021-03-22T15:14:38+00:00\",\"dateModified\":\"2021-06-15T07:51:59+00:00\",\"breadcrumb\":{\"@id\":\"https:\\\/\\\/bien-etreiris.ch\\\/de\\\/produktpraesentation\\\/aromatherapie\\\/pflanzenwaesser\\\/rosenbluetenwasser\\\/#breadcrumb\"},\"inLanguage\":\"de\",\"potentialAction\":[{\"@type\":\"ReadAction\",\"target\":[\"https:\\\/\\\/bien-etreiris.ch\\\/de\\\/produktpraesentation\\\/aromatherapie\\\/pflanzenwaesser\\\/rosenbluetenwasser\\\/\"]}]},{\"@type\":\"ImageObject\",\"inLanguage\":\"de\",\"@id\":\"https:\\\/\\\/bien-etreiris.ch\\\/de\\\/produktpraesentation\\\/aromatherapie\\\/pflanzenwaesser\\\/rosenbluetenwasser\\\/#primaryimage\",\"url\":\"https:\\\/\\\/bien-etreiris.ch\\\/wp-content\\\/uploads\\\/2023\\\/10\\\/rose-alba-et-damascena.jpg\",\"contentUrl\":\"https:\\\/\\\/bien-etreiris.ch\\\/wp-content\\\/uploads\\\/2023\\\/10\\\/rose-alba-et-damascena.jpg\",\"width\":500,\"height\":333},{\"@type\":\"BreadcrumbList\",\"@id\":\"https:\\\/\\\/bien-etreiris.ch\\\/de\\\/produktpraesentation\\\/aromatherapie\\\/pflanzenwaesser\\\/rosenbluetenwasser\\\/#breadcrumb\",\"itemListElement\":[{\"@type\":\"ListItem\",\"position\":1,\"name\":\"Home\",\"item\":\"https:\\\/\\\/bien-etreiris.ch\\\/de\\\/\"},{\"@type\":\"ListItem\",\"position\":2,\"name\":\"PRODUKTPR\u00c4SENTATION\",\"item\":\"https:\\\/\\\/bien-etreiris.ch\\\/de\\\/produktpraesentation\\\/\"},{\"@type\":\"ListItem\",\"position\":3,\"name\":\"AROMATHERAPIE\",\"item\":\"https:\\\/\\\/bien-etreiris.ch\\\/de\\\/produktpraesentation\\\/aromatherapie\\\/\"},{\"@type\":\"ListItem\",\"position\":4,\"name\":\"PFLANZENW\u00c4SSER\",\"item\":\"https:\\\/\\\/bien-etreiris.ch\\\/de\\\/produktpraesentation\\\/aromatherapie\\\/pflanzenwaesser\\\/\"},{\"@type\":\"ListItem\",\"position\":5,\"name\":\"ROSENBL\u00dcTENWASSER\"}]},{\"@type\":\"WebSite\",\"@id\":\"https:\\\/\\\/bien-etreiris.ch\\\/de\\\/#website\",\"url\":\"https:\\\/\\\/bien-etreiris.ch\\\/de\\\/\",\"name\":\"Bien-\u00eatre Iris\",\"description\":\"IHRE Gesundheit ist uns wichtig\",\"potentialAction\":[{\"@type\":\"SearchAction\",\"target\":{\"@type\":\"EntryPoint\",\"urlTemplate\":\"https:\\\/\\\/bien-etreiris.ch\\\/de\\\/?s={search_term_string}\"},\"query-input\":{\"@type\":\"PropertyValueSpecification\",\"valueRequired\":true,\"valueName\":\"search_term_string\"}}],\"inLanguage\":\"de\"}]}<\/script>\n<!-- \/ Yoast SEO plugin. -->","yoast_head_json":{"title":"ROSENBL\u00dcTENWASSER - WOHLBEFINDEN","robots":{"index":"index","follow":"follow","max-snippet":"max-snippet:-1","max-image-preview":"max-image-preview:large","max-video-preview":"max-video-preview:-1"},"canonical":"https:\/\/bien-etreiris.ch\/de\/produktpraesentation\/aromatherapie\/pflanzenwaesser\/rosenbluetenwasser\/","og_locale":"de_DE","og_type":"article","og_title":"ROSENBL\u00dcTENWASSER - WOHLBEFINDEN","og_description":"Rosenbl\u00fcten - eine Frau sein &nbsp; 100% pur - garantit la plus haute qualit\u00e9 BIO Flacon en verre avec Spray vaporisateur Contenu :&nbsp; 30 ml CHF&nbsp; 8.00 &nbsp;&nbsp;&nbsp;&nbsp;&nbsp;&nbsp;&nbsp;&nbsp;&nbsp;&nbsp;&nbsp;&nbsp;&nbsp;&nbsp;&nbsp; &nbsp; &nbsp;&nbsp; 100 ml CHF 13.00 &nbsp;&nbsp;&nbsp;&nbsp;&nbsp;&nbsp;&nbsp;&nbsp;&nbsp;&nbsp;&nbsp;&nbsp;&nbsp;&nbsp;&nbsp;&nbsp;&nbsp;&nbsp;&nbsp;&nbsp; Dans un verre bleu avec bouchon bec verseur&nbsp; 100 ml&nbsp; CHF 9.00 \u00e9galement disponible en remplissage de 10 ml CHF &nbsp; Rosa Damascena La pr\u00e9cieuse&nbsp;Weiter lesen","og_url":"https:\/\/bien-etreiris.ch\/de\/produktpraesentation\/aromatherapie\/pflanzenwaesser\/rosenbluetenwasser\/","og_site_name":"WOHLBEFINDEN","article_publisher":"https:\/\/www.facebook.com\/bienetreiris\/","article_modified_time":"2021-06-15T07:51:59+00:00","og_image":[{"width":500,"height":333,"url":"https:\/\/bien-etreiris.ch\/wp-content\/uploads\/2021\/03\/acceuil-rose.jpg","type":"image\/jpeg"}],"twitter_misc":{"Gesch\u00e4tzte Lesezeit":"2\u00a0Minuten"},"schema":{"@context":"https:\/\/schema.org","@graph":[{"@type":"WebPage","@id":"https:\/\/bien-etreiris.ch\/de\/produktpraesentation\/aromatherapie\/pflanzenwaesser\/rosenbluetenwasser\/","url":"https:\/\/bien-etreiris.ch\/de\/produktpraesentation\/aromatherapie\/pflanzenwaesser\/rosenbluetenwasser\/","name":"ROSENBL\u00dcTENWASSER - WOHLBEFINDEN","isPartOf":{"@id":"https:\/\/bien-etreiris.ch\/de\/#website"},"primaryImageOfPage":{"@id":"https:\/\/bien-etreiris.ch\/de\/produktpraesentation\/aromatherapie\/pflanzenwaesser\/rosenbluetenwasser\/#primaryimage"},"image":{"@id":"https:\/\/bien-etreiris.ch\/de\/produktpraesentation\/aromatherapie\/pflanzenwaesser\/rosenbluetenwasser\/#primaryimage"},"thumbnailUrl":"https:\/\/bien-etreiris.ch\/wp-content\/uploads\/2023\/10\/rose-alba-et-damascena.jpg","datePublished":"2021-03-22T15:14:38+00:00","dateModified":"2021-06-15T07:51:59+00:00","breadcrumb":{"@id":"https:\/\/bien-etreiris.ch\/de\/produktpraesentation\/aromatherapie\/pflanzenwaesser\/rosenbluetenwasser\/#breadcrumb"},"inLanguage":"de","potentialAction":[{"@type":"ReadAction","target":["https:\/\/bien-etreiris.ch\/de\/produktpraesentation\/aromatherapie\/pflanzenwaesser\/rosenbluetenwasser\/"]}]},{"@type":"ImageObject","inLanguage":"de","@id":"https:\/\/bien-etreiris.ch\/de\/produktpraesentation\/aromatherapie\/pflanzenwaesser\/rosenbluetenwasser\/#primaryimage","url":"https:\/\/bien-etreiris.ch\/wp-content\/uploads\/2023\/10\/rose-alba-et-damascena.jpg","contentUrl":"https:\/\/bien-etreiris.ch\/wp-content\/uploads\/2023\/10\/rose-alba-et-damascena.jpg","width":500,"height":333},{"@type":"BreadcrumbList","@id":"https:\/\/bien-etreiris.ch\/de\/produktpraesentation\/aromatherapie\/pflanzenwaesser\/rosenbluetenwasser\/#breadcrumb","itemListElement":[{"@type":"ListItem","position":1,"name":"Home","item":"https:\/\/bien-etreiris.ch\/de\/"},{"@type":"ListItem","position":2,"name":"PRODUKTPR\u00c4SENTATION","item":"https:\/\/bien-etreiris.ch\/de\/produktpraesentation\/"},{"@type":"ListItem","position":3,"name":"AROMATHERAPIE","item":"https:\/\/bien-etreiris.ch\/de\/produktpraesentation\/aromatherapie\/"},{"@type":"ListItem","position":4,"name":"PFLANZENW\u00c4SSER","item":"https:\/\/bien-etreiris.ch\/de\/produktpraesentation\/aromatherapie\/pflanzenwaesser\/"},{"@type":"ListItem","position":5,"name":"ROSENBL\u00dcTENWASSER"}]},{"@type":"WebSite","@id":"https:\/\/bien-etreiris.ch\/de\/#website","url":"https:\/\/bien-etreiris.ch\/de\/","name":"Bien-\u00eatre Iris","description":"IHRE Gesundheit ist uns wichtig","potentialAction":[{"@type":"SearchAction","target":{"@type":"EntryPoint","urlTemplate":"https:\/\/bien-etreiris.ch\/de\/?s={search_term_string}"},"query-input":{"@type":"PropertyValueSpecification","valueRequired":true,"valueName":"search_term_string"}}],"inLanguage":"de"}]}},"_links":{"self":[{"href":"https:\/\/bien-etreiris.ch\/de\/wp-json\/wp\/v2\/pages\/40831","targetHints":{"allow":["GET"]}}],"collection":[{"href":"https:\/\/bien-etreiris.ch\/de\/wp-json\/wp\/v2\/pages"}],"about":[{"href":"https:\/\/bien-etreiris.ch\/de\/wp-json\/wp\/v2\/types\/page"}],"author":[{"embeddable":true,"href":"https:\/\/bien-etreiris.ch\/de\/wp-json\/wp\/v2\/users\/1"}],"replies":[{"embeddable":true,"href":"https:\/\/bien-etreiris.ch\/de\/wp-json\/wp\/v2\/comments?post=40831"}],"version-history":[{"count":4,"href":"https:\/\/bien-etreiris.ch\/de\/wp-json\/wp\/v2\/pages\/40831\/revisions"}],"predecessor-version":[{"id":50205,"href":"https:\/\/bien-etreiris.ch\/de\/wp-json\/wp\/v2\/pages\/40831\/revisions\/50205"}],"up":[{"embeddable":true,"href":"https:\/\/bien-etreiris.ch\/de\/wp-json\/wp\/v2\/pages\/40767"}],"wp:featuredmedia":[{"embeddable":true,"href":"https:\/\/bien-etreiris.ch\/de\/wp-json\/wp\/v2\/media\/76358"}],"wp:attachment":[{"href":"https:\/\/bien-etreiris.ch\/de\/wp-json\/wp\/v2\/media?parent=40831"}],"curies":[{"name":"wp","href":"https:\/\/api.w.org\/{rel}","templated":true}]}}