{"id":40804,"date":"2021-03-22T14:14:06","date_gmt":"2021-03-22T14:14:06","guid":{"rendered":"https:\/\/bien-etreiris.ch\/?page_id=40804"},"modified":"2021-09-14T07:08:48","modified_gmt":"2021-09-14T05:08:48","slug":"zistrosenwasser","status":"publish","type":"page","link":"https:\/\/bien-etreiris.ch\/de\/produktpraesentation\/aromatherapie\/pflanzenwaesser\/zistrosenwasser\/","title":{"rendered":"ZISTROSENWASSER"},"content":{"rendered":"\n<h2 class=\"wp-block-heading\"> <br>Zistrosenwasser - <strong>Cistus Ladaniferus<\/strong><br>Der Seelenzerst\u00f6rer<\/h2>\n\n\n<h4><strong>&nbsp;<\/strong><\/h4>\n<p><a href=\"https:\/\/decoiris.ch\/wp-content\/uploads\/2019\/04\/Ciste.png\"><img loading=\"lazy\" decoding=\"async\" class=\"size-medium wp-image-15457 alignleft\" src=\"https:\/\/decoiris.ch\/wp-content\/uploads\/2019\/04\/Ciste-300x300.png\" sizes=\"auto, (max-width: 300px) 100vw, 300px\" srcset=\"https:\/\/decoiris.ch\/wp-content\/uploads\/2019\/04\/Ciste-300x300.png 300w, https:\/\/decoiris.ch\/wp-content\/uploads\/2019\/04\/Ciste-150x150.png 150w, https:\/\/decoiris.ch\/wp-content\/uploads\/2019\/04\/Ciste-768x768.png 768w, https:\/\/decoiris.ch\/wp-content\/uploads\/2019\/04\/Ciste.png 800w\" alt=\"\" width=\"300\" height=\"300\"><\/a><\/p>\n<p>&nbsp;<\/p>\n<p>&nbsp;<\/p>\n<p>&nbsp;<\/p>\n<p>&nbsp;<\/p>\n<p>100% rein - garantiert die h\u00f6chste Qualit\u00e4t<\/p>\n<p>Glasflasche mit Spr\u00fchflasche<\/p>\n<p>Inhalt: 100 ml CHF 9.50 BIO<\/p>\n<p>auch als 10 ml Nachf\u00fcllpackung erh\u00e4ltlich CHF<\/p>\n<p>&nbsp;<\/p>\n<p><strong>Cistus Ladaniferus<\/strong><\/p>\n<h4><a href=\"https:\/\/decoiris.ch\/wp-content\/uploads\/2020\/09\/cistrose.grosses-Bild-5.jpg\"><img loading=\"lazy\" decoding=\"async\" class=\"wp-image-31833 size-full alignleft\" src=\"https:\/\/decoiris.ch\/wp-content\/uploads\/2020\/09\/cistrose.grosses-Bild-5.jpg\" sizes=\"auto, (max-width: 450px) 100vw, 450px\" srcset=\"https:\/\/decoiris.ch\/wp-content\/uploads\/2020\/09\/cistrose.grosses-Bild-5.jpg 450w, https:\/\/decoiris.ch\/wp-content\/uploads\/2020\/09\/cistrose.grosses-Bild-5-179x300.jpg 179w\" alt=\"\" width=\"450\" height=\"754\"><\/a><\/h4>\n<p>&nbsp;<\/p>\n<p><br>Das multidestillierte Zistrosenwasser hat eine adstringierende und desinfizierende Wirkung und kann zur Wundbehandlung und als After-Shave verwendet werden. Das Pflanzenwasser dient auch als Mundsp\u00fclung gegen Zahnfleischbluten.<\/p>\n<p>Anwendung:<\/p>\n<p><br>Unverd\u00fcnnt als K\u00f6rperspray auf die betroffenen K\u00f6rperpartien spr\u00fchen oder gro\u00dfz\u00fcgig auf eine Kompresse spr\u00fchen und auf die Haut auftragen. Als Mundsp\u00fclung direkt in den Mund spr\u00fchen, einwirken lassen und dann aussp\u00fclen.<\/p>\n<h4>Wussten Sie das?<\/h4>\n<p><br>Der warme Duft der Zistrose wird in der Aromatherapie und gegen psychische Traumata eingesetzt. Das bedeutet, dass es alte Wunden in der Seele heilt. Verwenden Sie Zistrosenwasser als Kissenspray oder spr\u00fchen Sie es einfach auf das Gesicht und atmen Sie tief durch. Hilft, emotionale Blockaden aufzul\u00f6sen und tr\u00e4gt zu innerem Frieden bei.<\/p>","protected":false},"excerpt":{"rendered":"<p>Zistrosenwasser - Cistus LadaniferusDer Seelenzerst\u00f6rer &nbsp; &nbsp; &nbsp; &nbsp; &nbsp; 100% rein - garantiert die h\u00f6chste Qualit\u00e4t Glasflasche mit Spr\u00fchflasche Inhalt: 100 ml CHF 9.50 BIO auch als 10 ml Nachf\u00fcllpackung erh\u00e4ltlich CHF &nbsp; Cistus Ladaniferus &nbsp; Das multidestillierte Zistrosenwasser hat eine adstringierende und desinfizierende Wirkung und kann zur Wundbehandlung und als After-Shave verwendet werden. Das Pflanzenwasser dient auch als&nbsp;<a href=\"https:\/\/bien-etreiris.ch\/de\/produktpraesentation\/aromatherapie\/pflanzenwaesser\/zistrosenwasser\/\" class=\"read-more\">Weiter lesen<\/a><\/p>\n","protected":false},"author":1,"featured_media":40802,"parent":40767,"menu_order":6129,"comment_status":"closed","ping_status":"closed","template":"page-with-child.php","meta":{"_acf_changed":false,"ngg_post_thumbnail":0,"footnotes":""},"class_list":["post-40804","page","type-page","status-publish","has-post-thumbnail","hentry"],"acf":[],"yoast_head":"<!-- This site is optimized with the Yoast SEO plugin v27.4 - https:\/\/yoast.com\/product\/yoast-seo-wordpress\/ -->\n<title>ZISTROSENWASSER - WOHLBEFINDEN<\/title>\n<meta name=\"robots\" content=\"index, follow, max-snippet:-1, max-image-preview:large, max-video-preview:-1\" \/>\n<link rel=\"canonical\" href=\"https:\/\/bien-etreiris.ch\/de\/produktpraesentation\/aromatherapie\/pflanzenwaesser\/zistrosenwasser\/\" \/>\n<meta property=\"og:locale\" content=\"de_DE\" \/>\n<meta property=\"og:type\" content=\"article\" \/>\n<meta property=\"og:title\" content=\"ZISTROSENWASSER - WOHLBEFINDEN\" \/>\n<meta property=\"og:description\" content=\"Zistrosenwasser - Cistus LadaniferusDer Seelenzerst\u00f6rer &nbsp; &nbsp; &nbsp; &nbsp; &nbsp; 100% rein - garantiert die h\u00f6chste Qualit\u00e4t Glasflasche mit Spr\u00fchflasche Inhalt: 100 ml CHF 9.50 BIO auch als 10 ml Nachf\u00fcllpackung erh\u00e4ltlich CHF &nbsp; Cistus Ladaniferus &nbsp; Das multidestillierte Zistrosenwasser hat eine adstringierende und desinfizierende Wirkung und kann zur Wundbehandlung und als After-Shave verwendet werden. Das Pflanzenwasser dient auch als&nbsp;Weiter lesen\" \/>\n<meta property=\"og:url\" content=\"https:\/\/bien-etreiris.ch\/de\/produktpraesentation\/aromatherapie\/pflanzenwaesser\/zistrosenwasser\/\" \/>\n<meta property=\"og:site_name\" content=\"WOHLBEFINDEN\" \/>\n<meta property=\"article:publisher\" content=\"https:\/\/www.facebook.com\/bienetreiris\/\" \/>\n<meta property=\"article:modified_time\" content=\"2021-09-14T05:08:48+00:00\" \/>\n<meta property=\"og:image\" content=\"https:\/\/bien-etreiris.ch\/wp-content\/uploads\/2021\/03\/acceuil-ciste.jpg\" \/>\n\t<meta property=\"og:image:width\" content=\"500\" \/>\n\t<meta property=\"og:image:height\" content=\"332\" \/>\n\t<meta property=\"og:image:type\" content=\"image\/jpeg\" \/>\n<meta name=\"twitter:label1\" content=\"Gesch\u00e4tzte Lesezeit\" \/>\n\t<meta name=\"twitter:data1\" content=\"2\u00a0Minuten\" \/>\n<script type=\"application\/ld+json\" class=\"yoast-schema-graph\">{\"@context\":\"https:\\\/\\\/schema.org\",\"@graph\":[{\"@type\":\"WebPage\",\"@id\":\"https:\\\/\\\/bien-etreiris.ch\\\/de\\\/produktpraesentation\\\/aromatherapie\\\/pflanzenwaesser\\\/zistrosenwasser\\\/\",\"url\":\"https:\\\/\\\/bien-etreiris.ch\\\/de\\\/produktpraesentation\\\/aromatherapie\\\/pflanzenwaesser\\\/zistrosenwasser\\\/\",\"name\":\"ZISTROSENWASSER - WOHLBEFINDEN\",\"isPartOf\":{\"@id\":\"https:\\\/\\\/bien-etreiris.ch\\\/de\\\/#website\"},\"primaryImageOfPage\":{\"@id\":\"https:\\\/\\\/bien-etreiris.ch\\\/de\\\/produktpraesentation\\\/aromatherapie\\\/pflanzenwaesser\\\/zistrosenwasser\\\/#primaryimage\"},\"image\":{\"@id\":\"https:\\\/\\\/bien-etreiris.ch\\\/de\\\/produktpraesentation\\\/aromatherapie\\\/pflanzenwaesser\\\/zistrosenwasser\\\/#primaryimage\"},\"thumbnailUrl\":\"https:\\\/\\\/bien-etreiris.ch\\\/wp-content\\\/uploads\\\/2021\\\/03\\\/acceuil-ciste.jpg\",\"datePublished\":\"2021-03-22T14:14:06+00:00\",\"dateModified\":\"2021-09-14T05:08:48+00:00\",\"breadcrumb\":{\"@id\":\"https:\\\/\\\/bien-etreiris.ch\\\/de\\\/produktpraesentation\\\/aromatherapie\\\/pflanzenwaesser\\\/zistrosenwasser\\\/#breadcrumb\"},\"inLanguage\":\"de\",\"potentialAction\":[{\"@type\":\"ReadAction\",\"target\":[\"https:\\\/\\\/bien-etreiris.ch\\\/de\\\/produktpraesentation\\\/aromatherapie\\\/pflanzenwaesser\\\/zistrosenwasser\\\/\"]}]},{\"@type\":\"ImageObject\",\"inLanguage\":\"de\",\"@id\":\"https:\\\/\\\/bien-etreiris.ch\\\/de\\\/produktpraesentation\\\/aromatherapie\\\/pflanzenwaesser\\\/zistrosenwasser\\\/#primaryimage\",\"url\":\"https:\\\/\\\/bien-etreiris.ch\\\/wp-content\\\/uploads\\\/2021\\\/03\\\/acceuil-ciste.jpg\",\"contentUrl\":\"https:\\\/\\\/bien-etreiris.ch\\\/wp-content\\\/uploads\\\/2021\\\/03\\\/acceuil-ciste.jpg\",\"width\":500,\"height\":332},{\"@type\":\"BreadcrumbList\",\"@id\":\"https:\\\/\\\/bien-etreiris.ch\\\/de\\\/produktpraesentation\\\/aromatherapie\\\/pflanzenwaesser\\\/zistrosenwasser\\\/#breadcrumb\",\"itemListElement\":[{\"@type\":\"ListItem\",\"position\":1,\"name\":\"Home\",\"item\":\"https:\\\/\\\/bien-etreiris.ch\\\/de\\\/\"},{\"@type\":\"ListItem\",\"position\":2,\"name\":\"PRODUKTPR\u00c4SENTATION\",\"item\":\"https:\\\/\\\/bien-etreiris.ch\\\/de\\\/produktpraesentation\\\/\"},{\"@type\":\"ListItem\",\"position\":3,\"name\":\"AROMATHERAPIE\",\"item\":\"https:\\\/\\\/bien-etreiris.ch\\\/de\\\/produktpraesentation\\\/aromatherapie\\\/\"},{\"@type\":\"ListItem\",\"position\":4,\"name\":\"PFLANZENW\u00c4SSER\",\"item\":\"https:\\\/\\\/bien-etreiris.ch\\\/de\\\/produktpraesentation\\\/aromatherapie\\\/pflanzenwaesser\\\/\"},{\"@type\":\"ListItem\",\"position\":5,\"name\":\"ZISTROSENWASSER\"}]},{\"@type\":\"WebSite\",\"@id\":\"https:\\\/\\\/bien-etreiris.ch\\\/de\\\/#website\",\"url\":\"https:\\\/\\\/bien-etreiris.ch\\\/de\\\/\",\"name\":\"Bien-\u00eatre Iris\",\"description\":\"IHRE Gesundheit ist uns wichtig\",\"potentialAction\":[{\"@type\":\"SearchAction\",\"target\":{\"@type\":\"EntryPoint\",\"urlTemplate\":\"https:\\\/\\\/bien-etreiris.ch\\\/de\\\/?s={search_term_string}\"},\"query-input\":{\"@type\":\"PropertyValueSpecification\",\"valueRequired\":true,\"valueName\":\"search_term_string\"}}],\"inLanguage\":\"de\"}]}<\/script>\n<!-- \/ Yoast SEO plugin. -->","yoast_head_json":{"title":"ZISTROSENWASSER - WOHLBEFINDEN","robots":{"index":"index","follow":"follow","max-snippet":"max-snippet:-1","max-image-preview":"max-image-preview:large","max-video-preview":"max-video-preview:-1"},"canonical":"https:\/\/bien-etreiris.ch\/de\/produktpraesentation\/aromatherapie\/pflanzenwaesser\/zistrosenwasser\/","og_locale":"de_DE","og_type":"article","og_title":"ZISTROSENWASSER - WOHLBEFINDEN","og_description":"Zistrosenwasser - Cistus LadaniferusDer Seelenzerst\u00f6rer &nbsp; &nbsp; &nbsp; &nbsp; &nbsp; 100% rein - garantiert die h\u00f6chste Qualit\u00e4t Glasflasche mit Spr\u00fchflasche Inhalt: 100 ml CHF 9.50 BIO auch als 10 ml Nachf\u00fcllpackung erh\u00e4ltlich CHF &nbsp; Cistus Ladaniferus &nbsp; Das multidestillierte Zistrosenwasser hat eine adstringierende und desinfizierende Wirkung und kann zur Wundbehandlung und als After-Shave verwendet werden. Das Pflanzenwasser dient auch als&nbsp;Weiter lesen","og_url":"https:\/\/bien-etreiris.ch\/de\/produktpraesentation\/aromatherapie\/pflanzenwaesser\/zistrosenwasser\/","og_site_name":"WOHLBEFINDEN","article_publisher":"https:\/\/www.facebook.com\/bienetreiris\/","article_modified_time":"2021-09-14T05:08:48+00:00","og_image":[{"width":500,"height":332,"url":"https:\/\/bien-etreiris.ch\/wp-content\/uploads\/2021\/03\/acceuil-ciste.jpg","type":"image\/jpeg"}],"twitter_misc":{"Gesch\u00e4tzte Lesezeit":"2\u00a0Minuten"},"schema":{"@context":"https:\/\/schema.org","@graph":[{"@type":"WebPage","@id":"https:\/\/bien-etreiris.ch\/de\/produktpraesentation\/aromatherapie\/pflanzenwaesser\/zistrosenwasser\/","url":"https:\/\/bien-etreiris.ch\/de\/produktpraesentation\/aromatherapie\/pflanzenwaesser\/zistrosenwasser\/","name":"ZISTROSENWASSER - WOHLBEFINDEN","isPartOf":{"@id":"https:\/\/bien-etreiris.ch\/de\/#website"},"primaryImageOfPage":{"@id":"https:\/\/bien-etreiris.ch\/de\/produktpraesentation\/aromatherapie\/pflanzenwaesser\/zistrosenwasser\/#primaryimage"},"image":{"@id":"https:\/\/bien-etreiris.ch\/de\/produktpraesentation\/aromatherapie\/pflanzenwaesser\/zistrosenwasser\/#primaryimage"},"thumbnailUrl":"https:\/\/bien-etreiris.ch\/wp-content\/uploads\/2021\/03\/acceuil-ciste.jpg","datePublished":"2021-03-22T14:14:06+00:00","dateModified":"2021-09-14T05:08:48+00:00","breadcrumb":{"@id":"https:\/\/bien-etreiris.ch\/de\/produktpraesentation\/aromatherapie\/pflanzenwaesser\/zistrosenwasser\/#breadcrumb"},"inLanguage":"de","potentialAction":[{"@type":"ReadAction","target":["https:\/\/bien-etreiris.ch\/de\/produktpraesentation\/aromatherapie\/pflanzenwaesser\/zistrosenwasser\/"]}]},{"@type":"ImageObject","inLanguage":"de","@id":"https:\/\/bien-etreiris.ch\/de\/produktpraesentation\/aromatherapie\/pflanzenwaesser\/zistrosenwasser\/#primaryimage","url":"https:\/\/bien-etreiris.ch\/wp-content\/uploads\/2021\/03\/acceuil-ciste.jpg","contentUrl":"https:\/\/bien-etreiris.ch\/wp-content\/uploads\/2021\/03\/acceuil-ciste.jpg","width":500,"height":332},{"@type":"BreadcrumbList","@id":"https:\/\/bien-etreiris.ch\/de\/produktpraesentation\/aromatherapie\/pflanzenwaesser\/zistrosenwasser\/#breadcrumb","itemListElement":[{"@type":"ListItem","position":1,"name":"Home","item":"https:\/\/bien-etreiris.ch\/de\/"},{"@type":"ListItem","position":2,"name":"PRODUKTPR\u00c4SENTATION","item":"https:\/\/bien-etreiris.ch\/de\/produktpraesentation\/"},{"@type":"ListItem","position":3,"name":"AROMATHERAPIE","item":"https:\/\/bien-etreiris.ch\/de\/produktpraesentation\/aromatherapie\/"},{"@type":"ListItem","position":4,"name":"PFLANZENW\u00c4SSER","item":"https:\/\/bien-etreiris.ch\/de\/produktpraesentation\/aromatherapie\/pflanzenwaesser\/"},{"@type":"ListItem","position":5,"name":"ZISTROSENWASSER"}]},{"@type":"WebSite","@id":"https:\/\/bien-etreiris.ch\/de\/#website","url":"https:\/\/bien-etreiris.ch\/de\/","name":"Bien-\u00eatre Iris","description":"IHRE Gesundheit ist uns wichtig","potentialAction":[{"@type":"SearchAction","target":{"@type":"EntryPoint","urlTemplate":"https:\/\/bien-etreiris.ch\/de\/?s={search_term_string}"},"query-input":{"@type":"PropertyValueSpecification","valueRequired":true,"valueName":"search_term_string"}}],"inLanguage":"de"}]}},"_links":{"self":[{"href":"https:\/\/bien-etreiris.ch\/de\/wp-json\/wp\/v2\/pages\/40804","targetHints":{"allow":["GET"]}}],"collection":[{"href":"https:\/\/bien-etreiris.ch\/de\/wp-json\/wp\/v2\/pages"}],"about":[{"href":"https:\/\/bien-etreiris.ch\/de\/wp-json\/wp\/v2\/types\/page"}],"author":[{"embeddable":true,"href":"https:\/\/bien-etreiris.ch\/de\/wp-json\/wp\/v2\/users\/1"}],"replies":[{"embeddable":true,"href":"https:\/\/bien-etreiris.ch\/de\/wp-json\/wp\/v2\/comments?post=40804"}],"version-history":[{"count":5,"href":"https:\/\/bien-etreiris.ch\/de\/wp-json\/wp\/v2\/pages\/40804\/revisions"}],"predecessor-version":[{"id":54085,"href":"https:\/\/bien-etreiris.ch\/de\/wp-json\/wp\/v2\/pages\/40804\/revisions\/54085"}],"up":[{"embeddable":true,"href":"https:\/\/bien-etreiris.ch\/de\/wp-json\/wp\/v2\/pages\/40767"}],"wp:featuredmedia":[{"embeddable":true,"href":"https:\/\/bien-etreiris.ch\/de\/wp-json\/wp\/v2\/media\/40802"}],"wp:attachment":[{"href":"https:\/\/bien-etreiris.ch\/de\/wp-json\/wp\/v2\/media?parent=40804"}],"curies":[{"name":"wp","href":"https:\/\/api.w.org\/{rel}","templated":true}]}}