{"id":40789,"date":"2021-03-22T13:59:32","date_gmt":"2021-03-22T13:59:32","guid":{"rendered":"https:\/\/bien-etreiris.ch\/?page_id=40789"},"modified":"2023-10-02T19:13:09","modified_gmt":"2023-10-02T17:13:09","slug":"kamillenbluetenwasser","status":"publish","type":"page","link":"https:\/\/bien-etreiris.ch\/de\/produktpraesentation\/aromatherapie\/pflanzenwaesser\/kamillenbluetenwasser\/","title":{"rendered":"KAMILLENWASSER"},"content":{"rendered":"\n<h2 class=\"wp-block-heading\">Kamillenwasser<\/h2>\n\n\n\n<p>Kaum eine Pflanze geniesst so hohes Ansehen, was die Heilkraft anbetrifft, wie die Kamille. Sie ist der Inbegriff einer heilenden Pflanze. In der Aromatherapie werden zwei verschiedene Kamillenarten f\u00fcr \u00e4therisches \u00d6l und f\u00fcr das Pflanzenwasser verwendet: die r\u00f6mische Kamille (auch r\u00f6mische Hundskamille&nbsp; wie Badekamille genannt)und die blaue Kamille (auch echte Kamille, Deutsche Kamille genannt) . Beide geh\u00f6ren zur selben Familie der Korbbl\u00fctler, in ihrer Gestalt sind sie jedoch verschieden. Auch in ihrer Wirkungsweise hat jede der beiden ihre pers\u00f6nliche Note. W\u00e4hrend die R\u00f6mische Kamille besonders beruhigend auf das Nervensystem einwirken kann, ist die Blaue Kamille (auch deutsche Kamille genannt) daf\u00fcr bekannt, dass sie Entz\u00fcndungen und Kr\u00e4mpfe lindert.<\/p>\n<p>&nbsp;<\/p>\n","protected":false},"excerpt":{"rendered":"<p>Kamillenwasser Kaum eine Pflanze geniesst so hohes Ansehen, was die Heilkraft anbetrifft, wie die Kamille. Sie ist der Inbegriff einer heilenden Pflanze. In der Aromatherapie werden zwei verschiedene Kamillenarten f\u00fcr \u00e4therisches \u00d6l und f\u00fcr das Pflanzenwasser verwendet: die r\u00f6mische Kamille (auch r\u00f6mische Hundskamille&nbsp; wie Badekamille genannt)und die blaue Kamille (auch echte Kamille, Deutsche Kamille genannt) . Beide geh\u00f6ren zur selben&nbsp;<a href=\"https:\/\/bien-etreiris.ch\/de\/produktpraesentation\/aromatherapie\/pflanzenwaesser\/kamillenbluetenwasser\/\" class=\"read-more\">Weiter lesen<\/a><\/p>\n","protected":false},"author":1,"featured_media":40787,"parent":40767,"menu_order":6132,"comment_status":"closed","ping_status":"closed","template":"page-with-child.php","meta":{"_acf_changed":false,"ngg_post_thumbnail":0,"footnotes":""},"class_list":["post-40789","page","type-page","status-publish","has-post-thumbnail","hentry"],"acf":[],"yoast_head":"<!-- This site is optimized with the Yoast SEO plugin v27.4 - https:\/\/yoast.com\/product\/yoast-seo-wordpress\/ -->\n<title>KAMILLENWASSER - WOHLBEFINDEN<\/title>\n<meta name=\"robots\" content=\"index, follow, max-snippet:-1, max-image-preview:large, max-video-preview:-1\" \/>\n<link rel=\"canonical\" href=\"https:\/\/bien-etreiris.ch\/de\/produktpraesentation\/aromatherapie\/pflanzenwaesser\/kamillenbluetenwasser\/\" \/>\n<meta property=\"og:locale\" content=\"de_DE\" \/>\n<meta property=\"og:type\" content=\"article\" \/>\n<meta property=\"og:title\" content=\"KAMILLENWASSER - WOHLBEFINDEN\" \/>\n<meta property=\"og:description\" content=\"Kamillenwasser Kaum eine Pflanze geniesst so hohes Ansehen, was die Heilkraft anbetrifft, wie die Kamille. Sie ist der Inbegriff einer heilenden Pflanze. In der Aromatherapie werden zwei verschiedene Kamillenarten f\u00fcr \u00e4therisches \u00d6l und f\u00fcr das Pflanzenwasser verwendet: die r\u00f6mische Kamille (auch r\u00f6mische Hundskamille&nbsp; wie Badekamille genannt)und die blaue Kamille (auch echte Kamille, Deutsche Kamille genannt) . Beide geh\u00f6ren zur selben&nbsp;Weiter lesen\" \/>\n<meta property=\"og:url\" content=\"https:\/\/bien-etreiris.ch\/de\/produktpraesentation\/aromatherapie\/pflanzenwaesser\/kamillenbluetenwasser\/\" \/>\n<meta property=\"og:site_name\" content=\"WOHLBEFINDEN\" \/>\n<meta property=\"article:publisher\" content=\"https:\/\/www.facebook.com\/bienetreiris\/\" \/>\n<meta property=\"article:modified_time\" content=\"2023-10-02T17:13:09+00:00\" \/>\n<meta property=\"og:image\" content=\"https:\/\/bien-etreiris.ch\/wp-content\/uploads\/2021\/03\/acceuil-camomille.jpg\" \/>\n\t<meta property=\"og:image:width\" content=\"500\" \/>\n\t<meta property=\"og:image:height\" content=\"333\" \/>\n\t<meta property=\"og:image:type\" content=\"image\/jpeg\" \/>\n<meta name=\"twitter:label1\" content=\"Gesch\u00e4tzte Lesezeit\" \/>\n\t<meta name=\"twitter:data1\" content=\"1\u00a0Minute\" \/>\n<script type=\"application\/ld+json\" class=\"yoast-schema-graph\">{\"@context\":\"https:\\\/\\\/schema.org\",\"@graph\":[{\"@type\":\"WebPage\",\"@id\":\"https:\\\/\\\/bien-etreiris.ch\\\/de\\\/produktpraesentation\\\/aromatherapie\\\/pflanzenwaesser\\\/kamillenbluetenwasser\\\/\",\"url\":\"https:\\\/\\\/bien-etreiris.ch\\\/de\\\/produktpraesentation\\\/aromatherapie\\\/pflanzenwaesser\\\/kamillenbluetenwasser\\\/\",\"name\":\"KAMILLENWASSER - WOHLBEFINDEN\",\"isPartOf\":{\"@id\":\"https:\\\/\\\/bien-etreiris.ch\\\/de\\\/#website\"},\"primaryImageOfPage\":{\"@id\":\"https:\\\/\\\/bien-etreiris.ch\\\/de\\\/produktpraesentation\\\/aromatherapie\\\/pflanzenwaesser\\\/kamillenbluetenwasser\\\/#primaryimage\"},\"image\":{\"@id\":\"https:\\\/\\\/bien-etreiris.ch\\\/de\\\/produktpraesentation\\\/aromatherapie\\\/pflanzenwaesser\\\/kamillenbluetenwasser\\\/#primaryimage\"},\"thumbnailUrl\":\"https:\\\/\\\/bien-etreiris.ch\\\/wp-content\\\/uploads\\\/2021\\\/03\\\/acceuil-camomille.jpg\",\"datePublished\":\"2021-03-22T13:59:32+00:00\",\"dateModified\":\"2023-10-02T17:13:09+00:00\",\"breadcrumb\":{\"@id\":\"https:\\\/\\\/bien-etreiris.ch\\\/de\\\/produktpraesentation\\\/aromatherapie\\\/pflanzenwaesser\\\/kamillenbluetenwasser\\\/#breadcrumb\"},\"inLanguage\":\"de\",\"potentialAction\":[{\"@type\":\"ReadAction\",\"target\":[\"https:\\\/\\\/bien-etreiris.ch\\\/de\\\/produktpraesentation\\\/aromatherapie\\\/pflanzenwaesser\\\/kamillenbluetenwasser\\\/\"]}]},{\"@type\":\"ImageObject\",\"inLanguage\":\"de\",\"@id\":\"https:\\\/\\\/bien-etreiris.ch\\\/de\\\/produktpraesentation\\\/aromatherapie\\\/pflanzenwaesser\\\/kamillenbluetenwasser\\\/#primaryimage\",\"url\":\"https:\\\/\\\/bien-etreiris.ch\\\/wp-content\\\/uploads\\\/2021\\\/03\\\/acceuil-camomille.jpg\",\"contentUrl\":\"https:\\\/\\\/bien-etreiris.ch\\\/wp-content\\\/uploads\\\/2021\\\/03\\\/acceuil-camomille.jpg\",\"width\":500,\"height\":333},{\"@type\":\"BreadcrumbList\",\"@id\":\"https:\\\/\\\/bien-etreiris.ch\\\/de\\\/produktpraesentation\\\/aromatherapie\\\/pflanzenwaesser\\\/kamillenbluetenwasser\\\/#breadcrumb\",\"itemListElement\":[{\"@type\":\"ListItem\",\"position\":1,\"name\":\"Home\",\"item\":\"https:\\\/\\\/bien-etreiris.ch\\\/de\\\/\"},{\"@type\":\"ListItem\",\"position\":2,\"name\":\"PRODUKTPR\u00c4SENTATION\",\"item\":\"https:\\\/\\\/bien-etreiris.ch\\\/de\\\/produktpraesentation\\\/\"},{\"@type\":\"ListItem\",\"position\":3,\"name\":\"AROMATHERAPIE\",\"item\":\"https:\\\/\\\/bien-etreiris.ch\\\/de\\\/produktpraesentation\\\/aromatherapie\\\/\"},{\"@type\":\"ListItem\",\"position\":4,\"name\":\"PFLANZENW\u00c4SSER\",\"item\":\"https:\\\/\\\/bien-etreiris.ch\\\/de\\\/produktpraesentation\\\/aromatherapie\\\/pflanzenwaesser\\\/\"},{\"@type\":\"ListItem\",\"position\":5,\"name\":\"KAMILLENWASSER\"}]},{\"@type\":\"WebSite\",\"@id\":\"https:\\\/\\\/bien-etreiris.ch\\\/de\\\/#website\",\"url\":\"https:\\\/\\\/bien-etreiris.ch\\\/de\\\/\",\"name\":\"Bien-\u00eatre Iris\",\"description\":\"IHRE Gesundheit ist uns wichtig\",\"potentialAction\":[{\"@type\":\"SearchAction\",\"target\":{\"@type\":\"EntryPoint\",\"urlTemplate\":\"https:\\\/\\\/bien-etreiris.ch\\\/de\\\/?s={search_term_string}\"},\"query-input\":{\"@type\":\"PropertyValueSpecification\",\"valueRequired\":true,\"valueName\":\"search_term_string\"}}],\"inLanguage\":\"de\"}]}<\/script>\n<!-- \/ Yoast SEO plugin. -->","yoast_head_json":{"title":"KAMILLENWASSER - WOHLBEFINDEN","robots":{"index":"index","follow":"follow","max-snippet":"max-snippet:-1","max-image-preview":"max-image-preview:large","max-video-preview":"max-video-preview:-1"},"canonical":"https:\/\/bien-etreiris.ch\/de\/produktpraesentation\/aromatherapie\/pflanzenwaesser\/kamillenbluetenwasser\/","og_locale":"de_DE","og_type":"article","og_title":"KAMILLENWASSER - WOHLBEFINDEN","og_description":"Kamillenwasser Kaum eine Pflanze geniesst so hohes Ansehen, was die Heilkraft anbetrifft, wie die Kamille. Sie ist der Inbegriff einer heilenden Pflanze. In der Aromatherapie werden zwei verschiedene Kamillenarten f\u00fcr \u00e4therisches \u00d6l und f\u00fcr das Pflanzenwasser verwendet: die r\u00f6mische Kamille (auch r\u00f6mische Hundskamille&nbsp; wie Badekamille genannt)und die blaue Kamille (auch echte Kamille, Deutsche Kamille genannt) . Beide geh\u00f6ren zur selben&nbsp;Weiter lesen","og_url":"https:\/\/bien-etreiris.ch\/de\/produktpraesentation\/aromatherapie\/pflanzenwaesser\/kamillenbluetenwasser\/","og_site_name":"WOHLBEFINDEN","article_publisher":"https:\/\/www.facebook.com\/bienetreiris\/","article_modified_time":"2023-10-02T17:13:09+00:00","og_image":[{"width":500,"height":333,"url":"https:\/\/bien-etreiris.ch\/wp-content\/uploads\/2021\/03\/acceuil-camomille.jpg","type":"image\/jpeg"}],"twitter_misc":{"Gesch\u00e4tzte Lesezeit":"1\u00a0Minute"},"schema":{"@context":"https:\/\/schema.org","@graph":[{"@type":"WebPage","@id":"https:\/\/bien-etreiris.ch\/de\/produktpraesentation\/aromatherapie\/pflanzenwaesser\/kamillenbluetenwasser\/","url":"https:\/\/bien-etreiris.ch\/de\/produktpraesentation\/aromatherapie\/pflanzenwaesser\/kamillenbluetenwasser\/","name":"KAMILLENWASSER - WOHLBEFINDEN","isPartOf":{"@id":"https:\/\/bien-etreiris.ch\/de\/#website"},"primaryImageOfPage":{"@id":"https:\/\/bien-etreiris.ch\/de\/produktpraesentation\/aromatherapie\/pflanzenwaesser\/kamillenbluetenwasser\/#primaryimage"},"image":{"@id":"https:\/\/bien-etreiris.ch\/de\/produktpraesentation\/aromatherapie\/pflanzenwaesser\/kamillenbluetenwasser\/#primaryimage"},"thumbnailUrl":"https:\/\/bien-etreiris.ch\/wp-content\/uploads\/2021\/03\/acceuil-camomille.jpg","datePublished":"2021-03-22T13:59:32+00:00","dateModified":"2023-10-02T17:13:09+00:00","breadcrumb":{"@id":"https:\/\/bien-etreiris.ch\/de\/produktpraesentation\/aromatherapie\/pflanzenwaesser\/kamillenbluetenwasser\/#breadcrumb"},"inLanguage":"de","potentialAction":[{"@type":"ReadAction","target":["https:\/\/bien-etreiris.ch\/de\/produktpraesentation\/aromatherapie\/pflanzenwaesser\/kamillenbluetenwasser\/"]}]},{"@type":"ImageObject","inLanguage":"de","@id":"https:\/\/bien-etreiris.ch\/de\/produktpraesentation\/aromatherapie\/pflanzenwaesser\/kamillenbluetenwasser\/#primaryimage","url":"https:\/\/bien-etreiris.ch\/wp-content\/uploads\/2021\/03\/acceuil-camomille.jpg","contentUrl":"https:\/\/bien-etreiris.ch\/wp-content\/uploads\/2021\/03\/acceuil-camomille.jpg","width":500,"height":333},{"@type":"BreadcrumbList","@id":"https:\/\/bien-etreiris.ch\/de\/produktpraesentation\/aromatherapie\/pflanzenwaesser\/kamillenbluetenwasser\/#breadcrumb","itemListElement":[{"@type":"ListItem","position":1,"name":"Home","item":"https:\/\/bien-etreiris.ch\/de\/"},{"@type":"ListItem","position":2,"name":"PRODUKTPR\u00c4SENTATION","item":"https:\/\/bien-etreiris.ch\/de\/produktpraesentation\/"},{"@type":"ListItem","position":3,"name":"AROMATHERAPIE","item":"https:\/\/bien-etreiris.ch\/de\/produktpraesentation\/aromatherapie\/"},{"@type":"ListItem","position":4,"name":"PFLANZENW\u00c4SSER","item":"https:\/\/bien-etreiris.ch\/de\/produktpraesentation\/aromatherapie\/pflanzenwaesser\/"},{"@type":"ListItem","position":5,"name":"KAMILLENWASSER"}]},{"@type":"WebSite","@id":"https:\/\/bien-etreiris.ch\/de\/#website","url":"https:\/\/bien-etreiris.ch\/de\/","name":"Bien-\u00eatre Iris","description":"IHRE Gesundheit ist uns wichtig","potentialAction":[{"@type":"SearchAction","target":{"@type":"EntryPoint","urlTemplate":"https:\/\/bien-etreiris.ch\/de\/?s={search_term_string}"},"query-input":{"@type":"PropertyValueSpecification","valueRequired":true,"valueName":"search_term_string"}}],"inLanguage":"de"}]}},"_links":{"self":[{"href":"https:\/\/bien-etreiris.ch\/de\/wp-json\/wp\/v2\/pages\/40789","targetHints":{"allow":["GET"]}}],"collection":[{"href":"https:\/\/bien-etreiris.ch\/de\/wp-json\/wp\/v2\/pages"}],"about":[{"href":"https:\/\/bien-etreiris.ch\/de\/wp-json\/wp\/v2\/types\/page"}],"author":[{"embeddable":true,"href":"https:\/\/bien-etreiris.ch\/de\/wp-json\/wp\/v2\/users\/1"}],"replies":[{"embeddable":true,"href":"https:\/\/bien-etreiris.ch\/de\/wp-json\/wp\/v2\/comments?post=40789"}],"version-history":[{"count":7,"href":"https:\/\/bien-etreiris.ch\/de\/wp-json\/wp\/v2\/pages\/40789\/revisions"}],"predecessor-version":[{"id":76080,"href":"https:\/\/bien-etreiris.ch\/de\/wp-json\/wp\/v2\/pages\/40789\/revisions\/76080"}],"up":[{"embeddable":true,"href":"https:\/\/bien-etreiris.ch\/de\/wp-json\/wp\/v2\/pages\/40767"}],"wp:featuredmedia":[{"embeddable":true,"href":"https:\/\/bien-etreiris.ch\/de\/wp-json\/wp\/v2\/media\/40787"}],"wp:attachment":[{"href":"https:\/\/bien-etreiris.ch\/de\/wp-json\/wp\/v2\/media?parent=40789"}],"curies":[{"name":"wp","href":"https:\/\/api.w.org\/{rel}","templated":true}]}}