{"id":40698,"date":"2021-03-22T10:58:29","date_gmt":"2021-03-22T10:58:29","guid":{"rendered":"https:\/\/bien-etreiris.ch\/henne-naturel\/"},"modified":"2022-10-19T20:03:15","modified_gmt":"2022-10-19T18:03:15","slug":"henne-naturel","status":"publish","type":"page","link":"https:\/\/bien-etreiris.ch\/de\/produktpraesentation\/natuerliche-kosmetik\/haarfaerbung\/henne-naturel\/","title":{"rendered":"HENNE NATUREL"},"content":{"rendered":"<p><a href=\"https:\/\/decoiris.ch\/wp-content\/uploads\/2021\/03\/Henn\u00e9-naturel.png\"><img loading=\"lazy\" decoding=\"async\" class=\"size-medium wp-image-40693 alignleft\" src=\"https:\/\/decoiris.ch\/wp-content\/uploads\/2021\/03\/Henn\u00e9-naturel-300x300.png\" alt=\"\" width=\"300\" height=\"300\" srcset=\"https:\/\/bien-etreiris.ch\/wp-content\/uploads\/2021\/03\/Henn\u00e9-naturel-300x300.png 300w, https:\/\/bien-etreiris.ch\/wp-content\/uploads\/2021\/03\/Henn\u00e9-naturel-150x150.png 150w, https:\/\/bien-etreiris.ch\/wp-content\/uploads\/2021\/03\/Henn\u00e9-naturel-768x768.png 768w, https:\/\/bien-etreiris.ch\/wp-content\/uploads\/2021\/03\/Henn\u00e9-naturel.png 770w\" sizes=\"auto, (max-width: 300px) 100vw, 300px\" \/><\/a><\/p>\n<p>&nbsp;<\/p>\n<div class=\"text_accroche hidden-xs hidden-sm\">\n<h4>Gaine et fortifie les cheveux<\/h4>\n<\/div>\n<div class=\"short_description_block hidden-xs hidden-sm\">\n<div id=\"short_description_content\" class=\"rte align_justify\">\n<p>Apporte volume et brillance<br \/>\nTous types de cheveux<br \/>\nHenn\u00e9 100% naturel<br \/>\nR\u00e9colt\u00e9 \u00e0 la main<\/p>\n<p>250 g <strong>CHF 9.20<br \/>\n<\/strong><\/p>\n<\/div>\n<\/div>\n<p>&nbsp;<\/p>\n<p>&nbsp;<\/p>\n<p>&nbsp;<\/p>\n<p>Pur, le <strong>Henn\u00e9 Naturel<\/strong> Centifolia colore naturellement les cheveux en leur offrant des reflets allant d'un roux cuivr\u00e9 jusqu'\u00e0 une chaude couleur auburn. Ce henn\u00e9 est \u00e9galement le soin de base pour colorer les cheveux blancs.<br \/>\nCe henn\u00e9 est un merveilleux soin naturel qui donnera&nbsp; volume, vigueur et brillance \u00e0 tous les types de cheveux.<\/p>\n<p>Cette poudre est obtenue \u00e0 partir des feuilles de la plante, r\u00e9colt\u00e9es manuellement et s\u00e9ch\u00e9es naturellement au soleil.<\/p>\n<p>Pour plus d'informations sur la <strong>coloration naturelle<\/strong>, n'h\u00e9sitez pas \u00e0 consulter notre <a href=\"https:\/\/bien-etreiris.ch\/guide-lumiere-conseil\/peau-cheveux-ongles\/guide-coloration\/\" target=\"_blank\" rel=\"noopener noreferrer\">guide de la coloration naturelle<\/a>.<\/p>\n<p>Sachet avec fermeture par zip qui permet une meilleure conservation de la poudre.<\/p>\n<p>Emballage garanti sans phtalate ni Bisph\u00e9nol A. Produit non test\u00e9 sur les animaux conform\u00e9ment au r\u00e8glement cosm\u00e9tique 1223\/2009.<\/p>\n","protected":false},"excerpt":{"rendered":"<p>&nbsp; Gaine et fortifie les cheveux Apporte volume et brillance Tous types de cheveux Henn\u00e9 100% naturel R\u00e9colt\u00e9 \u00e0 la main 250 g CHF 9.20 &nbsp; &nbsp; &nbsp; Pur, le Henn\u00e9 Naturel Centifolia colore naturellement les cheveux en leur offrant des reflets allant d'un roux cuivr\u00e9 jusqu'\u00e0 une chaude couleur auburn. Ce henn\u00e9 est \u00e9galement le soin de base pour&nbsp;<a href=\"https:\/\/bien-etreiris.ch\/de\/produktpraesentation\/natuerliche-kosmetik\/haarfaerbung\/henne-naturel\/\" class=\"read-more\">Weiter lesen<\/a><\/p>\n","protected":false},"author":1,"featured_media":40704,"parent":48304,"menu_order":6141,"comment_status":"closed","ping_status":"closed","template":"page-with-child.php","meta":{"_acf_changed":false,"ngg_post_thumbnail":0,"footnotes":""},"class_list":["post-40698","page","type-page","status-publish","has-post-thumbnail","hentry"],"acf":[],"yoast_head":"<!-- This site is optimized with the Yoast SEO plugin v27.3 - https:\/\/yoast.com\/product\/yoast-seo-wordpress\/ -->\n<title>HENNE NATUREL - WOHLBEFINDEN<\/title>\n<meta name=\"robots\" content=\"index, follow, max-snippet:-1, max-image-preview:large, max-video-preview:-1\" \/>\n<link rel=\"canonical\" href=\"https:\/\/bien-etreiris.ch\/de\/produktpraesentation\/natuerliche-kosmetik\/haarfaerbung\/centifolia-haarfaerbung\/henne-naturel\/\" \/>\n<meta property=\"og:locale\" content=\"de_DE\" \/>\n<meta property=\"og:type\" content=\"article\" \/>\n<meta property=\"og:title\" content=\"HENNE NATUREL - WOHLBEFINDEN\" \/>\n<meta property=\"og:description\" content=\"&nbsp; Gaine et fortifie les cheveux Apporte volume et brillance Tous types de cheveux Henn\u00e9 100% naturel R\u00e9colt\u00e9 \u00e0 la main 250 g CHF 9.20 &nbsp; &nbsp; &nbsp; Pur, le Henn\u00e9 Naturel Centifolia colore naturellement les cheveux en leur offrant des reflets allant d&#039;un roux cuivr\u00e9 jusqu&#039;\u00e0 une chaude couleur auburn. Ce henn\u00e9 est \u00e9galement le soin de base pour&nbsp;Weiter lesen\" \/>\n<meta property=\"og:url\" content=\"https:\/\/bien-etreiris.ch\/de\/produktpraesentation\/natuerliche-kosmetik\/haarfaerbung\/centifolia-haarfaerbung\/henne-naturel\/\" \/>\n<meta property=\"og:site_name\" content=\"WOHLBEFINDEN\" \/>\n<meta property=\"article:publisher\" content=\"https:\/\/www.facebook.com\/bienetreiris\/\" \/>\n<meta property=\"article:modified_time\" content=\"2022-10-19T18:03:15+00:00\" \/>\n<meta property=\"og:image\" content=\"https:\/\/bien-etreiris.ch\/wp-content\/uploads\/2021\/03\/Henn\u00e9-naturel-1.jpg\" \/>\n\t<meta property=\"og:image:width\" content=\"500\" \/>\n\t<meta property=\"og:image:height\" content=\"353\" \/>\n\t<meta property=\"og:image:type\" content=\"image\/jpeg\" \/>\n<meta name=\"twitter:label1\" content=\"Gesch\u00e4tzte Lesezeit\" \/>\n\t<meta name=\"twitter:data1\" content=\"1\u00a0Minute\" \/>\n<script type=\"application\/ld+json\" class=\"yoast-schema-graph\">{\"@context\":\"https:\\\/\\\/schema.org\",\"@graph\":[{\"@type\":\"WebPage\",\"@id\":\"https:\\\/\\\/bien-etreiris.ch\\\/de\\\/produktpraesentation\\\/natuerliche-kosmetik\\\/haarfaerbung\\\/centifolia-haarfaerbung\\\/henne-naturel\\\/\",\"url\":\"https:\\\/\\\/bien-etreiris.ch\\\/de\\\/produktpraesentation\\\/natuerliche-kosmetik\\\/haarfaerbung\\\/centifolia-haarfaerbung\\\/henne-naturel\\\/\",\"name\":\"HENNE NATUREL - WOHLBEFINDEN\",\"isPartOf\":{\"@id\":\"https:\\\/\\\/bien-etreiris.ch\\\/de\\\/#website\"},\"primaryImageOfPage\":{\"@id\":\"https:\\\/\\\/bien-etreiris.ch\\\/de\\\/produktpraesentation\\\/natuerliche-kosmetik\\\/haarfaerbung\\\/centifolia-haarfaerbung\\\/henne-naturel\\\/#primaryimage\"},\"image\":{\"@id\":\"https:\\\/\\\/bien-etreiris.ch\\\/de\\\/produktpraesentation\\\/natuerliche-kosmetik\\\/haarfaerbung\\\/centifolia-haarfaerbung\\\/henne-naturel\\\/#primaryimage\"},\"thumbnailUrl\":\"https:\\\/\\\/bien-etreiris.ch\\\/wp-content\\\/uploads\\\/2021\\\/03\\\/Henn\u00e9-naturel-1.jpg\",\"datePublished\":\"2021-03-22T10:58:29+00:00\",\"dateModified\":\"2022-10-19T18:03:15+00:00\",\"breadcrumb\":{\"@id\":\"https:\\\/\\\/bien-etreiris.ch\\\/de\\\/produktpraesentation\\\/natuerliche-kosmetik\\\/haarfaerbung\\\/centifolia-haarfaerbung\\\/henne-naturel\\\/#breadcrumb\"},\"inLanguage\":\"de\",\"potentialAction\":[{\"@type\":\"ReadAction\",\"target\":[\"https:\\\/\\\/bien-etreiris.ch\\\/de\\\/produktpraesentation\\\/natuerliche-kosmetik\\\/haarfaerbung\\\/centifolia-haarfaerbung\\\/henne-naturel\\\/\"]}]},{\"@type\":\"ImageObject\",\"inLanguage\":\"de\",\"@id\":\"https:\\\/\\\/bien-etreiris.ch\\\/de\\\/produktpraesentation\\\/natuerliche-kosmetik\\\/haarfaerbung\\\/centifolia-haarfaerbung\\\/henne-naturel\\\/#primaryimage\",\"url\":\"https:\\\/\\\/bien-etreiris.ch\\\/wp-content\\\/uploads\\\/2021\\\/03\\\/Henn\u00e9-naturel-1.jpg\",\"contentUrl\":\"https:\\\/\\\/bien-etreiris.ch\\\/wp-content\\\/uploads\\\/2021\\\/03\\\/Henn\u00e9-naturel-1.jpg\",\"width\":500,\"height\":353},{\"@type\":\"BreadcrumbList\",\"@id\":\"https:\\\/\\\/bien-etreiris.ch\\\/de\\\/produktpraesentation\\\/natuerliche-kosmetik\\\/haarfaerbung\\\/centifolia-haarfaerbung\\\/henne-naturel\\\/#breadcrumb\",\"itemListElement\":[{\"@type\":\"ListItem\",\"position\":1,\"name\":\"Home\",\"item\":\"https:\\\/\\\/bien-etreiris.ch\\\/de\\\/\"},{\"@type\":\"ListItem\",\"position\":2,\"name\":\"PRODUKTPR\u00c4SENTATION\",\"item\":\"https:\\\/\\\/bien-etreiris.ch\\\/de\\\/produktpraesentation\\\/\"},{\"@type\":\"ListItem\",\"position\":3,\"name\":\"NAT\u00dcRLICHE KOSMETIK\",\"item\":\"https:\\\/\\\/bien-etreiris.ch\\\/de\\\/produktpraesentation\\\/natuerliche-kosmetik\\\/\"},{\"@type\":\"ListItem\",\"position\":4,\"name\":\"HAARF\u00c4RBUNG\",\"item\":\"https:\\\/\\\/bien-etreiris.ch\\\/de\\\/produktpraesentation\\\/natuerliche-kosmetik\\\/haarfaerbung\\\/\"},{\"@type\":\"ListItem\",\"position\":5,\"name\":\"CENTIFOLIA\",\"item\":\"https:\\\/\\\/bien-etreiris.ch\\\/de\\\/produktpraesentation\\\/natuerliche-kosmetik\\\/haarfaerbung\\\/centifolia-haarfaerbung\\\/\"},{\"@type\":\"ListItem\",\"position\":6,\"name\":\"HENNE NATUREL\"}]},{\"@type\":\"WebSite\",\"@id\":\"https:\\\/\\\/bien-etreiris.ch\\\/de\\\/#website\",\"url\":\"https:\\\/\\\/bien-etreiris.ch\\\/de\\\/\",\"name\":\"Bien-\u00eatre Iris\",\"description\":\"IHRE Gesundheit ist uns wichtig\",\"potentialAction\":[{\"@type\":\"SearchAction\",\"target\":{\"@type\":\"EntryPoint\",\"urlTemplate\":\"https:\\\/\\\/bien-etreiris.ch\\\/de\\\/?s={search_term_string}\"},\"query-input\":{\"@type\":\"PropertyValueSpecification\",\"valueRequired\":true,\"valueName\":\"search_term_string\"}}],\"inLanguage\":\"de\"}]}<\/script>\n<!-- \/ Yoast SEO plugin. -->","yoast_head_json":{"title":"HENNE NATUREL - WOHLBEFINDEN","robots":{"index":"index","follow":"follow","max-snippet":"max-snippet:-1","max-image-preview":"max-image-preview:large","max-video-preview":"max-video-preview:-1"},"canonical":"https:\/\/bien-etreiris.ch\/de\/produktpraesentation\/natuerliche-kosmetik\/haarfaerbung\/centifolia-haarfaerbung\/henne-naturel\/","og_locale":"de_DE","og_type":"article","og_title":"HENNE NATUREL - WOHLBEFINDEN","og_description":"&nbsp; Gaine et fortifie les cheveux Apporte volume et brillance Tous types de cheveux Henn\u00e9 100% naturel R\u00e9colt\u00e9 \u00e0 la main 250 g CHF 9.20 &nbsp; &nbsp; &nbsp; Pur, le Henn\u00e9 Naturel Centifolia colore naturellement les cheveux en leur offrant des reflets allant d'un roux cuivr\u00e9 jusqu'\u00e0 une chaude couleur auburn. Ce henn\u00e9 est \u00e9galement le soin de base pour&nbsp;Weiter lesen","og_url":"https:\/\/bien-etreiris.ch\/de\/produktpraesentation\/natuerliche-kosmetik\/haarfaerbung\/centifolia-haarfaerbung\/henne-naturel\/","og_site_name":"WOHLBEFINDEN","article_publisher":"https:\/\/www.facebook.com\/bienetreiris\/","article_modified_time":"2022-10-19T18:03:15+00:00","og_image":[{"width":500,"height":353,"url":"https:\/\/bien-etreiris.ch\/wp-content\/uploads\/2021\/03\/Henn\u00e9-naturel-1.jpg","type":"image\/jpeg"}],"twitter_misc":{"Gesch\u00e4tzte Lesezeit":"1\u00a0Minute"},"schema":{"@context":"https:\/\/schema.org","@graph":[{"@type":"WebPage","@id":"https:\/\/bien-etreiris.ch\/de\/produktpraesentation\/natuerliche-kosmetik\/haarfaerbung\/centifolia-haarfaerbung\/henne-naturel\/","url":"https:\/\/bien-etreiris.ch\/de\/produktpraesentation\/natuerliche-kosmetik\/haarfaerbung\/centifolia-haarfaerbung\/henne-naturel\/","name":"HENNE NATUREL - WOHLBEFINDEN","isPartOf":{"@id":"https:\/\/bien-etreiris.ch\/de\/#website"},"primaryImageOfPage":{"@id":"https:\/\/bien-etreiris.ch\/de\/produktpraesentation\/natuerliche-kosmetik\/haarfaerbung\/centifolia-haarfaerbung\/henne-naturel\/#primaryimage"},"image":{"@id":"https:\/\/bien-etreiris.ch\/de\/produktpraesentation\/natuerliche-kosmetik\/haarfaerbung\/centifolia-haarfaerbung\/henne-naturel\/#primaryimage"},"thumbnailUrl":"https:\/\/bien-etreiris.ch\/wp-content\/uploads\/2021\/03\/Henn\u00e9-naturel-1.jpg","datePublished":"2021-03-22T10:58:29+00:00","dateModified":"2022-10-19T18:03:15+00:00","breadcrumb":{"@id":"https:\/\/bien-etreiris.ch\/de\/produktpraesentation\/natuerliche-kosmetik\/haarfaerbung\/centifolia-haarfaerbung\/henne-naturel\/#breadcrumb"},"inLanguage":"de","potentialAction":[{"@type":"ReadAction","target":["https:\/\/bien-etreiris.ch\/de\/produktpraesentation\/natuerliche-kosmetik\/haarfaerbung\/centifolia-haarfaerbung\/henne-naturel\/"]}]},{"@type":"ImageObject","inLanguage":"de","@id":"https:\/\/bien-etreiris.ch\/de\/produktpraesentation\/natuerliche-kosmetik\/haarfaerbung\/centifolia-haarfaerbung\/henne-naturel\/#primaryimage","url":"https:\/\/bien-etreiris.ch\/wp-content\/uploads\/2021\/03\/Henn\u00e9-naturel-1.jpg","contentUrl":"https:\/\/bien-etreiris.ch\/wp-content\/uploads\/2021\/03\/Henn\u00e9-naturel-1.jpg","width":500,"height":353},{"@type":"BreadcrumbList","@id":"https:\/\/bien-etreiris.ch\/de\/produktpraesentation\/natuerliche-kosmetik\/haarfaerbung\/centifolia-haarfaerbung\/henne-naturel\/#breadcrumb","itemListElement":[{"@type":"ListItem","position":1,"name":"Home","item":"https:\/\/bien-etreiris.ch\/de\/"},{"@type":"ListItem","position":2,"name":"PRODUKTPR\u00c4SENTATION","item":"https:\/\/bien-etreiris.ch\/de\/produktpraesentation\/"},{"@type":"ListItem","position":3,"name":"NAT\u00dcRLICHE KOSMETIK","item":"https:\/\/bien-etreiris.ch\/de\/produktpraesentation\/natuerliche-kosmetik\/"},{"@type":"ListItem","position":4,"name":"HAARF\u00c4RBUNG","item":"https:\/\/bien-etreiris.ch\/de\/produktpraesentation\/natuerliche-kosmetik\/haarfaerbung\/"},{"@type":"ListItem","position":5,"name":"CENTIFOLIA","item":"https:\/\/bien-etreiris.ch\/de\/produktpraesentation\/natuerliche-kosmetik\/haarfaerbung\/centifolia-haarfaerbung\/"},{"@type":"ListItem","position":6,"name":"HENNE NATUREL"}]},{"@type":"WebSite","@id":"https:\/\/bien-etreiris.ch\/de\/#website","url":"https:\/\/bien-etreiris.ch\/de\/","name":"Bien-\u00eatre Iris","description":"IHRE Gesundheit ist uns wichtig","potentialAction":[{"@type":"SearchAction","target":{"@type":"EntryPoint","urlTemplate":"https:\/\/bien-etreiris.ch\/de\/?s={search_term_string}"},"query-input":{"@type":"PropertyValueSpecification","valueRequired":true,"valueName":"search_term_string"}}],"inLanguage":"de"}]}},"_links":{"self":[{"href":"https:\/\/bien-etreiris.ch\/de\/wp-json\/wp\/v2\/pages\/40698","targetHints":{"allow":["GET"]}}],"collection":[{"href":"https:\/\/bien-etreiris.ch\/de\/wp-json\/wp\/v2\/pages"}],"about":[{"href":"https:\/\/bien-etreiris.ch\/de\/wp-json\/wp\/v2\/types\/page"}],"author":[{"embeddable":true,"href":"https:\/\/bien-etreiris.ch\/de\/wp-json\/wp\/v2\/users\/1"}],"replies":[{"embeddable":true,"href":"https:\/\/bien-etreiris.ch\/de\/wp-json\/wp\/v2\/comments?post=40698"}],"version-history":[{"count":5,"href":"https:\/\/bien-etreiris.ch\/de\/wp-json\/wp\/v2\/pages\/40698\/revisions"}],"predecessor-version":[{"id":61086,"href":"https:\/\/bien-etreiris.ch\/de\/wp-json\/wp\/v2\/pages\/40698\/revisions\/61086"}],"up":[{"embeddable":true,"href":"https:\/\/bien-etreiris.ch\/de\/wp-json\/wp\/v2\/pages\/48304"}],"wp:featuredmedia":[{"embeddable":true,"href":"https:\/\/bien-etreiris.ch\/de\/wp-json\/wp\/v2\/media\/40704"}],"wp:attachment":[{"href":"https:\/\/bien-etreiris.ch\/de\/wp-json\/wp\/v2\/media?parent=40698"}],"curies":[{"name":"wp","href":"https:\/\/api.w.org\/{rel}","templated":true}]}}