{"id":40647,"date":"2021-03-22T09:40:50","date_gmt":"2021-03-22T09:40:50","guid":{"rendered":"https:\/\/bien-etreiris.ch\/henne-blond-venitien\/"},"modified":"2022-10-19T20:03:50","modified_gmt":"2022-10-19T18:03:50","slug":"henne-blond-venitien","status":"publish","type":"page","link":"https:\/\/bien-etreiris.ch\/de\/produktpraesentation\/natuerliche-kosmetik\/haarfaerbung\/henne-blond-venitien\/","title":{"rendered":"HENNE BLOND VENITIEN"},"content":{"rendered":"\n<h2 class=\"wp-block-heading\"> <br>Henn\u00e9 blond v\u00e9nitien <\/h2>\n\n\n<p><a href=\"https:\/\/decoiris.ch\/wp-content\/uploads\/2021\/03\/Henn\u00e9-blond-v\u00e9nitien.png\"><img loading=\"lazy\" decoding=\"async\" class=\"wp-image-40642 size-medium alignleft\" src=\"https:\/\/decoiris.ch\/wp-content\/uploads\/2021\/03\/Henn\u00e9-blond-v\u00e9nitien-300x300.png\" alt=\"\" width=\"300\" height=\"300\" srcset=\"https:\/\/bien-etreiris.ch\/wp-content\/uploads\/2021\/03\/Henn\u00e9-blond-v\u00e9nitien-300x300.png 300w, https:\/\/bien-etreiris.ch\/wp-content\/uploads\/2021\/03\/Henn\u00e9-blond-v\u00e9nitien-150x150.png 150w, https:\/\/bien-etreiris.ch\/wp-content\/uploads\/2021\/03\/Henn\u00e9-blond-v\u00e9nitien.png 530w\" sizes=\"auto, (max-width: 300px) 100vw, 300px\" \/><\/a><\/p>\n<p>&nbsp;<\/p>\n<p>&nbsp;<\/p>\n<div class=\"text_accroche hidden-xs hidden-sm\">\n<h4>Pour cheveux blonds et ch\u00e2tains clairs<\/h4>\n<\/div>\n<div class=\"short_description_block hidden-xs hidden-sm\">\n<div id=\"short_description_content\" class=\"rte align_justify\">\n<p>Couvre les cheveux blancs<br>Henn\u00e9 100% naturel<\/p>\n<p>250 g <strong>CHF 11.90<\/strong><\/p>\n<\/div>\n<\/div>\n<p>&nbsp;<\/p>\n<p>&nbsp;<\/p>\n<p>&nbsp;<\/p>\n<p>&nbsp;<\/p>\n<div id=\"descLink\" class=\"row tabulation\">\n<div class=\"col-md-12 col-xs-12 col-centered\">\n<div id=\"myTabContent\" class=\"tab-content\">\n<div id=\"home\" class=\"tab-pane fade active in\">\n<p>100% naturel, le<strong> Henn\u00e9 Blond v\u00e9nitien<\/strong> Centifolia est un m\u00e9lange de poudres qui, appliqu\u00e9 sur les cheveux blonds \u00e0 ch\u00e2tain clair, ravive leur couleur naturelle en leur apportant de l\u00e9gers reflets cuivr\u00e9s.<br>Ce henn\u00e9 est \u00e9galement un merveilleux soin naturel qui donnera volume, vigueur et brillance \u00e0 tous les types de cheveux.<\/p>\n<p>Ce henn\u00e9 est un m\u00e9lange de poudres obtenues \u00e0 partir des feuilles des diff\u00e9rentes plantes, r\u00e9colt\u00e9es manuellement et s\u00e9ch\u00e9es naturellement au soleil.<\/p>\n<p>Pour plus d'informations sur la <strong>coloration naturelle<\/strong>, n'h\u00e9sitez pas \u00e0 consulter notre <a href=\"https:\/\/bien-etreiris.ch\/guide-lumiere-conseil\/peau-cheveux-ongles\/guide-coloration\/\" target=\"_blank\" rel=\"noopener noreferrer\">guide de la coloration naturelle<\/a>.<\/p>\n<p>Sachet avec fermeture par zip qui permet une meilleure conservation de la poudre.<\/p>\n<p>Emballage garanti sans phtalate ni Bisph\u00e9nol A. Produit non test\u00e9 sur les animaux conform\u00e9ment au r\u00e8glement cosm\u00e9tique 1223\/2009.<\/p>\n<\/div>\n<\/div>\n<\/div>\n<\/div>\n<div class=\"row\">\n<section class=\"page-product-box col-md-12 col-centered\">\n<div class=\"container\">\n<div class=\"avis_content\">\n<div class=\"\">\n<h3 id=\"#idTab5\" class=\"page-product-heading reviews\">&nbsp;<\/h3>\n<\/div>\n<\/div>\n<\/div>\n<\/section>\n<\/div>","protected":false},"excerpt":{"rendered":"<p>Henn\u00e9 blond v\u00e9nitien &nbsp; &nbsp; Pour cheveux blonds et ch\u00e2tains clairs Couvre les cheveux blancsHenn\u00e9 100% naturel 250 g CHF 11.90 &nbsp; &nbsp; &nbsp; &nbsp; 100% naturel, le Henn\u00e9 Blond v\u00e9nitien Centifolia est un m\u00e9lange de poudres qui, appliqu\u00e9 sur les cheveux blonds \u00e0 ch\u00e2tain clair, ravive leur couleur naturelle en leur apportant de l\u00e9gers reflets cuivr\u00e9s.Ce henn\u00e9 est \u00e9galement&nbsp;<a href=\"https:\/\/bien-etreiris.ch\/de\/produktpraesentation\/natuerliche-kosmetik\/haarfaerbung\/henne-blond-venitien\/\" class=\"read-more\">Weiter lesen<\/a><\/p>\n","protected":false},"author":1,"featured_media":40641,"parent":48304,"menu_order":6150,"comment_status":"closed","ping_status":"closed","template":"page-with-child.php","meta":{"_acf_changed":false,"ngg_post_thumbnail":0,"footnotes":""},"class_list":["post-40647","page","type-page","status-publish","has-post-thumbnail","hentry"],"acf":[],"yoast_head":"<!-- This site is optimized with the Yoast SEO plugin v27.3 - https:\/\/yoast.com\/product\/yoast-seo-wordpress\/ -->\n<title>HENNE BLOND VENITIEN - WOHLBEFINDEN<\/title>\n<meta name=\"robots\" content=\"index, follow, max-snippet:-1, max-image-preview:large, max-video-preview:-1\" \/>\n<link rel=\"canonical\" href=\"https:\/\/bien-etreiris.ch\/de\/produktpraesentation\/natuerliche-kosmetik\/haarfaerbung\/centifolia-haarfaerbung\/henne-blond-venitien\/\" \/>\n<meta property=\"og:locale\" content=\"de_DE\" \/>\n<meta property=\"og:type\" content=\"article\" \/>\n<meta property=\"og:title\" content=\"HENNE BLOND VENITIEN - WOHLBEFINDEN\" \/>\n<meta property=\"og:description\" content=\"Henn\u00e9 blond v\u00e9nitien &nbsp; &nbsp; Pour cheveux blonds et ch\u00e2tains clairs Couvre les cheveux blancsHenn\u00e9 100% naturel 250 g CHF 11.90 &nbsp; &nbsp; &nbsp; &nbsp; 100% naturel, le Henn\u00e9 Blond v\u00e9nitien Centifolia est un m\u00e9lange de poudres qui, appliqu\u00e9 sur les cheveux blonds \u00e0 ch\u00e2tain clair, ravive leur couleur naturelle en leur apportant de l\u00e9gers reflets cuivr\u00e9s.Ce henn\u00e9 est \u00e9galement&nbsp;Weiter lesen\" \/>\n<meta property=\"og:url\" content=\"https:\/\/bien-etreiris.ch\/de\/produktpraesentation\/natuerliche-kosmetik\/haarfaerbung\/centifolia-haarfaerbung\/henne-blond-venitien\/\" \/>\n<meta property=\"og:site_name\" content=\"WOHLBEFINDEN\" \/>\n<meta property=\"article:publisher\" content=\"https:\/\/www.facebook.com\/bienetreiris\/\" \/>\n<meta property=\"article:modified_time\" content=\"2022-10-19T18:03:50+00:00\" \/>\n<meta property=\"og:image\" content=\"https:\/\/bien-etreiris.ch\/wp-content\/uploads\/2021\/03\/Henn\u00e9-blond-v\u00e9nitien.jpg\" \/>\n\t<meta property=\"og:image:width\" content=\"500\" \/>\n\t<meta property=\"og:image:height\" content=\"334\" \/>\n\t<meta property=\"og:image:type\" content=\"image\/jpeg\" \/>\n<meta name=\"twitter:label1\" content=\"Gesch\u00e4tzte Lesezeit\" \/>\n\t<meta name=\"twitter:data1\" content=\"1\u00a0Minute\" \/>\n<script type=\"application\/ld+json\" class=\"yoast-schema-graph\">{\"@context\":\"https:\\\/\\\/schema.org\",\"@graph\":[{\"@type\":\"WebPage\",\"@id\":\"https:\\\/\\\/bien-etreiris.ch\\\/de\\\/produktpraesentation\\\/natuerliche-kosmetik\\\/haarfaerbung\\\/centifolia-haarfaerbung\\\/henne-blond-venitien\\\/\",\"url\":\"https:\\\/\\\/bien-etreiris.ch\\\/de\\\/produktpraesentation\\\/natuerliche-kosmetik\\\/haarfaerbung\\\/centifolia-haarfaerbung\\\/henne-blond-venitien\\\/\",\"name\":\"HENNE BLOND VENITIEN - WOHLBEFINDEN\",\"isPartOf\":{\"@id\":\"https:\\\/\\\/bien-etreiris.ch\\\/de\\\/#website\"},\"primaryImageOfPage\":{\"@id\":\"https:\\\/\\\/bien-etreiris.ch\\\/de\\\/produktpraesentation\\\/natuerliche-kosmetik\\\/haarfaerbung\\\/centifolia-haarfaerbung\\\/henne-blond-venitien\\\/#primaryimage\"},\"image\":{\"@id\":\"https:\\\/\\\/bien-etreiris.ch\\\/de\\\/produktpraesentation\\\/natuerliche-kosmetik\\\/haarfaerbung\\\/centifolia-haarfaerbung\\\/henne-blond-venitien\\\/#primaryimage\"},\"thumbnailUrl\":\"https:\\\/\\\/bien-etreiris.ch\\\/wp-content\\\/uploads\\\/2021\\\/03\\\/Henn\u00e9-blond-v\u00e9nitien.jpg\",\"datePublished\":\"2021-03-22T09:40:50+00:00\",\"dateModified\":\"2022-10-19T18:03:50+00:00\",\"breadcrumb\":{\"@id\":\"https:\\\/\\\/bien-etreiris.ch\\\/de\\\/produktpraesentation\\\/natuerliche-kosmetik\\\/haarfaerbung\\\/centifolia-haarfaerbung\\\/henne-blond-venitien\\\/#breadcrumb\"},\"inLanguage\":\"de\",\"potentialAction\":[{\"@type\":\"ReadAction\",\"target\":[\"https:\\\/\\\/bien-etreiris.ch\\\/de\\\/produktpraesentation\\\/natuerliche-kosmetik\\\/haarfaerbung\\\/centifolia-haarfaerbung\\\/henne-blond-venitien\\\/\"]}]},{\"@type\":\"ImageObject\",\"inLanguage\":\"de\",\"@id\":\"https:\\\/\\\/bien-etreiris.ch\\\/de\\\/produktpraesentation\\\/natuerliche-kosmetik\\\/haarfaerbung\\\/centifolia-haarfaerbung\\\/henne-blond-venitien\\\/#primaryimage\",\"url\":\"https:\\\/\\\/bien-etreiris.ch\\\/wp-content\\\/uploads\\\/2021\\\/03\\\/Henn\u00e9-blond-v\u00e9nitien.jpg\",\"contentUrl\":\"https:\\\/\\\/bien-etreiris.ch\\\/wp-content\\\/uploads\\\/2021\\\/03\\\/Henn\u00e9-blond-v\u00e9nitien.jpg\",\"width\":500,\"height\":334},{\"@type\":\"BreadcrumbList\",\"@id\":\"https:\\\/\\\/bien-etreiris.ch\\\/de\\\/produktpraesentation\\\/natuerliche-kosmetik\\\/haarfaerbung\\\/centifolia-haarfaerbung\\\/henne-blond-venitien\\\/#breadcrumb\",\"itemListElement\":[{\"@type\":\"ListItem\",\"position\":1,\"name\":\"Home\",\"item\":\"https:\\\/\\\/bien-etreiris.ch\\\/de\\\/\"},{\"@type\":\"ListItem\",\"position\":2,\"name\":\"PRODUKTPR\u00c4SENTATION\",\"item\":\"https:\\\/\\\/bien-etreiris.ch\\\/de\\\/produktpraesentation\\\/\"},{\"@type\":\"ListItem\",\"position\":3,\"name\":\"NAT\u00dcRLICHE KOSMETIK\",\"item\":\"https:\\\/\\\/bien-etreiris.ch\\\/de\\\/produktpraesentation\\\/natuerliche-kosmetik\\\/\"},{\"@type\":\"ListItem\",\"position\":4,\"name\":\"HAARF\u00c4RBUNG\",\"item\":\"https:\\\/\\\/bien-etreiris.ch\\\/de\\\/produktpraesentation\\\/natuerliche-kosmetik\\\/haarfaerbung\\\/\"},{\"@type\":\"ListItem\",\"position\":5,\"name\":\"CENTIFOLIA\",\"item\":\"https:\\\/\\\/bien-etreiris.ch\\\/de\\\/produktpraesentation\\\/natuerliche-kosmetik\\\/haarfaerbung\\\/centifolia-haarfaerbung\\\/\"},{\"@type\":\"ListItem\",\"position\":6,\"name\":\"HENNE BLOND VENITIEN\"}]},{\"@type\":\"WebSite\",\"@id\":\"https:\\\/\\\/bien-etreiris.ch\\\/de\\\/#website\",\"url\":\"https:\\\/\\\/bien-etreiris.ch\\\/de\\\/\",\"name\":\"Bien-\u00eatre Iris\",\"description\":\"IHRE Gesundheit ist uns wichtig\",\"potentialAction\":[{\"@type\":\"SearchAction\",\"target\":{\"@type\":\"EntryPoint\",\"urlTemplate\":\"https:\\\/\\\/bien-etreiris.ch\\\/de\\\/?s={search_term_string}\"},\"query-input\":{\"@type\":\"PropertyValueSpecification\",\"valueRequired\":true,\"valueName\":\"search_term_string\"}}],\"inLanguage\":\"de\"}]}<\/script>\n<!-- \/ Yoast SEO plugin. -->","yoast_head_json":{"title":"HENNE BLOND VENITIEN - WOHLBEFINDEN","robots":{"index":"index","follow":"follow","max-snippet":"max-snippet:-1","max-image-preview":"max-image-preview:large","max-video-preview":"max-video-preview:-1"},"canonical":"https:\/\/bien-etreiris.ch\/de\/produktpraesentation\/natuerliche-kosmetik\/haarfaerbung\/centifolia-haarfaerbung\/henne-blond-venitien\/","og_locale":"de_DE","og_type":"article","og_title":"HENNE BLOND VENITIEN - WOHLBEFINDEN","og_description":"Henn\u00e9 blond v\u00e9nitien &nbsp; &nbsp; Pour cheveux blonds et ch\u00e2tains clairs Couvre les cheveux blancsHenn\u00e9 100% naturel 250 g CHF 11.90 &nbsp; &nbsp; &nbsp; &nbsp; 100% naturel, le Henn\u00e9 Blond v\u00e9nitien Centifolia est un m\u00e9lange de poudres qui, appliqu\u00e9 sur les cheveux blonds \u00e0 ch\u00e2tain clair, ravive leur couleur naturelle en leur apportant de l\u00e9gers reflets cuivr\u00e9s.Ce henn\u00e9 est \u00e9galement&nbsp;Weiter lesen","og_url":"https:\/\/bien-etreiris.ch\/de\/produktpraesentation\/natuerliche-kosmetik\/haarfaerbung\/centifolia-haarfaerbung\/henne-blond-venitien\/","og_site_name":"WOHLBEFINDEN","article_publisher":"https:\/\/www.facebook.com\/bienetreiris\/","article_modified_time":"2022-10-19T18:03:50+00:00","og_image":[{"width":500,"height":334,"url":"https:\/\/bien-etreiris.ch\/wp-content\/uploads\/2021\/03\/Henn\u00e9-blond-v\u00e9nitien.jpg","type":"image\/jpeg"}],"twitter_misc":{"Gesch\u00e4tzte Lesezeit":"1\u00a0Minute"},"schema":{"@context":"https:\/\/schema.org","@graph":[{"@type":"WebPage","@id":"https:\/\/bien-etreiris.ch\/de\/produktpraesentation\/natuerliche-kosmetik\/haarfaerbung\/centifolia-haarfaerbung\/henne-blond-venitien\/","url":"https:\/\/bien-etreiris.ch\/de\/produktpraesentation\/natuerliche-kosmetik\/haarfaerbung\/centifolia-haarfaerbung\/henne-blond-venitien\/","name":"HENNE BLOND VENITIEN - WOHLBEFINDEN","isPartOf":{"@id":"https:\/\/bien-etreiris.ch\/de\/#website"},"primaryImageOfPage":{"@id":"https:\/\/bien-etreiris.ch\/de\/produktpraesentation\/natuerliche-kosmetik\/haarfaerbung\/centifolia-haarfaerbung\/henne-blond-venitien\/#primaryimage"},"image":{"@id":"https:\/\/bien-etreiris.ch\/de\/produktpraesentation\/natuerliche-kosmetik\/haarfaerbung\/centifolia-haarfaerbung\/henne-blond-venitien\/#primaryimage"},"thumbnailUrl":"https:\/\/bien-etreiris.ch\/wp-content\/uploads\/2021\/03\/Henn\u00e9-blond-v\u00e9nitien.jpg","datePublished":"2021-03-22T09:40:50+00:00","dateModified":"2022-10-19T18:03:50+00:00","breadcrumb":{"@id":"https:\/\/bien-etreiris.ch\/de\/produktpraesentation\/natuerliche-kosmetik\/haarfaerbung\/centifolia-haarfaerbung\/henne-blond-venitien\/#breadcrumb"},"inLanguage":"de","potentialAction":[{"@type":"ReadAction","target":["https:\/\/bien-etreiris.ch\/de\/produktpraesentation\/natuerliche-kosmetik\/haarfaerbung\/centifolia-haarfaerbung\/henne-blond-venitien\/"]}]},{"@type":"ImageObject","inLanguage":"de","@id":"https:\/\/bien-etreiris.ch\/de\/produktpraesentation\/natuerliche-kosmetik\/haarfaerbung\/centifolia-haarfaerbung\/henne-blond-venitien\/#primaryimage","url":"https:\/\/bien-etreiris.ch\/wp-content\/uploads\/2021\/03\/Henn\u00e9-blond-v\u00e9nitien.jpg","contentUrl":"https:\/\/bien-etreiris.ch\/wp-content\/uploads\/2021\/03\/Henn\u00e9-blond-v\u00e9nitien.jpg","width":500,"height":334},{"@type":"BreadcrumbList","@id":"https:\/\/bien-etreiris.ch\/de\/produktpraesentation\/natuerliche-kosmetik\/haarfaerbung\/centifolia-haarfaerbung\/henne-blond-venitien\/#breadcrumb","itemListElement":[{"@type":"ListItem","position":1,"name":"Home","item":"https:\/\/bien-etreiris.ch\/de\/"},{"@type":"ListItem","position":2,"name":"PRODUKTPR\u00c4SENTATION","item":"https:\/\/bien-etreiris.ch\/de\/produktpraesentation\/"},{"@type":"ListItem","position":3,"name":"NAT\u00dcRLICHE KOSMETIK","item":"https:\/\/bien-etreiris.ch\/de\/produktpraesentation\/natuerliche-kosmetik\/"},{"@type":"ListItem","position":4,"name":"HAARF\u00c4RBUNG","item":"https:\/\/bien-etreiris.ch\/de\/produktpraesentation\/natuerliche-kosmetik\/haarfaerbung\/"},{"@type":"ListItem","position":5,"name":"CENTIFOLIA","item":"https:\/\/bien-etreiris.ch\/de\/produktpraesentation\/natuerliche-kosmetik\/haarfaerbung\/centifolia-haarfaerbung\/"},{"@type":"ListItem","position":6,"name":"HENNE BLOND VENITIEN"}]},{"@type":"WebSite","@id":"https:\/\/bien-etreiris.ch\/de\/#website","url":"https:\/\/bien-etreiris.ch\/de\/","name":"Bien-\u00eatre Iris","description":"IHRE Gesundheit ist uns wichtig","potentialAction":[{"@type":"SearchAction","target":{"@type":"EntryPoint","urlTemplate":"https:\/\/bien-etreiris.ch\/de\/?s={search_term_string}"},"query-input":{"@type":"PropertyValueSpecification","valueRequired":true,"valueName":"search_term_string"}}],"inLanguage":"de"}]}},"_links":{"self":[{"href":"https:\/\/bien-etreiris.ch\/de\/wp-json\/wp\/v2\/pages\/40647","targetHints":{"allow":["GET"]}}],"collection":[{"href":"https:\/\/bien-etreiris.ch\/de\/wp-json\/wp\/v2\/pages"}],"about":[{"href":"https:\/\/bien-etreiris.ch\/de\/wp-json\/wp\/v2\/types\/page"}],"author":[{"embeddable":true,"href":"https:\/\/bien-etreiris.ch\/de\/wp-json\/wp\/v2\/users\/1"}],"replies":[{"embeddable":true,"href":"https:\/\/bien-etreiris.ch\/de\/wp-json\/wp\/v2\/comments?post=40647"}],"version-history":[{"count":5,"href":"https:\/\/bien-etreiris.ch\/de\/wp-json\/wp\/v2\/pages\/40647\/revisions"}],"predecessor-version":[{"id":61089,"href":"https:\/\/bien-etreiris.ch\/de\/wp-json\/wp\/v2\/pages\/40647\/revisions\/61089"}],"up":[{"embeddable":true,"href":"https:\/\/bien-etreiris.ch\/de\/wp-json\/wp\/v2\/pages\/48304"}],"wp:featuredmedia":[{"embeddable":true,"href":"https:\/\/bien-etreiris.ch\/de\/wp-json\/wp\/v2\/media\/40641"}],"wp:attachment":[{"href":"https:\/\/bien-etreiris.ch\/de\/wp-json\/wp\/v2\/media?parent=40647"}],"curies":[{"name":"wp","href":"https:\/\/api.w.org\/{rel}","templated":true}]}}