{"id":40554,"date":"2021-03-22T07:50:45","date_gmt":"2021-03-22T07:50:45","guid":{"rendered":"https:\/\/bien-etreiris.ch\/?page_id=40554"},"modified":"2021-07-12T05:42:12","modified_gmt":"2021-07-12T03:42:12","slug":"hennas-und-faerbepulver","status":"publish","type":"page","link":"https:\/\/bien-etreiris.ch\/de\/ratgeber-klarheit-beratung\/mehr-erfahren\/hygiene-und-koerperpflege\/haare\/ratgeber-fuers-haarfaerben\/hennas-und-faerbepulver\/","title":{"rendered":"HENNAS UND F\u00c4RBEPULVER"},"content":{"rendered":"\n<p><\/p>\n\n\n\n<h2 class=\"wp-block-heading\">Alle unsere Henna- und Farbstoff-Pulver<\/h2>\n\n\n<div id=\"collapse8\" class=\"panel-collapse in\">\n<div class=\"panel-body\">\n<p>Centifolia bietet Ihnen 100% pflanzliche Extrakte, die aus getrockneten Pflanzen gewonnen werden. Rein und ohne Zusatzstoffe. Unsere Farbpulver werden sorgf\u00e4ltig in hermetischen Beuteln verpackt, um die Pigmente zu erhalten.<\/p>\n<table style=\"width: 100%; height: 162px;\">\n<tbody>\n<tr style=\"height: 24px;\">\n<td style=\"height: 24px;\" width=\"148\"><strong>Hennas :<\/strong><\/td>\n<td style=\"height: 24px;\" width=\"148\"><strong>F\u00e4rbepulver Natur <\/strong><\/td>\n<\/tr>\n<tr style=\"height: 24px;\">\n<td style=\"height: 24px;\" width=\"148\">Henna nat\u00fcrlich<\/td>\n<td style=\"height: 24px;\" width=\"148\">Indigo<\/td>\n<\/tr>\n<tr style=\"height: 24px;\">\n<td style=\"height: 24px;\" width=\"148\">Henna neutral<\/td>\n<td style=\"height: 24px;\" width=\"148\">Walnuss Schale<\/td>\n<\/tr>\n<tr style=\"height: 24px;\">\n<td style=\"height: 24px;\" width=\"148\">Henna blond<\/td>\n<td style=\"height: 24px;\" width=\"148\">Kamille<\/td>\n<\/tr>\n<tr style=\"height: 24px;\">\n<td style=\"height: 24px;\" width=\"148\">Henna kastanienbraun <\/td>\n<td style=\"height: 24px;\" width=\"148\">Rhapontisch<\/td>\n<\/tr>\n<tr style=\"height: 24px;\">\n<td style=\"height: 10px;\" width=\"148\">Henna schwarz<\/td>\n<td style=\"height: 10px;\" width=\"148\">F\u00e4rberr\u00f6te<\/td>\n<\/tr>\n<tr style=\"height: 32px;\">\n<td style=\"height: 32px;\" width=\"148\">&nbsp;<\/td>\n<td style=\"height: 32px;\" width=\"148\">Blauholz<\/td>\n<\/tr>\n<\/tbody>\n<\/table>\n<\/div>\n<\/div>","protected":false},"excerpt":{"rendered":"<p>Alle unsere Henna- und Farbstoff-Pulver Centifolia bietet Ihnen 100% pflanzliche Extrakte, die aus getrockneten Pflanzen gewonnen werden. Rein und ohne Zusatzstoffe. Unsere Farbpulver werden sorgf\u00e4ltig in hermetischen Beuteln verpackt, um die Pigmente zu erhalten. Hennas : F\u00e4rbepulver Natur Henna nat\u00fcrlich Indigo Henna neutral Walnuss Schale Henna blond Kamille Henna kastanienbraun Rhapontisch Henna schwarz F\u00e4rberr\u00f6te &nbsp; Blauholz<\/p>\n","protected":false},"author":1,"featured_media":50905,"parent":40469,"menu_order":6164,"comment_status":"closed","ping_status":"closed","template":"page-with-child.php","meta":{"_acf_changed":false,"ngg_post_thumbnail":0,"footnotes":""},"class_list":["post-40554","page","type-page","status-publish","has-post-thumbnail","hentry"],"acf":[],"yoast_head":"<!-- This site is optimized with the Yoast SEO plugin v27.3 - https:\/\/yoast.com\/product\/yoast-seo-wordpress\/ -->\n<title>HENNAS UND F\u00c4RBEPULVER - WOHLBEFINDEN<\/title>\n<meta name=\"robots\" content=\"index, follow, max-snippet:-1, max-image-preview:large, max-video-preview:-1\" \/>\n<link rel=\"canonical\" href=\"https:\/\/bien-etreiris.ch\/de\/ratgeber-klarheit-beratung\/hygiene-und-koerperpflege\/haare\/ratgeber-fuers-haarfaerben\/hennas-und-faerbepulver\/\" \/>\n<meta property=\"og:locale\" content=\"de_DE\" \/>\n<meta property=\"og:type\" content=\"article\" \/>\n<meta property=\"og:title\" content=\"HENNAS UND F\u00c4RBEPULVER - WOHLBEFINDEN\" \/>\n<meta property=\"og:description\" content=\"Alle unsere Henna- und Farbstoff-Pulver Centifolia bietet Ihnen 100% pflanzliche Extrakte, die aus getrockneten Pflanzen gewonnen werden. Rein und ohne Zusatzstoffe. Unsere Farbpulver werden sorgf\u00e4ltig in hermetischen Beuteln verpackt, um die Pigmente zu erhalten. Hennas : F\u00e4rbepulver Natur Henna nat\u00fcrlich Indigo Henna neutral Walnuss Schale Henna blond Kamille Henna kastanienbraun Rhapontisch Henna schwarz F\u00e4rberr\u00f6te &nbsp; Blauholz\" \/>\n<meta property=\"og:url\" content=\"https:\/\/bien-etreiris.ch\/de\/ratgeber-klarheit-beratung\/hygiene-und-koerperpflege\/haare\/ratgeber-fuers-haarfaerben\/hennas-und-faerbepulver\/\" \/>\n<meta property=\"og:site_name\" content=\"WOHLBEFINDEN\" \/>\n<meta property=\"article:publisher\" content=\"https:\/\/www.facebook.com\/bienetreiris\/\" \/>\n<meta property=\"article:modified_time\" content=\"2021-07-12T03:42:12+00:00\" \/>\n<meta property=\"og:image\" content=\"https:\/\/bien-etreiris.ch\/wp-content\/uploads\/2021\/06\/Acceuil-4.jpg\" \/>\n\t<meta property=\"og:image:width\" content=\"500\" \/>\n\t<meta property=\"og:image:height\" content=\"332\" \/>\n\t<meta property=\"og:image:type\" content=\"image\/jpeg\" \/>\n<meta name=\"twitter:label1\" content=\"Gesch\u00e4tzte Lesezeit\" \/>\n\t<meta name=\"twitter:data1\" content=\"1\u00a0Minute\" \/>\n<script type=\"application\/ld+json\" class=\"yoast-schema-graph\">{\"@context\":\"https:\\\/\\\/schema.org\",\"@graph\":[{\"@type\":\"WebPage\",\"@id\":\"https:\\\/\\\/bien-etreiris.ch\\\/de\\\/ratgeber-klarheit-beratung\\\/hygiene-und-koerperpflege\\\/haare\\\/ratgeber-fuers-haarfaerben\\\/hennas-und-faerbepulver\\\/\",\"url\":\"https:\\\/\\\/bien-etreiris.ch\\\/de\\\/ratgeber-klarheit-beratung\\\/hygiene-und-koerperpflege\\\/haare\\\/ratgeber-fuers-haarfaerben\\\/hennas-und-faerbepulver\\\/\",\"name\":\"HENNAS UND F\u00c4RBEPULVER - WOHLBEFINDEN\",\"isPartOf\":{\"@id\":\"https:\\\/\\\/bien-etreiris.ch\\\/de\\\/#website\"},\"primaryImageOfPage\":{\"@id\":\"https:\\\/\\\/bien-etreiris.ch\\\/de\\\/ratgeber-klarheit-beratung\\\/hygiene-und-koerperpflege\\\/haare\\\/ratgeber-fuers-haarfaerben\\\/hennas-und-faerbepulver\\\/#primaryimage\"},\"image\":{\"@id\":\"https:\\\/\\\/bien-etreiris.ch\\\/de\\\/ratgeber-klarheit-beratung\\\/hygiene-und-koerperpflege\\\/haare\\\/ratgeber-fuers-haarfaerben\\\/hennas-und-faerbepulver\\\/#primaryimage\"},\"thumbnailUrl\":\"https:\\\/\\\/bien-etreiris.ch\\\/wp-content\\\/uploads\\\/2021\\\/06\\\/Acceuil-4.jpg\",\"datePublished\":\"2021-03-22T07:50:45+00:00\",\"dateModified\":\"2021-07-12T03:42:12+00:00\",\"breadcrumb\":{\"@id\":\"https:\\\/\\\/bien-etreiris.ch\\\/de\\\/ratgeber-klarheit-beratung\\\/hygiene-und-koerperpflege\\\/haare\\\/ratgeber-fuers-haarfaerben\\\/hennas-und-faerbepulver\\\/#breadcrumb\"},\"inLanguage\":\"de\",\"potentialAction\":[{\"@type\":\"ReadAction\",\"target\":[\"https:\\\/\\\/bien-etreiris.ch\\\/de\\\/ratgeber-klarheit-beratung\\\/hygiene-und-koerperpflege\\\/haare\\\/ratgeber-fuers-haarfaerben\\\/hennas-und-faerbepulver\\\/\"]}]},{\"@type\":\"ImageObject\",\"inLanguage\":\"de\",\"@id\":\"https:\\\/\\\/bien-etreiris.ch\\\/de\\\/ratgeber-klarheit-beratung\\\/hygiene-und-koerperpflege\\\/haare\\\/ratgeber-fuers-haarfaerben\\\/hennas-und-faerbepulver\\\/#primaryimage\",\"url\":\"https:\\\/\\\/bien-etreiris.ch\\\/wp-content\\\/uploads\\\/2021\\\/06\\\/Acceuil-4.jpg\",\"contentUrl\":\"https:\\\/\\\/bien-etreiris.ch\\\/wp-content\\\/uploads\\\/2021\\\/06\\\/Acceuil-4.jpg\",\"width\":500,\"height\":332},{\"@type\":\"BreadcrumbList\",\"@id\":\"https:\\\/\\\/bien-etreiris.ch\\\/de\\\/ratgeber-klarheit-beratung\\\/hygiene-und-koerperpflege\\\/haare\\\/ratgeber-fuers-haarfaerben\\\/hennas-und-faerbepulver\\\/#breadcrumb\",\"itemListElement\":[{\"@type\":\"ListItem\",\"position\":1,\"name\":\"Home\",\"item\":\"https:\\\/\\\/bien-etreiris.ch\\\/de\\\/\"},{\"@type\":\"ListItem\",\"position\":2,\"name\":\"RATGEBER &#038; KLARHEIT\",\"item\":\"https:\\\/\\\/bien-etreiris.ch\\\/de\\\/ratgeber-klarheit-beratung\\\/\"},{\"@type\":\"ListItem\",\"position\":3,\"name\":\"HYGIENE &#038; PFLEGE\",\"item\":\"https:\\\/\\\/bien-etreiris.ch\\\/de\\\/ratgeber-klarheit-beratung\\\/hygiene-und-koerperpflege\\\/\"},{\"@type\":\"ListItem\",\"position\":4,\"name\":\"HAARE\",\"item\":\"https:\\\/\\\/bien-etreiris.ch\\\/de\\\/ratgeber-klarheit-beratung\\\/hygiene-und-koerperpflege\\\/haare\\\/\"},{\"@type\":\"ListItem\",\"position\":5,\"name\":\"RATGEBER F\u00dcRS HAARF\u00c4RBEN\",\"item\":\"https:\\\/\\\/bien-etreiris.ch\\\/de\\\/ratgeber-klarheit-beratung\\\/hygiene-und-koerperpflege\\\/haare\\\/ratgeber-fuers-haarfaerben\\\/\"},{\"@type\":\"ListItem\",\"position\":6,\"name\":\"HENNAS UND F\u00c4RBEPULVER\"}]},{\"@type\":\"WebSite\",\"@id\":\"https:\\\/\\\/bien-etreiris.ch\\\/de\\\/#website\",\"url\":\"https:\\\/\\\/bien-etreiris.ch\\\/de\\\/\",\"name\":\"Bien-\u00eatre Iris\",\"description\":\"IHRE Gesundheit ist uns wichtig\",\"potentialAction\":[{\"@type\":\"SearchAction\",\"target\":{\"@type\":\"EntryPoint\",\"urlTemplate\":\"https:\\\/\\\/bien-etreiris.ch\\\/de\\\/?s={search_term_string}\"},\"query-input\":{\"@type\":\"PropertyValueSpecification\",\"valueRequired\":true,\"valueName\":\"search_term_string\"}}],\"inLanguage\":\"de\"}]}<\/script>\n<!-- \/ Yoast SEO plugin. -->","yoast_head_json":{"title":"HENNAS UND F\u00c4RBEPULVER - WOHLBEFINDEN","robots":{"index":"index","follow":"follow","max-snippet":"max-snippet:-1","max-image-preview":"max-image-preview:large","max-video-preview":"max-video-preview:-1"},"canonical":"https:\/\/bien-etreiris.ch\/de\/ratgeber-klarheit-beratung\/hygiene-und-koerperpflege\/haare\/ratgeber-fuers-haarfaerben\/hennas-und-faerbepulver\/","og_locale":"de_DE","og_type":"article","og_title":"HENNAS UND F\u00c4RBEPULVER - WOHLBEFINDEN","og_description":"Alle unsere Henna- und Farbstoff-Pulver Centifolia bietet Ihnen 100% pflanzliche Extrakte, die aus getrockneten Pflanzen gewonnen werden. Rein und ohne Zusatzstoffe. Unsere Farbpulver werden sorgf\u00e4ltig in hermetischen Beuteln verpackt, um die Pigmente zu erhalten. Hennas : F\u00e4rbepulver Natur Henna nat\u00fcrlich Indigo Henna neutral Walnuss Schale Henna blond Kamille Henna kastanienbraun Rhapontisch Henna schwarz F\u00e4rberr\u00f6te &nbsp; Blauholz","og_url":"https:\/\/bien-etreiris.ch\/de\/ratgeber-klarheit-beratung\/hygiene-und-koerperpflege\/haare\/ratgeber-fuers-haarfaerben\/hennas-und-faerbepulver\/","og_site_name":"WOHLBEFINDEN","article_publisher":"https:\/\/www.facebook.com\/bienetreiris\/","article_modified_time":"2021-07-12T03:42:12+00:00","og_image":[{"width":500,"height":332,"url":"https:\/\/bien-etreiris.ch\/wp-content\/uploads\/2021\/06\/Acceuil-4.jpg","type":"image\/jpeg"}],"twitter_misc":{"Gesch\u00e4tzte Lesezeit":"1\u00a0Minute"},"schema":{"@context":"https:\/\/schema.org","@graph":[{"@type":"WebPage","@id":"https:\/\/bien-etreiris.ch\/de\/ratgeber-klarheit-beratung\/hygiene-und-koerperpflege\/haare\/ratgeber-fuers-haarfaerben\/hennas-und-faerbepulver\/","url":"https:\/\/bien-etreiris.ch\/de\/ratgeber-klarheit-beratung\/hygiene-und-koerperpflege\/haare\/ratgeber-fuers-haarfaerben\/hennas-und-faerbepulver\/","name":"HENNAS UND F\u00c4RBEPULVER - WOHLBEFINDEN","isPartOf":{"@id":"https:\/\/bien-etreiris.ch\/de\/#website"},"primaryImageOfPage":{"@id":"https:\/\/bien-etreiris.ch\/de\/ratgeber-klarheit-beratung\/hygiene-und-koerperpflege\/haare\/ratgeber-fuers-haarfaerben\/hennas-und-faerbepulver\/#primaryimage"},"image":{"@id":"https:\/\/bien-etreiris.ch\/de\/ratgeber-klarheit-beratung\/hygiene-und-koerperpflege\/haare\/ratgeber-fuers-haarfaerben\/hennas-und-faerbepulver\/#primaryimage"},"thumbnailUrl":"https:\/\/bien-etreiris.ch\/wp-content\/uploads\/2021\/06\/Acceuil-4.jpg","datePublished":"2021-03-22T07:50:45+00:00","dateModified":"2021-07-12T03:42:12+00:00","breadcrumb":{"@id":"https:\/\/bien-etreiris.ch\/de\/ratgeber-klarheit-beratung\/hygiene-und-koerperpflege\/haare\/ratgeber-fuers-haarfaerben\/hennas-und-faerbepulver\/#breadcrumb"},"inLanguage":"de","potentialAction":[{"@type":"ReadAction","target":["https:\/\/bien-etreiris.ch\/de\/ratgeber-klarheit-beratung\/hygiene-und-koerperpflege\/haare\/ratgeber-fuers-haarfaerben\/hennas-und-faerbepulver\/"]}]},{"@type":"ImageObject","inLanguage":"de","@id":"https:\/\/bien-etreiris.ch\/de\/ratgeber-klarheit-beratung\/hygiene-und-koerperpflege\/haare\/ratgeber-fuers-haarfaerben\/hennas-und-faerbepulver\/#primaryimage","url":"https:\/\/bien-etreiris.ch\/wp-content\/uploads\/2021\/06\/Acceuil-4.jpg","contentUrl":"https:\/\/bien-etreiris.ch\/wp-content\/uploads\/2021\/06\/Acceuil-4.jpg","width":500,"height":332},{"@type":"BreadcrumbList","@id":"https:\/\/bien-etreiris.ch\/de\/ratgeber-klarheit-beratung\/hygiene-und-koerperpflege\/haare\/ratgeber-fuers-haarfaerben\/hennas-und-faerbepulver\/#breadcrumb","itemListElement":[{"@type":"ListItem","position":1,"name":"Home","item":"https:\/\/bien-etreiris.ch\/de\/"},{"@type":"ListItem","position":2,"name":"RATGEBER &#038; KLARHEIT","item":"https:\/\/bien-etreiris.ch\/de\/ratgeber-klarheit-beratung\/"},{"@type":"ListItem","position":3,"name":"HYGIENE &#038; PFLEGE","item":"https:\/\/bien-etreiris.ch\/de\/ratgeber-klarheit-beratung\/hygiene-und-koerperpflege\/"},{"@type":"ListItem","position":4,"name":"HAARE","item":"https:\/\/bien-etreiris.ch\/de\/ratgeber-klarheit-beratung\/hygiene-und-koerperpflege\/haare\/"},{"@type":"ListItem","position":5,"name":"RATGEBER F\u00dcRS HAARF\u00c4RBEN","item":"https:\/\/bien-etreiris.ch\/de\/ratgeber-klarheit-beratung\/hygiene-und-koerperpflege\/haare\/ratgeber-fuers-haarfaerben\/"},{"@type":"ListItem","position":6,"name":"HENNAS UND F\u00c4RBEPULVER"}]},{"@type":"WebSite","@id":"https:\/\/bien-etreiris.ch\/de\/#website","url":"https:\/\/bien-etreiris.ch\/de\/","name":"Bien-\u00eatre Iris","description":"IHRE Gesundheit ist uns wichtig","potentialAction":[{"@type":"SearchAction","target":{"@type":"EntryPoint","urlTemplate":"https:\/\/bien-etreiris.ch\/de\/?s={search_term_string}"},"query-input":{"@type":"PropertyValueSpecification","valueRequired":true,"valueName":"search_term_string"}}],"inLanguage":"de"}]}},"_links":{"self":[{"href":"https:\/\/bien-etreiris.ch\/de\/wp-json\/wp\/v2\/pages\/40554","targetHints":{"allow":["GET"]}}],"collection":[{"href":"https:\/\/bien-etreiris.ch\/de\/wp-json\/wp\/v2\/pages"}],"about":[{"href":"https:\/\/bien-etreiris.ch\/de\/wp-json\/wp\/v2\/types\/page"}],"author":[{"embeddable":true,"href":"https:\/\/bien-etreiris.ch\/de\/wp-json\/wp\/v2\/users\/1"}],"replies":[{"embeddable":true,"href":"https:\/\/bien-etreiris.ch\/de\/wp-json\/wp\/v2\/comments?post=40554"}],"version-history":[{"count":5,"href":"https:\/\/bien-etreiris.ch\/de\/wp-json\/wp\/v2\/pages\/40554\/revisions"}],"predecessor-version":[{"id":51918,"href":"https:\/\/bien-etreiris.ch\/de\/wp-json\/wp\/v2\/pages\/40554\/revisions\/51918"}],"up":[{"embeddable":true,"href":"https:\/\/bien-etreiris.ch\/de\/wp-json\/wp\/v2\/pages\/40469"}],"wp:featuredmedia":[{"embeddable":true,"href":"https:\/\/bien-etreiris.ch\/de\/wp-json\/wp\/v2\/media\/50905"}],"wp:attachment":[{"href":"https:\/\/bien-etreiris.ch\/de\/wp-json\/wp\/v2\/media?parent=40554"}],"curies":[{"name":"wp","href":"https:\/\/api.w.org\/{rel}","templated":true}]}}