{"id":40482,"date":"2021-03-22T07:23:47","date_gmt":"2021-03-22T07:23:47","guid":{"rendered":"https:\/\/bien-etreiris.ch\/?page_id=40482"},"modified":"2021-07-12T06:21:45","modified_gmt":"2021-07-12T04:21:45","slug":"was-ist-henna","status":"publish","type":"page","link":"https:\/\/bien-etreiris.ch\/de\/ratgeber-klarheit-beratung\/mehr-erfahren\/hygiene-und-koerperpflege\/haare\/ratgeber-fuers-haarfaerben\/was-ist-henna\/","title":{"rendered":"WAS IST HENNA ?"},"content":{"rendered":"<div id=\"collapse1\" class=\"panel-collapse in\">\n<div class=\"panel-body\">\n<p>Nat\u00fcrliches Henna ist ein Pflanzenfarbstoff, der aus den getrockneten Bl\u00e4ttern einer duftenden Pflanze gewonnen wird: Lawsonia Inermis, geh\u00f6rt zur Familie der Lythraceae. Haupts\u00e4chlich auf dem indischen Subkontinent und in Nordafrika beheimatet, w\u00e4chst \"nat\u00fcrliches\" Henna als gro\u00dfe Str\u00e4ucher oder Stauden in hei\u00dfen, trockenen Klimazonen. Es wird seit Tausenden von Jahren zum F\u00e4rben von Stoffen, Haaren und K\u00f6rperfarbe verwendet. Das r\u00f6tlich-orangefarbene Molek\u00fcl namens Lawsone wird aus den Bl\u00e4ttern extrahiert und als Pulver zur Herstellung einer Paste vermarktet. Wir finden auch das sogenannte \"neutrale\" Henna, aus Cassia Obovata, einer Pflanze aus der Familie der Cesalpiniacea. Hinweis: Es f\u00e4rbt nicht, sondern erm\u00f6glicht es, das Haar zu beschichten und zu st\u00e4rken. Es gibt auch F\u00e4rbepulver, die allein oder in Kombination mit Henna verwendet werden k\u00f6nnen, um eine nat\u00fcrliche F\u00e4rbung zu erhalten.<\/p>\n<p>(Beispiel: schwarzes Henna = nat\u00fcrliches Henna + Indigo + Amla).<\/p>\n<p>Der nat\u00fcrliche Farbstoff umh\u00fcllt das Haar und bildet einen Schutzmantel um das Haar. Die Pigmente der Pflanze werden nur auf den \u00e4u\u00dferen Schichten der Haarfaser fixiert (im Gegensatz zu chemischen F\u00e4rbemitteln) und die Farbe verblasst allm\u00e4hlich, ohne Abgrenzung oder zu kontrastreiche Wurzelwirkung.<\/p>\n<\/div>\n<\/div>\n","protected":false},"excerpt":{"rendered":"<p>Nat\u00fcrliches Henna ist ein Pflanzenfarbstoff, der aus den getrockneten Bl\u00e4ttern einer duftenden Pflanze gewonnen wird: Lawsonia Inermis, geh\u00f6rt zur Familie der Lythraceae. Haupts\u00e4chlich auf dem indischen Subkontinent und in Nordafrika beheimatet, w\u00e4chst \"nat\u00fcrliches\" Henna als gro\u00dfe Str\u00e4ucher oder Stauden in hei\u00dfen, trockenen Klimazonen. Es wird seit Tausenden von Jahren zum F\u00e4rben von Stoffen, Haaren und K\u00f6rperfarbe verwendet. Das r\u00f6tlich-orangefarbene Molek\u00fcl&nbsp;<a href=\"https:\/\/bien-etreiris.ch\/de\/ratgeber-klarheit-beratung\/mehr-erfahren\/hygiene-und-koerperpflege\/haare\/ratgeber-fuers-haarfaerben\/was-ist-henna\/\" class=\"read-more\">Weiter lesen<\/a><\/p>\n","protected":false},"author":1,"featured_media":50905,"parent":40469,"menu_order":6186,"comment_status":"closed","ping_status":"closed","template":"page-with-child.php","meta":{"_acf_changed":false,"ngg_post_thumbnail":0,"footnotes":""},"class_list":["post-40482","page","type-page","status-publish","has-post-thumbnail","hentry"],"acf":[],"yoast_head":"<!-- This site is optimized with the Yoast SEO plugin v27.6 - https:\/\/yoast.com\/product\/yoast-seo-wordpress\/ -->\n<title>WAS IST HENNA ? - WOHLBEFINDEN<\/title>\n<meta name=\"robots\" content=\"index, follow, max-snippet:-1, max-image-preview:large, max-video-preview:-1\" \/>\n<link rel=\"canonical\" href=\"https:\/\/bien-etreiris.ch\/de\/ratgeber-klarheit-beratung\/hygiene-und-koerperpflege\/haare\/ratgeber-fuers-haarfaerben\/was-ist-henna\/\" \/>\n<meta property=\"og:locale\" content=\"de_DE\" \/>\n<meta property=\"og:type\" content=\"article\" \/>\n<meta property=\"og:title\" content=\"WAS IST HENNA ? - WOHLBEFINDEN\" \/>\n<meta property=\"og:description\" content=\"Nat\u00fcrliches Henna ist ein Pflanzenfarbstoff, der aus den getrockneten Bl\u00e4ttern einer duftenden Pflanze gewonnen wird: Lawsonia Inermis, geh\u00f6rt zur Familie der Lythraceae. Haupts\u00e4chlich auf dem indischen Subkontinent und in Nordafrika beheimatet, w\u00e4chst &quot;nat\u00fcrliches&quot; Henna als gro\u00dfe Str\u00e4ucher oder Stauden in hei\u00dfen, trockenen Klimazonen. Es wird seit Tausenden von Jahren zum F\u00e4rben von Stoffen, Haaren und K\u00f6rperfarbe verwendet. Das r\u00f6tlich-orangefarbene Molek\u00fcl&nbsp;Weiter lesen\" \/>\n<meta property=\"og:url\" content=\"https:\/\/bien-etreiris.ch\/de\/ratgeber-klarheit-beratung\/hygiene-und-koerperpflege\/haare\/ratgeber-fuers-haarfaerben\/was-ist-henna\/\" \/>\n<meta property=\"og:site_name\" content=\"WOHLBEFINDEN\" \/>\n<meta property=\"article:publisher\" content=\"https:\/\/www.facebook.com\/bienetreiris\/\" \/>\n<meta property=\"article:modified_time\" content=\"2021-07-12T04:21:45+00:00\" \/>\n<meta property=\"og:image\" content=\"https:\/\/bien-etreiris.ch\/wp-content\/uploads\/2021\/06\/Acceuil-4.jpg\" \/>\n\t<meta property=\"og:image:width\" content=\"500\" \/>\n\t<meta property=\"og:image:height\" content=\"332\" \/>\n\t<meta property=\"og:image:type\" content=\"image\/jpeg\" \/>\n<meta name=\"twitter:label1\" content=\"Gesch\u00e4tzte Lesezeit\" \/>\n\t<meta name=\"twitter:data1\" content=\"1\u00a0Minute\" \/>\n<script type=\"application\/ld+json\" class=\"yoast-schema-graph\">{\"@context\":\"https:\\\/\\\/schema.org\",\"@graph\":[{\"@type\":\"WebPage\",\"@id\":\"https:\\\/\\\/bien-etreiris.ch\\\/de\\\/ratgeber-klarheit-beratung\\\/hygiene-und-koerperpflege\\\/haare\\\/ratgeber-fuers-haarfaerben\\\/was-ist-henna\\\/\",\"url\":\"https:\\\/\\\/bien-etreiris.ch\\\/de\\\/ratgeber-klarheit-beratung\\\/hygiene-und-koerperpflege\\\/haare\\\/ratgeber-fuers-haarfaerben\\\/was-ist-henna\\\/\",\"name\":\"WAS IST HENNA ? - WOHLBEFINDEN\",\"isPartOf\":{\"@id\":\"https:\\\/\\\/bien-etreiris.ch\\\/de\\\/#website\"},\"primaryImageOfPage\":{\"@id\":\"https:\\\/\\\/bien-etreiris.ch\\\/de\\\/ratgeber-klarheit-beratung\\\/hygiene-und-koerperpflege\\\/haare\\\/ratgeber-fuers-haarfaerben\\\/was-ist-henna\\\/#primaryimage\"},\"image\":{\"@id\":\"https:\\\/\\\/bien-etreiris.ch\\\/de\\\/ratgeber-klarheit-beratung\\\/hygiene-und-koerperpflege\\\/haare\\\/ratgeber-fuers-haarfaerben\\\/was-ist-henna\\\/#primaryimage\"},\"thumbnailUrl\":\"https:\\\/\\\/bien-etreiris.ch\\\/wp-content\\\/uploads\\\/2021\\\/06\\\/Acceuil-4.jpg\",\"datePublished\":\"2021-03-22T07:23:47+00:00\",\"dateModified\":\"2021-07-12T04:21:45+00:00\",\"breadcrumb\":{\"@id\":\"https:\\\/\\\/bien-etreiris.ch\\\/de\\\/ratgeber-klarheit-beratung\\\/hygiene-und-koerperpflege\\\/haare\\\/ratgeber-fuers-haarfaerben\\\/was-ist-henna\\\/#breadcrumb\"},\"inLanguage\":\"de\",\"potentialAction\":[{\"@type\":\"ReadAction\",\"target\":[\"https:\\\/\\\/bien-etreiris.ch\\\/de\\\/ratgeber-klarheit-beratung\\\/hygiene-und-koerperpflege\\\/haare\\\/ratgeber-fuers-haarfaerben\\\/was-ist-henna\\\/\"]}]},{\"@type\":\"ImageObject\",\"inLanguage\":\"de\",\"@id\":\"https:\\\/\\\/bien-etreiris.ch\\\/de\\\/ratgeber-klarheit-beratung\\\/hygiene-und-koerperpflege\\\/haare\\\/ratgeber-fuers-haarfaerben\\\/was-ist-henna\\\/#primaryimage\",\"url\":\"https:\\\/\\\/bien-etreiris.ch\\\/wp-content\\\/uploads\\\/2021\\\/06\\\/Acceuil-4.jpg\",\"contentUrl\":\"https:\\\/\\\/bien-etreiris.ch\\\/wp-content\\\/uploads\\\/2021\\\/06\\\/Acceuil-4.jpg\",\"width\":500,\"height\":332},{\"@type\":\"BreadcrumbList\",\"@id\":\"https:\\\/\\\/bien-etreiris.ch\\\/de\\\/ratgeber-klarheit-beratung\\\/hygiene-und-koerperpflege\\\/haare\\\/ratgeber-fuers-haarfaerben\\\/was-ist-henna\\\/#breadcrumb\",\"itemListElement\":[{\"@type\":\"ListItem\",\"position\":1,\"name\":\"Home\",\"item\":\"https:\\\/\\\/bien-etreiris.ch\\\/de\\\/\"},{\"@type\":\"ListItem\",\"position\":2,\"name\":\"RATGEBER &#038; KLARHEIT\",\"item\":\"https:\\\/\\\/bien-etreiris.ch\\\/de\\\/ratgeber-klarheit-beratung\\\/\"},{\"@type\":\"ListItem\",\"position\":3,\"name\":\"HYGIENE &#038; PFLEGE\",\"item\":\"https:\\\/\\\/bien-etreiris.ch\\\/de\\\/ratgeber-klarheit-beratung\\\/hygiene-und-koerperpflege\\\/\"},{\"@type\":\"ListItem\",\"position\":4,\"name\":\"HAARE\",\"item\":\"https:\\\/\\\/bien-etreiris.ch\\\/de\\\/ratgeber-klarheit-beratung\\\/hygiene-und-koerperpflege\\\/haare\\\/\"},{\"@type\":\"ListItem\",\"position\":5,\"name\":\"RATGEBER F\u00dcRS HAARF\u00c4RBEN\",\"item\":\"https:\\\/\\\/bien-etreiris.ch\\\/de\\\/ratgeber-klarheit-beratung\\\/hygiene-und-koerperpflege\\\/haare\\\/ratgeber-fuers-haarfaerben\\\/\"},{\"@type\":\"ListItem\",\"position\":6,\"name\":\"WAS IST HENNA ?\"}]},{\"@type\":\"WebSite\",\"@id\":\"https:\\\/\\\/bien-etreiris.ch\\\/de\\\/#website\",\"url\":\"https:\\\/\\\/bien-etreiris.ch\\\/de\\\/\",\"name\":\"Bien-\u00eatre Iris\",\"description\":\"IHRE Gesundheit ist uns wichtig\",\"potentialAction\":[{\"@type\":\"SearchAction\",\"target\":{\"@type\":\"EntryPoint\",\"urlTemplate\":\"https:\\\/\\\/bien-etreiris.ch\\\/de\\\/?s={search_term_string}\"},\"query-input\":{\"@type\":\"PropertyValueSpecification\",\"valueRequired\":true,\"valueName\":\"search_term_string\"}}],\"inLanguage\":\"de\"}]}<\/script>\n<!-- \/ Yoast SEO plugin. -->","yoast_head_json":{"title":"WAS IST HENNA ? - WOHLBEFINDEN","robots":{"index":"index","follow":"follow","max-snippet":"max-snippet:-1","max-image-preview":"max-image-preview:large","max-video-preview":"max-video-preview:-1"},"canonical":"https:\/\/bien-etreiris.ch\/de\/ratgeber-klarheit-beratung\/hygiene-und-koerperpflege\/haare\/ratgeber-fuers-haarfaerben\/was-ist-henna\/","og_locale":"de_DE","og_type":"article","og_title":"WAS IST HENNA ? - WOHLBEFINDEN","og_description":"Nat\u00fcrliches Henna ist ein Pflanzenfarbstoff, der aus den getrockneten Bl\u00e4ttern einer duftenden Pflanze gewonnen wird: Lawsonia Inermis, geh\u00f6rt zur Familie der Lythraceae. Haupts\u00e4chlich auf dem indischen Subkontinent und in Nordafrika beheimatet, w\u00e4chst \"nat\u00fcrliches\" Henna als gro\u00dfe Str\u00e4ucher oder Stauden in hei\u00dfen, trockenen Klimazonen. Es wird seit Tausenden von Jahren zum F\u00e4rben von Stoffen, Haaren und K\u00f6rperfarbe verwendet. Das r\u00f6tlich-orangefarbene Molek\u00fcl&nbsp;Weiter lesen","og_url":"https:\/\/bien-etreiris.ch\/de\/ratgeber-klarheit-beratung\/hygiene-und-koerperpflege\/haare\/ratgeber-fuers-haarfaerben\/was-ist-henna\/","og_site_name":"WOHLBEFINDEN","article_publisher":"https:\/\/www.facebook.com\/bienetreiris\/","article_modified_time":"2021-07-12T04:21:45+00:00","og_image":[{"width":500,"height":332,"url":"https:\/\/bien-etreiris.ch\/wp-content\/uploads\/2021\/06\/Acceuil-4.jpg","type":"image\/jpeg"}],"twitter_misc":{"Gesch\u00e4tzte Lesezeit":"1\u00a0Minute"},"schema":{"@context":"https:\/\/schema.org","@graph":[{"@type":"WebPage","@id":"https:\/\/bien-etreiris.ch\/de\/ratgeber-klarheit-beratung\/hygiene-und-koerperpflege\/haare\/ratgeber-fuers-haarfaerben\/was-ist-henna\/","url":"https:\/\/bien-etreiris.ch\/de\/ratgeber-klarheit-beratung\/hygiene-und-koerperpflege\/haare\/ratgeber-fuers-haarfaerben\/was-ist-henna\/","name":"WAS IST HENNA ? - WOHLBEFINDEN","isPartOf":{"@id":"https:\/\/bien-etreiris.ch\/de\/#website"},"primaryImageOfPage":{"@id":"https:\/\/bien-etreiris.ch\/de\/ratgeber-klarheit-beratung\/hygiene-und-koerperpflege\/haare\/ratgeber-fuers-haarfaerben\/was-ist-henna\/#primaryimage"},"image":{"@id":"https:\/\/bien-etreiris.ch\/de\/ratgeber-klarheit-beratung\/hygiene-und-koerperpflege\/haare\/ratgeber-fuers-haarfaerben\/was-ist-henna\/#primaryimage"},"thumbnailUrl":"https:\/\/bien-etreiris.ch\/wp-content\/uploads\/2021\/06\/Acceuil-4.jpg","datePublished":"2021-03-22T07:23:47+00:00","dateModified":"2021-07-12T04:21:45+00:00","breadcrumb":{"@id":"https:\/\/bien-etreiris.ch\/de\/ratgeber-klarheit-beratung\/hygiene-und-koerperpflege\/haare\/ratgeber-fuers-haarfaerben\/was-ist-henna\/#breadcrumb"},"inLanguage":"de","potentialAction":[{"@type":"ReadAction","target":["https:\/\/bien-etreiris.ch\/de\/ratgeber-klarheit-beratung\/hygiene-und-koerperpflege\/haare\/ratgeber-fuers-haarfaerben\/was-ist-henna\/"]}]},{"@type":"ImageObject","inLanguage":"de","@id":"https:\/\/bien-etreiris.ch\/de\/ratgeber-klarheit-beratung\/hygiene-und-koerperpflege\/haare\/ratgeber-fuers-haarfaerben\/was-ist-henna\/#primaryimage","url":"https:\/\/bien-etreiris.ch\/wp-content\/uploads\/2021\/06\/Acceuil-4.jpg","contentUrl":"https:\/\/bien-etreiris.ch\/wp-content\/uploads\/2021\/06\/Acceuil-4.jpg","width":500,"height":332},{"@type":"BreadcrumbList","@id":"https:\/\/bien-etreiris.ch\/de\/ratgeber-klarheit-beratung\/hygiene-und-koerperpflege\/haare\/ratgeber-fuers-haarfaerben\/was-ist-henna\/#breadcrumb","itemListElement":[{"@type":"ListItem","position":1,"name":"Home","item":"https:\/\/bien-etreiris.ch\/de\/"},{"@type":"ListItem","position":2,"name":"RATGEBER &#038; KLARHEIT","item":"https:\/\/bien-etreiris.ch\/de\/ratgeber-klarheit-beratung\/"},{"@type":"ListItem","position":3,"name":"HYGIENE &#038; PFLEGE","item":"https:\/\/bien-etreiris.ch\/de\/ratgeber-klarheit-beratung\/hygiene-und-koerperpflege\/"},{"@type":"ListItem","position":4,"name":"HAARE","item":"https:\/\/bien-etreiris.ch\/de\/ratgeber-klarheit-beratung\/hygiene-und-koerperpflege\/haare\/"},{"@type":"ListItem","position":5,"name":"RATGEBER F\u00dcRS HAARF\u00c4RBEN","item":"https:\/\/bien-etreiris.ch\/de\/ratgeber-klarheit-beratung\/hygiene-und-koerperpflege\/haare\/ratgeber-fuers-haarfaerben\/"},{"@type":"ListItem","position":6,"name":"WAS IST HENNA ?"}]},{"@type":"WebSite","@id":"https:\/\/bien-etreiris.ch\/de\/#website","url":"https:\/\/bien-etreiris.ch\/de\/","name":"Bien-\u00eatre Iris","description":"IHRE Gesundheit ist uns wichtig","potentialAction":[{"@type":"SearchAction","target":{"@type":"EntryPoint","urlTemplate":"https:\/\/bien-etreiris.ch\/de\/?s={search_term_string}"},"query-input":{"@type":"PropertyValueSpecification","valueRequired":true,"valueName":"search_term_string"}}],"inLanguage":"de"}]}},"_links":{"self":[{"href":"https:\/\/bien-etreiris.ch\/de\/wp-json\/wp\/v2\/pages\/40482","targetHints":{"allow":["GET"]}}],"collection":[{"href":"https:\/\/bien-etreiris.ch\/de\/wp-json\/wp\/v2\/pages"}],"about":[{"href":"https:\/\/bien-etreiris.ch\/de\/wp-json\/wp\/v2\/types\/page"}],"author":[{"embeddable":true,"href":"https:\/\/bien-etreiris.ch\/de\/wp-json\/wp\/v2\/users\/1"}],"replies":[{"embeddable":true,"href":"https:\/\/bien-etreiris.ch\/de\/wp-json\/wp\/v2\/comments?post=40482"}],"version-history":[{"count":4,"href":"https:\/\/bien-etreiris.ch\/de\/wp-json\/wp\/v2\/pages\/40482\/revisions"}],"predecessor-version":[{"id":51931,"href":"https:\/\/bien-etreiris.ch\/de\/wp-json\/wp\/v2\/pages\/40482\/revisions\/51931"}],"up":[{"embeddable":true,"href":"https:\/\/bien-etreiris.ch\/de\/wp-json\/wp\/v2\/pages\/40469"}],"wp:featuredmedia":[{"embeddable":true,"href":"https:\/\/bien-etreiris.ch\/de\/wp-json\/wp\/v2\/media\/50905"}],"wp:attachment":[{"href":"https:\/\/bien-etreiris.ch\/de\/wp-json\/wp\/v2\/media?parent=40482"}],"curies":[{"name":"wp","href":"https:\/\/api.w.org\/{rel}","templated":true}]}}