{"id":40419,"date":"2021-03-22T06:49:26","date_gmt":"2021-03-22T06:49:26","guid":{"rendered":"https:\/\/bien-etreiris.ch\/?page_id=40419"},"modified":"2021-08-17T04:19:46","modified_gmt":"2021-08-17T02:19:46","slug":"henne-brun-noir","status":"publish","type":"page","link":"https:\/\/bien-etreiris.ch\/de\/produktpraesentation\/natuerliche-kosmetik\/haarfaerbung\/henne-brun-noir\/","title":{"rendered":"HENNE BRUN"},"content":{"rendered":"\n<h2 class=\"wp-block-heading\">Henne brun<\/h2>\n\n\n<p><a href=\"https:\/\/decoiris.ch\/wp-content\/uploads\/2021\/03\/Henne-brun.png\"><img loading=\"lazy\" decoding=\"async\" class=\"size-medium wp-image-40412 alignleft\" src=\"https:\/\/decoiris.ch\/wp-content\/uploads\/2021\/03\/Henne-brun-300x300.png\" alt=\"\" width=\"300\" height=\"300\" srcset=\"https:\/\/bien-etreiris.ch\/wp-content\/uploads\/2021\/03\/Henne-brun-300x300.png 300w, https:\/\/bien-etreiris.ch\/wp-content\/uploads\/2021\/03\/Henne-brun-150x150.png 150w, https:\/\/bien-etreiris.ch\/wp-content\/uploads\/2021\/03\/Henne-brun.png 530w\" sizes=\"auto, (max-width: 300px) 100vw, 300px\" \/><\/a><\/p>\n<p>&nbsp;<\/p>\n<p>&nbsp;<\/p>\n<p>&nbsp;<\/p>\n<div class=\"text_accroche hidden-xs hidden-sm\">\n<p><strong>Pour cheveux bruns &amp; noirs<\/strong><\/p>\n<\/div>\n<div class=\"short_description_block hidden-xs hidden-sm\">\n<div id=\"short_description_content\" class=\"rte align_justify\">\n<p>Ravive les reflets naturels<br>Peut couvrir les cheveux blancs<br>Henn\u00e9 100% naturel<\/p>\n<p>250 g <strong>CHF 7.70<\/strong><\/p>\n<\/div>\n<\/div>\n<p>&nbsp;<\/p>\n<p>&nbsp;<\/p>\n<p>&nbsp;<\/p>\n<p>100% naturel, le <strong>Henn\u00e9 Brun<\/strong> Centifolia est un m\u00e9lange de Henn\u00e9 Naturel, d'Amla et d'Indigo. Il permet de raviver la couleur et r\u00e9hausse les reflets naturels des cheveux bruns \u00e0 <strong>noirs<\/strong>. Les cheveux sont gain\u00e9s, fortifi\u00e9s et brillants. Ce henn\u00e9 peut \u00e9galement couvrir les cheveux blancs s'ils repr\u00e9sentent moins de 20% de la chevelure totale. Sinon, nous vous conseillons de proc\u00e9der en 2 \u00e9tapes successives :<br>- une premi\u00e8re application de henn\u00e9 naturel avec un temps de pose court (vos cheveux blancs seront plut\u00f4t oranges)<br>- une seconde application avec le henn\u00e9 noir afin de neutraliser l\u2019aspect \u00ab orange \u00bb et obtenir une couleur brune.<\/p>\n<p>Ce henn\u00e9 est un m\u00e9lange de poudres obtenues \u00e0 partir des feuilles des diff\u00e9rentes plantes, r\u00e9colt\u00e9es manuellement et s\u00e9ch\u00e9es naturellement au soleil.<\/p>\n<p>Pour plus d'informations sur la coloration naturelle, n'h\u00e9sitez pas \u00e0 consulter <a href=\"https:\/\/bien-etreiris.ch\/de\/ratgeber-klarheit-beratung\/haut-haare-naegel\/ratgeber-fuers-haarfaerben\/\" target=\"_blank\" rel=\"noopener\">notre guide de la coloration naturelle<\/a>.<\/p>\n<p>Sachet avec fermeture par zip qui permet une meilleure conservation de la poudre.<\/p>\n<p>Emballage garanti sans phtalate ni Bisph\u00e9nol A. Produit non test\u00e9 sur les animaux conform\u00e9ment au r\u00e8glement cosm\u00e9tique 1223\/2009.<\/p>","protected":false},"excerpt":{"rendered":"<p>Henne brun &nbsp; &nbsp; &nbsp; Pour cheveux bruns &amp; noirs Ravive les reflets naturelsPeut couvrir les cheveux blancsHenn\u00e9 100% naturel 250 g CHF 7.70 &nbsp; &nbsp; &nbsp; 100% naturel, le Henn\u00e9 Brun Centifolia est un m\u00e9lange de Henn\u00e9 Naturel, d'Amla et d'Indigo. Il permet de raviver la couleur et r\u00e9hausse les reflets naturels des cheveux bruns \u00e0 noirs. Les cheveux&nbsp;<a href=\"https:\/\/bien-etreiris.ch\/de\/produktpraesentation\/natuerliche-kosmetik\/haarfaerbung\/henne-brun-noir\/\" class=\"read-more\">Weiter lesen<\/a><\/p>\n","protected":false},"author":1,"featured_media":40417,"parent":48304,"menu_order":6192,"comment_status":"closed","ping_status":"closed","template":"page-with-child.php","meta":{"_acf_changed":false,"ngg_post_thumbnail":0,"footnotes":""},"class_list":["post-40419","page","type-page","status-publish","has-post-thumbnail","hentry"],"acf":[],"yoast_head":"<!-- This site is optimized with the Yoast SEO plugin v27.3 - https:\/\/yoast.com\/product\/yoast-seo-wordpress\/ -->\n<title>HENNE BRUN - WOHLBEFINDEN<\/title>\n<meta name=\"robots\" content=\"index, follow, max-snippet:-1, max-image-preview:large, max-video-preview:-1\" \/>\n<link rel=\"canonical\" href=\"https:\/\/bien-etreiris.ch\/de\/produktpraesentation\/natuerliche-kosmetik\/haarfaerbung\/centifolia-haarfaerbung\/henne-brun-noir\/\" \/>\n<meta property=\"og:locale\" content=\"de_DE\" \/>\n<meta property=\"og:type\" content=\"article\" \/>\n<meta property=\"og:title\" content=\"HENNE BRUN - WOHLBEFINDEN\" \/>\n<meta property=\"og:description\" content=\"Henne brun &nbsp; &nbsp; &nbsp; Pour cheveux bruns &amp; noirs Ravive les reflets naturelsPeut couvrir les cheveux blancsHenn\u00e9 100% naturel 250 g CHF 7.70 &nbsp; &nbsp; &nbsp; 100% naturel, le Henn\u00e9 Brun Centifolia est un m\u00e9lange de Henn\u00e9 Naturel, d&#039;Amla et d&#039;Indigo. Il permet de raviver la couleur et r\u00e9hausse les reflets naturels des cheveux bruns \u00e0 noirs. Les cheveux&nbsp;Weiter lesen\" \/>\n<meta property=\"og:url\" content=\"https:\/\/bien-etreiris.ch\/de\/produktpraesentation\/natuerliche-kosmetik\/haarfaerbung\/centifolia-haarfaerbung\/henne-brun-noir\/\" \/>\n<meta property=\"og:site_name\" content=\"WOHLBEFINDEN\" \/>\n<meta property=\"article:publisher\" content=\"https:\/\/www.facebook.com\/bienetreiris\/\" \/>\n<meta property=\"article:modified_time\" content=\"2021-08-17T02:19:46+00:00\" \/>\n<meta property=\"og:image\" content=\"https:\/\/bien-etreiris.ch\/wp-content\/uploads\/2021\/03\/Henne-brun-noir.jpg\" \/>\n\t<meta property=\"og:image:width\" content=\"500\" \/>\n\t<meta property=\"og:image:height\" content=\"342\" \/>\n\t<meta property=\"og:image:type\" content=\"image\/jpeg\" \/>\n<meta name=\"twitter:label1\" content=\"Gesch\u00e4tzte Lesezeit\" \/>\n\t<meta name=\"twitter:data1\" content=\"1\u00a0Minute\" \/>\n<script type=\"application\/ld+json\" class=\"yoast-schema-graph\">{\"@context\":\"https:\\\/\\\/schema.org\",\"@graph\":[{\"@type\":\"WebPage\",\"@id\":\"https:\\\/\\\/bien-etreiris.ch\\\/de\\\/produktpraesentation\\\/natuerliche-kosmetik\\\/haarfaerbung\\\/centifolia-haarfaerbung\\\/henne-brun-noir\\\/\",\"url\":\"https:\\\/\\\/bien-etreiris.ch\\\/de\\\/produktpraesentation\\\/natuerliche-kosmetik\\\/haarfaerbung\\\/centifolia-haarfaerbung\\\/henne-brun-noir\\\/\",\"name\":\"HENNE BRUN - WOHLBEFINDEN\",\"isPartOf\":{\"@id\":\"https:\\\/\\\/bien-etreiris.ch\\\/de\\\/#website\"},\"primaryImageOfPage\":{\"@id\":\"https:\\\/\\\/bien-etreiris.ch\\\/de\\\/produktpraesentation\\\/natuerliche-kosmetik\\\/haarfaerbung\\\/centifolia-haarfaerbung\\\/henne-brun-noir\\\/#primaryimage\"},\"image\":{\"@id\":\"https:\\\/\\\/bien-etreiris.ch\\\/de\\\/produktpraesentation\\\/natuerliche-kosmetik\\\/haarfaerbung\\\/centifolia-haarfaerbung\\\/henne-brun-noir\\\/#primaryimage\"},\"thumbnailUrl\":\"https:\\\/\\\/bien-etreiris.ch\\\/wp-content\\\/uploads\\\/2021\\\/03\\\/Henne-brun-noir.jpg\",\"datePublished\":\"2021-03-22T06:49:26+00:00\",\"dateModified\":\"2021-08-17T02:19:46+00:00\",\"breadcrumb\":{\"@id\":\"https:\\\/\\\/bien-etreiris.ch\\\/de\\\/produktpraesentation\\\/natuerliche-kosmetik\\\/haarfaerbung\\\/centifolia-haarfaerbung\\\/henne-brun-noir\\\/#breadcrumb\"},\"inLanguage\":\"de\",\"potentialAction\":[{\"@type\":\"ReadAction\",\"target\":[\"https:\\\/\\\/bien-etreiris.ch\\\/de\\\/produktpraesentation\\\/natuerliche-kosmetik\\\/haarfaerbung\\\/centifolia-haarfaerbung\\\/henne-brun-noir\\\/\"]}]},{\"@type\":\"ImageObject\",\"inLanguage\":\"de\",\"@id\":\"https:\\\/\\\/bien-etreiris.ch\\\/de\\\/produktpraesentation\\\/natuerliche-kosmetik\\\/haarfaerbung\\\/centifolia-haarfaerbung\\\/henne-brun-noir\\\/#primaryimage\",\"url\":\"https:\\\/\\\/bien-etreiris.ch\\\/wp-content\\\/uploads\\\/2021\\\/03\\\/Henne-brun-noir.jpg\",\"contentUrl\":\"https:\\\/\\\/bien-etreiris.ch\\\/wp-content\\\/uploads\\\/2021\\\/03\\\/Henne-brun-noir.jpg\",\"width\":500,\"height\":342,\"caption\":\"250 g CHF 8.85\"},{\"@type\":\"BreadcrumbList\",\"@id\":\"https:\\\/\\\/bien-etreiris.ch\\\/de\\\/produktpraesentation\\\/natuerliche-kosmetik\\\/haarfaerbung\\\/centifolia-haarfaerbung\\\/henne-brun-noir\\\/#breadcrumb\",\"itemListElement\":[{\"@type\":\"ListItem\",\"position\":1,\"name\":\"Home\",\"item\":\"https:\\\/\\\/bien-etreiris.ch\\\/de\\\/\"},{\"@type\":\"ListItem\",\"position\":2,\"name\":\"PRODUKTPR\u00c4SENTATION\",\"item\":\"https:\\\/\\\/bien-etreiris.ch\\\/de\\\/produktpraesentation\\\/\"},{\"@type\":\"ListItem\",\"position\":3,\"name\":\"NAT\u00dcRLICHE KOSMETIK\",\"item\":\"https:\\\/\\\/bien-etreiris.ch\\\/de\\\/produktpraesentation\\\/natuerliche-kosmetik\\\/\"},{\"@type\":\"ListItem\",\"position\":4,\"name\":\"HAARF\u00c4RBUNG\",\"item\":\"https:\\\/\\\/bien-etreiris.ch\\\/de\\\/produktpraesentation\\\/natuerliche-kosmetik\\\/haarfaerbung\\\/\"},{\"@type\":\"ListItem\",\"position\":5,\"name\":\"CENTIFOLIA\",\"item\":\"https:\\\/\\\/bien-etreiris.ch\\\/de\\\/produktpraesentation\\\/natuerliche-kosmetik\\\/haarfaerbung\\\/centifolia-haarfaerbung\\\/\"},{\"@type\":\"ListItem\",\"position\":6,\"name\":\"HENNE BRUN\"}]},{\"@type\":\"WebSite\",\"@id\":\"https:\\\/\\\/bien-etreiris.ch\\\/de\\\/#website\",\"url\":\"https:\\\/\\\/bien-etreiris.ch\\\/de\\\/\",\"name\":\"Bien-\u00eatre Iris\",\"description\":\"IHRE Gesundheit ist uns wichtig\",\"potentialAction\":[{\"@type\":\"SearchAction\",\"target\":{\"@type\":\"EntryPoint\",\"urlTemplate\":\"https:\\\/\\\/bien-etreiris.ch\\\/de\\\/?s={search_term_string}\"},\"query-input\":{\"@type\":\"PropertyValueSpecification\",\"valueRequired\":true,\"valueName\":\"search_term_string\"}}],\"inLanguage\":\"de\"}]}<\/script>\n<!-- \/ Yoast SEO plugin. -->","yoast_head_json":{"title":"HENNE BRUN - WOHLBEFINDEN","robots":{"index":"index","follow":"follow","max-snippet":"max-snippet:-1","max-image-preview":"max-image-preview:large","max-video-preview":"max-video-preview:-1"},"canonical":"https:\/\/bien-etreiris.ch\/de\/produktpraesentation\/natuerliche-kosmetik\/haarfaerbung\/centifolia-haarfaerbung\/henne-brun-noir\/","og_locale":"de_DE","og_type":"article","og_title":"HENNE BRUN - WOHLBEFINDEN","og_description":"Henne brun &nbsp; &nbsp; &nbsp; Pour cheveux bruns &amp; noirs Ravive les reflets naturelsPeut couvrir les cheveux blancsHenn\u00e9 100% naturel 250 g CHF 7.70 &nbsp; &nbsp; &nbsp; 100% naturel, le Henn\u00e9 Brun Centifolia est un m\u00e9lange de Henn\u00e9 Naturel, d'Amla et d'Indigo. Il permet de raviver la couleur et r\u00e9hausse les reflets naturels des cheveux bruns \u00e0 noirs. Les cheveux&nbsp;Weiter lesen","og_url":"https:\/\/bien-etreiris.ch\/de\/produktpraesentation\/natuerliche-kosmetik\/haarfaerbung\/centifolia-haarfaerbung\/henne-brun-noir\/","og_site_name":"WOHLBEFINDEN","article_publisher":"https:\/\/www.facebook.com\/bienetreiris\/","article_modified_time":"2021-08-17T02:19:46+00:00","og_image":[{"width":500,"height":342,"url":"https:\/\/bien-etreiris.ch\/wp-content\/uploads\/2021\/03\/Henne-brun-noir.jpg","type":"image\/jpeg"}],"twitter_misc":{"Gesch\u00e4tzte Lesezeit":"1\u00a0Minute"},"schema":{"@context":"https:\/\/schema.org","@graph":[{"@type":"WebPage","@id":"https:\/\/bien-etreiris.ch\/de\/produktpraesentation\/natuerliche-kosmetik\/haarfaerbung\/centifolia-haarfaerbung\/henne-brun-noir\/","url":"https:\/\/bien-etreiris.ch\/de\/produktpraesentation\/natuerliche-kosmetik\/haarfaerbung\/centifolia-haarfaerbung\/henne-brun-noir\/","name":"HENNE BRUN - WOHLBEFINDEN","isPartOf":{"@id":"https:\/\/bien-etreiris.ch\/de\/#website"},"primaryImageOfPage":{"@id":"https:\/\/bien-etreiris.ch\/de\/produktpraesentation\/natuerliche-kosmetik\/haarfaerbung\/centifolia-haarfaerbung\/henne-brun-noir\/#primaryimage"},"image":{"@id":"https:\/\/bien-etreiris.ch\/de\/produktpraesentation\/natuerliche-kosmetik\/haarfaerbung\/centifolia-haarfaerbung\/henne-brun-noir\/#primaryimage"},"thumbnailUrl":"https:\/\/bien-etreiris.ch\/wp-content\/uploads\/2021\/03\/Henne-brun-noir.jpg","datePublished":"2021-03-22T06:49:26+00:00","dateModified":"2021-08-17T02:19:46+00:00","breadcrumb":{"@id":"https:\/\/bien-etreiris.ch\/de\/produktpraesentation\/natuerliche-kosmetik\/haarfaerbung\/centifolia-haarfaerbung\/henne-brun-noir\/#breadcrumb"},"inLanguage":"de","potentialAction":[{"@type":"ReadAction","target":["https:\/\/bien-etreiris.ch\/de\/produktpraesentation\/natuerliche-kosmetik\/haarfaerbung\/centifolia-haarfaerbung\/henne-brun-noir\/"]}]},{"@type":"ImageObject","inLanguage":"de","@id":"https:\/\/bien-etreiris.ch\/de\/produktpraesentation\/natuerliche-kosmetik\/haarfaerbung\/centifolia-haarfaerbung\/henne-brun-noir\/#primaryimage","url":"https:\/\/bien-etreiris.ch\/wp-content\/uploads\/2021\/03\/Henne-brun-noir.jpg","contentUrl":"https:\/\/bien-etreiris.ch\/wp-content\/uploads\/2021\/03\/Henne-brun-noir.jpg","width":500,"height":342,"caption":"250 g CHF 8.85"},{"@type":"BreadcrumbList","@id":"https:\/\/bien-etreiris.ch\/de\/produktpraesentation\/natuerliche-kosmetik\/haarfaerbung\/centifolia-haarfaerbung\/henne-brun-noir\/#breadcrumb","itemListElement":[{"@type":"ListItem","position":1,"name":"Home","item":"https:\/\/bien-etreiris.ch\/de\/"},{"@type":"ListItem","position":2,"name":"PRODUKTPR\u00c4SENTATION","item":"https:\/\/bien-etreiris.ch\/de\/produktpraesentation\/"},{"@type":"ListItem","position":3,"name":"NAT\u00dcRLICHE KOSMETIK","item":"https:\/\/bien-etreiris.ch\/de\/produktpraesentation\/natuerliche-kosmetik\/"},{"@type":"ListItem","position":4,"name":"HAARF\u00c4RBUNG","item":"https:\/\/bien-etreiris.ch\/de\/produktpraesentation\/natuerliche-kosmetik\/haarfaerbung\/"},{"@type":"ListItem","position":5,"name":"CENTIFOLIA","item":"https:\/\/bien-etreiris.ch\/de\/produktpraesentation\/natuerliche-kosmetik\/haarfaerbung\/centifolia-haarfaerbung\/"},{"@type":"ListItem","position":6,"name":"HENNE BRUN"}]},{"@type":"WebSite","@id":"https:\/\/bien-etreiris.ch\/de\/#website","url":"https:\/\/bien-etreiris.ch\/de\/","name":"Bien-\u00eatre Iris","description":"IHRE Gesundheit ist uns wichtig","potentialAction":[{"@type":"SearchAction","target":{"@type":"EntryPoint","urlTemplate":"https:\/\/bien-etreiris.ch\/de\/?s={search_term_string}"},"query-input":{"@type":"PropertyValueSpecification","valueRequired":true,"valueName":"search_term_string"}}],"inLanguage":"de"}]}},"_links":{"self":[{"href":"https:\/\/bien-etreiris.ch\/de\/wp-json\/wp\/v2\/pages\/40419","targetHints":{"allow":["GET"]}}],"collection":[{"href":"https:\/\/bien-etreiris.ch\/de\/wp-json\/wp\/v2\/pages"}],"about":[{"href":"https:\/\/bien-etreiris.ch\/de\/wp-json\/wp\/v2\/types\/page"}],"author":[{"embeddable":true,"href":"https:\/\/bien-etreiris.ch\/de\/wp-json\/wp\/v2\/users\/1"}],"replies":[{"embeddable":true,"href":"https:\/\/bien-etreiris.ch\/de\/wp-json\/wp\/v2\/comments?post=40419"}],"version-history":[{"count":7,"href":"https:\/\/bien-etreiris.ch\/de\/wp-json\/wp\/v2\/pages\/40419\/revisions"}],"predecessor-version":[{"id":53298,"href":"https:\/\/bien-etreiris.ch\/de\/wp-json\/wp\/v2\/pages\/40419\/revisions\/53298"}],"up":[{"embeddable":true,"href":"https:\/\/bien-etreiris.ch\/de\/wp-json\/wp\/v2\/pages\/48304"}],"wp:featuredmedia":[{"embeddable":true,"href":"https:\/\/bien-etreiris.ch\/de\/wp-json\/wp\/v2\/media\/40417"}],"wp:attachment":[{"href":"https:\/\/bien-etreiris.ch\/de\/wp-json\/wp\/v2\/media?parent=40419"}],"curies":[{"name":"wp","href":"https:\/\/api.w.org\/{rel}","templated":true}]}}