{"id":40366,"date":"2021-03-21T22:40:08","date_gmt":"2021-03-21T22:40:08","guid":{"rendered":"https:\/\/bien-etreiris.ch\/?page_id=40366"},"modified":"2021-06-02T10:57:23","modified_gmt":"2021-06-02T08:57:23","slug":"sacha-inchi-oel","status":"publish","type":"page","link":"https:\/\/bien-etreiris.ch\/de\/produktpraesentation\/aromatherapie\/kosmetisches-pflanzenoel\/sacha-inchi-oel\/","title":{"rendered":"SACHA-INCHI-\u00d6L"},"content":{"rendered":"<h2>&nbsp;<\/h2>\n<p><a href=\"https:\/\/decoiris.ch\/wp-content\/uploads\/2019\/07\/huile-de-sacha-inchi-Bio.png\"><img loading=\"lazy\" decoding=\"async\" class=\"wp-image-22905 alignleft\" src=\"https:\/\/decoiris.ch\/wp-content\/uploads\/2019\/07\/huile-de-sacha-inchi-Bio-300x300.png\" sizes=\"auto, (max-width: 255px) 100vw, 255px\" srcset=\"https:\/\/decoiris.ch\/wp-content\/uploads\/2019\/07\/huile-de-sacha-inchi-Bio-300x300.png 300w, https:\/\/decoiris.ch\/wp-content\/uploads\/2019\/07\/huile-de-sacha-inchi-Bio-150x150.png 150w, https:\/\/decoiris.ch\/wp-content\/uploads\/2019\/07\/huile-de-sacha-inchi-Bio-768x768.png 768w, https:\/\/decoiris.ch\/wp-content\/uploads\/2019\/07\/huile-de-sacha-inchi-Bio.png 800w\" alt=\"\" width=\"255\" height=\"255\"><\/a><\/p>\n<p>&nbsp;<\/p>\n<p>&nbsp;<\/p>\n<p><strong>100 ml CHF 18.00 en vrac<br \/>\n<\/strong><\/p>\n<p>Nom botanique: Plukenetia volublis<strong><br \/>\n<\/strong><\/p>\n<p><strong>100 % naturelle et pur<\/strong><\/p>\n<p><strong>CH - BIO 006<\/strong><\/p>\n<h4>&nbsp;<\/h4>\n<p>&nbsp;<\/p>\n<p>&nbsp;<\/p>\n<p>L'huile jaune dor\u00e9 avec la plus forte proportion connue d'acides gras om\u00e9ga-3 et om\u00e9ga-6 polyinsatur\u00e9s et de vitamine E r\u00e9tablit l'\u00e9quilibre naturel de la peau.<\/p>\n<p><a href=\"https:\/\/decoiris.ch\/wp-content\/uploads\/2019\/08\/huile-de-sacha-inchi-Seitenbild.jpg\"><img loading=\"lazy\" decoding=\"async\" class=\"alignleft wp-image-23974 size-medium\" src=\"https:\/\/decoiris.ch\/wp-content\/uploads\/2019\/08\/huile-de-sacha-inchi-Seitenbild-142x300.jpg\" sizes=\"auto, (max-width: 450px) 100vw, 450px\" srcset=\"https:\/\/decoiris.ch\/wp-content\/uploads\/2019\/08\/huile-de-sacha-inchi-Seitenbild.jpg 450w, https:\/\/decoiris.ch\/wp-content\/uploads\/2019\/08\/huile-de-sacha-inchi-Seitenbild-142x300.jpg 142w\" alt=\"\" width=\"142\" height=\"300\"><\/a><strong>Nom botanique<br \/>\n<\/strong>Plukenetia volublis<\/p>\n<p><strong>Hydratante et activatrice c\u00e9llulaire<\/strong><br \/>\nL'huile de Sacha lnchi avait \u00e9t\u00e9 cultiv\u00e9e il y a plusieurs si\u00e8cles par les habitants de la for\u00eat amazonienne et consid\u00e9r\u00e9e comme un soin de la peau. L'huile a une composition en acides gras \u00e9quilibr\u00e9e unique. Les acides gras hautement insatur\u00e9s tels que les om\u00e9ga-3 (acide linol\u00e9nique), les om\u00e9ga-6 (acide linol\u00e9ique) les om\u00e9ga-9 (acide ol\u00e9ique), ainsi que des phytost\u00e9rols pr\u00e9cieux avec une teneur \u00e9lev\u00e9e en vitamine E, ce qui permet l\u2019obtention d\u2019un tr\u00e8s large \u00e9ventail d'applications. De cette mani\u00e8re, l\u2019eau de Cologne r\u00e9g\u00e9n\u00e8re les peaux sensibles, stress\u00e9es et soutienne et procure beaucoup d\u2019hydratation \u00e0 la peau et aux cheveux. L'huile de Sacha lnchi soutient la peau lors du renouvellement cellulaire et retarde le processus de vieillissement de la peau (anti-\u00e2ge).<\/p>\n<p><strong>Application externe<\/strong><br \/>\nAppliquez comme huile de soin en fonction des besoins de la peau et des cheveux et la laisser agir. Nous recommandons l'application sur la peau et les cheveux essor\u00e9s \u00e0 la serviette pour que le pr\u00e9cieux l\u2019huile se r\u00e9tracte compl\u00e8tement.<\/p>\n<p><strong>Pays d'origine<\/strong><br \/>\nP\u00e9rou<\/p>\n<p><strong>R\u00e9cup\u00e9ration<\/strong><br \/>\n100% de graines de Sacha lnchi biologiques press\u00e9es \u00e0 froid.<\/p>\n<p><strong>Quantit\u00e9s<\/strong><br \/>\n75 ml 11000 ml<\/p>\n<p>&nbsp;<\/p>\n<p><strong>Prix<\/strong><\/p>\n<p><strong>&nbsp;&nbsp;&nbsp; <\/strong>75 ml CHF&nbsp;&nbsp; 19.00<\/p>\n<p>1000 ml CHF 155.00<\/p>\n","protected":false},"excerpt":{"rendered":"<p>&nbsp; &nbsp; &nbsp; 100 ml CHF 18.00 en vrac Nom botanique: Plukenetia volublis 100 % naturelle et pur CH - BIO 006 &nbsp; &nbsp; &nbsp; L'huile jaune dor\u00e9 avec la plus forte proportion connue d'acides gras om\u00e9ga-3 et om\u00e9ga-6 polyinsatur\u00e9s et de vitamine E r\u00e9tablit l'\u00e9quilibre naturel de la peau. Nom botanique Plukenetia volublis Hydratante et activatrice c\u00e9llulaire L'huile de&nbsp;<a href=\"https:\/\/bien-etreiris.ch\/de\/produktpraesentation\/aromatherapie\/kosmetisches-pflanzenoel\/sacha-inchi-oel\/\" class=\"read-more\">Weiter lesen<\/a><\/p>\n","protected":false},"author":1,"featured_media":41093,"parent":40125,"menu_order":6210,"comment_status":"closed","ping_status":"closed","template":"page-with-child.php","meta":{"_acf_changed":false,"ngg_post_thumbnail":0,"footnotes":""},"class_list":["post-40366","page","type-page","status-publish","has-post-thumbnail","hentry"],"acf":[],"yoast_head":"<!-- This site is optimized with the Yoast SEO plugin v27.6 - https:\/\/yoast.com\/product\/yoast-seo-wordpress\/ -->\n<title>SACHA-INCHI-\u00d6L - WOHLBEFINDEN<\/title>\n<meta name=\"robots\" content=\"index, follow, max-snippet:-1, max-image-preview:large, max-video-preview:-1\" \/>\n<link rel=\"canonical\" href=\"https:\/\/bien-etreiris.ch\/de\/produktpraesentation\/aromatherapie\/kosmetisches-pflanzenoel\/sacha-inchi-oel\/\" \/>\n<meta property=\"og:locale\" content=\"de_DE\" \/>\n<meta property=\"og:type\" content=\"article\" \/>\n<meta property=\"og:title\" content=\"SACHA-INCHI-\u00d6L - WOHLBEFINDEN\" \/>\n<meta property=\"og:description\" content=\"&nbsp; &nbsp; &nbsp; 100 ml CHF 18.00 en vrac Nom botanique: Plukenetia volublis 100 % naturelle et pur CH - BIO 006 &nbsp; &nbsp; &nbsp; L&#039;huile jaune dor\u00e9 avec la plus forte proportion connue d&#039;acides gras om\u00e9ga-3 et om\u00e9ga-6 polyinsatur\u00e9s et de vitamine E r\u00e9tablit l&#039;\u00e9quilibre naturel de la peau. Nom botanique Plukenetia volublis Hydratante et activatrice c\u00e9llulaire L&#039;huile de&nbsp;Weiter lesen\" \/>\n<meta property=\"og:url\" content=\"https:\/\/bien-etreiris.ch\/de\/produktpraesentation\/aromatherapie\/kosmetisches-pflanzenoel\/sacha-inchi-oel\/\" \/>\n<meta property=\"og:site_name\" content=\"WOHLBEFINDEN\" \/>\n<meta property=\"article:publisher\" content=\"https:\/\/www.facebook.com\/bienetreiris\/\" \/>\n<meta property=\"article:modified_time\" content=\"2021-06-02T08:57:23+00:00\" \/>\n<meta property=\"og:image\" content=\"https:\/\/bien-etreiris.ch\/wp-content\/uploads\/2021\/03\/acceuil-SACHA-INCHI.jpg\" \/>\n\t<meta property=\"og:image:width\" content=\"500\" \/>\n\t<meta property=\"og:image:height\" content=\"333\" \/>\n\t<meta property=\"og:image:type\" content=\"image\/jpeg\" \/>\n<meta name=\"twitter:label1\" content=\"Gesch\u00e4tzte Lesezeit\" \/>\n\t<meta name=\"twitter:data1\" content=\"2\u00a0Minuten\" \/>\n<script type=\"application\/ld+json\" class=\"yoast-schema-graph\">{\"@context\":\"https:\\\/\\\/schema.org\",\"@graph\":[{\"@type\":\"WebPage\",\"@id\":\"https:\\\/\\\/bien-etreiris.ch\\\/de\\\/produktpraesentation\\\/aromatherapie\\\/kosmetisches-pflanzenoel\\\/sacha-inchi-oel\\\/\",\"url\":\"https:\\\/\\\/bien-etreiris.ch\\\/de\\\/produktpraesentation\\\/aromatherapie\\\/kosmetisches-pflanzenoel\\\/sacha-inchi-oel\\\/\",\"name\":\"SACHA-INCHI-\u00d6L - WOHLBEFINDEN\",\"isPartOf\":{\"@id\":\"https:\\\/\\\/bien-etreiris.ch\\\/de\\\/#website\"},\"primaryImageOfPage\":{\"@id\":\"https:\\\/\\\/bien-etreiris.ch\\\/de\\\/produktpraesentation\\\/aromatherapie\\\/kosmetisches-pflanzenoel\\\/sacha-inchi-oel\\\/#primaryimage\"},\"image\":{\"@id\":\"https:\\\/\\\/bien-etreiris.ch\\\/de\\\/produktpraesentation\\\/aromatherapie\\\/kosmetisches-pflanzenoel\\\/sacha-inchi-oel\\\/#primaryimage\"},\"thumbnailUrl\":\"https:\\\/\\\/bien-etreiris.ch\\\/wp-content\\\/uploads\\\/2021\\\/03\\\/acceuil-SACHA-INCHI.jpg\",\"datePublished\":\"2021-03-21T22:40:08+00:00\",\"dateModified\":\"2021-06-02T08:57:23+00:00\",\"breadcrumb\":{\"@id\":\"https:\\\/\\\/bien-etreiris.ch\\\/de\\\/produktpraesentation\\\/aromatherapie\\\/kosmetisches-pflanzenoel\\\/sacha-inchi-oel\\\/#breadcrumb\"},\"inLanguage\":\"de\",\"potentialAction\":[{\"@type\":\"ReadAction\",\"target\":[\"https:\\\/\\\/bien-etreiris.ch\\\/de\\\/produktpraesentation\\\/aromatherapie\\\/kosmetisches-pflanzenoel\\\/sacha-inchi-oel\\\/\"]}]},{\"@type\":\"ImageObject\",\"inLanguage\":\"de\",\"@id\":\"https:\\\/\\\/bien-etreiris.ch\\\/de\\\/produktpraesentation\\\/aromatherapie\\\/kosmetisches-pflanzenoel\\\/sacha-inchi-oel\\\/#primaryimage\",\"url\":\"https:\\\/\\\/bien-etreiris.ch\\\/wp-content\\\/uploads\\\/2021\\\/03\\\/acceuil-SACHA-INCHI.jpg\",\"contentUrl\":\"https:\\\/\\\/bien-etreiris.ch\\\/wp-content\\\/uploads\\\/2021\\\/03\\\/acceuil-SACHA-INCHI.jpg\",\"width\":500,\"height\":333},{\"@type\":\"BreadcrumbList\",\"@id\":\"https:\\\/\\\/bien-etreiris.ch\\\/de\\\/produktpraesentation\\\/aromatherapie\\\/kosmetisches-pflanzenoel\\\/sacha-inchi-oel\\\/#breadcrumb\",\"itemListElement\":[{\"@type\":\"ListItem\",\"position\":1,\"name\":\"Home\",\"item\":\"https:\\\/\\\/bien-etreiris.ch\\\/de\\\/\"},{\"@type\":\"ListItem\",\"position\":2,\"name\":\"PRODUKTPR\u00c4SENTATION\",\"item\":\"https:\\\/\\\/bien-etreiris.ch\\\/de\\\/produktpraesentation\\\/\"},{\"@type\":\"ListItem\",\"position\":3,\"name\":\"AROMATHERAPIE\",\"item\":\"https:\\\/\\\/bien-etreiris.ch\\\/de\\\/produktpraesentation\\\/aromatherapie\\\/\"},{\"@type\":\"ListItem\",\"position\":4,\"name\":\"PFLANZEN\u00d6L\",\"item\":\"https:\\\/\\\/bien-etreiris.ch\\\/de\\\/produktpraesentation\\\/aromatherapie\\\/kosmetisches-pflanzenoel\\\/\"},{\"@type\":\"ListItem\",\"position\":5,\"name\":\"SACHA-INCHI-\u00d6L\"}]},{\"@type\":\"WebSite\",\"@id\":\"https:\\\/\\\/bien-etreiris.ch\\\/de\\\/#website\",\"url\":\"https:\\\/\\\/bien-etreiris.ch\\\/de\\\/\",\"name\":\"Bien-\u00eatre Iris\",\"description\":\"IHRE Gesundheit ist uns wichtig\",\"potentialAction\":[{\"@type\":\"SearchAction\",\"target\":{\"@type\":\"EntryPoint\",\"urlTemplate\":\"https:\\\/\\\/bien-etreiris.ch\\\/de\\\/?s={search_term_string}\"},\"query-input\":{\"@type\":\"PropertyValueSpecification\",\"valueRequired\":true,\"valueName\":\"search_term_string\"}}],\"inLanguage\":\"de\"}]}<\/script>\n<!-- \/ Yoast SEO plugin. -->","yoast_head_json":{"title":"SACHA-INCHI-\u00d6L - WOHLBEFINDEN","robots":{"index":"index","follow":"follow","max-snippet":"max-snippet:-1","max-image-preview":"max-image-preview:large","max-video-preview":"max-video-preview:-1"},"canonical":"https:\/\/bien-etreiris.ch\/de\/produktpraesentation\/aromatherapie\/kosmetisches-pflanzenoel\/sacha-inchi-oel\/","og_locale":"de_DE","og_type":"article","og_title":"SACHA-INCHI-\u00d6L - WOHLBEFINDEN","og_description":"&nbsp; &nbsp; &nbsp; 100 ml CHF 18.00 en vrac Nom botanique: Plukenetia volublis 100 % naturelle et pur CH - BIO 006 &nbsp; &nbsp; &nbsp; L'huile jaune dor\u00e9 avec la plus forte proportion connue d'acides gras om\u00e9ga-3 et om\u00e9ga-6 polyinsatur\u00e9s et de vitamine E r\u00e9tablit l'\u00e9quilibre naturel de la peau. Nom botanique Plukenetia volublis Hydratante et activatrice c\u00e9llulaire L'huile de&nbsp;Weiter lesen","og_url":"https:\/\/bien-etreiris.ch\/de\/produktpraesentation\/aromatherapie\/kosmetisches-pflanzenoel\/sacha-inchi-oel\/","og_site_name":"WOHLBEFINDEN","article_publisher":"https:\/\/www.facebook.com\/bienetreiris\/","article_modified_time":"2021-06-02T08:57:23+00:00","og_image":[{"width":500,"height":333,"url":"https:\/\/bien-etreiris.ch\/wp-content\/uploads\/2021\/03\/acceuil-SACHA-INCHI.jpg","type":"image\/jpeg"}],"twitter_misc":{"Gesch\u00e4tzte Lesezeit":"2\u00a0Minuten"},"schema":{"@context":"https:\/\/schema.org","@graph":[{"@type":"WebPage","@id":"https:\/\/bien-etreiris.ch\/de\/produktpraesentation\/aromatherapie\/kosmetisches-pflanzenoel\/sacha-inchi-oel\/","url":"https:\/\/bien-etreiris.ch\/de\/produktpraesentation\/aromatherapie\/kosmetisches-pflanzenoel\/sacha-inchi-oel\/","name":"SACHA-INCHI-\u00d6L - WOHLBEFINDEN","isPartOf":{"@id":"https:\/\/bien-etreiris.ch\/de\/#website"},"primaryImageOfPage":{"@id":"https:\/\/bien-etreiris.ch\/de\/produktpraesentation\/aromatherapie\/kosmetisches-pflanzenoel\/sacha-inchi-oel\/#primaryimage"},"image":{"@id":"https:\/\/bien-etreiris.ch\/de\/produktpraesentation\/aromatherapie\/kosmetisches-pflanzenoel\/sacha-inchi-oel\/#primaryimage"},"thumbnailUrl":"https:\/\/bien-etreiris.ch\/wp-content\/uploads\/2021\/03\/acceuil-SACHA-INCHI.jpg","datePublished":"2021-03-21T22:40:08+00:00","dateModified":"2021-06-02T08:57:23+00:00","breadcrumb":{"@id":"https:\/\/bien-etreiris.ch\/de\/produktpraesentation\/aromatherapie\/kosmetisches-pflanzenoel\/sacha-inchi-oel\/#breadcrumb"},"inLanguage":"de","potentialAction":[{"@type":"ReadAction","target":["https:\/\/bien-etreiris.ch\/de\/produktpraesentation\/aromatherapie\/kosmetisches-pflanzenoel\/sacha-inchi-oel\/"]}]},{"@type":"ImageObject","inLanguage":"de","@id":"https:\/\/bien-etreiris.ch\/de\/produktpraesentation\/aromatherapie\/kosmetisches-pflanzenoel\/sacha-inchi-oel\/#primaryimage","url":"https:\/\/bien-etreiris.ch\/wp-content\/uploads\/2021\/03\/acceuil-SACHA-INCHI.jpg","contentUrl":"https:\/\/bien-etreiris.ch\/wp-content\/uploads\/2021\/03\/acceuil-SACHA-INCHI.jpg","width":500,"height":333},{"@type":"BreadcrumbList","@id":"https:\/\/bien-etreiris.ch\/de\/produktpraesentation\/aromatherapie\/kosmetisches-pflanzenoel\/sacha-inchi-oel\/#breadcrumb","itemListElement":[{"@type":"ListItem","position":1,"name":"Home","item":"https:\/\/bien-etreiris.ch\/de\/"},{"@type":"ListItem","position":2,"name":"PRODUKTPR\u00c4SENTATION","item":"https:\/\/bien-etreiris.ch\/de\/produktpraesentation\/"},{"@type":"ListItem","position":3,"name":"AROMATHERAPIE","item":"https:\/\/bien-etreiris.ch\/de\/produktpraesentation\/aromatherapie\/"},{"@type":"ListItem","position":4,"name":"PFLANZEN\u00d6L","item":"https:\/\/bien-etreiris.ch\/de\/produktpraesentation\/aromatherapie\/kosmetisches-pflanzenoel\/"},{"@type":"ListItem","position":5,"name":"SACHA-INCHI-\u00d6L"}]},{"@type":"WebSite","@id":"https:\/\/bien-etreiris.ch\/de\/#website","url":"https:\/\/bien-etreiris.ch\/de\/","name":"Bien-\u00eatre Iris","description":"IHRE Gesundheit ist uns wichtig","potentialAction":[{"@type":"SearchAction","target":{"@type":"EntryPoint","urlTemplate":"https:\/\/bien-etreiris.ch\/de\/?s={search_term_string}"},"query-input":{"@type":"PropertyValueSpecification","valueRequired":true,"valueName":"search_term_string"}}],"inLanguage":"de"}]}},"_links":{"self":[{"href":"https:\/\/bien-etreiris.ch\/de\/wp-json\/wp\/v2\/pages\/40366","targetHints":{"allow":["GET"]}}],"collection":[{"href":"https:\/\/bien-etreiris.ch\/de\/wp-json\/wp\/v2\/pages"}],"about":[{"href":"https:\/\/bien-etreiris.ch\/de\/wp-json\/wp\/v2\/types\/page"}],"author":[{"embeddable":true,"href":"https:\/\/bien-etreiris.ch\/de\/wp-json\/wp\/v2\/users\/1"}],"replies":[{"embeddable":true,"href":"https:\/\/bien-etreiris.ch\/de\/wp-json\/wp\/v2\/comments?post=40366"}],"version-history":[{"count":3,"href":"https:\/\/bien-etreiris.ch\/de\/wp-json\/wp\/v2\/pages\/40366\/revisions"}],"predecessor-version":[{"id":48816,"href":"https:\/\/bien-etreiris.ch\/de\/wp-json\/wp\/v2\/pages\/40366\/revisions\/48816"}],"up":[{"embeddable":true,"href":"https:\/\/bien-etreiris.ch\/de\/wp-json\/wp\/v2\/pages\/40125"}],"wp:featuredmedia":[{"embeddable":true,"href":"https:\/\/bien-etreiris.ch\/de\/wp-json\/wp\/v2\/media\/41093"}],"wp:attachment":[{"href":"https:\/\/bien-etreiris.ch\/de\/wp-json\/wp\/v2\/media?parent=40366"}],"curies":[{"name":"wp","href":"https:\/\/api.w.org\/{rel}","templated":true}]}}