{"id":40350,"date":"2021-03-21T22:33:19","date_gmt":"2021-03-21T22:33:19","guid":{"rendered":"https:\/\/bien-etreiris.ch\/?page_id=40350"},"modified":"2021-06-02T10:56:12","modified_gmt":"2021-06-02T08:56:12","slug":"wildrosenoel","status":"publish","type":"page","link":"https:\/\/bien-etreiris.ch\/de\/produktpraesentation\/aromatherapie\/kosmetisches-pflanzenoel\/wildrosenoel\/","title":{"rendered":"WILDROSEN\u00d6L"},"content":{"rendered":"<div id=\"content\" class=\"span8 right right\" data-motopress-type=\"loop\" data-motopress-loop-file=\"loop\/loop-page.php\">\n<div id=\"post-22856\" class=\"page post-22856 type-page status-publish has-post-thumbnail hentry\">\n<h2>&nbsp;<\/h2>\n<p><a href=\"https:\/\/decoiris.ch\/wp-content\/uploads\/2019\/07\/Huile-de-rose-sauvage.png\"><img loading=\"lazy\" decoding=\"async\" class=\"wp-image-22926 size-medium alignleft\" src=\"https:\/\/decoiris.ch\/wp-content\/uploads\/2019\/07\/Huile-de-rose-sauvage-300x300.png\" sizes=\"auto, (max-width: 300px) 100vw, 300px\" srcset=\"https:\/\/decoiris.ch\/wp-content\/uploads\/2019\/07\/Huile-de-rose-sauvage-300x300.png 300w, https:\/\/decoiris.ch\/wp-content\/uploads\/2019\/07\/Huile-de-rose-sauvage-150x150.png 150w, https:\/\/decoiris.ch\/wp-content\/uploads\/2019\/07\/Huile-de-rose-sauvage.png 768w\" alt=\"\" width=\"300\" height=\"300\"><\/a><\/p>\n<p>&nbsp;<\/p>\n<p>&nbsp;<\/p>\n<p>&nbsp;<\/p>\n<p><strong>100 ml CHF 40.00 en vrac<br \/>\n<\/strong><\/p>\n<p>Nom botanique:&nbsp; Rosa canina<\/p>\n<p><strong>100 % naturelle et pur<\/strong><\/p>\n<p><strong>CH - BIO 006<\/strong><\/p>\n<h4>&nbsp;<\/h4>\n<p>&nbsp;<\/p>\n<p>&nbsp;<\/p>\n<p>L'huile de graine est riche en vitamine A, qui favorise la production de collag\u00e8ne de la peau et procure une hydratation \u00e9quilibr\u00e9e.<\/p>\n<div class=\"motopress-wrapper content-holder clearfix\">\n<div class=\"container\">\n<div class=\"row\">\n<div class=\"span12\" data-motopress-wrapper-file=\"page-fullwidth.php\" data-motopress-wrapper-type=\"content\">\n<div id=\"content\" class=\"row\">\n<div class=\"span12\" data-motopress-type=\"loop\" data-motopress-loop-file=\"loop\/loop-page.php\">\n<div id=\"post-24052\" class=\"page post-24052 type-page status-publish has-post-thumbnail hentry\">\n<p><a href=\"https:\/\/decoiris.ch\/wp-content\/uploads\/2019\/08\/Wildrosen\u00f6l-Seitentitel.jpg\"><img loading=\"lazy\" decoding=\"async\" class=\"alignleft wp-image-24053 size-medium\" src=\"https:\/\/decoiris.ch\/wp-content\/uploads\/2019\/08\/Wildrosen\u00f6l-Seitentitel-168x300.jpg\" sizes=\"auto, (max-width: 450px) 100vw, 450px\" srcset=\"https:\/\/decoiris.ch\/wp-content\/uploads\/2019\/08\/Wildrosen\u00f6l-Seitentitel.jpg 450w, https:\/\/decoiris.ch\/wp-content\/uploads\/2019\/08\/Wildrosen\u00f6l-Seitentitel-168x300.jpg 168w\" alt=\"\" width=\"168\" height=\"300\"><\/a><strong>Nom biologique<\/strong><\/p>\n<p>Rosa canina<\/p>\n<p><strong>R\u00e9g\u00e9n\u00e9rante et lissante<\/strong><br \/>\nL'huile de rose sauvage ou l'huile essentielle d'\u00e9glantier soutienne la peau pour stocker l'humidit\u00e9. C'est une excellente huile de r\u00e9g\u00e9n\u00e9ration, qui pr\u00e9sente \u00e9galement des effets positifs contre les taches pigmentaires et les cicatrices. L'huile de rose sauvage est un produit qui favori depuis longtemps Huile faciale anti-\u00e2ge.<\/p>\n<p><strong>Ingr\u00e9dients sp\u00e9ciaux<\/strong><br \/>\nL'huile de saule a une teneur tr\u00e8s \u00e9lev\u00e9e en acide alpha-linol\u00e9nique et en vitamine A - elle favoris\u00e9 la r\u00e9g\u00e9n\u00e9ration de la peau, r\u00e9gule la fonction glandulaire du s\u00e9bum et est \u00e9galement recommand\u00e9e en cas de peau s\u00e8che et squameuse.<\/p>\n<p><strong>Application externe<\/strong><br \/>\nAppliquz sur la peau, c'est un r\u00e9gal pour les peaux sensibles. Nous recommandons un m\u00e9lange, par exemple avec 20% d'huile de rose sauvage dans 80% d'huile d'amande.<\/p>\n<p><strong>Pays d'origine<\/strong><\/p>\n<p>Chili<\/p>\n<p><strong>Production<\/strong><\/p>\n<p>100% de graines de rose musqu\u00e9e biologique press\u00e9es \u00e0 froid<br \/>\n(Huile de graines de Rosa Moschata)<\/p>\n<p><strong>Prix<\/strong><\/p>\n<p>&nbsp;&nbsp;&nbsp; &nbsp;30 ml CHF&nbsp; &nbsp;24.50<\/p>\n<p>&nbsp;&nbsp; 250 ml CHF 102.00<\/p>\n<p>&nbsp;&nbsp; 500 ml CHF 184.00<\/p>\n<div class=\"clear\">&nbsp;<\/div>\n<\/div>\n<\/div>\n<\/div>\n<\/div>\n<\/div>\n<\/div>\n<\/div>\n<\/div>\n<\/div>\n","protected":false},"excerpt":{"rendered":"<p>&nbsp; &nbsp; &nbsp; &nbsp; 100 ml CHF 40.00 en vrac Nom botanique:&nbsp; Rosa canina 100 % naturelle et pur CH - BIO 006 &nbsp; &nbsp; &nbsp; L'huile de graine est riche en vitamine A, qui favorise la production de collag\u00e8ne de la peau et procure une hydratation \u00e9quilibr\u00e9e. Nom biologique Rosa canina R\u00e9g\u00e9n\u00e9rante et lissante L'huile de rose sauvage ou&nbsp;<a href=\"https:\/\/bien-etreiris.ch\/de\/produktpraesentation\/aromatherapie\/kosmetisches-pflanzenoel\/wildrosenoel\/\" class=\"read-more\">Weiter lesen<\/a><\/p>\n","protected":false},"author":1,"featured_media":41078,"parent":40125,"menu_order":6213,"comment_status":"closed","ping_status":"closed","template":"page-with-child.php","meta":{"_acf_changed":false,"ngg_post_thumbnail":0,"footnotes":""},"class_list":["post-40350","page","type-page","status-publish","has-post-thumbnail","hentry"],"acf":[],"yoast_head":"<!-- This site is optimized with the Yoast SEO plugin v27.6 - https:\/\/yoast.com\/product\/yoast-seo-wordpress\/ -->\n<title>WILDROSEN\u00d6L - WOHLBEFINDEN<\/title>\n<meta name=\"robots\" content=\"index, follow, max-snippet:-1, max-image-preview:large, max-video-preview:-1\" \/>\n<link rel=\"canonical\" href=\"https:\/\/bien-etreiris.ch\/de\/produktpraesentation\/aromatherapie\/kosmetisches-pflanzenoel\/wildrosenoel\/\" \/>\n<meta property=\"og:locale\" content=\"de_DE\" \/>\n<meta property=\"og:type\" content=\"article\" \/>\n<meta property=\"og:title\" content=\"WILDROSEN\u00d6L - WOHLBEFINDEN\" \/>\n<meta property=\"og:description\" content=\"&nbsp; &nbsp; &nbsp; &nbsp; 100 ml CHF 40.00 en vrac Nom botanique:&nbsp; Rosa canina 100 % naturelle et pur CH - BIO 006 &nbsp; &nbsp; &nbsp; L&#039;huile de graine est riche en vitamine A, qui favorise la production de collag\u00e8ne de la peau et procure une hydratation \u00e9quilibr\u00e9e. Nom biologique Rosa canina R\u00e9g\u00e9n\u00e9rante et lissante L&#039;huile de rose sauvage ou&nbsp;Weiter lesen\" \/>\n<meta property=\"og:url\" content=\"https:\/\/bien-etreiris.ch\/de\/produktpraesentation\/aromatherapie\/kosmetisches-pflanzenoel\/wildrosenoel\/\" \/>\n<meta property=\"og:site_name\" content=\"WOHLBEFINDEN\" \/>\n<meta property=\"article:publisher\" content=\"https:\/\/www.facebook.com\/bienetreiris\/\" \/>\n<meta property=\"article:modified_time\" content=\"2021-06-02T08:56:12+00:00\" \/>\n<meta property=\"og:image\" content=\"https:\/\/bien-etreiris.ch\/wp-content\/uploads\/2021\/03\/acceuil-rose-sauvage.jpg\" \/>\n\t<meta property=\"og:image:width\" content=\"500\" \/>\n\t<meta property=\"og:image:height\" content=\"333\" \/>\n\t<meta property=\"og:image:type\" content=\"image\/jpeg\" \/>\n<meta name=\"twitter:label1\" content=\"Gesch\u00e4tzte Lesezeit\" \/>\n\t<meta name=\"twitter:data1\" content=\"2\u00a0Minuten\" \/>\n<script type=\"application\/ld+json\" class=\"yoast-schema-graph\">{\"@context\":\"https:\\\/\\\/schema.org\",\"@graph\":[{\"@type\":\"WebPage\",\"@id\":\"https:\\\/\\\/bien-etreiris.ch\\\/de\\\/produktpraesentation\\\/aromatherapie\\\/kosmetisches-pflanzenoel\\\/wildrosenoel\\\/\",\"url\":\"https:\\\/\\\/bien-etreiris.ch\\\/de\\\/produktpraesentation\\\/aromatherapie\\\/kosmetisches-pflanzenoel\\\/wildrosenoel\\\/\",\"name\":\"WILDROSEN\u00d6L - WOHLBEFINDEN\",\"isPartOf\":{\"@id\":\"https:\\\/\\\/bien-etreiris.ch\\\/de\\\/#website\"},\"primaryImageOfPage\":{\"@id\":\"https:\\\/\\\/bien-etreiris.ch\\\/de\\\/produktpraesentation\\\/aromatherapie\\\/kosmetisches-pflanzenoel\\\/wildrosenoel\\\/#primaryimage\"},\"image\":{\"@id\":\"https:\\\/\\\/bien-etreiris.ch\\\/de\\\/produktpraesentation\\\/aromatherapie\\\/kosmetisches-pflanzenoel\\\/wildrosenoel\\\/#primaryimage\"},\"thumbnailUrl\":\"https:\\\/\\\/bien-etreiris.ch\\\/wp-content\\\/uploads\\\/2021\\\/03\\\/acceuil-rose-sauvage.jpg\",\"datePublished\":\"2021-03-21T22:33:19+00:00\",\"dateModified\":\"2021-06-02T08:56:12+00:00\",\"breadcrumb\":{\"@id\":\"https:\\\/\\\/bien-etreiris.ch\\\/de\\\/produktpraesentation\\\/aromatherapie\\\/kosmetisches-pflanzenoel\\\/wildrosenoel\\\/#breadcrumb\"},\"inLanguage\":\"de\",\"potentialAction\":[{\"@type\":\"ReadAction\",\"target\":[\"https:\\\/\\\/bien-etreiris.ch\\\/de\\\/produktpraesentation\\\/aromatherapie\\\/kosmetisches-pflanzenoel\\\/wildrosenoel\\\/\"]}]},{\"@type\":\"ImageObject\",\"inLanguage\":\"de\",\"@id\":\"https:\\\/\\\/bien-etreiris.ch\\\/de\\\/produktpraesentation\\\/aromatherapie\\\/kosmetisches-pflanzenoel\\\/wildrosenoel\\\/#primaryimage\",\"url\":\"https:\\\/\\\/bien-etreiris.ch\\\/wp-content\\\/uploads\\\/2021\\\/03\\\/acceuil-rose-sauvage.jpg\",\"contentUrl\":\"https:\\\/\\\/bien-etreiris.ch\\\/wp-content\\\/uploads\\\/2021\\\/03\\\/acceuil-rose-sauvage.jpg\",\"width\":500,\"height\":333},{\"@type\":\"BreadcrumbList\",\"@id\":\"https:\\\/\\\/bien-etreiris.ch\\\/de\\\/produktpraesentation\\\/aromatherapie\\\/kosmetisches-pflanzenoel\\\/wildrosenoel\\\/#breadcrumb\",\"itemListElement\":[{\"@type\":\"ListItem\",\"position\":1,\"name\":\"Home\",\"item\":\"https:\\\/\\\/bien-etreiris.ch\\\/de\\\/\"},{\"@type\":\"ListItem\",\"position\":2,\"name\":\"PRODUKTPR\u00c4SENTATION\",\"item\":\"https:\\\/\\\/bien-etreiris.ch\\\/de\\\/produktpraesentation\\\/\"},{\"@type\":\"ListItem\",\"position\":3,\"name\":\"AROMATHERAPIE\",\"item\":\"https:\\\/\\\/bien-etreiris.ch\\\/de\\\/produktpraesentation\\\/aromatherapie\\\/\"},{\"@type\":\"ListItem\",\"position\":4,\"name\":\"PFLANZEN\u00d6L\",\"item\":\"https:\\\/\\\/bien-etreiris.ch\\\/de\\\/produktpraesentation\\\/aromatherapie\\\/kosmetisches-pflanzenoel\\\/\"},{\"@type\":\"ListItem\",\"position\":5,\"name\":\"WILDROSEN\u00d6L\"}]},{\"@type\":\"WebSite\",\"@id\":\"https:\\\/\\\/bien-etreiris.ch\\\/de\\\/#website\",\"url\":\"https:\\\/\\\/bien-etreiris.ch\\\/de\\\/\",\"name\":\"Bien-\u00eatre Iris\",\"description\":\"IHRE Gesundheit ist uns wichtig\",\"potentialAction\":[{\"@type\":\"SearchAction\",\"target\":{\"@type\":\"EntryPoint\",\"urlTemplate\":\"https:\\\/\\\/bien-etreiris.ch\\\/de\\\/?s={search_term_string}\"},\"query-input\":{\"@type\":\"PropertyValueSpecification\",\"valueRequired\":true,\"valueName\":\"search_term_string\"}}],\"inLanguage\":\"de\"}]}<\/script>\n<!-- \/ Yoast SEO plugin. -->","yoast_head_json":{"title":"WILDROSEN\u00d6L - WOHLBEFINDEN","robots":{"index":"index","follow":"follow","max-snippet":"max-snippet:-1","max-image-preview":"max-image-preview:large","max-video-preview":"max-video-preview:-1"},"canonical":"https:\/\/bien-etreiris.ch\/de\/produktpraesentation\/aromatherapie\/kosmetisches-pflanzenoel\/wildrosenoel\/","og_locale":"de_DE","og_type":"article","og_title":"WILDROSEN\u00d6L - WOHLBEFINDEN","og_description":"&nbsp; &nbsp; &nbsp; &nbsp; 100 ml CHF 40.00 en vrac Nom botanique:&nbsp; Rosa canina 100 % naturelle et pur CH - BIO 006 &nbsp; &nbsp; &nbsp; L'huile de graine est riche en vitamine A, qui favorise la production de collag\u00e8ne de la peau et procure une hydratation \u00e9quilibr\u00e9e. Nom biologique Rosa canina R\u00e9g\u00e9n\u00e9rante et lissante L'huile de rose sauvage ou&nbsp;Weiter lesen","og_url":"https:\/\/bien-etreiris.ch\/de\/produktpraesentation\/aromatherapie\/kosmetisches-pflanzenoel\/wildrosenoel\/","og_site_name":"WOHLBEFINDEN","article_publisher":"https:\/\/www.facebook.com\/bienetreiris\/","article_modified_time":"2021-06-02T08:56:12+00:00","og_image":[{"width":500,"height":333,"url":"https:\/\/bien-etreiris.ch\/wp-content\/uploads\/2021\/03\/acceuil-rose-sauvage.jpg","type":"image\/jpeg"}],"twitter_misc":{"Gesch\u00e4tzte Lesezeit":"2\u00a0Minuten"},"schema":{"@context":"https:\/\/schema.org","@graph":[{"@type":"WebPage","@id":"https:\/\/bien-etreiris.ch\/de\/produktpraesentation\/aromatherapie\/kosmetisches-pflanzenoel\/wildrosenoel\/","url":"https:\/\/bien-etreiris.ch\/de\/produktpraesentation\/aromatherapie\/kosmetisches-pflanzenoel\/wildrosenoel\/","name":"WILDROSEN\u00d6L - WOHLBEFINDEN","isPartOf":{"@id":"https:\/\/bien-etreiris.ch\/de\/#website"},"primaryImageOfPage":{"@id":"https:\/\/bien-etreiris.ch\/de\/produktpraesentation\/aromatherapie\/kosmetisches-pflanzenoel\/wildrosenoel\/#primaryimage"},"image":{"@id":"https:\/\/bien-etreiris.ch\/de\/produktpraesentation\/aromatherapie\/kosmetisches-pflanzenoel\/wildrosenoel\/#primaryimage"},"thumbnailUrl":"https:\/\/bien-etreiris.ch\/wp-content\/uploads\/2021\/03\/acceuil-rose-sauvage.jpg","datePublished":"2021-03-21T22:33:19+00:00","dateModified":"2021-06-02T08:56:12+00:00","breadcrumb":{"@id":"https:\/\/bien-etreiris.ch\/de\/produktpraesentation\/aromatherapie\/kosmetisches-pflanzenoel\/wildrosenoel\/#breadcrumb"},"inLanguage":"de","potentialAction":[{"@type":"ReadAction","target":["https:\/\/bien-etreiris.ch\/de\/produktpraesentation\/aromatherapie\/kosmetisches-pflanzenoel\/wildrosenoel\/"]}]},{"@type":"ImageObject","inLanguage":"de","@id":"https:\/\/bien-etreiris.ch\/de\/produktpraesentation\/aromatherapie\/kosmetisches-pflanzenoel\/wildrosenoel\/#primaryimage","url":"https:\/\/bien-etreiris.ch\/wp-content\/uploads\/2021\/03\/acceuil-rose-sauvage.jpg","contentUrl":"https:\/\/bien-etreiris.ch\/wp-content\/uploads\/2021\/03\/acceuil-rose-sauvage.jpg","width":500,"height":333},{"@type":"BreadcrumbList","@id":"https:\/\/bien-etreiris.ch\/de\/produktpraesentation\/aromatherapie\/kosmetisches-pflanzenoel\/wildrosenoel\/#breadcrumb","itemListElement":[{"@type":"ListItem","position":1,"name":"Home","item":"https:\/\/bien-etreiris.ch\/de\/"},{"@type":"ListItem","position":2,"name":"PRODUKTPR\u00c4SENTATION","item":"https:\/\/bien-etreiris.ch\/de\/produktpraesentation\/"},{"@type":"ListItem","position":3,"name":"AROMATHERAPIE","item":"https:\/\/bien-etreiris.ch\/de\/produktpraesentation\/aromatherapie\/"},{"@type":"ListItem","position":4,"name":"PFLANZEN\u00d6L","item":"https:\/\/bien-etreiris.ch\/de\/produktpraesentation\/aromatherapie\/kosmetisches-pflanzenoel\/"},{"@type":"ListItem","position":5,"name":"WILDROSEN\u00d6L"}]},{"@type":"WebSite","@id":"https:\/\/bien-etreiris.ch\/de\/#website","url":"https:\/\/bien-etreiris.ch\/de\/","name":"Bien-\u00eatre Iris","description":"IHRE Gesundheit ist uns wichtig","potentialAction":[{"@type":"SearchAction","target":{"@type":"EntryPoint","urlTemplate":"https:\/\/bien-etreiris.ch\/de\/?s={search_term_string}"},"query-input":{"@type":"PropertyValueSpecification","valueRequired":true,"valueName":"search_term_string"}}],"inLanguage":"de"}]}},"_links":{"self":[{"href":"https:\/\/bien-etreiris.ch\/de\/wp-json\/wp\/v2\/pages\/40350","targetHints":{"allow":["GET"]}}],"collection":[{"href":"https:\/\/bien-etreiris.ch\/de\/wp-json\/wp\/v2\/pages"}],"about":[{"href":"https:\/\/bien-etreiris.ch\/de\/wp-json\/wp\/v2\/types\/page"}],"author":[{"embeddable":true,"href":"https:\/\/bien-etreiris.ch\/de\/wp-json\/wp\/v2\/users\/1"}],"replies":[{"embeddable":true,"href":"https:\/\/bien-etreiris.ch\/de\/wp-json\/wp\/v2\/comments?post=40350"}],"version-history":[{"count":5,"href":"https:\/\/bien-etreiris.ch\/de\/wp-json\/wp\/v2\/pages\/40350\/revisions"}],"predecessor-version":[{"id":48815,"href":"https:\/\/bien-etreiris.ch\/de\/wp-json\/wp\/v2\/pages\/40350\/revisions\/48815"}],"up":[{"embeddable":true,"href":"https:\/\/bien-etreiris.ch\/de\/wp-json\/wp\/v2\/pages\/40125"}],"wp:featuredmedia":[{"embeddable":true,"href":"https:\/\/bien-etreiris.ch\/de\/wp-json\/wp\/v2\/media\/41078"}],"wp:attachment":[{"href":"https:\/\/bien-etreiris.ch\/de\/wp-json\/wp\/v2\/media?parent=40350"}],"curies":[{"name":"wp","href":"https:\/\/api.w.org\/{rel}","templated":true}]}}