{"id":40341,"date":"2021-03-21T22:27:25","date_gmt":"2021-03-21T22:27:25","guid":{"rendered":"https:\/\/bien-etreiris.ch\/?page_id=40341"},"modified":"2021-06-02T10:55:14","modified_gmt":"2021-06-02T08:55:14","slug":"aprikosenkernoel","status":"publish","type":"page","link":"https:\/\/bien-etreiris.ch\/de\/produktpraesentation\/aromatherapie\/kosmetisches-pflanzenoel\/aprikosenkernoel\/","title":{"rendered":"APRIKOSENKERN\u00d6L"},"content":{"rendered":"<h2>&nbsp;<\/h2>\n<p><a href=\"https:\/\/decoiris.ch\/wp-content\/uploads\/2019\/07\/huile-de-noyaux-dabricot-BIO.png\"><img loading=\"lazy\" decoding=\"async\" class=\"wp-image-22899 alignleft\" src=\"https:\/\/decoiris.ch\/wp-content\/uploads\/2019\/07\/huile-de-noyaux-dabricot-BIO-300x300.png\" sizes=\"auto, (max-width: 255px) 100vw, 255px\" srcset=\"https:\/\/decoiris.ch\/wp-content\/uploads\/2019\/07\/huile-de-noyaux-dabricot-BIO-300x300.png 300w, https:\/\/decoiris.ch\/wp-content\/uploads\/2019\/07\/huile-de-noyaux-dabricot-BIO-150x150.png 150w, https:\/\/decoiris.ch\/wp-content\/uploads\/2019\/07\/huile-de-noyaux-dabricot-BIO-768x768.png 768w, https:\/\/decoiris.ch\/wp-content\/uploads\/2019\/07\/huile-de-noyaux-dabricot-BIO.png 800w\" alt=\"\" width=\"255\" height=\"255\"><\/a><\/p>\n<p>&nbsp;<\/p>\n<p>&nbsp;<\/p>\n<p><strong>100 ml CHF 13.00 en vrac<br \/>\n<\/strong><\/p>\n<p>Nom botanique: Prunus armeniaca<\/p>\n<p><strong>100 % naturelle et pur<\/strong><\/p>\n<p><strong>CH - BIO 006<\/strong><\/p>\n<h4>&nbsp;<\/h4>\n<p>&nbsp;<\/p>\n<p>&nbsp;<\/p>\n<p>&nbsp;<\/p>\n<p>L'huile d\u2019abricot est inodore, p\u00e9n\u00e8tre profond\u00e9ment soigne et nourrit la peau. Elle est particuli\u00e8rement bien tol\u00e9r\u00e9e et constitue donc la base id\u00e9ale pour les huiles de massage.<\/p>\n<p><a href=\"https:\/\/decoiris.ch\/wp-content\/uploads\/2019\/08\/huile-de-noix-dabricot-Seitenbild.jpg\"><img loading=\"lazy\" decoding=\"async\" class=\"alignleft wp-image-24063 size-medium\" src=\"https:\/\/decoiris.ch\/wp-content\/uploads\/2019\/08\/huile-de-noix-dabricot-Seitenbild-141x300.jpg\" alt=\"\" width=\"141\" height=\"300\" srcset=\"https:\/\/bien-etreiris.ch\/wp-content\/uploads\/2019\/08\/huile-de-noix-dabricot-Seitenbild-141x300.jpg 141w, https:\/\/bien-etreiris.ch\/wp-content\/uploads\/2019\/08\/huile-de-noix-dabricot-Seitenbild.jpg 450w\" sizes=\"auto, (max-width: 141px) 100vw, 141px\" \/><\/a><strong>Nom botanigque<br \/>\n<\/strong>Prunus armeniaca<\/p>\n<p><strong><br \/>\nNourrissant et r\u00e9g\u00e9n\u00e9rant<\/strong><br \/>\nL'huile du noyau d'abricot contienne une proportion \u00e9lev\u00e9e d'acides gras essentiels insatur\u00e9s et la pr\u00e9cieuse vitamine E ayant un effet antioxydant. Elle nourrit, r\u00e9g\u00e9n\u00e8re, raffermit la peau et resserre les tissus. Elle est tr\u00e8s bien tol\u00e9r\u00e9e, sent bon le massepain et maintient l'\u00e9quilibre de l'humidit\u00e9. La peau d\u00e9licate de b\u00e9b\u00e9 est trait\u00e9e avec soin. La r\u00e9g\u00e9n\u00e9ration des peaux gerc\u00e9es et s\u00e8ches est stimul\u00e9e. L'huile essentielle d'abricot revitalise et fait briller la peau p\u00e2le. L\u2019id\u00e9al soin de beaut\u00e9 pour le visage et le corps.<\/p>\n<p><strong>Ingr\u00e9dients sp\u00e9ciaux<\/strong><br \/>\nLes graisses essentielles insatur\u00e9es telles que l'acide linol\u00e9ique, l'acide ol\u00e9ique et les tocoph\u00e9rols caract\u00e9risent l'huile. La vitamine E agit, efficacement comme un \u00e9liminateur de radicaux.<\/p>\n<p><strong>Application externe<\/strong><br \/>\nCette huile soigne chaque visage, chaque peau et chaque cheveu.<\/p>\n<p>Astuce : appliquez finement le contour des yeux, car elle agit contre les rides des yeux.<\/p>\n<p><strong>Pays d'origine<\/strong><br \/>\nEspagne<\/p>\n<p><strong>R\u00e9cup\u00e9ration<\/strong><br \/>\n100% de noyaux d'abricots biologiques press\u00e9s \u00e0 froid (huile de noyau de Prunus Armeniaca)<\/p>\n<p><strong>Prix<\/strong><br \/>\n&nbsp;&nbsp;&nbsp; 75 ml CHF &nbsp;&nbsp;15.50<\/p>\n<p>&nbsp;&nbsp;500 ml CHF &nbsp;&nbsp;68.00<\/p>\n<p>1000 ml CHF 120.00<\/p>\n","protected":false},"excerpt":{"rendered":"<p>&nbsp; &nbsp; &nbsp; 100 ml CHF 13.00 en vrac Nom botanique: Prunus armeniaca 100 % naturelle et pur CH - BIO 006 &nbsp; &nbsp; &nbsp; &nbsp; L'huile d\u2019abricot est inodore, p\u00e9n\u00e8tre profond\u00e9ment soigne et nourrit la peau. Elle est particuli\u00e8rement bien tol\u00e9r\u00e9e et constitue donc la base id\u00e9ale pour les huiles de massage. Nom botanigque Prunus armeniaca Nourrissant et r\u00e9g\u00e9n\u00e9rant&nbsp;<a href=\"https:\/\/bien-etreiris.ch\/de\/produktpraesentation\/aromatherapie\/kosmetisches-pflanzenoel\/aprikosenkernoel\/\" class=\"read-more\">Weiter lesen<\/a><\/p>\n","protected":false},"author":1,"featured_media":41075,"parent":40125,"menu_order":6216,"comment_status":"closed","ping_status":"closed","template":"page-with-child.php","meta":{"_acf_changed":false,"ngg_post_thumbnail":0,"footnotes":""},"class_list":["post-40341","page","type-page","status-publish","has-post-thumbnail","hentry"],"acf":[],"yoast_head":"<!-- This site is optimized with the Yoast SEO plugin v27.6 - https:\/\/yoast.com\/product\/yoast-seo-wordpress\/ -->\n<title>APRIKOSENKERN\u00d6L - WOHLBEFINDEN<\/title>\n<meta name=\"robots\" content=\"index, follow, max-snippet:-1, max-image-preview:large, max-video-preview:-1\" \/>\n<link rel=\"canonical\" href=\"https:\/\/bien-etreiris.ch\/de\/produktpraesentation\/aromatherapie\/kosmetisches-pflanzenoel\/aprikosenkernoel\/\" \/>\n<meta property=\"og:locale\" content=\"de_DE\" \/>\n<meta property=\"og:type\" content=\"article\" \/>\n<meta property=\"og:title\" content=\"APRIKOSENKERN\u00d6L - WOHLBEFINDEN\" \/>\n<meta property=\"og:description\" content=\"&nbsp; &nbsp; &nbsp; 100 ml CHF 13.00 en vrac Nom botanique: Prunus armeniaca 100 % naturelle et pur CH - BIO 006 &nbsp; &nbsp; &nbsp; &nbsp; L&#039;huile d\u2019abricot est inodore, p\u00e9n\u00e8tre profond\u00e9ment soigne et nourrit la peau. Elle est particuli\u00e8rement bien tol\u00e9r\u00e9e et constitue donc la base id\u00e9ale pour les huiles de massage. Nom botanigque Prunus armeniaca Nourrissant et r\u00e9g\u00e9n\u00e9rant&nbsp;Weiter lesen\" \/>\n<meta property=\"og:url\" content=\"https:\/\/bien-etreiris.ch\/de\/produktpraesentation\/aromatherapie\/kosmetisches-pflanzenoel\/aprikosenkernoel\/\" \/>\n<meta property=\"og:site_name\" content=\"WOHLBEFINDEN\" \/>\n<meta property=\"article:publisher\" content=\"https:\/\/www.facebook.com\/bienetreiris\/\" \/>\n<meta property=\"article:modified_time\" content=\"2021-06-02T08:55:14+00:00\" \/>\n<meta property=\"og:image\" content=\"https:\/\/bien-etreiris.ch\/wp-content\/uploads\/2021\/03\/acceuil-apricot.jpg\" \/>\n\t<meta property=\"og:image:width\" content=\"500\" \/>\n\t<meta property=\"og:image:height\" content=\"333\" \/>\n\t<meta property=\"og:image:type\" content=\"image\/jpeg\" \/>\n<meta name=\"twitter:label1\" content=\"Gesch\u00e4tzte Lesezeit\" \/>\n\t<meta name=\"twitter:data1\" content=\"2\u00a0Minuten\" \/>\n<script type=\"application\/ld+json\" class=\"yoast-schema-graph\">{\"@context\":\"https:\\\/\\\/schema.org\",\"@graph\":[{\"@type\":\"WebPage\",\"@id\":\"https:\\\/\\\/bien-etreiris.ch\\\/de\\\/produktpraesentation\\\/aromatherapie\\\/kosmetisches-pflanzenoel\\\/aprikosenkernoel\\\/\",\"url\":\"https:\\\/\\\/bien-etreiris.ch\\\/de\\\/produktpraesentation\\\/aromatherapie\\\/kosmetisches-pflanzenoel\\\/aprikosenkernoel\\\/\",\"name\":\"APRIKOSENKERN\u00d6L - WOHLBEFINDEN\",\"isPartOf\":{\"@id\":\"https:\\\/\\\/bien-etreiris.ch\\\/de\\\/#website\"},\"primaryImageOfPage\":{\"@id\":\"https:\\\/\\\/bien-etreiris.ch\\\/de\\\/produktpraesentation\\\/aromatherapie\\\/kosmetisches-pflanzenoel\\\/aprikosenkernoel\\\/#primaryimage\"},\"image\":{\"@id\":\"https:\\\/\\\/bien-etreiris.ch\\\/de\\\/produktpraesentation\\\/aromatherapie\\\/kosmetisches-pflanzenoel\\\/aprikosenkernoel\\\/#primaryimage\"},\"thumbnailUrl\":\"https:\\\/\\\/bien-etreiris.ch\\\/wp-content\\\/uploads\\\/2021\\\/03\\\/acceuil-apricot.jpg\",\"datePublished\":\"2021-03-21T22:27:25+00:00\",\"dateModified\":\"2021-06-02T08:55:14+00:00\",\"breadcrumb\":{\"@id\":\"https:\\\/\\\/bien-etreiris.ch\\\/de\\\/produktpraesentation\\\/aromatherapie\\\/kosmetisches-pflanzenoel\\\/aprikosenkernoel\\\/#breadcrumb\"},\"inLanguage\":\"de\",\"potentialAction\":[{\"@type\":\"ReadAction\",\"target\":[\"https:\\\/\\\/bien-etreiris.ch\\\/de\\\/produktpraesentation\\\/aromatherapie\\\/kosmetisches-pflanzenoel\\\/aprikosenkernoel\\\/\"]}]},{\"@type\":\"ImageObject\",\"inLanguage\":\"de\",\"@id\":\"https:\\\/\\\/bien-etreiris.ch\\\/de\\\/produktpraesentation\\\/aromatherapie\\\/kosmetisches-pflanzenoel\\\/aprikosenkernoel\\\/#primaryimage\",\"url\":\"https:\\\/\\\/bien-etreiris.ch\\\/wp-content\\\/uploads\\\/2021\\\/03\\\/acceuil-apricot.jpg\",\"contentUrl\":\"https:\\\/\\\/bien-etreiris.ch\\\/wp-content\\\/uploads\\\/2021\\\/03\\\/acceuil-apricot.jpg\",\"width\":500,\"height\":333},{\"@type\":\"BreadcrumbList\",\"@id\":\"https:\\\/\\\/bien-etreiris.ch\\\/de\\\/produktpraesentation\\\/aromatherapie\\\/kosmetisches-pflanzenoel\\\/aprikosenkernoel\\\/#breadcrumb\",\"itemListElement\":[{\"@type\":\"ListItem\",\"position\":1,\"name\":\"Home\",\"item\":\"https:\\\/\\\/bien-etreiris.ch\\\/de\\\/\"},{\"@type\":\"ListItem\",\"position\":2,\"name\":\"PRODUKTPR\u00c4SENTATION\",\"item\":\"https:\\\/\\\/bien-etreiris.ch\\\/de\\\/produktpraesentation\\\/\"},{\"@type\":\"ListItem\",\"position\":3,\"name\":\"AROMATHERAPIE\",\"item\":\"https:\\\/\\\/bien-etreiris.ch\\\/de\\\/produktpraesentation\\\/aromatherapie\\\/\"},{\"@type\":\"ListItem\",\"position\":4,\"name\":\"PFLANZEN\u00d6L\",\"item\":\"https:\\\/\\\/bien-etreiris.ch\\\/de\\\/produktpraesentation\\\/aromatherapie\\\/kosmetisches-pflanzenoel\\\/\"},{\"@type\":\"ListItem\",\"position\":5,\"name\":\"APRIKOSENKERN\u00d6L\"}]},{\"@type\":\"WebSite\",\"@id\":\"https:\\\/\\\/bien-etreiris.ch\\\/de\\\/#website\",\"url\":\"https:\\\/\\\/bien-etreiris.ch\\\/de\\\/\",\"name\":\"Bien-\u00eatre Iris\",\"description\":\"IHRE Gesundheit ist uns wichtig\",\"potentialAction\":[{\"@type\":\"SearchAction\",\"target\":{\"@type\":\"EntryPoint\",\"urlTemplate\":\"https:\\\/\\\/bien-etreiris.ch\\\/de\\\/?s={search_term_string}\"},\"query-input\":{\"@type\":\"PropertyValueSpecification\",\"valueRequired\":true,\"valueName\":\"search_term_string\"}}],\"inLanguage\":\"de\"}]}<\/script>\n<!-- \/ Yoast SEO plugin. -->","yoast_head_json":{"title":"APRIKOSENKERN\u00d6L - WOHLBEFINDEN","robots":{"index":"index","follow":"follow","max-snippet":"max-snippet:-1","max-image-preview":"max-image-preview:large","max-video-preview":"max-video-preview:-1"},"canonical":"https:\/\/bien-etreiris.ch\/de\/produktpraesentation\/aromatherapie\/kosmetisches-pflanzenoel\/aprikosenkernoel\/","og_locale":"de_DE","og_type":"article","og_title":"APRIKOSENKERN\u00d6L - WOHLBEFINDEN","og_description":"&nbsp; &nbsp; &nbsp; 100 ml CHF 13.00 en vrac Nom botanique: Prunus armeniaca 100 % naturelle et pur CH - BIO 006 &nbsp; &nbsp; &nbsp; &nbsp; L'huile d\u2019abricot est inodore, p\u00e9n\u00e8tre profond\u00e9ment soigne et nourrit la peau. Elle est particuli\u00e8rement bien tol\u00e9r\u00e9e et constitue donc la base id\u00e9ale pour les huiles de massage. Nom botanigque Prunus armeniaca Nourrissant et r\u00e9g\u00e9n\u00e9rant&nbsp;Weiter lesen","og_url":"https:\/\/bien-etreiris.ch\/de\/produktpraesentation\/aromatherapie\/kosmetisches-pflanzenoel\/aprikosenkernoel\/","og_site_name":"WOHLBEFINDEN","article_publisher":"https:\/\/www.facebook.com\/bienetreiris\/","article_modified_time":"2021-06-02T08:55:14+00:00","og_image":[{"width":500,"height":333,"url":"https:\/\/bien-etreiris.ch\/wp-content\/uploads\/2021\/03\/acceuil-apricot.jpg","type":"image\/jpeg"}],"twitter_misc":{"Gesch\u00e4tzte Lesezeit":"2\u00a0Minuten"},"schema":{"@context":"https:\/\/schema.org","@graph":[{"@type":"WebPage","@id":"https:\/\/bien-etreiris.ch\/de\/produktpraesentation\/aromatherapie\/kosmetisches-pflanzenoel\/aprikosenkernoel\/","url":"https:\/\/bien-etreiris.ch\/de\/produktpraesentation\/aromatherapie\/kosmetisches-pflanzenoel\/aprikosenkernoel\/","name":"APRIKOSENKERN\u00d6L - WOHLBEFINDEN","isPartOf":{"@id":"https:\/\/bien-etreiris.ch\/de\/#website"},"primaryImageOfPage":{"@id":"https:\/\/bien-etreiris.ch\/de\/produktpraesentation\/aromatherapie\/kosmetisches-pflanzenoel\/aprikosenkernoel\/#primaryimage"},"image":{"@id":"https:\/\/bien-etreiris.ch\/de\/produktpraesentation\/aromatherapie\/kosmetisches-pflanzenoel\/aprikosenkernoel\/#primaryimage"},"thumbnailUrl":"https:\/\/bien-etreiris.ch\/wp-content\/uploads\/2021\/03\/acceuil-apricot.jpg","datePublished":"2021-03-21T22:27:25+00:00","dateModified":"2021-06-02T08:55:14+00:00","breadcrumb":{"@id":"https:\/\/bien-etreiris.ch\/de\/produktpraesentation\/aromatherapie\/kosmetisches-pflanzenoel\/aprikosenkernoel\/#breadcrumb"},"inLanguage":"de","potentialAction":[{"@type":"ReadAction","target":["https:\/\/bien-etreiris.ch\/de\/produktpraesentation\/aromatherapie\/kosmetisches-pflanzenoel\/aprikosenkernoel\/"]}]},{"@type":"ImageObject","inLanguage":"de","@id":"https:\/\/bien-etreiris.ch\/de\/produktpraesentation\/aromatherapie\/kosmetisches-pflanzenoel\/aprikosenkernoel\/#primaryimage","url":"https:\/\/bien-etreiris.ch\/wp-content\/uploads\/2021\/03\/acceuil-apricot.jpg","contentUrl":"https:\/\/bien-etreiris.ch\/wp-content\/uploads\/2021\/03\/acceuil-apricot.jpg","width":500,"height":333},{"@type":"BreadcrumbList","@id":"https:\/\/bien-etreiris.ch\/de\/produktpraesentation\/aromatherapie\/kosmetisches-pflanzenoel\/aprikosenkernoel\/#breadcrumb","itemListElement":[{"@type":"ListItem","position":1,"name":"Home","item":"https:\/\/bien-etreiris.ch\/de\/"},{"@type":"ListItem","position":2,"name":"PRODUKTPR\u00c4SENTATION","item":"https:\/\/bien-etreiris.ch\/de\/produktpraesentation\/"},{"@type":"ListItem","position":3,"name":"AROMATHERAPIE","item":"https:\/\/bien-etreiris.ch\/de\/produktpraesentation\/aromatherapie\/"},{"@type":"ListItem","position":4,"name":"PFLANZEN\u00d6L","item":"https:\/\/bien-etreiris.ch\/de\/produktpraesentation\/aromatherapie\/kosmetisches-pflanzenoel\/"},{"@type":"ListItem","position":5,"name":"APRIKOSENKERN\u00d6L"}]},{"@type":"WebSite","@id":"https:\/\/bien-etreiris.ch\/de\/#website","url":"https:\/\/bien-etreiris.ch\/de\/","name":"Bien-\u00eatre Iris","description":"IHRE Gesundheit ist uns wichtig","potentialAction":[{"@type":"SearchAction","target":{"@type":"EntryPoint","urlTemplate":"https:\/\/bien-etreiris.ch\/de\/?s={search_term_string}"},"query-input":{"@type":"PropertyValueSpecification","valueRequired":true,"valueName":"search_term_string"}}],"inLanguage":"de"}]}},"_links":{"self":[{"href":"https:\/\/bien-etreiris.ch\/de\/wp-json\/wp\/v2\/pages\/40341","targetHints":{"allow":["GET"]}}],"collection":[{"href":"https:\/\/bien-etreiris.ch\/de\/wp-json\/wp\/v2\/pages"}],"about":[{"href":"https:\/\/bien-etreiris.ch\/de\/wp-json\/wp\/v2\/types\/page"}],"author":[{"embeddable":true,"href":"https:\/\/bien-etreiris.ch\/de\/wp-json\/wp\/v2\/users\/1"}],"replies":[{"embeddable":true,"href":"https:\/\/bien-etreiris.ch\/de\/wp-json\/wp\/v2\/comments?post=40341"}],"version-history":[{"count":3,"href":"https:\/\/bien-etreiris.ch\/de\/wp-json\/wp\/v2\/pages\/40341\/revisions"}],"predecessor-version":[{"id":48814,"href":"https:\/\/bien-etreiris.ch\/de\/wp-json\/wp\/v2\/pages\/40341\/revisions\/48814"}],"up":[{"embeddable":true,"href":"https:\/\/bien-etreiris.ch\/de\/wp-json\/wp\/v2\/pages\/40125"}],"wp:featuredmedia":[{"embeddable":true,"href":"https:\/\/bien-etreiris.ch\/de\/wp-json\/wp\/v2\/media\/41075"}],"wp:attachment":[{"href":"https:\/\/bien-etreiris.ch\/de\/wp-json\/wp\/v2\/media?parent=40341"}],"curies":[{"name":"wp","href":"https:\/\/api.w.org\/{rel}","templated":true}]}}